{"id":232145,"date":"2026-01-06T18:19:53","date_gmt":"2026-01-06T17:19:53","guid":{"rendered":"https:\/\/shop.bantam.ch\/produit\/voile-dombrage-outwell-hillcrest-tarp-couleur-green\/"},"modified":"2026-04-22T23:53:29","modified_gmt":"2026-04-22T21:53:29","slug":"voile-dombrage-outwell-hillcrest-tarp-couleur-green","status":"publish","type":"product","link":"https:\/\/shop.bantam.ch\/fr\/produit\/voile-dombrage-outwell-hillcrest-tarp-couleur-green\/","title":{"rendered":"Voile d&rsquo;ombrage Outwell Hillcrest Tarp couleur green"},"content":{"rendered":"<p>Avec le tarp Hillcrest polyvalent d&rsquo;Outwell, les amateurs de plein air peuvent \u00e9quiper rapidement et facilement leur v\u00e9hicule d&rsquo;une protection visuelle et d&rsquo;un abri pr\u00e9cieux. Il peut \u00eatre fix\u00e9 dans le canal de moulure des auvents ou directement sur les rails du v\u00e9hicule et s\u00e9curis\u00e9 avec des haubans et des piquets. Il transforme rapidement un simple abri en un espace de vie pratique offrant ombre, protection et intimit\u00e9 \u00e0 l&rsquo;int\u00e9rieur du v\u00e9hicule lorsqu&rsquo;il est utilis\u00e9 du c\u00f4t\u00e9 des portes. De l&rsquo;autre c\u00f4t\u00e9, il offre de l&rsquo;ombre, particuli\u00e8rement utile pour le r\u00e9frig\u00e9rateur de la camionnette, et pr\u00e9serve ainsi la batterie. Les \u0153illets solides vous offrent la possibilit\u00e9 de le d\u00e9ployer avec ses tiges droites comme un auvent ou de l&rsquo;enrouler partiellement, en le s\u00e9curisant par des garrots tout en le prot\u00e9geant des \u00e9l\u00e9ments. Si vous le combinez avec le Fallcrest Side Panel Set, vous obtiendrez encore plus de protection et d&rsquo;intimit\u00e9.<\/p>\n<ul>\n<li>Produit Caring Choice. Soulager l&rsquo;environnement pas \u00e0 pas<\/li>\n<li>Peut \u00eatre fix\u00e9 sur des stores extensibles et d\u00e9roulables ou directement sur le v\u00e9hicule<\/li>\n<li>2 barres verticales incluses dans la livraison<\/li>\n<li>Faible poids et petite taille de rangement, s&rsquo;adapte parfaitement au hayon arri\u00e8re californien<\/li>\n<li>Offre ombre, protection et intimit\u00e9<\/li>\n<li>L&rsquo;angle par rapport au store ou au v\u00e9hicule peut \u00eatre r\u00e9gl\u00e9<\/li>\n<li>Peut \u00eatre partiellement ou compl\u00e8tement enroul\u00e9<\/li>\n<li>Rapide et facile \u00e0 installer et \u00e0 retirer<\/li>\n<\/ul>\n<p>Mat\u00e9riaux:<br \/>\nTente: 100 % polyester<br \/>\nArmature: acier<\/p>\n<p>\nContenu de la livraison:<br \/>\nInclus deux perches<\/p>\n","protected":false},"excerpt":{"rendered":"<p>Avec le tarp Hillcrest polyvalent d&rsquo;Outwell, les amateurs de plein air peuvent \u00e9quiper rapidement et facilement leur v\u00e9hicule d&rsquo;une protection visuelle et d&rsquo;un abri pr\u00e9cieux. Il peut \u00eatre fix\u00e9 dans le canal de moulure des auvents ou directement sur les rails du v\u00e9hicule et s\u00e9curis\u00e9 avec des haubans et des piquets. Il transforme rapidement un [&hellip;]<\/p>\n","protected":false},"featured_media":232135,"template":"","meta":{"_acf_changed":false},"product_featured_cat":[],"product_brand":[],"product_cat":[4251],"product_tag":[],"class_list":{"0":"post-232145","1":"product","2":"type-product","3":"status-publish","4":"has-post-thumbnail","6":"product_cat-voile-dombrage-pour-camping-cars","8":"first","9":"instock","10":"taxable","11":"shipping-taxable","12":"purchasable","13":"product-type-simple"},"acf":[],"yoast_head":"<!-- This site is optimized with the Yoast SEO plugin v27.4 - https:\/\/yoast.com\/product\/yoast-seo-wordpress\/ -->\n<title>Voile d&#039;ombrage Outwell Hillcrest Tarp couleur green - Bantam Wankm\u00fcller SA<\/title>\n<meta name=\"robots\" content=\"index, follow, max-snippet:-1, max-image-preview:large, max-video-preview:-1\" \/>\n<link rel=\"canonical\" href=\"https:\/\/shop.bantam.ch\/fr\/produit\/voile-dombrage-outwell-hillcrest-tarp-couleur-green\/\" \/>\n<meta property=\"og:locale\" content=\"fr_FR\" \/>\n<meta property=\"og:type\" content=\"article\" \/>\n<meta property=\"og:title\" content=\"Voile d&#039;ombrage Outwell Hillcrest Tarp couleur green - Bantam Wankm\u00fcller SA\" \/>\n<meta property=\"og:description\" content=\"Avec le tarp Hillcrest polyvalent d&rsquo;Outwell, les amateurs de plein air peuvent \u00e9quiper rapidement et facilement leur v\u00e9hicule d&rsquo;une protection visuelle et d&rsquo;un abri pr\u00e9cieux. Il peut \u00eatre fix\u00e9 dans le canal de moulure des auvents ou directement sur les rails du v\u00e9hicule et s\u00e9curis\u00e9 avec des haubans et des piquets. Il transforme rapidement un [&hellip;]\" \/>\n<meta property=\"og:url\" content=\"https:\/\/shop.bantam.ch\/fr\/produit\/voile-dombrage-outwell-hillcrest-tarp-couleur-green\/\" \/>\n<meta property=\"og:site_name\" content=\"Bantam Wankm\u00fcller SA\" \/>\n<meta property=\"article:modified_time\" content=\"2026-04-22T21:53:29+00:00\" \/>\n<meta name=\"twitter:card\" content=\"summary_large_image\" \/>\n<meta name=\"twitter:label1\" content=\"Dur\u00e9e de lecture estim\u00e9e\" \/>\n\t<meta name=\"twitter:data1\" content=\"1 minute\" \/>\n<script type=\"application\/ld+json\" class=\"yoast-schema-graph\">{\"@context\":\"https:\\\/\\\/schema.org\",\"@graph\":[{\"@type\":\"WebPage\",\"@id\":\"https:\\\/\\\/shop.bantam.ch\\\/fr\\\/produit\\\/voile-dombrage-outwell-hillcrest-tarp-couleur-green\\\/\",\"url\":\"https:\\\/\\\/shop.bantam.ch\\\/fr\\\/produit\\\/voile-dombrage-outwell-hillcrest-tarp-couleur-green\\\/\",\"name\":\"Voile d'ombrage Outwell Hillcrest Tarp couleur green - Bantam Wankm\u00fcller SA\",\"isPartOf\":{\"@id\":\"https:\\\/\\\/shop.bantam.ch\\\/fr\\\/#website\"},\"primaryImageOfPage\":{\"@id\":\"https:\\\/\\\/shop.bantam.ch\\\/fr\\\/produit\\\/voile-dombrage-outwell-hillcrest-tarp-couleur-green\\\/#primaryimage\"},\"image\":{\"@id\":\"https:\\\/\\\/shop.bantam.ch\\\/fr\\\/produit\\\/voile-dombrage-outwell-hillcrest-tarp-couleur-green\\\/#primaryimage\"},\"thumbnailUrl\":\"https:\\\/\\\/shop.bantam.ch\\\/wp-content\\\/uploads\\\/2026\\\/01\\\/Movera-L-9971054100.jpg\",\"datePublished\":\"2026-01-06T17:19:53+00:00\",\"dateModified\":\"2026-04-22T21:53:29+00:00\",\"breadcrumb\":{\"@id\":\"https:\\\/\\\/shop.bantam.ch\\\/fr\\\/produit\\\/voile-dombrage-outwell-hillcrest-tarp-couleur-green\\\/#breadcrumb\"},\"inLanguage\":\"fr-FR\",\"potentialAction\":[{\"@type\":\"ReadAction\",\"target\":[\"https:\\\/\\\/shop.bantam.ch\\\/fr\\\/produit\\\/voile-dombrage-outwell-hillcrest-tarp-couleur-green\\\/\"]}]},{\"@type\":\"ImageObject\",\"inLanguage\":\"fr-FR\",\"@id\":\"https:\\\/\\\/shop.bantam.ch\\\/fr\\\/produit\\\/voile-dombrage-outwell-hillcrest-tarp-couleur-green\\\/#primaryimage\",\"url\":\"https:\\\/\\\/shop.bantam.ch\\\/wp-content\\\/uploads\\\/2026\\\/01\\\/Movera-L-9971054100.jpg\",\"contentUrl\":\"https:\\\/\\\/shop.bantam.ch\\\/wp-content\\\/uploads\\\/2026\\\/01\\\/Movera-L-9971054100.jpg\",\"width\":640,\"height\":360},{\"@type\":\"BreadcrumbList\",\"@id\":\"https:\\\/\\\/shop.bantam.ch\\\/fr\\\/produit\\\/voile-dombrage-outwell-hillcrest-tarp-couleur-green\\\/#breadcrumb\",\"itemListElement\":[{\"@type\":\"ListItem\",\"position\":1,\"name\":\"Accueil\",\"item\":\"https:\\\/\\\/shop.bantam.ch\\\/fr\\\/\"},{\"@type\":\"ListItem\",\"position\":2,\"name\":\"Boutique\",\"item\":\"https:\\\/\\\/shop.bantam.ch\\\/fr\\\/boutique\\\/\"},{\"@type\":\"ListItem\",\"position\":3,\"name\":\"Voile d&rsquo;ombrage Outwell Hillcrest Tarp couleur green\"}]},{\"@type\":\"WebSite\",\"@id\":\"https:\\\/\\\/shop.bantam.ch\\\/fr\\\/#website\",\"url\":\"https:\\\/\\\/shop.bantam.ch\\\/fr\\\/\",\"name\":\"Bantam Wankm\u00fcller SA\",\"description\":\"\",\"publisher\":{\"@id\":\"https:\\\/\\\/shop.bantam.ch\\\/fr\\\/#organization\"},\"inLanguage\":\"fr-FR\"},{\"@type\":\"Organization\",\"@id\":\"https:\\\/\\\/shop.bantam.ch\\\/fr\\\/#organization\",\"name\":\"Bantam Wankm\u00fcller SA\",\"url\":\"https:\\\/\\\/shop.bantam.ch\\\/fr\\\/\",\"logo\":{\"@type\":\"ImageObject\",\"inLanguage\":\"fr-FR\",\"@id\":\"https:\\\/\\\/shop.bantam.ch\\\/fr\\\/#\\\/schema\\\/logo\\\/image\\\/\",\"url\":\"https:\\\/\\\/shop.bantam.ch\\\/wp-content\\\/uploads\\\/2022\\\/12\\\/bantam-logo.png\",\"contentUrl\":\"https:\\\/\\\/shop.bantam.ch\\\/wp-content\\\/uploads\\\/2022\\\/12\\\/bantam-logo.png\",\"width\":320,\"height\":71,\"caption\":\"Bantam Wankm\u00fcller SA\"},\"image\":{\"@id\":\"https:\\\/\\\/shop.bantam.ch\\\/fr\\\/#\\\/schema\\\/logo\\\/image\\\/\"}}]}<\/script>\n<!-- \/ Yoast SEO plugin. -->","yoast_head_json":{"title":"Voile d'ombrage Outwell Hillcrest Tarp couleur green - Bantam Wankm\u00fcller SA","robots":{"index":"index","follow":"follow","max-snippet":"max-snippet:-1","max-image-preview":"max-image-preview:large","max-video-preview":"max-video-preview:-1"},"canonical":"https:\/\/shop.bantam.ch\/fr\/produit\/voile-dombrage-outwell-hillcrest-tarp-couleur-green\/","og_locale":"fr_FR","og_type":"article","og_title":"Voile d'ombrage Outwell Hillcrest Tarp couleur green - Bantam Wankm\u00fcller SA","og_description":"Avec le tarp Hillcrest polyvalent d&rsquo;Outwell, les amateurs de plein air peuvent \u00e9quiper rapidement et facilement leur v\u00e9hicule d&rsquo;une protection visuelle et d&rsquo;un abri pr\u00e9cieux. Il peut \u00eatre fix\u00e9 dans le canal de moulure des auvents ou directement sur les rails du v\u00e9hicule et s\u00e9curis\u00e9 avec des haubans et des piquets. Il transforme rapidement un [&hellip;]","og_url":"https:\/\/shop.bantam.ch\/fr\/produit\/voile-dombrage-outwell-hillcrest-tarp-couleur-green\/","og_site_name":"Bantam Wankm\u00fcller SA","article_modified_time":"2026-04-22T21:53:29+00:00","twitter_card":"summary_large_image","twitter_misc":{"Dur\u00e9e de lecture estim\u00e9e":"1 minute"},"schema":{"@context":"https:\/\/schema.org","@graph":[{"@type":"WebPage","@id":"https:\/\/shop.bantam.ch\/fr\/produit\/voile-dombrage-outwell-hillcrest-tarp-couleur-green\/","url":"https:\/\/shop.bantam.ch\/fr\/produit\/voile-dombrage-outwell-hillcrest-tarp-couleur-green\/","name":"Voile d'ombrage Outwell Hillcrest Tarp couleur green - Bantam Wankm\u00fcller SA","isPartOf":{"@id":"https:\/\/shop.bantam.ch\/fr\/#website"},"primaryImageOfPage":{"@id":"https:\/\/shop.bantam.ch\/fr\/produit\/voile-dombrage-outwell-hillcrest-tarp-couleur-green\/#primaryimage"},"image":{"@id":"https:\/\/shop.bantam.ch\/fr\/produit\/voile-dombrage-outwell-hillcrest-tarp-couleur-green\/#primaryimage"},"thumbnailUrl":"https:\/\/shop.bantam.ch\/wp-content\/uploads\/2026\/01\/Movera-L-9971054100.jpg","datePublished":"2026-01-06T17:19:53+00:00","dateModified":"2026-04-22T21:53:29+00:00","breadcrumb":{"@id":"https:\/\/shop.bantam.ch\/fr\/produit\/voile-dombrage-outwell-hillcrest-tarp-couleur-green\/#breadcrumb"},"inLanguage":"fr-FR","potentialAction":[{"@type":"ReadAction","target":["https:\/\/shop.bantam.ch\/fr\/produit\/voile-dombrage-outwell-hillcrest-tarp-couleur-green\/"]}]},{"@type":"ImageObject","inLanguage":"fr-FR","@id":"https:\/\/shop.bantam.ch\/fr\/produit\/voile-dombrage-outwell-hillcrest-tarp-couleur-green\/#primaryimage","url":"https:\/\/shop.bantam.ch\/wp-content\/uploads\/2026\/01\/Movera-L-9971054100.jpg","contentUrl":"https:\/\/shop.bantam.ch\/wp-content\/uploads\/2026\/01\/Movera-L-9971054100.jpg","width":640,"height":360},{"@type":"BreadcrumbList","@id":"https:\/\/shop.bantam.ch\/fr\/produit\/voile-dombrage-outwell-hillcrest-tarp-couleur-green\/#breadcrumb","itemListElement":[{"@type":"ListItem","position":1,"name":"Accueil","item":"https:\/\/shop.bantam.ch\/fr\/"},{"@type":"ListItem","position":2,"name":"Boutique","item":"https:\/\/shop.bantam.ch\/fr\/boutique\/"},{"@type":"ListItem","position":3,"name":"Voile d&rsquo;ombrage Outwell Hillcrest Tarp couleur green"}]},{"@type":"WebSite","@id":"https:\/\/shop.bantam.ch\/fr\/#website","url":"https:\/\/shop.bantam.ch\/fr\/","name":"Bantam Wankm\u00fcller SA","description":"","publisher":{"@id":"https:\/\/shop.bantam.ch\/fr\/#organization"},"inLanguage":"fr-FR"},{"@type":"Organization","@id":"https:\/\/shop.bantam.ch\/fr\/#organization","name":"Bantam Wankm\u00fcller SA","url":"https:\/\/shop.bantam.ch\/fr\/","logo":{"@type":"ImageObject","inLanguage":"fr-FR","@id":"https:\/\/shop.bantam.ch\/fr\/#\/schema\/logo\/image\/","url":"https:\/\/shop.bantam.ch\/wp-content\/uploads\/2022\/12\/bantam-logo.png","contentUrl":"https:\/\/shop.bantam.ch\/wp-content\/uploads\/2022\/12\/bantam-logo.png","width":320,"height":71,"caption":"Bantam Wankm\u00fcller SA"},"image":{"@id":"https:\/\/shop.bantam.ch\/fr\/#\/schema\/logo\/image\/"}}]}},"_links":{"self":[{"href":"https:\/\/shop.bantam.ch\/fr\/wp-json\/wp\/v2\/product\/232145","targetHints":{"allow":["GET"]}}],"collection":[{"href":"https:\/\/shop.bantam.ch\/fr\/wp-json\/wp\/v2\/product"}],"about":[{"href":"https:\/\/shop.bantam.ch\/fr\/wp-json\/wp\/v2\/types\/product"}],"wp:featuredmedia":[{"embeddable":true,"href":"https:\/\/shop.bantam.ch\/fr\/wp-json\/wp\/v2\/media\/232135"}],"wp:attachment":[{"href":"https:\/\/shop.bantam.ch\/fr\/wp-json\/wp\/v2\/media?parent=232145"}],"wp:term":[{"taxonomy":"product_featured_cat","embeddable":true,"href":"https:\/\/shop.bantam.ch\/fr\/wp-json\/wp\/v2\/product_featured_cat?post=232145"},{"taxonomy":"product_brand","embeddable":true,"href":"https:\/\/shop.bantam.ch\/fr\/wp-json\/wp\/v2\/product_brand?post=232145"},{"taxonomy":"product_cat","embeddable":true,"href":"https:\/\/shop.bantam.ch\/fr\/wp-json\/wp\/v2\/product_cat?post=232145"},{"taxonomy":"product_tag","embeddable":true,"href":"https:\/\/shop.bantam.ch\/fr\/wp-json\/wp\/v2\/product_tag?post=232145"}],"curies":[{"name":"wp","href":"https:\/\/api.w.org\/{rel}","templated":true}]}}