{"id":232133,"date":"2026-01-06T18:19:45","date_gmt":"2026-01-06T17:19:45","guid":{"rendered":"https:\/\/shop.bantam.ch\/produit\/camper-guide-marco-polo-sudfrankreich-ardeche-cevennen-languedoc\/"},"modified":"2026-04-20T00:00:57","modified_gmt":"2026-04-19T22:00:57","slug":"camper-guide-marco-polo-sudfrankreich-ardeche-cevennen-languedoc","status":"publish","type":"product","link":"https:\/\/shop.bantam.ch\/fr\/produit\/camper-guide-marco-polo-sudfrankreich-ardeche-cevennen-languedoc\/","title":{"rendered":"Camper Guide MARCO POLO S\u00fcdfrankreich: Ard\u00e8che- Cevennen-Languedoc"},"content":{"rendered":"<p>L&rsquo;expertise de voyage de Marco Polo associ\u00e9e aux conseils des experts PaulCamper donne des guides de camping qui facilitent la vie des voyageurs : Description du circuit et guide de voyage en un ! Le premier chapitre Le meilleur d&rsquo;abord contient un best of des campings, D\u00e9couvrir la r\u00e9gion, des infos sur la nourriture et les boissons et des suggestions sur les tendances et les sports fun. Le chapitre suivant contient les propositions d&rsquo;itin\u00e9raires. Il y a cinq \u00e0 huit itin\u00e9raires \u00e0 d\u00e9couvrir par guide. Les meilleurs spots pour faire du shopping, manger et sortir ainsi que les arr\u00eats photos et les campings sont inclus. Que ce soit un endroit isol\u00e9 avec beaucoup de calme, d&rsquo;action et d&rsquo;agitation ou avec un enfant et un chien, le nouveau Camper Guide propose un camping adapt\u00e9 \u00e0 chaque voyageur. Mix and Match : les circuits peuvent \u00eatre adapt\u00e9s et vari\u00e9s individuellement gr\u00e2ce au principe modulaire. Les spots peuvent \u00eatre combin\u00e9s \u00e0 volont\u00e9, ce qui permet de planifier non seulement de longs voyages mais aussi des excursions plus courtes le week-end. Gr\u00e2ce aux cartes clairement con\u00e7ues, le lecteur a toujours en vue les meilleures \u00e9tapes, escales et spots pendant le voyage ou sur place. Des trac\u00e9s GPS sont \u00e9galement inclus et aident \u00e0 se rep\u00e9rer dans la jungle des routes. Les itin\u00e9raires sont suivis du chapitre Planifier &#8211; Faire ses bagages &#8211; Partir. Bon \u00e0 savoir contient des informations de base, de A comme Arriv\u00e9e \u00e0 W comme WLAN, des renseignements sur les f\u00eates et \u00e9v\u00e9nements et des listes de contr\u00f4le de PaulCamper. Celles-ci garantissent que tout ce dont on a vraiment besoin est inclus. Et si les enfants se plaignent, il y a des conseils de jeux pour la route. Le chapitre se termine par le sentiment de vacances. Un espace pour prendre des notes est pr\u00e9vu \u00e0 la fin du guide, tout comme le fameux \u00ab\u00a0Ne pas mettre les pieds dans le plat\u00a0\u00bb. Gr\u00e2ce \u00e0 la compacit\u00e9 habituelle des guides Marco Polo, les Camper Guides sont clairs et simples. L&rsquo;ambiance des vacances est perceptible d\u00e8s la premi\u00e8re page et la devise \u00ab\u00a0Un compagnon de voyage plut\u00f4t qu&rsquo;un guide\u00a0\u00bb se retrouve dans chaque volume gr\u00e2ce \u00e0 une mise en page styl\u00e9e et un tutoiement d\u00e9contract\u00e9. Les fameux conseils d&rsquo;initi\u00e9s Marco Polo et les astuces professionnelles des experts PaulCamper compl\u00e8tent les guides et en font un bon compagnon pour le prochain voyage en camping.<\/p>\n","protected":false},"excerpt":{"rendered":"<p>L&rsquo;expertise de voyage de Marco Polo associ\u00e9e aux conseils des experts PaulCamper donne des guides de camping qui facilitent la vie des voyageurs : Description du circuit et guide de voyage en un ! Le premier chapitre Le meilleur d&rsquo;abord contient un best of des campings, D\u00e9couvrir la r\u00e9gion, des infos sur la nourriture et [&hellip;]<\/p>\n","protected":false},"featured_media":232131,"template":"","meta":{"_acf_changed":false},"product_featured_cat":[],"product_brand":[],"product_cat":[4345],"product_tag":[],"class_list":{"0":"post-232133","1":"product","2":"type-product","3":"status-publish","4":"has-post-thumbnail","6":"product_cat-guides-des-emplacements","8":"first","9":"instock","10":"taxable","11":"shipping-taxable","12":"purchasable","13":"product-type-simple"},"acf":[],"yoast_head":"<!-- This site is optimized with the Yoast SEO plugin v27.4 - https:\/\/yoast.com\/product\/yoast-seo-wordpress\/ -->\n<title>Camper Guide MARCO POLO S\u00fcdfrankreich: Ard\u00e8che- Cevennen-Languedoc - Bantam Wankm\u00fcller SA<\/title>\n<meta name=\"robots\" content=\"index, follow, max-snippet:-1, max-image-preview:large, max-video-preview:-1\" \/>\n<link rel=\"canonical\" href=\"https:\/\/shop.bantam.ch\/fr\/produit\/camper-guide-marco-polo-sudfrankreich-ardeche-cevennen-languedoc\/\" \/>\n<meta property=\"og:locale\" content=\"fr_FR\" \/>\n<meta property=\"og:type\" content=\"article\" \/>\n<meta property=\"og:title\" content=\"Camper Guide MARCO POLO S\u00fcdfrankreich: Ard\u00e8che- Cevennen-Languedoc - Bantam Wankm\u00fcller SA\" \/>\n<meta property=\"og:description\" content=\"L&rsquo;expertise de voyage de Marco Polo associ\u00e9e aux conseils des experts PaulCamper donne des guides de camping qui facilitent la vie des voyageurs : Description du circuit et guide de voyage en un ! Le premier chapitre Le meilleur d&rsquo;abord contient un best of des campings, D\u00e9couvrir la r\u00e9gion, des infos sur la nourriture et [&hellip;]\" \/>\n<meta property=\"og:url\" content=\"https:\/\/shop.bantam.ch\/fr\/produit\/camper-guide-marco-polo-sudfrankreich-ardeche-cevennen-languedoc\/\" \/>\n<meta property=\"og:site_name\" content=\"Bantam Wankm\u00fcller SA\" \/>\n<meta property=\"article:modified_time\" content=\"2026-04-19T22:00:57+00:00\" \/>\n<meta name=\"twitter:card\" content=\"summary_large_image\" \/>\n<meta name=\"twitter:label1\" content=\"Dur\u00e9e de lecture estim\u00e9e\" \/>\n\t<meta name=\"twitter:data1\" content=\"2 minutes\" \/>\n<script type=\"application\/ld+json\" class=\"yoast-schema-graph\">{\"@context\":\"https:\\\/\\\/schema.org\",\"@graph\":[{\"@type\":\"WebPage\",\"@id\":\"https:\\\/\\\/shop.bantam.ch\\\/fr\\\/produit\\\/camper-guide-marco-polo-sudfrankreich-ardeche-cevennen-languedoc\\\/\",\"url\":\"https:\\\/\\\/shop.bantam.ch\\\/fr\\\/produit\\\/camper-guide-marco-polo-sudfrankreich-ardeche-cevennen-languedoc\\\/\",\"name\":\"Camper Guide MARCO POLO S\u00fcdfrankreich: Ard\u00e8che- Cevennen-Languedoc - Bantam Wankm\u00fcller SA\",\"isPartOf\":{\"@id\":\"https:\\\/\\\/shop.bantam.ch\\\/fr\\\/#website\"},\"primaryImageOfPage\":{\"@id\":\"https:\\\/\\\/shop.bantam.ch\\\/fr\\\/produit\\\/camper-guide-marco-polo-sudfrankreich-ardeche-cevennen-languedoc\\\/#primaryimage\"},\"image\":{\"@id\":\"https:\\\/\\\/shop.bantam.ch\\\/fr\\\/produit\\\/camper-guide-marco-polo-sudfrankreich-ardeche-cevennen-languedoc\\\/#primaryimage\"},\"thumbnailUrl\":\"https:\\\/\\\/shop.bantam.ch\\\/wp-content\\\/uploads\\\/2026\\\/01\\\/Movera-L-9962461100.jpg\",\"datePublished\":\"2026-01-06T17:19:45+00:00\",\"dateModified\":\"2026-04-19T22:00:57+00:00\",\"breadcrumb\":{\"@id\":\"https:\\\/\\\/shop.bantam.ch\\\/fr\\\/produit\\\/camper-guide-marco-polo-sudfrankreich-ardeche-cevennen-languedoc\\\/#breadcrumb\"},\"inLanguage\":\"fr-FR\",\"potentialAction\":[{\"@type\":\"ReadAction\",\"target\":[\"https:\\\/\\\/shop.bantam.ch\\\/fr\\\/produit\\\/camper-guide-marco-polo-sudfrankreich-ardeche-cevennen-languedoc\\\/\"]}]},{\"@type\":\"ImageObject\",\"inLanguage\":\"fr-FR\",\"@id\":\"https:\\\/\\\/shop.bantam.ch\\\/fr\\\/produit\\\/camper-guide-marco-polo-sudfrankreich-ardeche-cevennen-languedoc\\\/#primaryimage\",\"url\":\"https:\\\/\\\/shop.bantam.ch\\\/wp-content\\\/uploads\\\/2026\\\/01\\\/Movera-L-9962461100.jpg\",\"contentUrl\":\"https:\\\/\\\/shop.bantam.ch\\\/wp-content\\\/uploads\\\/2026\\\/01\\\/Movera-L-9962461100.jpg\",\"width\":640,\"height\":919},{\"@type\":\"BreadcrumbList\",\"@id\":\"https:\\\/\\\/shop.bantam.ch\\\/fr\\\/produit\\\/camper-guide-marco-polo-sudfrankreich-ardeche-cevennen-languedoc\\\/#breadcrumb\",\"itemListElement\":[{\"@type\":\"ListItem\",\"position\":1,\"name\":\"Accueil\",\"item\":\"https:\\\/\\\/shop.bantam.ch\\\/fr\\\/\"},{\"@type\":\"ListItem\",\"position\":2,\"name\":\"Boutique\",\"item\":\"https:\\\/\\\/shop.bantam.ch\\\/fr\\\/boutique\\\/\"},{\"@type\":\"ListItem\",\"position\":3,\"name\":\"Camper Guide MARCO POLO S\u00fcdfrankreich: Ard\u00e8che- Cevennen-Languedoc\"}]},{\"@type\":\"WebSite\",\"@id\":\"https:\\\/\\\/shop.bantam.ch\\\/fr\\\/#website\",\"url\":\"https:\\\/\\\/shop.bantam.ch\\\/fr\\\/\",\"name\":\"Bantam Wankm\u00fcller SA\",\"description\":\"\",\"publisher\":{\"@id\":\"https:\\\/\\\/shop.bantam.ch\\\/fr\\\/#organization\"},\"inLanguage\":\"fr-FR\"},{\"@type\":\"Organization\",\"@id\":\"https:\\\/\\\/shop.bantam.ch\\\/fr\\\/#organization\",\"name\":\"Bantam Wankm\u00fcller SA\",\"url\":\"https:\\\/\\\/shop.bantam.ch\\\/fr\\\/\",\"logo\":{\"@type\":\"ImageObject\",\"inLanguage\":\"fr-FR\",\"@id\":\"https:\\\/\\\/shop.bantam.ch\\\/fr\\\/#\\\/schema\\\/logo\\\/image\\\/\",\"url\":\"https:\\\/\\\/shop.bantam.ch\\\/wp-content\\\/uploads\\\/2022\\\/12\\\/bantam-logo.png\",\"contentUrl\":\"https:\\\/\\\/shop.bantam.ch\\\/wp-content\\\/uploads\\\/2022\\\/12\\\/bantam-logo.png\",\"width\":320,\"height\":71,\"caption\":\"Bantam Wankm\u00fcller SA\"},\"image\":{\"@id\":\"https:\\\/\\\/shop.bantam.ch\\\/fr\\\/#\\\/schema\\\/logo\\\/image\\\/\"}}]}<\/script>\n<!-- \/ Yoast SEO plugin. -->","yoast_head_json":{"title":"Camper Guide MARCO POLO S\u00fcdfrankreich: Ard\u00e8che- Cevennen-Languedoc - Bantam Wankm\u00fcller SA","robots":{"index":"index","follow":"follow","max-snippet":"max-snippet:-1","max-image-preview":"max-image-preview:large","max-video-preview":"max-video-preview:-1"},"canonical":"https:\/\/shop.bantam.ch\/fr\/produit\/camper-guide-marco-polo-sudfrankreich-ardeche-cevennen-languedoc\/","og_locale":"fr_FR","og_type":"article","og_title":"Camper Guide MARCO POLO S\u00fcdfrankreich: Ard\u00e8che- Cevennen-Languedoc - Bantam Wankm\u00fcller SA","og_description":"L&rsquo;expertise de voyage de Marco Polo associ\u00e9e aux conseils des experts PaulCamper donne des guides de camping qui facilitent la vie des voyageurs : Description du circuit et guide de voyage en un ! Le premier chapitre Le meilleur d&rsquo;abord contient un best of des campings, D\u00e9couvrir la r\u00e9gion, des infos sur la nourriture et [&hellip;]","og_url":"https:\/\/shop.bantam.ch\/fr\/produit\/camper-guide-marco-polo-sudfrankreich-ardeche-cevennen-languedoc\/","og_site_name":"Bantam Wankm\u00fcller SA","article_modified_time":"2026-04-19T22:00:57+00:00","twitter_card":"summary_large_image","twitter_misc":{"Dur\u00e9e de lecture estim\u00e9e":"2 minutes"},"schema":{"@context":"https:\/\/schema.org","@graph":[{"@type":"WebPage","@id":"https:\/\/shop.bantam.ch\/fr\/produit\/camper-guide-marco-polo-sudfrankreich-ardeche-cevennen-languedoc\/","url":"https:\/\/shop.bantam.ch\/fr\/produit\/camper-guide-marco-polo-sudfrankreich-ardeche-cevennen-languedoc\/","name":"Camper Guide MARCO POLO S\u00fcdfrankreich: Ard\u00e8che- Cevennen-Languedoc - Bantam Wankm\u00fcller SA","isPartOf":{"@id":"https:\/\/shop.bantam.ch\/fr\/#website"},"primaryImageOfPage":{"@id":"https:\/\/shop.bantam.ch\/fr\/produit\/camper-guide-marco-polo-sudfrankreich-ardeche-cevennen-languedoc\/#primaryimage"},"image":{"@id":"https:\/\/shop.bantam.ch\/fr\/produit\/camper-guide-marco-polo-sudfrankreich-ardeche-cevennen-languedoc\/#primaryimage"},"thumbnailUrl":"https:\/\/shop.bantam.ch\/wp-content\/uploads\/2026\/01\/Movera-L-9962461100.jpg","datePublished":"2026-01-06T17:19:45+00:00","dateModified":"2026-04-19T22:00:57+00:00","breadcrumb":{"@id":"https:\/\/shop.bantam.ch\/fr\/produit\/camper-guide-marco-polo-sudfrankreich-ardeche-cevennen-languedoc\/#breadcrumb"},"inLanguage":"fr-FR","potentialAction":[{"@type":"ReadAction","target":["https:\/\/shop.bantam.ch\/fr\/produit\/camper-guide-marco-polo-sudfrankreich-ardeche-cevennen-languedoc\/"]}]},{"@type":"ImageObject","inLanguage":"fr-FR","@id":"https:\/\/shop.bantam.ch\/fr\/produit\/camper-guide-marco-polo-sudfrankreich-ardeche-cevennen-languedoc\/#primaryimage","url":"https:\/\/shop.bantam.ch\/wp-content\/uploads\/2026\/01\/Movera-L-9962461100.jpg","contentUrl":"https:\/\/shop.bantam.ch\/wp-content\/uploads\/2026\/01\/Movera-L-9962461100.jpg","width":640,"height":919},{"@type":"BreadcrumbList","@id":"https:\/\/shop.bantam.ch\/fr\/produit\/camper-guide-marco-polo-sudfrankreich-ardeche-cevennen-languedoc\/#breadcrumb","itemListElement":[{"@type":"ListItem","position":1,"name":"Accueil","item":"https:\/\/shop.bantam.ch\/fr\/"},{"@type":"ListItem","position":2,"name":"Boutique","item":"https:\/\/shop.bantam.ch\/fr\/boutique\/"},{"@type":"ListItem","position":3,"name":"Camper Guide MARCO POLO S\u00fcdfrankreich: Ard\u00e8che- Cevennen-Languedoc"}]},{"@type":"WebSite","@id":"https:\/\/shop.bantam.ch\/fr\/#website","url":"https:\/\/shop.bantam.ch\/fr\/","name":"Bantam Wankm\u00fcller SA","description":"","publisher":{"@id":"https:\/\/shop.bantam.ch\/fr\/#organization"},"inLanguage":"fr-FR"},{"@type":"Organization","@id":"https:\/\/shop.bantam.ch\/fr\/#organization","name":"Bantam Wankm\u00fcller SA","url":"https:\/\/shop.bantam.ch\/fr\/","logo":{"@type":"ImageObject","inLanguage":"fr-FR","@id":"https:\/\/shop.bantam.ch\/fr\/#\/schema\/logo\/image\/","url":"https:\/\/shop.bantam.ch\/wp-content\/uploads\/2022\/12\/bantam-logo.png","contentUrl":"https:\/\/shop.bantam.ch\/wp-content\/uploads\/2022\/12\/bantam-logo.png","width":320,"height":71,"caption":"Bantam Wankm\u00fcller SA"},"image":{"@id":"https:\/\/shop.bantam.ch\/fr\/#\/schema\/logo\/image\/"}}]}},"_links":{"self":[{"href":"https:\/\/shop.bantam.ch\/fr\/wp-json\/wp\/v2\/product\/232133","targetHints":{"allow":["GET"]}}],"collection":[{"href":"https:\/\/shop.bantam.ch\/fr\/wp-json\/wp\/v2\/product"}],"about":[{"href":"https:\/\/shop.bantam.ch\/fr\/wp-json\/wp\/v2\/types\/product"}],"wp:featuredmedia":[{"embeddable":true,"href":"https:\/\/shop.bantam.ch\/fr\/wp-json\/wp\/v2\/media\/232131"}],"wp:attachment":[{"href":"https:\/\/shop.bantam.ch\/fr\/wp-json\/wp\/v2\/media?parent=232133"}],"wp:term":[{"taxonomy":"product_featured_cat","embeddable":true,"href":"https:\/\/shop.bantam.ch\/fr\/wp-json\/wp\/v2\/product_featured_cat?post=232133"},{"taxonomy":"product_brand","embeddable":true,"href":"https:\/\/shop.bantam.ch\/fr\/wp-json\/wp\/v2\/product_brand?post=232133"},{"taxonomy":"product_cat","embeddable":true,"href":"https:\/\/shop.bantam.ch\/fr\/wp-json\/wp\/v2\/product_cat?post=232133"},{"taxonomy":"product_tag","embeddable":true,"href":"https:\/\/shop.bantam.ch\/fr\/wp-json\/wp\/v2\/product_tag?post=232133"}],"curies":[{"name":"wp","href":"https:\/\/api.w.org\/{rel}","templated":true}]}}