{"id":232117,"date":"2026-01-06T18:19:21","date_gmt":"2026-01-06T17:19:21","guid":{"rendered":"https:\/\/shop.bantam.ch\/produit\/guide-emplacements-doldemedien-bien-etre-en-camping-car\/"},"modified":"2026-04-20T00:00:50","modified_gmt":"2026-04-19T22:00:50","slug":"guide-emplacements-doldemedien-bien-etre-en-camping-car","status":"publish","type":"product","link":"https:\/\/shop.bantam.ch\/fr\/produit\/guide-emplacements-doldemedien-bien-etre-en-camping-car\/","title":{"rendered":"Guide emplacements DoldeMedien Bien-\u00eatre en camping-car"},"content":{"rendered":"<p>Merveilleux : se d\u00e9tendre dans l&rsquo;eau chaude, laisser derri\u00e8re soi le stress de la vie quotidienne et passer ensuite la nuit dans le lit habituel de son propre camping-car. La nouvelle \u00e9dition du guide des emplacements \u00ab\u00a0Wellness mit dem Wohnmobil\u00a0\u00bb pr\u00e9sente plus de 120 thermes qui exploitent une aire de camping-car ou qui ont un emplacement pour passer la nuit \u00e0 une distance maximale de cinq kilom\u00e8tres. Sur environ 200 pages, vous trouverez toutes les indications et donn\u00e9es importantes sur les emplacements et les thermes.<\/p>\n","protected":false},"excerpt":{"rendered":"<p>Merveilleux : se d\u00e9tendre dans l&rsquo;eau chaude, laisser derri\u00e8re soi le stress de la vie quotidienne et passer ensuite la nuit dans le lit habituel de son propre camping-car. La nouvelle \u00e9dition du guide des emplacements \u00ab\u00a0Wellness mit dem Wohnmobil\u00a0\u00bb pr\u00e9sente plus de 120 thermes qui exploitent une aire de camping-car ou qui ont un [&hellip;]<\/p>\n","protected":false},"featured_media":232115,"template":"","meta":{"_acf_changed":false},"product_featured_cat":[],"product_brand":[],"product_cat":[4345],"product_tag":[],"class_list":{"0":"post-232117","1":"product","2":"type-product","3":"status-publish","4":"has-post-thumbnail","6":"product_cat-guides-des-emplacements","8":"first","9":"instock","10":"taxable","11":"shipping-taxable","12":"purchasable","13":"product-type-simple"},"acf":[],"yoast_head":"<!-- This site is optimized with the Yoast SEO plugin v27.4 - https:\/\/yoast.com\/product\/yoast-seo-wordpress\/ -->\n<title>Guide emplacements DoldeMedien Bien-\u00eatre en camping-car - Bantam Wankm\u00fcller SA<\/title>\n<meta name=\"robots\" content=\"index, follow, max-snippet:-1, max-image-preview:large, max-video-preview:-1\" \/>\n<link rel=\"canonical\" href=\"https:\/\/shop.bantam.ch\/fr\/produit\/guide-emplacements-doldemedien-bien-etre-en-camping-car\/\" \/>\n<meta property=\"og:locale\" content=\"fr_FR\" \/>\n<meta property=\"og:type\" content=\"article\" \/>\n<meta property=\"og:title\" content=\"Guide emplacements DoldeMedien Bien-\u00eatre en camping-car - Bantam Wankm\u00fcller SA\" \/>\n<meta property=\"og:description\" content=\"Merveilleux : se d\u00e9tendre dans l&rsquo;eau chaude, laisser derri\u00e8re soi le stress de la vie quotidienne et passer ensuite la nuit dans le lit habituel de son propre camping-car. La nouvelle \u00e9dition du guide des emplacements \u00ab\u00a0Wellness mit dem Wohnmobil\u00a0\u00bb pr\u00e9sente plus de 120 thermes qui exploitent une aire de camping-car ou qui ont un [&hellip;]\" \/>\n<meta property=\"og:url\" content=\"https:\/\/shop.bantam.ch\/fr\/produit\/guide-emplacements-doldemedien-bien-etre-en-camping-car\/\" \/>\n<meta property=\"og:site_name\" content=\"Bantam Wankm\u00fcller SA\" \/>\n<meta property=\"article:modified_time\" content=\"2026-04-19T22:00:50+00:00\" \/>\n<meta name=\"twitter:card\" content=\"summary_large_image\" \/>\n<script type=\"application\/ld+json\" class=\"yoast-schema-graph\">{\"@context\":\"https:\\\/\\\/schema.org\",\"@graph\":[{\"@type\":\"WebPage\",\"@id\":\"https:\\\/\\\/shop.bantam.ch\\\/fr\\\/produit\\\/guide-emplacements-doldemedien-bien-etre-en-camping-car\\\/\",\"url\":\"https:\\\/\\\/shop.bantam.ch\\\/fr\\\/produit\\\/guide-emplacements-doldemedien-bien-etre-en-camping-car\\\/\",\"name\":\"Guide emplacements DoldeMedien Bien-\u00eatre en camping-car - Bantam Wankm\u00fcller SA\",\"isPartOf\":{\"@id\":\"https:\\\/\\\/shop.bantam.ch\\\/fr\\\/#website\"},\"primaryImageOfPage\":{\"@id\":\"https:\\\/\\\/shop.bantam.ch\\\/fr\\\/produit\\\/guide-emplacements-doldemedien-bien-etre-en-camping-car\\\/#primaryimage\"},\"image\":{\"@id\":\"https:\\\/\\\/shop.bantam.ch\\\/fr\\\/produit\\\/guide-emplacements-doldemedien-bien-etre-en-camping-car\\\/#primaryimage\"},\"thumbnailUrl\":\"https:\\\/\\\/shop.bantam.ch\\\/wp-content\\\/uploads\\\/2026\\\/01\\\/Movera-L-9962328100.jpg\",\"datePublished\":\"2026-01-06T17:19:21+00:00\",\"dateModified\":\"2026-04-19T22:00:50+00:00\",\"breadcrumb\":{\"@id\":\"https:\\\/\\\/shop.bantam.ch\\\/fr\\\/produit\\\/guide-emplacements-doldemedien-bien-etre-en-camping-car\\\/#breadcrumb\"},\"inLanguage\":\"fr-FR\",\"potentialAction\":[{\"@type\":\"ReadAction\",\"target\":[\"https:\\\/\\\/shop.bantam.ch\\\/fr\\\/produit\\\/guide-emplacements-doldemedien-bien-etre-en-camping-car\\\/\"]}]},{\"@type\":\"ImageObject\",\"inLanguage\":\"fr-FR\",\"@id\":\"https:\\\/\\\/shop.bantam.ch\\\/fr\\\/produit\\\/guide-emplacements-doldemedien-bien-etre-en-camping-car\\\/#primaryimage\",\"url\":\"https:\\\/\\\/shop.bantam.ch\\\/wp-content\\\/uploads\\\/2026\\\/01\\\/Movera-L-9962328100.jpg\",\"contentUrl\":\"https:\\\/\\\/shop.bantam.ch\\\/wp-content\\\/uploads\\\/2026\\\/01\\\/Movera-L-9962328100.jpg\",\"width\":640,\"height\":915},{\"@type\":\"BreadcrumbList\",\"@id\":\"https:\\\/\\\/shop.bantam.ch\\\/fr\\\/produit\\\/guide-emplacements-doldemedien-bien-etre-en-camping-car\\\/#breadcrumb\",\"itemListElement\":[{\"@type\":\"ListItem\",\"position\":1,\"name\":\"Accueil\",\"item\":\"https:\\\/\\\/shop.bantam.ch\\\/fr\\\/\"},{\"@type\":\"ListItem\",\"position\":2,\"name\":\"Boutique\",\"item\":\"https:\\\/\\\/shop.bantam.ch\\\/fr\\\/boutique\\\/\"},{\"@type\":\"ListItem\",\"position\":3,\"name\":\"Guide emplacements DoldeMedien Bien-\u00eatre en camping-car\"}]},{\"@type\":\"WebSite\",\"@id\":\"https:\\\/\\\/shop.bantam.ch\\\/fr\\\/#website\",\"url\":\"https:\\\/\\\/shop.bantam.ch\\\/fr\\\/\",\"name\":\"Bantam Wankm\u00fcller SA\",\"description\":\"\",\"publisher\":{\"@id\":\"https:\\\/\\\/shop.bantam.ch\\\/fr\\\/#organization\"},\"inLanguage\":\"fr-FR\"},{\"@type\":\"Organization\",\"@id\":\"https:\\\/\\\/shop.bantam.ch\\\/fr\\\/#organization\",\"name\":\"Bantam Wankm\u00fcller SA\",\"url\":\"https:\\\/\\\/shop.bantam.ch\\\/fr\\\/\",\"logo\":{\"@type\":\"ImageObject\",\"inLanguage\":\"fr-FR\",\"@id\":\"https:\\\/\\\/shop.bantam.ch\\\/fr\\\/#\\\/schema\\\/logo\\\/image\\\/\",\"url\":\"https:\\\/\\\/shop.bantam.ch\\\/wp-content\\\/uploads\\\/2022\\\/12\\\/bantam-logo.png\",\"contentUrl\":\"https:\\\/\\\/shop.bantam.ch\\\/wp-content\\\/uploads\\\/2022\\\/12\\\/bantam-logo.png\",\"width\":320,\"height\":71,\"caption\":\"Bantam Wankm\u00fcller SA\"},\"image\":{\"@id\":\"https:\\\/\\\/shop.bantam.ch\\\/fr\\\/#\\\/schema\\\/logo\\\/image\\\/\"}}]}<\/script>\n<!-- \/ Yoast SEO plugin. -->","yoast_head_json":{"title":"Guide emplacements DoldeMedien Bien-\u00eatre en camping-car - Bantam Wankm\u00fcller SA","robots":{"index":"index","follow":"follow","max-snippet":"max-snippet:-1","max-image-preview":"max-image-preview:large","max-video-preview":"max-video-preview:-1"},"canonical":"https:\/\/shop.bantam.ch\/fr\/produit\/guide-emplacements-doldemedien-bien-etre-en-camping-car\/","og_locale":"fr_FR","og_type":"article","og_title":"Guide emplacements DoldeMedien Bien-\u00eatre en camping-car - Bantam Wankm\u00fcller SA","og_description":"Merveilleux : se d\u00e9tendre dans l&rsquo;eau chaude, laisser derri\u00e8re soi le stress de la vie quotidienne et passer ensuite la nuit dans le lit habituel de son propre camping-car. La nouvelle \u00e9dition du guide des emplacements \u00ab\u00a0Wellness mit dem Wohnmobil\u00a0\u00bb pr\u00e9sente plus de 120 thermes qui exploitent une aire de camping-car ou qui ont un [&hellip;]","og_url":"https:\/\/shop.bantam.ch\/fr\/produit\/guide-emplacements-doldemedien-bien-etre-en-camping-car\/","og_site_name":"Bantam Wankm\u00fcller SA","article_modified_time":"2026-04-19T22:00:50+00:00","twitter_card":"summary_large_image","schema":{"@context":"https:\/\/schema.org","@graph":[{"@type":"WebPage","@id":"https:\/\/shop.bantam.ch\/fr\/produit\/guide-emplacements-doldemedien-bien-etre-en-camping-car\/","url":"https:\/\/shop.bantam.ch\/fr\/produit\/guide-emplacements-doldemedien-bien-etre-en-camping-car\/","name":"Guide emplacements DoldeMedien Bien-\u00eatre en camping-car - Bantam Wankm\u00fcller SA","isPartOf":{"@id":"https:\/\/shop.bantam.ch\/fr\/#website"},"primaryImageOfPage":{"@id":"https:\/\/shop.bantam.ch\/fr\/produit\/guide-emplacements-doldemedien-bien-etre-en-camping-car\/#primaryimage"},"image":{"@id":"https:\/\/shop.bantam.ch\/fr\/produit\/guide-emplacements-doldemedien-bien-etre-en-camping-car\/#primaryimage"},"thumbnailUrl":"https:\/\/shop.bantam.ch\/wp-content\/uploads\/2026\/01\/Movera-L-9962328100.jpg","datePublished":"2026-01-06T17:19:21+00:00","dateModified":"2026-04-19T22:00:50+00:00","breadcrumb":{"@id":"https:\/\/shop.bantam.ch\/fr\/produit\/guide-emplacements-doldemedien-bien-etre-en-camping-car\/#breadcrumb"},"inLanguage":"fr-FR","potentialAction":[{"@type":"ReadAction","target":["https:\/\/shop.bantam.ch\/fr\/produit\/guide-emplacements-doldemedien-bien-etre-en-camping-car\/"]}]},{"@type":"ImageObject","inLanguage":"fr-FR","@id":"https:\/\/shop.bantam.ch\/fr\/produit\/guide-emplacements-doldemedien-bien-etre-en-camping-car\/#primaryimage","url":"https:\/\/shop.bantam.ch\/wp-content\/uploads\/2026\/01\/Movera-L-9962328100.jpg","contentUrl":"https:\/\/shop.bantam.ch\/wp-content\/uploads\/2026\/01\/Movera-L-9962328100.jpg","width":640,"height":915},{"@type":"BreadcrumbList","@id":"https:\/\/shop.bantam.ch\/fr\/produit\/guide-emplacements-doldemedien-bien-etre-en-camping-car\/#breadcrumb","itemListElement":[{"@type":"ListItem","position":1,"name":"Accueil","item":"https:\/\/shop.bantam.ch\/fr\/"},{"@type":"ListItem","position":2,"name":"Boutique","item":"https:\/\/shop.bantam.ch\/fr\/boutique\/"},{"@type":"ListItem","position":3,"name":"Guide emplacements DoldeMedien Bien-\u00eatre en camping-car"}]},{"@type":"WebSite","@id":"https:\/\/shop.bantam.ch\/fr\/#website","url":"https:\/\/shop.bantam.ch\/fr\/","name":"Bantam Wankm\u00fcller SA","description":"","publisher":{"@id":"https:\/\/shop.bantam.ch\/fr\/#organization"},"inLanguage":"fr-FR"},{"@type":"Organization","@id":"https:\/\/shop.bantam.ch\/fr\/#organization","name":"Bantam Wankm\u00fcller SA","url":"https:\/\/shop.bantam.ch\/fr\/","logo":{"@type":"ImageObject","inLanguage":"fr-FR","@id":"https:\/\/shop.bantam.ch\/fr\/#\/schema\/logo\/image\/","url":"https:\/\/shop.bantam.ch\/wp-content\/uploads\/2022\/12\/bantam-logo.png","contentUrl":"https:\/\/shop.bantam.ch\/wp-content\/uploads\/2022\/12\/bantam-logo.png","width":320,"height":71,"caption":"Bantam Wankm\u00fcller SA"},"image":{"@id":"https:\/\/shop.bantam.ch\/fr\/#\/schema\/logo\/image\/"}}]}},"_links":{"self":[{"href":"https:\/\/shop.bantam.ch\/fr\/wp-json\/wp\/v2\/product\/232117","targetHints":{"allow":["GET"]}}],"collection":[{"href":"https:\/\/shop.bantam.ch\/fr\/wp-json\/wp\/v2\/product"}],"about":[{"href":"https:\/\/shop.bantam.ch\/fr\/wp-json\/wp\/v2\/types\/product"}],"wp:featuredmedia":[{"embeddable":true,"href":"https:\/\/shop.bantam.ch\/fr\/wp-json\/wp\/v2\/media\/232115"}],"wp:attachment":[{"href":"https:\/\/shop.bantam.ch\/fr\/wp-json\/wp\/v2\/media?parent=232117"}],"wp:term":[{"taxonomy":"product_featured_cat","embeddable":true,"href":"https:\/\/shop.bantam.ch\/fr\/wp-json\/wp\/v2\/product_featured_cat?post=232117"},{"taxonomy":"product_brand","embeddable":true,"href":"https:\/\/shop.bantam.ch\/fr\/wp-json\/wp\/v2\/product_brand?post=232117"},{"taxonomy":"product_cat","embeddable":true,"href":"https:\/\/shop.bantam.ch\/fr\/wp-json\/wp\/v2\/product_cat?post=232117"},{"taxonomy":"product_tag","embeddable":true,"href":"https:\/\/shop.bantam.ch\/fr\/wp-json\/wp\/v2\/product_tag?post=232117"}],"curies":[{"name":"wp","href":"https:\/\/api.w.org\/{rel}","templated":true}]}}