{"id":232109,"date":"2026-01-06T18:19:08","date_gmt":"2026-01-06T17:19:08","guid":{"rendered":"https:\/\/shop.bantam.ch\/produit\/guide-touristique-camping-car-savoir-faire-voyage-toscane\/"},"modified":"2026-05-11T23:51:15","modified_gmt":"2026-05-11T21:51:15","slug":"guide-touristique-camping-car-savoir-faire-voyage-toscane","status":"publish","type":"product","link":"https:\/\/shop.bantam.ch\/fr\/produit\/guide-touristique-camping-car-savoir-faire-voyage-toscane\/","title":{"rendered":"Guide touristique camping-car Savoir-faire voyage Toscane"},"content":{"rendered":"<p>D\u00e9couvrez et appr\u00e9ciez les carnets de bord sp\u00e9cial camping-car pour les voyages individuels. Des itin\u00e9raires d\u00e9taill\u00e9s m\u00e8nent \u00e0 travers les plus beaux paysages et sites. Les descriptions sont compl\u00e9t\u00e9es par des histoires et des informations g\u00e9n\u00e9rales. Toutes les informations importantes pour la route avec l&rsquo;atlas routier, les plans de ville et les donn\u00e9es GPS.<\/p>\n<p>Les guides touristiques en camping-car sont disponibles pour les plus belles r\u00e9gions d&rsquo;Allemagne et d&rsquo;Europe.<\/p>\n","protected":false},"excerpt":{"rendered":"<p>D\u00e9couvrez et appr\u00e9ciez les carnets de bord sp\u00e9cial camping-car pour les voyages individuels. Des itin\u00e9raires d\u00e9taill\u00e9s m\u00e8nent \u00e0 travers les plus beaux paysages et sites. Les descriptions sont compl\u00e9t\u00e9es par des histoires et des informations g\u00e9n\u00e9rales. Toutes les informations importantes pour la route avec l&rsquo;atlas routier, les plans de ville et les donn\u00e9es GPS. Les [&hellip;]<\/p>\n","protected":false},"featured_media":232107,"template":"","meta":{"_acf_changed":false},"product_featured_cat":[],"product_brand":[],"product_cat":[4351],"product_tag":[],"class_list":{"0":"post-232109","1":"product","2":"type-product","3":"status-publish","4":"has-post-thumbnail","6":"product_cat-guides-de-voyage","8":"first","9":"instock","10":"taxable","11":"shipping-taxable","12":"purchasable","13":"product-type-simple"},"acf":[],"yoast_head":"<!-- This site is optimized with the Yoast SEO plugin v27.5 - https:\/\/yoast.com\/product\/yoast-seo-wordpress\/ -->\n<title>Guide touristique camping-car Savoir-faire voyage Toscane - Bantam<\/title>\n<meta name=\"robots\" content=\"index, follow, max-snippet:-1, max-image-preview:large, max-video-preview:-1\" \/>\n<link rel=\"canonical\" href=\"https:\/\/shop.bantam.ch\/fr\/produit\/guide-touristique-camping-car-savoir-faire-voyage-toscane\/\" \/>\n<meta property=\"og:locale\" content=\"fr_FR\" \/>\n<meta property=\"og:type\" content=\"article\" \/>\n<meta property=\"og:title\" content=\"Guide touristique camping-car Savoir-faire voyage Toscane - Bantam\" \/>\n<meta property=\"og:description\" content=\"D\u00e9couvrez et appr\u00e9ciez les carnets de bord sp\u00e9cial camping-car pour les voyages individuels. Des itin\u00e9raires d\u00e9taill\u00e9s m\u00e8nent \u00e0 travers les plus beaux paysages et sites. Les descriptions sont compl\u00e9t\u00e9es par des histoires et des informations g\u00e9n\u00e9rales. Toutes les informations importantes pour la route avec l&rsquo;atlas routier, les plans de ville et les donn\u00e9es GPS. Les [&hellip;]\" \/>\n<meta property=\"og:url\" content=\"https:\/\/shop.bantam.ch\/fr\/produit\/guide-touristique-camping-car-savoir-faire-voyage-toscane\/\" \/>\n<meta property=\"og:site_name\" content=\"Bantam\" \/>\n<meta property=\"article:modified_time\" content=\"2026-05-11T21:51:15+00:00\" \/>\n<meta name=\"twitter:card\" content=\"summary_large_image\" \/>\n<script type=\"application\/ld+json\" class=\"yoast-schema-graph\">{\"@context\":\"https:\\\/\\\/schema.org\",\"@graph\":[{\"@type\":\"WebPage\",\"@id\":\"https:\\\/\\\/shop.bantam.ch\\\/fr\\\/produit\\\/guide-touristique-camping-car-savoir-faire-voyage-toscane\\\/\",\"url\":\"https:\\\/\\\/shop.bantam.ch\\\/fr\\\/produit\\\/guide-touristique-camping-car-savoir-faire-voyage-toscane\\\/\",\"name\":\"Guide touristique camping-car Savoir-faire voyage Toscane - Bantam\",\"isPartOf\":{\"@id\":\"https:\\\/\\\/shop.bantam.ch\\\/fr\\\/#website\"},\"primaryImageOfPage\":{\"@id\":\"https:\\\/\\\/shop.bantam.ch\\\/fr\\\/produit\\\/guide-touristique-camping-car-savoir-faire-voyage-toscane\\\/#primaryimage\"},\"image\":{\"@id\":\"https:\\\/\\\/shop.bantam.ch\\\/fr\\\/produit\\\/guide-touristique-camping-car-savoir-faire-voyage-toscane\\\/#primaryimage\"},\"thumbnailUrl\":\"https:\\\/\\\/shop.bantam.ch\\\/wp-content\\\/uploads\\\/2026\\\/01\\\/Movera-L-9961668100.jpg\",\"datePublished\":\"2026-01-06T17:19:08+00:00\",\"dateModified\":\"2026-05-11T21:51:15+00:00\",\"breadcrumb\":{\"@id\":\"https:\\\/\\\/shop.bantam.ch\\\/fr\\\/produit\\\/guide-touristique-camping-car-savoir-faire-voyage-toscane\\\/#breadcrumb\"},\"inLanguage\":\"fr-FR\",\"potentialAction\":[{\"@type\":\"ReadAction\",\"target\":[\"https:\\\/\\\/shop.bantam.ch\\\/fr\\\/produit\\\/guide-touristique-camping-car-savoir-faire-voyage-toscane\\\/\"]}]},{\"@type\":\"ImageObject\",\"inLanguage\":\"fr-FR\",\"@id\":\"https:\\\/\\\/shop.bantam.ch\\\/fr\\\/produit\\\/guide-touristique-camping-car-savoir-faire-voyage-toscane\\\/#primaryimage\",\"url\":\"https:\\\/\\\/shop.bantam.ch\\\/wp-content\\\/uploads\\\/2026\\\/01\\\/Movera-L-9961668100.jpg\",\"contentUrl\":\"https:\\\/\\\/shop.bantam.ch\\\/wp-content\\\/uploads\\\/2026\\\/01\\\/Movera-L-9961668100.jpg\",\"width\":640,\"height\":943},{\"@type\":\"BreadcrumbList\",\"@id\":\"https:\\\/\\\/shop.bantam.ch\\\/fr\\\/produit\\\/guide-touristique-camping-car-savoir-faire-voyage-toscane\\\/#breadcrumb\",\"itemListElement\":[{\"@type\":\"ListItem\",\"position\":1,\"name\":\"Accueil\",\"item\":\"https:\\\/\\\/shop.bantam.ch\\\/fr\\\/\"},{\"@type\":\"ListItem\",\"position\":2,\"name\":\"Boutique\",\"item\":\"https:\\\/\\\/shop.bantam.ch\\\/fr\\\/boutique\\\/\"},{\"@type\":\"ListItem\",\"position\":3,\"name\":\"Guide touristique camping-car Savoir-faire voyage Toscane\"}]},{\"@type\":\"WebSite\",\"@id\":\"https:\\\/\\\/shop.bantam.ch\\\/fr\\\/#website\",\"url\":\"https:\\\/\\\/shop.bantam.ch\\\/fr\\\/\",\"name\":\"Bantam\",\"description\":\"\",\"publisher\":{\"@id\":\"https:\\\/\\\/shop.bantam.ch\\\/fr\\\/#organization\"},\"inLanguage\":\"fr-FR\"},{\"@type\":\"Organization\",\"@id\":\"https:\\\/\\\/shop.bantam.ch\\\/fr\\\/#organization\",\"name\":\"Bantam\",\"url\":\"https:\\\/\\\/shop.bantam.ch\\\/fr\\\/\",\"logo\":{\"@type\":\"ImageObject\",\"inLanguage\":\"fr-FR\",\"@id\":\"https:\\\/\\\/shop.bantam.ch\\\/fr\\\/#\\\/schema\\\/logo\\\/image\\\/\",\"url\":\"https:\\\/\\\/shop.bantam.ch\\\/wp-content\\\/uploads\\\/2022\\\/12\\\/bantam-logo.png\",\"contentUrl\":\"https:\\\/\\\/shop.bantam.ch\\\/wp-content\\\/uploads\\\/2022\\\/12\\\/bantam-logo.png\",\"width\":320,\"height\":71,\"caption\":\"Bantam\"},\"image\":{\"@id\":\"https:\\\/\\\/shop.bantam.ch\\\/fr\\\/#\\\/schema\\\/logo\\\/image\\\/\"}}]}<\/script>\n<!-- \/ Yoast SEO plugin. -->","yoast_head_json":{"title":"Guide touristique camping-car Savoir-faire voyage Toscane - Bantam","robots":{"index":"index","follow":"follow","max-snippet":"max-snippet:-1","max-image-preview":"max-image-preview:large","max-video-preview":"max-video-preview:-1"},"canonical":"https:\/\/shop.bantam.ch\/fr\/produit\/guide-touristique-camping-car-savoir-faire-voyage-toscane\/","og_locale":"fr_FR","og_type":"article","og_title":"Guide touristique camping-car Savoir-faire voyage Toscane - Bantam","og_description":"D\u00e9couvrez et appr\u00e9ciez les carnets de bord sp\u00e9cial camping-car pour les voyages individuels. Des itin\u00e9raires d\u00e9taill\u00e9s m\u00e8nent \u00e0 travers les plus beaux paysages et sites. Les descriptions sont compl\u00e9t\u00e9es par des histoires et des informations g\u00e9n\u00e9rales. Toutes les informations importantes pour la route avec l&rsquo;atlas routier, les plans de ville et les donn\u00e9es GPS. Les [&hellip;]","og_url":"https:\/\/shop.bantam.ch\/fr\/produit\/guide-touristique-camping-car-savoir-faire-voyage-toscane\/","og_site_name":"Bantam","article_modified_time":"2026-05-11T21:51:15+00:00","twitter_card":"summary_large_image","schema":{"@context":"https:\/\/schema.org","@graph":[{"@type":"WebPage","@id":"https:\/\/shop.bantam.ch\/fr\/produit\/guide-touristique-camping-car-savoir-faire-voyage-toscane\/","url":"https:\/\/shop.bantam.ch\/fr\/produit\/guide-touristique-camping-car-savoir-faire-voyage-toscane\/","name":"Guide touristique camping-car Savoir-faire voyage Toscane - Bantam","isPartOf":{"@id":"https:\/\/shop.bantam.ch\/fr\/#website"},"primaryImageOfPage":{"@id":"https:\/\/shop.bantam.ch\/fr\/produit\/guide-touristique-camping-car-savoir-faire-voyage-toscane\/#primaryimage"},"image":{"@id":"https:\/\/shop.bantam.ch\/fr\/produit\/guide-touristique-camping-car-savoir-faire-voyage-toscane\/#primaryimage"},"thumbnailUrl":"https:\/\/shop.bantam.ch\/wp-content\/uploads\/2026\/01\/Movera-L-9961668100.jpg","datePublished":"2026-01-06T17:19:08+00:00","dateModified":"2026-05-11T21:51:15+00:00","breadcrumb":{"@id":"https:\/\/shop.bantam.ch\/fr\/produit\/guide-touristique-camping-car-savoir-faire-voyage-toscane\/#breadcrumb"},"inLanguage":"fr-FR","potentialAction":[{"@type":"ReadAction","target":["https:\/\/shop.bantam.ch\/fr\/produit\/guide-touristique-camping-car-savoir-faire-voyage-toscane\/"]}]},{"@type":"ImageObject","inLanguage":"fr-FR","@id":"https:\/\/shop.bantam.ch\/fr\/produit\/guide-touristique-camping-car-savoir-faire-voyage-toscane\/#primaryimage","url":"https:\/\/shop.bantam.ch\/wp-content\/uploads\/2026\/01\/Movera-L-9961668100.jpg","contentUrl":"https:\/\/shop.bantam.ch\/wp-content\/uploads\/2026\/01\/Movera-L-9961668100.jpg","width":640,"height":943},{"@type":"BreadcrumbList","@id":"https:\/\/shop.bantam.ch\/fr\/produit\/guide-touristique-camping-car-savoir-faire-voyage-toscane\/#breadcrumb","itemListElement":[{"@type":"ListItem","position":1,"name":"Accueil","item":"https:\/\/shop.bantam.ch\/fr\/"},{"@type":"ListItem","position":2,"name":"Boutique","item":"https:\/\/shop.bantam.ch\/fr\/boutique\/"},{"@type":"ListItem","position":3,"name":"Guide touristique camping-car Savoir-faire voyage Toscane"}]},{"@type":"WebSite","@id":"https:\/\/shop.bantam.ch\/fr\/#website","url":"https:\/\/shop.bantam.ch\/fr\/","name":"Bantam","description":"","publisher":{"@id":"https:\/\/shop.bantam.ch\/fr\/#organization"},"inLanguage":"fr-FR"},{"@type":"Organization","@id":"https:\/\/shop.bantam.ch\/fr\/#organization","name":"Bantam","url":"https:\/\/shop.bantam.ch\/fr\/","logo":{"@type":"ImageObject","inLanguage":"fr-FR","@id":"https:\/\/shop.bantam.ch\/fr\/#\/schema\/logo\/image\/","url":"https:\/\/shop.bantam.ch\/wp-content\/uploads\/2022\/12\/bantam-logo.png","contentUrl":"https:\/\/shop.bantam.ch\/wp-content\/uploads\/2022\/12\/bantam-logo.png","width":320,"height":71,"caption":"Bantam"},"image":{"@id":"https:\/\/shop.bantam.ch\/fr\/#\/schema\/logo\/image\/"}}]}},"_links":{"self":[{"href":"https:\/\/shop.bantam.ch\/fr\/wp-json\/wp\/v2\/product\/232109","targetHints":{"allow":["GET"]}}],"collection":[{"href":"https:\/\/shop.bantam.ch\/fr\/wp-json\/wp\/v2\/product"}],"about":[{"href":"https:\/\/shop.bantam.ch\/fr\/wp-json\/wp\/v2\/types\/product"}],"wp:featuredmedia":[{"embeddable":true,"href":"https:\/\/shop.bantam.ch\/fr\/wp-json\/wp\/v2\/media\/232107"}],"wp:attachment":[{"href":"https:\/\/shop.bantam.ch\/fr\/wp-json\/wp\/v2\/media?parent=232109"}],"wp:term":[{"taxonomy":"product_featured_cat","embeddable":true,"href":"https:\/\/shop.bantam.ch\/fr\/wp-json\/wp\/v2\/product_featured_cat?post=232109"},{"taxonomy":"product_brand","embeddable":true,"href":"https:\/\/shop.bantam.ch\/fr\/wp-json\/wp\/v2\/product_brand?post=232109"},{"taxonomy":"product_cat","embeddable":true,"href":"https:\/\/shop.bantam.ch\/fr\/wp-json\/wp\/v2\/product_cat?post=232109"},{"taxonomy":"product_tag","embeddable":true,"href":"https:\/\/shop.bantam.ch\/fr\/wp-json\/wp\/v2\/product_tag?post=232109"}],"curies":[{"name":"wp","href":"https:\/\/api.w.org\/{rel}","templated":true}]}}