{"id":232091,"date":"2026-01-06T18:18:46","date_gmt":"2026-01-06T17:18:46","guid":{"rendered":"https:\/\/shop.bantam.ch\/produit\/kit-complet-presentoir-sur-pied-en-bois-contenu-inclus\/"},"modified":"2026-04-22T23:53:15","modified_gmt":"2026-04-22T21:53:15","slug":"kit-complet-presentoir-sur-pied-en-bois-contenu-inclus","status":"publish","type":"product","link":"https:\/\/shop.bantam.ch\/fr\/produit\/kit-complet-presentoir-sur-pied-en-bois-contenu-inclus\/","title":{"rendered":"Kit complet, pr\u00e9sentoir sur pied en bois, contenu inclus"},"content":{"rendered":"<p style=\"margin-left:47px\">Kit complet de pr\u00e9sentoir sur pied WOSHUP ! en bois, contenu inclus.<\/p>\n<p style=\"margin-left:47px\">Contenu de la livraison :<\/p>\n<p style=\"margin-left:47px\">12 x 9966258 Shiny Wosher Nettoyant ext\u00e9rieur tout-en-un pour camping Contenu 1 litre<\/p>\n<p style=\"margin-left:47px\">12 x 9966260 Nettoyant ext\u00e9rieur All-in-one concentr\u00e9 Contenu 1l litre<\/p>\n<p style=\"margin-left:47px\">12 x 9966262 Window Wosher Contenu 1 litre<\/p>\n<p style=\"margin-left:47px\">12 x 9966263 Rain Streak Killer Contenu 1 litre<\/p>\n<p style=\"margin-left:47px\">12 x 9966264 Mosquito Ciao ! Contenu 1 litre<\/p>\n<p style=\"margin-left:47px\">12 x 9966266 Resin Remover Contenu 1 litre<\/p>\n<p style=\"margin-left:47px\">12 x 9966268 Nettoyant camping Waterless Wonder Wosher 1 litre<\/p>\n<p style=\"margin-left:47px\">12 x 9966271 Liquide WC Shit Storm Cherry Contenu 1 litre<\/p>\n<p style=\"margin-left:47px\">12 x 9966272 Grill Bill WOSHUP!Contenu 1 litre<\/p>\n<p style=\"margin-left:47px\">12 x 9966274 Liquide WC Shit Storm Eucalyptus Contenu 1 litre<\/p>\n<p style=\"margin-left:47px\">12 x 9966275 Wheel Wosher Contenu 1 litre<\/p>\n<p style=\"margin-left:47px\">12 x 9966276 Easy Peacy Contenu 1 litre<\/p>\n<p style=\"margin-left:47px\">12 x 9966277 Bad Boy Contenu 1 litre<\/p>\n<p style=\"margin-left:47px\">12 x 9985131 Chiffon de nettoyage \u00e0 poils longs couleur grise<\/p>\n<p style=\"margin-left:47px\">1 x 9946757 Pr\u00e9sentoir sur pied WOSHUP ! en bois Taille : 54 x 162 x 6 cm<\/p>\n","protected":false},"excerpt":{"rendered":"<p>Kit complet de pr\u00e9sentoir sur pied WOSHUP ! en bois, contenu inclus. Contenu de la livraison : 12 x 9966258 Shiny Wosher Nettoyant ext\u00e9rieur tout-en-un pour camping Contenu 1 litre 12 x 9966260 Nettoyant ext\u00e9rieur All-in-one concentr\u00e9 Contenu 1l litre 12 x 9966262 Window Wosher Contenu 1 litre 12 x 9966263 Rain Streak Killer Contenu [&hellip;]<\/p>\n","protected":false},"featured_media":232089,"template":"","meta":{"_acf_changed":false},"product_featured_cat":[],"product_brand":[],"product_cat":[3934],"product_tag":[],"class_list":{"0":"post-232091","1":"product","2":"type-product","3":"status-publish","4":"has-post-thumbnail","6":"product_cat-sans-categorie","8":"first","9":"instock","10":"taxable","11":"shipping-taxable","12":"purchasable","13":"product-type-simple"},"acf":[],"yoast_head":"<!-- This site is optimized with the Yoast SEO plugin v27.4 - https:\/\/yoast.com\/product\/yoast-seo-wordpress\/ -->\n<title>Kit complet, pr\u00e9sentoir sur pied en bois, contenu inclus - Bantam Wankm\u00fcller SA<\/title>\n<meta name=\"robots\" content=\"index, follow, max-snippet:-1, max-image-preview:large, max-video-preview:-1\" \/>\n<link rel=\"canonical\" href=\"https:\/\/shop.bantam.ch\/fr\/produit\/kit-complet-presentoir-sur-pied-en-bois-contenu-inclus\/\" \/>\n<meta property=\"og:locale\" content=\"fr_FR\" \/>\n<meta property=\"og:type\" content=\"article\" \/>\n<meta property=\"og:title\" content=\"Kit complet, pr\u00e9sentoir sur pied en bois, contenu inclus - Bantam Wankm\u00fcller SA\" \/>\n<meta property=\"og:description\" content=\"Kit complet de pr\u00e9sentoir sur pied WOSHUP ! en bois, contenu inclus. Contenu de la livraison : 12 x 9966258 Shiny Wosher Nettoyant ext\u00e9rieur tout-en-un pour camping Contenu 1 litre 12 x 9966260 Nettoyant ext\u00e9rieur All-in-one concentr\u00e9 Contenu 1l litre 12 x 9966262 Window Wosher Contenu 1 litre 12 x 9966263 Rain Streak Killer Contenu [&hellip;]\" \/>\n<meta property=\"og:url\" content=\"https:\/\/shop.bantam.ch\/fr\/produit\/kit-complet-presentoir-sur-pied-en-bois-contenu-inclus\/\" \/>\n<meta property=\"og:site_name\" content=\"Bantam Wankm\u00fcller SA\" \/>\n<meta property=\"article:modified_time\" content=\"2026-04-22T21:53:15+00:00\" \/>\n<meta name=\"twitter:card\" content=\"summary_large_image\" \/>\n<meta name=\"twitter:label1\" content=\"Dur\u00e9e de lecture estim\u00e9e\" \/>\n\t<meta name=\"twitter:data1\" content=\"1 minute\" \/>\n<script type=\"application\/ld+json\" class=\"yoast-schema-graph\">{\"@context\":\"https:\\\/\\\/schema.org\",\"@graph\":[{\"@type\":\"WebPage\",\"@id\":\"https:\\\/\\\/shop.bantam.ch\\\/fr\\\/produit\\\/kit-complet-presentoir-sur-pied-en-bois-contenu-inclus\\\/\",\"url\":\"https:\\\/\\\/shop.bantam.ch\\\/fr\\\/produit\\\/kit-complet-presentoir-sur-pied-en-bois-contenu-inclus\\\/\",\"name\":\"Kit complet, pr\u00e9sentoir sur pied en bois, contenu inclus - Bantam Wankm\u00fcller SA\",\"isPartOf\":{\"@id\":\"https:\\\/\\\/shop.bantam.ch\\\/fr\\\/#website\"},\"primaryImageOfPage\":{\"@id\":\"https:\\\/\\\/shop.bantam.ch\\\/fr\\\/produit\\\/kit-complet-presentoir-sur-pied-en-bois-contenu-inclus\\\/#primaryimage\"},\"image\":{\"@id\":\"https:\\\/\\\/shop.bantam.ch\\\/fr\\\/produit\\\/kit-complet-presentoir-sur-pied-en-bois-contenu-inclus\\\/#primaryimage\"},\"thumbnailUrl\":\"https:\\\/\\\/shop.bantam.ch\\\/wp-content\\\/uploads\\\/2026\\\/01\\\/Movera-L-9988243100.jpg\",\"datePublished\":\"2026-01-06T17:18:46+00:00\",\"dateModified\":\"2026-04-22T21:53:15+00:00\",\"breadcrumb\":{\"@id\":\"https:\\\/\\\/shop.bantam.ch\\\/fr\\\/produit\\\/kit-complet-presentoir-sur-pied-en-bois-contenu-inclus\\\/#breadcrumb\"},\"inLanguage\":\"fr-FR\",\"potentialAction\":[{\"@type\":\"ReadAction\",\"target\":[\"https:\\\/\\\/shop.bantam.ch\\\/fr\\\/produit\\\/kit-complet-presentoir-sur-pied-en-bois-contenu-inclus\\\/\"]}]},{\"@type\":\"ImageObject\",\"inLanguage\":\"fr-FR\",\"@id\":\"https:\\\/\\\/shop.bantam.ch\\\/fr\\\/produit\\\/kit-complet-presentoir-sur-pied-en-bois-contenu-inclus\\\/#primaryimage\",\"url\":\"https:\\\/\\\/shop.bantam.ch\\\/wp-content\\\/uploads\\\/2026\\\/01\\\/Movera-L-9988243100.jpg\",\"contentUrl\":\"https:\\\/\\\/shop.bantam.ch\\\/wp-content\\\/uploads\\\/2026\\\/01\\\/Movera-L-9988243100.jpg\",\"width\":640,\"height\":302},{\"@type\":\"BreadcrumbList\",\"@id\":\"https:\\\/\\\/shop.bantam.ch\\\/fr\\\/produit\\\/kit-complet-presentoir-sur-pied-en-bois-contenu-inclus\\\/#breadcrumb\",\"itemListElement\":[{\"@type\":\"ListItem\",\"position\":1,\"name\":\"Accueil\",\"item\":\"https:\\\/\\\/shop.bantam.ch\\\/fr\\\/\"},{\"@type\":\"ListItem\",\"position\":2,\"name\":\"Boutique\",\"item\":\"https:\\\/\\\/shop.bantam.ch\\\/fr\\\/boutique\\\/\"},{\"@type\":\"ListItem\",\"position\":3,\"name\":\"Kit complet, pr\u00e9sentoir sur pied en bois, contenu inclus\"}]},{\"@type\":\"WebSite\",\"@id\":\"https:\\\/\\\/shop.bantam.ch\\\/fr\\\/#website\",\"url\":\"https:\\\/\\\/shop.bantam.ch\\\/fr\\\/\",\"name\":\"Bantam Wankm\u00fcller SA\",\"description\":\"\",\"publisher\":{\"@id\":\"https:\\\/\\\/shop.bantam.ch\\\/fr\\\/#organization\"},\"inLanguage\":\"fr-FR\"},{\"@type\":\"Organization\",\"@id\":\"https:\\\/\\\/shop.bantam.ch\\\/fr\\\/#organization\",\"name\":\"Bantam Wankm\u00fcller SA\",\"url\":\"https:\\\/\\\/shop.bantam.ch\\\/fr\\\/\",\"logo\":{\"@type\":\"ImageObject\",\"inLanguage\":\"fr-FR\",\"@id\":\"https:\\\/\\\/shop.bantam.ch\\\/fr\\\/#\\\/schema\\\/logo\\\/image\\\/\",\"url\":\"https:\\\/\\\/shop.bantam.ch\\\/wp-content\\\/uploads\\\/2022\\\/12\\\/bantam-logo.png\",\"contentUrl\":\"https:\\\/\\\/shop.bantam.ch\\\/wp-content\\\/uploads\\\/2022\\\/12\\\/bantam-logo.png\",\"width\":320,\"height\":71,\"caption\":\"Bantam Wankm\u00fcller SA\"},\"image\":{\"@id\":\"https:\\\/\\\/shop.bantam.ch\\\/fr\\\/#\\\/schema\\\/logo\\\/image\\\/\"}}]}<\/script>\n<!-- \/ Yoast SEO plugin. -->","yoast_head_json":{"title":"Kit complet, pr\u00e9sentoir sur pied en bois, contenu inclus - Bantam Wankm\u00fcller SA","robots":{"index":"index","follow":"follow","max-snippet":"max-snippet:-1","max-image-preview":"max-image-preview:large","max-video-preview":"max-video-preview:-1"},"canonical":"https:\/\/shop.bantam.ch\/fr\/produit\/kit-complet-presentoir-sur-pied-en-bois-contenu-inclus\/","og_locale":"fr_FR","og_type":"article","og_title":"Kit complet, pr\u00e9sentoir sur pied en bois, contenu inclus - Bantam Wankm\u00fcller SA","og_description":"Kit complet de pr\u00e9sentoir sur pied WOSHUP ! en bois, contenu inclus. Contenu de la livraison : 12 x 9966258 Shiny Wosher Nettoyant ext\u00e9rieur tout-en-un pour camping Contenu 1 litre 12 x 9966260 Nettoyant ext\u00e9rieur All-in-one concentr\u00e9 Contenu 1l litre 12 x 9966262 Window Wosher Contenu 1 litre 12 x 9966263 Rain Streak Killer Contenu [&hellip;]","og_url":"https:\/\/shop.bantam.ch\/fr\/produit\/kit-complet-presentoir-sur-pied-en-bois-contenu-inclus\/","og_site_name":"Bantam Wankm\u00fcller SA","article_modified_time":"2026-04-22T21:53:15+00:00","twitter_card":"summary_large_image","twitter_misc":{"Dur\u00e9e de lecture estim\u00e9e":"1 minute"},"schema":{"@context":"https:\/\/schema.org","@graph":[{"@type":"WebPage","@id":"https:\/\/shop.bantam.ch\/fr\/produit\/kit-complet-presentoir-sur-pied-en-bois-contenu-inclus\/","url":"https:\/\/shop.bantam.ch\/fr\/produit\/kit-complet-presentoir-sur-pied-en-bois-contenu-inclus\/","name":"Kit complet, pr\u00e9sentoir sur pied en bois, contenu inclus - Bantam Wankm\u00fcller SA","isPartOf":{"@id":"https:\/\/shop.bantam.ch\/fr\/#website"},"primaryImageOfPage":{"@id":"https:\/\/shop.bantam.ch\/fr\/produit\/kit-complet-presentoir-sur-pied-en-bois-contenu-inclus\/#primaryimage"},"image":{"@id":"https:\/\/shop.bantam.ch\/fr\/produit\/kit-complet-presentoir-sur-pied-en-bois-contenu-inclus\/#primaryimage"},"thumbnailUrl":"https:\/\/shop.bantam.ch\/wp-content\/uploads\/2026\/01\/Movera-L-9988243100.jpg","datePublished":"2026-01-06T17:18:46+00:00","dateModified":"2026-04-22T21:53:15+00:00","breadcrumb":{"@id":"https:\/\/shop.bantam.ch\/fr\/produit\/kit-complet-presentoir-sur-pied-en-bois-contenu-inclus\/#breadcrumb"},"inLanguage":"fr-FR","potentialAction":[{"@type":"ReadAction","target":["https:\/\/shop.bantam.ch\/fr\/produit\/kit-complet-presentoir-sur-pied-en-bois-contenu-inclus\/"]}]},{"@type":"ImageObject","inLanguage":"fr-FR","@id":"https:\/\/shop.bantam.ch\/fr\/produit\/kit-complet-presentoir-sur-pied-en-bois-contenu-inclus\/#primaryimage","url":"https:\/\/shop.bantam.ch\/wp-content\/uploads\/2026\/01\/Movera-L-9988243100.jpg","contentUrl":"https:\/\/shop.bantam.ch\/wp-content\/uploads\/2026\/01\/Movera-L-9988243100.jpg","width":640,"height":302},{"@type":"BreadcrumbList","@id":"https:\/\/shop.bantam.ch\/fr\/produit\/kit-complet-presentoir-sur-pied-en-bois-contenu-inclus\/#breadcrumb","itemListElement":[{"@type":"ListItem","position":1,"name":"Accueil","item":"https:\/\/shop.bantam.ch\/fr\/"},{"@type":"ListItem","position":2,"name":"Boutique","item":"https:\/\/shop.bantam.ch\/fr\/boutique\/"},{"@type":"ListItem","position":3,"name":"Kit complet, pr\u00e9sentoir sur pied en bois, contenu inclus"}]},{"@type":"WebSite","@id":"https:\/\/shop.bantam.ch\/fr\/#website","url":"https:\/\/shop.bantam.ch\/fr\/","name":"Bantam Wankm\u00fcller SA","description":"","publisher":{"@id":"https:\/\/shop.bantam.ch\/fr\/#organization"},"inLanguage":"fr-FR"},{"@type":"Organization","@id":"https:\/\/shop.bantam.ch\/fr\/#organization","name":"Bantam Wankm\u00fcller SA","url":"https:\/\/shop.bantam.ch\/fr\/","logo":{"@type":"ImageObject","inLanguage":"fr-FR","@id":"https:\/\/shop.bantam.ch\/fr\/#\/schema\/logo\/image\/","url":"https:\/\/shop.bantam.ch\/wp-content\/uploads\/2022\/12\/bantam-logo.png","contentUrl":"https:\/\/shop.bantam.ch\/wp-content\/uploads\/2022\/12\/bantam-logo.png","width":320,"height":71,"caption":"Bantam Wankm\u00fcller SA"},"image":{"@id":"https:\/\/shop.bantam.ch\/fr\/#\/schema\/logo\/image\/"}}]}},"_links":{"self":[{"href":"https:\/\/shop.bantam.ch\/fr\/wp-json\/wp\/v2\/product\/232091","targetHints":{"allow":["GET"]}}],"collection":[{"href":"https:\/\/shop.bantam.ch\/fr\/wp-json\/wp\/v2\/product"}],"about":[{"href":"https:\/\/shop.bantam.ch\/fr\/wp-json\/wp\/v2\/types\/product"}],"wp:featuredmedia":[{"embeddable":true,"href":"https:\/\/shop.bantam.ch\/fr\/wp-json\/wp\/v2\/media\/232089"}],"wp:attachment":[{"href":"https:\/\/shop.bantam.ch\/fr\/wp-json\/wp\/v2\/media?parent=232091"}],"wp:term":[{"taxonomy":"product_featured_cat","embeddable":true,"href":"https:\/\/shop.bantam.ch\/fr\/wp-json\/wp\/v2\/product_featured_cat?post=232091"},{"taxonomy":"product_brand","embeddable":true,"href":"https:\/\/shop.bantam.ch\/fr\/wp-json\/wp\/v2\/product_brand?post=232091"},{"taxonomy":"product_cat","embeddable":true,"href":"https:\/\/shop.bantam.ch\/fr\/wp-json\/wp\/v2\/product_cat?post=232091"},{"taxonomy":"product_tag","embeddable":true,"href":"https:\/\/shop.bantam.ch\/fr\/wp-json\/wp\/v2\/product_tag?post=232091"}],"curies":[{"name":"wp","href":"https:\/\/api.w.org\/{rel}","templated":true}]}}