{"id":231855,"date":"2026-01-06T18:13:16","date_gmt":"2026-01-06T17:13:16","guid":{"rendered":"https:\/\/shop.bantam.ch\/produit\/boite-a-tuyaux-mobile-movematic-12m-15m\/"},"modified":"2026-04-17T23:53:11","modified_gmt":"2026-04-17T21:53:11","slug":"boite-a-tuyaux-mobile-movematic-12m-15m","status":"publish","type":"product","link":"https:\/\/shop.bantam.ch\/fr\/produit\/boite-a-tuyaux-mobile-movematic-12m-15m\/","title":{"rendered":"Bo\u00eete \u00e0 tuyaux mobile MoveMatic 12m + 1,5m"},"content":{"rendered":"<p>La bo\u00eete \u00e0 tuyau MoveMatic GARDENA est compacte et id\u00e9ale pour les balcons, les terrasses et les petits jardins. Elle dispose d&rsquo;un tuyau de 12,5 m, d&rsquo;un tuyau d&rsquo;alimentation de 1,5 m et d&rsquo;un enrouleur automatique avec RollControl pour un enroulement sans plis. Un dispositif externe permet de ranger le tuyau d&rsquo;alimentation, la bo\u00eete est peu encombrante et facile \u00e0 transporter.<\/p>\n<\/p>\n<p>Inclus dans le set : Bo\u00eete \u00e0 tuyau, pulv\u00e9risateur d&rsquo;arrosage, raccord de robinet avec adaptateur et support d&rsquo;appareil.<\/p><\/p>\n","protected":false},"excerpt":{"rendered":"<p>La bo\u00eete \u00e0 tuyau MoveMatic GARDENA est compacte et id\u00e9ale pour les balcons, les terrasses et les petits jardins. Elle dispose d&rsquo;un tuyau de 12,5 m, d&rsquo;un tuyau d&rsquo;alimentation de 1,5 m et d&rsquo;un enrouleur automatique avec RollControl pour un enroulement sans plis. Un dispositif externe permet de ranger le tuyau d&rsquo;alimentation, la bo\u00eete est [&hellip;]<\/p>\n","protected":false},"featured_media":231853,"template":"","meta":{"_acf_changed":false},"product_featured_cat":[],"product_brand":[],"product_cat":[5033],"product_tag":[],"class_list":{"0":"post-231855","1":"product","2":"type-product","3":"status-publish","4":"has-post-thumbnail","6":"product_cat-tuyaux-deau","8":"first","9":"instock","10":"taxable","11":"shipping-taxable","12":"purchasable","13":"product-type-simple"},"acf":[],"yoast_head":"<!-- This site is optimized with the Yoast SEO plugin v27.4 - https:\/\/yoast.com\/product\/yoast-seo-wordpress\/ -->\n<title>Bo\u00eete \u00e0 tuyaux mobile MoveMatic 12m + 1,5m - Bantam Wankm\u00fcller SA<\/title>\n<meta name=\"robots\" content=\"index, follow, max-snippet:-1, max-image-preview:large, max-video-preview:-1\" \/>\n<link rel=\"canonical\" href=\"https:\/\/shop.bantam.ch\/fr\/produit\/boite-a-tuyaux-mobile-movematic-12m-15m\/\" \/>\n<meta property=\"og:locale\" content=\"fr_FR\" \/>\n<meta property=\"og:type\" content=\"article\" \/>\n<meta property=\"og:title\" content=\"Bo\u00eete \u00e0 tuyaux mobile MoveMatic 12m + 1,5m - Bantam Wankm\u00fcller SA\" \/>\n<meta property=\"og:description\" content=\"La bo\u00eete \u00e0 tuyau MoveMatic GARDENA est compacte et id\u00e9ale pour les balcons, les terrasses et les petits jardins. Elle dispose d&rsquo;un tuyau de 12,5 m, d&rsquo;un tuyau d&rsquo;alimentation de 1,5 m et d&rsquo;un enrouleur automatique avec RollControl pour un enroulement sans plis. Un dispositif externe permet de ranger le tuyau d&rsquo;alimentation, la bo\u00eete est [&hellip;]\" \/>\n<meta property=\"og:url\" content=\"https:\/\/shop.bantam.ch\/fr\/produit\/boite-a-tuyaux-mobile-movematic-12m-15m\/\" \/>\n<meta property=\"og:site_name\" content=\"Bantam Wankm\u00fcller SA\" \/>\n<meta property=\"article:modified_time\" content=\"2026-04-17T21:53:11+00:00\" \/>\n<meta name=\"twitter:card\" content=\"summary_large_image\" \/>\n<script type=\"application\/ld+json\" class=\"yoast-schema-graph\">{\"@context\":\"https:\\\/\\\/schema.org\",\"@graph\":[{\"@type\":\"WebPage\",\"@id\":\"https:\\\/\\\/shop.bantam.ch\\\/fr\\\/produit\\\/boite-a-tuyaux-mobile-movematic-12m-15m\\\/\",\"url\":\"https:\\\/\\\/shop.bantam.ch\\\/fr\\\/produit\\\/boite-a-tuyaux-mobile-movematic-12m-15m\\\/\",\"name\":\"Bo\u00eete \u00e0 tuyaux mobile MoveMatic 12m + 1,5m - Bantam Wankm\u00fcller SA\",\"isPartOf\":{\"@id\":\"https:\\\/\\\/shop.bantam.ch\\\/fr\\\/#website\"},\"primaryImageOfPage\":{\"@id\":\"https:\\\/\\\/shop.bantam.ch\\\/fr\\\/produit\\\/boite-a-tuyaux-mobile-movematic-12m-15m\\\/#primaryimage\"},\"image\":{\"@id\":\"https:\\\/\\\/shop.bantam.ch\\\/fr\\\/produit\\\/boite-a-tuyaux-mobile-movematic-12m-15m\\\/#primaryimage\"},\"thumbnailUrl\":\"https:\\\/\\\/shop.bantam.ch\\\/wp-content\\\/uploads\\\/2026\\\/01\\\/Movera-L-9988224100.png\",\"datePublished\":\"2026-01-06T17:13:16+00:00\",\"dateModified\":\"2026-04-17T21:53:11+00:00\",\"breadcrumb\":{\"@id\":\"https:\\\/\\\/shop.bantam.ch\\\/fr\\\/produit\\\/boite-a-tuyaux-mobile-movematic-12m-15m\\\/#breadcrumb\"},\"inLanguage\":\"fr-FR\",\"potentialAction\":[{\"@type\":\"ReadAction\",\"target\":[\"https:\\\/\\\/shop.bantam.ch\\\/fr\\\/produit\\\/boite-a-tuyaux-mobile-movematic-12m-15m\\\/\"]}]},{\"@type\":\"ImageObject\",\"inLanguage\":\"fr-FR\",\"@id\":\"https:\\\/\\\/shop.bantam.ch\\\/fr\\\/produit\\\/boite-a-tuyaux-mobile-movematic-12m-15m\\\/#primaryimage\",\"url\":\"https:\\\/\\\/shop.bantam.ch\\\/wp-content\\\/uploads\\\/2026\\\/01\\\/Movera-L-9988224100.png\",\"contentUrl\":\"https:\\\/\\\/shop.bantam.ch\\\/wp-content\\\/uploads\\\/2026\\\/01\\\/Movera-L-9988224100.png\",\"width\":446,\"height\":480},{\"@type\":\"BreadcrumbList\",\"@id\":\"https:\\\/\\\/shop.bantam.ch\\\/fr\\\/produit\\\/boite-a-tuyaux-mobile-movematic-12m-15m\\\/#breadcrumb\",\"itemListElement\":[{\"@type\":\"ListItem\",\"position\":1,\"name\":\"Accueil\",\"item\":\"https:\\\/\\\/shop.bantam.ch\\\/fr\\\/\"},{\"@type\":\"ListItem\",\"position\":2,\"name\":\"Boutique\",\"item\":\"https:\\\/\\\/shop.bantam.ch\\\/fr\\\/boutique\\\/\"},{\"@type\":\"ListItem\",\"position\":3,\"name\":\"Bo\u00eete \u00e0 tuyaux mobile MoveMatic 12m + 1,5m\"}]},{\"@type\":\"WebSite\",\"@id\":\"https:\\\/\\\/shop.bantam.ch\\\/fr\\\/#website\",\"url\":\"https:\\\/\\\/shop.bantam.ch\\\/fr\\\/\",\"name\":\"Bantam Wankm\u00fcller SA\",\"description\":\"\",\"publisher\":{\"@id\":\"https:\\\/\\\/shop.bantam.ch\\\/fr\\\/#organization\"},\"inLanguage\":\"fr-FR\"},{\"@type\":\"Organization\",\"@id\":\"https:\\\/\\\/shop.bantam.ch\\\/fr\\\/#organization\",\"name\":\"Bantam Wankm\u00fcller SA\",\"url\":\"https:\\\/\\\/shop.bantam.ch\\\/fr\\\/\",\"logo\":{\"@type\":\"ImageObject\",\"inLanguage\":\"fr-FR\",\"@id\":\"https:\\\/\\\/shop.bantam.ch\\\/fr\\\/#\\\/schema\\\/logo\\\/image\\\/\",\"url\":\"https:\\\/\\\/shop.bantam.ch\\\/wp-content\\\/uploads\\\/2022\\\/12\\\/bantam-logo.png\",\"contentUrl\":\"https:\\\/\\\/shop.bantam.ch\\\/wp-content\\\/uploads\\\/2022\\\/12\\\/bantam-logo.png\",\"width\":320,\"height\":71,\"caption\":\"Bantam Wankm\u00fcller SA\"},\"image\":{\"@id\":\"https:\\\/\\\/shop.bantam.ch\\\/fr\\\/#\\\/schema\\\/logo\\\/image\\\/\"}}]}<\/script>\n<!-- \/ Yoast SEO plugin. -->","yoast_head_json":{"title":"Bo\u00eete \u00e0 tuyaux mobile MoveMatic 12m + 1,5m - Bantam Wankm\u00fcller SA","robots":{"index":"index","follow":"follow","max-snippet":"max-snippet:-1","max-image-preview":"max-image-preview:large","max-video-preview":"max-video-preview:-1"},"canonical":"https:\/\/shop.bantam.ch\/fr\/produit\/boite-a-tuyaux-mobile-movematic-12m-15m\/","og_locale":"fr_FR","og_type":"article","og_title":"Bo\u00eete \u00e0 tuyaux mobile MoveMatic 12m + 1,5m - Bantam Wankm\u00fcller SA","og_description":"La bo\u00eete \u00e0 tuyau MoveMatic GARDENA est compacte et id\u00e9ale pour les balcons, les terrasses et les petits jardins. Elle dispose d&rsquo;un tuyau de 12,5 m, d&rsquo;un tuyau d&rsquo;alimentation de 1,5 m et d&rsquo;un enrouleur automatique avec RollControl pour un enroulement sans plis. Un dispositif externe permet de ranger le tuyau d&rsquo;alimentation, la bo\u00eete est [&hellip;]","og_url":"https:\/\/shop.bantam.ch\/fr\/produit\/boite-a-tuyaux-mobile-movematic-12m-15m\/","og_site_name":"Bantam Wankm\u00fcller SA","article_modified_time":"2026-04-17T21:53:11+00:00","twitter_card":"summary_large_image","schema":{"@context":"https:\/\/schema.org","@graph":[{"@type":"WebPage","@id":"https:\/\/shop.bantam.ch\/fr\/produit\/boite-a-tuyaux-mobile-movematic-12m-15m\/","url":"https:\/\/shop.bantam.ch\/fr\/produit\/boite-a-tuyaux-mobile-movematic-12m-15m\/","name":"Bo\u00eete \u00e0 tuyaux mobile MoveMatic 12m + 1,5m - Bantam Wankm\u00fcller SA","isPartOf":{"@id":"https:\/\/shop.bantam.ch\/fr\/#website"},"primaryImageOfPage":{"@id":"https:\/\/shop.bantam.ch\/fr\/produit\/boite-a-tuyaux-mobile-movematic-12m-15m\/#primaryimage"},"image":{"@id":"https:\/\/shop.bantam.ch\/fr\/produit\/boite-a-tuyaux-mobile-movematic-12m-15m\/#primaryimage"},"thumbnailUrl":"https:\/\/shop.bantam.ch\/wp-content\/uploads\/2026\/01\/Movera-L-9988224100.png","datePublished":"2026-01-06T17:13:16+00:00","dateModified":"2026-04-17T21:53:11+00:00","breadcrumb":{"@id":"https:\/\/shop.bantam.ch\/fr\/produit\/boite-a-tuyaux-mobile-movematic-12m-15m\/#breadcrumb"},"inLanguage":"fr-FR","potentialAction":[{"@type":"ReadAction","target":["https:\/\/shop.bantam.ch\/fr\/produit\/boite-a-tuyaux-mobile-movematic-12m-15m\/"]}]},{"@type":"ImageObject","inLanguage":"fr-FR","@id":"https:\/\/shop.bantam.ch\/fr\/produit\/boite-a-tuyaux-mobile-movematic-12m-15m\/#primaryimage","url":"https:\/\/shop.bantam.ch\/wp-content\/uploads\/2026\/01\/Movera-L-9988224100.png","contentUrl":"https:\/\/shop.bantam.ch\/wp-content\/uploads\/2026\/01\/Movera-L-9988224100.png","width":446,"height":480},{"@type":"BreadcrumbList","@id":"https:\/\/shop.bantam.ch\/fr\/produit\/boite-a-tuyaux-mobile-movematic-12m-15m\/#breadcrumb","itemListElement":[{"@type":"ListItem","position":1,"name":"Accueil","item":"https:\/\/shop.bantam.ch\/fr\/"},{"@type":"ListItem","position":2,"name":"Boutique","item":"https:\/\/shop.bantam.ch\/fr\/boutique\/"},{"@type":"ListItem","position":3,"name":"Bo\u00eete \u00e0 tuyaux mobile MoveMatic 12m + 1,5m"}]},{"@type":"WebSite","@id":"https:\/\/shop.bantam.ch\/fr\/#website","url":"https:\/\/shop.bantam.ch\/fr\/","name":"Bantam Wankm\u00fcller SA","description":"","publisher":{"@id":"https:\/\/shop.bantam.ch\/fr\/#organization"},"inLanguage":"fr-FR"},{"@type":"Organization","@id":"https:\/\/shop.bantam.ch\/fr\/#organization","name":"Bantam Wankm\u00fcller SA","url":"https:\/\/shop.bantam.ch\/fr\/","logo":{"@type":"ImageObject","inLanguage":"fr-FR","@id":"https:\/\/shop.bantam.ch\/fr\/#\/schema\/logo\/image\/","url":"https:\/\/shop.bantam.ch\/wp-content\/uploads\/2022\/12\/bantam-logo.png","contentUrl":"https:\/\/shop.bantam.ch\/wp-content\/uploads\/2022\/12\/bantam-logo.png","width":320,"height":71,"caption":"Bantam Wankm\u00fcller SA"},"image":{"@id":"https:\/\/shop.bantam.ch\/fr\/#\/schema\/logo\/image\/"}}]}},"_links":{"self":[{"href":"https:\/\/shop.bantam.ch\/fr\/wp-json\/wp\/v2\/product\/231855","targetHints":{"allow":["GET"]}}],"collection":[{"href":"https:\/\/shop.bantam.ch\/fr\/wp-json\/wp\/v2\/product"}],"about":[{"href":"https:\/\/shop.bantam.ch\/fr\/wp-json\/wp\/v2\/types\/product"}],"wp:featuredmedia":[{"embeddable":true,"href":"https:\/\/shop.bantam.ch\/fr\/wp-json\/wp\/v2\/media\/231853"}],"wp:attachment":[{"href":"https:\/\/shop.bantam.ch\/fr\/wp-json\/wp\/v2\/media?parent=231855"}],"wp:term":[{"taxonomy":"product_featured_cat","embeddable":true,"href":"https:\/\/shop.bantam.ch\/fr\/wp-json\/wp\/v2\/product_featured_cat?post=231855"},{"taxonomy":"product_brand","embeddable":true,"href":"https:\/\/shop.bantam.ch\/fr\/wp-json\/wp\/v2\/product_brand?post=231855"},{"taxonomy":"product_cat","embeddable":true,"href":"https:\/\/shop.bantam.ch\/fr\/wp-json\/wp\/v2\/product_cat?post=231855"},{"taxonomy":"product_tag","embeddable":true,"href":"https:\/\/shop.bantam.ch\/fr\/wp-json\/wp\/v2\/product_tag?post=231855"}],"curies":[{"name":"wp","href":"https:\/\/api.w.org\/{rel}","templated":true}]}}