{"id":231815,"date":"2026-01-06T18:12:16","date_gmt":"2026-01-06T17:12:16","guid":{"rendered":"https:\/\/shop.bantam.ch\/produit\/refrigerateur-a-compresseur-rc-10-4-m90-90-l-noir\/"},"modified":"2026-04-18T23:56:49","modified_gmt":"2026-04-18T21:56:49","slug":"refrigerateur-a-compresseur-rc-10-4-m90-90-l-noir","status":"publish","type":"product","link":"https:\/\/shop.bantam.ch\/fr\/produit\/refrigerateur-a-compresseur-rc-10-4-m90-90-l-noir\/","title":{"rendered":"R\u00e9frig\u00e9rateur \u00e0 compresseur, RC 10.4 M90, 90 l, noir"},"content":{"rendered":"<p>Le r\u00e9frig\u00e9rateur polyvalent de 90 litres Dometic RC 10.4M90 s&rsquo;int\u00e8gre parfaitement sous n&rsquo;importe quel plan de travail de cuisine. Le panneau de commande et le compresseur peuvent \u00eatre d\u00e9plac\u00e9s de mani\u00e8re flexible en cas de manque de place. Avec la s\u00e9rie Dometic 10, il offre une porte qui s&rsquo;ouvre des deux c\u00f4t\u00e9s, un compartiment cong\u00e9lateur amovible et un groupe de froid puissant &#8211; id\u00e9al aussi pour les climats chauds. La commande TFT intuitive permet un r\u00e9glage simple de la temp\u00e9rature, un mode nuit silencieux et une fonction booster pour un refroidissement rapide.<\/p>\n","protected":false},"excerpt":{"rendered":"<p>Le r\u00e9frig\u00e9rateur polyvalent de 90 litres Dometic RC 10.4M90 s&rsquo;int\u00e8gre parfaitement sous n&rsquo;importe quel plan de travail de cuisine. Le panneau de commande et le compresseur peuvent \u00eatre d\u00e9plac\u00e9s de mani\u00e8re flexible en cas de manque de place. Avec la s\u00e9rie Dometic 10, il offre une porte qui s&rsquo;ouvre des deux c\u00f4t\u00e9s, un compartiment cong\u00e9lateur [&hellip;]<\/p>\n","protected":false},"featured_media":231811,"template":"","meta":{"_acf_changed":false},"product_featured_cat":[],"product_brand":[],"product_cat":[4087],"product_tag":[],"class_list":{"0":"post-231815","1":"product","2":"type-product","3":"status-publish","4":"has-post-thumbnail","6":"product_cat-refrigerateurs","8":"first","9":"instock","10":"taxable","11":"shipping-taxable","12":"purchasable","13":"product-type-simple"},"acf":[],"yoast_head":"<!-- This site is optimized with the Yoast SEO plugin v27.4 - https:\/\/yoast.com\/product\/yoast-seo-wordpress\/ -->\n<title>R\u00e9frig\u00e9rateur \u00e0 compresseur, RC 10.4 M90, 90 l, noir - Bantam Wankm\u00fcller SA<\/title>\n<meta name=\"robots\" content=\"index, follow, max-snippet:-1, max-image-preview:large, max-video-preview:-1\" \/>\n<link rel=\"canonical\" href=\"https:\/\/shop.bantam.ch\/fr\/produit\/refrigerateur-a-compresseur-rc-10-4-m90-90-l-noir\/\" \/>\n<meta property=\"og:locale\" content=\"fr_FR\" \/>\n<meta property=\"og:type\" content=\"article\" \/>\n<meta property=\"og:title\" content=\"R\u00e9frig\u00e9rateur \u00e0 compresseur, RC 10.4 M90, 90 l, noir - Bantam Wankm\u00fcller SA\" \/>\n<meta property=\"og:description\" content=\"Le r\u00e9frig\u00e9rateur polyvalent de 90 litres Dometic RC 10.4M90 s&rsquo;int\u00e8gre parfaitement sous n&rsquo;importe quel plan de travail de cuisine. Le panneau de commande et le compresseur peuvent \u00eatre d\u00e9plac\u00e9s de mani\u00e8re flexible en cas de manque de place. Avec la s\u00e9rie Dometic 10, il offre une porte qui s&rsquo;ouvre des deux c\u00f4t\u00e9s, un compartiment cong\u00e9lateur [&hellip;]\" \/>\n<meta property=\"og:url\" content=\"https:\/\/shop.bantam.ch\/fr\/produit\/refrigerateur-a-compresseur-rc-10-4-m90-90-l-noir\/\" \/>\n<meta property=\"og:site_name\" content=\"Bantam Wankm\u00fcller SA\" \/>\n<meta property=\"article:modified_time\" content=\"2026-04-18T21:56:49+00:00\" \/>\n<meta name=\"twitter:card\" content=\"summary_large_image\" \/>\n<meta name=\"twitter:label1\" content=\"Dur\u00e9e de lecture estim\u00e9e\" \/>\n\t<meta name=\"twitter:data1\" content=\"1 minute\" \/>\n<script type=\"application\/ld+json\" class=\"yoast-schema-graph\">{\"@context\":\"https:\\\/\\\/schema.org\",\"@graph\":[{\"@type\":\"WebPage\",\"@id\":\"https:\\\/\\\/shop.bantam.ch\\\/fr\\\/produit\\\/refrigerateur-a-compresseur-rc-10-4-m90-90-l-noir\\\/\",\"url\":\"https:\\\/\\\/shop.bantam.ch\\\/fr\\\/produit\\\/refrigerateur-a-compresseur-rc-10-4-m90-90-l-noir\\\/\",\"name\":\"R\u00e9frig\u00e9rateur \u00e0 compresseur, RC 10.4 M90, 90 l, noir - Bantam Wankm\u00fcller SA\",\"isPartOf\":{\"@id\":\"https:\\\/\\\/shop.bantam.ch\\\/fr\\\/#website\"},\"primaryImageOfPage\":{\"@id\":\"https:\\\/\\\/shop.bantam.ch\\\/fr\\\/produit\\\/refrigerateur-a-compresseur-rc-10-4-m90-90-l-noir\\\/#primaryimage\"},\"image\":{\"@id\":\"https:\\\/\\\/shop.bantam.ch\\\/fr\\\/produit\\\/refrigerateur-a-compresseur-rc-10-4-m90-90-l-noir\\\/#primaryimage\"},\"thumbnailUrl\":\"https:\\\/\\\/shop.bantam.ch\\\/wp-content\\\/uploads\\\/2026\\\/01\\\/Movera-L-9988219100.png\",\"datePublished\":\"2026-01-06T17:12:16+00:00\",\"dateModified\":\"2026-04-18T21:56:49+00:00\",\"breadcrumb\":{\"@id\":\"https:\\\/\\\/shop.bantam.ch\\\/fr\\\/produit\\\/refrigerateur-a-compresseur-rc-10-4-m90-90-l-noir\\\/#breadcrumb\"},\"inLanguage\":\"fr-FR\",\"potentialAction\":[{\"@type\":\"ReadAction\",\"target\":[\"https:\\\/\\\/shop.bantam.ch\\\/fr\\\/produit\\\/refrigerateur-a-compresseur-rc-10-4-m90-90-l-noir\\\/\"]}]},{\"@type\":\"ImageObject\",\"inLanguage\":\"fr-FR\",\"@id\":\"https:\\\/\\\/shop.bantam.ch\\\/fr\\\/produit\\\/refrigerateur-a-compresseur-rc-10-4-m90-90-l-noir\\\/#primaryimage\",\"url\":\"https:\\\/\\\/shop.bantam.ch\\\/wp-content\\\/uploads\\\/2026\\\/01\\\/Movera-L-9988219100.png\",\"contentUrl\":\"https:\\\/\\\/shop.bantam.ch\\\/wp-content\\\/uploads\\\/2026\\\/01\\\/Movera-L-9988219100.png\",\"width\":640,\"height\":640},{\"@type\":\"BreadcrumbList\",\"@id\":\"https:\\\/\\\/shop.bantam.ch\\\/fr\\\/produit\\\/refrigerateur-a-compresseur-rc-10-4-m90-90-l-noir\\\/#breadcrumb\",\"itemListElement\":[{\"@type\":\"ListItem\",\"position\":1,\"name\":\"Accueil\",\"item\":\"https:\\\/\\\/shop.bantam.ch\\\/fr\\\/\"},{\"@type\":\"ListItem\",\"position\":2,\"name\":\"Boutique\",\"item\":\"https:\\\/\\\/shop.bantam.ch\\\/fr\\\/boutique\\\/\"},{\"@type\":\"ListItem\",\"position\":3,\"name\":\"R\u00e9frig\u00e9rateur \u00e0 compresseur, RC 10.4 M90, 90 l, noir\"}]},{\"@type\":\"WebSite\",\"@id\":\"https:\\\/\\\/shop.bantam.ch\\\/fr\\\/#website\",\"url\":\"https:\\\/\\\/shop.bantam.ch\\\/fr\\\/\",\"name\":\"Bantam Wankm\u00fcller SA\",\"description\":\"\",\"publisher\":{\"@id\":\"https:\\\/\\\/shop.bantam.ch\\\/fr\\\/#organization\"},\"inLanguage\":\"fr-FR\"},{\"@type\":\"Organization\",\"@id\":\"https:\\\/\\\/shop.bantam.ch\\\/fr\\\/#organization\",\"name\":\"Bantam Wankm\u00fcller SA\",\"url\":\"https:\\\/\\\/shop.bantam.ch\\\/fr\\\/\",\"logo\":{\"@type\":\"ImageObject\",\"inLanguage\":\"fr-FR\",\"@id\":\"https:\\\/\\\/shop.bantam.ch\\\/fr\\\/#\\\/schema\\\/logo\\\/image\\\/\",\"url\":\"https:\\\/\\\/shop.bantam.ch\\\/wp-content\\\/uploads\\\/2022\\\/12\\\/bantam-logo.png\",\"contentUrl\":\"https:\\\/\\\/shop.bantam.ch\\\/wp-content\\\/uploads\\\/2022\\\/12\\\/bantam-logo.png\",\"width\":320,\"height\":71,\"caption\":\"Bantam Wankm\u00fcller SA\"},\"image\":{\"@id\":\"https:\\\/\\\/shop.bantam.ch\\\/fr\\\/#\\\/schema\\\/logo\\\/image\\\/\"}}]}<\/script>\n<!-- \/ Yoast SEO plugin. -->","yoast_head_json":{"title":"R\u00e9frig\u00e9rateur \u00e0 compresseur, RC 10.4 M90, 90 l, noir - Bantam Wankm\u00fcller SA","robots":{"index":"index","follow":"follow","max-snippet":"max-snippet:-1","max-image-preview":"max-image-preview:large","max-video-preview":"max-video-preview:-1"},"canonical":"https:\/\/shop.bantam.ch\/fr\/produit\/refrigerateur-a-compresseur-rc-10-4-m90-90-l-noir\/","og_locale":"fr_FR","og_type":"article","og_title":"R\u00e9frig\u00e9rateur \u00e0 compresseur, RC 10.4 M90, 90 l, noir - Bantam Wankm\u00fcller SA","og_description":"Le r\u00e9frig\u00e9rateur polyvalent de 90 litres Dometic RC 10.4M90 s&rsquo;int\u00e8gre parfaitement sous n&rsquo;importe quel plan de travail de cuisine. Le panneau de commande et le compresseur peuvent \u00eatre d\u00e9plac\u00e9s de mani\u00e8re flexible en cas de manque de place. Avec la s\u00e9rie Dometic 10, il offre une porte qui s&rsquo;ouvre des deux c\u00f4t\u00e9s, un compartiment cong\u00e9lateur [&hellip;]","og_url":"https:\/\/shop.bantam.ch\/fr\/produit\/refrigerateur-a-compresseur-rc-10-4-m90-90-l-noir\/","og_site_name":"Bantam Wankm\u00fcller SA","article_modified_time":"2026-04-18T21:56:49+00:00","twitter_card":"summary_large_image","twitter_misc":{"Dur\u00e9e de lecture estim\u00e9e":"1 minute"},"schema":{"@context":"https:\/\/schema.org","@graph":[{"@type":"WebPage","@id":"https:\/\/shop.bantam.ch\/fr\/produit\/refrigerateur-a-compresseur-rc-10-4-m90-90-l-noir\/","url":"https:\/\/shop.bantam.ch\/fr\/produit\/refrigerateur-a-compresseur-rc-10-4-m90-90-l-noir\/","name":"R\u00e9frig\u00e9rateur \u00e0 compresseur, RC 10.4 M90, 90 l, noir - Bantam Wankm\u00fcller SA","isPartOf":{"@id":"https:\/\/shop.bantam.ch\/fr\/#website"},"primaryImageOfPage":{"@id":"https:\/\/shop.bantam.ch\/fr\/produit\/refrigerateur-a-compresseur-rc-10-4-m90-90-l-noir\/#primaryimage"},"image":{"@id":"https:\/\/shop.bantam.ch\/fr\/produit\/refrigerateur-a-compresseur-rc-10-4-m90-90-l-noir\/#primaryimage"},"thumbnailUrl":"https:\/\/shop.bantam.ch\/wp-content\/uploads\/2026\/01\/Movera-L-9988219100.png","datePublished":"2026-01-06T17:12:16+00:00","dateModified":"2026-04-18T21:56:49+00:00","breadcrumb":{"@id":"https:\/\/shop.bantam.ch\/fr\/produit\/refrigerateur-a-compresseur-rc-10-4-m90-90-l-noir\/#breadcrumb"},"inLanguage":"fr-FR","potentialAction":[{"@type":"ReadAction","target":["https:\/\/shop.bantam.ch\/fr\/produit\/refrigerateur-a-compresseur-rc-10-4-m90-90-l-noir\/"]}]},{"@type":"ImageObject","inLanguage":"fr-FR","@id":"https:\/\/shop.bantam.ch\/fr\/produit\/refrigerateur-a-compresseur-rc-10-4-m90-90-l-noir\/#primaryimage","url":"https:\/\/shop.bantam.ch\/wp-content\/uploads\/2026\/01\/Movera-L-9988219100.png","contentUrl":"https:\/\/shop.bantam.ch\/wp-content\/uploads\/2026\/01\/Movera-L-9988219100.png","width":640,"height":640},{"@type":"BreadcrumbList","@id":"https:\/\/shop.bantam.ch\/fr\/produit\/refrigerateur-a-compresseur-rc-10-4-m90-90-l-noir\/#breadcrumb","itemListElement":[{"@type":"ListItem","position":1,"name":"Accueil","item":"https:\/\/shop.bantam.ch\/fr\/"},{"@type":"ListItem","position":2,"name":"Boutique","item":"https:\/\/shop.bantam.ch\/fr\/boutique\/"},{"@type":"ListItem","position":3,"name":"R\u00e9frig\u00e9rateur \u00e0 compresseur, RC 10.4 M90, 90 l, noir"}]},{"@type":"WebSite","@id":"https:\/\/shop.bantam.ch\/fr\/#website","url":"https:\/\/shop.bantam.ch\/fr\/","name":"Bantam Wankm\u00fcller SA","description":"","publisher":{"@id":"https:\/\/shop.bantam.ch\/fr\/#organization"},"inLanguage":"fr-FR"},{"@type":"Organization","@id":"https:\/\/shop.bantam.ch\/fr\/#organization","name":"Bantam Wankm\u00fcller SA","url":"https:\/\/shop.bantam.ch\/fr\/","logo":{"@type":"ImageObject","inLanguage":"fr-FR","@id":"https:\/\/shop.bantam.ch\/fr\/#\/schema\/logo\/image\/","url":"https:\/\/shop.bantam.ch\/wp-content\/uploads\/2022\/12\/bantam-logo.png","contentUrl":"https:\/\/shop.bantam.ch\/wp-content\/uploads\/2022\/12\/bantam-logo.png","width":320,"height":71,"caption":"Bantam Wankm\u00fcller SA"},"image":{"@id":"https:\/\/shop.bantam.ch\/fr\/#\/schema\/logo\/image\/"}}]}},"_links":{"self":[{"href":"https:\/\/shop.bantam.ch\/fr\/wp-json\/wp\/v2\/product\/231815","targetHints":{"allow":["GET"]}}],"collection":[{"href":"https:\/\/shop.bantam.ch\/fr\/wp-json\/wp\/v2\/product"}],"about":[{"href":"https:\/\/shop.bantam.ch\/fr\/wp-json\/wp\/v2\/types\/product"}],"wp:featuredmedia":[{"embeddable":true,"href":"https:\/\/shop.bantam.ch\/fr\/wp-json\/wp\/v2\/media\/231811"}],"wp:attachment":[{"href":"https:\/\/shop.bantam.ch\/fr\/wp-json\/wp\/v2\/media?parent=231815"}],"wp:term":[{"taxonomy":"product_featured_cat","embeddable":true,"href":"https:\/\/shop.bantam.ch\/fr\/wp-json\/wp\/v2\/product_featured_cat?post=231815"},{"taxonomy":"product_brand","embeddable":true,"href":"https:\/\/shop.bantam.ch\/fr\/wp-json\/wp\/v2\/product_brand?post=231815"},{"taxonomy":"product_cat","embeddable":true,"href":"https:\/\/shop.bantam.ch\/fr\/wp-json\/wp\/v2\/product_cat?post=231815"},{"taxonomy":"product_tag","embeddable":true,"href":"https:\/\/shop.bantam.ch\/fr\/wp-json\/wp\/v2\/product_tag?post=231815"}],"curies":[{"name":"wp","href":"https:\/\/api.w.org\/{rel}","templated":true}]}}