{"id":231769,"date":"2026-01-06T18:10:57","date_gmt":"2026-01-06T17:10:57","guid":{"rendered":"https:\/\/shop.bantam.ch\/produit\/brosse-a-vaisselle-avec-egouttoir-swift-noir-argent\/"},"modified":"2026-04-18T23:56:43","modified_gmt":"2026-04-18T21:56:43","slug":"brosse-a-vaisselle-avec-egouttoir-swift-noir-argent","status":"publish","type":"product","link":"https:\/\/shop.bantam.ch\/fr\/produit\/brosse-a-vaisselle-avec-egouttoir-swift-noir-argent\/","title":{"rendered":"Brosse \u00e0 vaisselle avec \u00e9gouttoir SWIFT noir \/ argent"},"content":{"rendered":"<p>Brosse \u00e0 vaisselle avec \u00e9gouttoir SWIFT<br \/>\nFaire la vaisselle devient enfin un plaisir ! La puissante brosse en nylon nettoie les casseroles et la vaisselle sales avec beaucoup de force et de douceur, le produit vaisselle dans le distributeur int\u00e9gr\u00e9 se dose parfaitement par simple pression d&rsquo;un bouton jusqu&rsquo;\u00e0 ce que tout brille et resplendisse de propret\u00e9. Gr\u00e2ce au support d&rsquo;\u00e9gouttage, la brosse peut s\u00e9cher correctement, tandis que le plan de travail reste toujours propre et rang\u00e9.<\/p>\n<ul>\n<li>r\u00e9cipient de produit \u00e0 vaisselle transparent (contenu : 50 ml), facile \u00e0 remplir gr\u00e2ce au bouchon viss\u00e9<\/li>\n<li>hygi\u00e9nique, brosse en nylon robuste<\/li>\n<li>\u00e9gouttoir inclus pour un rangement propre et hygi\u00e9nique<\/li>\n<li>forme ergonomique<\/li>\n<\/ul>\n","protected":false},"excerpt":{"rendered":"<p>Brosse \u00e0 vaisselle avec \u00e9gouttoir SWIFT Faire la vaisselle devient enfin un plaisir ! La puissante brosse en nylon nettoie les casseroles et la vaisselle sales avec beaucoup de force et de douceur, le produit vaisselle dans le distributeur int\u00e9gr\u00e9 se dose parfaitement par simple pression d&rsquo;un bouton jusqu&rsquo;\u00e0 ce que tout brille et resplendisse [&hellip;]<\/p>\n","protected":false},"featured_media":231761,"template":"","meta":{"_acf_changed":false},"product_featured_cat":[],"product_brand":[],"product_cat":[4289],"product_tag":[],"class_list":{"0":"post-231769","1":"product","2":"type-product","3":"status-publish","4":"has-post-thumbnail","6":"product_cat-rincage-et-nettoyage","8":"first","9":"instock","10":"taxable","11":"shipping-taxable","12":"purchasable","13":"product-type-simple"},"acf":[],"yoast_head":"<!-- This site is optimized with the Yoast SEO plugin v27.4 - https:\/\/yoast.com\/product\/yoast-seo-wordpress\/ -->\n<title>Brosse \u00e0 vaisselle avec \u00e9gouttoir SWIFT noir \/ argent - Bantam Wankm\u00fcller SA<\/title>\n<meta name=\"robots\" content=\"index, follow, max-snippet:-1, max-image-preview:large, max-video-preview:-1\" \/>\n<link rel=\"canonical\" href=\"https:\/\/shop.bantam.ch\/fr\/produit\/brosse-a-vaisselle-avec-egouttoir-swift-noir-argent\/\" \/>\n<meta property=\"og:locale\" content=\"fr_FR\" \/>\n<meta property=\"og:type\" content=\"article\" \/>\n<meta property=\"og:title\" content=\"Brosse \u00e0 vaisselle avec \u00e9gouttoir SWIFT noir \/ argent - Bantam Wankm\u00fcller SA\" \/>\n<meta property=\"og:description\" content=\"Brosse \u00e0 vaisselle avec \u00e9gouttoir SWIFT Faire la vaisselle devient enfin un plaisir ! La puissante brosse en nylon nettoie les casseroles et la vaisselle sales avec beaucoup de force et de douceur, le produit vaisselle dans le distributeur int\u00e9gr\u00e9 se dose parfaitement par simple pression d&rsquo;un bouton jusqu&rsquo;\u00e0 ce que tout brille et resplendisse [&hellip;]\" \/>\n<meta property=\"og:url\" content=\"https:\/\/shop.bantam.ch\/fr\/produit\/brosse-a-vaisselle-avec-egouttoir-swift-noir-argent\/\" \/>\n<meta property=\"og:site_name\" content=\"Bantam Wankm\u00fcller SA\" \/>\n<meta property=\"article:modified_time\" content=\"2026-04-18T21:56:43+00:00\" \/>\n<meta name=\"twitter:card\" content=\"summary_large_image\" \/>\n<meta name=\"twitter:label1\" content=\"Dur\u00e9e de lecture estim\u00e9e\" \/>\n\t<meta name=\"twitter:data1\" content=\"1 minute\" \/>\n<script type=\"application\/ld+json\" class=\"yoast-schema-graph\">{\"@context\":\"https:\\\/\\\/schema.org\",\"@graph\":[{\"@type\":\"WebPage\",\"@id\":\"https:\\\/\\\/shop.bantam.ch\\\/fr\\\/produit\\\/brosse-a-vaisselle-avec-egouttoir-swift-noir-argent\\\/\",\"url\":\"https:\\\/\\\/shop.bantam.ch\\\/fr\\\/produit\\\/brosse-a-vaisselle-avec-egouttoir-swift-noir-argent\\\/\",\"name\":\"Brosse \u00e0 vaisselle avec \u00e9gouttoir SWIFT noir \\\/ argent - Bantam Wankm\u00fcller SA\",\"isPartOf\":{\"@id\":\"https:\\\/\\\/shop.bantam.ch\\\/fr\\\/#website\"},\"primaryImageOfPage\":{\"@id\":\"https:\\\/\\\/shop.bantam.ch\\\/fr\\\/produit\\\/brosse-a-vaisselle-avec-egouttoir-swift-noir-argent\\\/#primaryimage\"},\"image\":{\"@id\":\"https:\\\/\\\/shop.bantam.ch\\\/fr\\\/produit\\\/brosse-a-vaisselle-avec-egouttoir-swift-noir-argent\\\/#primaryimage\"},\"thumbnailUrl\":\"https:\\\/\\\/shop.bantam.ch\\\/wp-content\\\/uploads\\\/2026\\\/01\\\/Movera-L-9987285100.jpg\",\"datePublished\":\"2026-01-06T17:10:57+00:00\",\"dateModified\":\"2026-04-18T21:56:43+00:00\",\"breadcrumb\":{\"@id\":\"https:\\\/\\\/shop.bantam.ch\\\/fr\\\/produit\\\/brosse-a-vaisselle-avec-egouttoir-swift-noir-argent\\\/#breadcrumb\"},\"inLanguage\":\"fr-FR\",\"potentialAction\":[{\"@type\":\"ReadAction\",\"target\":[\"https:\\\/\\\/shop.bantam.ch\\\/fr\\\/produit\\\/brosse-a-vaisselle-avec-egouttoir-swift-noir-argent\\\/\"]}]},{\"@type\":\"ImageObject\",\"inLanguage\":\"fr-FR\",\"@id\":\"https:\\\/\\\/shop.bantam.ch\\\/fr\\\/produit\\\/brosse-a-vaisselle-avec-egouttoir-swift-noir-argent\\\/#primaryimage\",\"url\":\"https:\\\/\\\/shop.bantam.ch\\\/wp-content\\\/uploads\\\/2026\\\/01\\\/Movera-L-9987285100.jpg\",\"contentUrl\":\"https:\\\/\\\/shop.bantam.ch\\\/wp-content\\\/uploads\\\/2026\\\/01\\\/Movera-L-9987285100.jpg\",\"width\":640,\"height\":1162},{\"@type\":\"BreadcrumbList\",\"@id\":\"https:\\\/\\\/shop.bantam.ch\\\/fr\\\/produit\\\/brosse-a-vaisselle-avec-egouttoir-swift-noir-argent\\\/#breadcrumb\",\"itemListElement\":[{\"@type\":\"ListItem\",\"position\":1,\"name\":\"Accueil\",\"item\":\"https:\\\/\\\/shop.bantam.ch\\\/fr\\\/\"},{\"@type\":\"ListItem\",\"position\":2,\"name\":\"Boutique\",\"item\":\"https:\\\/\\\/shop.bantam.ch\\\/fr\\\/boutique\\\/\"},{\"@type\":\"ListItem\",\"position\":3,\"name\":\"Brosse \u00e0 vaisselle avec \u00e9gouttoir SWIFT noir \\\/ argent\"}]},{\"@type\":\"WebSite\",\"@id\":\"https:\\\/\\\/shop.bantam.ch\\\/fr\\\/#website\",\"url\":\"https:\\\/\\\/shop.bantam.ch\\\/fr\\\/\",\"name\":\"Bantam Wankm\u00fcller SA\",\"description\":\"\",\"publisher\":{\"@id\":\"https:\\\/\\\/shop.bantam.ch\\\/fr\\\/#organization\"},\"inLanguage\":\"fr-FR\"},{\"@type\":\"Organization\",\"@id\":\"https:\\\/\\\/shop.bantam.ch\\\/fr\\\/#organization\",\"name\":\"Bantam Wankm\u00fcller SA\",\"url\":\"https:\\\/\\\/shop.bantam.ch\\\/fr\\\/\",\"logo\":{\"@type\":\"ImageObject\",\"inLanguage\":\"fr-FR\",\"@id\":\"https:\\\/\\\/shop.bantam.ch\\\/fr\\\/#\\\/schema\\\/logo\\\/image\\\/\",\"url\":\"https:\\\/\\\/shop.bantam.ch\\\/wp-content\\\/uploads\\\/2022\\\/12\\\/bantam-logo.png\",\"contentUrl\":\"https:\\\/\\\/shop.bantam.ch\\\/wp-content\\\/uploads\\\/2022\\\/12\\\/bantam-logo.png\",\"width\":320,\"height\":71,\"caption\":\"Bantam Wankm\u00fcller SA\"},\"image\":{\"@id\":\"https:\\\/\\\/shop.bantam.ch\\\/fr\\\/#\\\/schema\\\/logo\\\/image\\\/\"}}]}<\/script>\n<!-- \/ Yoast SEO plugin. -->","yoast_head_json":{"title":"Brosse \u00e0 vaisselle avec \u00e9gouttoir SWIFT noir \/ argent - Bantam Wankm\u00fcller SA","robots":{"index":"index","follow":"follow","max-snippet":"max-snippet:-1","max-image-preview":"max-image-preview:large","max-video-preview":"max-video-preview:-1"},"canonical":"https:\/\/shop.bantam.ch\/fr\/produit\/brosse-a-vaisselle-avec-egouttoir-swift-noir-argent\/","og_locale":"fr_FR","og_type":"article","og_title":"Brosse \u00e0 vaisselle avec \u00e9gouttoir SWIFT noir \/ argent - Bantam Wankm\u00fcller SA","og_description":"Brosse \u00e0 vaisselle avec \u00e9gouttoir SWIFT Faire la vaisselle devient enfin un plaisir ! La puissante brosse en nylon nettoie les casseroles et la vaisselle sales avec beaucoup de force et de douceur, le produit vaisselle dans le distributeur int\u00e9gr\u00e9 se dose parfaitement par simple pression d&rsquo;un bouton jusqu&rsquo;\u00e0 ce que tout brille et resplendisse [&hellip;]","og_url":"https:\/\/shop.bantam.ch\/fr\/produit\/brosse-a-vaisselle-avec-egouttoir-swift-noir-argent\/","og_site_name":"Bantam Wankm\u00fcller SA","article_modified_time":"2026-04-18T21:56:43+00:00","twitter_card":"summary_large_image","twitter_misc":{"Dur\u00e9e de lecture estim\u00e9e":"1 minute"},"schema":{"@context":"https:\/\/schema.org","@graph":[{"@type":"WebPage","@id":"https:\/\/shop.bantam.ch\/fr\/produit\/brosse-a-vaisselle-avec-egouttoir-swift-noir-argent\/","url":"https:\/\/shop.bantam.ch\/fr\/produit\/brosse-a-vaisselle-avec-egouttoir-swift-noir-argent\/","name":"Brosse \u00e0 vaisselle avec \u00e9gouttoir SWIFT noir \/ argent - Bantam Wankm\u00fcller SA","isPartOf":{"@id":"https:\/\/shop.bantam.ch\/fr\/#website"},"primaryImageOfPage":{"@id":"https:\/\/shop.bantam.ch\/fr\/produit\/brosse-a-vaisselle-avec-egouttoir-swift-noir-argent\/#primaryimage"},"image":{"@id":"https:\/\/shop.bantam.ch\/fr\/produit\/brosse-a-vaisselle-avec-egouttoir-swift-noir-argent\/#primaryimage"},"thumbnailUrl":"https:\/\/shop.bantam.ch\/wp-content\/uploads\/2026\/01\/Movera-L-9987285100.jpg","datePublished":"2026-01-06T17:10:57+00:00","dateModified":"2026-04-18T21:56:43+00:00","breadcrumb":{"@id":"https:\/\/shop.bantam.ch\/fr\/produit\/brosse-a-vaisselle-avec-egouttoir-swift-noir-argent\/#breadcrumb"},"inLanguage":"fr-FR","potentialAction":[{"@type":"ReadAction","target":["https:\/\/shop.bantam.ch\/fr\/produit\/brosse-a-vaisselle-avec-egouttoir-swift-noir-argent\/"]}]},{"@type":"ImageObject","inLanguage":"fr-FR","@id":"https:\/\/shop.bantam.ch\/fr\/produit\/brosse-a-vaisselle-avec-egouttoir-swift-noir-argent\/#primaryimage","url":"https:\/\/shop.bantam.ch\/wp-content\/uploads\/2026\/01\/Movera-L-9987285100.jpg","contentUrl":"https:\/\/shop.bantam.ch\/wp-content\/uploads\/2026\/01\/Movera-L-9987285100.jpg","width":640,"height":1162},{"@type":"BreadcrumbList","@id":"https:\/\/shop.bantam.ch\/fr\/produit\/brosse-a-vaisselle-avec-egouttoir-swift-noir-argent\/#breadcrumb","itemListElement":[{"@type":"ListItem","position":1,"name":"Accueil","item":"https:\/\/shop.bantam.ch\/fr\/"},{"@type":"ListItem","position":2,"name":"Boutique","item":"https:\/\/shop.bantam.ch\/fr\/boutique\/"},{"@type":"ListItem","position":3,"name":"Brosse \u00e0 vaisselle avec \u00e9gouttoir SWIFT noir \/ argent"}]},{"@type":"WebSite","@id":"https:\/\/shop.bantam.ch\/fr\/#website","url":"https:\/\/shop.bantam.ch\/fr\/","name":"Bantam Wankm\u00fcller SA","description":"","publisher":{"@id":"https:\/\/shop.bantam.ch\/fr\/#organization"},"inLanguage":"fr-FR"},{"@type":"Organization","@id":"https:\/\/shop.bantam.ch\/fr\/#organization","name":"Bantam Wankm\u00fcller SA","url":"https:\/\/shop.bantam.ch\/fr\/","logo":{"@type":"ImageObject","inLanguage":"fr-FR","@id":"https:\/\/shop.bantam.ch\/fr\/#\/schema\/logo\/image\/","url":"https:\/\/shop.bantam.ch\/wp-content\/uploads\/2022\/12\/bantam-logo.png","contentUrl":"https:\/\/shop.bantam.ch\/wp-content\/uploads\/2022\/12\/bantam-logo.png","width":320,"height":71,"caption":"Bantam Wankm\u00fcller SA"},"image":{"@id":"https:\/\/shop.bantam.ch\/fr\/#\/schema\/logo\/image\/"}}]}},"_links":{"self":[{"href":"https:\/\/shop.bantam.ch\/fr\/wp-json\/wp\/v2\/product\/231769","targetHints":{"allow":["GET"]}}],"collection":[{"href":"https:\/\/shop.bantam.ch\/fr\/wp-json\/wp\/v2\/product"}],"about":[{"href":"https:\/\/shop.bantam.ch\/fr\/wp-json\/wp\/v2\/types\/product"}],"wp:featuredmedia":[{"embeddable":true,"href":"https:\/\/shop.bantam.ch\/fr\/wp-json\/wp\/v2\/media\/231761"}],"wp:attachment":[{"href":"https:\/\/shop.bantam.ch\/fr\/wp-json\/wp\/v2\/media?parent=231769"}],"wp:term":[{"taxonomy":"product_featured_cat","embeddable":true,"href":"https:\/\/shop.bantam.ch\/fr\/wp-json\/wp\/v2\/product_featured_cat?post=231769"},{"taxonomy":"product_brand","embeddable":true,"href":"https:\/\/shop.bantam.ch\/fr\/wp-json\/wp\/v2\/product_brand?post=231769"},{"taxonomy":"product_cat","embeddable":true,"href":"https:\/\/shop.bantam.ch\/fr\/wp-json\/wp\/v2\/product_cat?post=231769"},{"taxonomy":"product_tag","embeddable":true,"href":"https:\/\/shop.bantam.ch\/fr\/wp-json\/wp\/v2\/product_tag?post=231769"}],"curies":[{"name":"wp","href":"https:\/\/api.w.org\/{rel}","templated":true}]}}