{"id":231703,"date":"2026-01-06T18:08:49","date_gmt":"2026-01-06T17:08:49","guid":{"rendered":"https:\/\/shop.bantam.ch\/produit\/module-dalimentation-en-eau-bleu\/"},"modified":"2026-04-21T23:58:11","modified_gmt":"2026-04-21T21:58:11","slug":"module-dalimentation-en-eau-bleu","status":"publish","type":"product","link":"https:\/\/shop.bantam.ch\/fr\/produit\/module-dalimentation-en-eau-bleu\/","title":{"rendered":"Module d&rsquo;alimentation en eau, bleu"},"content":{"rendered":"<p>Reich Smart Supply &#8211; Syst\u00e8me d&rsquo;alimentation modulaire<\/p>\n<p>Le module d&rsquo;alimentation en eau simplifie l&rsquo;alimentation en eau fra\u00eeche directement sur le v\u00e9hicule et est id\u00e9al pour une utilisation en plein air. Il est mont\u00e9 sur le v\u00e9hicule et offre des possibilit\u00e9s de raccordement prot\u00e9g\u00e9es pour les \u00e9l\u00e9ments d&rsquo;alimentation.<\/p>\n<p>Les avantages :<\/p>\n<ul>\n<li>Modulaire et utilisable de mani\u00e8re flexible<\/li>\n<li>Finition de haute qualit\u00e9<\/li>\n<li>Alimentation simple en eau fra\u00eeche<\/li>\n<li>R\u00e9sistant aux intemp\u00e9ries et robuste pour une utilisation en ext\u00e9rieur<\/li>\n<\/ul>\n","protected":false},"excerpt":{"rendered":"<p>Reich Smart Supply &#8211; Syst\u00e8me d&rsquo;alimentation modulaire Le module d&rsquo;alimentation en eau simplifie l&rsquo;alimentation en eau fra\u00eeche directement sur le v\u00e9hicule et est id\u00e9al pour une utilisation en plein air. Il est mont\u00e9 sur le v\u00e9hicule et offre des possibilit\u00e9s de raccordement prot\u00e9g\u00e9es pour les \u00e9l\u00e9ments d&rsquo;alimentation. Les avantages : Modulaire et utilisable de mani\u00e8re [&hellip;]<\/p>\n","protected":false},"featured_media":231701,"template":"","meta":{"_acf_changed":false},"product_featured_cat":[],"product_brand":[],"product_cat":[4633],"product_tag":[],"class_list":{"0":"post-231703","1":"product","2":"type-product","3":"status-publish","4":"has-post-thumbnail","6":"product_cat-prises-deau","8":"first","9":"instock","10":"taxable","11":"shipping-taxable","12":"purchasable","13":"product-type-simple"},"acf":[],"yoast_head":"<!-- This site is optimized with the Yoast SEO plugin v27.4 - https:\/\/yoast.com\/product\/yoast-seo-wordpress\/ -->\n<title>Module d&#039;alimentation en eau, bleu - Bantam Wankm\u00fcller SA<\/title>\n<meta name=\"robots\" content=\"index, follow, max-snippet:-1, max-image-preview:large, max-video-preview:-1\" \/>\n<link rel=\"canonical\" href=\"https:\/\/shop.bantam.ch\/fr\/produit\/module-dalimentation-en-eau-bleu\/\" \/>\n<meta property=\"og:locale\" content=\"fr_FR\" \/>\n<meta property=\"og:type\" content=\"article\" \/>\n<meta property=\"og:title\" content=\"Module d&#039;alimentation en eau, bleu - Bantam Wankm\u00fcller SA\" \/>\n<meta property=\"og:description\" content=\"Reich Smart Supply &#8211; Syst\u00e8me d&rsquo;alimentation modulaire Le module d&rsquo;alimentation en eau simplifie l&rsquo;alimentation en eau fra\u00eeche directement sur le v\u00e9hicule et est id\u00e9al pour une utilisation en plein air. Il est mont\u00e9 sur le v\u00e9hicule et offre des possibilit\u00e9s de raccordement prot\u00e9g\u00e9es pour les \u00e9l\u00e9ments d&rsquo;alimentation. Les avantages : Modulaire et utilisable de mani\u00e8re [&hellip;]\" \/>\n<meta property=\"og:url\" content=\"https:\/\/shop.bantam.ch\/fr\/produit\/module-dalimentation-en-eau-bleu\/\" \/>\n<meta property=\"og:site_name\" content=\"Bantam Wankm\u00fcller SA\" \/>\n<meta property=\"article:modified_time\" content=\"2026-04-21T21:58:11+00:00\" \/>\n<meta name=\"twitter:card\" content=\"summary_large_image\" \/>\n<script type=\"application\/ld+json\" class=\"yoast-schema-graph\">{\"@context\":\"https:\\\/\\\/schema.org\",\"@graph\":[{\"@type\":\"WebPage\",\"@id\":\"https:\\\/\\\/shop.bantam.ch\\\/fr\\\/produit\\\/module-dalimentation-en-eau-bleu\\\/\",\"url\":\"https:\\\/\\\/shop.bantam.ch\\\/fr\\\/produit\\\/module-dalimentation-en-eau-bleu\\\/\",\"name\":\"Module d'alimentation en eau, bleu - Bantam Wankm\u00fcller SA\",\"isPartOf\":{\"@id\":\"https:\\\/\\\/shop.bantam.ch\\\/fr\\\/#website\"},\"primaryImageOfPage\":{\"@id\":\"https:\\\/\\\/shop.bantam.ch\\\/fr\\\/produit\\\/module-dalimentation-en-eau-bleu\\\/#primaryimage\"},\"image\":{\"@id\":\"https:\\\/\\\/shop.bantam.ch\\\/fr\\\/produit\\\/module-dalimentation-en-eau-bleu\\\/#primaryimage\"},\"thumbnailUrl\":\"https:\\\/\\\/shop.bantam.ch\\\/wp-content\\\/uploads\\\/2026\\\/01\\\/Movera-L-9988148100.png\",\"datePublished\":\"2026-01-06T17:08:49+00:00\",\"dateModified\":\"2026-04-21T21:58:11+00:00\",\"breadcrumb\":{\"@id\":\"https:\\\/\\\/shop.bantam.ch\\\/fr\\\/produit\\\/module-dalimentation-en-eau-bleu\\\/#breadcrumb\"},\"inLanguage\":\"fr-FR\",\"potentialAction\":[{\"@type\":\"ReadAction\",\"target\":[\"https:\\\/\\\/shop.bantam.ch\\\/fr\\\/produit\\\/module-dalimentation-en-eau-bleu\\\/\"]}]},{\"@type\":\"ImageObject\",\"inLanguage\":\"fr-FR\",\"@id\":\"https:\\\/\\\/shop.bantam.ch\\\/fr\\\/produit\\\/module-dalimentation-en-eau-bleu\\\/#primaryimage\",\"url\":\"https:\\\/\\\/shop.bantam.ch\\\/wp-content\\\/uploads\\\/2026\\\/01\\\/Movera-L-9988148100.png\",\"contentUrl\":\"https:\\\/\\\/shop.bantam.ch\\\/wp-content\\\/uploads\\\/2026\\\/01\\\/Movera-L-9988148100.png\",\"width\":640,\"height\":427},{\"@type\":\"BreadcrumbList\",\"@id\":\"https:\\\/\\\/shop.bantam.ch\\\/fr\\\/produit\\\/module-dalimentation-en-eau-bleu\\\/#breadcrumb\",\"itemListElement\":[{\"@type\":\"ListItem\",\"position\":1,\"name\":\"Accueil\",\"item\":\"https:\\\/\\\/shop.bantam.ch\\\/fr\\\/\"},{\"@type\":\"ListItem\",\"position\":2,\"name\":\"Boutique\",\"item\":\"https:\\\/\\\/shop.bantam.ch\\\/fr\\\/boutique\\\/\"},{\"@type\":\"ListItem\",\"position\":3,\"name\":\"Module d&rsquo;alimentation en eau, bleu\"}]},{\"@type\":\"WebSite\",\"@id\":\"https:\\\/\\\/shop.bantam.ch\\\/fr\\\/#website\",\"url\":\"https:\\\/\\\/shop.bantam.ch\\\/fr\\\/\",\"name\":\"Bantam Wankm\u00fcller SA\",\"description\":\"\",\"publisher\":{\"@id\":\"https:\\\/\\\/shop.bantam.ch\\\/fr\\\/#organization\"},\"inLanguage\":\"fr-FR\"},{\"@type\":\"Organization\",\"@id\":\"https:\\\/\\\/shop.bantam.ch\\\/fr\\\/#organization\",\"name\":\"Bantam Wankm\u00fcller SA\",\"url\":\"https:\\\/\\\/shop.bantam.ch\\\/fr\\\/\",\"logo\":{\"@type\":\"ImageObject\",\"inLanguage\":\"fr-FR\",\"@id\":\"https:\\\/\\\/shop.bantam.ch\\\/fr\\\/#\\\/schema\\\/logo\\\/image\\\/\",\"url\":\"https:\\\/\\\/shop.bantam.ch\\\/wp-content\\\/uploads\\\/2022\\\/12\\\/bantam-logo.png\",\"contentUrl\":\"https:\\\/\\\/shop.bantam.ch\\\/wp-content\\\/uploads\\\/2022\\\/12\\\/bantam-logo.png\",\"width\":320,\"height\":71,\"caption\":\"Bantam Wankm\u00fcller SA\"},\"image\":{\"@id\":\"https:\\\/\\\/shop.bantam.ch\\\/fr\\\/#\\\/schema\\\/logo\\\/image\\\/\"}}]}<\/script>\n<!-- \/ Yoast SEO plugin. -->","yoast_head_json":{"title":"Module d'alimentation en eau, bleu - Bantam Wankm\u00fcller SA","robots":{"index":"index","follow":"follow","max-snippet":"max-snippet:-1","max-image-preview":"max-image-preview:large","max-video-preview":"max-video-preview:-1"},"canonical":"https:\/\/shop.bantam.ch\/fr\/produit\/module-dalimentation-en-eau-bleu\/","og_locale":"fr_FR","og_type":"article","og_title":"Module d'alimentation en eau, bleu - Bantam Wankm\u00fcller SA","og_description":"Reich Smart Supply &#8211; Syst\u00e8me d&rsquo;alimentation modulaire Le module d&rsquo;alimentation en eau simplifie l&rsquo;alimentation en eau fra\u00eeche directement sur le v\u00e9hicule et est id\u00e9al pour une utilisation en plein air. Il est mont\u00e9 sur le v\u00e9hicule et offre des possibilit\u00e9s de raccordement prot\u00e9g\u00e9es pour les \u00e9l\u00e9ments d&rsquo;alimentation. Les avantages : Modulaire et utilisable de mani\u00e8re [&hellip;]","og_url":"https:\/\/shop.bantam.ch\/fr\/produit\/module-dalimentation-en-eau-bleu\/","og_site_name":"Bantam Wankm\u00fcller SA","article_modified_time":"2026-04-21T21:58:11+00:00","twitter_card":"summary_large_image","schema":{"@context":"https:\/\/schema.org","@graph":[{"@type":"WebPage","@id":"https:\/\/shop.bantam.ch\/fr\/produit\/module-dalimentation-en-eau-bleu\/","url":"https:\/\/shop.bantam.ch\/fr\/produit\/module-dalimentation-en-eau-bleu\/","name":"Module d'alimentation en eau, bleu - Bantam Wankm\u00fcller SA","isPartOf":{"@id":"https:\/\/shop.bantam.ch\/fr\/#website"},"primaryImageOfPage":{"@id":"https:\/\/shop.bantam.ch\/fr\/produit\/module-dalimentation-en-eau-bleu\/#primaryimage"},"image":{"@id":"https:\/\/shop.bantam.ch\/fr\/produit\/module-dalimentation-en-eau-bleu\/#primaryimage"},"thumbnailUrl":"https:\/\/shop.bantam.ch\/wp-content\/uploads\/2026\/01\/Movera-L-9988148100.png","datePublished":"2026-01-06T17:08:49+00:00","dateModified":"2026-04-21T21:58:11+00:00","breadcrumb":{"@id":"https:\/\/shop.bantam.ch\/fr\/produit\/module-dalimentation-en-eau-bleu\/#breadcrumb"},"inLanguage":"fr-FR","potentialAction":[{"@type":"ReadAction","target":["https:\/\/shop.bantam.ch\/fr\/produit\/module-dalimentation-en-eau-bleu\/"]}]},{"@type":"ImageObject","inLanguage":"fr-FR","@id":"https:\/\/shop.bantam.ch\/fr\/produit\/module-dalimentation-en-eau-bleu\/#primaryimage","url":"https:\/\/shop.bantam.ch\/wp-content\/uploads\/2026\/01\/Movera-L-9988148100.png","contentUrl":"https:\/\/shop.bantam.ch\/wp-content\/uploads\/2026\/01\/Movera-L-9988148100.png","width":640,"height":427},{"@type":"BreadcrumbList","@id":"https:\/\/shop.bantam.ch\/fr\/produit\/module-dalimentation-en-eau-bleu\/#breadcrumb","itemListElement":[{"@type":"ListItem","position":1,"name":"Accueil","item":"https:\/\/shop.bantam.ch\/fr\/"},{"@type":"ListItem","position":2,"name":"Boutique","item":"https:\/\/shop.bantam.ch\/fr\/boutique\/"},{"@type":"ListItem","position":3,"name":"Module d&rsquo;alimentation en eau, bleu"}]},{"@type":"WebSite","@id":"https:\/\/shop.bantam.ch\/fr\/#website","url":"https:\/\/shop.bantam.ch\/fr\/","name":"Bantam Wankm\u00fcller SA","description":"","publisher":{"@id":"https:\/\/shop.bantam.ch\/fr\/#organization"},"inLanguage":"fr-FR"},{"@type":"Organization","@id":"https:\/\/shop.bantam.ch\/fr\/#organization","name":"Bantam Wankm\u00fcller SA","url":"https:\/\/shop.bantam.ch\/fr\/","logo":{"@type":"ImageObject","inLanguage":"fr-FR","@id":"https:\/\/shop.bantam.ch\/fr\/#\/schema\/logo\/image\/","url":"https:\/\/shop.bantam.ch\/wp-content\/uploads\/2022\/12\/bantam-logo.png","contentUrl":"https:\/\/shop.bantam.ch\/wp-content\/uploads\/2022\/12\/bantam-logo.png","width":320,"height":71,"caption":"Bantam Wankm\u00fcller SA"},"image":{"@id":"https:\/\/shop.bantam.ch\/fr\/#\/schema\/logo\/image\/"}}]}},"_links":{"self":[{"href":"https:\/\/shop.bantam.ch\/fr\/wp-json\/wp\/v2\/product\/231703","targetHints":{"allow":["GET"]}}],"collection":[{"href":"https:\/\/shop.bantam.ch\/fr\/wp-json\/wp\/v2\/product"}],"about":[{"href":"https:\/\/shop.bantam.ch\/fr\/wp-json\/wp\/v2\/types\/product"}],"wp:featuredmedia":[{"embeddable":true,"href":"https:\/\/shop.bantam.ch\/fr\/wp-json\/wp\/v2\/media\/231701"}],"wp:attachment":[{"href":"https:\/\/shop.bantam.ch\/fr\/wp-json\/wp\/v2\/media?parent=231703"}],"wp:term":[{"taxonomy":"product_featured_cat","embeddable":true,"href":"https:\/\/shop.bantam.ch\/fr\/wp-json\/wp\/v2\/product_featured_cat?post=231703"},{"taxonomy":"product_brand","embeddable":true,"href":"https:\/\/shop.bantam.ch\/fr\/wp-json\/wp\/v2\/product_brand?post=231703"},{"taxonomy":"product_cat","embeddable":true,"href":"https:\/\/shop.bantam.ch\/fr\/wp-json\/wp\/v2\/product_cat?post=231703"},{"taxonomy":"product_tag","embeddable":true,"href":"https:\/\/shop.bantam.ch\/fr\/wp-json\/wp\/v2\/product_tag?post=231703"}],"curies":[{"name":"wp","href":"https:\/\/api.w.org\/{rel}","templated":true}]}}