{"id":231533,"date":"2026-01-06T18:05:26","date_gmt":"2026-01-06T17:05:26","guid":{"rendered":"https:\/\/shop.bantam.ch\/produit\/liquide-sanitaire-togo-025-l\/"},"modified":"2026-04-20T00:00:07","modified_gmt":"2026-04-19T22:00:07","slug":"liquide-sanitaire-togo-025-l","status":"publish","type":"product","link":"https:\/\/shop.bantam.ch\/fr\/produit\/liquide-sanitaire-togo-025-l\/","title":{"rendered":"Liquide sanitaire ToGO, 0,25 l"},"content":{"rendered":"<ul>\n<li>250 ml<\/li>\n<li>6 applications<\/li>\n<li>Ingr\u00e9dients 100 % naturels<\/li>\n<li>100 % biod\u00e9gradable<\/li>\n<li>Parfum d&rsquo;eucalyptus et d&rsquo;orange<\/li>\n<li>D\u00e9grade les mati\u00e8res f\u00e9cales et le papier toilette<\/li>\n<li>Auto-nettoyant pour le r\u00e9servoir des toilettes<\/li>\n<li>A remplacer tous les trois jours<\/li>\n<li>Peut \u00eatre enlev\u00e9 en toute s\u00e9curit\u00e9 dans une toilette<\/li>\n<li>Gr\u00e2ce \u00e0 sa formule 4 en 1, peut \u00e9galement \u00eatre utilis\u00e9 dans votre r\u00e9servoir d&rsquo;eau grise et d&rsquo;eau noire &#8211; comme nettoyage de base ou anti-odeur<\/li>\n<\/ul>\n","protected":false},"excerpt":{"rendered":"<p>250 ml 6 applications Ingr\u00e9dients 100 % naturels 100 % biod\u00e9gradable Parfum d&rsquo;eucalyptus et d&rsquo;orange D\u00e9grade les mati\u00e8res f\u00e9cales et le papier toilette Auto-nettoyant pour le r\u00e9servoir des toilettes A remplacer tous les trois jours Peut \u00eatre enlev\u00e9 en toute s\u00e9curit\u00e9 dans une toilette Gr\u00e2ce \u00e0 sa formule 4 en 1, peut \u00e9galement \u00eatre utilis\u00e9 [&hellip;]<\/p>\n","protected":false},"featured_media":231531,"template":"","meta":{"_acf_changed":false},"product_featured_cat":[],"product_brand":[],"product_cat":[4599],"product_tag":[],"class_list":{"0":"post-231533","1":"product","2":"type-product","3":"status-publish","4":"has-post-thumbnail","6":"product_cat-produits-dentretien","8":"first","9":"instock","10":"taxable","11":"shipping-taxable","12":"purchasable","13":"product-type-simple"},"acf":[],"yoast_head":"<!-- This site is optimized with the Yoast SEO plugin v27.4 - https:\/\/yoast.com\/product\/yoast-seo-wordpress\/ -->\n<title>Liquide sanitaire ToGO, 0,25 l - Bantam Wankm\u00fcller SA<\/title>\n<meta name=\"robots\" content=\"index, follow, max-snippet:-1, max-image-preview:large, max-video-preview:-1\" \/>\n<link rel=\"canonical\" href=\"https:\/\/shop.bantam.ch\/fr\/produit\/liquide-sanitaire-togo-025-l\/\" \/>\n<meta property=\"og:locale\" content=\"fr_FR\" \/>\n<meta property=\"og:type\" content=\"article\" \/>\n<meta property=\"og:title\" content=\"Liquide sanitaire ToGO, 0,25 l - Bantam Wankm\u00fcller SA\" \/>\n<meta property=\"og:description\" content=\"250 ml 6 applications Ingr\u00e9dients 100 % naturels 100 % biod\u00e9gradable Parfum d&rsquo;eucalyptus et d&rsquo;orange D\u00e9grade les mati\u00e8res f\u00e9cales et le papier toilette Auto-nettoyant pour le r\u00e9servoir des toilettes A remplacer tous les trois jours Peut \u00eatre enlev\u00e9 en toute s\u00e9curit\u00e9 dans une toilette Gr\u00e2ce \u00e0 sa formule 4 en 1, peut \u00e9galement \u00eatre utilis\u00e9 [&hellip;]\" \/>\n<meta property=\"og:url\" content=\"https:\/\/shop.bantam.ch\/fr\/produit\/liquide-sanitaire-togo-025-l\/\" \/>\n<meta property=\"og:site_name\" content=\"Bantam Wankm\u00fcller SA\" \/>\n<meta property=\"article:modified_time\" content=\"2026-04-19T22:00:07+00:00\" \/>\n<meta name=\"twitter:card\" content=\"summary_large_image\" \/>\n<script type=\"application\/ld+json\" class=\"yoast-schema-graph\">{\"@context\":\"https:\\\/\\\/schema.org\",\"@graph\":[{\"@type\":\"WebPage\",\"@id\":\"https:\\\/\\\/shop.bantam.ch\\\/fr\\\/produit\\\/liquide-sanitaire-togo-025-l\\\/\",\"url\":\"https:\\\/\\\/shop.bantam.ch\\\/fr\\\/produit\\\/liquide-sanitaire-togo-025-l\\\/\",\"name\":\"Liquide sanitaire ToGO, 0,25 l - Bantam Wankm\u00fcller SA\",\"isPartOf\":{\"@id\":\"https:\\\/\\\/shop.bantam.ch\\\/fr\\\/#website\"},\"primaryImageOfPage\":{\"@id\":\"https:\\\/\\\/shop.bantam.ch\\\/fr\\\/produit\\\/liquide-sanitaire-togo-025-l\\\/#primaryimage\"},\"image\":{\"@id\":\"https:\\\/\\\/shop.bantam.ch\\\/fr\\\/produit\\\/liquide-sanitaire-togo-025-l\\\/#primaryimage\"},\"thumbnailUrl\":\"https:\\\/\\\/shop.bantam.ch\\\/wp-content\\\/uploads\\\/2026\\\/01\\\/Movera-L-9988088100.jpg\",\"datePublished\":\"2026-01-06T17:05:26+00:00\",\"dateModified\":\"2026-04-19T22:00:07+00:00\",\"breadcrumb\":{\"@id\":\"https:\\\/\\\/shop.bantam.ch\\\/fr\\\/produit\\\/liquide-sanitaire-togo-025-l\\\/#breadcrumb\"},\"inLanguage\":\"fr-FR\",\"potentialAction\":[{\"@type\":\"ReadAction\",\"target\":[\"https:\\\/\\\/shop.bantam.ch\\\/fr\\\/produit\\\/liquide-sanitaire-togo-025-l\\\/\"]}]},{\"@type\":\"ImageObject\",\"inLanguage\":\"fr-FR\",\"@id\":\"https:\\\/\\\/shop.bantam.ch\\\/fr\\\/produit\\\/liquide-sanitaire-togo-025-l\\\/#primaryimage\",\"url\":\"https:\\\/\\\/shop.bantam.ch\\\/wp-content\\\/uploads\\\/2026\\\/01\\\/Movera-L-9988088100.jpg\",\"contentUrl\":\"https:\\\/\\\/shop.bantam.ch\\\/wp-content\\\/uploads\\\/2026\\\/01\\\/Movera-L-9988088100.jpg\",\"width\":640,\"height\":853},{\"@type\":\"BreadcrumbList\",\"@id\":\"https:\\\/\\\/shop.bantam.ch\\\/fr\\\/produit\\\/liquide-sanitaire-togo-025-l\\\/#breadcrumb\",\"itemListElement\":[{\"@type\":\"ListItem\",\"position\":1,\"name\":\"Accueil\",\"item\":\"https:\\\/\\\/shop.bantam.ch\\\/fr\\\/\"},{\"@type\":\"ListItem\",\"position\":2,\"name\":\"Boutique\",\"item\":\"https:\\\/\\\/shop.bantam.ch\\\/fr\\\/boutique\\\/\"},{\"@type\":\"ListItem\",\"position\":3,\"name\":\"Liquide sanitaire ToGO, 0,25 l\"}]},{\"@type\":\"WebSite\",\"@id\":\"https:\\\/\\\/shop.bantam.ch\\\/fr\\\/#website\",\"url\":\"https:\\\/\\\/shop.bantam.ch\\\/fr\\\/\",\"name\":\"Bantam Wankm\u00fcller SA\",\"description\":\"\",\"publisher\":{\"@id\":\"https:\\\/\\\/shop.bantam.ch\\\/fr\\\/#organization\"},\"inLanguage\":\"fr-FR\"},{\"@type\":\"Organization\",\"@id\":\"https:\\\/\\\/shop.bantam.ch\\\/fr\\\/#organization\",\"name\":\"Bantam Wankm\u00fcller SA\",\"url\":\"https:\\\/\\\/shop.bantam.ch\\\/fr\\\/\",\"logo\":{\"@type\":\"ImageObject\",\"inLanguage\":\"fr-FR\",\"@id\":\"https:\\\/\\\/shop.bantam.ch\\\/fr\\\/#\\\/schema\\\/logo\\\/image\\\/\",\"url\":\"https:\\\/\\\/shop.bantam.ch\\\/wp-content\\\/uploads\\\/2022\\\/12\\\/bantam-logo.png\",\"contentUrl\":\"https:\\\/\\\/shop.bantam.ch\\\/wp-content\\\/uploads\\\/2022\\\/12\\\/bantam-logo.png\",\"width\":320,\"height\":71,\"caption\":\"Bantam Wankm\u00fcller SA\"},\"image\":{\"@id\":\"https:\\\/\\\/shop.bantam.ch\\\/fr\\\/#\\\/schema\\\/logo\\\/image\\\/\"}}]}<\/script>\n<!-- \/ Yoast SEO plugin. -->","yoast_head_json":{"title":"Liquide sanitaire ToGO, 0,25 l - Bantam Wankm\u00fcller SA","robots":{"index":"index","follow":"follow","max-snippet":"max-snippet:-1","max-image-preview":"max-image-preview:large","max-video-preview":"max-video-preview:-1"},"canonical":"https:\/\/shop.bantam.ch\/fr\/produit\/liquide-sanitaire-togo-025-l\/","og_locale":"fr_FR","og_type":"article","og_title":"Liquide sanitaire ToGO, 0,25 l - Bantam Wankm\u00fcller SA","og_description":"250 ml 6 applications Ingr\u00e9dients 100 % naturels 100 % biod\u00e9gradable Parfum d&rsquo;eucalyptus et d&rsquo;orange D\u00e9grade les mati\u00e8res f\u00e9cales et le papier toilette Auto-nettoyant pour le r\u00e9servoir des toilettes A remplacer tous les trois jours Peut \u00eatre enlev\u00e9 en toute s\u00e9curit\u00e9 dans une toilette Gr\u00e2ce \u00e0 sa formule 4 en 1, peut \u00e9galement \u00eatre utilis\u00e9 [&hellip;]","og_url":"https:\/\/shop.bantam.ch\/fr\/produit\/liquide-sanitaire-togo-025-l\/","og_site_name":"Bantam Wankm\u00fcller SA","article_modified_time":"2026-04-19T22:00:07+00:00","twitter_card":"summary_large_image","schema":{"@context":"https:\/\/schema.org","@graph":[{"@type":"WebPage","@id":"https:\/\/shop.bantam.ch\/fr\/produit\/liquide-sanitaire-togo-025-l\/","url":"https:\/\/shop.bantam.ch\/fr\/produit\/liquide-sanitaire-togo-025-l\/","name":"Liquide sanitaire ToGO, 0,25 l - Bantam Wankm\u00fcller SA","isPartOf":{"@id":"https:\/\/shop.bantam.ch\/fr\/#website"},"primaryImageOfPage":{"@id":"https:\/\/shop.bantam.ch\/fr\/produit\/liquide-sanitaire-togo-025-l\/#primaryimage"},"image":{"@id":"https:\/\/shop.bantam.ch\/fr\/produit\/liquide-sanitaire-togo-025-l\/#primaryimage"},"thumbnailUrl":"https:\/\/shop.bantam.ch\/wp-content\/uploads\/2026\/01\/Movera-L-9988088100.jpg","datePublished":"2026-01-06T17:05:26+00:00","dateModified":"2026-04-19T22:00:07+00:00","breadcrumb":{"@id":"https:\/\/shop.bantam.ch\/fr\/produit\/liquide-sanitaire-togo-025-l\/#breadcrumb"},"inLanguage":"fr-FR","potentialAction":[{"@type":"ReadAction","target":["https:\/\/shop.bantam.ch\/fr\/produit\/liquide-sanitaire-togo-025-l\/"]}]},{"@type":"ImageObject","inLanguage":"fr-FR","@id":"https:\/\/shop.bantam.ch\/fr\/produit\/liquide-sanitaire-togo-025-l\/#primaryimage","url":"https:\/\/shop.bantam.ch\/wp-content\/uploads\/2026\/01\/Movera-L-9988088100.jpg","contentUrl":"https:\/\/shop.bantam.ch\/wp-content\/uploads\/2026\/01\/Movera-L-9988088100.jpg","width":640,"height":853},{"@type":"BreadcrumbList","@id":"https:\/\/shop.bantam.ch\/fr\/produit\/liquide-sanitaire-togo-025-l\/#breadcrumb","itemListElement":[{"@type":"ListItem","position":1,"name":"Accueil","item":"https:\/\/shop.bantam.ch\/fr\/"},{"@type":"ListItem","position":2,"name":"Boutique","item":"https:\/\/shop.bantam.ch\/fr\/boutique\/"},{"@type":"ListItem","position":3,"name":"Liquide sanitaire ToGO, 0,25 l"}]},{"@type":"WebSite","@id":"https:\/\/shop.bantam.ch\/fr\/#website","url":"https:\/\/shop.bantam.ch\/fr\/","name":"Bantam Wankm\u00fcller SA","description":"","publisher":{"@id":"https:\/\/shop.bantam.ch\/fr\/#organization"},"inLanguage":"fr-FR"},{"@type":"Organization","@id":"https:\/\/shop.bantam.ch\/fr\/#organization","name":"Bantam Wankm\u00fcller SA","url":"https:\/\/shop.bantam.ch\/fr\/","logo":{"@type":"ImageObject","inLanguage":"fr-FR","@id":"https:\/\/shop.bantam.ch\/fr\/#\/schema\/logo\/image\/","url":"https:\/\/shop.bantam.ch\/wp-content\/uploads\/2022\/12\/bantam-logo.png","contentUrl":"https:\/\/shop.bantam.ch\/wp-content\/uploads\/2022\/12\/bantam-logo.png","width":320,"height":71,"caption":"Bantam Wankm\u00fcller SA"},"image":{"@id":"https:\/\/shop.bantam.ch\/fr\/#\/schema\/logo\/image\/"}}]}},"_links":{"self":[{"href":"https:\/\/shop.bantam.ch\/fr\/wp-json\/wp\/v2\/product\/231533","targetHints":{"allow":["GET"]}}],"collection":[{"href":"https:\/\/shop.bantam.ch\/fr\/wp-json\/wp\/v2\/product"}],"about":[{"href":"https:\/\/shop.bantam.ch\/fr\/wp-json\/wp\/v2\/types\/product"}],"wp:featuredmedia":[{"embeddable":true,"href":"https:\/\/shop.bantam.ch\/fr\/wp-json\/wp\/v2\/media\/231531"}],"wp:attachment":[{"href":"https:\/\/shop.bantam.ch\/fr\/wp-json\/wp\/v2\/media?parent=231533"}],"wp:term":[{"taxonomy":"product_featured_cat","embeddable":true,"href":"https:\/\/shop.bantam.ch\/fr\/wp-json\/wp\/v2\/product_featured_cat?post=231533"},{"taxonomy":"product_brand","embeddable":true,"href":"https:\/\/shop.bantam.ch\/fr\/wp-json\/wp\/v2\/product_brand?post=231533"},{"taxonomy":"product_cat","embeddable":true,"href":"https:\/\/shop.bantam.ch\/fr\/wp-json\/wp\/v2\/product_cat?post=231533"},{"taxonomy":"product_tag","embeddable":true,"href":"https:\/\/shop.bantam.ch\/fr\/wp-json\/wp\/v2\/product_tag?post=231533"}],"curies":[{"name":"wp","href":"https:\/\/api.w.org\/{rel}","templated":true}]}}