{"id":231269,"date":"2026-01-06T17:56:44","date_gmt":"2026-01-06T16:56:44","guid":{"rendered":"https:\/\/shop.bantam.ch\/produit\/appareil-anti-fouines-rooftop-a-ultrasons\/"},"modified":"2026-05-06T23:57:45","modified_gmt":"2026-05-06T21:57:45","slug":"appareil-anti-fouines-rooftop-a-ultrasons","status":"publish","type":"product","link":"https:\/\/shop.bantam.ch\/fr\/produit\/appareil-anti-fouines-rooftop-a-ultrasons\/","title":{"rendered":"Appareil anti-fouines Rooftop \u00e0 ultrasons"},"content":{"rendered":"<p>STOP&amp;GO ROOFTOP Appareil de protection contre les martres avec batterie et t\u00e9l\u00e9commande<br \/>\nProtection flexible contre les martres &#8211; sans fil &#8211; pr\u00eat \u00e0 l&#8217;emploi<\/p>\n<p>Protection flexible contre les martres pour une utilisation imm\u00e9diate : le ROOFTOP \u00e0 batterie repousse les martres de mani\u00e8re fiable sans installation fixe.<br \/>\nIl suffit de choisir entre deux modes de fonctionnement \u00e0 l&rsquo;aide de la t\u00e9l\u00e9commande :<br \/>\nSur le toit du v\u00e9hicule, il prot\u00e8ge par ultrasons et avertit par une alarme en cas de retrait non autoris\u00e9,<br \/>\ndans les b\u00e2timents, il combine les ultrasons avec des flashs lumineux r\u00e9guliers pour une protection compl\u00e8te optimale contre les martres.<\/p>\n<p>Le ROOFTOP, appareil de d\u00e9fense contre les martres \u00e0 ultrasons, offre une protection flexible contre les martres gr\u00e2ce \u00e0 la technologie innovante des batteries.<br \/>\nIl \u00e9met des ultrasons altern\u00e9s (20-25 kHz) qui sont pratiquement inaudibles pour l&rsquo;homme,<br \/>\nmais pour les martres, ils ressemblent \u00e0 des cris d&rsquo;avertissement mena\u00e7ants.<br \/>\nLe changement continu de fr\u00e9quence emp\u00eache les animaux de s&rsquo;y habituer.<br \/>\nCinq haut-parleurs dispos\u00e9s en anneau assurent une couverture sonore compl\u00e8te \u00e0 360\u00b0.<\/p>\n<p>L&rsquo;appareil dispose de deux modes de fonctionnement sp\u00e9cialis\u00e9s :<\/p>\n<p><strong>Mode v\u00e9hicule :<\/strong> combine la d\u00e9fense par ultrasons avec une protection antivol brevet\u00e9e &#8211; si l&rsquo;appareil activ\u00e9 est retir\u00e9 du toit sans autorisation, une alarme retentit automatiquement pendant 30 secondes.<br \/>\n<strong>Mode grenier :<\/strong> compl\u00e8te la d\u00e9fense par ultrasons avec des flashs lumineux r\u00e9guliers (toutes les 6 secondes) qui offrent une dissuasion visuelle suppl\u00e9mentaire.<br \/>\nLa batterie lithium-ion int\u00e9gr\u00e9e rend l&rsquo;appareil compl\u00e8tement ind\u00e9pendant des sources d&rsquo;\u00e9nergie externes.<br \/>\nUne charge de la batterie dure jusqu&rsquo;\u00e0 deux mois, le chargement s&rsquo;effectue facilement via le c\u00e2ble USB-C fourni.<br \/>\nL&rsquo;affichage d&rsquo;\u00e9tat \u00e0 LED tricolore (vert\/jaune\/rouge) informe \u00e0 tout moment de l&rsquo;\u00e9tat de la batterie.<br \/>\nUn c\u00e2ble m\u00e9tallique pratique avec remorque peut \u00eatre coinc\u00e9 \u00e0 l&rsquo;int\u00e9rieur du v\u00e9hicule &#8211;<br \/>\nil sert de rappel avant de prendre la route et de protection suppl\u00e9mentaire contre le vol.<\/p>\n<p>Convient pour les toits de v\u00e9hicules, les garages, les abris de voitures, les cours d&rsquo;ateliers ou les greniers &#8211; partout o\u00f9 un montage fixe n&rsquo;est pas possible.<\/p>\n<p><strong>Les avantages en un coup d&rsquo;\u0153il :<\/strong><\/p>\n<ul>\n<li>Imm\u00e9diatement pr\u00eat \u00e0 l&#8217;emploi<\/li>\n<li>Utilisation sans fil et flexible<\/li>\n<li>Prot\u00e9g\u00e9 contre le vol<\/li>\n<li>Longue dur\u00e9e de vie de la batterie jusqu&rsquo;\u00e0 2 mois<\/li>\n<li>Facile \u00e0 utiliser, t\u00e9l\u00e9commande incluse<\/li>\n<li>Maintien s\u00fbr gr\u00e2ce \u00e0 la base magn\u00e9tique<\/li>\n<li>R\u00e9sistant aux intemp\u00e9ries et sans danger pour les animaux<\/li>\n<li>Efficacit\u00e9 durable gr\u00e2ce \u00e0 l&rsquo;alternance des fr\u00e9quences ultrasoniques<\/li>\n<li>Protection sans faille contre les martres circulaires gr\u00e2ce \u00e0 cinq haut-parleurs<\/li>\n<\/ul>\n<p><strong>Autres caract\u00e9ristiques :<\/strong><\/p>\n<ul>\n<li>Cinq haut-parleurs pi\u00e9zo\u00e9lectriques pour une diffusion des ultrasons sur 360\u00b0.<\/li>\n<li>Fonctionnement sur batterie avec LED d&rsquo;\u00e9tat tricolore (vert\/jaune\/rouge)<\/li>\n<li>Contr\u00f4le de toutes les fonctions par t\u00e9l\u00e9commande (CR2032 incluse)<\/li>\n<li>Base magn\u00e9tique et tapis antid\u00e9rapant pour un maintien s\u00fbr<\/li>\n<li>Certifi\u00e9 IP65 (protection contre la poussi\u00e8re et l&rsquo;humidit\u00e9)<\/li>\n<li>C\u00e2ble de charge USB-C et c\u00e2ble de s\u00e9curit\u00e9 inclus dans la livraison<\/li>\n<li>Fonction flash<\/li>\n<\/ul>\n<p><strong>Caract\u00e9ristiques techniques :<\/strong><\/p>\n<ul>\n<li>Pression sonore : env. 110 dB<\/li>\n<li>Fr\u00e9quence des ultrasons : 20-25 kHz, modulation de fr\u00e9quence<\/li>\n<li>Batterie int\u00e9gr\u00e9e avec temps de charge d&rsquo;environ 7 heures.<\/li>\n<li>Dur\u00e9e de fonctionnement : jusqu&rsquo;\u00e0 2 mois par charge de batterie<\/li>\n<li>Temp\u00e9rature d&rsquo;utilisation : -10 \u00b0C \u00e0 +60 \u00b0C<\/li>\n<li>Temp\u00e9rature de stockage : 5 \u00b0C \u00e0 23 \u00b0C<\/li>\n<li>Type de protection : IP65<\/li>\n<li>T\u00e9l\u00e9commande avec pile CR2032<\/li>\n<\/ul>\n","protected":false},"excerpt":{"rendered":"<p>STOP&amp;GO ROOFTOP Appareil de protection contre les martres avec batterie et t\u00e9l\u00e9commande Protection flexible contre les martres &#8211; sans fil &#8211; pr\u00eat \u00e0 l&#8217;emploi Protection flexible contre les martres pour une utilisation imm\u00e9diate : le ROOFTOP \u00e0 batterie repousse les martres de mani\u00e8re fiable sans installation fixe. Il suffit de choisir entre deux modes de [&hellip;]<\/p>\n","protected":false},"featured_media":231267,"template":"","meta":{"_acf_changed":false},"product_featured_cat":[],"product_brand":[],"product_cat":[5055],"product_tag":[],"class_list":{"0":"post-231269","1":"product","2":"type-product","3":"status-publish","4":"has-post-thumbnail","6":"product_cat-repulsif-anti-martres","8":"first","9":"instock","10":"taxable","11":"shipping-taxable","12":"purchasable","13":"product-type-simple"},"acf":[],"yoast_head":"<!-- This site is optimized with the Yoast SEO plugin v27.5 - https:\/\/yoast.com\/product\/yoast-seo-wordpress\/ -->\n<title>Appareil anti-fouines Rooftop \u00e0 ultrasons - Bantam<\/title>\n<meta name=\"robots\" content=\"index, follow, max-snippet:-1, max-image-preview:large, max-video-preview:-1\" \/>\n<link rel=\"canonical\" href=\"https:\/\/shop.bantam.ch\/fr\/produit\/appareil-anti-fouines-rooftop-a-ultrasons\/\" \/>\n<meta property=\"og:locale\" content=\"fr_FR\" \/>\n<meta property=\"og:type\" content=\"article\" \/>\n<meta property=\"og:title\" content=\"Appareil anti-fouines Rooftop \u00e0 ultrasons - Bantam\" \/>\n<meta property=\"og:description\" content=\"STOP&amp;GO ROOFTOP Appareil de protection contre les martres avec batterie et t\u00e9l\u00e9commande Protection flexible contre les martres &#8211; sans fil &#8211; pr\u00eat \u00e0 l&#8217;emploi Protection flexible contre les martres pour une utilisation imm\u00e9diate : le ROOFTOP \u00e0 batterie repousse les martres de mani\u00e8re fiable sans installation fixe. Il suffit de choisir entre deux modes de [&hellip;]\" \/>\n<meta property=\"og:url\" content=\"https:\/\/shop.bantam.ch\/fr\/produit\/appareil-anti-fouines-rooftop-a-ultrasons\/\" \/>\n<meta property=\"og:site_name\" content=\"Bantam\" \/>\n<meta property=\"article:modified_time\" content=\"2026-05-06T21:57:45+00:00\" \/>\n<meta name=\"twitter:card\" content=\"summary_large_image\" \/>\n<meta name=\"twitter:label1\" content=\"Dur\u00e9e de lecture estim\u00e9e\" \/>\n\t<meta name=\"twitter:data1\" content=\"3 minutes\" \/>\n<script type=\"application\/ld+json\" class=\"yoast-schema-graph\">{\"@context\":\"https:\\\/\\\/schema.org\",\"@graph\":[{\"@type\":\"WebPage\",\"@id\":\"https:\\\/\\\/shop.bantam.ch\\\/fr\\\/produit\\\/appareil-anti-fouines-rooftop-a-ultrasons\\\/\",\"url\":\"https:\\\/\\\/shop.bantam.ch\\\/fr\\\/produit\\\/appareil-anti-fouines-rooftop-a-ultrasons\\\/\",\"name\":\"Appareil anti-fouines Rooftop \u00e0 ultrasons - Bantam\",\"isPartOf\":{\"@id\":\"https:\\\/\\\/shop.bantam.ch\\\/fr\\\/#website\"},\"primaryImageOfPage\":{\"@id\":\"https:\\\/\\\/shop.bantam.ch\\\/fr\\\/produit\\\/appareil-anti-fouines-rooftop-a-ultrasons\\\/#primaryimage\"},\"image\":{\"@id\":\"https:\\\/\\\/shop.bantam.ch\\\/fr\\\/produit\\\/appareil-anti-fouines-rooftop-a-ultrasons\\\/#primaryimage\"},\"thumbnailUrl\":\"https:\\\/\\\/shop.bantam.ch\\\/wp-content\\\/uploads\\\/2026\\\/01\\\/Movera-L-9985272100.jpg\",\"datePublished\":\"2026-01-06T16:56:44+00:00\",\"dateModified\":\"2026-05-06T21:57:45+00:00\",\"breadcrumb\":{\"@id\":\"https:\\\/\\\/shop.bantam.ch\\\/fr\\\/produit\\\/appareil-anti-fouines-rooftop-a-ultrasons\\\/#breadcrumb\"},\"inLanguage\":\"fr-FR\",\"potentialAction\":[{\"@type\":\"ReadAction\",\"target\":[\"https:\\\/\\\/shop.bantam.ch\\\/fr\\\/produit\\\/appareil-anti-fouines-rooftop-a-ultrasons\\\/\"]}]},{\"@type\":\"ImageObject\",\"inLanguage\":\"fr-FR\",\"@id\":\"https:\\\/\\\/shop.bantam.ch\\\/fr\\\/produit\\\/appareil-anti-fouines-rooftop-a-ultrasons\\\/#primaryimage\",\"url\":\"https:\\\/\\\/shop.bantam.ch\\\/wp-content\\\/uploads\\\/2026\\\/01\\\/Movera-L-9985272100.jpg\",\"contentUrl\":\"https:\\\/\\\/shop.bantam.ch\\\/wp-content\\\/uploads\\\/2026\\\/01\\\/Movera-L-9985272100.jpg\",\"width\":640,\"height\":501},{\"@type\":\"BreadcrumbList\",\"@id\":\"https:\\\/\\\/shop.bantam.ch\\\/fr\\\/produit\\\/appareil-anti-fouines-rooftop-a-ultrasons\\\/#breadcrumb\",\"itemListElement\":[{\"@type\":\"ListItem\",\"position\":1,\"name\":\"Accueil\",\"item\":\"https:\\\/\\\/shop.bantam.ch\\\/fr\\\/\"},{\"@type\":\"ListItem\",\"position\":2,\"name\":\"Boutique\",\"item\":\"https:\\\/\\\/shop.bantam.ch\\\/fr\\\/boutique\\\/\"},{\"@type\":\"ListItem\",\"position\":3,\"name\":\"Appareil anti-fouines Rooftop \u00e0 ultrasons\"}]},{\"@type\":\"WebSite\",\"@id\":\"https:\\\/\\\/shop.bantam.ch\\\/fr\\\/#website\",\"url\":\"https:\\\/\\\/shop.bantam.ch\\\/fr\\\/\",\"name\":\"Bantam\",\"description\":\"\",\"publisher\":{\"@id\":\"https:\\\/\\\/shop.bantam.ch\\\/fr\\\/#organization\"},\"inLanguage\":\"fr-FR\"},{\"@type\":\"Organization\",\"@id\":\"https:\\\/\\\/shop.bantam.ch\\\/fr\\\/#organization\",\"name\":\"Bantam\",\"url\":\"https:\\\/\\\/shop.bantam.ch\\\/fr\\\/\",\"logo\":{\"@type\":\"ImageObject\",\"inLanguage\":\"fr-FR\",\"@id\":\"https:\\\/\\\/shop.bantam.ch\\\/fr\\\/#\\\/schema\\\/logo\\\/image\\\/\",\"url\":\"https:\\\/\\\/shop.bantam.ch\\\/wp-content\\\/uploads\\\/2022\\\/12\\\/bantam-logo.png\",\"contentUrl\":\"https:\\\/\\\/shop.bantam.ch\\\/wp-content\\\/uploads\\\/2022\\\/12\\\/bantam-logo.png\",\"width\":320,\"height\":71,\"caption\":\"Bantam\"},\"image\":{\"@id\":\"https:\\\/\\\/shop.bantam.ch\\\/fr\\\/#\\\/schema\\\/logo\\\/image\\\/\"}}]}<\/script>\n<!-- \/ Yoast SEO plugin. -->","yoast_head_json":{"title":"Appareil anti-fouines Rooftop \u00e0 ultrasons - Bantam","robots":{"index":"index","follow":"follow","max-snippet":"max-snippet:-1","max-image-preview":"max-image-preview:large","max-video-preview":"max-video-preview:-1"},"canonical":"https:\/\/shop.bantam.ch\/fr\/produit\/appareil-anti-fouines-rooftop-a-ultrasons\/","og_locale":"fr_FR","og_type":"article","og_title":"Appareil anti-fouines Rooftop \u00e0 ultrasons - Bantam","og_description":"STOP&amp;GO ROOFTOP Appareil de protection contre les martres avec batterie et t\u00e9l\u00e9commande Protection flexible contre les martres &#8211; sans fil &#8211; pr\u00eat \u00e0 l&#8217;emploi Protection flexible contre les martres pour une utilisation imm\u00e9diate : le ROOFTOP \u00e0 batterie repousse les martres de mani\u00e8re fiable sans installation fixe. Il suffit de choisir entre deux modes de [&hellip;]","og_url":"https:\/\/shop.bantam.ch\/fr\/produit\/appareil-anti-fouines-rooftop-a-ultrasons\/","og_site_name":"Bantam","article_modified_time":"2026-05-06T21:57:45+00:00","twitter_card":"summary_large_image","twitter_misc":{"Dur\u00e9e de lecture estim\u00e9e":"3 minutes"},"schema":{"@context":"https:\/\/schema.org","@graph":[{"@type":"WebPage","@id":"https:\/\/shop.bantam.ch\/fr\/produit\/appareil-anti-fouines-rooftop-a-ultrasons\/","url":"https:\/\/shop.bantam.ch\/fr\/produit\/appareil-anti-fouines-rooftop-a-ultrasons\/","name":"Appareil anti-fouines Rooftop \u00e0 ultrasons - Bantam","isPartOf":{"@id":"https:\/\/shop.bantam.ch\/fr\/#website"},"primaryImageOfPage":{"@id":"https:\/\/shop.bantam.ch\/fr\/produit\/appareil-anti-fouines-rooftop-a-ultrasons\/#primaryimage"},"image":{"@id":"https:\/\/shop.bantam.ch\/fr\/produit\/appareil-anti-fouines-rooftop-a-ultrasons\/#primaryimage"},"thumbnailUrl":"https:\/\/shop.bantam.ch\/wp-content\/uploads\/2026\/01\/Movera-L-9985272100.jpg","datePublished":"2026-01-06T16:56:44+00:00","dateModified":"2026-05-06T21:57:45+00:00","breadcrumb":{"@id":"https:\/\/shop.bantam.ch\/fr\/produit\/appareil-anti-fouines-rooftop-a-ultrasons\/#breadcrumb"},"inLanguage":"fr-FR","potentialAction":[{"@type":"ReadAction","target":["https:\/\/shop.bantam.ch\/fr\/produit\/appareil-anti-fouines-rooftop-a-ultrasons\/"]}]},{"@type":"ImageObject","inLanguage":"fr-FR","@id":"https:\/\/shop.bantam.ch\/fr\/produit\/appareil-anti-fouines-rooftop-a-ultrasons\/#primaryimage","url":"https:\/\/shop.bantam.ch\/wp-content\/uploads\/2026\/01\/Movera-L-9985272100.jpg","contentUrl":"https:\/\/shop.bantam.ch\/wp-content\/uploads\/2026\/01\/Movera-L-9985272100.jpg","width":640,"height":501},{"@type":"BreadcrumbList","@id":"https:\/\/shop.bantam.ch\/fr\/produit\/appareil-anti-fouines-rooftop-a-ultrasons\/#breadcrumb","itemListElement":[{"@type":"ListItem","position":1,"name":"Accueil","item":"https:\/\/shop.bantam.ch\/fr\/"},{"@type":"ListItem","position":2,"name":"Boutique","item":"https:\/\/shop.bantam.ch\/fr\/boutique\/"},{"@type":"ListItem","position":3,"name":"Appareil anti-fouines Rooftop \u00e0 ultrasons"}]},{"@type":"WebSite","@id":"https:\/\/shop.bantam.ch\/fr\/#website","url":"https:\/\/shop.bantam.ch\/fr\/","name":"Bantam","description":"","publisher":{"@id":"https:\/\/shop.bantam.ch\/fr\/#organization"},"inLanguage":"fr-FR"},{"@type":"Organization","@id":"https:\/\/shop.bantam.ch\/fr\/#organization","name":"Bantam","url":"https:\/\/shop.bantam.ch\/fr\/","logo":{"@type":"ImageObject","inLanguage":"fr-FR","@id":"https:\/\/shop.bantam.ch\/fr\/#\/schema\/logo\/image\/","url":"https:\/\/shop.bantam.ch\/wp-content\/uploads\/2022\/12\/bantam-logo.png","contentUrl":"https:\/\/shop.bantam.ch\/wp-content\/uploads\/2022\/12\/bantam-logo.png","width":320,"height":71,"caption":"Bantam"},"image":{"@id":"https:\/\/shop.bantam.ch\/fr\/#\/schema\/logo\/image\/"}}]}},"_links":{"self":[{"href":"https:\/\/shop.bantam.ch\/fr\/wp-json\/wp\/v2\/product\/231269","targetHints":{"allow":["GET"]}}],"collection":[{"href":"https:\/\/shop.bantam.ch\/fr\/wp-json\/wp\/v2\/product"}],"about":[{"href":"https:\/\/shop.bantam.ch\/fr\/wp-json\/wp\/v2\/types\/product"}],"wp:featuredmedia":[{"embeddable":true,"href":"https:\/\/shop.bantam.ch\/fr\/wp-json\/wp\/v2\/media\/231267"}],"wp:attachment":[{"href":"https:\/\/shop.bantam.ch\/fr\/wp-json\/wp\/v2\/media?parent=231269"}],"wp:term":[{"taxonomy":"product_featured_cat","embeddable":true,"href":"https:\/\/shop.bantam.ch\/fr\/wp-json\/wp\/v2\/product_featured_cat?post=231269"},{"taxonomy":"product_brand","embeddable":true,"href":"https:\/\/shop.bantam.ch\/fr\/wp-json\/wp\/v2\/product_brand?post=231269"},{"taxonomy":"product_cat","embeddable":true,"href":"https:\/\/shop.bantam.ch\/fr\/wp-json\/wp\/v2\/product_cat?post=231269"},{"taxonomy":"product_tag","embeddable":true,"href":"https:\/\/shop.bantam.ch\/fr\/wp-json\/wp\/v2\/product_tag?post=231269"}],"curies":[{"name":"wp","href":"https:\/\/api.w.org\/{rel}","templated":true}]}}