{"id":231253,"date":"2026-01-06T17:56:13","date_gmt":"2026-01-06T16:56:13","guid":{"rendered":"https:\/\/shop.bantam.ch\/produit\/repose-jambes-ran-dark-grey\/"},"modified":"2026-04-17T23:52:42","modified_gmt":"2026-04-17T21:52:42","slug":"repose-jambes-ran-dark-grey","status":"publish","type":"product","link":"https:\/\/shop.bantam.ch\/fr\/produit\/repose-jambes-ran-dark-grey\/","title":{"rendered":"Repose-jambes Ran dark grey"},"content":{"rendered":"<p><!--StartFragment --><!--StartFragment --><\/p>\n<p>Le tabouret de pied Ran est un accessoire pratique qui rendra vos vacances en camping encore plus confortables. Utilisez-le comme repose-pieds confortable devant votre chaise de camping ou comme si\u00e8ge suppl\u00e9mentaire lorsque vous recevez des invit\u00e9s. Le tabouret de pied peut supporter jusqu&rsquo;\u00e0 100 kg. Gr\u00e2ce \u00e0 sa taille compacte et \u00e0 sa structure l\u00e9g\u00e8re en aluminium, il est facile \u00e0 transporter &#8211; id\u00e9al pour ceux qui souhaitent voyager l\u00e9ger sans renoncer au confort. L&rsquo;assise est recouverte de polyester r\u00e9sistant avec un rev\u00eatement en PVC et d&rsquo;un l\u00e9ger rembourrage en mousse, ce qui lui conf\u00e8re une surface douce et agr\u00e9able. Le mat\u00e9riau est facile \u00e0 entretenir et convient parfaitement \u00e0 une utilisation en ext\u00e9rieur. Le tabouret de pied Ran est disponible dans la couleur Dark Grey &#8211; discr\u00e8te et adapt\u00e9e \u00e0 la plupart des environnements de camping ainsi qu&rsquo;\u00e0 de nombreuses chaises de camping Isabella.<\/p>\n<\/p>\n<p>Caract\u00e9ristiques :<\/p>\n<ul>\n<li>Max. Charge maximale : 100 kg<\/li>\n<li>Utilisable comme tabouret de pied ou comme si\u00e8ge suppl\u00e9mentaire<\/li>\n<li>L\u00e9ger et facile \u00e0 transporter<\/li>\n<li>Mat\u00e9riau : polyester 6x300D avec rev\u00eatement PVC et rembourrage en mousse de 1,5 cm<\/li>\n<li>Structure : aluminium (36&#215;22 mm) avec surface mate<\/li>\n<li>Couleur : Dark Grey<\/li>\n<li>Dimensions : 49 x 55 x 47 cm<\/li>\n<li>Dimensions (pli\u00e9) : 49 x 68 x 10 cm<\/li>\n<li>poids : 2,8 kg<\/li>\n<\/ul>\n<p>Mat\u00e9riaux :<\/p>\n<p>Housse : 100 % polyester<\/p>\n<p>Structure : aluminium<\/p>\n<p><!--EndFragment --><\/p>\n<p><!--EndFragment --><\/p>\n","protected":false},"excerpt":{"rendered":"<p>Le tabouret de pied Ran est un accessoire pratique qui rendra vos vacances en camping encore plus confortables. Utilisez-le comme repose-pieds confortable devant votre chaise de camping ou comme si\u00e8ge suppl\u00e9mentaire lorsque vous recevez des invit\u00e9s. Le tabouret de pied peut supporter jusqu&rsquo;\u00e0 100 kg. Gr\u00e2ce \u00e0 sa taille compacte et \u00e0 sa structure l\u00e9g\u00e8re [&hellip;]<\/p>\n","protected":false},"featured_media":231251,"template":"","meta":{"_acf_changed":false},"product_featured_cat":[],"product_brand":[],"product_cat":[4973],"product_tag":[],"class_list":{"0":"post-231253","1":"product","2":"type-product","3":"status-publish","4":"has-post-thumbnail","6":"product_cat-repose-jambes","8":"first","9":"instock","10":"taxable","11":"shipping-taxable","12":"purchasable","13":"product-type-simple"},"acf":[],"yoast_head":"<!-- This site is optimized with the Yoast SEO plugin v27.4 - https:\/\/yoast.com\/product\/yoast-seo-wordpress\/ -->\n<title>Repose-jambes Ran dark grey - Bantam Wankm\u00fcller SA<\/title>\n<meta name=\"robots\" content=\"index, follow, max-snippet:-1, max-image-preview:large, max-video-preview:-1\" \/>\n<link rel=\"canonical\" href=\"https:\/\/shop.bantam.ch\/fr\/produit\/repose-jambes-ran-dark-grey\/\" \/>\n<meta property=\"og:locale\" content=\"fr_FR\" \/>\n<meta property=\"og:type\" content=\"article\" \/>\n<meta property=\"og:title\" content=\"Repose-jambes Ran dark grey - Bantam Wankm\u00fcller SA\" \/>\n<meta property=\"og:description\" content=\"Le tabouret de pied Ran est un accessoire pratique qui rendra vos vacances en camping encore plus confortables. Utilisez-le comme repose-pieds confortable devant votre chaise de camping ou comme si\u00e8ge suppl\u00e9mentaire lorsque vous recevez des invit\u00e9s. Le tabouret de pied peut supporter jusqu&rsquo;\u00e0 100 kg. Gr\u00e2ce \u00e0 sa taille compacte et \u00e0 sa structure l\u00e9g\u00e8re [&hellip;]\" \/>\n<meta property=\"og:url\" content=\"https:\/\/shop.bantam.ch\/fr\/produit\/repose-jambes-ran-dark-grey\/\" \/>\n<meta property=\"og:site_name\" content=\"Bantam Wankm\u00fcller SA\" \/>\n<meta property=\"article:modified_time\" content=\"2026-04-17T21:52:42+00:00\" \/>\n<meta name=\"twitter:card\" content=\"summary_large_image\" \/>\n<meta name=\"twitter:label1\" content=\"Dur\u00e9e de lecture estim\u00e9e\" \/>\n\t<meta name=\"twitter:data1\" content=\"1 minute\" \/>\n<script type=\"application\/ld+json\" class=\"yoast-schema-graph\">{\"@context\":\"https:\\\/\\\/schema.org\",\"@graph\":[{\"@type\":\"WebPage\",\"@id\":\"https:\\\/\\\/shop.bantam.ch\\\/fr\\\/produit\\\/repose-jambes-ran-dark-grey\\\/\",\"url\":\"https:\\\/\\\/shop.bantam.ch\\\/fr\\\/produit\\\/repose-jambes-ran-dark-grey\\\/\",\"name\":\"Repose-jambes Ran dark grey - Bantam Wankm\u00fcller SA\",\"isPartOf\":{\"@id\":\"https:\\\/\\\/shop.bantam.ch\\\/fr\\\/#website\"},\"primaryImageOfPage\":{\"@id\":\"https:\\\/\\\/shop.bantam.ch\\\/fr\\\/produit\\\/repose-jambes-ran-dark-grey\\\/#primaryimage\"},\"image\":{\"@id\":\"https:\\\/\\\/shop.bantam.ch\\\/fr\\\/produit\\\/repose-jambes-ran-dark-grey\\\/#primaryimage\"},\"thumbnailUrl\":\"https:\\\/\\\/shop.bantam.ch\\\/wp-content\\\/uploads\\\/2026\\\/01\\\/Movera-L-9987176100.jpg\",\"datePublished\":\"2026-01-06T16:56:13+00:00\",\"dateModified\":\"2026-04-17T21:52:42+00:00\",\"breadcrumb\":{\"@id\":\"https:\\\/\\\/shop.bantam.ch\\\/fr\\\/produit\\\/repose-jambes-ran-dark-grey\\\/#breadcrumb\"},\"inLanguage\":\"fr-FR\",\"potentialAction\":[{\"@type\":\"ReadAction\",\"target\":[\"https:\\\/\\\/shop.bantam.ch\\\/fr\\\/produit\\\/repose-jambes-ran-dark-grey\\\/\"]}]},{\"@type\":\"ImageObject\",\"inLanguage\":\"fr-FR\",\"@id\":\"https:\\\/\\\/shop.bantam.ch\\\/fr\\\/produit\\\/repose-jambes-ran-dark-grey\\\/#primaryimage\",\"url\":\"https:\\\/\\\/shop.bantam.ch\\\/wp-content\\\/uploads\\\/2026\\\/01\\\/Movera-L-9987176100.jpg\",\"contentUrl\":\"https:\\\/\\\/shop.bantam.ch\\\/wp-content\\\/uploads\\\/2026\\\/01\\\/Movera-L-9987176100.jpg\",\"width\":640,\"height\":532},{\"@type\":\"BreadcrumbList\",\"@id\":\"https:\\\/\\\/shop.bantam.ch\\\/fr\\\/produit\\\/repose-jambes-ran-dark-grey\\\/#breadcrumb\",\"itemListElement\":[{\"@type\":\"ListItem\",\"position\":1,\"name\":\"Accueil\",\"item\":\"https:\\\/\\\/shop.bantam.ch\\\/fr\\\/\"},{\"@type\":\"ListItem\",\"position\":2,\"name\":\"Boutique\",\"item\":\"https:\\\/\\\/shop.bantam.ch\\\/fr\\\/boutique\\\/\"},{\"@type\":\"ListItem\",\"position\":3,\"name\":\"Repose-jambes Ran dark grey\"}]},{\"@type\":\"WebSite\",\"@id\":\"https:\\\/\\\/shop.bantam.ch\\\/fr\\\/#website\",\"url\":\"https:\\\/\\\/shop.bantam.ch\\\/fr\\\/\",\"name\":\"Bantam Wankm\u00fcller SA\",\"description\":\"\",\"publisher\":{\"@id\":\"https:\\\/\\\/shop.bantam.ch\\\/fr\\\/#organization\"},\"inLanguage\":\"fr-FR\"},{\"@type\":\"Organization\",\"@id\":\"https:\\\/\\\/shop.bantam.ch\\\/fr\\\/#organization\",\"name\":\"Bantam Wankm\u00fcller SA\",\"url\":\"https:\\\/\\\/shop.bantam.ch\\\/fr\\\/\",\"logo\":{\"@type\":\"ImageObject\",\"inLanguage\":\"fr-FR\",\"@id\":\"https:\\\/\\\/shop.bantam.ch\\\/fr\\\/#\\\/schema\\\/logo\\\/image\\\/\",\"url\":\"https:\\\/\\\/shop.bantam.ch\\\/wp-content\\\/uploads\\\/2022\\\/12\\\/bantam-logo.png\",\"contentUrl\":\"https:\\\/\\\/shop.bantam.ch\\\/wp-content\\\/uploads\\\/2022\\\/12\\\/bantam-logo.png\",\"width\":320,\"height\":71,\"caption\":\"Bantam Wankm\u00fcller SA\"},\"image\":{\"@id\":\"https:\\\/\\\/shop.bantam.ch\\\/fr\\\/#\\\/schema\\\/logo\\\/image\\\/\"}}]}<\/script>\n<!-- \/ Yoast SEO plugin. -->","yoast_head_json":{"title":"Repose-jambes Ran dark grey - Bantam Wankm\u00fcller SA","robots":{"index":"index","follow":"follow","max-snippet":"max-snippet:-1","max-image-preview":"max-image-preview:large","max-video-preview":"max-video-preview:-1"},"canonical":"https:\/\/shop.bantam.ch\/fr\/produit\/repose-jambes-ran-dark-grey\/","og_locale":"fr_FR","og_type":"article","og_title":"Repose-jambes Ran dark grey - Bantam Wankm\u00fcller SA","og_description":"Le tabouret de pied Ran est un accessoire pratique qui rendra vos vacances en camping encore plus confortables. Utilisez-le comme repose-pieds confortable devant votre chaise de camping ou comme si\u00e8ge suppl\u00e9mentaire lorsque vous recevez des invit\u00e9s. Le tabouret de pied peut supporter jusqu&rsquo;\u00e0 100 kg. Gr\u00e2ce \u00e0 sa taille compacte et \u00e0 sa structure l\u00e9g\u00e8re [&hellip;]","og_url":"https:\/\/shop.bantam.ch\/fr\/produit\/repose-jambes-ran-dark-grey\/","og_site_name":"Bantam Wankm\u00fcller SA","article_modified_time":"2026-04-17T21:52:42+00:00","twitter_card":"summary_large_image","twitter_misc":{"Dur\u00e9e de lecture estim\u00e9e":"1 minute"},"schema":{"@context":"https:\/\/schema.org","@graph":[{"@type":"WebPage","@id":"https:\/\/shop.bantam.ch\/fr\/produit\/repose-jambes-ran-dark-grey\/","url":"https:\/\/shop.bantam.ch\/fr\/produit\/repose-jambes-ran-dark-grey\/","name":"Repose-jambes Ran dark grey - Bantam Wankm\u00fcller SA","isPartOf":{"@id":"https:\/\/shop.bantam.ch\/fr\/#website"},"primaryImageOfPage":{"@id":"https:\/\/shop.bantam.ch\/fr\/produit\/repose-jambes-ran-dark-grey\/#primaryimage"},"image":{"@id":"https:\/\/shop.bantam.ch\/fr\/produit\/repose-jambes-ran-dark-grey\/#primaryimage"},"thumbnailUrl":"https:\/\/shop.bantam.ch\/wp-content\/uploads\/2026\/01\/Movera-L-9987176100.jpg","datePublished":"2026-01-06T16:56:13+00:00","dateModified":"2026-04-17T21:52:42+00:00","breadcrumb":{"@id":"https:\/\/shop.bantam.ch\/fr\/produit\/repose-jambes-ran-dark-grey\/#breadcrumb"},"inLanguage":"fr-FR","potentialAction":[{"@type":"ReadAction","target":["https:\/\/shop.bantam.ch\/fr\/produit\/repose-jambes-ran-dark-grey\/"]}]},{"@type":"ImageObject","inLanguage":"fr-FR","@id":"https:\/\/shop.bantam.ch\/fr\/produit\/repose-jambes-ran-dark-grey\/#primaryimage","url":"https:\/\/shop.bantam.ch\/wp-content\/uploads\/2026\/01\/Movera-L-9987176100.jpg","contentUrl":"https:\/\/shop.bantam.ch\/wp-content\/uploads\/2026\/01\/Movera-L-9987176100.jpg","width":640,"height":532},{"@type":"BreadcrumbList","@id":"https:\/\/shop.bantam.ch\/fr\/produit\/repose-jambes-ran-dark-grey\/#breadcrumb","itemListElement":[{"@type":"ListItem","position":1,"name":"Accueil","item":"https:\/\/shop.bantam.ch\/fr\/"},{"@type":"ListItem","position":2,"name":"Boutique","item":"https:\/\/shop.bantam.ch\/fr\/boutique\/"},{"@type":"ListItem","position":3,"name":"Repose-jambes Ran dark grey"}]},{"@type":"WebSite","@id":"https:\/\/shop.bantam.ch\/fr\/#website","url":"https:\/\/shop.bantam.ch\/fr\/","name":"Bantam Wankm\u00fcller SA","description":"","publisher":{"@id":"https:\/\/shop.bantam.ch\/fr\/#organization"},"inLanguage":"fr-FR"},{"@type":"Organization","@id":"https:\/\/shop.bantam.ch\/fr\/#organization","name":"Bantam Wankm\u00fcller SA","url":"https:\/\/shop.bantam.ch\/fr\/","logo":{"@type":"ImageObject","inLanguage":"fr-FR","@id":"https:\/\/shop.bantam.ch\/fr\/#\/schema\/logo\/image\/","url":"https:\/\/shop.bantam.ch\/wp-content\/uploads\/2022\/12\/bantam-logo.png","contentUrl":"https:\/\/shop.bantam.ch\/wp-content\/uploads\/2022\/12\/bantam-logo.png","width":320,"height":71,"caption":"Bantam Wankm\u00fcller SA"},"image":{"@id":"https:\/\/shop.bantam.ch\/fr\/#\/schema\/logo\/image\/"}}]}},"_links":{"self":[{"href":"https:\/\/shop.bantam.ch\/fr\/wp-json\/wp\/v2\/product\/231253","targetHints":{"allow":["GET"]}}],"collection":[{"href":"https:\/\/shop.bantam.ch\/fr\/wp-json\/wp\/v2\/product"}],"about":[{"href":"https:\/\/shop.bantam.ch\/fr\/wp-json\/wp\/v2\/types\/product"}],"wp:featuredmedia":[{"embeddable":true,"href":"https:\/\/shop.bantam.ch\/fr\/wp-json\/wp\/v2\/media\/231251"}],"wp:attachment":[{"href":"https:\/\/shop.bantam.ch\/fr\/wp-json\/wp\/v2\/media?parent=231253"}],"wp:term":[{"taxonomy":"product_featured_cat","embeddable":true,"href":"https:\/\/shop.bantam.ch\/fr\/wp-json\/wp\/v2\/product_featured_cat?post=231253"},{"taxonomy":"product_brand","embeddable":true,"href":"https:\/\/shop.bantam.ch\/fr\/wp-json\/wp\/v2\/product_brand?post=231253"},{"taxonomy":"product_cat","embeddable":true,"href":"https:\/\/shop.bantam.ch\/fr\/wp-json\/wp\/v2\/product_cat?post=231253"},{"taxonomy":"product_tag","embeddable":true,"href":"https:\/\/shop.bantam.ch\/fr\/wp-json\/wp\/v2\/product_tag?post=231253"}],"curies":[{"name":"wp","href":"https:\/\/api.w.org\/{rel}","templated":true}]}}