{"id":231249,"date":"2026-01-06T17:56:05","date_gmt":"2026-01-06T16:56:05","guid":{"rendered":"https:\/\/shop.bantam.ch\/produit\/marchepied-double-ramp-double\/"},"modified":"2026-04-17T23:52:42","modified_gmt":"2026-04-17T21:52:42","slug":"marchepied-double-ramp-double","status":"publish","type":"product","link":"https:\/\/shop.bantam.ch\/fr\/produit\/marchepied-double-ramp-double\/","title":{"rendered":"Marchepied double Ramp Double"},"content":{"rendered":"<p>Marchepied pliable de haute qualit\u00e9, fabriqu\u00e9 de mani\u00e8re experte en m\u00e9tal durable et peint pour garantir la durabilit\u00e9 et le style. Cet accessoire indispensable est con\u00e7u pour \u00eatre facilement mont\u00e9, ce qui vous permet de le mettre en place en quelques secondes et d&rsquo;am\u00e9liorer votre exp\u00e9rience en plein air. La marche antid\u00e9rapante innovante offre une excellente adh\u00e9rence et garantit la s\u00e9curit\u00e9 lorsque vous montez et descendez de votre camping-car. Lorsqu&rsquo;il n&rsquo;est pas utilis\u00e9, le marchepied se replie \u00e0 plat et se range de mani\u00e8re peu encombrante.<\/p>\n","protected":false},"excerpt":{"rendered":"<p>Marchepied pliable de haute qualit\u00e9, fabriqu\u00e9 de mani\u00e8re experte en m\u00e9tal durable et peint pour garantir la durabilit\u00e9 et le style. Cet accessoire indispensable est con\u00e7u pour \u00eatre facilement mont\u00e9, ce qui vous permet de le mettre en place en quelques secondes et d&rsquo;am\u00e9liorer votre exp\u00e9rience en plein air. La marche antid\u00e9rapante innovante offre une [&hellip;]<\/p>\n","protected":false},"featured_media":231243,"template":"","meta":{"_acf_changed":false},"product_featured_cat":[],"product_brand":[],"product_cat":[4675],"product_tag":[],"class_list":{"0":"post-231249","1":"product","2":"type-product","3":"status-publish","4":"has-post-thumbnail","6":"product_cat-tabourets-marchepieds","8":"first","9":"instock","10":"taxable","11":"shipping-taxable","12":"purchasable","13":"product-type-simple"},"acf":[],"yoast_head":"<!-- This site is optimized with the Yoast SEO plugin v27.4 - https:\/\/yoast.com\/product\/yoast-seo-wordpress\/ -->\n<title>Marchepied double Ramp Double - Bantam Wankm\u00fcller SA<\/title>\n<meta name=\"robots\" content=\"index, follow, max-snippet:-1, max-image-preview:large, max-video-preview:-1\" \/>\n<link rel=\"canonical\" href=\"https:\/\/shop.bantam.ch\/fr\/produit\/marchepied-double-ramp-double\/\" \/>\n<meta property=\"og:locale\" content=\"fr_FR\" \/>\n<meta property=\"og:type\" content=\"article\" \/>\n<meta property=\"og:title\" content=\"Marchepied double Ramp Double - Bantam Wankm\u00fcller SA\" \/>\n<meta property=\"og:description\" content=\"Marchepied pliable de haute qualit\u00e9, fabriqu\u00e9 de mani\u00e8re experte en m\u00e9tal durable et peint pour garantir la durabilit\u00e9 et le style. Cet accessoire indispensable est con\u00e7u pour \u00eatre facilement mont\u00e9, ce qui vous permet de le mettre en place en quelques secondes et d&rsquo;am\u00e9liorer votre exp\u00e9rience en plein air. La marche antid\u00e9rapante innovante offre une [&hellip;]\" \/>\n<meta property=\"og:url\" content=\"https:\/\/shop.bantam.ch\/fr\/produit\/marchepied-double-ramp-double\/\" \/>\n<meta property=\"og:site_name\" content=\"Bantam Wankm\u00fcller SA\" \/>\n<meta property=\"article:modified_time\" content=\"2026-04-17T21:52:42+00:00\" \/>\n<meta name=\"twitter:card\" content=\"summary_large_image\" \/>\n<script type=\"application\/ld+json\" class=\"yoast-schema-graph\">{\"@context\":\"https:\\\/\\\/schema.org\",\"@graph\":[{\"@type\":\"WebPage\",\"@id\":\"https:\\\/\\\/shop.bantam.ch\\\/fr\\\/produit\\\/marchepied-double-ramp-double\\\/\",\"url\":\"https:\\\/\\\/shop.bantam.ch\\\/fr\\\/produit\\\/marchepied-double-ramp-double\\\/\",\"name\":\"Marchepied double Ramp Double - Bantam Wankm\u00fcller SA\",\"isPartOf\":{\"@id\":\"https:\\\/\\\/shop.bantam.ch\\\/fr\\\/#website\"},\"primaryImageOfPage\":{\"@id\":\"https:\\\/\\\/shop.bantam.ch\\\/fr\\\/produit\\\/marchepied-double-ramp-double\\\/#primaryimage\"},\"image\":{\"@id\":\"https:\\\/\\\/shop.bantam.ch\\\/fr\\\/produit\\\/marchepied-double-ramp-double\\\/#primaryimage\"},\"thumbnailUrl\":\"https:\\\/\\\/shop.bantam.ch\\\/wp-content\\\/uploads\\\/2026\\\/01\\\/Movera-L-9985270100.jpg\",\"datePublished\":\"2026-01-06T16:56:05+00:00\",\"dateModified\":\"2026-04-17T21:52:42+00:00\",\"breadcrumb\":{\"@id\":\"https:\\\/\\\/shop.bantam.ch\\\/fr\\\/produit\\\/marchepied-double-ramp-double\\\/#breadcrumb\"},\"inLanguage\":\"fr-FR\",\"potentialAction\":[{\"@type\":\"ReadAction\",\"target\":[\"https:\\\/\\\/shop.bantam.ch\\\/fr\\\/produit\\\/marchepied-double-ramp-double\\\/\"]}]},{\"@type\":\"ImageObject\",\"inLanguage\":\"fr-FR\",\"@id\":\"https:\\\/\\\/shop.bantam.ch\\\/fr\\\/produit\\\/marchepied-double-ramp-double\\\/#primaryimage\",\"url\":\"https:\\\/\\\/shop.bantam.ch\\\/wp-content\\\/uploads\\\/2026\\\/01\\\/Movera-L-9985270100.jpg\",\"contentUrl\":\"https:\\\/\\\/shop.bantam.ch\\\/wp-content\\\/uploads\\\/2026\\\/01\\\/Movera-L-9985270100.jpg\",\"width\":640,\"height\":577},{\"@type\":\"BreadcrumbList\",\"@id\":\"https:\\\/\\\/shop.bantam.ch\\\/fr\\\/produit\\\/marchepied-double-ramp-double\\\/#breadcrumb\",\"itemListElement\":[{\"@type\":\"ListItem\",\"position\":1,\"name\":\"Accueil\",\"item\":\"https:\\\/\\\/shop.bantam.ch\\\/fr\\\/\"},{\"@type\":\"ListItem\",\"position\":2,\"name\":\"Boutique\",\"item\":\"https:\\\/\\\/shop.bantam.ch\\\/fr\\\/boutique\\\/\"},{\"@type\":\"ListItem\",\"position\":3,\"name\":\"Marchepied double Ramp Double\"}]},{\"@type\":\"WebSite\",\"@id\":\"https:\\\/\\\/shop.bantam.ch\\\/fr\\\/#website\",\"url\":\"https:\\\/\\\/shop.bantam.ch\\\/fr\\\/\",\"name\":\"Bantam Wankm\u00fcller SA\",\"description\":\"\",\"publisher\":{\"@id\":\"https:\\\/\\\/shop.bantam.ch\\\/fr\\\/#organization\"},\"inLanguage\":\"fr-FR\"},{\"@type\":\"Organization\",\"@id\":\"https:\\\/\\\/shop.bantam.ch\\\/fr\\\/#organization\",\"name\":\"Bantam Wankm\u00fcller SA\",\"url\":\"https:\\\/\\\/shop.bantam.ch\\\/fr\\\/\",\"logo\":{\"@type\":\"ImageObject\",\"inLanguage\":\"fr-FR\",\"@id\":\"https:\\\/\\\/shop.bantam.ch\\\/fr\\\/#\\\/schema\\\/logo\\\/image\\\/\",\"url\":\"https:\\\/\\\/shop.bantam.ch\\\/wp-content\\\/uploads\\\/2022\\\/12\\\/bantam-logo.png\",\"contentUrl\":\"https:\\\/\\\/shop.bantam.ch\\\/wp-content\\\/uploads\\\/2022\\\/12\\\/bantam-logo.png\",\"width\":320,\"height\":71,\"caption\":\"Bantam Wankm\u00fcller SA\"},\"image\":{\"@id\":\"https:\\\/\\\/shop.bantam.ch\\\/fr\\\/#\\\/schema\\\/logo\\\/image\\\/\"}}]}<\/script>\n<!-- \/ Yoast SEO plugin. -->","yoast_head_json":{"title":"Marchepied double Ramp Double - Bantam Wankm\u00fcller SA","robots":{"index":"index","follow":"follow","max-snippet":"max-snippet:-1","max-image-preview":"max-image-preview:large","max-video-preview":"max-video-preview:-1"},"canonical":"https:\/\/shop.bantam.ch\/fr\/produit\/marchepied-double-ramp-double\/","og_locale":"fr_FR","og_type":"article","og_title":"Marchepied double Ramp Double - Bantam Wankm\u00fcller SA","og_description":"Marchepied pliable de haute qualit\u00e9, fabriqu\u00e9 de mani\u00e8re experte en m\u00e9tal durable et peint pour garantir la durabilit\u00e9 et le style. Cet accessoire indispensable est con\u00e7u pour \u00eatre facilement mont\u00e9, ce qui vous permet de le mettre en place en quelques secondes et d&rsquo;am\u00e9liorer votre exp\u00e9rience en plein air. La marche antid\u00e9rapante innovante offre une [&hellip;]","og_url":"https:\/\/shop.bantam.ch\/fr\/produit\/marchepied-double-ramp-double\/","og_site_name":"Bantam Wankm\u00fcller SA","article_modified_time":"2026-04-17T21:52:42+00:00","twitter_card":"summary_large_image","schema":{"@context":"https:\/\/schema.org","@graph":[{"@type":"WebPage","@id":"https:\/\/shop.bantam.ch\/fr\/produit\/marchepied-double-ramp-double\/","url":"https:\/\/shop.bantam.ch\/fr\/produit\/marchepied-double-ramp-double\/","name":"Marchepied double Ramp Double - Bantam Wankm\u00fcller SA","isPartOf":{"@id":"https:\/\/shop.bantam.ch\/fr\/#website"},"primaryImageOfPage":{"@id":"https:\/\/shop.bantam.ch\/fr\/produit\/marchepied-double-ramp-double\/#primaryimage"},"image":{"@id":"https:\/\/shop.bantam.ch\/fr\/produit\/marchepied-double-ramp-double\/#primaryimage"},"thumbnailUrl":"https:\/\/shop.bantam.ch\/wp-content\/uploads\/2026\/01\/Movera-L-9985270100.jpg","datePublished":"2026-01-06T16:56:05+00:00","dateModified":"2026-04-17T21:52:42+00:00","breadcrumb":{"@id":"https:\/\/shop.bantam.ch\/fr\/produit\/marchepied-double-ramp-double\/#breadcrumb"},"inLanguage":"fr-FR","potentialAction":[{"@type":"ReadAction","target":["https:\/\/shop.bantam.ch\/fr\/produit\/marchepied-double-ramp-double\/"]}]},{"@type":"ImageObject","inLanguage":"fr-FR","@id":"https:\/\/shop.bantam.ch\/fr\/produit\/marchepied-double-ramp-double\/#primaryimage","url":"https:\/\/shop.bantam.ch\/wp-content\/uploads\/2026\/01\/Movera-L-9985270100.jpg","contentUrl":"https:\/\/shop.bantam.ch\/wp-content\/uploads\/2026\/01\/Movera-L-9985270100.jpg","width":640,"height":577},{"@type":"BreadcrumbList","@id":"https:\/\/shop.bantam.ch\/fr\/produit\/marchepied-double-ramp-double\/#breadcrumb","itemListElement":[{"@type":"ListItem","position":1,"name":"Accueil","item":"https:\/\/shop.bantam.ch\/fr\/"},{"@type":"ListItem","position":2,"name":"Boutique","item":"https:\/\/shop.bantam.ch\/fr\/boutique\/"},{"@type":"ListItem","position":3,"name":"Marchepied double Ramp Double"}]},{"@type":"WebSite","@id":"https:\/\/shop.bantam.ch\/fr\/#website","url":"https:\/\/shop.bantam.ch\/fr\/","name":"Bantam Wankm\u00fcller SA","description":"","publisher":{"@id":"https:\/\/shop.bantam.ch\/fr\/#organization"},"inLanguage":"fr-FR"},{"@type":"Organization","@id":"https:\/\/shop.bantam.ch\/fr\/#organization","name":"Bantam Wankm\u00fcller SA","url":"https:\/\/shop.bantam.ch\/fr\/","logo":{"@type":"ImageObject","inLanguage":"fr-FR","@id":"https:\/\/shop.bantam.ch\/fr\/#\/schema\/logo\/image\/","url":"https:\/\/shop.bantam.ch\/wp-content\/uploads\/2022\/12\/bantam-logo.png","contentUrl":"https:\/\/shop.bantam.ch\/wp-content\/uploads\/2022\/12\/bantam-logo.png","width":320,"height":71,"caption":"Bantam Wankm\u00fcller SA"},"image":{"@id":"https:\/\/shop.bantam.ch\/fr\/#\/schema\/logo\/image\/"}}]}},"_links":{"self":[{"href":"https:\/\/shop.bantam.ch\/fr\/wp-json\/wp\/v2\/product\/231249","targetHints":{"allow":["GET"]}}],"collection":[{"href":"https:\/\/shop.bantam.ch\/fr\/wp-json\/wp\/v2\/product"}],"about":[{"href":"https:\/\/shop.bantam.ch\/fr\/wp-json\/wp\/v2\/types\/product"}],"wp:featuredmedia":[{"embeddable":true,"href":"https:\/\/shop.bantam.ch\/fr\/wp-json\/wp\/v2\/media\/231243"}],"wp:attachment":[{"href":"https:\/\/shop.bantam.ch\/fr\/wp-json\/wp\/v2\/media?parent=231249"}],"wp:term":[{"taxonomy":"product_featured_cat","embeddable":true,"href":"https:\/\/shop.bantam.ch\/fr\/wp-json\/wp\/v2\/product_featured_cat?post=231249"},{"taxonomy":"product_brand","embeddable":true,"href":"https:\/\/shop.bantam.ch\/fr\/wp-json\/wp\/v2\/product_brand?post=231249"},{"taxonomy":"product_cat","embeddable":true,"href":"https:\/\/shop.bantam.ch\/fr\/wp-json\/wp\/v2\/product_cat?post=231249"},{"taxonomy":"product_tag","embeddable":true,"href":"https:\/\/shop.bantam.ch\/fr\/wp-json\/wp\/v2\/product_tag?post=231249"}],"curies":[{"name":"wp","href":"https:\/\/api.w.org\/{rel}","templated":true}]}}