{"id":231237,"date":"2026-01-06T17:55:45","date_gmt":"2026-01-06T16:55:45","guid":{"rendered":"https:\/\/shop.bantam.ch\/produit\/retroviseur-de-caravane-adaptable-sur-polestar-2-polestar-4-volvo-ex30\/"},"modified":"2026-04-22T23:52:13","modified_gmt":"2026-04-22T21:52:13","slug":"retroviseur-de-caravane-adaptable-sur-polestar-2-polestar-4-volvo-ex30","status":"publish","type":"product","link":"https:\/\/shop.bantam.ch\/fr\/produit\/retroviseur-de-caravane-adaptable-sur-polestar-2-polestar-4-volvo-ex30\/","title":{"rendered":"R\u00e9troviseur de caravane adaptable sur Polestar 2 , Polestar 4, Volvo EX30"},"content":{"rendered":"<p>Le support ou le miroir sp\u00e9cialement adapt\u00e9 \u00e0 chaque r\u00e9troviseur de v\u00e9hicule (forme en fonte d&rsquo;aluminium) permet un montage pr\u00e9cis et garantit une assise parfaite sans vibrations. Montage rapide sans outils. Tous les composants des r\u00e9troviseurs sont fabriqu\u00e9s dans des mat\u00e9riaux r\u00e9sistants \u00e0 la corrosion et garantissent une grande long\u00e9vit\u00e9.<\/p>\n<p>Les avantages pour vous :<br \/>\nLes r\u00e9troviseurs EMUK sont r\u00e9glables depuis le si\u00e8ge du conducteur et du passager, offrent un reflet clair et sans vibrations et un grand champ de vision. Ils sont homologu\u00e9s ECE et donc s\u00fbrs et fiables.<\/p>\n<p>Tous les r\u00e9troviseurs de caravane sp\u00e9ciaux mentionn\u00e9s sont \u00e9galement disponibles dans la couleur de la voiture (prix suppl\u00e9mentaire sur demande). D\u00e9lai de livraison d&rsquo;environ 15 jours ouvrables. Demandez \u00e0 votre revendeur sp\u00e9cialis\u00e9<\/p>\n<\/p>\n<p>Convient pour Polestar, Volvo :<\/p>\n<ul>\n<li>convient \u00e0 Polestar 2 \u00e0 partir de 03\/2020<\/li>\n<li>convient \u00e0 Polestar 4 \u00e0 partir de 01\/2024<\/li>\n<li>convient \u00e0 Volvo EX 30 \u00e0 partir de 12\/2023<\/li>\n<\/ul>\n","protected":false},"excerpt":{"rendered":"<p>Le support ou le miroir sp\u00e9cialement adapt\u00e9 \u00e0 chaque r\u00e9troviseur de v\u00e9hicule (forme en fonte d&rsquo;aluminium) permet un montage pr\u00e9cis et garantit une assise parfaite sans vibrations. Montage rapide sans outils. Tous les composants des r\u00e9troviseurs sont fabriqu\u00e9s dans des mat\u00e9riaux r\u00e9sistants \u00e0 la corrosion et garantissent une grande long\u00e9vit\u00e9. Les avantages pour vous : [&hellip;]<\/p>\n","protected":false},"featured_media":231231,"template":"","meta":{"_acf_changed":false},"product_featured_cat":[],"product_brand":[],"product_cat":[4831],"product_tag":[],"class_list":{"0":"post-231237","1":"product","2":"type-product","3":"status-publish","4":"has-post-thumbnail","6":"product_cat-retroviseurs-de-caravane","8":"first","9":"instock","10":"taxable","11":"shipping-taxable","12":"purchasable","13":"product-type-simple"},"acf":[],"yoast_head":"<!-- This site is optimized with the Yoast SEO plugin v27.4 - https:\/\/yoast.com\/product\/yoast-seo-wordpress\/ -->\n<title>R\u00e9troviseur de caravane adaptable sur Polestar 2 , Polestar 4, Volvo EX30 - Bantam Wankm\u00fcller SA<\/title>\n<meta name=\"robots\" content=\"index, follow, max-snippet:-1, max-image-preview:large, max-video-preview:-1\" \/>\n<link rel=\"canonical\" href=\"https:\/\/shop.bantam.ch\/fr\/produit\/retroviseur-de-caravane-adaptable-sur-polestar-2-polestar-4-volvo-ex30\/\" \/>\n<meta property=\"og:locale\" content=\"fr_FR\" \/>\n<meta property=\"og:type\" content=\"article\" \/>\n<meta property=\"og:title\" content=\"R\u00e9troviseur de caravane adaptable sur Polestar 2 , Polestar 4, Volvo EX30 - Bantam Wankm\u00fcller SA\" \/>\n<meta property=\"og:description\" content=\"Le support ou le miroir sp\u00e9cialement adapt\u00e9 \u00e0 chaque r\u00e9troviseur de v\u00e9hicule (forme en fonte d&rsquo;aluminium) permet un montage pr\u00e9cis et garantit une assise parfaite sans vibrations. Montage rapide sans outils. Tous les composants des r\u00e9troviseurs sont fabriqu\u00e9s dans des mat\u00e9riaux r\u00e9sistants \u00e0 la corrosion et garantissent une grande long\u00e9vit\u00e9. Les avantages pour vous : [&hellip;]\" \/>\n<meta property=\"og:url\" content=\"https:\/\/shop.bantam.ch\/fr\/produit\/retroviseur-de-caravane-adaptable-sur-polestar-2-polestar-4-volvo-ex30\/\" \/>\n<meta property=\"og:site_name\" content=\"Bantam Wankm\u00fcller SA\" \/>\n<meta property=\"article:modified_time\" content=\"2026-04-22T21:52:13+00:00\" \/>\n<meta name=\"twitter:card\" content=\"summary_large_image\" \/>\n<meta name=\"twitter:label1\" content=\"Dur\u00e9e de lecture estim\u00e9e\" \/>\n\t<meta name=\"twitter:data1\" content=\"1 minute\" \/>\n<script type=\"application\/ld+json\" class=\"yoast-schema-graph\">{\"@context\":\"https:\\\/\\\/schema.org\",\"@graph\":[{\"@type\":\"WebPage\",\"@id\":\"https:\\\/\\\/shop.bantam.ch\\\/fr\\\/produit\\\/retroviseur-de-caravane-adaptable-sur-polestar-2-polestar-4-volvo-ex30\\\/\",\"url\":\"https:\\\/\\\/shop.bantam.ch\\\/fr\\\/produit\\\/retroviseur-de-caravane-adaptable-sur-polestar-2-polestar-4-volvo-ex30\\\/\",\"name\":\"R\u00e9troviseur de caravane adaptable sur Polestar 2 , Polestar 4, Volvo EX30 - Bantam Wankm\u00fcller SA\",\"isPartOf\":{\"@id\":\"https:\\\/\\\/shop.bantam.ch\\\/fr\\\/#website\"},\"primaryImageOfPage\":{\"@id\":\"https:\\\/\\\/shop.bantam.ch\\\/fr\\\/produit\\\/retroviseur-de-caravane-adaptable-sur-polestar-2-polestar-4-volvo-ex30\\\/#primaryimage\"},\"image\":{\"@id\":\"https:\\\/\\\/shop.bantam.ch\\\/fr\\\/produit\\\/retroviseur-de-caravane-adaptable-sur-polestar-2-polestar-4-volvo-ex30\\\/#primaryimage\"},\"thumbnailUrl\":\"https:\\\/\\\/shop.bantam.ch\\\/wp-content\\\/uploads\\\/2026\\\/01\\\/Movera-L-9985268100.jpg\",\"datePublished\":\"2026-01-06T16:55:45+00:00\",\"dateModified\":\"2026-04-22T21:52:13+00:00\",\"breadcrumb\":{\"@id\":\"https:\\\/\\\/shop.bantam.ch\\\/fr\\\/produit\\\/retroviseur-de-caravane-adaptable-sur-polestar-2-polestar-4-volvo-ex30\\\/#breadcrumb\"},\"inLanguage\":\"fr-FR\",\"potentialAction\":[{\"@type\":\"ReadAction\",\"target\":[\"https:\\\/\\\/shop.bantam.ch\\\/fr\\\/produit\\\/retroviseur-de-caravane-adaptable-sur-polestar-2-polestar-4-volvo-ex30\\\/\"]}]},{\"@type\":\"ImageObject\",\"inLanguage\":\"fr-FR\",\"@id\":\"https:\\\/\\\/shop.bantam.ch\\\/fr\\\/produit\\\/retroviseur-de-caravane-adaptable-sur-polestar-2-polestar-4-volvo-ex30\\\/#primaryimage\",\"url\":\"https:\\\/\\\/shop.bantam.ch\\\/wp-content\\\/uploads\\\/2026\\\/01\\\/Movera-L-9985268100.jpg\",\"contentUrl\":\"https:\\\/\\\/shop.bantam.ch\\\/wp-content\\\/uploads\\\/2026\\\/01\\\/Movera-L-9985268100.jpg\",\"width\":640,\"height\":427},{\"@type\":\"BreadcrumbList\",\"@id\":\"https:\\\/\\\/shop.bantam.ch\\\/fr\\\/produit\\\/retroviseur-de-caravane-adaptable-sur-polestar-2-polestar-4-volvo-ex30\\\/#breadcrumb\",\"itemListElement\":[{\"@type\":\"ListItem\",\"position\":1,\"name\":\"Accueil\",\"item\":\"https:\\\/\\\/shop.bantam.ch\\\/fr\\\/\"},{\"@type\":\"ListItem\",\"position\":2,\"name\":\"Boutique\",\"item\":\"https:\\\/\\\/shop.bantam.ch\\\/fr\\\/boutique\\\/\"},{\"@type\":\"ListItem\",\"position\":3,\"name\":\"R\u00e9troviseur de caravane adaptable sur Polestar 2 , Polestar 4, Volvo EX30\"}]},{\"@type\":\"WebSite\",\"@id\":\"https:\\\/\\\/shop.bantam.ch\\\/fr\\\/#website\",\"url\":\"https:\\\/\\\/shop.bantam.ch\\\/fr\\\/\",\"name\":\"Bantam Wankm\u00fcller SA\",\"description\":\"\",\"publisher\":{\"@id\":\"https:\\\/\\\/shop.bantam.ch\\\/fr\\\/#organization\"},\"inLanguage\":\"fr-FR\"},{\"@type\":\"Organization\",\"@id\":\"https:\\\/\\\/shop.bantam.ch\\\/fr\\\/#organization\",\"name\":\"Bantam Wankm\u00fcller SA\",\"url\":\"https:\\\/\\\/shop.bantam.ch\\\/fr\\\/\",\"logo\":{\"@type\":\"ImageObject\",\"inLanguage\":\"fr-FR\",\"@id\":\"https:\\\/\\\/shop.bantam.ch\\\/fr\\\/#\\\/schema\\\/logo\\\/image\\\/\",\"url\":\"https:\\\/\\\/shop.bantam.ch\\\/wp-content\\\/uploads\\\/2022\\\/12\\\/bantam-logo.png\",\"contentUrl\":\"https:\\\/\\\/shop.bantam.ch\\\/wp-content\\\/uploads\\\/2022\\\/12\\\/bantam-logo.png\",\"width\":320,\"height\":71,\"caption\":\"Bantam Wankm\u00fcller SA\"},\"image\":{\"@id\":\"https:\\\/\\\/shop.bantam.ch\\\/fr\\\/#\\\/schema\\\/logo\\\/image\\\/\"}}]}<\/script>\n<!-- \/ Yoast SEO plugin. -->","yoast_head_json":{"title":"R\u00e9troviseur de caravane adaptable sur Polestar 2 , Polestar 4, Volvo EX30 - Bantam Wankm\u00fcller SA","robots":{"index":"index","follow":"follow","max-snippet":"max-snippet:-1","max-image-preview":"max-image-preview:large","max-video-preview":"max-video-preview:-1"},"canonical":"https:\/\/shop.bantam.ch\/fr\/produit\/retroviseur-de-caravane-adaptable-sur-polestar-2-polestar-4-volvo-ex30\/","og_locale":"fr_FR","og_type":"article","og_title":"R\u00e9troviseur de caravane adaptable sur Polestar 2 , Polestar 4, Volvo EX30 - Bantam Wankm\u00fcller SA","og_description":"Le support ou le miroir sp\u00e9cialement adapt\u00e9 \u00e0 chaque r\u00e9troviseur de v\u00e9hicule (forme en fonte d&rsquo;aluminium) permet un montage pr\u00e9cis et garantit une assise parfaite sans vibrations. Montage rapide sans outils. Tous les composants des r\u00e9troviseurs sont fabriqu\u00e9s dans des mat\u00e9riaux r\u00e9sistants \u00e0 la corrosion et garantissent une grande long\u00e9vit\u00e9. Les avantages pour vous : [&hellip;]","og_url":"https:\/\/shop.bantam.ch\/fr\/produit\/retroviseur-de-caravane-adaptable-sur-polestar-2-polestar-4-volvo-ex30\/","og_site_name":"Bantam Wankm\u00fcller SA","article_modified_time":"2026-04-22T21:52:13+00:00","twitter_card":"summary_large_image","twitter_misc":{"Dur\u00e9e de lecture estim\u00e9e":"1 minute"},"schema":{"@context":"https:\/\/schema.org","@graph":[{"@type":"WebPage","@id":"https:\/\/shop.bantam.ch\/fr\/produit\/retroviseur-de-caravane-adaptable-sur-polestar-2-polestar-4-volvo-ex30\/","url":"https:\/\/shop.bantam.ch\/fr\/produit\/retroviseur-de-caravane-adaptable-sur-polestar-2-polestar-4-volvo-ex30\/","name":"R\u00e9troviseur de caravane adaptable sur Polestar 2 , Polestar 4, Volvo EX30 - Bantam Wankm\u00fcller SA","isPartOf":{"@id":"https:\/\/shop.bantam.ch\/fr\/#website"},"primaryImageOfPage":{"@id":"https:\/\/shop.bantam.ch\/fr\/produit\/retroviseur-de-caravane-adaptable-sur-polestar-2-polestar-4-volvo-ex30\/#primaryimage"},"image":{"@id":"https:\/\/shop.bantam.ch\/fr\/produit\/retroviseur-de-caravane-adaptable-sur-polestar-2-polestar-4-volvo-ex30\/#primaryimage"},"thumbnailUrl":"https:\/\/shop.bantam.ch\/wp-content\/uploads\/2026\/01\/Movera-L-9985268100.jpg","datePublished":"2026-01-06T16:55:45+00:00","dateModified":"2026-04-22T21:52:13+00:00","breadcrumb":{"@id":"https:\/\/shop.bantam.ch\/fr\/produit\/retroviseur-de-caravane-adaptable-sur-polestar-2-polestar-4-volvo-ex30\/#breadcrumb"},"inLanguage":"fr-FR","potentialAction":[{"@type":"ReadAction","target":["https:\/\/shop.bantam.ch\/fr\/produit\/retroviseur-de-caravane-adaptable-sur-polestar-2-polestar-4-volvo-ex30\/"]}]},{"@type":"ImageObject","inLanguage":"fr-FR","@id":"https:\/\/shop.bantam.ch\/fr\/produit\/retroviseur-de-caravane-adaptable-sur-polestar-2-polestar-4-volvo-ex30\/#primaryimage","url":"https:\/\/shop.bantam.ch\/wp-content\/uploads\/2026\/01\/Movera-L-9985268100.jpg","contentUrl":"https:\/\/shop.bantam.ch\/wp-content\/uploads\/2026\/01\/Movera-L-9985268100.jpg","width":640,"height":427},{"@type":"BreadcrumbList","@id":"https:\/\/shop.bantam.ch\/fr\/produit\/retroviseur-de-caravane-adaptable-sur-polestar-2-polestar-4-volvo-ex30\/#breadcrumb","itemListElement":[{"@type":"ListItem","position":1,"name":"Accueil","item":"https:\/\/shop.bantam.ch\/fr\/"},{"@type":"ListItem","position":2,"name":"Boutique","item":"https:\/\/shop.bantam.ch\/fr\/boutique\/"},{"@type":"ListItem","position":3,"name":"R\u00e9troviseur de caravane adaptable sur Polestar 2 , Polestar 4, Volvo EX30"}]},{"@type":"WebSite","@id":"https:\/\/shop.bantam.ch\/fr\/#website","url":"https:\/\/shop.bantam.ch\/fr\/","name":"Bantam Wankm\u00fcller SA","description":"","publisher":{"@id":"https:\/\/shop.bantam.ch\/fr\/#organization"},"inLanguage":"fr-FR"},{"@type":"Organization","@id":"https:\/\/shop.bantam.ch\/fr\/#organization","name":"Bantam Wankm\u00fcller SA","url":"https:\/\/shop.bantam.ch\/fr\/","logo":{"@type":"ImageObject","inLanguage":"fr-FR","@id":"https:\/\/shop.bantam.ch\/fr\/#\/schema\/logo\/image\/","url":"https:\/\/shop.bantam.ch\/wp-content\/uploads\/2022\/12\/bantam-logo.png","contentUrl":"https:\/\/shop.bantam.ch\/wp-content\/uploads\/2022\/12\/bantam-logo.png","width":320,"height":71,"caption":"Bantam Wankm\u00fcller SA"},"image":{"@id":"https:\/\/shop.bantam.ch\/fr\/#\/schema\/logo\/image\/"}}]}},"_links":{"self":[{"href":"https:\/\/shop.bantam.ch\/fr\/wp-json\/wp\/v2\/product\/231237","targetHints":{"allow":["GET"]}}],"collection":[{"href":"https:\/\/shop.bantam.ch\/fr\/wp-json\/wp\/v2\/product"}],"about":[{"href":"https:\/\/shop.bantam.ch\/fr\/wp-json\/wp\/v2\/types\/product"}],"wp:featuredmedia":[{"embeddable":true,"href":"https:\/\/shop.bantam.ch\/fr\/wp-json\/wp\/v2\/media\/231231"}],"wp:attachment":[{"href":"https:\/\/shop.bantam.ch\/fr\/wp-json\/wp\/v2\/media?parent=231237"}],"wp:term":[{"taxonomy":"product_featured_cat","embeddable":true,"href":"https:\/\/shop.bantam.ch\/fr\/wp-json\/wp\/v2\/product_featured_cat?post=231237"},{"taxonomy":"product_brand","embeddable":true,"href":"https:\/\/shop.bantam.ch\/fr\/wp-json\/wp\/v2\/product_brand?post=231237"},{"taxonomy":"product_cat","embeddable":true,"href":"https:\/\/shop.bantam.ch\/fr\/wp-json\/wp\/v2\/product_cat?post=231237"},{"taxonomy":"product_tag","embeddable":true,"href":"https:\/\/shop.bantam.ch\/fr\/wp-json\/wp\/v2\/product_tag?post=231237"}],"curies":[{"name":"wp","href":"https:\/\/api.w.org\/{rel}","templated":true}]}}