{"id":231189,"date":"2026-01-06T17:54:29","date_gmt":"2026-01-06T16:54:29","guid":{"rendered":"https:\/\/shop.bantam.ch\/produit\/armoire-de-cuisine-elutop-compack-cube\/"},"modified":"2026-04-19T23:59:38","modified_gmt":"2026-04-19T21:59:38","slug":"armoire-de-cuisine-elutop-compack-cube","status":"publish","type":"product","link":"https:\/\/shop.bantam.ch\/fr\/produit\/armoire-de-cuisine-elutop-compack-cube\/","title":{"rendered":"Armoire de cuisine El\u00f9top Compack Cube"},"content":{"rendered":"<p><!--StartFragment -->Le plan de travail actuel en bambou de l&rsquo;Azabache Cube a \u00e9t\u00e9 remplac\u00e9 par un plan de travail l\u00e9ger en nid d&rsquo;abeille afin de r\u00e9duire consid\u00e9rablement le poids total du produit. Toutes les autres caract\u00e9ristiques exceptionnelles de ce produit unique restent inchang\u00e9es, ce qui permet de conserver \u00e0 la fois la fonctionnalit\u00e9 et le style.<!--EndFragment --><\/p>\n","protected":false},"excerpt":{"rendered":"<p>Le plan de travail actuel en bambou de l&rsquo;Azabache Cube a \u00e9t\u00e9 remplac\u00e9 par un plan de travail l\u00e9ger en nid d&rsquo;abeille afin de r\u00e9duire consid\u00e9rablement le poids total du produit. Toutes les autres caract\u00e9ristiques exceptionnelles de ce produit unique restent inchang\u00e9es, ce qui permet de conserver \u00e0 la fois la fonctionnalit\u00e9 et le style.<\/p>\n","protected":false},"featured_media":231179,"template":"","meta":{"_acf_changed":false},"product_featured_cat":[],"product_brand":[],"product_cat":[4057],"product_tag":[],"class_list":{"0":"post-231189","1":"product","2":"type-product","3":"status-publish","4":"has-post-thumbnail","6":"product_cat-armoires-de-camping","8":"first","9":"instock","10":"taxable","11":"shipping-taxable","12":"purchasable","13":"product-type-simple"},"acf":[],"yoast_head":"<!-- This site is optimized with the Yoast SEO plugin v27.4 - https:\/\/yoast.com\/product\/yoast-seo-wordpress\/ -->\n<title>Armoire de cuisine El\u00f9top Compack Cube - Bantam Wankm\u00fcller SA<\/title>\n<meta name=\"robots\" content=\"index, follow, max-snippet:-1, max-image-preview:large, max-video-preview:-1\" \/>\n<link rel=\"canonical\" href=\"https:\/\/shop.bantam.ch\/fr\/produit\/armoire-de-cuisine-elutop-compack-cube\/\" \/>\n<meta property=\"og:locale\" content=\"fr_FR\" \/>\n<meta property=\"og:type\" content=\"article\" \/>\n<meta property=\"og:title\" content=\"Armoire de cuisine El\u00f9top Compack Cube - Bantam Wankm\u00fcller SA\" \/>\n<meta property=\"og:description\" content=\"Le plan de travail actuel en bambou de l&rsquo;Azabache Cube a \u00e9t\u00e9 remplac\u00e9 par un plan de travail l\u00e9ger en nid d&rsquo;abeille afin de r\u00e9duire consid\u00e9rablement le poids total du produit. Toutes les autres caract\u00e9ristiques exceptionnelles de ce produit unique restent inchang\u00e9es, ce qui permet de conserver \u00e0 la fois la fonctionnalit\u00e9 et le style.\" \/>\n<meta property=\"og:url\" content=\"https:\/\/shop.bantam.ch\/fr\/produit\/armoire-de-cuisine-elutop-compack-cube\/\" \/>\n<meta property=\"og:site_name\" content=\"Bantam Wankm\u00fcller SA\" \/>\n<meta property=\"article:modified_time\" content=\"2026-04-19T21:59:38+00:00\" \/>\n<meta name=\"twitter:card\" content=\"summary_large_image\" \/>\n<script type=\"application\/ld+json\" class=\"yoast-schema-graph\">{\"@context\":\"https:\\\/\\\/schema.org\",\"@graph\":[{\"@type\":\"WebPage\",\"@id\":\"https:\\\/\\\/shop.bantam.ch\\\/fr\\\/produit\\\/armoire-de-cuisine-elutop-compack-cube\\\/\",\"url\":\"https:\\\/\\\/shop.bantam.ch\\\/fr\\\/produit\\\/armoire-de-cuisine-elutop-compack-cube\\\/\",\"name\":\"Armoire de cuisine El\u00f9top Compack Cube - Bantam Wankm\u00fcller SA\",\"isPartOf\":{\"@id\":\"https:\\\/\\\/shop.bantam.ch\\\/fr\\\/#website\"},\"primaryImageOfPage\":{\"@id\":\"https:\\\/\\\/shop.bantam.ch\\\/fr\\\/produit\\\/armoire-de-cuisine-elutop-compack-cube\\\/#primaryimage\"},\"image\":{\"@id\":\"https:\\\/\\\/shop.bantam.ch\\\/fr\\\/produit\\\/armoire-de-cuisine-elutop-compack-cube\\\/#primaryimage\"},\"thumbnailUrl\":\"https:\\\/\\\/shop.bantam.ch\\\/wp-content\\\/uploads\\\/2026\\\/01\\\/Movera-L-9988071100.jpg\",\"datePublished\":\"2026-01-06T16:54:29+00:00\",\"dateModified\":\"2026-04-19T21:59:38+00:00\",\"breadcrumb\":{\"@id\":\"https:\\\/\\\/shop.bantam.ch\\\/fr\\\/produit\\\/armoire-de-cuisine-elutop-compack-cube\\\/#breadcrumb\"},\"inLanguage\":\"fr-FR\",\"potentialAction\":[{\"@type\":\"ReadAction\",\"target\":[\"https:\\\/\\\/shop.bantam.ch\\\/fr\\\/produit\\\/armoire-de-cuisine-elutop-compack-cube\\\/\"]}]},{\"@type\":\"ImageObject\",\"inLanguage\":\"fr-FR\",\"@id\":\"https:\\\/\\\/shop.bantam.ch\\\/fr\\\/produit\\\/armoire-de-cuisine-elutop-compack-cube\\\/#primaryimage\",\"url\":\"https:\\\/\\\/shop.bantam.ch\\\/wp-content\\\/uploads\\\/2026\\\/01\\\/Movera-L-9988071100.jpg\",\"contentUrl\":\"https:\\\/\\\/shop.bantam.ch\\\/wp-content\\\/uploads\\\/2026\\\/01\\\/Movera-L-9988071100.jpg\",\"width\":640,\"height\":872},{\"@type\":\"BreadcrumbList\",\"@id\":\"https:\\\/\\\/shop.bantam.ch\\\/fr\\\/produit\\\/armoire-de-cuisine-elutop-compack-cube\\\/#breadcrumb\",\"itemListElement\":[{\"@type\":\"ListItem\",\"position\":1,\"name\":\"Accueil\",\"item\":\"https:\\\/\\\/shop.bantam.ch\\\/fr\\\/\"},{\"@type\":\"ListItem\",\"position\":2,\"name\":\"Boutique\",\"item\":\"https:\\\/\\\/shop.bantam.ch\\\/fr\\\/boutique\\\/\"},{\"@type\":\"ListItem\",\"position\":3,\"name\":\"Armoire de cuisine El\u00f9top Compack Cube\"}]},{\"@type\":\"WebSite\",\"@id\":\"https:\\\/\\\/shop.bantam.ch\\\/fr\\\/#website\",\"url\":\"https:\\\/\\\/shop.bantam.ch\\\/fr\\\/\",\"name\":\"Bantam Wankm\u00fcller SA\",\"description\":\"\",\"publisher\":{\"@id\":\"https:\\\/\\\/shop.bantam.ch\\\/fr\\\/#organization\"},\"inLanguage\":\"fr-FR\"},{\"@type\":\"Organization\",\"@id\":\"https:\\\/\\\/shop.bantam.ch\\\/fr\\\/#organization\",\"name\":\"Bantam Wankm\u00fcller SA\",\"url\":\"https:\\\/\\\/shop.bantam.ch\\\/fr\\\/\",\"logo\":{\"@type\":\"ImageObject\",\"inLanguage\":\"fr-FR\",\"@id\":\"https:\\\/\\\/shop.bantam.ch\\\/fr\\\/#\\\/schema\\\/logo\\\/image\\\/\",\"url\":\"https:\\\/\\\/shop.bantam.ch\\\/wp-content\\\/uploads\\\/2022\\\/12\\\/bantam-logo.png\",\"contentUrl\":\"https:\\\/\\\/shop.bantam.ch\\\/wp-content\\\/uploads\\\/2022\\\/12\\\/bantam-logo.png\",\"width\":320,\"height\":71,\"caption\":\"Bantam Wankm\u00fcller SA\"},\"image\":{\"@id\":\"https:\\\/\\\/shop.bantam.ch\\\/fr\\\/#\\\/schema\\\/logo\\\/image\\\/\"}}]}<\/script>\n<!-- \/ Yoast SEO plugin. -->","yoast_head_json":{"title":"Armoire de cuisine El\u00f9top Compack Cube - Bantam Wankm\u00fcller SA","robots":{"index":"index","follow":"follow","max-snippet":"max-snippet:-1","max-image-preview":"max-image-preview:large","max-video-preview":"max-video-preview:-1"},"canonical":"https:\/\/shop.bantam.ch\/fr\/produit\/armoire-de-cuisine-elutop-compack-cube\/","og_locale":"fr_FR","og_type":"article","og_title":"Armoire de cuisine El\u00f9top Compack Cube - Bantam Wankm\u00fcller SA","og_description":"Le plan de travail actuel en bambou de l&rsquo;Azabache Cube a \u00e9t\u00e9 remplac\u00e9 par un plan de travail l\u00e9ger en nid d&rsquo;abeille afin de r\u00e9duire consid\u00e9rablement le poids total du produit. Toutes les autres caract\u00e9ristiques exceptionnelles de ce produit unique restent inchang\u00e9es, ce qui permet de conserver \u00e0 la fois la fonctionnalit\u00e9 et le style.","og_url":"https:\/\/shop.bantam.ch\/fr\/produit\/armoire-de-cuisine-elutop-compack-cube\/","og_site_name":"Bantam Wankm\u00fcller SA","article_modified_time":"2026-04-19T21:59:38+00:00","twitter_card":"summary_large_image","schema":{"@context":"https:\/\/schema.org","@graph":[{"@type":"WebPage","@id":"https:\/\/shop.bantam.ch\/fr\/produit\/armoire-de-cuisine-elutop-compack-cube\/","url":"https:\/\/shop.bantam.ch\/fr\/produit\/armoire-de-cuisine-elutop-compack-cube\/","name":"Armoire de cuisine El\u00f9top Compack Cube - Bantam Wankm\u00fcller SA","isPartOf":{"@id":"https:\/\/shop.bantam.ch\/fr\/#website"},"primaryImageOfPage":{"@id":"https:\/\/shop.bantam.ch\/fr\/produit\/armoire-de-cuisine-elutop-compack-cube\/#primaryimage"},"image":{"@id":"https:\/\/shop.bantam.ch\/fr\/produit\/armoire-de-cuisine-elutop-compack-cube\/#primaryimage"},"thumbnailUrl":"https:\/\/shop.bantam.ch\/wp-content\/uploads\/2026\/01\/Movera-L-9988071100.jpg","datePublished":"2026-01-06T16:54:29+00:00","dateModified":"2026-04-19T21:59:38+00:00","breadcrumb":{"@id":"https:\/\/shop.bantam.ch\/fr\/produit\/armoire-de-cuisine-elutop-compack-cube\/#breadcrumb"},"inLanguage":"fr-FR","potentialAction":[{"@type":"ReadAction","target":["https:\/\/shop.bantam.ch\/fr\/produit\/armoire-de-cuisine-elutop-compack-cube\/"]}]},{"@type":"ImageObject","inLanguage":"fr-FR","@id":"https:\/\/shop.bantam.ch\/fr\/produit\/armoire-de-cuisine-elutop-compack-cube\/#primaryimage","url":"https:\/\/shop.bantam.ch\/wp-content\/uploads\/2026\/01\/Movera-L-9988071100.jpg","contentUrl":"https:\/\/shop.bantam.ch\/wp-content\/uploads\/2026\/01\/Movera-L-9988071100.jpg","width":640,"height":872},{"@type":"BreadcrumbList","@id":"https:\/\/shop.bantam.ch\/fr\/produit\/armoire-de-cuisine-elutop-compack-cube\/#breadcrumb","itemListElement":[{"@type":"ListItem","position":1,"name":"Accueil","item":"https:\/\/shop.bantam.ch\/fr\/"},{"@type":"ListItem","position":2,"name":"Boutique","item":"https:\/\/shop.bantam.ch\/fr\/boutique\/"},{"@type":"ListItem","position":3,"name":"Armoire de cuisine El\u00f9top Compack Cube"}]},{"@type":"WebSite","@id":"https:\/\/shop.bantam.ch\/fr\/#website","url":"https:\/\/shop.bantam.ch\/fr\/","name":"Bantam Wankm\u00fcller SA","description":"","publisher":{"@id":"https:\/\/shop.bantam.ch\/fr\/#organization"},"inLanguage":"fr-FR"},{"@type":"Organization","@id":"https:\/\/shop.bantam.ch\/fr\/#organization","name":"Bantam Wankm\u00fcller SA","url":"https:\/\/shop.bantam.ch\/fr\/","logo":{"@type":"ImageObject","inLanguage":"fr-FR","@id":"https:\/\/shop.bantam.ch\/fr\/#\/schema\/logo\/image\/","url":"https:\/\/shop.bantam.ch\/wp-content\/uploads\/2022\/12\/bantam-logo.png","contentUrl":"https:\/\/shop.bantam.ch\/wp-content\/uploads\/2022\/12\/bantam-logo.png","width":320,"height":71,"caption":"Bantam Wankm\u00fcller SA"},"image":{"@id":"https:\/\/shop.bantam.ch\/fr\/#\/schema\/logo\/image\/"}}]}},"_links":{"self":[{"href":"https:\/\/shop.bantam.ch\/fr\/wp-json\/wp\/v2\/product\/231189","targetHints":{"allow":["GET"]}}],"collection":[{"href":"https:\/\/shop.bantam.ch\/fr\/wp-json\/wp\/v2\/product"}],"about":[{"href":"https:\/\/shop.bantam.ch\/fr\/wp-json\/wp\/v2\/types\/product"}],"wp:featuredmedia":[{"embeddable":true,"href":"https:\/\/shop.bantam.ch\/fr\/wp-json\/wp\/v2\/media\/231179"}],"wp:attachment":[{"href":"https:\/\/shop.bantam.ch\/fr\/wp-json\/wp\/v2\/media?parent=231189"}],"wp:term":[{"taxonomy":"product_featured_cat","embeddable":true,"href":"https:\/\/shop.bantam.ch\/fr\/wp-json\/wp\/v2\/product_featured_cat?post=231189"},{"taxonomy":"product_brand","embeddable":true,"href":"https:\/\/shop.bantam.ch\/fr\/wp-json\/wp\/v2\/product_brand?post=231189"},{"taxonomy":"product_cat","embeddable":true,"href":"https:\/\/shop.bantam.ch\/fr\/wp-json\/wp\/v2\/product_cat?post=231189"},{"taxonomy":"product_tag","embeddable":true,"href":"https:\/\/shop.bantam.ch\/fr\/wp-json\/wp\/v2\/product_tag?post=231189"}],"curies":[{"name":"wp","href":"https:\/\/api.w.org\/{rel}","templated":true}]}}