{"id":231153,"date":"2026-01-06T17:53:43","date_gmt":"2026-01-06T16:53:43","guid":{"rendered":"https:\/\/shop.bantam.ch\/produit\/carafe-pour-refrigerateur-califfa-transparent\/"},"modified":"2026-04-22T23:51:59","modified_gmt":"2026-04-22T21:51:59","slug":"carafe-pour-refrigerateur-califfa-transparent","status":"publish","type":"product","link":"https:\/\/shop.bantam.ch\/fr\/produit\/carafe-pour-refrigerateur-califfa-transparent\/","title":{"rendered":"Carafe pour r\u00e9frig\u00e9rateur Califfa transparent"},"content":{"rendered":"<p>Cette carafe \u00e9lanc\u00e9e a \u00e9t\u00e9 con\u00e7ue pour les espaces de vie compacts comme les camping-cars et les bateaux et offre une solution pratique pour les espaces restreints. Elle est fabriqu\u00e9e en Tritan incassable et offre une grande long\u00e9vit\u00e9 sans sacrifier le style. Le couvercle int\u00e9gr\u00e9 assure une fermeture s\u00fbre et \u00e9vite les renversements, ce qui en fait l&rsquo;outil id\u00e9al pour les amateurs de voyages.<\/p>\n<ul>\n<li>Fermeture \u00e9tanche<\/li>\n<li>Mat\u00e9riau incassable<\/li>\n<li>Poign\u00e9e confortable<\/li>\n<li>Forme peu encombrante<\/li>\n<li>Contenu de 1000 ml<\/li>\n<\/ul>\n","protected":false},"excerpt":{"rendered":"<p>Cette carafe \u00e9lanc\u00e9e a \u00e9t\u00e9 con\u00e7ue pour les espaces de vie compacts comme les camping-cars et les bateaux et offre une solution pratique pour les espaces restreints. Elle est fabriqu\u00e9e en Tritan incassable et offre une grande long\u00e9vit\u00e9 sans sacrifier le style. Le couvercle int\u00e9gr\u00e9 assure une fermeture s\u00fbre et \u00e9vite les renversements, ce qui [&hellip;]<\/p>\n","protected":false},"featured_media":231147,"template":"","meta":{"_acf_changed":false},"product_featured_cat":[],"product_brand":[],"product_cat":[5337],"product_tag":[],"class_list":{"0":"post-231153","1":"product","2":"type-product","3":"status-publish","4":"has-post-thumbnail","6":"product_cat-verres","8":"first","9":"instock","10":"taxable","11":"shipping-taxable","12":"purchasable","13":"product-type-simple"},"acf":[],"yoast_head":"<!-- This site is optimized with the Yoast SEO plugin v27.4 - https:\/\/yoast.com\/product\/yoast-seo-wordpress\/ -->\n<title>Carafe pour r\u00e9frig\u00e9rateur Califfa transparent - Bantam Wankm\u00fcller SA<\/title>\n<meta name=\"robots\" content=\"index, follow, max-snippet:-1, max-image-preview:large, max-video-preview:-1\" \/>\n<link rel=\"canonical\" href=\"https:\/\/shop.bantam.ch\/fr\/produit\/carafe-pour-refrigerateur-califfa-transparent\/\" \/>\n<meta property=\"og:locale\" content=\"fr_FR\" \/>\n<meta property=\"og:type\" content=\"article\" \/>\n<meta property=\"og:title\" content=\"Carafe pour r\u00e9frig\u00e9rateur Califfa transparent - Bantam Wankm\u00fcller SA\" \/>\n<meta property=\"og:description\" content=\"Cette carafe \u00e9lanc\u00e9e a \u00e9t\u00e9 con\u00e7ue pour les espaces de vie compacts comme les camping-cars et les bateaux et offre une solution pratique pour les espaces restreints. Elle est fabriqu\u00e9e en Tritan incassable et offre une grande long\u00e9vit\u00e9 sans sacrifier le style. Le couvercle int\u00e9gr\u00e9 assure une fermeture s\u00fbre et \u00e9vite les renversements, ce qui [&hellip;]\" \/>\n<meta property=\"og:url\" content=\"https:\/\/shop.bantam.ch\/fr\/produit\/carafe-pour-refrigerateur-califfa-transparent\/\" \/>\n<meta property=\"og:site_name\" content=\"Bantam Wankm\u00fcller SA\" \/>\n<meta property=\"article:modified_time\" content=\"2026-04-22T21:51:59+00:00\" \/>\n<meta name=\"twitter:card\" content=\"summary_large_image\" \/>\n<script type=\"application\/ld+json\" class=\"yoast-schema-graph\">{\"@context\":\"https:\\\/\\\/schema.org\",\"@graph\":[{\"@type\":\"WebPage\",\"@id\":\"https:\\\/\\\/shop.bantam.ch\\\/fr\\\/produit\\\/carafe-pour-refrigerateur-califfa-transparent\\\/\",\"url\":\"https:\\\/\\\/shop.bantam.ch\\\/fr\\\/produit\\\/carafe-pour-refrigerateur-califfa-transparent\\\/\",\"name\":\"Carafe pour r\u00e9frig\u00e9rateur Califfa transparent - Bantam Wankm\u00fcller SA\",\"isPartOf\":{\"@id\":\"https:\\\/\\\/shop.bantam.ch\\\/fr\\\/#website\"},\"primaryImageOfPage\":{\"@id\":\"https:\\\/\\\/shop.bantam.ch\\\/fr\\\/produit\\\/carafe-pour-refrigerateur-califfa-transparent\\\/#primaryimage\"},\"image\":{\"@id\":\"https:\\\/\\\/shop.bantam.ch\\\/fr\\\/produit\\\/carafe-pour-refrigerateur-califfa-transparent\\\/#primaryimage\"},\"thumbnailUrl\":\"https:\\\/\\\/shop.bantam.ch\\\/wp-content\\\/uploads\\\/2026\\\/01\\\/Movera-L-9987166100.jpg\",\"datePublished\":\"2026-01-06T16:53:43+00:00\",\"dateModified\":\"2026-04-22T21:51:59+00:00\",\"breadcrumb\":{\"@id\":\"https:\\\/\\\/shop.bantam.ch\\\/fr\\\/produit\\\/carafe-pour-refrigerateur-califfa-transparent\\\/#breadcrumb\"},\"inLanguage\":\"fr-FR\",\"potentialAction\":[{\"@type\":\"ReadAction\",\"target\":[\"https:\\\/\\\/shop.bantam.ch\\\/fr\\\/produit\\\/carafe-pour-refrigerateur-califfa-transparent\\\/\"]}]},{\"@type\":\"ImageObject\",\"inLanguage\":\"fr-FR\",\"@id\":\"https:\\\/\\\/shop.bantam.ch\\\/fr\\\/produit\\\/carafe-pour-refrigerateur-califfa-transparent\\\/#primaryimage\",\"url\":\"https:\\\/\\\/shop.bantam.ch\\\/wp-content\\\/uploads\\\/2026\\\/01\\\/Movera-L-9987166100.jpg\",\"contentUrl\":\"https:\\\/\\\/shop.bantam.ch\\\/wp-content\\\/uploads\\\/2026\\\/01\\\/Movera-L-9987166100.jpg\",\"width\":640,\"height\":1312},{\"@type\":\"BreadcrumbList\",\"@id\":\"https:\\\/\\\/shop.bantam.ch\\\/fr\\\/produit\\\/carafe-pour-refrigerateur-califfa-transparent\\\/#breadcrumb\",\"itemListElement\":[{\"@type\":\"ListItem\",\"position\":1,\"name\":\"Accueil\",\"item\":\"https:\\\/\\\/shop.bantam.ch\\\/fr\\\/\"},{\"@type\":\"ListItem\",\"position\":2,\"name\":\"Boutique\",\"item\":\"https:\\\/\\\/shop.bantam.ch\\\/fr\\\/boutique\\\/\"},{\"@type\":\"ListItem\",\"position\":3,\"name\":\"Carafe pour r\u00e9frig\u00e9rateur Califfa transparent\"}]},{\"@type\":\"WebSite\",\"@id\":\"https:\\\/\\\/shop.bantam.ch\\\/fr\\\/#website\",\"url\":\"https:\\\/\\\/shop.bantam.ch\\\/fr\\\/\",\"name\":\"Bantam Wankm\u00fcller SA\",\"description\":\"\",\"publisher\":{\"@id\":\"https:\\\/\\\/shop.bantam.ch\\\/fr\\\/#organization\"},\"inLanguage\":\"fr-FR\"},{\"@type\":\"Organization\",\"@id\":\"https:\\\/\\\/shop.bantam.ch\\\/fr\\\/#organization\",\"name\":\"Bantam Wankm\u00fcller SA\",\"url\":\"https:\\\/\\\/shop.bantam.ch\\\/fr\\\/\",\"logo\":{\"@type\":\"ImageObject\",\"inLanguage\":\"fr-FR\",\"@id\":\"https:\\\/\\\/shop.bantam.ch\\\/fr\\\/#\\\/schema\\\/logo\\\/image\\\/\",\"url\":\"https:\\\/\\\/shop.bantam.ch\\\/wp-content\\\/uploads\\\/2022\\\/12\\\/bantam-logo.png\",\"contentUrl\":\"https:\\\/\\\/shop.bantam.ch\\\/wp-content\\\/uploads\\\/2022\\\/12\\\/bantam-logo.png\",\"width\":320,\"height\":71,\"caption\":\"Bantam Wankm\u00fcller SA\"},\"image\":{\"@id\":\"https:\\\/\\\/shop.bantam.ch\\\/fr\\\/#\\\/schema\\\/logo\\\/image\\\/\"}}]}<\/script>\n<!-- \/ Yoast SEO plugin. -->","yoast_head_json":{"title":"Carafe pour r\u00e9frig\u00e9rateur Califfa transparent - Bantam Wankm\u00fcller SA","robots":{"index":"index","follow":"follow","max-snippet":"max-snippet:-1","max-image-preview":"max-image-preview:large","max-video-preview":"max-video-preview:-1"},"canonical":"https:\/\/shop.bantam.ch\/fr\/produit\/carafe-pour-refrigerateur-califfa-transparent\/","og_locale":"fr_FR","og_type":"article","og_title":"Carafe pour r\u00e9frig\u00e9rateur Califfa transparent - Bantam Wankm\u00fcller SA","og_description":"Cette carafe \u00e9lanc\u00e9e a \u00e9t\u00e9 con\u00e7ue pour les espaces de vie compacts comme les camping-cars et les bateaux et offre une solution pratique pour les espaces restreints. Elle est fabriqu\u00e9e en Tritan incassable et offre une grande long\u00e9vit\u00e9 sans sacrifier le style. Le couvercle int\u00e9gr\u00e9 assure une fermeture s\u00fbre et \u00e9vite les renversements, ce qui [&hellip;]","og_url":"https:\/\/shop.bantam.ch\/fr\/produit\/carafe-pour-refrigerateur-califfa-transparent\/","og_site_name":"Bantam Wankm\u00fcller SA","article_modified_time":"2026-04-22T21:51:59+00:00","twitter_card":"summary_large_image","schema":{"@context":"https:\/\/schema.org","@graph":[{"@type":"WebPage","@id":"https:\/\/shop.bantam.ch\/fr\/produit\/carafe-pour-refrigerateur-califfa-transparent\/","url":"https:\/\/shop.bantam.ch\/fr\/produit\/carafe-pour-refrigerateur-califfa-transparent\/","name":"Carafe pour r\u00e9frig\u00e9rateur Califfa transparent - Bantam Wankm\u00fcller SA","isPartOf":{"@id":"https:\/\/shop.bantam.ch\/fr\/#website"},"primaryImageOfPage":{"@id":"https:\/\/shop.bantam.ch\/fr\/produit\/carafe-pour-refrigerateur-califfa-transparent\/#primaryimage"},"image":{"@id":"https:\/\/shop.bantam.ch\/fr\/produit\/carafe-pour-refrigerateur-califfa-transparent\/#primaryimage"},"thumbnailUrl":"https:\/\/shop.bantam.ch\/wp-content\/uploads\/2026\/01\/Movera-L-9987166100.jpg","datePublished":"2026-01-06T16:53:43+00:00","dateModified":"2026-04-22T21:51:59+00:00","breadcrumb":{"@id":"https:\/\/shop.bantam.ch\/fr\/produit\/carafe-pour-refrigerateur-califfa-transparent\/#breadcrumb"},"inLanguage":"fr-FR","potentialAction":[{"@type":"ReadAction","target":["https:\/\/shop.bantam.ch\/fr\/produit\/carafe-pour-refrigerateur-califfa-transparent\/"]}]},{"@type":"ImageObject","inLanguage":"fr-FR","@id":"https:\/\/shop.bantam.ch\/fr\/produit\/carafe-pour-refrigerateur-califfa-transparent\/#primaryimage","url":"https:\/\/shop.bantam.ch\/wp-content\/uploads\/2026\/01\/Movera-L-9987166100.jpg","contentUrl":"https:\/\/shop.bantam.ch\/wp-content\/uploads\/2026\/01\/Movera-L-9987166100.jpg","width":640,"height":1312},{"@type":"BreadcrumbList","@id":"https:\/\/shop.bantam.ch\/fr\/produit\/carafe-pour-refrigerateur-califfa-transparent\/#breadcrumb","itemListElement":[{"@type":"ListItem","position":1,"name":"Accueil","item":"https:\/\/shop.bantam.ch\/fr\/"},{"@type":"ListItem","position":2,"name":"Boutique","item":"https:\/\/shop.bantam.ch\/fr\/boutique\/"},{"@type":"ListItem","position":3,"name":"Carafe pour r\u00e9frig\u00e9rateur Califfa transparent"}]},{"@type":"WebSite","@id":"https:\/\/shop.bantam.ch\/fr\/#website","url":"https:\/\/shop.bantam.ch\/fr\/","name":"Bantam Wankm\u00fcller SA","description":"","publisher":{"@id":"https:\/\/shop.bantam.ch\/fr\/#organization"},"inLanguage":"fr-FR"},{"@type":"Organization","@id":"https:\/\/shop.bantam.ch\/fr\/#organization","name":"Bantam Wankm\u00fcller SA","url":"https:\/\/shop.bantam.ch\/fr\/","logo":{"@type":"ImageObject","inLanguage":"fr-FR","@id":"https:\/\/shop.bantam.ch\/fr\/#\/schema\/logo\/image\/","url":"https:\/\/shop.bantam.ch\/wp-content\/uploads\/2022\/12\/bantam-logo.png","contentUrl":"https:\/\/shop.bantam.ch\/wp-content\/uploads\/2022\/12\/bantam-logo.png","width":320,"height":71,"caption":"Bantam Wankm\u00fcller SA"},"image":{"@id":"https:\/\/shop.bantam.ch\/fr\/#\/schema\/logo\/image\/"}}]}},"_links":{"self":[{"href":"https:\/\/shop.bantam.ch\/fr\/wp-json\/wp\/v2\/product\/231153","targetHints":{"allow":["GET"]}}],"collection":[{"href":"https:\/\/shop.bantam.ch\/fr\/wp-json\/wp\/v2\/product"}],"about":[{"href":"https:\/\/shop.bantam.ch\/fr\/wp-json\/wp\/v2\/types\/product"}],"wp:featuredmedia":[{"embeddable":true,"href":"https:\/\/shop.bantam.ch\/fr\/wp-json\/wp\/v2\/media\/231147"}],"wp:attachment":[{"href":"https:\/\/shop.bantam.ch\/fr\/wp-json\/wp\/v2\/media?parent=231153"}],"wp:term":[{"taxonomy":"product_featured_cat","embeddable":true,"href":"https:\/\/shop.bantam.ch\/fr\/wp-json\/wp\/v2\/product_featured_cat?post=231153"},{"taxonomy":"product_brand","embeddable":true,"href":"https:\/\/shop.bantam.ch\/fr\/wp-json\/wp\/v2\/product_brand?post=231153"},{"taxonomy":"product_cat","embeddable":true,"href":"https:\/\/shop.bantam.ch\/fr\/wp-json\/wp\/v2\/product_cat?post=231153"},{"taxonomy":"product_tag","embeddable":true,"href":"https:\/\/shop.bantam.ch\/fr\/wp-json\/wp\/v2\/product_tag?post=231153"}],"curies":[{"name":"wp","href":"https:\/\/api.w.org\/{rel}","templated":true}]}}