{"id":231093,"date":"2026-01-06T17:51:32","date_gmt":"2026-01-06T16:51:32","guid":{"rendered":"https:\/\/shop.bantam.ch\/produit\/connexion-bluetooth-2\/"},"modified":"2026-04-18T23:55:57","modified_gmt":"2026-04-18T21:55:57","slug":"connexion-bluetooth-2","status":"publish","type":"product","link":"https:\/\/shop.bantam.ch\/fr\/produit\/connexion-bluetooth-2\/","title":{"rendered":"Connexion Bluetooth"},"content":{"rendered":"<p>Commande confortablement toutes les fonctions t\u00e9l\u00e9commandables du WiPro III (safe.lock) avec ton smartphone : c&rsquo;est possible avec BT-connect. Couple ton smartphone \u00e0 ton syst\u00e8me d&rsquo;alarme et commande-le \u00e0 proximit\u00e9 via Bluetooth. Avec BT-connect, d&rsquo;autres utilisateurs autoris\u00e9s peuvent \u00e9galement armer ou d\u00e9sarmer l&rsquo;installation \u00e0 tout moment et en toute simplicit\u00e9. Si un WiPro III safe.lock est install\u00e9, le v\u00e9hicule peut en outre \u00eatre verrouill\u00e9 et d\u00e9verrouill\u00e9 sans cl\u00e9 de voiture ni \u00e9metteur manuel radio. BT-connect peut \u00e9galement \u00eatre int\u00e9gr\u00e9 au syst\u00e8me de localisation Pro-Finder d\u00e9j\u00e0 install\u00e9.<\/p>\n<p>Commande par smartwatch<br \/>\nBT-connect permet \u00e9galement de faire communiquer ton syst\u00e8me de s\u00e9curit\u00e9 THITRONIK\u00ae avec ta montre intelligente. Pour cela, l&rsquo;application THITRONIK\u00ae actuelle doit \u00eatre install\u00e9e sur la montre. Gr\u00e2ce \u00e0 ce widget, il est possible d&rsquo;armer ou de d\u00e9sarmer le syst\u00e8me d&rsquo;alarme en appuyant sur une touche de la montre et de verrouiller ou d&rsquo;ouvrir le v\u00e9hicule avec la WiPro III safe.lock.<\/p>\n<p>Une smartwatch au lieu d&rsquo;une cl\u00e9 radio<br \/>\nLes personnes qui partent nager, faire du v\u00e9lo, de la randonn\u00e9e, de l&rsquo;escalade ou toute autre activit\u00e9 de loisirs n&rsquo;ont donc plus besoin d&#8217;emporter ni cl\u00e9 radio ni smartphone. Il n&rsquo;est donc plus n\u00e9cessaire de cacher laborieusement la cl\u00e9 sur la plage si l&rsquo;on veut aller nager ou surfer dans l&rsquo;eau. Dans la voiture \u00e9galement, la smartwatch peut jouer le r\u00f4le de la cl\u00e9 sans fil &#8211; par exemple si vous souhaitez verrouiller votre v\u00e9hicule le soir depuis votre lit.<\/p>\n<p>En outre, en cas de crise, il est possible de d\u00e9clencher l&rsquo;alarme de panique en appuyant sur un bouton de la montre.<\/p>\n<ul>\n<li>Connexion sans fil : Bluetooth\u00ae 5.0 low energy<\/li>\n<li>Port\u00e9e radio (champ libre) : max. 50 m<\/li>\n<li>Nombre d&rsquo;appareils pouvant \u00eatre coupl\u00e9s : 9<\/li>\n<li>Interface : 2 x RJ10 (entr\u00e9e pour WiPro III (safe.lock) et Pro-finder)<\/li>\n<li>Consommation \u00e9lectrique : &lt;1,5 mA<\/li>\n<\/ul>\n<p>Contenu de la livraison<br \/>\nBT-connect<br \/>\nC\u00e2ble de raccordement<br \/>\nMat\u00e9riel de montage<br \/>\nMode d&#8217;emploi<\/p>\n","protected":false},"excerpt":{"rendered":"<p>Commande confortablement toutes les fonctions t\u00e9l\u00e9commandables du WiPro III (safe.lock) avec ton smartphone : c&rsquo;est possible avec BT-connect. Couple ton smartphone \u00e0 ton syst\u00e8me d&rsquo;alarme et commande-le \u00e0 proximit\u00e9 via Bluetooth. Avec BT-connect, d&rsquo;autres utilisateurs autoris\u00e9s peuvent \u00e9galement armer ou d\u00e9sarmer l&rsquo;installation \u00e0 tout moment et en toute simplicit\u00e9. Si un WiPro III safe.lock est [&hellip;]<\/p>\n","protected":false},"featured_media":231091,"template":"","meta":{"_acf_changed":false},"product_featured_cat":[],"product_brand":[],"product_cat":[5051],"product_tag":[],"class_list":{"0":"post-231093","1":"product","2":"type-product","3":"status-publish","4":"has-post-thumbnail","6":"product_cat-systemes-dalarmes","8":"first","9":"instock","10":"taxable","11":"shipping-taxable","12":"purchasable","13":"product-type-simple"},"acf":[],"yoast_head":"<!-- This site is optimized with the Yoast SEO plugin v27.4 - https:\/\/yoast.com\/product\/yoast-seo-wordpress\/ -->\n<title>Connexion Bluetooth - Bantam Wankm\u00fcller SA<\/title>\n<meta name=\"robots\" content=\"index, follow, max-snippet:-1, max-image-preview:large, max-video-preview:-1\" \/>\n<link rel=\"canonical\" href=\"https:\/\/shop.bantam.ch\/fr\/produit\/connexion-bluetooth-2\/\" \/>\n<meta property=\"og:locale\" content=\"fr_FR\" \/>\n<meta property=\"og:type\" content=\"article\" \/>\n<meta property=\"og:title\" content=\"Connexion Bluetooth - Bantam Wankm\u00fcller SA\" \/>\n<meta property=\"og:description\" content=\"Commande confortablement toutes les fonctions t\u00e9l\u00e9commandables du WiPro III (safe.lock) avec ton smartphone : c&rsquo;est possible avec BT-connect. Couple ton smartphone \u00e0 ton syst\u00e8me d&rsquo;alarme et commande-le \u00e0 proximit\u00e9 via Bluetooth. Avec BT-connect, d&rsquo;autres utilisateurs autoris\u00e9s peuvent \u00e9galement armer ou d\u00e9sarmer l&rsquo;installation \u00e0 tout moment et en toute simplicit\u00e9. Si un WiPro III safe.lock est [&hellip;]\" \/>\n<meta property=\"og:url\" content=\"https:\/\/shop.bantam.ch\/fr\/produit\/connexion-bluetooth-2\/\" \/>\n<meta property=\"og:site_name\" content=\"Bantam Wankm\u00fcller SA\" \/>\n<meta property=\"article:modified_time\" content=\"2026-04-18T21:55:57+00:00\" \/>\n<meta name=\"twitter:card\" content=\"summary_large_image\" \/>\n<meta name=\"twitter:label1\" content=\"Dur\u00e9e de lecture estim\u00e9e\" \/>\n\t<meta name=\"twitter:data1\" content=\"2 minutes\" \/>\n<script type=\"application\/ld+json\" class=\"yoast-schema-graph\">{\"@context\":\"https:\\\/\\\/schema.org\",\"@graph\":[{\"@type\":\"WebPage\",\"@id\":\"https:\\\/\\\/shop.bantam.ch\\\/fr\\\/produit\\\/connexion-bluetooth-2\\\/\",\"url\":\"https:\\\/\\\/shop.bantam.ch\\\/fr\\\/produit\\\/connexion-bluetooth-2\\\/\",\"name\":\"Connexion Bluetooth - Bantam Wankm\u00fcller SA\",\"isPartOf\":{\"@id\":\"https:\\\/\\\/shop.bantam.ch\\\/fr\\\/#website\"},\"primaryImageOfPage\":{\"@id\":\"https:\\\/\\\/shop.bantam.ch\\\/fr\\\/produit\\\/connexion-bluetooth-2\\\/#primaryimage\"},\"image\":{\"@id\":\"https:\\\/\\\/shop.bantam.ch\\\/fr\\\/produit\\\/connexion-bluetooth-2\\\/#primaryimage\"},\"thumbnailUrl\":\"https:\\\/\\\/shop.bantam.ch\\\/wp-content\\\/uploads\\\/2026\\\/01\\\/Movera-L-9985262100.jpg\",\"datePublished\":\"2026-01-06T16:51:32+00:00\",\"dateModified\":\"2026-04-18T21:55:57+00:00\",\"breadcrumb\":{\"@id\":\"https:\\\/\\\/shop.bantam.ch\\\/fr\\\/produit\\\/connexion-bluetooth-2\\\/#breadcrumb\"},\"inLanguage\":\"fr-FR\",\"potentialAction\":[{\"@type\":\"ReadAction\",\"target\":[\"https:\\\/\\\/shop.bantam.ch\\\/fr\\\/produit\\\/connexion-bluetooth-2\\\/\"]}]},{\"@type\":\"ImageObject\",\"inLanguage\":\"fr-FR\",\"@id\":\"https:\\\/\\\/shop.bantam.ch\\\/fr\\\/produit\\\/connexion-bluetooth-2\\\/#primaryimage\",\"url\":\"https:\\\/\\\/shop.bantam.ch\\\/wp-content\\\/uploads\\\/2026\\\/01\\\/Movera-L-9985262100.jpg\",\"contentUrl\":\"https:\\\/\\\/shop.bantam.ch\\\/wp-content\\\/uploads\\\/2026\\\/01\\\/Movera-L-9985262100.jpg\",\"width\":640,\"height\":406},{\"@type\":\"BreadcrumbList\",\"@id\":\"https:\\\/\\\/shop.bantam.ch\\\/fr\\\/produit\\\/connexion-bluetooth-2\\\/#breadcrumb\",\"itemListElement\":[{\"@type\":\"ListItem\",\"position\":1,\"name\":\"Accueil\",\"item\":\"https:\\\/\\\/shop.bantam.ch\\\/fr\\\/\"},{\"@type\":\"ListItem\",\"position\":2,\"name\":\"Boutique\",\"item\":\"https:\\\/\\\/shop.bantam.ch\\\/fr\\\/boutique\\\/\"},{\"@type\":\"ListItem\",\"position\":3,\"name\":\"Connexion Bluetooth\"}]},{\"@type\":\"WebSite\",\"@id\":\"https:\\\/\\\/shop.bantam.ch\\\/fr\\\/#website\",\"url\":\"https:\\\/\\\/shop.bantam.ch\\\/fr\\\/\",\"name\":\"Bantam Wankm\u00fcller SA\",\"description\":\"\",\"publisher\":{\"@id\":\"https:\\\/\\\/shop.bantam.ch\\\/fr\\\/#organization\"},\"inLanguage\":\"fr-FR\"},{\"@type\":\"Organization\",\"@id\":\"https:\\\/\\\/shop.bantam.ch\\\/fr\\\/#organization\",\"name\":\"Bantam Wankm\u00fcller SA\",\"url\":\"https:\\\/\\\/shop.bantam.ch\\\/fr\\\/\",\"logo\":{\"@type\":\"ImageObject\",\"inLanguage\":\"fr-FR\",\"@id\":\"https:\\\/\\\/shop.bantam.ch\\\/fr\\\/#\\\/schema\\\/logo\\\/image\\\/\",\"url\":\"https:\\\/\\\/shop.bantam.ch\\\/wp-content\\\/uploads\\\/2022\\\/12\\\/bantam-logo.png\",\"contentUrl\":\"https:\\\/\\\/shop.bantam.ch\\\/wp-content\\\/uploads\\\/2022\\\/12\\\/bantam-logo.png\",\"width\":320,\"height\":71,\"caption\":\"Bantam Wankm\u00fcller SA\"},\"image\":{\"@id\":\"https:\\\/\\\/shop.bantam.ch\\\/fr\\\/#\\\/schema\\\/logo\\\/image\\\/\"}}]}<\/script>\n<!-- \/ Yoast SEO plugin. -->","yoast_head_json":{"title":"Connexion Bluetooth - Bantam Wankm\u00fcller SA","robots":{"index":"index","follow":"follow","max-snippet":"max-snippet:-1","max-image-preview":"max-image-preview:large","max-video-preview":"max-video-preview:-1"},"canonical":"https:\/\/shop.bantam.ch\/fr\/produit\/connexion-bluetooth-2\/","og_locale":"fr_FR","og_type":"article","og_title":"Connexion Bluetooth - Bantam Wankm\u00fcller SA","og_description":"Commande confortablement toutes les fonctions t\u00e9l\u00e9commandables du WiPro III (safe.lock) avec ton smartphone : c&rsquo;est possible avec BT-connect. Couple ton smartphone \u00e0 ton syst\u00e8me d&rsquo;alarme et commande-le \u00e0 proximit\u00e9 via Bluetooth. Avec BT-connect, d&rsquo;autres utilisateurs autoris\u00e9s peuvent \u00e9galement armer ou d\u00e9sarmer l&rsquo;installation \u00e0 tout moment et en toute simplicit\u00e9. Si un WiPro III safe.lock est [&hellip;]","og_url":"https:\/\/shop.bantam.ch\/fr\/produit\/connexion-bluetooth-2\/","og_site_name":"Bantam Wankm\u00fcller SA","article_modified_time":"2026-04-18T21:55:57+00:00","twitter_card":"summary_large_image","twitter_misc":{"Dur\u00e9e de lecture estim\u00e9e":"2 minutes"},"schema":{"@context":"https:\/\/schema.org","@graph":[{"@type":"WebPage","@id":"https:\/\/shop.bantam.ch\/fr\/produit\/connexion-bluetooth-2\/","url":"https:\/\/shop.bantam.ch\/fr\/produit\/connexion-bluetooth-2\/","name":"Connexion Bluetooth - Bantam Wankm\u00fcller SA","isPartOf":{"@id":"https:\/\/shop.bantam.ch\/fr\/#website"},"primaryImageOfPage":{"@id":"https:\/\/shop.bantam.ch\/fr\/produit\/connexion-bluetooth-2\/#primaryimage"},"image":{"@id":"https:\/\/shop.bantam.ch\/fr\/produit\/connexion-bluetooth-2\/#primaryimage"},"thumbnailUrl":"https:\/\/shop.bantam.ch\/wp-content\/uploads\/2026\/01\/Movera-L-9985262100.jpg","datePublished":"2026-01-06T16:51:32+00:00","dateModified":"2026-04-18T21:55:57+00:00","breadcrumb":{"@id":"https:\/\/shop.bantam.ch\/fr\/produit\/connexion-bluetooth-2\/#breadcrumb"},"inLanguage":"fr-FR","potentialAction":[{"@type":"ReadAction","target":["https:\/\/shop.bantam.ch\/fr\/produit\/connexion-bluetooth-2\/"]}]},{"@type":"ImageObject","inLanguage":"fr-FR","@id":"https:\/\/shop.bantam.ch\/fr\/produit\/connexion-bluetooth-2\/#primaryimage","url":"https:\/\/shop.bantam.ch\/wp-content\/uploads\/2026\/01\/Movera-L-9985262100.jpg","contentUrl":"https:\/\/shop.bantam.ch\/wp-content\/uploads\/2026\/01\/Movera-L-9985262100.jpg","width":640,"height":406},{"@type":"BreadcrumbList","@id":"https:\/\/shop.bantam.ch\/fr\/produit\/connexion-bluetooth-2\/#breadcrumb","itemListElement":[{"@type":"ListItem","position":1,"name":"Accueil","item":"https:\/\/shop.bantam.ch\/fr\/"},{"@type":"ListItem","position":2,"name":"Boutique","item":"https:\/\/shop.bantam.ch\/fr\/boutique\/"},{"@type":"ListItem","position":3,"name":"Connexion Bluetooth"}]},{"@type":"WebSite","@id":"https:\/\/shop.bantam.ch\/fr\/#website","url":"https:\/\/shop.bantam.ch\/fr\/","name":"Bantam Wankm\u00fcller SA","description":"","publisher":{"@id":"https:\/\/shop.bantam.ch\/fr\/#organization"},"inLanguage":"fr-FR"},{"@type":"Organization","@id":"https:\/\/shop.bantam.ch\/fr\/#organization","name":"Bantam Wankm\u00fcller SA","url":"https:\/\/shop.bantam.ch\/fr\/","logo":{"@type":"ImageObject","inLanguage":"fr-FR","@id":"https:\/\/shop.bantam.ch\/fr\/#\/schema\/logo\/image\/","url":"https:\/\/shop.bantam.ch\/wp-content\/uploads\/2022\/12\/bantam-logo.png","contentUrl":"https:\/\/shop.bantam.ch\/wp-content\/uploads\/2022\/12\/bantam-logo.png","width":320,"height":71,"caption":"Bantam Wankm\u00fcller SA"},"image":{"@id":"https:\/\/shop.bantam.ch\/fr\/#\/schema\/logo\/image\/"}}]}},"_links":{"self":[{"href":"https:\/\/shop.bantam.ch\/fr\/wp-json\/wp\/v2\/product\/231093","targetHints":{"allow":["GET"]}}],"collection":[{"href":"https:\/\/shop.bantam.ch\/fr\/wp-json\/wp\/v2\/product"}],"about":[{"href":"https:\/\/shop.bantam.ch\/fr\/wp-json\/wp\/v2\/types\/product"}],"wp:featuredmedia":[{"embeddable":true,"href":"https:\/\/shop.bantam.ch\/fr\/wp-json\/wp\/v2\/media\/231091"}],"wp:attachment":[{"href":"https:\/\/shop.bantam.ch\/fr\/wp-json\/wp\/v2\/media?parent=231093"}],"wp:term":[{"taxonomy":"product_featured_cat","embeddable":true,"href":"https:\/\/shop.bantam.ch\/fr\/wp-json\/wp\/v2\/product_featured_cat?post=231093"},{"taxonomy":"product_brand","embeddable":true,"href":"https:\/\/shop.bantam.ch\/fr\/wp-json\/wp\/v2\/product_brand?post=231093"},{"taxonomy":"product_cat","embeddable":true,"href":"https:\/\/shop.bantam.ch\/fr\/wp-json\/wp\/v2\/product_cat?post=231093"},{"taxonomy":"product_tag","embeddable":true,"href":"https:\/\/shop.bantam.ch\/fr\/wp-json\/wp\/v2\/product_tag?post=231093"}],"curies":[{"name":"wp","href":"https:\/\/api.w.org\/{rel}","templated":true}]}}