{"id":231089,"date":"2026-01-06T17:51:24","date_gmt":"2026-01-06T16:51:24","guid":{"rendered":"https:\/\/shop.bantam.ch\/produit\/cuit-oeufs-kompakt-2-0-noir-mat\/"},"modified":"2026-04-18T23:55:51","modified_gmt":"2026-04-18T21:55:51","slug":"cuit-oeufs-kompakt-2-0-noir-mat","status":"publish","type":"product","link":"https:\/\/shop.bantam.ch\/fr\/produit\/cuit-oeufs-kompakt-2-0-noir-mat\/","title":{"rendered":"Cuit-\u0153ufs Kompakt 2.0 noir mat"},"content":{"rendered":"<p>Que serait un petit d\u00e9jeuner copieux sans petits pains, fruits, c\u00e9r\u00e9ales, cr\u00eapes &#8211; et bien s\u00fbr des \u0153ufs parfaitement cuits ? Renonce \u00e0 la cuisini\u00e8re et \u00e0 la casserole et procure-toi l&rsquo;astucieux cuiseur \u00e0 \u0153ufs design GOURMETmaxx pour 2 \u0153ufs de petit-d\u00e9jeuner. Tu pourras ainsi d\u00e9guster de d\u00e9licieux \u0153ufs partout o\u00f9 tu trouveras une prise \u00e9lectrique. La cuisson des \u0153ufs n&rsquo;a jamais \u00e9t\u00e9 aussi rapide et facile !<\/p>\n<p>Remplis simplement le cuiseur \u00e0 \u0153ufs avec la quantit\u00e9 d&rsquo;eau optimale pour le degr\u00e9 de duret\u00e9 souhait\u00e9 &#8211; mou, mi-dur ou dur &#8211; \u00e0 l&rsquo;aide du gobelet gradu\u00e9 fourni, place les \u0153ufs et d\u00e9marre la cuisson en appuyant simplement sur un bouton. Le couvercle transparent avec sortie de vapeur pratique te permet non seulement de surveiller la cuisson, mais aussi d&rsquo;\u00e9viter une \u00e9ventuelle surpression et de garantir une cuisson homog\u00e8ne de tes \u0153ufs. Petite astuce : pique les \u0153ufs avant la cuisson \u00e0 l&rsquo;aide de la pince \u00e0 \u0153ufs int\u00e9gr\u00e9e. Tu pourras ainsi mieux \u00e9viter l&rsquo;\u00e9clatement de la coquille.<\/p>\n<p>Lorsque tu entends le signal sonore, tu peux d\u00e9j\u00e0 retirer les \u0153ufs. Et le nettoyage ? Super facile ! Il suffit d&rsquo;essuyer les parties amovibles (couvercle, support d&rsquo;\u0153ufs et bol doseur) avec un chiffon humide ou de les mettre au lave-vaisselle. Tu as ainsi plus de temps pour savourer. Le cuiseur \u00e0 \u0153ufs design et compact de GOURMETmaxx pour 2 \u0153ufs de taille S-XL &#8211; peu encombrant \u00e0 ranger et id\u00e9al pour le camping, les excursions &amp; Co.<\/p>\n","protected":false},"excerpt":{"rendered":"<p>Que serait un petit d\u00e9jeuner copieux sans petits pains, fruits, c\u00e9r\u00e9ales, cr\u00eapes &#8211; et bien s\u00fbr des \u0153ufs parfaitement cuits ? Renonce \u00e0 la cuisini\u00e8re et \u00e0 la casserole et procure-toi l&rsquo;astucieux cuiseur \u00e0 \u0153ufs design GOURMETmaxx pour 2 \u0153ufs de petit-d\u00e9jeuner. Tu pourras ainsi d\u00e9guster de d\u00e9licieux \u0153ufs partout o\u00f9 tu trouveras une prise [&hellip;]<\/p>\n","protected":false},"featured_media":231083,"template":"","meta":{"_acf_changed":false},"product_featured_cat":[],"product_brand":[],"product_cat":[5147],"product_tag":[],"class_list":{"0":"post-231089","1":"product","2":"type-product","3":"status-publish","4":"has-post-thumbnail","6":"product_cat-autres-appareils-electromenagers","8":"first","9":"instock","10":"taxable","11":"shipping-taxable","12":"purchasable","13":"product-type-simple"},"acf":[],"yoast_head":"<!-- This site is optimized with the Yoast SEO plugin v27.4 - https:\/\/yoast.com\/product\/yoast-seo-wordpress\/ -->\n<title>Cuit-\u0153ufs Kompakt 2.0 noir mat - Bantam Wankm\u00fcller SA<\/title>\n<meta name=\"robots\" content=\"index, follow, max-snippet:-1, max-image-preview:large, max-video-preview:-1\" \/>\n<link rel=\"canonical\" href=\"https:\/\/shop.bantam.ch\/fr\/produit\/cuit-oeufs-kompakt-2-0-noir-mat\/\" \/>\n<meta property=\"og:locale\" content=\"fr_FR\" \/>\n<meta property=\"og:type\" content=\"article\" \/>\n<meta property=\"og:title\" content=\"Cuit-\u0153ufs Kompakt 2.0 noir mat - Bantam Wankm\u00fcller SA\" \/>\n<meta property=\"og:description\" content=\"Que serait un petit d\u00e9jeuner copieux sans petits pains, fruits, c\u00e9r\u00e9ales, cr\u00eapes &#8211; et bien s\u00fbr des \u0153ufs parfaitement cuits ? Renonce \u00e0 la cuisini\u00e8re et \u00e0 la casserole et procure-toi l&rsquo;astucieux cuiseur \u00e0 \u0153ufs design GOURMETmaxx pour 2 \u0153ufs de petit-d\u00e9jeuner. Tu pourras ainsi d\u00e9guster de d\u00e9licieux \u0153ufs partout o\u00f9 tu trouveras une prise [&hellip;]\" \/>\n<meta property=\"og:url\" content=\"https:\/\/shop.bantam.ch\/fr\/produit\/cuit-oeufs-kompakt-2-0-noir-mat\/\" \/>\n<meta property=\"og:site_name\" content=\"Bantam Wankm\u00fcller SA\" \/>\n<meta property=\"article:modified_time\" content=\"2026-04-18T21:55:51+00:00\" \/>\n<meta name=\"twitter:card\" content=\"summary_large_image\" \/>\n<meta name=\"twitter:label1\" content=\"Dur\u00e9e de lecture estim\u00e9e\" \/>\n\t<meta name=\"twitter:data1\" content=\"1 minute\" \/>\n<script type=\"application\/ld+json\" class=\"yoast-schema-graph\">{\"@context\":\"https:\\\/\\\/schema.org\",\"@graph\":[{\"@type\":\"WebPage\",\"@id\":\"https:\\\/\\\/shop.bantam.ch\\\/fr\\\/produit\\\/cuit-oeufs-kompakt-2-0-noir-mat\\\/\",\"url\":\"https:\\\/\\\/shop.bantam.ch\\\/fr\\\/produit\\\/cuit-oeufs-kompakt-2-0-noir-mat\\\/\",\"name\":\"Cuit-\u0153ufs Kompakt 2.0 noir mat - Bantam Wankm\u00fcller SA\",\"isPartOf\":{\"@id\":\"https:\\\/\\\/shop.bantam.ch\\\/fr\\\/#website\"},\"primaryImageOfPage\":{\"@id\":\"https:\\\/\\\/shop.bantam.ch\\\/fr\\\/produit\\\/cuit-oeufs-kompakt-2-0-noir-mat\\\/#primaryimage\"},\"image\":{\"@id\":\"https:\\\/\\\/shop.bantam.ch\\\/fr\\\/produit\\\/cuit-oeufs-kompakt-2-0-noir-mat\\\/#primaryimage\"},\"thumbnailUrl\":\"https:\\\/\\\/shop.bantam.ch\\\/wp-content\\\/uploads\\\/2026\\\/01\\\/Movera-L-9987142100.jpg\",\"datePublished\":\"2026-01-06T16:51:24+00:00\",\"dateModified\":\"2026-04-18T21:55:51+00:00\",\"breadcrumb\":{\"@id\":\"https:\\\/\\\/shop.bantam.ch\\\/fr\\\/produit\\\/cuit-oeufs-kompakt-2-0-noir-mat\\\/#breadcrumb\"},\"inLanguage\":\"fr-FR\",\"potentialAction\":[{\"@type\":\"ReadAction\",\"target\":[\"https:\\\/\\\/shop.bantam.ch\\\/fr\\\/produit\\\/cuit-oeufs-kompakt-2-0-noir-mat\\\/\"]}]},{\"@type\":\"ImageObject\",\"inLanguage\":\"fr-FR\",\"@id\":\"https:\\\/\\\/shop.bantam.ch\\\/fr\\\/produit\\\/cuit-oeufs-kompakt-2-0-noir-mat\\\/#primaryimage\",\"url\":\"https:\\\/\\\/shop.bantam.ch\\\/wp-content\\\/uploads\\\/2026\\\/01\\\/Movera-L-9987142100.jpg\",\"contentUrl\":\"https:\\\/\\\/shop.bantam.ch\\\/wp-content\\\/uploads\\\/2026\\\/01\\\/Movera-L-9987142100.jpg\",\"width\":640,\"height\":612},{\"@type\":\"BreadcrumbList\",\"@id\":\"https:\\\/\\\/shop.bantam.ch\\\/fr\\\/produit\\\/cuit-oeufs-kompakt-2-0-noir-mat\\\/#breadcrumb\",\"itemListElement\":[{\"@type\":\"ListItem\",\"position\":1,\"name\":\"Accueil\",\"item\":\"https:\\\/\\\/shop.bantam.ch\\\/fr\\\/\"},{\"@type\":\"ListItem\",\"position\":2,\"name\":\"Boutique\",\"item\":\"https:\\\/\\\/shop.bantam.ch\\\/fr\\\/boutique\\\/\"},{\"@type\":\"ListItem\",\"position\":3,\"name\":\"Cuit-\u0153ufs Kompakt 2.0 noir mat\"}]},{\"@type\":\"WebSite\",\"@id\":\"https:\\\/\\\/shop.bantam.ch\\\/fr\\\/#website\",\"url\":\"https:\\\/\\\/shop.bantam.ch\\\/fr\\\/\",\"name\":\"Bantam Wankm\u00fcller SA\",\"description\":\"\",\"publisher\":{\"@id\":\"https:\\\/\\\/shop.bantam.ch\\\/fr\\\/#organization\"},\"inLanguage\":\"fr-FR\"},{\"@type\":\"Organization\",\"@id\":\"https:\\\/\\\/shop.bantam.ch\\\/fr\\\/#organization\",\"name\":\"Bantam Wankm\u00fcller SA\",\"url\":\"https:\\\/\\\/shop.bantam.ch\\\/fr\\\/\",\"logo\":{\"@type\":\"ImageObject\",\"inLanguage\":\"fr-FR\",\"@id\":\"https:\\\/\\\/shop.bantam.ch\\\/fr\\\/#\\\/schema\\\/logo\\\/image\\\/\",\"url\":\"https:\\\/\\\/shop.bantam.ch\\\/wp-content\\\/uploads\\\/2022\\\/12\\\/bantam-logo.png\",\"contentUrl\":\"https:\\\/\\\/shop.bantam.ch\\\/wp-content\\\/uploads\\\/2022\\\/12\\\/bantam-logo.png\",\"width\":320,\"height\":71,\"caption\":\"Bantam Wankm\u00fcller SA\"},\"image\":{\"@id\":\"https:\\\/\\\/shop.bantam.ch\\\/fr\\\/#\\\/schema\\\/logo\\\/image\\\/\"}}]}<\/script>\n<!-- \/ Yoast SEO plugin. -->","yoast_head_json":{"title":"Cuit-\u0153ufs Kompakt 2.0 noir mat - Bantam Wankm\u00fcller SA","robots":{"index":"index","follow":"follow","max-snippet":"max-snippet:-1","max-image-preview":"max-image-preview:large","max-video-preview":"max-video-preview:-1"},"canonical":"https:\/\/shop.bantam.ch\/fr\/produit\/cuit-oeufs-kompakt-2-0-noir-mat\/","og_locale":"fr_FR","og_type":"article","og_title":"Cuit-\u0153ufs Kompakt 2.0 noir mat - Bantam Wankm\u00fcller SA","og_description":"Que serait un petit d\u00e9jeuner copieux sans petits pains, fruits, c\u00e9r\u00e9ales, cr\u00eapes &#8211; et bien s\u00fbr des \u0153ufs parfaitement cuits ? Renonce \u00e0 la cuisini\u00e8re et \u00e0 la casserole et procure-toi l&rsquo;astucieux cuiseur \u00e0 \u0153ufs design GOURMETmaxx pour 2 \u0153ufs de petit-d\u00e9jeuner. Tu pourras ainsi d\u00e9guster de d\u00e9licieux \u0153ufs partout o\u00f9 tu trouveras une prise [&hellip;]","og_url":"https:\/\/shop.bantam.ch\/fr\/produit\/cuit-oeufs-kompakt-2-0-noir-mat\/","og_site_name":"Bantam Wankm\u00fcller SA","article_modified_time":"2026-04-18T21:55:51+00:00","twitter_card":"summary_large_image","twitter_misc":{"Dur\u00e9e de lecture estim\u00e9e":"1 minute"},"schema":{"@context":"https:\/\/schema.org","@graph":[{"@type":"WebPage","@id":"https:\/\/shop.bantam.ch\/fr\/produit\/cuit-oeufs-kompakt-2-0-noir-mat\/","url":"https:\/\/shop.bantam.ch\/fr\/produit\/cuit-oeufs-kompakt-2-0-noir-mat\/","name":"Cuit-\u0153ufs Kompakt 2.0 noir mat - Bantam Wankm\u00fcller SA","isPartOf":{"@id":"https:\/\/shop.bantam.ch\/fr\/#website"},"primaryImageOfPage":{"@id":"https:\/\/shop.bantam.ch\/fr\/produit\/cuit-oeufs-kompakt-2-0-noir-mat\/#primaryimage"},"image":{"@id":"https:\/\/shop.bantam.ch\/fr\/produit\/cuit-oeufs-kompakt-2-0-noir-mat\/#primaryimage"},"thumbnailUrl":"https:\/\/shop.bantam.ch\/wp-content\/uploads\/2026\/01\/Movera-L-9987142100.jpg","datePublished":"2026-01-06T16:51:24+00:00","dateModified":"2026-04-18T21:55:51+00:00","breadcrumb":{"@id":"https:\/\/shop.bantam.ch\/fr\/produit\/cuit-oeufs-kompakt-2-0-noir-mat\/#breadcrumb"},"inLanguage":"fr-FR","potentialAction":[{"@type":"ReadAction","target":["https:\/\/shop.bantam.ch\/fr\/produit\/cuit-oeufs-kompakt-2-0-noir-mat\/"]}]},{"@type":"ImageObject","inLanguage":"fr-FR","@id":"https:\/\/shop.bantam.ch\/fr\/produit\/cuit-oeufs-kompakt-2-0-noir-mat\/#primaryimage","url":"https:\/\/shop.bantam.ch\/wp-content\/uploads\/2026\/01\/Movera-L-9987142100.jpg","contentUrl":"https:\/\/shop.bantam.ch\/wp-content\/uploads\/2026\/01\/Movera-L-9987142100.jpg","width":640,"height":612},{"@type":"BreadcrumbList","@id":"https:\/\/shop.bantam.ch\/fr\/produit\/cuit-oeufs-kompakt-2-0-noir-mat\/#breadcrumb","itemListElement":[{"@type":"ListItem","position":1,"name":"Accueil","item":"https:\/\/shop.bantam.ch\/fr\/"},{"@type":"ListItem","position":2,"name":"Boutique","item":"https:\/\/shop.bantam.ch\/fr\/boutique\/"},{"@type":"ListItem","position":3,"name":"Cuit-\u0153ufs Kompakt 2.0 noir mat"}]},{"@type":"WebSite","@id":"https:\/\/shop.bantam.ch\/fr\/#website","url":"https:\/\/shop.bantam.ch\/fr\/","name":"Bantam Wankm\u00fcller SA","description":"","publisher":{"@id":"https:\/\/shop.bantam.ch\/fr\/#organization"},"inLanguage":"fr-FR"},{"@type":"Organization","@id":"https:\/\/shop.bantam.ch\/fr\/#organization","name":"Bantam Wankm\u00fcller SA","url":"https:\/\/shop.bantam.ch\/fr\/","logo":{"@type":"ImageObject","inLanguage":"fr-FR","@id":"https:\/\/shop.bantam.ch\/fr\/#\/schema\/logo\/image\/","url":"https:\/\/shop.bantam.ch\/wp-content\/uploads\/2022\/12\/bantam-logo.png","contentUrl":"https:\/\/shop.bantam.ch\/wp-content\/uploads\/2022\/12\/bantam-logo.png","width":320,"height":71,"caption":"Bantam Wankm\u00fcller SA"},"image":{"@id":"https:\/\/shop.bantam.ch\/fr\/#\/schema\/logo\/image\/"}}]}},"_links":{"self":[{"href":"https:\/\/shop.bantam.ch\/fr\/wp-json\/wp\/v2\/product\/231089","targetHints":{"allow":["GET"]}}],"collection":[{"href":"https:\/\/shop.bantam.ch\/fr\/wp-json\/wp\/v2\/product"}],"about":[{"href":"https:\/\/shop.bantam.ch\/fr\/wp-json\/wp\/v2\/types\/product"}],"wp:featuredmedia":[{"embeddable":true,"href":"https:\/\/shop.bantam.ch\/fr\/wp-json\/wp\/v2\/media\/231083"}],"wp:attachment":[{"href":"https:\/\/shop.bantam.ch\/fr\/wp-json\/wp\/v2\/media?parent=231089"}],"wp:term":[{"taxonomy":"product_featured_cat","embeddable":true,"href":"https:\/\/shop.bantam.ch\/fr\/wp-json\/wp\/v2\/product_featured_cat?post=231089"},{"taxonomy":"product_brand","embeddable":true,"href":"https:\/\/shop.bantam.ch\/fr\/wp-json\/wp\/v2\/product_brand?post=231089"},{"taxonomy":"product_cat","embeddable":true,"href":"https:\/\/shop.bantam.ch\/fr\/wp-json\/wp\/v2\/product_cat?post=231089"},{"taxonomy":"product_tag","embeddable":true,"href":"https:\/\/shop.bantam.ch\/fr\/wp-json\/wp\/v2\/product_tag?post=231089"}],"curies":[{"name":"wp","href":"https:\/\/api.w.org\/{rel}","templated":true}]}}