{"id":231081,"date":"2026-01-06T17:51:15","date_gmt":"2026-01-06T16:51:15","guid":{"rendered":"https:\/\/shop.bantam.ch\/produit\/support-magnetique-vacuum-pour-telephone-portable-y-compris-patch-magnetique-vacuum\/"},"modified":"2026-05-11T23:49:55","modified_gmt":"2026-05-11T21:49:55","slug":"support-magnetique-vacuum-pour-telephone-portable-y-compris-patch-magnetique-vacuum","status":"publish","type":"product","link":"https:\/\/shop.bantam.ch\/fr\/produit\/support-magnetique-vacuum-pour-telephone-portable-y-compris-patch-magnetique-vacuum\/","title":{"rendered":"Support magn\u00e9tique VACUUM pour t\u00e9l\u00e9phone portable, y compris patch magn\u00e9tique VACUUM"},"content":{"rendered":"<p>Le support magn\u00e9tique pour t\u00e9l\u00e9phone portable VACUUM de FIDLOCK peut \u00eatre fix\u00e9 tr\u00e8s facilement dans les lamelles d&rsquo;a\u00e9ration de presque toutes les voitures gr\u00e2ce \u00e0 un crochet de fixation. La connexion est fix\u00e9e en toute s\u00e9curit\u00e9 \u00e0 l&rsquo;aide de la bague de blocage. Le montage se fait en un tour de main et sans aucun outil. Cette solution super flexible est destin\u00e9e \u00e0 tous ceux qui souhaitent garder un \u0153il s\u00fbr et fiable sur leur smartphone en tant qu&rsquo;appareil de navigation pendant le trajet. Le t\u00e9l\u00e9phone portable peut \u00eatre tourn\u00e9 dans toutes les directions (rotation \u00e0 360\u00b0), tandis qu&rsquo;un syst\u00e8me d&rsquo;encliquetage \u00e0 billes emp\u00eache en m\u00eame temps toute rotation involontaire pendant la conduite. Important : la variante 3M est exclusivement pr\u00e9vue pour \u00eatre fix\u00e9e sur des housses de protection appropri\u00e9es &#8211; et non sur le t\u00e9l\u00e9phone portable lui-m\u00eame. Le point de colle 3M mont\u00e9 ult\u00e9rieurement ne peut pas \u00eatre retir\u00e9 sans laisser de traces, la fonction Nano-Gel n&rsquo;est ensuite plus utilisable.<\/p>\n","protected":false},"excerpt":{"rendered":"<p>Le support magn\u00e9tique pour t\u00e9l\u00e9phone portable VACUUM de FIDLOCK peut \u00eatre fix\u00e9 tr\u00e8s facilement dans les lamelles d&rsquo;a\u00e9ration de presque toutes les voitures gr\u00e2ce \u00e0 un crochet de fixation. La connexion est fix\u00e9e en toute s\u00e9curit\u00e9 \u00e0 l&rsquo;aide de la bague de blocage. Le montage se fait en un tour de main et sans aucun [&hellip;]<\/p>\n","protected":false},"featured_media":231077,"template":"","meta":{"_acf_changed":false},"product_featured_cat":[],"product_brand":[],"product_cat":[4733],"product_tag":[],"class_list":{"0":"post-231081","1":"product","2":"type-product","3":"status-publish","4":"has-post-thumbnail","6":"product_cat-supports-et-crochets","8":"first","9":"instock","10":"taxable","11":"shipping-taxable","12":"purchasable","13":"product-type-simple"},"acf":[],"yoast_head":"<!-- This site is optimized with the Yoast SEO plugin v27.5 - https:\/\/yoast.com\/product\/yoast-seo-wordpress\/ -->\n<title>Support magn\u00e9tique VACUUM pour t\u00e9l\u00e9phone portable, y compris patch magn\u00e9tique VACUUM - Bantam<\/title>\n<meta name=\"robots\" content=\"index, follow, max-snippet:-1, max-image-preview:large, max-video-preview:-1\" \/>\n<link rel=\"canonical\" href=\"https:\/\/shop.bantam.ch\/fr\/produit\/support-magnetique-vacuum-pour-telephone-portable-y-compris-patch-magnetique-vacuum\/\" \/>\n<meta property=\"og:locale\" content=\"fr_FR\" \/>\n<meta property=\"og:type\" content=\"article\" \/>\n<meta property=\"og:title\" content=\"Support magn\u00e9tique VACUUM pour t\u00e9l\u00e9phone portable, y compris patch magn\u00e9tique VACUUM - Bantam\" \/>\n<meta property=\"og:description\" content=\"Le support magn\u00e9tique pour t\u00e9l\u00e9phone portable VACUUM de FIDLOCK peut \u00eatre fix\u00e9 tr\u00e8s facilement dans les lamelles d&rsquo;a\u00e9ration de presque toutes les voitures gr\u00e2ce \u00e0 un crochet de fixation. La connexion est fix\u00e9e en toute s\u00e9curit\u00e9 \u00e0 l&rsquo;aide de la bague de blocage. Le montage se fait en un tour de main et sans aucun [&hellip;]\" \/>\n<meta property=\"og:url\" content=\"https:\/\/shop.bantam.ch\/fr\/produit\/support-magnetique-vacuum-pour-telephone-portable-y-compris-patch-magnetique-vacuum\/\" \/>\n<meta property=\"og:site_name\" content=\"Bantam\" \/>\n<meta property=\"article:modified_time\" content=\"2026-05-11T21:49:55+00:00\" \/>\n<meta name=\"twitter:card\" content=\"summary_large_image\" \/>\n<meta name=\"twitter:label1\" content=\"Dur\u00e9e de lecture estim\u00e9e\" \/>\n\t<meta name=\"twitter:data1\" content=\"1 minute\" \/>\n<script type=\"application\/ld+json\" class=\"yoast-schema-graph\">{\"@context\":\"https:\\\/\\\/schema.org\",\"@graph\":[{\"@type\":\"WebPage\",\"@id\":\"https:\\\/\\\/shop.bantam.ch\\\/fr\\\/produit\\\/support-magnetique-vacuum-pour-telephone-portable-y-compris-patch-magnetique-vacuum\\\/\",\"url\":\"https:\\\/\\\/shop.bantam.ch\\\/fr\\\/produit\\\/support-magnetique-vacuum-pour-telephone-portable-y-compris-patch-magnetique-vacuum\\\/\",\"name\":\"Support magn\u00e9tique VACUUM pour t\u00e9l\u00e9phone portable, y compris patch magn\u00e9tique VACUUM - Bantam\",\"isPartOf\":{\"@id\":\"https:\\\/\\\/shop.bantam.ch\\\/fr\\\/#website\"},\"primaryImageOfPage\":{\"@id\":\"https:\\\/\\\/shop.bantam.ch\\\/fr\\\/produit\\\/support-magnetique-vacuum-pour-telephone-portable-y-compris-patch-magnetique-vacuum\\\/#primaryimage\"},\"image\":{\"@id\":\"https:\\\/\\\/shop.bantam.ch\\\/fr\\\/produit\\\/support-magnetique-vacuum-pour-telephone-portable-y-compris-patch-magnetique-vacuum\\\/#primaryimage\"},\"thumbnailUrl\":\"https:\\\/\\\/shop.bantam.ch\\\/wp-content\\\/uploads\\\/2026\\\/01\\\/Movera-L-9987141100.jpg\",\"datePublished\":\"2026-01-06T16:51:15+00:00\",\"dateModified\":\"2026-05-11T21:49:55+00:00\",\"breadcrumb\":{\"@id\":\"https:\\\/\\\/shop.bantam.ch\\\/fr\\\/produit\\\/support-magnetique-vacuum-pour-telephone-portable-y-compris-patch-magnetique-vacuum\\\/#breadcrumb\"},\"inLanguage\":\"fr-FR\",\"potentialAction\":[{\"@type\":\"ReadAction\",\"target\":[\"https:\\\/\\\/shop.bantam.ch\\\/fr\\\/produit\\\/support-magnetique-vacuum-pour-telephone-portable-y-compris-patch-magnetique-vacuum\\\/\"]}]},{\"@type\":\"ImageObject\",\"inLanguage\":\"fr-FR\",\"@id\":\"https:\\\/\\\/shop.bantam.ch\\\/fr\\\/produit\\\/support-magnetique-vacuum-pour-telephone-portable-y-compris-patch-magnetique-vacuum\\\/#primaryimage\",\"url\":\"https:\\\/\\\/shop.bantam.ch\\\/wp-content\\\/uploads\\\/2026\\\/01\\\/Movera-L-9987141100.jpg\",\"contentUrl\":\"https:\\\/\\\/shop.bantam.ch\\\/wp-content\\\/uploads\\\/2026\\\/01\\\/Movera-L-9987141100.jpg\",\"width\":640,\"height\":640},{\"@type\":\"BreadcrumbList\",\"@id\":\"https:\\\/\\\/shop.bantam.ch\\\/fr\\\/produit\\\/support-magnetique-vacuum-pour-telephone-portable-y-compris-patch-magnetique-vacuum\\\/#breadcrumb\",\"itemListElement\":[{\"@type\":\"ListItem\",\"position\":1,\"name\":\"Accueil\",\"item\":\"https:\\\/\\\/shop.bantam.ch\\\/fr\\\/\"},{\"@type\":\"ListItem\",\"position\":2,\"name\":\"Boutique\",\"item\":\"https:\\\/\\\/shop.bantam.ch\\\/fr\\\/boutique\\\/\"},{\"@type\":\"ListItem\",\"position\":3,\"name\":\"Support magn\u00e9tique VACUUM pour t\u00e9l\u00e9phone portable, y compris patch magn\u00e9tique VACUUM\"}]},{\"@type\":\"WebSite\",\"@id\":\"https:\\\/\\\/shop.bantam.ch\\\/fr\\\/#website\",\"url\":\"https:\\\/\\\/shop.bantam.ch\\\/fr\\\/\",\"name\":\"Bantam\",\"description\":\"\",\"publisher\":{\"@id\":\"https:\\\/\\\/shop.bantam.ch\\\/fr\\\/#organization\"},\"inLanguage\":\"fr-FR\"},{\"@type\":\"Organization\",\"@id\":\"https:\\\/\\\/shop.bantam.ch\\\/fr\\\/#organization\",\"name\":\"Bantam\",\"url\":\"https:\\\/\\\/shop.bantam.ch\\\/fr\\\/\",\"logo\":{\"@type\":\"ImageObject\",\"inLanguage\":\"fr-FR\",\"@id\":\"https:\\\/\\\/shop.bantam.ch\\\/fr\\\/#\\\/schema\\\/logo\\\/image\\\/\",\"url\":\"https:\\\/\\\/shop.bantam.ch\\\/wp-content\\\/uploads\\\/2022\\\/12\\\/bantam-logo.png\",\"contentUrl\":\"https:\\\/\\\/shop.bantam.ch\\\/wp-content\\\/uploads\\\/2022\\\/12\\\/bantam-logo.png\",\"width\":320,\"height\":71,\"caption\":\"Bantam\"},\"image\":{\"@id\":\"https:\\\/\\\/shop.bantam.ch\\\/fr\\\/#\\\/schema\\\/logo\\\/image\\\/\"}}]}<\/script>\n<!-- \/ Yoast SEO plugin. -->","yoast_head_json":{"title":"Support magn\u00e9tique VACUUM pour t\u00e9l\u00e9phone portable, y compris patch magn\u00e9tique VACUUM - Bantam","robots":{"index":"index","follow":"follow","max-snippet":"max-snippet:-1","max-image-preview":"max-image-preview:large","max-video-preview":"max-video-preview:-1"},"canonical":"https:\/\/shop.bantam.ch\/fr\/produit\/support-magnetique-vacuum-pour-telephone-portable-y-compris-patch-magnetique-vacuum\/","og_locale":"fr_FR","og_type":"article","og_title":"Support magn\u00e9tique VACUUM pour t\u00e9l\u00e9phone portable, y compris patch magn\u00e9tique VACUUM - Bantam","og_description":"Le support magn\u00e9tique pour t\u00e9l\u00e9phone portable VACUUM de FIDLOCK peut \u00eatre fix\u00e9 tr\u00e8s facilement dans les lamelles d&rsquo;a\u00e9ration de presque toutes les voitures gr\u00e2ce \u00e0 un crochet de fixation. La connexion est fix\u00e9e en toute s\u00e9curit\u00e9 \u00e0 l&rsquo;aide de la bague de blocage. Le montage se fait en un tour de main et sans aucun [&hellip;]","og_url":"https:\/\/shop.bantam.ch\/fr\/produit\/support-magnetique-vacuum-pour-telephone-portable-y-compris-patch-magnetique-vacuum\/","og_site_name":"Bantam","article_modified_time":"2026-05-11T21:49:55+00:00","twitter_card":"summary_large_image","twitter_misc":{"Dur\u00e9e de lecture estim\u00e9e":"1 minute"},"schema":{"@context":"https:\/\/schema.org","@graph":[{"@type":"WebPage","@id":"https:\/\/shop.bantam.ch\/fr\/produit\/support-magnetique-vacuum-pour-telephone-portable-y-compris-patch-magnetique-vacuum\/","url":"https:\/\/shop.bantam.ch\/fr\/produit\/support-magnetique-vacuum-pour-telephone-portable-y-compris-patch-magnetique-vacuum\/","name":"Support magn\u00e9tique VACUUM pour t\u00e9l\u00e9phone portable, y compris patch magn\u00e9tique VACUUM - Bantam","isPartOf":{"@id":"https:\/\/shop.bantam.ch\/fr\/#website"},"primaryImageOfPage":{"@id":"https:\/\/shop.bantam.ch\/fr\/produit\/support-magnetique-vacuum-pour-telephone-portable-y-compris-patch-magnetique-vacuum\/#primaryimage"},"image":{"@id":"https:\/\/shop.bantam.ch\/fr\/produit\/support-magnetique-vacuum-pour-telephone-portable-y-compris-patch-magnetique-vacuum\/#primaryimage"},"thumbnailUrl":"https:\/\/shop.bantam.ch\/wp-content\/uploads\/2026\/01\/Movera-L-9987141100.jpg","datePublished":"2026-01-06T16:51:15+00:00","dateModified":"2026-05-11T21:49:55+00:00","breadcrumb":{"@id":"https:\/\/shop.bantam.ch\/fr\/produit\/support-magnetique-vacuum-pour-telephone-portable-y-compris-patch-magnetique-vacuum\/#breadcrumb"},"inLanguage":"fr-FR","potentialAction":[{"@type":"ReadAction","target":["https:\/\/shop.bantam.ch\/fr\/produit\/support-magnetique-vacuum-pour-telephone-portable-y-compris-patch-magnetique-vacuum\/"]}]},{"@type":"ImageObject","inLanguage":"fr-FR","@id":"https:\/\/shop.bantam.ch\/fr\/produit\/support-magnetique-vacuum-pour-telephone-portable-y-compris-patch-magnetique-vacuum\/#primaryimage","url":"https:\/\/shop.bantam.ch\/wp-content\/uploads\/2026\/01\/Movera-L-9987141100.jpg","contentUrl":"https:\/\/shop.bantam.ch\/wp-content\/uploads\/2026\/01\/Movera-L-9987141100.jpg","width":640,"height":640},{"@type":"BreadcrumbList","@id":"https:\/\/shop.bantam.ch\/fr\/produit\/support-magnetique-vacuum-pour-telephone-portable-y-compris-patch-magnetique-vacuum\/#breadcrumb","itemListElement":[{"@type":"ListItem","position":1,"name":"Accueil","item":"https:\/\/shop.bantam.ch\/fr\/"},{"@type":"ListItem","position":2,"name":"Boutique","item":"https:\/\/shop.bantam.ch\/fr\/boutique\/"},{"@type":"ListItem","position":3,"name":"Support magn\u00e9tique VACUUM pour t\u00e9l\u00e9phone portable, y compris patch magn\u00e9tique VACUUM"}]},{"@type":"WebSite","@id":"https:\/\/shop.bantam.ch\/fr\/#website","url":"https:\/\/shop.bantam.ch\/fr\/","name":"Bantam","description":"","publisher":{"@id":"https:\/\/shop.bantam.ch\/fr\/#organization"},"inLanguage":"fr-FR"},{"@type":"Organization","@id":"https:\/\/shop.bantam.ch\/fr\/#organization","name":"Bantam","url":"https:\/\/shop.bantam.ch\/fr\/","logo":{"@type":"ImageObject","inLanguage":"fr-FR","@id":"https:\/\/shop.bantam.ch\/fr\/#\/schema\/logo\/image\/","url":"https:\/\/shop.bantam.ch\/wp-content\/uploads\/2022\/12\/bantam-logo.png","contentUrl":"https:\/\/shop.bantam.ch\/wp-content\/uploads\/2022\/12\/bantam-logo.png","width":320,"height":71,"caption":"Bantam"},"image":{"@id":"https:\/\/shop.bantam.ch\/fr\/#\/schema\/logo\/image\/"}}]}},"_links":{"self":[{"href":"https:\/\/shop.bantam.ch\/fr\/wp-json\/wp\/v2\/product\/231081","targetHints":{"allow":["GET"]}}],"collection":[{"href":"https:\/\/shop.bantam.ch\/fr\/wp-json\/wp\/v2\/product"}],"about":[{"href":"https:\/\/shop.bantam.ch\/fr\/wp-json\/wp\/v2\/types\/product"}],"wp:featuredmedia":[{"embeddable":true,"href":"https:\/\/shop.bantam.ch\/fr\/wp-json\/wp\/v2\/media\/231077"}],"wp:attachment":[{"href":"https:\/\/shop.bantam.ch\/fr\/wp-json\/wp\/v2\/media?parent=231081"}],"wp:term":[{"taxonomy":"product_featured_cat","embeddable":true,"href":"https:\/\/shop.bantam.ch\/fr\/wp-json\/wp\/v2\/product_featured_cat?post=231081"},{"taxonomy":"product_brand","embeddable":true,"href":"https:\/\/shop.bantam.ch\/fr\/wp-json\/wp\/v2\/product_brand?post=231081"},{"taxonomy":"product_cat","embeddable":true,"href":"https:\/\/shop.bantam.ch\/fr\/wp-json\/wp\/v2\/product_cat?post=231081"},{"taxonomy":"product_tag","embeddable":true,"href":"https:\/\/shop.bantam.ch\/fr\/wp-json\/wp\/v2\/product_tag?post=231081"}],"curies":[{"name":"wp","href":"https:\/\/api.w.org\/{rel}","templated":true}]}}