{"id":231075,"date":"2026-01-06T17:51:05","date_gmt":"2026-01-06T16:51:05","guid":{"rendered":"https:\/\/shop.bantam.ch\/produit\/patch-vacuum-magnetique-avec-base-adhesive-vacuum-noire\/"},"modified":"2026-05-11T23:49:49","modified_gmt":"2026-05-11T21:49:49","slug":"patch-vacuum-magnetique-avec-base-adhesive-vacuum-noire","status":"publish","type":"product","link":"https:\/\/shop.bantam.ch\/fr\/produit\/patch-vacuum-magnetique-avec-base-adhesive-vacuum-noire\/","title":{"rendered":"Patch VACUUM magn\u00e9tique avec base adh\u00e9sive VACUUM noire"},"content":{"rendered":"<p>La VACUUM x silwy\u00ae sticky base est un support mural magn\u00e9tique pour t\u00e9l\u00e9phone portable. Elle convient \u00e0 presque tous les t\u00e9l\u00e9phones portables ainsi qu&rsquo;aux tablettes et autres appareils similaires pesant jusqu&rsquo;\u00e0 800 g.<\/p>\n<p>Pour que le t\u00e9l\u00e9phone portable ou la tablette puisse \u00eatre fix\u00e9(e) en toute s\u00e9curit\u00e9 sur la sticky base, le patch magn\u00e9tique VACUUM (inclus) doit \u00eatre appliqu\u00e9 sur le t\u00e9l\u00e9phone portable ou la tablette. Le rapport de force entre la sticky base et le patch VACUUM magn\u00e9tique est parfaitement \u00e9quilibr\u00e9, de sorte que le t\u00e9l\u00e9phone portable ou la tablette peut d&rsquo;une part \u00eatre fix\u00e9 par la sticky base, mais d&rsquo;autre part aussi \u00eatre facilement retir\u00e9 de la sticky base. Gr\u00e2ce aux picots de la sticky base, le t\u00e9l\u00e9phone portable ou la tablette peut \u00eatre tourn\u00e9 de mani\u00e8re flexible dans la position souhait\u00e9e &#8211; avec une libert\u00e9 de mouvement de 360\u00b0.Important : la variante 3M est exclusivement pr\u00e9vue pour \u00eatre fix\u00e9e sur des \u00e9tuis de protection appropri\u00e9s &#8211; et non sur le t\u00e9l\u00e9phone portable ou la tablette eux-m\u00eames. Le point de colle 3M mont\u00e9 ult\u00e9rieurement ne peut pas \u00eatre retir\u00e9 sans laisser de traces, la fonction Nano-Gel n&rsquo;est ensuite plus utilisable.<\/p>\n","protected":false},"excerpt":{"rendered":"<p>La VACUUM x silwy\u00ae sticky base est un support mural magn\u00e9tique pour t\u00e9l\u00e9phone portable. Elle convient \u00e0 presque tous les t\u00e9l\u00e9phones portables ainsi qu&rsquo;aux tablettes et autres appareils similaires pesant jusqu&rsquo;\u00e0 800 g. Pour que le t\u00e9l\u00e9phone portable ou la tablette puisse \u00eatre fix\u00e9(e) en toute s\u00e9curit\u00e9 sur la sticky base, le patch magn\u00e9tique VACUUM [&hellip;]<\/p>\n","protected":false},"featured_media":231071,"template":"","meta":{"_acf_changed":false},"product_featured_cat":[],"product_brand":[],"product_cat":[4733],"product_tag":[],"class_list":{"0":"post-231075","1":"product","2":"type-product","3":"status-publish","4":"has-post-thumbnail","6":"product_cat-supports-et-crochets","8":"first","9":"instock","10":"taxable","11":"shipping-taxable","12":"purchasable","13":"product-type-simple"},"acf":[],"yoast_head":"<!-- This site is optimized with the Yoast SEO plugin v27.5 - https:\/\/yoast.com\/product\/yoast-seo-wordpress\/ -->\n<title>Patch VACUUM magn\u00e9tique avec base adh\u00e9sive VACUUM noire - Bantam<\/title>\n<meta name=\"robots\" content=\"index, follow, max-snippet:-1, max-image-preview:large, max-video-preview:-1\" \/>\n<link rel=\"canonical\" href=\"https:\/\/shop.bantam.ch\/fr\/produit\/patch-vacuum-magnetique-avec-base-adhesive-vacuum-noire\/\" \/>\n<meta property=\"og:locale\" content=\"fr_FR\" \/>\n<meta property=\"og:type\" content=\"article\" \/>\n<meta property=\"og:title\" content=\"Patch VACUUM magn\u00e9tique avec base adh\u00e9sive VACUUM noire - Bantam\" \/>\n<meta property=\"og:description\" content=\"La VACUUM x silwy\u00ae sticky base est un support mural magn\u00e9tique pour t\u00e9l\u00e9phone portable. Elle convient \u00e0 presque tous les t\u00e9l\u00e9phones portables ainsi qu&rsquo;aux tablettes et autres appareils similaires pesant jusqu&rsquo;\u00e0 800 g. Pour que le t\u00e9l\u00e9phone portable ou la tablette puisse \u00eatre fix\u00e9(e) en toute s\u00e9curit\u00e9 sur la sticky base, le patch magn\u00e9tique VACUUM [&hellip;]\" \/>\n<meta property=\"og:url\" content=\"https:\/\/shop.bantam.ch\/fr\/produit\/patch-vacuum-magnetique-avec-base-adhesive-vacuum-noire\/\" \/>\n<meta property=\"og:site_name\" content=\"Bantam\" \/>\n<meta property=\"article:modified_time\" content=\"2026-05-11T21:49:49+00:00\" \/>\n<meta name=\"twitter:card\" content=\"summary_large_image\" \/>\n<meta name=\"twitter:label1\" content=\"Dur\u00e9e de lecture estim\u00e9e\" \/>\n\t<meta name=\"twitter:data1\" content=\"1 minute\" \/>\n<script type=\"application\/ld+json\" class=\"yoast-schema-graph\">{\"@context\":\"https:\\\/\\\/schema.org\",\"@graph\":[{\"@type\":\"WebPage\",\"@id\":\"https:\\\/\\\/shop.bantam.ch\\\/fr\\\/produit\\\/patch-vacuum-magnetique-avec-base-adhesive-vacuum-noire\\\/\",\"url\":\"https:\\\/\\\/shop.bantam.ch\\\/fr\\\/produit\\\/patch-vacuum-magnetique-avec-base-adhesive-vacuum-noire\\\/\",\"name\":\"Patch VACUUM magn\u00e9tique avec base adh\u00e9sive VACUUM noire - Bantam\",\"isPartOf\":{\"@id\":\"https:\\\/\\\/shop.bantam.ch\\\/fr\\\/#website\"},\"primaryImageOfPage\":{\"@id\":\"https:\\\/\\\/shop.bantam.ch\\\/fr\\\/produit\\\/patch-vacuum-magnetique-avec-base-adhesive-vacuum-noire\\\/#primaryimage\"},\"image\":{\"@id\":\"https:\\\/\\\/shop.bantam.ch\\\/fr\\\/produit\\\/patch-vacuum-magnetique-avec-base-adhesive-vacuum-noire\\\/#primaryimage\"},\"thumbnailUrl\":\"https:\\\/\\\/shop.bantam.ch\\\/wp-content\\\/uploads\\\/2026\\\/01\\\/Movera-L-9987139100.jpg\",\"datePublished\":\"2026-01-06T16:51:05+00:00\",\"dateModified\":\"2026-05-11T21:49:49+00:00\",\"breadcrumb\":{\"@id\":\"https:\\\/\\\/shop.bantam.ch\\\/fr\\\/produit\\\/patch-vacuum-magnetique-avec-base-adhesive-vacuum-noire\\\/#breadcrumb\"},\"inLanguage\":\"fr-FR\",\"potentialAction\":[{\"@type\":\"ReadAction\",\"target\":[\"https:\\\/\\\/shop.bantam.ch\\\/fr\\\/produit\\\/patch-vacuum-magnetique-avec-base-adhesive-vacuum-noire\\\/\"]}]},{\"@type\":\"ImageObject\",\"inLanguage\":\"fr-FR\",\"@id\":\"https:\\\/\\\/shop.bantam.ch\\\/fr\\\/produit\\\/patch-vacuum-magnetique-avec-base-adhesive-vacuum-noire\\\/#primaryimage\",\"url\":\"https:\\\/\\\/shop.bantam.ch\\\/wp-content\\\/uploads\\\/2026\\\/01\\\/Movera-L-9987139100.jpg\",\"contentUrl\":\"https:\\\/\\\/shop.bantam.ch\\\/wp-content\\\/uploads\\\/2026\\\/01\\\/Movera-L-9987139100.jpg\",\"width\":640,\"height\":640},{\"@type\":\"BreadcrumbList\",\"@id\":\"https:\\\/\\\/shop.bantam.ch\\\/fr\\\/produit\\\/patch-vacuum-magnetique-avec-base-adhesive-vacuum-noire\\\/#breadcrumb\",\"itemListElement\":[{\"@type\":\"ListItem\",\"position\":1,\"name\":\"Accueil\",\"item\":\"https:\\\/\\\/shop.bantam.ch\\\/fr\\\/\"},{\"@type\":\"ListItem\",\"position\":2,\"name\":\"Boutique\",\"item\":\"https:\\\/\\\/shop.bantam.ch\\\/fr\\\/boutique\\\/\"},{\"@type\":\"ListItem\",\"position\":3,\"name\":\"Patch VACUUM magn\u00e9tique avec base adh\u00e9sive VACUUM noire\"}]},{\"@type\":\"WebSite\",\"@id\":\"https:\\\/\\\/shop.bantam.ch\\\/fr\\\/#website\",\"url\":\"https:\\\/\\\/shop.bantam.ch\\\/fr\\\/\",\"name\":\"Bantam\",\"description\":\"\",\"publisher\":{\"@id\":\"https:\\\/\\\/shop.bantam.ch\\\/fr\\\/#organization\"},\"inLanguage\":\"fr-FR\"},{\"@type\":\"Organization\",\"@id\":\"https:\\\/\\\/shop.bantam.ch\\\/fr\\\/#organization\",\"name\":\"Bantam\",\"url\":\"https:\\\/\\\/shop.bantam.ch\\\/fr\\\/\",\"logo\":{\"@type\":\"ImageObject\",\"inLanguage\":\"fr-FR\",\"@id\":\"https:\\\/\\\/shop.bantam.ch\\\/fr\\\/#\\\/schema\\\/logo\\\/image\\\/\",\"url\":\"https:\\\/\\\/shop.bantam.ch\\\/wp-content\\\/uploads\\\/2022\\\/12\\\/bantam-logo.png\",\"contentUrl\":\"https:\\\/\\\/shop.bantam.ch\\\/wp-content\\\/uploads\\\/2022\\\/12\\\/bantam-logo.png\",\"width\":320,\"height\":71,\"caption\":\"Bantam\"},\"image\":{\"@id\":\"https:\\\/\\\/shop.bantam.ch\\\/fr\\\/#\\\/schema\\\/logo\\\/image\\\/\"}}]}<\/script>\n<!-- \/ Yoast SEO plugin. -->","yoast_head_json":{"title":"Patch VACUUM magn\u00e9tique avec base adh\u00e9sive VACUUM noire - Bantam","robots":{"index":"index","follow":"follow","max-snippet":"max-snippet:-1","max-image-preview":"max-image-preview:large","max-video-preview":"max-video-preview:-1"},"canonical":"https:\/\/shop.bantam.ch\/fr\/produit\/patch-vacuum-magnetique-avec-base-adhesive-vacuum-noire\/","og_locale":"fr_FR","og_type":"article","og_title":"Patch VACUUM magn\u00e9tique avec base adh\u00e9sive VACUUM noire - Bantam","og_description":"La VACUUM x silwy\u00ae sticky base est un support mural magn\u00e9tique pour t\u00e9l\u00e9phone portable. Elle convient \u00e0 presque tous les t\u00e9l\u00e9phones portables ainsi qu&rsquo;aux tablettes et autres appareils similaires pesant jusqu&rsquo;\u00e0 800 g. Pour que le t\u00e9l\u00e9phone portable ou la tablette puisse \u00eatre fix\u00e9(e) en toute s\u00e9curit\u00e9 sur la sticky base, le patch magn\u00e9tique VACUUM [&hellip;]","og_url":"https:\/\/shop.bantam.ch\/fr\/produit\/patch-vacuum-magnetique-avec-base-adhesive-vacuum-noire\/","og_site_name":"Bantam","article_modified_time":"2026-05-11T21:49:49+00:00","twitter_card":"summary_large_image","twitter_misc":{"Dur\u00e9e de lecture estim\u00e9e":"1 minute"},"schema":{"@context":"https:\/\/schema.org","@graph":[{"@type":"WebPage","@id":"https:\/\/shop.bantam.ch\/fr\/produit\/patch-vacuum-magnetique-avec-base-adhesive-vacuum-noire\/","url":"https:\/\/shop.bantam.ch\/fr\/produit\/patch-vacuum-magnetique-avec-base-adhesive-vacuum-noire\/","name":"Patch VACUUM magn\u00e9tique avec base adh\u00e9sive VACUUM noire - Bantam","isPartOf":{"@id":"https:\/\/shop.bantam.ch\/fr\/#website"},"primaryImageOfPage":{"@id":"https:\/\/shop.bantam.ch\/fr\/produit\/patch-vacuum-magnetique-avec-base-adhesive-vacuum-noire\/#primaryimage"},"image":{"@id":"https:\/\/shop.bantam.ch\/fr\/produit\/patch-vacuum-magnetique-avec-base-adhesive-vacuum-noire\/#primaryimage"},"thumbnailUrl":"https:\/\/shop.bantam.ch\/wp-content\/uploads\/2026\/01\/Movera-L-9987139100.jpg","datePublished":"2026-01-06T16:51:05+00:00","dateModified":"2026-05-11T21:49:49+00:00","breadcrumb":{"@id":"https:\/\/shop.bantam.ch\/fr\/produit\/patch-vacuum-magnetique-avec-base-adhesive-vacuum-noire\/#breadcrumb"},"inLanguage":"fr-FR","potentialAction":[{"@type":"ReadAction","target":["https:\/\/shop.bantam.ch\/fr\/produit\/patch-vacuum-magnetique-avec-base-adhesive-vacuum-noire\/"]}]},{"@type":"ImageObject","inLanguage":"fr-FR","@id":"https:\/\/shop.bantam.ch\/fr\/produit\/patch-vacuum-magnetique-avec-base-adhesive-vacuum-noire\/#primaryimage","url":"https:\/\/shop.bantam.ch\/wp-content\/uploads\/2026\/01\/Movera-L-9987139100.jpg","contentUrl":"https:\/\/shop.bantam.ch\/wp-content\/uploads\/2026\/01\/Movera-L-9987139100.jpg","width":640,"height":640},{"@type":"BreadcrumbList","@id":"https:\/\/shop.bantam.ch\/fr\/produit\/patch-vacuum-magnetique-avec-base-adhesive-vacuum-noire\/#breadcrumb","itemListElement":[{"@type":"ListItem","position":1,"name":"Accueil","item":"https:\/\/shop.bantam.ch\/fr\/"},{"@type":"ListItem","position":2,"name":"Boutique","item":"https:\/\/shop.bantam.ch\/fr\/boutique\/"},{"@type":"ListItem","position":3,"name":"Patch VACUUM magn\u00e9tique avec base adh\u00e9sive VACUUM noire"}]},{"@type":"WebSite","@id":"https:\/\/shop.bantam.ch\/fr\/#website","url":"https:\/\/shop.bantam.ch\/fr\/","name":"Bantam","description":"","publisher":{"@id":"https:\/\/shop.bantam.ch\/fr\/#organization"},"inLanguage":"fr-FR"},{"@type":"Organization","@id":"https:\/\/shop.bantam.ch\/fr\/#organization","name":"Bantam","url":"https:\/\/shop.bantam.ch\/fr\/","logo":{"@type":"ImageObject","inLanguage":"fr-FR","@id":"https:\/\/shop.bantam.ch\/fr\/#\/schema\/logo\/image\/","url":"https:\/\/shop.bantam.ch\/wp-content\/uploads\/2022\/12\/bantam-logo.png","contentUrl":"https:\/\/shop.bantam.ch\/wp-content\/uploads\/2022\/12\/bantam-logo.png","width":320,"height":71,"caption":"Bantam"},"image":{"@id":"https:\/\/shop.bantam.ch\/fr\/#\/schema\/logo\/image\/"}}]}},"_links":{"self":[{"href":"https:\/\/shop.bantam.ch\/fr\/wp-json\/wp\/v2\/product\/231075","targetHints":{"allow":["GET"]}}],"collection":[{"href":"https:\/\/shop.bantam.ch\/fr\/wp-json\/wp\/v2\/product"}],"about":[{"href":"https:\/\/shop.bantam.ch\/fr\/wp-json\/wp\/v2\/types\/product"}],"wp:featuredmedia":[{"embeddable":true,"href":"https:\/\/shop.bantam.ch\/fr\/wp-json\/wp\/v2\/media\/231071"}],"wp:attachment":[{"href":"https:\/\/shop.bantam.ch\/fr\/wp-json\/wp\/v2\/media?parent=231075"}],"wp:term":[{"taxonomy":"product_featured_cat","embeddable":true,"href":"https:\/\/shop.bantam.ch\/fr\/wp-json\/wp\/v2\/product_featured_cat?post=231075"},{"taxonomy":"product_brand","embeddable":true,"href":"https:\/\/shop.bantam.ch\/fr\/wp-json\/wp\/v2\/product_brand?post=231075"},{"taxonomy":"product_cat","embeddable":true,"href":"https:\/\/shop.bantam.ch\/fr\/wp-json\/wp\/v2\/product_cat?post=231075"},{"taxonomy":"product_tag","embeddable":true,"href":"https:\/\/shop.bantam.ch\/fr\/wp-json\/wp\/v2\/product_tag?post=231075"}],"curies":[{"name":"wp","href":"https:\/\/api.w.org\/{rel}","templated":true}]}}