{"id":231069,"date":"2026-01-06T17:50:56","date_gmt":"2026-01-06T16:50:56","guid":{"rendered":"https:\/\/shop.bantam.ch\/produit\/coquetiers-magnetiques-en-porcelaine-2-pieces-blanc\/"},"modified":"2026-04-20T23:53:11","modified_gmt":"2026-04-20T21:53:11","slug":"coquetiers-magnetiques-en-porcelaine-2-pieces-blanc","status":"publish","type":"product","link":"https:\/\/shop.bantam.ch\/fr\/produit\/coquetiers-magnetiques-en-porcelaine-2-pieces-blanc\/","title":{"rendered":"Coquetiers magn\u00e9tiques en porcelaine 2 pi\u00e8ces blanc"},"content":{"rendered":"<p>Accessoire styl\u00e9 \u00e0 la table du petit-d\u00e9jeuner. Gobelets \u00e0 \u0153ufs magn\u00e9tiques stables en porcelaine.<\/p>\n<ul>\n<li>Des pastilles de nano gel m\u00e9talliques fixent les gobelets magn\u00e9tiques.<\/li>\n<li>Les pastilles peuvent \u00eatre retir\u00e9es \u00e0 tout moment sans laisser de traces.<\/li>\n<li>Ils peuvent \u00eatre r\u00e9utilis\u00e9s autant de fois que n\u00e9cessaire.<\/li>\n<li>La porcelaine apporte encore plus de luxe lors des voyages<\/li>\n<li>Convient \u00e0 tous les \u0153ufs du commerce jusqu&rsquo;\u00e0 la taille L<\/li>\n<li>Solution test\u00e9e en mati\u00e8re de s\u00e9curit\u00e9 routi\u00e8re Made in Germany<\/li>\n<li>2 pi\u00e8ces<\/li>\n<\/ul>\n","protected":false},"excerpt":{"rendered":"<p>Accessoire styl\u00e9 \u00e0 la table du petit-d\u00e9jeuner. Gobelets \u00e0 \u0153ufs magn\u00e9tiques stables en porcelaine. Des pastilles de nano gel m\u00e9talliques fixent les gobelets magn\u00e9tiques. Les pastilles peuvent \u00eatre retir\u00e9es \u00e0 tout moment sans laisser de traces. Ils peuvent \u00eatre r\u00e9utilis\u00e9s autant de fois que n\u00e9cessaire. La porcelaine apporte encore plus de luxe lors des voyages [&hellip;]<\/p>\n","protected":false},"featured_media":231065,"template":"","meta":{"_acf_changed":false},"product_featured_cat":[],"product_brand":[],"product_cat":[5339],"product_tag":[],"class_list":{"0":"post-231069","1":"product","2":"type-product","3":"status-publish","4":"has-post-thumbnail","6":"product_cat-coquetiers","8":"first","9":"instock","10":"taxable","11":"shipping-taxable","12":"purchasable","13":"product-type-simple"},"acf":[],"yoast_head":"<!-- This site is optimized with the Yoast SEO plugin v27.4 - https:\/\/yoast.com\/product\/yoast-seo-wordpress\/ -->\n<title>Coquetiers magn\u00e9tiques en porcelaine 2 pi\u00e8ces blanc - Bantam Wankm\u00fcller SA<\/title>\n<meta name=\"robots\" content=\"index, follow, max-snippet:-1, max-image-preview:large, max-video-preview:-1\" \/>\n<link rel=\"canonical\" href=\"https:\/\/shop.bantam.ch\/fr\/produit\/coquetiers-magnetiques-en-porcelaine-2-pieces-blanc\/\" \/>\n<meta property=\"og:locale\" content=\"fr_FR\" \/>\n<meta property=\"og:type\" content=\"article\" \/>\n<meta property=\"og:title\" content=\"Coquetiers magn\u00e9tiques en porcelaine 2 pi\u00e8ces blanc - Bantam Wankm\u00fcller SA\" \/>\n<meta property=\"og:description\" content=\"Accessoire styl\u00e9 \u00e0 la table du petit-d\u00e9jeuner. Gobelets \u00e0 \u0153ufs magn\u00e9tiques stables en porcelaine. Des pastilles de nano gel m\u00e9talliques fixent les gobelets magn\u00e9tiques. Les pastilles peuvent \u00eatre retir\u00e9es \u00e0 tout moment sans laisser de traces. Ils peuvent \u00eatre r\u00e9utilis\u00e9s autant de fois que n\u00e9cessaire. La porcelaine apporte encore plus de luxe lors des voyages [&hellip;]\" \/>\n<meta property=\"og:url\" content=\"https:\/\/shop.bantam.ch\/fr\/produit\/coquetiers-magnetiques-en-porcelaine-2-pieces-blanc\/\" \/>\n<meta property=\"og:site_name\" content=\"Bantam Wankm\u00fcller SA\" \/>\n<meta property=\"article:modified_time\" content=\"2026-04-20T21:53:11+00:00\" \/>\n<meta name=\"twitter:card\" content=\"summary_large_image\" \/>\n<script type=\"application\/ld+json\" class=\"yoast-schema-graph\">{\"@context\":\"https:\\\/\\\/schema.org\",\"@graph\":[{\"@type\":\"WebPage\",\"@id\":\"https:\\\/\\\/shop.bantam.ch\\\/fr\\\/produit\\\/coquetiers-magnetiques-en-porcelaine-2-pieces-blanc\\\/\",\"url\":\"https:\\\/\\\/shop.bantam.ch\\\/fr\\\/produit\\\/coquetiers-magnetiques-en-porcelaine-2-pieces-blanc\\\/\",\"name\":\"Coquetiers magn\u00e9tiques en porcelaine 2 pi\u00e8ces blanc - Bantam Wankm\u00fcller SA\",\"isPartOf\":{\"@id\":\"https:\\\/\\\/shop.bantam.ch\\\/fr\\\/#website\"},\"primaryImageOfPage\":{\"@id\":\"https:\\\/\\\/shop.bantam.ch\\\/fr\\\/produit\\\/coquetiers-magnetiques-en-porcelaine-2-pieces-blanc\\\/#primaryimage\"},\"image\":{\"@id\":\"https:\\\/\\\/shop.bantam.ch\\\/fr\\\/produit\\\/coquetiers-magnetiques-en-porcelaine-2-pieces-blanc\\\/#primaryimage\"},\"thumbnailUrl\":\"https:\\\/\\\/shop.bantam.ch\\\/wp-content\\\/uploads\\\/2026\\\/01\\\/Movera-L-9987138100.jpg\",\"datePublished\":\"2026-01-06T16:50:56+00:00\",\"dateModified\":\"2026-04-20T21:53:11+00:00\",\"breadcrumb\":{\"@id\":\"https:\\\/\\\/shop.bantam.ch\\\/fr\\\/produit\\\/coquetiers-magnetiques-en-porcelaine-2-pieces-blanc\\\/#breadcrumb\"},\"inLanguage\":\"fr-FR\",\"potentialAction\":[{\"@type\":\"ReadAction\",\"target\":[\"https:\\\/\\\/shop.bantam.ch\\\/fr\\\/produit\\\/coquetiers-magnetiques-en-porcelaine-2-pieces-blanc\\\/\"]}]},{\"@type\":\"ImageObject\",\"inLanguage\":\"fr-FR\",\"@id\":\"https:\\\/\\\/shop.bantam.ch\\\/fr\\\/produit\\\/coquetiers-magnetiques-en-porcelaine-2-pieces-blanc\\\/#primaryimage\",\"url\":\"https:\\\/\\\/shop.bantam.ch\\\/wp-content\\\/uploads\\\/2026\\\/01\\\/Movera-L-9987138100.jpg\",\"contentUrl\":\"https:\\\/\\\/shop.bantam.ch\\\/wp-content\\\/uploads\\\/2026\\\/01\\\/Movera-L-9987138100.jpg\",\"width\":640,\"height\":640},{\"@type\":\"BreadcrumbList\",\"@id\":\"https:\\\/\\\/shop.bantam.ch\\\/fr\\\/produit\\\/coquetiers-magnetiques-en-porcelaine-2-pieces-blanc\\\/#breadcrumb\",\"itemListElement\":[{\"@type\":\"ListItem\",\"position\":1,\"name\":\"Accueil\",\"item\":\"https:\\\/\\\/shop.bantam.ch\\\/fr\\\/\"},{\"@type\":\"ListItem\",\"position\":2,\"name\":\"Boutique\",\"item\":\"https:\\\/\\\/shop.bantam.ch\\\/fr\\\/boutique\\\/\"},{\"@type\":\"ListItem\",\"position\":3,\"name\":\"Coquetiers magn\u00e9tiques en porcelaine 2 pi\u00e8ces blanc\"}]},{\"@type\":\"WebSite\",\"@id\":\"https:\\\/\\\/shop.bantam.ch\\\/fr\\\/#website\",\"url\":\"https:\\\/\\\/shop.bantam.ch\\\/fr\\\/\",\"name\":\"Bantam Wankm\u00fcller SA\",\"description\":\"\",\"publisher\":{\"@id\":\"https:\\\/\\\/shop.bantam.ch\\\/fr\\\/#organization\"},\"inLanguage\":\"fr-FR\"},{\"@type\":\"Organization\",\"@id\":\"https:\\\/\\\/shop.bantam.ch\\\/fr\\\/#organization\",\"name\":\"Bantam Wankm\u00fcller SA\",\"url\":\"https:\\\/\\\/shop.bantam.ch\\\/fr\\\/\",\"logo\":{\"@type\":\"ImageObject\",\"inLanguage\":\"fr-FR\",\"@id\":\"https:\\\/\\\/shop.bantam.ch\\\/fr\\\/#\\\/schema\\\/logo\\\/image\\\/\",\"url\":\"https:\\\/\\\/shop.bantam.ch\\\/wp-content\\\/uploads\\\/2022\\\/12\\\/bantam-logo.png\",\"contentUrl\":\"https:\\\/\\\/shop.bantam.ch\\\/wp-content\\\/uploads\\\/2022\\\/12\\\/bantam-logo.png\",\"width\":320,\"height\":71,\"caption\":\"Bantam Wankm\u00fcller SA\"},\"image\":{\"@id\":\"https:\\\/\\\/shop.bantam.ch\\\/fr\\\/#\\\/schema\\\/logo\\\/image\\\/\"}}]}<\/script>\n<!-- \/ Yoast SEO plugin. -->","yoast_head_json":{"title":"Coquetiers magn\u00e9tiques en porcelaine 2 pi\u00e8ces blanc - Bantam Wankm\u00fcller SA","robots":{"index":"index","follow":"follow","max-snippet":"max-snippet:-1","max-image-preview":"max-image-preview:large","max-video-preview":"max-video-preview:-1"},"canonical":"https:\/\/shop.bantam.ch\/fr\/produit\/coquetiers-magnetiques-en-porcelaine-2-pieces-blanc\/","og_locale":"fr_FR","og_type":"article","og_title":"Coquetiers magn\u00e9tiques en porcelaine 2 pi\u00e8ces blanc - Bantam Wankm\u00fcller SA","og_description":"Accessoire styl\u00e9 \u00e0 la table du petit-d\u00e9jeuner. Gobelets \u00e0 \u0153ufs magn\u00e9tiques stables en porcelaine. Des pastilles de nano gel m\u00e9talliques fixent les gobelets magn\u00e9tiques. Les pastilles peuvent \u00eatre retir\u00e9es \u00e0 tout moment sans laisser de traces. Ils peuvent \u00eatre r\u00e9utilis\u00e9s autant de fois que n\u00e9cessaire. La porcelaine apporte encore plus de luxe lors des voyages [&hellip;]","og_url":"https:\/\/shop.bantam.ch\/fr\/produit\/coquetiers-magnetiques-en-porcelaine-2-pieces-blanc\/","og_site_name":"Bantam Wankm\u00fcller SA","article_modified_time":"2026-04-20T21:53:11+00:00","twitter_card":"summary_large_image","schema":{"@context":"https:\/\/schema.org","@graph":[{"@type":"WebPage","@id":"https:\/\/shop.bantam.ch\/fr\/produit\/coquetiers-magnetiques-en-porcelaine-2-pieces-blanc\/","url":"https:\/\/shop.bantam.ch\/fr\/produit\/coquetiers-magnetiques-en-porcelaine-2-pieces-blanc\/","name":"Coquetiers magn\u00e9tiques en porcelaine 2 pi\u00e8ces blanc - Bantam Wankm\u00fcller SA","isPartOf":{"@id":"https:\/\/shop.bantam.ch\/fr\/#website"},"primaryImageOfPage":{"@id":"https:\/\/shop.bantam.ch\/fr\/produit\/coquetiers-magnetiques-en-porcelaine-2-pieces-blanc\/#primaryimage"},"image":{"@id":"https:\/\/shop.bantam.ch\/fr\/produit\/coquetiers-magnetiques-en-porcelaine-2-pieces-blanc\/#primaryimage"},"thumbnailUrl":"https:\/\/shop.bantam.ch\/wp-content\/uploads\/2026\/01\/Movera-L-9987138100.jpg","datePublished":"2026-01-06T16:50:56+00:00","dateModified":"2026-04-20T21:53:11+00:00","breadcrumb":{"@id":"https:\/\/shop.bantam.ch\/fr\/produit\/coquetiers-magnetiques-en-porcelaine-2-pieces-blanc\/#breadcrumb"},"inLanguage":"fr-FR","potentialAction":[{"@type":"ReadAction","target":["https:\/\/shop.bantam.ch\/fr\/produit\/coquetiers-magnetiques-en-porcelaine-2-pieces-blanc\/"]}]},{"@type":"ImageObject","inLanguage":"fr-FR","@id":"https:\/\/shop.bantam.ch\/fr\/produit\/coquetiers-magnetiques-en-porcelaine-2-pieces-blanc\/#primaryimage","url":"https:\/\/shop.bantam.ch\/wp-content\/uploads\/2026\/01\/Movera-L-9987138100.jpg","contentUrl":"https:\/\/shop.bantam.ch\/wp-content\/uploads\/2026\/01\/Movera-L-9987138100.jpg","width":640,"height":640},{"@type":"BreadcrumbList","@id":"https:\/\/shop.bantam.ch\/fr\/produit\/coquetiers-magnetiques-en-porcelaine-2-pieces-blanc\/#breadcrumb","itemListElement":[{"@type":"ListItem","position":1,"name":"Accueil","item":"https:\/\/shop.bantam.ch\/fr\/"},{"@type":"ListItem","position":2,"name":"Boutique","item":"https:\/\/shop.bantam.ch\/fr\/boutique\/"},{"@type":"ListItem","position":3,"name":"Coquetiers magn\u00e9tiques en porcelaine 2 pi\u00e8ces blanc"}]},{"@type":"WebSite","@id":"https:\/\/shop.bantam.ch\/fr\/#website","url":"https:\/\/shop.bantam.ch\/fr\/","name":"Bantam Wankm\u00fcller SA","description":"","publisher":{"@id":"https:\/\/shop.bantam.ch\/fr\/#organization"},"inLanguage":"fr-FR"},{"@type":"Organization","@id":"https:\/\/shop.bantam.ch\/fr\/#organization","name":"Bantam Wankm\u00fcller SA","url":"https:\/\/shop.bantam.ch\/fr\/","logo":{"@type":"ImageObject","inLanguage":"fr-FR","@id":"https:\/\/shop.bantam.ch\/fr\/#\/schema\/logo\/image\/","url":"https:\/\/shop.bantam.ch\/wp-content\/uploads\/2022\/12\/bantam-logo.png","contentUrl":"https:\/\/shop.bantam.ch\/wp-content\/uploads\/2022\/12\/bantam-logo.png","width":320,"height":71,"caption":"Bantam Wankm\u00fcller SA"},"image":{"@id":"https:\/\/shop.bantam.ch\/fr\/#\/schema\/logo\/image\/"}}]}},"_links":{"self":[{"href":"https:\/\/shop.bantam.ch\/fr\/wp-json\/wp\/v2\/product\/231069","targetHints":{"allow":["GET"]}}],"collection":[{"href":"https:\/\/shop.bantam.ch\/fr\/wp-json\/wp\/v2\/product"}],"about":[{"href":"https:\/\/shop.bantam.ch\/fr\/wp-json\/wp\/v2\/types\/product"}],"wp:featuredmedia":[{"embeddable":true,"href":"https:\/\/shop.bantam.ch\/fr\/wp-json\/wp\/v2\/media\/231065"}],"wp:attachment":[{"href":"https:\/\/shop.bantam.ch\/fr\/wp-json\/wp\/v2\/media?parent=231069"}],"wp:term":[{"taxonomy":"product_featured_cat","embeddable":true,"href":"https:\/\/shop.bantam.ch\/fr\/wp-json\/wp\/v2\/product_featured_cat?post=231069"},{"taxonomy":"product_brand","embeddable":true,"href":"https:\/\/shop.bantam.ch\/fr\/wp-json\/wp\/v2\/product_brand?post=231069"},{"taxonomy":"product_cat","embeddable":true,"href":"https:\/\/shop.bantam.ch\/fr\/wp-json\/wp\/v2\/product_cat?post=231069"},{"taxonomy":"product_tag","embeddable":true,"href":"https:\/\/shop.bantam.ch\/fr\/wp-json\/wp\/v2\/product_tag?post=231069"}],"curies":[{"name":"wp","href":"https:\/\/api.w.org\/{rel}","templated":true}]}}