{"id":231057,"date":"2026-01-06T17:50:40","date_gmt":"2026-01-06T16:50:40","guid":{"rendered":"https:\/\/shop.bantam.ch\/produit\/vaisselle-en-porcelaine-magnetique-classic-11-pcs-blanc\/"},"modified":"2026-04-18T23:55:44","modified_gmt":"2026-04-18T21:55:44","slug":"vaisselle-en-porcelaine-magnetique-classic-11-pcs-blanc","status":"publish","type":"product","link":"https:\/\/shop.bantam.ch\/fr\/produit\/vaisselle-en-porcelaine-magnetique-classic-11-pcs-blanc\/","title":{"rendered":"Vaisselle en porcelaine magn\u00e9tique Classic 11 pcs. blanc"},"content":{"rendered":"<ul>\n<li>Voyager sans cliquetis gr\u00e2ce \u00e0 une solution magn\u00e9tique intelligente Equipement complet en porcelaine fine.<\/li>\n<li>Enfin la tranquillit\u00e9 en voyage &#8211; tout est bien rang\u00e9<\/li>\n<li>Les accessoires en nano gel fixent la vaisselle magn\u00e9tique<\/li>\n<li>Les accessoires peuvent \u00eatre retir\u00e9s \u00e0 tout moment sans laisser de traces<\/li>\n<li>Il peut \u00eatre r\u00e9utilis\u00e9 \u00e0 volont\u00e9<\/li>\n<li>La vaisselle est empilable pour un gain de place et sans cliquetis<\/li>\n<li>Le rev\u00eatement anti-d\u00e9rapant assure un maintien suppl\u00e9mentaire<\/li>\n<li>Collection de porcelaine dans une magnifique couleur pastel<\/li>\n<li>Solution test\u00e9e en mati\u00e8re de s\u00e9curit\u00e9 routi\u00e8re Made in Germany<\/li>\n<\/ul>\n","protected":false},"excerpt":{"rendered":"<p>Voyager sans cliquetis gr\u00e2ce \u00e0 une solution magn\u00e9tique intelligente Equipement complet en porcelaine fine. Enfin la tranquillit\u00e9 en voyage &#8211; tout est bien rang\u00e9 Les accessoires en nano gel fixent la vaisselle magn\u00e9tique Les accessoires peuvent \u00eatre retir\u00e9s \u00e0 tout moment sans laisser de traces Il peut \u00eatre r\u00e9utilis\u00e9 \u00e0 volont\u00e9 La vaisselle est empilable [&hellip;]<\/p>\n","protected":false},"featured_media":231053,"template":"","meta":{"_acf_changed":false},"product_featured_cat":[],"product_brand":[],"product_cat":[4273],"product_tag":[],"class_list":{"0":"post-231057","1":"product","2":"type-product","3":"status-publish","4":"has-post-thumbnail","6":"product_cat-services-de-table","8":"first","9":"instock","10":"taxable","11":"shipping-taxable","12":"purchasable","13":"product-type-simple"},"acf":[],"yoast_head":"<!-- This site is optimized with the Yoast SEO plugin v27.4 - https:\/\/yoast.com\/product\/yoast-seo-wordpress\/ -->\n<title>Vaisselle en porcelaine magn\u00e9tique Classic 11 pcs. blanc - Bantam Wankm\u00fcller SA<\/title>\n<meta name=\"robots\" content=\"index, follow, max-snippet:-1, max-image-preview:large, max-video-preview:-1\" \/>\n<link rel=\"canonical\" href=\"https:\/\/shop.bantam.ch\/fr\/produit\/vaisselle-en-porcelaine-magnetique-classic-11-pcs-blanc\/\" \/>\n<meta property=\"og:locale\" content=\"fr_FR\" \/>\n<meta property=\"og:type\" content=\"article\" \/>\n<meta property=\"og:title\" content=\"Vaisselle en porcelaine magn\u00e9tique Classic 11 pcs. blanc - Bantam Wankm\u00fcller SA\" \/>\n<meta property=\"og:description\" content=\"Voyager sans cliquetis gr\u00e2ce \u00e0 une solution magn\u00e9tique intelligente Equipement complet en porcelaine fine. Enfin la tranquillit\u00e9 en voyage &#8211; tout est bien rang\u00e9 Les accessoires en nano gel fixent la vaisselle magn\u00e9tique Les accessoires peuvent \u00eatre retir\u00e9s \u00e0 tout moment sans laisser de traces Il peut \u00eatre r\u00e9utilis\u00e9 \u00e0 volont\u00e9 La vaisselle est empilable [&hellip;]\" \/>\n<meta property=\"og:url\" content=\"https:\/\/shop.bantam.ch\/fr\/produit\/vaisselle-en-porcelaine-magnetique-classic-11-pcs-blanc\/\" \/>\n<meta property=\"og:site_name\" content=\"Bantam Wankm\u00fcller SA\" \/>\n<meta property=\"article:modified_time\" content=\"2026-04-18T21:55:44+00:00\" \/>\n<meta name=\"twitter:card\" content=\"summary_large_image\" \/>\n<script type=\"application\/ld+json\" class=\"yoast-schema-graph\">{\"@context\":\"https:\\\/\\\/schema.org\",\"@graph\":[{\"@type\":\"WebPage\",\"@id\":\"https:\\\/\\\/shop.bantam.ch\\\/fr\\\/produit\\\/vaisselle-en-porcelaine-magnetique-classic-11-pcs-blanc\\\/\",\"url\":\"https:\\\/\\\/shop.bantam.ch\\\/fr\\\/produit\\\/vaisselle-en-porcelaine-magnetique-classic-11-pcs-blanc\\\/\",\"name\":\"Vaisselle en porcelaine magn\u00e9tique Classic 11 pcs. blanc - Bantam Wankm\u00fcller SA\",\"isPartOf\":{\"@id\":\"https:\\\/\\\/shop.bantam.ch\\\/fr\\\/#website\"},\"primaryImageOfPage\":{\"@id\":\"https:\\\/\\\/shop.bantam.ch\\\/fr\\\/produit\\\/vaisselle-en-porcelaine-magnetique-classic-11-pcs-blanc\\\/#primaryimage\"},\"image\":{\"@id\":\"https:\\\/\\\/shop.bantam.ch\\\/fr\\\/produit\\\/vaisselle-en-porcelaine-magnetique-classic-11-pcs-blanc\\\/#primaryimage\"},\"thumbnailUrl\":\"https:\\\/\\\/shop.bantam.ch\\\/wp-content\\\/uploads\\\/2026\\\/01\\\/Movera-L-9987136100.jpg\",\"datePublished\":\"2026-01-06T16:50:40+00:00\",\"dateModified\":\"2026-04-18T21:55:44+00:00\",\"breadcrumb\":{\"@id\":\"https:\\\/\\\/shop.bantam.ch\\\/fr\\\/produit\\\/vaisselle-en-porcelaine-magnetique-classic-11-pcs-blanc\\\/#breadcrumb\"},\"inLanguage\":\"fr-FR\",\"potentialAction\":[{\"@type\":\"ReadAction\",\"target\":[\"https:\\\/\\\/shop.bantam.ch\\\/fr\\\/produit\\\/vaisselle-en-porcelaine-magnetique-classic-11-pcs-blanc\\\/\"]}]},{\"@type\":\"ImageObject\",\"inLanguage\":\"fr-FR\",\"@id\":\"https:\\\/\\\/shop.bantam.ch\\\/fr\\\/produit\\\/vaisselle-en-porcelaine-magnetique-classic-11-pcs-blanc\\\/#primaryimage\",\"url\":\"https:\\\/\\\/shop.bantam.ch\\\/wp-content\\\/uploads\\\/2026\\\/01\\\/Movera-L-9987136100.jpg\",\"contentUrl\":\"https:\\\/\\\/shop.bantam.ch\\\/wp-content\\\/uploads\\\/2026\\\/01\\\/Movera-L-9987136100.jpg\",\"width\":640,\"height\":640},{\"@type\":\"BreadcrumbList\",\"@id\":\"https:\\\/\\\/shop.bantam.ch\\\/fr\\\/produit\\\/vaisselle-en-porcelaine-magnetique-classic-11-pcs-blanc\\\/#breadcrumb\",\"itemListElement\":[{\"@type\":\"ListItem\",\"position\":1,\"name\":\"Accueil\",\"item\":\"https:\\\/\\\/shop.bantam.ch\\\/fr\\\/\"},{\"@type\":\"ListItem\",\"position\":2,\"name\":\"Boutique\",\"item\":\"https:\\\/\\\/shop.bantam.ch\\\/fr\\\/boutique\\\/\"},{\"@type\":\"ListItem\",\"position\":3,\"name\":\"Vaisselle en porcelaine magn\u00e9tique Classic 11 pcs. blanc\"}]},{\"@type\":\"WebSite\",\"@id\":\"https:\\\/\\\/shop.bantam.ch\\\/fr\\\/#website\",\"url\":\"https:\\\/\\\/shop.bantam.ch\\\/fr\\\/\",\"name\":\"Bantam Wankm\u00fcller SA\",\"description\":\"\",\"publisher\":{\"@id\":\"https:\\\/\\\/shop.bantam.ch\\\/fr\\\/#organization\"},\"inLanguage\":\"fr-FR\"},{\"@type\":\"Organization\",\"@id\":\"https:\\\/\\\/shop.bantam.ch\\\/fr\\\/#organization\",\"name\":\"Bantam Wankm\u00fcller SA\",\"url\":\"https:\\\/\\\/shop.bantam.ch\\\/fr\\\/\",\"logo\":{\"@type\":\"ImageObject\",\"inLanguage\":\"fr-FR\",\"@id\":\"https:\\\/\\\/shop.bantam.ch\\\/fr\\\/#\\\/schema\\\/logo\\\/image\\\/\",\"url\":\"https:\\\/\\\/shop.bantam.ch\\\/wp-content\\\/uploads\\\/2022\\\/12\\\/bantam-logo.png\",\"contentUrl\":\"https:\\\/\\\/shop.bantam.ch\\\/wp-content\\\/uploads\\\/2022\\\/12\\\/bantam-logo.png\",\"width\":320,\"height\":71,\"caption\":\"Bantam Wankm\u00fcller SA\"},\"image\":{\"@id\":\"https:\\\/\\\/shop.bantam.ch\\\/fr\\\/#\\\/schema\\\/logo\\\/image\\\/\"}}]}<\/script>\n<!-- \/ Yoast SEO plugin. -->","yoast_head_json":{"title":"Vaisselle en porcelaine magn\u00e9tique Classic 11 pcs. blanc - Bantam Wankm\u00fcller SA","robots":{"index":"index","follow":"follow","max-snippet":"max-snippet:-1","max-image-preview":"max-image-preview:large","max-video-preview":"max-video-preview:-1"},"canonical":"https:\/\/shop.bantam.ch\/fr\/produit\/vaisselle-en-porcelaine-magnetique-classic-11-pcs-blanc\/","og_locale":"fr_FR","og_type":"article","og_title":"Vaisselle en porcelaine magn\u00e9tique Classic 11 pcs. blanc - Bantam Wankm\u00fcller SA","og_description":"Voyager sans cliquetis gr\u00e2ce \u00e0 une solution magn\u00e9tique intelligente Equipement complet en porcelaine fine. Enfin la tranquillit\u00e9 en voyage &#8211; tout est bien rang\u00e9 Les accessoires en nano gel fixent la vaisselle magn\u00e9tique Les accessoires peuvent \u00eatre retir\u00e9s \u00e0 tout moment sans laisser de traces Il peut \u00eatre r\u00e9utilis\u00e9 \u00e0 volont\u00e9 La vaisselle est empilable [&hellip;]","og_url":"https:\/\/shop.bantam.ch\/fr\/produit\/vaisselle-en-porcelaine-magnetique-classic-11-pcs-blanc\/","og_site_name":"Bantam Wankm\u00fcller SA","article_modified_time":"2026-04-18T21:55:44+00:00","twitter_card":"summary_large_image","schema":{"@context":"https:\/\/schema.org","@graph":[{"@type":"WebPage","@id":"https:\/\/shop.bantam.ch\/fr\/produit\/vaisselle-en-porcelaine-magnetique-classic-11-pcs-blanc\/","url":"https:\/\/shop.bantam.ch\/fr\/produit\/vaisselle-en-porcelaine-magnetique-classic-11-pcs-blanc\/","name":"Vaisselle en porcelaine magn\u00e9tique Classic 11 pcs. blanc - Bantam Wankm\u00fcller SA","isPartOf":{"@id":"https:\/\/shop.bantam.ch\/fr\/#website"},"primaryImageOfPage":{"@id":"https:\/\/shop.bantam.ch\/fr\/produit\/vaisselle-en-porcelaine-magnetique-classic-11-pcs-blanc\/#primaryimage"},"image":{"@id":"https:\/\/shop.bantam.ch\/fr\/produit\/vaisselle-en-porcelaine-magnetique-classic-11-pcs-blanc\/#primaryimage"},"thumbnailUrl":"https:\/\/shop.bantam.ch\/wp-content\/uploads\/2026\/01\/Movera-L-9987136100.jpg","datePublished":"2026-01-06T16:50:40+00:00","dateModified":"2026-04-18T21:55:44+00:00","breadcrumb":{"@id":"https:\/\/shop.bantam.ch\/fr\/produit\/vaisselle-en-porcelaine-magnetique-classic-11-pcs-blanc\/#breadcrumb"},"inLanguage":"fr-FR","potentialAction":[{"@type":"ReadAction","target":["https:\/\/shop.bantam.ch\/fr\/produit\/vaisselle-en-porcelaine-magnetique-classic-11-pcs-blanc\/"]}]},{"@type":"ImageObject","inLanguage":"fr-FR","@id":"https:\/\/shop.bantam.ch\/fr\/produit\/vaisselle-en-porcelaine-magnetique-classic-11-pcs-blanc\/#primaryimage","url":"https:\/\/shop.bantam.ch\/wp-content\/uploads\/2026\/01\/Movera-L-9987136100.jpg","contentUrl":"https:\/\/shop.bantam.ch\/wp-content\/uploads\/2026\/01\/Movera-L-9987136100.jpg","width":640,"height":640},{"@type":"BreadcrumbList","@id":"https:\/\/shop.bantam.ch\/fr\/produit\/vaisselle-en-porcelaine-magnetique-classic-11-pcs-blanc\/#breadcrumb","itemListElement":[{"@type":"ListItem","position":1,"name":"Accueil","item":"https:\/\/shop.bantam.ch\/fr\/"},{"@type":"ListItem","position":2,"name":"Boutique","item":"https:\/\/shop.bantam.ch\/fr\/boutique\/"},{"@type":"ListItem","position":3,"name":"Vaisselle en porcelaine magn\u00e9tique Classic 11 pcs. blanc"}]},{"@type":"WebSite","@id":"https:\/\/shop.bantam.ch\/fr\/#website","url":"https:\/\/shop.bantam.ch\/fr\/","name":"Bantam Wankm\u00fcller SA","description":"","publisher":{"@id":"https:\/\/shop.bantam.ch\/fr\/#organization"},"inLanguage":"fr-FR"},{"@type":"Organization","@id":"https:\/\/shop.bantam.ch\/fr\/#organization","name":"Bantam Wankm\u00fcller SA","url":"https:\/\/shop.bantam.ch\/fr\/","logo":{"@type":"ImageObject","inLanguage":"fr-FR","@id":"https:\/\/shop.bantam.ch\/fr\/#\/schema\/logo\/image\/","url":"https:\/\/shop.bantam.ch\/wp-content\/uploads\/2022\/12\/bantam-logo.png","contentUrl":"https:\/\/shop.bantam.ch\/wp-content\/uploads\/2022\/12\/bantam-logo.png","width":320,"height":71,"caption":"Bantam Wankm\u00fcller SA"},"image":{"@id":"https:\/\/shop.bantam.ch\/fr\/#\/schema\/logo\/image\/"}}]}},"_links":{"self":[{"href":"https:\/\/shop.bantam.ch\/fr\/wp-json\/wp\/v2\/product\/231057","targetHints":{"allow":["GET"]}}],"collection":[{"href":"https:\/\/shop.bantam.ch\/fr\/wp-json\/wp\/v2\/product"}],"about":[{"href":"https:\/\/shop.bantam.ch\/fr\/wp-json\/wp\/v2\/types\/product"}],"wp:featuredmedia":[{"embeddable":true,"href":"https:\/\/shop.bantam.ch\/fr\/wp-json\/wp\/v2\/media\/231053"}],"wp:attachment":[{"href":"https:\/\/shop.bantam.ch\/fr\/wp-json\/wp\/v2\/media?parent=231057"}],"wp:term":[{"taxonomy":"product_featured_cat","embeddable":true,"href":"https:\/\/shop.bantam.ch\/fr\/wp-json\/wp\/v2\/product_featured_cat?post=231057"},{"taxonomy":"product_brand","embeddable":true,"href":"https:\/\/shop.bantam.ch\/fr\/wp-json\/wp\/v2\/product_brand?post=231057"},{"taxonomy":"product_cat","embeddable":true,"href":"https:\/\/shop.bantam.ch\/fr\/wp-json\/wp\/v2\/product_cat?post=231057"},{"taxonomy":"product_tag","embeddable":true,"href":"https:\/\/shop.bantam.ch\/fr\/wp-json\/wp\/v2\/product_tag?post=231057"}],"curies":[{"name":"wp","href":"https:\/\/api.w.org\/{rel}","templated":true}]}}