{"id":231033,"date":"2026-01-06T16:57:10","date_gmt":"2026-01-06T15:57:10","guid":{"rendered":"https:\/\/shop.bantam.ch\/produit\/chaise-pliante-sangria-van-gris\/"},"modified":"2026-04-18T23:55:43","modified_gmt":"2026-04-18T21:55:43","slug":"chaise-pliante-sangria-van-gris","status":"publish","type":"product","link":"https:\/\/shop.bantam.ch\/fr\/produit\/chaise-pliante-sangria-van-gris\/","title":{"rendered":"Chaise pliante SANGRIA VAN gris"},"content":{"rendered":"<p><!--StartFragment -->Version sp\u00e9ciale de la c\u00e9l\u00e8bre chaise Sangria, sp\u00e9cialement con\u00e7ue pour \u00eatre rang\u00e9e dans les fourgons T5-T6-T7 de VW. Ne pesant que 2,65 kg, son cadre pliable en forme de U assure un transport facile et un confort d&rsquo;utilisation. Le si\u00e8ge est dot\u00e9 d&rsquo;un m\u00e9canisme de verrouillage automatique avanc\u00e9 qui assure une stabilit\u00e9 exceptionnelle en s\u00e9curisant automatiquement les pieds arri\u00e8re. Le tissu de rev\u00eatement 3Durafeel Pro est un tissu tr\u00e8s sp\u00e9cial qui est utilis\u00e9 dans nos collections de chaises Travelounger, Rebel et Aravel Vitachic. Gr\u00e2ce \u00e0 sa perm\u00e9abilit\u00e9 \u00e0 l&rsquo;air et \u00e0 sa douceur pour la peau, il transforme le confort en une d\u00e9licieuse sensation d&rsquo;assise pour des heures de d\u00e9tente en plein air. De plus, 3Durafeel Pro s\u00e8che \u00e9tonnamment vite apr\u00e8s une l\u00e9g\u00e8re pluie et diffuse une agr\u00e9able atmosph\u00e8re de bien-\u00eatre sur l&rsquo;auvent, la terrasse ou le balcon. Et ce, de mani\u00e8re fiable pendant de nombreuses ann\u00e9es. Car 3Durafeel Pro est r\u00e9sistant \u00e0 la d\u00e9chirure et \u00e0 l&rsquo;abrasion, respirant, r\u00e9sistant \u00e0 la lumi\u00e8re et anti-salissures. Construction monocouche (type de tissage sp\u00e9cial).<\/p>\n<\/p>\n<p>Mat\u00e9riaux :<\/p>\n<p>Housse : 100 % polyester (3Durafeel Pro)<\/p>\n<p>Structure : aluminium<\/p>\n<p><!--EndFragment --><\/p>\n","protected":false},"excerpt":{"rendered":"<p>Version sp\u00e9ciale de la c\u00e9l\u00e8bre chaise Sangria, sp\u00e9cialement con\u00e7ue pour \u00eatre rang\u00e9e dans les fourgons T5-T6-T7 de VW. Ne pesant que 2,65 kg, son cadre pliable en forme de U assure un transport facile et un confort d&rsquo;utilisation. Le si\u00e8ge est dot\u00e9 d&rsquo;un m\u00e9canisme de verrouillage automatique avanc\u00e9 qui assure une stabilit\u00e9 exceptionnelle en s\u00e9curisant [&hellip;]<\/p>\n","protected":false},"featured_media":231029,"template":"","meta":{"_acf_changed":false},"product_featured_cat":[],"product_brand":[],"product_cat":[4971],"product_tag":[],"class_list":{"0":"post-231033","1":"product","2":"type-product","3":"status-publish","4":"has-post-thumbnail","6":"product_cat-chaises-de-camping","8":"first","9":"instock","10":"taxable","11":"shipping-taxable","12":"purchasable","13":"product-type-simple"},"acf":[],"yoast_head":"<!-- This site is optimized with the Yoast SEO plugin v27.4 - https:\/\/yoast.com\/product\/yoast-seo-wordpress\/ -->\n<title>Chaise pliante SANGRIA VAN gris - Bantam Wankm\u00fcller SA<\/title>\n<meta name=\"robots\" content=\"index, follow, max-snippet:-1, max-image-preview:large, max-video-preview:-1\" \/>\n<link rel=\"canonical\" href=\"https:\/\/shop.bantam.ch\/fr\/produit\/chaise-pliante-sangria-van-gris\/\" \/>\n<meta property=\"og:locale\" content=\"fr_FR\" \/>\n<meta property=\"og:type\" content=\"article\" \/>\n<meta property=\"og:title\" content=\"Chaise pliante SANGRIA VAN gris - Bantam Wankm\u00fcller SA\" \/>\n<meta property=\"og:description\" content=\"Version sp\u00e9ciale de la c\u00e9l\u00e8bre chaise Sangria, sp\u00e9cialement con\u00e7ue pour \u00eatre rang\u00e9e dans les fourgons T5-T6-T7 de VW. Ne pesant que 2,65 kg, son cadre pliable en forme de U assure un transport facile et un confort d&rsquo;utilisation. Le si\u00e8ge est dot\u00e9 d&rsquo;un m\u00e9canisme de verrouillage automatique avanc\u00e9 qui assure une stabilit\u00e9 exceptionnelle en s\u00e9curisant [&hellip;]\" \/>\n<meta property=\"og:url\" content=\"https:\/\/shop.bantam.ch\/fr\/produit\/chaise-pliante-sangria-van-gris\/\" \/>\n<meta property=\"og:site_name\" content=\"Bantam Wankm\u00fcller SA\" \/>\n<meta property=\"article:modified_time\" content=\"2026-04-18T21:55:43+00:00\" \/>\n<meta name=\"twitter:card\" content=\"summary_large_image\" \/>\n<meta name=\"twitter:label1\" content=\"Dur\u00e9e de lecture estim\u00e9e\" \/>\n\t<meta name=\"twitter:data1\" content=\"1 minute\" \/>\n<script type=\"application\/ld+json\" class=\"yoast-schema-graph\">{\"@context\":\"https:\\\/\\\/schema.org\",\"@graph\":[{\"@type\":\"WebPage\",\"@id\":\"https:\\\/\\\/shop.bantam.ch\\\/fr\\\/produit\\\/chaise-pliante-sangria-van-gris\\\/\",\"url\":\"https:\\\/\\\/shop.bantam.ch\\\/fr\\\/produit\\\/chaise-pliante-sangria-van-gris\\\/\",\"name\":\"Chaise pliante SANGRIA VAN gris - Bantam Wankm\u00fcller SA\",\"isPartOf\":{\"@id\":\"https:\\\/\\\/shop.bantam.ch\\\/fr\\\/#website\"},\"primaryImageOfPage\":{\"@id\":\"https:\\\/\\\/shop.bantam.ch\\\/fr\\\/produit\\\/chaise-pliante-sangria-van-gris\\\/#primaryimage\"},\"image\":{\"@id\":\"https:\\\/\\\/shop.bantam.ch\\\/fr\\\/produit\\\/chaise-pliante-sangria-van-gris\\\/#primaryimage\"},\"thumbnailUrl\":\"https:\\\/\\\/shop.bantam.ch\\\/wp-content\\\/uploads\\\/2026\\\/01\\\/Movera-L-9988059100.png\",\"datePublished\":\"2026-01-06T15:57:10+00:00\",\"dateModified\":\"2026-04-18T21:55:43+00:00\",\"breadcrumb\":{\"@id\":\"https:\\\/\\\/shop.bantam.ch\\\/fr\\\/produit\\\/chaise-pliante-sangria-van-gris\\\/#breadcrumb\"},\"inLanguage\":\"fr-FR\",\"potentialAction\":[{\"@type\":\"ReadAction\",\"target\":[\"https:\\\/\\\/shop.bantam.ch\\\/fr\\\/produit\\\/chaise-pliante-sangria-van-gris\\\/\"]}]},{\"@type\":\"ImageObject\",\"inLanguage\":\"fr-FR\",\"@id\":\"https:\\\/\\\/shop.bantam.ch\\\/fr\\\/produit\\\/chaise-pliante-sangria-van-gris\\\/#primaryimage\",\"url\":\"https:\\\/\\\/shop.bantam.ch\\\/wp-content\\\/uploads\\\/2026\\\/01\\\/Movera-L-9988059100.png\",\"contentUrl\":\"https:\\\/\\\/shop.bantam.ch\\\/wp-content\\\/uploads\\\/2026\\\/01\\\/Movera-L-9988059100.png\",\"width\":640,\"height\":929},{\"@type\":\"BreadcrumbList\",\"@id\":\"https:\\\/\\\/shop.bantam.ch\\\/fr\\\/produit\\\/chaise-pliante-sangria-van-gris\\\/#breadcrumb\",\"itemListElement\":[{\"@type\":\"ListItem\",\"position\":1,\"name\":\"Accueil\",\"item\":\"https:\\\/\\\/shop.bantam.ch\\\/fr\\\/\"},{\"@type\":\"ListItem\",\"position\":2,\"name\":\"Boutique\",\"item\":\"https:\\\/\\\/shop.bantam.ch\\\/fr\\\/boutique\\\/\"},{\"@type\":\"ListItem\",\"position\":3,\"name\":\"Chaise pliante SANGRIA VAN gris\"}]},{\"@type\":\"WebSite\",\"@id\":\"https:\\\/\\\/shop.bantam.ch\\\/fr\\\/#website\",\"url\":\"https:\\\/\\\/shop.bantam.ch\\\/fr\\\/\",\"name\":\"Bantam Wankm\u00fcller SA\",\"description\":\"\",\"publisher\":{\"@id\":\"https:\\\/\\\/shop.bantam.ch\\\/fr\\\/#organization\"},\"inLanguage\":\"fr-FR\"},{\"@type\":\"Organization\",\"@id\":\"https:\\\/\\\/shop.bantam.ch\\\/fr\\\/#organization\",\"name\":\"Bantam Wankm\u00fcller SA\",\"url\":\"https:\\\/\\\/shop.bantam.ch\\\/fr\\\/\",\"logo\":{\"@type\":\"ImageObject\",\"inLanguage\":\"fr-FR\",\"@id\":\"https:\\\/\\\/shop.bantam.ch\\\/fr\\\/#\\\/schema\\\/logo\\\/image\\\/\",\"url\":\"https:\\\/\\\/shop.bantam.ch\\\/wp-content\\\/uploads\\\/2022\\\/12\\\/bantam-logo.png\",\"contentUrl\":\"https:\\\/\\\/shop.bantam.ch\\\/wp-content\\\/uploads\\\/2022\\\/12\\\/bantam-logo.png\",\"width\":320,\"height\":71,\"caption\":\"Bantam Wankm\u00fcller SA\"},\"image\":{\"@id\":\"https:\\\/\\\/shop.bantam.ch\\\/fr\\\/#\\\/schema\\\/logo\\\/image\\\/\"}}]}<\/script>\n<!-- \/ Yoast SEO plugin. -->","yoast_head_json":{"title":"Chaise pliante SANGRIA VAN gris - Bantam Wankm\u00fcller SA","robots":{"index":"index","follow":"follow","max-snippet":"max-snippet:-1","max-image-preview":"max-image-preview:large","max-video-preview":"max-video-preview:-1"},"canonical":"https:\/\/shop.bantam.ch\/fr\/produit\/chaise-pliante-sangria-van-gris\/","og_locale":"fr_FR","og_type":"article","og_title":"Chaise pliante SANGRIA VAN gris - Bantam Wankm\u00fcller SA","og_description":"Version sp\u00e9ciale de la c\u00e9l\u00e8bre chaise Sangria, sp\u00e9cialement con\u00e7ue pour \u00eatre rang\u00e9e dans les fourgons T5-T6-T7 de VW. Ne pesant que 2,65 kg, son cadre pliable en forme de U assure un transport facile et un confort d&rsquo;utilisation. Le si\u00e8ge est dot\u00e9 d&rsquo;un m\u00e9canisme de verrouillage automatique avanc\u00e9 qui assure une stabilit\u00e9 exceptionnelle en s\u00e9curisant [&hellip;]","og_url":"https:\/\/shop.bantam.ch\/fr\/produit\/chaise-pliante-sangria-van-gris\/","og_site_name":"Bantam Wankm\u00fcller SA","article_modified_time":"2026-04-18T21:55:43+00:00","twitter_card":"summary_large_image","twitter_misc":{"Dur\u00e9e de lecture estim\u00e9e":"1 minute"},"schema":{"@context":"https:\/\/schema.org","@graph":[{"@type":"WebPage","@id":"https:\/\/shop.bantam.ch\/fr\/produit\/chaise-pliante-sangria-van-gris\/","url":"https:\/\/shop.bantam.ch\/fr\/produit\/chaise-pliante-sangria-van-gris\/","name":"Chaise pliante SANGRIA VAN gris - Bantam Wankm\u00fcller SA","isPartOf":{"@id":"https:\/\/shop.bantam.ch\/fr\/#website"},"primaryImageOfPage":{"@id":"https:\/\/shop.bantam.ch\/fr\/produit\/chaise-pliante-sangria-van-gris\/#primaryimage"},"image":{"@id":"https:\/\/shop.bantam.ch\/fr\/produit\/chaise-pliante-sangria-van-gris\/#primaryimage"},"thumbnailUrl":"https:\/\/shop.bantam.ch\/wp-content\/uploads\/2026\/01\/Movera-L-9988059100.png","datePublished":"2026-01-06T15:57:10+00:00","dateModified":"2026-04-18T21:55:43+00:00","breadcrumb":{"@id":"https:\/\/shop.bantam.ch\/fr\/produit\/chaise-pliante-sangria-van-gris\/#breadcrumb"},"inLanguage":"fr-FR","potentialAction":[{"@type":"ReadAction","target":["https:\/\/shop.bantam.ch\/fr\/produit\/chaise-pliante-sangria-van-gris\/"]}]},{"@type":"ImageObject","inLanguage":"fr-FR","@id":"https:\/\/shop.bantam.ch\/fr\/produit\/chaise-pliante-sangria-van-gris\/#primaryimage","url":"https:\/\/shop.bantam.ch\/wp-content\/uploads\/2026\/01\/Movera-L-9988059100.png","contentUrl":"https:\/\/shop.bantam.ch\/wp-content\/uploads\/2026\/01\/Movera-L-9988059100.png","width":640,"height":929},{"@type":"BreadcrumbList","@id":"https:\/\/shop.bantam.ch\/fr\/produit\/chaise-pliante-sangria-van-gris\/#breadcrumb","itemListElement":[{"@type":"ListItem","position":1,"name":"Accueil","item":"https:\/\/shop.bantam.ch\/fr\/"},{"@type":"ListItem","position":2,"name":"Boutique","item":"https:\/\/shop.bantam.ch\/fr\/boutique\/"},{"@type":"ListItem","position":3,"name":"Chaise pliante SANGRIA VAN gris"}]},{"@type":"WebSite","@id":"https:\/\/shop.bantam.ch\/fr\/#website","url":"https:\/\/shop.bantam.ch\/fr\/","name":"Bantam Wankm\u00fcller SA","description":"","publisher":{"@id":"https:\/\/shop.bantam.ch\/fr\/#organization"},"inLanguage":"fr-FR"},{"@type":"Organization","@id":"https:\/\/shop.bantam.ch\/fr\/#organization","name":"Bantam Wankm\u00fcller SA","url":"https:\/\/shop.bantam.ch\/fr\/","logo":{"@type":"ImageObject","inLanguage":"fr-FR","@id":"https:\/\/shop.bantam.ch\/fr\/#\/schema\/logo\/image\/","url":"https:\/\/shop.bantam.ch\/wp-content\/uploads\/2022\/12\/bantam-logo.png","contentUrl":"https:\/\/shop.bantam.ch\/wp-content\/uploads\/2022\/12\/bantam-logo.png","width":320,"height":71,"caption":"Bantam Wankm\u00fcller SA"},"image":{"@id":"https:\/\/shop.bantam.ch\/fr\/#\/schema\/logo\/image\/"}}]}},"_links":{"self":[{"href":"https:\/\/shop.bantam.ch\/fr\/wp-json\/wp\/v2\/product\/231033","targetHints":{"allow":["GET"]}}],"collection":[{"href":"https:\/\/shop.bantam.ch\/fr\/wp-json\/wp\/v2\/product"}],"about":[{"href":"https:\/\/shop.bantam.ch\/fr\/wp-json\/wp\/v2\/types\/product"}],"wp:featuredmedia":[{"embeddable":true,"href":"https:\/\/shop.bantam.ch\/fr\/wp-json\/wp\/v2\/media\/231029"}],"wp:attachment":[{"href":"https:\/\/shop.bantam.ch\/fr\/wp-json\/wp\/v2\/media?parent=231033"}],"wp:term":[{"taxonomy":"product_featured_cat","embeddable":true,"href":"https:\/\/shop.bantam.ch\/fr\/wp-json\/wp\/v2\/product_featured_cat?post=231033"},{"taxonomy":"product_brand","embeddable":true,"href":"https:\/\/shop.bantam.ch\/fr\/wp-json\/wp\/v2\/product_brand?post=231033"},{"taxonomy":"product_cat","embeddable":true,"href":"https:\/\/shop.bantam.ch\/fr\/wp-json\/wp\/v2\/product_cat?post=231033"},{"taxonomy":"product_tag","embeddable":true,"href":"https:\/\/shop.bantam.ch\/fr\/wp-json\/wp\/v2\/product_tag?post=231033"}],"curies":[{"name":"wp","href":"https:\/\/api.w.org\/{rel}","templated":true}]}}