{"id":231027,"date":"2026-01-06T16:57:03","date_gmt":"2026-01-06T15:57:03","guid":{"rendered":"https:\/\/shop.bantam.ch\/produit\/chaise-pliante-sangria-ng-gris-fonce\/"},"modified":"2026-04-18T23:55:43","modified_gmt":"2026-04-18T21:55:43","slug":"chaise-pliante-sangria-ng-gris-fonce","status":"publish","type":"product","link":"https:\/\/shop.bantam.ch\/fr\/produit\/chaise-pliante-sangria-ng-gris-fonce\/","title":{"rendered":"Chaise pliante SANGRIA NG gris fonc\u00e9"},"content":{"rendered":"<p><!--StartFragment -->Chaise d&rsquo;ext\u00e9rieur ultracompacte et l\u00e9g\u00e8re. Avec sa structure pliante en forme de U, cette chaise est parfaite pour vos sorties en camping. Avec un poids de seulement 2,8 kg, elle est facile \u00e0 transporter et offre un grand confort d&rsquo;assise. \u00c9quip\u00e9e d&rsquo;un nouveau m\u00e9canisme de verrouillage automatique, elle bloque automatiquement les pieds arri\u00e8re pour plus de stabilit\u00e9. Il est id\u00e9al pour les campeurs, les propri\u00e9taires de van et tous ceux qui aiment passer du temps en pleine nature et qui ont peu d&rsquo;espace de rangement. Syst\u00e8me de verrouillage de s\u00e9curit\u00e9 automatique innovant pour la chaise pliante Brunner Sangria NG. Ce m\u00e9canisme avanc\u00e9 permet de verrouiller en toute s\u00e9curit\u00e9 le pied arri\u00e8re de la chaise et d&rsquo;\u00e9viter un pliage involontaire qui pourrait entra\u00eener un risque de chute. Ax\u00e9e sur la s\u00e9curit\u00e9 de l&rsquo;utilisateur, cette fonction offre stabilit\u00e9 et confiance lors de l&rsquo;utilisation de la chaise. Profitez de la s\u00e9curit\u00e9 et de la fonctionnalit\u00e9 de la chaise Brunner Sangria NG.<\/p>\n<\/p>\n<p>Mat\u00e9riaux :<\/p>\n<p>Housse : 100 % polyester (3Durafeel Pro)<\/p>\n<p>Structure : aluminium<\/p>\n<p><!--EndFragment --><\/p>\n","protected":false},"excerpt":{"rendered":"<p>Chaise d&rsquo;ext\u00e9rieur ultracompacte et l\u00e9g\u00e8re. Avec sa structure pliante en forme de U, cette chaise est parfaite pour vos sorties en camping. Avec un poids de seulement 2,8 kg, elle est facile \u00e0 transporter et offre un grand confort d&rsquo;assise. \u00c9quip\u00e9e d&rsquo;un nouveau m\u00e9canisme de verrouillage automatique, elle bloque automatiquement les pieds arri\u00e8re pour plus [&hellip;]<\/p>\n","protected":false},"featured_media":231025,"template":"","meta":{"_acf_changed":false},"product_featured_cat":[],"product_brand":[],"product_cat":[4971],"product_tag":[],"class_list":{"0":"post-231027","1":"product","2":"type-product","3":"status-publish","4":"has-post-thumbnail","6":"product_cat-chaises-de-camping","8":"first","9":"instock","10":"taxable","11":"shipping-taxable","12":"purchasable","13":"product-type-simple"},"acf":[],"yoast_head":"<!-- This site is optimized with the Yoast SEO plugin v27.4 - https:\/\/yoast.com\/product\/yoast-seo-wordpress\/ -->\n<title>Chaise pliante SANGRIA NG gris fonc\u00e9 - Bantam Wankm\u00fcller SA<\/title>\n<meta name=\"robots\" content=\"index, follow, max-snippet:-1, max-image-preview:large, max-video-preview:-1\" \/>\n<link rel=\"canonical\" href=\"https:\/\/shop.bantam.ch\/fr\/produit\/chaise-pliante-sangria-ng-gris-fonce\/\" \/>\n<meta property=\"og:locale\" content=\"fr_FR\" \/>\n<meta property=\"og:type\" content=\"article\" \/>\n<meta property=\"og:title\" content=\"Chaise pliante SANGRIA NG gris fonc\u00e9 - Bantam Wankm\u00fcller SA\" \/>\n<meta property=\"og:description\" content=\"Chaise d&rsquo;ext\u00e9rieur ultracompacte et l\u00e9g\u00e8re. Avec sa structure pliante en forme de U, cette chaise est parfaite pour vos sorties en camping. Avec un poids de seulement 2,8 kg, elle est facile \u00e0 transporter et offre un grand confort d&rsquo;assise. \u00c9quip\u00e9e d&rsquo;un nouveau m\u00e9canisme de verrouillage automatique, elle bloque automatiquement les pieds arri\u00e8re pour plus [&hellip;]\" \/>\n<meta property=\"og:url\" content=\"https:\/\/shop.bantam.ch\/fr\/produit\/chaise-pliante-sangria-ng-gris-fonce\/\" \/>\n<meta property=\"og:site_name\" content=\"Bantam Wankm\u00fcller SA\" \/>\n<meta property=\"article:modified_time\" content=\"2026-04-18T21:55:43+00:00\" \/>\n<meta name=\"twitter:card\" content=\"summary_large_image\" \/>\n<meta name=\"twitter:label1\" content=\"Dur\u00e9e de lecture estim\u00e9e\" \/>\n\t<meta name=\"twitter:data1\" content=\"1 minute\" \/>\n<script type=\"application\/ld+json\" class=\"yoast-schema-graph\">{\"@context\":\"https:\\\/\\\/schema.org\",\"@graph\":[{\"@type\":\"WebPage\",\"@id\":\"https:\\\/\\\/shop.bantam.ch\\\/fr\\\/produit\\\/chaise-pliante-sangria-ng-gris-fonce\\\/\",\"url\":\"https:\\\/\\\/shop.bantam.ch\\\/fr\\\/produit\\\/chaise-pliante-sangria-ng-gris-fonce\\\/\",\"name\":\"Chaise pliante SANGRIA NG gris fonc\u00e9 - Bantam Wankm\u00fcller SA\",\"isPartOf\":{\"@id\":\"https:\\\/\\\/shop.bantam.ch\\\/fr\\\/#website\"},\"primaryImageOfPage\":{\"@id\":\"https:\\\/\\\/shop.bantam.ch\\\/fr\\\/produit\\\/chaise-pliante-sangria-ng-gris-fonce\\\/#primaryimage\"},\"image\":{\"@id\":\"https:\\\/\\\/shop.bantam.ch\\\/fr\\\/produit\\\/chaise-pliante-sangria-ng-gris-fonce\\\/#primaryimage\"},\"thumbnailUrl\":\"https:\\\/\\\/shop.bantam.ch\\\/wp-content\\\/uploads\\\/2026\\\/01\\\/Movera-L-9988058100.jpg\",\"datePublished\":\"2026-01-06T15:57:03+00:00\",\"dateModified\":\"2026-04-18T21:55:43+00:00\",\"breadcrumb\":{\"@id\":\"https:\\\/\\\/shop.bantam.ch\\\/fr\\\/produit\\\/chaise-pliante-sangria-ng-gris-fonce\\\/#breadcrumb\"},\"inLanguage\":\"fr-FR\",\"potentialAction\":[{\"@type\":\"ReadAction\",\"target\":[\"https:\\\/\\\/shop.bantam.ch\\\/fr\\\/produit\\\/chaise-pliante-sangria-ng-gris-fonce\\\/\"]}]},{\"@type\":\"ImageObject\",\"inLanguage\":\"fr-FR\",\"@id\":\"https:\\\/\\\/shop.bantam.ch\\\/fr\\\/produit\\\/chaise-pliante-sangria-ng-gris-fonce\\\/#primaryimage\",\"url\":\"https:\\\/\\\/shop.bantam.ch\\\/wp-content\\\/uploads\\\/2026\\\/01\\\/Movera-L-9988058100.jpg\",\"contentUrl\":\"https:\\\/\\\/shop.bantam.ch\\\/wp-content\\\/uploads\\\/2026\\\/01\\\/Movera-L-9988058100.jpg\",\"width\":640,\"height\":939},{\"@type\":\"BreadcrumbList\",\"@id\":\"https:\\\/\\\/shop.bantam.ch\\\/fr\\\/produit\\\/chaise-pliante-sangria-ng-gris-fonce\\\/#breadcrumb\",\"itemListElement\":[{\"@type\":\"ListItem\",\"position\":1,\"name\":\"Accueil\",\"item\":\"https:\\\/\\\/shop.bantam.ch\\\/fr\\\/\"},{\"@type\":\"ListItem\",\"position\":2,\"name\":\"Boutique\",\"item\":\"https:\\\/\\\/shop.bantam.ch\\\/fr\\\/boutique\\\/\"},{\"@type\":\"ListItem\",\"position\":3,\"name\":\"Chaise pliante SANGRIA NG gris fonc\u00e9\"}]},{\"@type\":\"WebSite\",\"@id\":\"https:\\\/\\\/shop.bantam.ch\\\/fr\\\/#website\",\"url\":\"https:\\\/\\\/shop.bantam.ch\\\/fr\\\/\",\"name\":\"Bantam Wankm\u00fcller SA\",\"description\":\"\",\"publisher\":{\"@id\":\"https:\\\/\\\/shop.bantam.ch\\\/fr\\\/#organization\"},\"inLanguage\":\"fr-FR\"},{\"@type\":\"Organization\",\"@id\":\"https:\\\/\\\/shop.bantam.ch\\\/fr\\\/#organization\",\"name\":\"Bantam Wankm\u00fcller SA\",\"url\":\"https:\\\/\\\/shop.bantam.ch\\\/fr\\\/\",\"logo\":{\"@type\":\"ImageObject\",\"inLanguage\":\"fr-FR\",\"@id\":\"https:\\\/\\\/shop.bantam.ch\\\/fr\\\/#\\\/schema\\\/logo\\\/image\\\/\",\"url\":\"https:\\\/\\\/shop.bantam.ch\\\/wp-content\\\/uploads\\\/2022\\\/12\\\/bantam-logo.png\",\"contentUrl\":\"https:\\\/\\\/shop.bantam.ch\\\/wp-content\\\/uploads\\\/2022\\\/12\\\/bantam-logo.png\",\"width\":320,\"height\":71,\"caption\":\"Bantam Wankm\u00fcller SA\"},\"image\":{\"@id\":\"https:\\\/\\\/shop.bantam.ch\\\/fr\\\/#\\\/schema\\\/logo\\\/image\\\/\"}}]}<\/script>\n<!-- \/ Yoast SEO plugin. -->","yoast_head_json":{"title":"Chaise pliante SANGRIA NG gris fonc\u00e9 - Bantam Wankm\u00fcller SA","robots":{"index":"index","follow":"follow","max-snippet":"max-snippet:-1","max-image-preview":"max-image-preview:large","max-video-preview":"max-video-preview:-1"},"canonical":"https:\/\/shop.bantam.ch\/fr\/produit\/chaise-pliante-sangria-ng-gris-fonce\/","og_locale":"fr_FR","og_type":"article","og_title":"Chaise pliante SANGRIA NG gris fonc\u00e9 - Bantam Wankm\u00fcller SA","og_description":"Chaise d&rsquo;ext\u00e9rieur ultracompacte et l\u00e9g\u00e8re. Avec sa structure pliante en forme de U, cette chaise est parfaite pour vos sorties en camping. Avec un poids de seulement 2,8 kg, elle est facile \u00e0 transporter et offre un grand confort d&rsquo;assise. \u00c9quip\u00e9e d&rsquo;un nouveau m\u00e9canisme de verrouillage automatique, elle bloque automatiquement les pieds arri\u00e8re pour plus [&hellip;]","og_url":"https:\/\/shop.bantam.ch\/fr\/produit\/chaise-pliante-sangria-ng-gris-fonce\/","og_site_name":"Bantam Wankm\u00fcller SA","article_modified_time":"2026-04-18T21:55:43+00:00","twitter_card":"summary_large_image","twitter_misc":{"Dur\u00e9e de lecture estim\u00e9e":"1 minute"},"schema":{"@context":"https:\/\/schema.org","@graph":[{"@type":"WebPage","@id":"https:\/\/shop.bantam.ch\/fr\/produit\/chaise-pliante-sangria-ng-gris-fonce\/","url":"https:\/\/shop.bantam.ch\/fr\/produit\/chaise-pliante-sangria-ng-gris-fonce\/","name":"Chaise pliante SANGRIA NG gris fonc\u00e9 - Bantam Wankm\u00fcller SA","isPartOf":{"@id":"https:\/\/shop.bantam.ch\/fr\/#website"},"primaryImageOfPage":{"@id":"https:\/\/shop.bantam.ch\/fr\/produit\/chaise-pliante-sangria-ng-gris-fonce\/#primaryimage"},"image":{"@id":"https:\/\/shop.bantam.ch\/fr\/produit\/chaise-pliante-sangria-ng-gris-fonce\/#primaryimage"},"thumbnailUrl":"https:\/\/shop.bantam.ch\/wp-content\/uploads\/2026\/01\/Movera-L-9988058100.jpg","datePublished":"2026-01-06T15:57:03+00:00","dateModified":"2026-04-18T21:55:43+00:00","breadcrumb":{"@id":"https:\/\/shop.bantam.ch\/fr\/produit\/chaise-pliante-sangria-ng-gris-fonce\/#breadcrumb"},"inLanguage":"fr-FR","potentialAction":[{"@type":"ReadAction","target":["https:\/\/shop.bantam.ch\/fr\/produit\/chaise-pliante-sangria-ng-gris-fonce\/"]}]},{"@type":"ImageObject","inLanguage":"fr-FR","@id":"https:\/\/shop.bantam.ch\/fr\/produit\/chaise-pliante-sangria-ng-gris-fonce\/#primaryimage","url":"https:\/\/shop.bantam.ch\/wp-content\/uploads\/2026\/01\/Movera-L-9988058100.jpg","contentUrl":"https:\/\/shop.bantam.ch\/wp-content\/uploads\/2026\/01\/Movera-L-9988058100.jpg","width":640,"height":939},{"@type":"BreadcrumbList","@id":"https:\/\/shop.bantam.ch\/fr\/produit\/chaise-pliante-sangria-ng-gris-fonce\/#breadcrumb","itemListElement":[{"@type":"ListItem","position":1,"name":"Accueil","item":"https:\/\/shop.bantam.ch\/fr\/"},{"@type":"ListItem","position":2,"name":"Boutique","item":"https:\/\/shop.bantam.ch\/fr\/boutique\/"},{"@type":"ListItem","position":3,"name":"Chaise pliante SANGRIA NG gris fonc\u00e9"}]},{"@type":"WebSite","@id":"https:\/\/shop.bantam.ch\/fr\/#website","url":"https:\/\/shop.bantam.ch\/fr\/","name":"Bantam Wankm\u00fcller SA","description":"","publisher":{"@id":"https:\/\/shop.bantam.ch\/fr\/#organization"},"inLanguage":"fr-FR"},{"@type":"Organization","@id":"https:\/\/shop.bantam.ch\/fr\/#organization","name":"Bantam Wankm\u00fcller SA","url":"https:\/\/shop.bantam.ch\/fr\/","logo":{"@type":"ImageObject","inLanguage":"fr-FR","@id":"https:\/\/shop.bantam.ch\/fr\/#\/schema\/logo\/image\/","url":"https:\/\/shop.bantam.ch\/wp-content\/uploads\/2022\/12\/bantam-logo.png","contentUrl":"https:\/\/shop.bantam.ch\/wp-content\/uploads\/2022\/12\/bantam-logo.png","width":320,"height":71,"caption":"Bantam Wankm\u00fcller SA"},"image":{"@id":"https:\/\/shop.bantam.ch\/fr\/#\/schema\/logo\/image\/"}}]}},"_links":{"self":[{"href":"https:\/\/shop.bantam.ch\/fr\/wp-json\/wp\/v2\/product\/231027","targetHints":{"allow":["GET"]}}],"collection":[{"href":"https:\/\/shop.bantam.ch\/fr\/wp-json\/wp\/v2\/product"}],"about":[{"href":"https:\/\/shop.bantam.ch\/fr\/wp-json\/wp\/v2\/types\/product"}],"wp:featuredmedia":[{"embeddable":true,"href":"https:\/\/shop.bantam.ch\/fr\/wp-json\/wp\/v2\/media\/231025"}],"wp:attachment":[{"href":"https:\/\/shop.bantam.ch\/fr\/wp-json\/wp\/v2\/media?parent=231027"}],"wp:term":[{"taxonomy":"product_featured_cat","embeddable":true,"href":"https:\/\/shop.bantam.ch\/fr\/wp-json\/wp\/v2\/product_featured_cat?post=231027"},{"taxonomy":"product_brand","embeddable":true,"href":"https:\/\/shop.bantam.ch\/fr\/wp-json\/wp\/v2\/product_brand?post=231027"},{"taxonomy":"product_cat","embeddable":true,"href":"https:\/\/shop.bantam.ch\/fr\/wp-json\/wp\/v2\/product_cat?post=231027"},{"taxonomy":"product_tag","embeddable":true,"href":"https:\/\/shop.bantam.ch\/fr\/wp-json\/wp\/v2\/product_tag?post=231027"}],"curies":[{"name":"wp","href":"https:\/\/api.w.org\/{rel}","templated":true}]}}