{"id":231019,"date":"2026-01-06T16:56:51","date_gmt":"2026-01-06T15:56:51","guid":{"rendered":"https:\/\/shop.bantam.ch\/produit\/lampe-frontale-tabit-ng-gris-fonce-noir\/"},"modified":"2026-05-11T23:49:40","modified_gmt":"2026-05-11T21:49:40","slug":"lampe-frontale-tabit-ng-gris-fonce-noir","status":"publish","type":"product","link":"https:\/\/shop.bantam.ch\/fr\/produit\/lampe-frontale-tabit-ng-gris-fonce-noir\/","title":{"rendered":"Lampe frontale TABIT NG gris fonc\u00e9\/noir"},"content":{"rendered":"<p><!--StartFragment -->Lampe frontale l\u00e9g\u00e8re \u00e0 \u00e9clairage blanc et rouge pour l&rsquo;ext\u00e9rieur, con\u00e7ue par des experts pour les aventuriers et les passionn\u00e9s de plein air. \u00c9quip\u00e9e d&rsquo;une puissante lampe LED, cette lampe frontale offre un \u00e9clairage exceptionnel et garantit une vision claire m\u00eame dans les conditions les plus sombres. La sangle r\u00e9glable garantit un ajustement confortable pour tous les utilisateurs, tandis que la construction robuste mais l\u00e9g\u00e8re en ABS la rend id\u00e9ale pour un port prolong\u00e9. Cette lampe frontale rechargeable est parfaite pour le camping, la randonn\u00e9e ou d&rsquo;autres activit\u00e9s de plein air o\u00f9 vous devez avoir les deux mains libres. Gr\u00e2ce \u00e0 sa construction robuste et \u00e0 ses fonctionnalit\u00e9s polyvalentes, vous pouvez compter sur notre lampe frontale pour \u00e9clairer votre chemin et am\u00e9liorer vos exp\u00e9riences en plein air.<\/p>\n<\/p>\n<p>Caract\u00e9ristiques :<\/p>\n<ul>\n<li>500mAh &#8211; 14500 Li-Ion<\/li>\n<li>150 lumens<\/li>\n<\/ul>\n<p><!--EndFragment --><\/p>\n","protected":false},"excerpt":{"rendered":"<p>Lampe frontale l\u00e9g\u00e8re \u00e0 \u00e9clairage blanc et rouge pour l&rsquo;ext\u00e9rieur, con\u00e7ue par des experts pour les aventuriers et les passionn\u00e9s de plein air. \u00c9quip\u00e9e d&rsquo;une puissante lampe LED, cette lampe frontale offre un \u00e9clairage exceptionnel et garantit une vision claire m\u00eame dans les conditions les plus sombres. La sangle r\u00e9glable garantit un ajustement confortable pour [&hellip;]<\/p>\n","protected":false},"featured_media":231015,"template":"","meta":{"_acf_changed":false},"product_featured_cat":[],"product_brand":[],"product_cat":[4373],"product_tag":[],"class_list":{"0":"post-231019","1":"product","2":"type-product","3":"status-publish","4":"has-post-thumbnail","6":"product_cat-lampes-frontales","8":"first","9":"instock","10":"taxable","11":"shipping-taxable","12":"purchasable","13":"product-type-simple"},"acf":[],"yoast_head":"<!-- This site is optimized with the Yoast SEO plugin v27.5 - https:\/\/yoast.com\/product\/yoast-seo-wordpress\/ -->\n<title>Lampe frontale TABIT NG gris fonc\u00e9\/noir - Bantam<\/title>\n<meta name=\"robots\" content=\"index, follow, max-snippet:-1, max-image-preview:large, max-video-preview:-1\" \/>\n<link rel=\"canonical\" href=\"https:\/\/shop.bantam.ch\/fr\/produit\/lampe-frontale-tabit-ng-gris-fonce-noir\/\" \/>\n<meta property=\"og:locale\" content=\"fr_FR\" \/>\n<meta property=\"og:type\" content=\"article\" \/>\n<meta property=\"og:title\" content=\"Lampe frontale TABIT NG gris fonc\u00e9\/noir - Bantam\" \/>\n<meta property=\"og:description\" content=\"Lampe frontale l\u00e9g\u00e8re \u00e0 \u00e9clairage blanc et rouge pour l&rsquo;ext\u00e9rieur, con\u00e7ue par des experts pour les aventuriers et les passionn\u00e9s de plein air. \u00c9quip\u00e9e d&rsquo;une puissante lampe LED, cette lampe frontale offre un \u00e9clairage exceptionnel et garantit une vision claire m\u00eame dans les conditions les plus sombres. La sangle r\u00e9glable garantit un ajustement confortable pour [&hellip;]\" \/>\n<meta property=\"og:url\" content=\"https:\/\/shop.bantam.ch\/fr\/produit\/lampe-frontale-tabit-ng-gris-fonce-noir\/\" \/>\n<meta property=\"og:site_name\" content=\"Bantam\" \/>\n<meta property=\"article:modified_time\" content=\"2026-05-11T21:49:40+00:00\" \/>\n<meta name=\"twitter:card\" content=\"summary_large_image\" \/>\n<meta name=\"twitter:label1\" content=\"Dur\u00e9e de lecture estim\u00e9e\" \/>\n\t<meta name=\"twitter:data1\" content=\"1 minute\" \/>\n<script type=\"application\/ld+json\" class=\"yoast-schema-graph\">{\"@context\":\"https:\\\/\\\/schema.org\",\"@graph\":[{\"@type\":\"WebPage\",\"@id\":\"https:\\\/\\\/shop.bantam.ch\\\/fr\\\/produit\\\/lampe-frontale-tabit-ng-gris-fonce-noir\\\/\",\"url\":\"https:\\\/\\\/shop.bantam.ch\\\/fr\\\/produit\\\/lampe-frontale-tabit-ng-gris-fonce-noir\\\/\",\"name\":\"Lampe frontale TABIT NG gris fonc\u00e9\\\/noir - Bantam\",\"isPartOf\":{\"@id\":\"https:\\\/\\\/shop.bantam.ch\\\/fr\\\/#website\"},\"primaryImageOfPage\":{\"@id\":\"https:\\\/\\\/shop.bantam.ch\\\/fr\\\/produit\\\/lampe-frontale-tabit-ng-gris-fonce-noir\\\/#primaryimage\"},\"image\":{\"@id\":\"https:\\\/\\\/shop.bantam.ch\\\/fr\\\/produit\\\/lampe-frontale-tabit-ng-gris-fonce-noir\\\/#primaryimage\"},\"thumbnailUrl\":\"https:\\\/\\\/shop.bantam.ch\\\/wp-content\\\/uploads\\\/2026\\\/01\\\/Movera-L-9988038100.png\",\"datePublished\":\"2026-01-06T15:56:51+00:00\",\"dateModified\":\"2026-05-11T21:49:40+00:00\",\"breadcrumb\":{\"@id\":\"https:\\\/\\\/shop.bantam.ch\\\/fr\\\/produit\\\/lampe-frontale-tabit-ng-gris-fonce-noir\\\/#breadcrumb\"},\"inLanguage\":\"fr-FR\",\"potentialAction\":[{\"@type\":\"ReadAction\",\"target\":[\"https:\\\/\\\/shop.bantam.ch\\\/fr\\\/produit\\\/lampe-frontale-tabit-ng-gris-fonce-noir\\\/\"]}]},{\"@type\":\"ImageObject\",\"inLanguage\":\"fr-FR\",\"@id\":\"https:\\\/\\\/shop.bantam.ch\\\/fr\\\/produit\\\/lampe-frontale-tabit-ng-gris-fonce-noir\\\/#primaryimage\",\"url\":\"https:\\\/\\\/shop.bantam.ch\\\/wp-content\\\/uploads\\\/2026\\\/01\\\/Movera-L-9988038100.png\",\"contentUrl\":\"https:\\\/\\\/shop.bantam.ch\\\/wp-content\\\/uploads\\\/2026\\\/01\\\/Movera-L-9988038100.png\",\"width\":640,\"height\":222},{\"@type\":\"BreadcrumbList\",\"@id\":\"https:\\\/\\\/shop.bantam.ch\\\/fr\\\/produit\\\/lampe-frontale-tabit-ng-gris-fonce-noir\\\/#breadcrumb\",\"itemListElement\":[{\"@type\":\"ListItem\",\"position\":1,\"name\":\"Accueil\",\"item\":\"https:\\\/\\\/shop.bantam.ch\\\/fr\\\/\"},{\"@type\":\"ListItem\",\"position\":2,\"name\":\"Boutique\",\"item\":\"https:\\\/\\\/shop.bantam.ch\\\/fr\\\/boutique\\\/\"},{\"@type\":\"ListItem\",\"position\":3,\"name\":\"Lampe frontale TABIT NG gris fonc\u00e9\\\/noir\"}]},{\"@type\":\"WebSite\",\"@id\":\"https:\\\/\\\/shop.bantam.ch\\\/fr\\\/#website\",\"url\":\"https:\\\/\\\/shop.bantam.ch\\\/fr\\\/\",\"name\":\"Bantam\",\"description\":\"\",\"publisher\":{\"@id\":\"https:\\\/\\\/shop.bantam.ch\\\/fr\\\/#organization\"},\"inLanguage\":\"fr-FR\"},{\"@type\":\"Organization\",\"@id\":\"https:\\\/\\\/shop.bantam.ch\\\/fr\\\/#organization\",\"name\":\"Bantam\",\"url\":\"https:\\\/\\\/shop.bantam.ch\\\/fr\\\/\",\"logo\":{\"@type\":\"ImageObject\",\"inLanguage\":\"fr-FR\",\"@id\":\"https:\\\/\\\/shop.bantam.ch\\\/fr\\\/#\\\/schema\\\/logo\\\/image\\\/\",\"url\":\"https:\\\/\\\/shop.bantam.ch\\\/wp-content\\\/uploads\\\/2022\\\/12\\\/bantam-logo.png\",\"contentUrl\":\"https:\\\/\\\/shop.bantam.ch\\\/wp-content\\\/uploads\\\/2022\\\/12\\\/bantam-logo.png\",\"width\":320,\"height\":71,\"caption\":\"Bantam\"},\"image\":{\"@id\":\"https:\\\/\\\/shop.bantam.ch\\\/fr\\\/#\\\/schema\\\/logo\\\/image\\\/\"}}]}<\/script>\n<!-- \/ Yoast SEO plugin. -->","yoast_head_json":{"title":"Lampe frontale TABIT NG gris fonc\u00e9\/noir - Bantam","robots":{"index":"index","follow":"follow","max-snippet":"max-snippet:-1","max-image-preview":"max-image-preview:large","max-video-preview":"max-video-preview:-1"},"canonical":"https:\/\/shop.bantam.ch\/fr\/produit\/lampe-frontale-tabit-ng-gris-fonce-noir\/","og_locale":"fr_FR","og_type":"article","og_title":"Lampe frontale TABIT NG gris fonc\u00e9\/noir - Bantam","og_description":"Lampe frontale l\u00e9g\u00e8re \u00e0 \u00e9clairage blanc et rouge pour l&rsquo;ext\u00e9rieur, con\u00e7ue par des experts pour les aventuriers et les passionn\u00e9s de plein air. \u00c9quip\u00e9e d&rsquo;une puissante lampe LED, cette lampe frontale offre un \u00e9clairage exceptionnel et garantit une vision claire m\u00eame dans les conditions les plus sombres. La sangle r\u00e9glable garantit un ajustement confortable pour [&hellip;]","og_url":"https:\/\/shop.bantam.ch\/fr\/produit\/lampe-frontale-tabit-ng-gris-fonce-noir\/","og_site_name":"Bantam","article_modified_time":"2026-05-11T21:49:40+00:00","twitter_card":"summary_large_image","twitter_misc":{"Dur\u00e9e de lecture estim\u00e9e":"1 minute"},"schema":{"@context":"https:\/\/schema.org","@graph":[{"@type":"WebPage","@id":"https:\/\/shop.bantam.ch\/fr\/produit\/lampe-frontale-tabit-ng-gris-fonce-noir\/","url":"https:\/\/shop.bantam.ch\/fr\/produit\/lampe-frontale-tabit-ng-gris-fonce-noir\/","name":"Lampe frontale TABIT NG gris fonc\u00e9\/noir - Bantam","isPartOf":{"@id":"https:\/\/shop.bantam.ch\/fr\/#website"},"primaryImageOfPage":{"@id":"https:\/\/shop.bantam.ch\/fr\/produit\/lampe-frontale-tabit-ng-gris-fonce-noir\/#primaryimage"},"image":{"@id":"https:\/\/shop.bantam.ch\/fr\/produit\/lampe-frontale-tabit-ng-gris-fonce-noir\/#primaryimage"},"thumbnailUrl":"https:\/\/shop.bantam.ch\/wp-content\/uploads\/2026\/01\/Movera-L-9988038100.png","datePublished":"2026-01-06T15:56:51+00:00","dateModified":"2026-05-11T21:49:40+00:00","breadcrumb":{"@id":"https:\/\/shop.bantam.ch\/fr\/produit\/lampe-frontale-tabit-ng-gris-fonce-noir\/#breadcrumb"},"inLanguage":"fr-FR","potentialAction":[{"@type":"ReadAction","target":["https:\/\/shop.bantam.ch\/fr\/produit\/lampe-frontale-tabit-ng-gris-fonce-noir\/"]}]},{"@type":"ImageObject","inLanguage":"fr-FR","@id":"https:\/\/shop.bantam.ch\/fr\/produit\/lampe-frontale-tabit-ng-gris-fonce-noir\/#primaryimage","url":"https:\/\/shop.bantam.ch\/wp-content\/uploads\/2026\/01\/Movera-L-9988038100.png","contentUrl":"https:\/\/shop.bantam.ch\/wp-content\/uploads\/2026\/01\/Movera-L-9988038100.png","width":640,"height":222},{"@type":"BreadcrumbList","@id":"https:\/\/shop.bantam.ch\/fr\/produit\/lampe-frontale-tabit-ng-gris-fonce-noir\/#breadcrumb","itemListElement":[{"@type":"ListItem","position":1,"name":"Accueil","item":"https:\/\/shop.bantam.ch\/fr\/"},{"@type":"ListItem","position":2,"name":"Boutique","item":"https:\/\/shop.bantam.ch\/fr\/boutique\/"},{"@type":"ListItem","position":3,"name":"Lampe frontale TABIT NG gris fonc\u00e9\/noir"}]},{"@type":"WebSite","@id":"https:\/\/shop.bantam.ch\/fr\/#website","url":"https:\/\/shop.bantam.ch\/fr\/","name":"Bantam","description":"","publisher":{"@id":"https:\/\/shop.bantam.ch\/fr\/#organization"},"inLanguage":"fr-FR"},{"@type":"Organization","@id":"https:\/\/shop.bantam.ch\/fr\/#organization","name":"Bantam","url":"https:\/\/shop.bantam.ch\/fr\/","logo":{"@type":"ImageObject","inLanguage":"fr-FR","@id":"https:\/\/shop.bantam.ch\/fr\/#\/schema\/logo\/image\/","url":"https:\/\/shop.bantam.ch\/wp-content\/uploads\/2022\/12\/bantam-logo.png","contentUrl":"https:\/\/shop.bantam.ch\/wp-content\/uploads\/2022\/12\/bantam-logo.png","width":320,"height":71,"caption":"Bantam"},"image":{"@id":"https:\/\/shop.bantam.ch\/fr\/#\/schema\/logo\/image\/"}}]}},"_links":{"self":[{"href":"https:\/\/shop.bantam.ch\/fr\/wp-json\/wp\/v2\/product\/231019","targetHints":{"allow":["GET"]}}],"collection":[{"href":"https:\/\/shop.bantam.ch\/fr\/wp-json\/wp\/v2\/product"}],"about":[{"href":"https:\/\/shop.bantam.ch\/fr\/wp-json\/wp\/v2\/types\/product"}],"wp:featuredmedia":[{"embeddable":true,"href":"https:\/\/shop.bantam.ch\/fr\/wp-json\/wp\/v2\/media\/231015"}],"wp:attachment":[{"href":"https:\/\/shop.bantam.ch\/fr\/wp-json\/wp\/v2\/media?parent=231019"}],"wp:term":[{"taxonomy":"product_featured_cat","embeddable":true,"href":"https:\/\/shop.bantam.ch\/fr\/wp-json\/wp\/v2\/product_featured_cat?post=231019"},{"taxonomy":"product_brand","embeddable":true,"href":"https:\/\/shop.bantam.ch\/fr\/wp-json\/wp\/v2\/product_brand?post=231019"},{"taxonomy":"product_cat","embeddable":true,"href":"https:\/\/shop.bantam.ch\/fr\/wp-json\/wp\/v2\/product_cat?post=231019"},{"taxonomy":"product_tag","embeddable":true,"href":"https:\/\/shop.bantam.ch\/fr\/wp-json\/wp\/v2\/product_tag?post=231019"}],"curies":[{"name":"wp","href":"https:\/\/api.w.org\/{rel}","templated":true}]}}