{"id":230773,"date":"2026-01-06T16:51:35","date_gmt":"2026-01-06T15:51:35","guid":{"rendered":"https:\/\/shop.bantam.ch\/produit\/protection-thermique-roadbaker-roadclips-set-de-2-pieces-orange\/"},"modified":"2026-04-18T23:55:07","modified_gmt":"2026-04-18T21:55:07","slug":"protection-thermique-roadbaker-roadclips-set-de-2-pieces-orange","status":"publish","type":"product","link":"https:\/\/shop.bantam.ch\/fr\/produit\/protection-thermique-roadbaker-roadclips-set-de-2-pieces-orange\/","title":{"rendered":"Protection thermique RoadBaker RoadClips set de 2 pi\u00e8ces orange"},"content":{"rendered":"<ul>\n<li>RoadClips &#8211; 2 pi\u00e8ces, support de poign\u00e9e chaude en silicone, support de casserole, r\u00e9sistant \u00e0 la chaleur, protection contre la chaleur, support de poign\u00e9e auxiliaire, poign\u00e9e de casserole, protection de poign\u00e9e, poign\u00e9e de serrage, cuisson, cuisson au four<\/li>\n<li>Les RoadClips sont la protection pratique de la poign\u00e9e de chaleur pour votre RoadBaker.<\/li>\n<li>Facile \u00e0 utiliser : La surface structur\u00e9e des supports de poign\u00e9e en silicone assure une bonne prise en main et prot\u00e8ge vos mains des br\u00fblures.<\/li>\n<li>Important ! Toujours retirer les RoadClips avant de placer la Roadbaker sur une source de chaleur.<\/li>\n<li>Fabriqu\u00e9s en silicone antid\u00e9rapant de haute qualit\u00e9, ils peuvent \u00eatre lav\u00e9s au lave-vaisselle et r\u00e9sistent \u00e0 une chaleur de 40-240\u00b0C.<\/li>\n<li>Le choix malin : les RoadClips sont un excellent compl\u00e9ment pour tous ceux qui attachent de l&rsquo;importance \u00e0 la facilit\u00e9 d&rsquo;utilisation et \u00e0 la protection lorsqu&rsquo;ils font de la p\u00e2tisserie ou de la cuisine.<\/li>\n<\/ul>\n","protected":false},"excerpt":{"rendered":"<p>RoadClips &#8211; 2 pi\u00e8ces, support de poign\u00e9e chaude en silicone, support de casserole, r\u00e9sistant \u00e0 la chaleur, protection contre la chaleur, support de poign\u00e9e auxiliaire, poign\u00e9e de casserole, protection de poign\u00e9e, poign\u00e9e de serrage, cuisson, cuisson au four Les RoadClips sont la protection pratique de la poign\u00e9e de chaleur pour votre RoadBaker. Facile \u00e0 utiliser [&hellip;]<\/p>\n","protected":false},"featured_media":230769,"template":"","meta":{"_acf_changed":false},"product_featured_cat":[],"product_brand":[],"product_cat":[4339],"product_tag":[],"class_list":{"0":"post-230773","1":"product","2":"type-product","3":"status-publish","4":"has-post-thumbnail","6":"product_cat-accessoires-pour-barbecue","8":"first","9":"instock","10":"taxable","11":"shipping-taxable","12":"purchasable","13":"product-type-simple"},"acf":[],"yoast_head":"<!-- This site is optimized with the Yoast SEO plugin v27.4 - https:\/\/yoast.com\/product\/yoast-seo-wordpress\/ -->\n<title>Protection thermique RoadBaker RoadClips set de 2 pi\u00e8ces orange - Bantam Wankm\u00fcller SA<\/title>\n<meta name=\"robots\" content=\"index, follow, max-snippet:-1, max-image-preview:large, max-video-preview:-1\" \/>\n<link rel=\"canonical\" href=\"https:\/\/shop.bantam.ch\/fr\/produit\/protection-thermique-roadbaker-roadclips-set-de-2-pieces-orange\/\" \/>\n<meta property=\"og:locale\" content=\"fr_FR\" \/>\n<meta property=\"og:type\" content=\"article\" \/>\n<meta property=\"og:title\" content=\"Protection thermique RoadBaker RoadClips set de 2 pi\u00e8ces orange - Bantam Wankm\u00fcller SA\" \/>\n<meta property=\"og:description\" content=\"RoadClips &#8211; 2 pi\u00e8ces, support de poign\u00e9e chaude en silicone, support de casserole, r\u00e9sistant \u00e0 la chaleur, protection contre la chaleur, support de poign\u00e9e auxiliaire, poign\u00e9e de casserole, protection de poign\u00e9e, poign\u00e9e de serrage, cuisson, cuisson au four Les RoadClips sont la protection pratique de la poign\u00e9e de chaleur pour votre RoadBaker. Facile \u00e0 utiliser [&hellip;]\" \/>\n<meta property=\"og:url\" content=\"https:\/\/shop.bantam.ch\/fr\/produit\/protection-thermique-roadbaker-roadclips-set-de-2-pieces-orange\/\" \/>\n<meta property=\"og:site_name\" content=\"Bantam Wankm\u00fcller SA\" \/>\n<meta property=\"article:modified_time\" content=\"2026-04-18T21:55:07+00:00\" \/>\n<meta name=\"twitter:card\" content=\"summary_large_image\" \/>\n<meta name=\"twitter:label1\" content=\"Dur\u00e9e de lecture estim\u00e9e\" \/>\n\t<meta name=\"twitter:data1\" content=\"1 minute\" \/>\n<script type=\"application\/ld+json\" class=\"yoast-schema-graph\">{\"@context\":\"https:\\\/\\\/schema.org\",\"@graph\":[{\"@type\":\"WebPage\",\"@id\":\"https:\\\/\\\/shop.bantam.ch\\\/fr\\\/produit\\\/protection-thermique-roadbaker-roadclips-set-de-2-pieces-orange\\\/\",\"url\":\"https:\\\/\\\/shop.bantam.ch\\\/fr\\\/produit\\\/protection-thermique-roadbaker-roadclips-set-de-2-pieces-orange\\\/\",\"name\":\"Protection thermique RoadBaker RoadClips set de 2 pi\u00e8ces orange - Bantam Wankm\u00fcller SA\",\"isPartOf\":{\"@id\":\"https:\\\/\\\/shop.bantam.ch\\\/fr\\\/#website\"},\"primaryImageOfPage\":{\"@id\":\"https:\\\/\\\/shop.bantam.ch\\\/fr\\\/produit\\\/protection-thermique-roadbaker-roadclips-set-de-2-pieces-orange\\\/#primaryimage\"},\"image\":{\"@id\":\"https:\\\/\\\/shop.bantam.ch\\\/fr\\\/produit\\\/protection-thermique-roadbaker-roadclips-set-de-2-pieces-orange\\\/#primaryimage\"},\"thumbnailUrl\":\"https:\\\/\\\/shop.bantam.ch\\\/wp-content\\\/uploads\\\/2026\\\/01\\\/Movera-L-9987070100.jpg\",\"datePublished\":\"2026-01-06T15:51:35+00:00\",\"dateModified\":\"2026-04-18T21:55:07+00:00\",\"breadcrumb\":{\"@id\":\"https:\\\/\\\/shop.bantam.ch\\\/fr\\\/produit\\\/protection-thermique-roadbaker-roadclips-set-de-2-pieces-orange\\\/#breadcrumb\"},\"inLanguage\":\"fr-FR\",\"potentialAction\":[{\"@type\":\"ReadAction\",\"target\":[\"https:\\\/\\\/shop.bantam.ch\\\/fr\\\/produit\\\/protection-thermique-roadbaker-roadclips-set-de-2-pieces-orange\\\/\"]}]},{\"@type\":\"ImageObject\",\"inLanguage\":\"fr-FR\",\"@id\":\"https:\\\/\\\/shop.bantam.ch\\\/fr\\\/produit\\\/protection-thermique-roadbaker-roadclips-set-de-2-pieces-orange\\\/#primaryimage\",\"url\":\"https:\\\/\\\/shop.bantam.ch\\\/wp-content\\\/uploads\\\/2026\\\/01\\\/Movera-L-9987070100.jpg\",\"contentUrl\":\"https:\\\/\\\/shop.bantam.ch\\\/wp-content\\\/uploads\\\/2026\\\/01\\\/Movera-L-9987070100.jpg\",\"width\":640,\"height\":387},{\"@type\":\"BreadcrumbList\",\"@id\":\"https:\\\/\\\/shop.bantam.ch\\\/fr\\\/produit\\\/protection-thermique-roadbaker-roadclips-set-de-2-pieces-orange\\\/#breadcrumb\",\"itemListElement\":[{\"@type\":\"ListItem\",\"position\":1,\"name\":\"Accueil\",\"item\":\"https:\\\/\\\/shop.bantam.ch\\\/fr\\\/\"},{\"@type\":\"ListItem\",\"position\":2,\"name\":\"Boutique\",\"item\":\"https:\\\/\\\/shop.bantam.ch\\\/fr\\\/boutique\\\/\"},{\"@type\":\"ListItem\",\"position\":3,\"name\":\"Protection thermique RoadBaker RoadClips set de 2 pi\u00e8ces orange\"}]},{\"@type\":\"WebSite\",\"@id\":\"https:\\\/\\\/shop.bantam.ch\\\/fr\\\/#website\",\"url\":\"https:\\\/\\\/shop.bantam.ch\\\/fr\\\/\",\"name\":\"Bantam Wankm\u00fcller SA\",\"description\":\"\",\"publisher\":{\"@id\":\"https:\\\/\\\/shop.bantam.ch\\\/fr\\\/#organization\"},\"inLanguage\":\"fr-FR\"},{\"@type\":\"Organization\",\"@id\":\"https:\\\/\\\/shop.bantam.ch\\\/fr\\\/#organization\",\"name\":\"Bantam Wankm\u00fcller SA\",\"url\":\"https:\\\/\\\/shop.bantam.ch\\\/fr\\\/\",\"logo\":{\"@type\":\"ImageObject\",\"inLanguage\":\"fr-FR\",\"@id\":\"https:\\\/\\\/shop.bantam.ch\\\/fr\\\/#\\\/schema\\\/logo\\\/image\\\/\",\"url\":\"https:\\\/\\\/shop.bantam.ch\\\/wp-content\\\/uploads\\\/2022\\\/12\\\/bantam-logo.png\",\"contentUrl\":\"https:\\\/\\\/shop.bantam.ch\\\/wp-content\\\/uploads\\\/2022\\\/12\\\/bantam-logo.png\",\"width\":320,\"height\":71,\"caption\":\"Bantam Wankm\u00fcller SA\"},\"image\":{\"@id\":\"https:\\\/\\\/shop.bantam.ch\\\/fr\\\/#\\\/schema\\\/logo\\\/image\\\/\"}}]}<\/script>\n<!-- \/ Yoast SEO plugin. -->","yoast_head_json":{"title":"Protection thermique RoadBaker RoadClips set de 2 pi\u00e8ces orange - Bantam Wankm\u00fcller SA","robots":{"index":"index","follow":"follow","max-snippet":"max-snippet:-1","max-image-preview":"max-image-preview:large","max-video-preview":"max-video-preview:-1"},"canonical":"https:\/\/shop.bantam.ch\/fr\/produit\/protection-thermique-roadbaker-roadclips-set-de-2-pieces-orange\/","og_locale":"fr_FR","og_type":"article","og_title":"Protection thermique RoadBaker RoadClips set de 2 pi\u00e8ces orange - Bantam Wankm\u00fcller SA","og_description":"RoadClips &#8211; 2 pi\u00e8ces, support de poign\u00e9e chaude en silicone, support de casserole, r\u00e9sistant \u00e0 la chaleur, protection contre la chaleur, support de poign\u00e9e auxiliaire, poign\u00e9e de casserole, protection de poign\u00e9e, poign\u00e9e de serrage, cuisson, cuisson au four Les RoadClips sont la protection pratique de la poign\u00e9e de chaleur pour votre RoadBaker. Facile \u00e0 utiliser [&hellip;]","og_url":"https:\/\/shop.bantam.ch\/fr\/produit\/protection-thermique-roadbaker-roadclips-set-de-2-pieces-orange\/","og_site_name":"Bantam Wankm\u00fcller SA","article_modified_time":"2026-04-18T21:55:07+00:00","twitter_card":"summary_large_image","twitter_misc":{"Dur\u00e9e de lecture estim\u00e9e":"1 minute"},"schema":{"@context":"https:\/\/schema.org","@graph":[{"@type":"WebPage","@id":"https:\/\/shop.bantam.ch\/fr\/produit\/protection-thermique-roadbaker-roadclips-set-de-2-pieces-orange\/","url":"https:\/\/shop.bantam.ch\/fr\/produit\/protection-thermique-roadbaker-roadclips-set-de-2-pieces-orange\/","name":"Protection thermique RoadBaker RoadClips set de 2 pi\u00e8ces orange - Bantam Wankm\u00fcller SA","isPartOf":{"@id":"https:\/\/shop.bantam.ch\/fr\/#website"},"primaryImageOfPage":{"@id":"https:\/\/shop.bantam.ch\/fr\/produit\/protection-thermique-roadbaker-roadclips-set-de-2-pieces-orange\/#primaryimage"},"image":{"@id":"https:\/\/shop.bantam.ch\/fr\/produit\/protection-thermique-roadbaker-roadclips-set-de-2-pieces-orange\/#primaryimage"},"thumbnailUrl":"https:\/\/shop.bantam.ch\/wp-content\/uploads\/2026\/01\/Movera-L-9987070100.jpg","datePublished":"2026-01-06T15:51:35+00:00","dateModified":"2026-04-18T21:55:07+00:00","breadcrumb":{"@id":"https:\/\/shop.bantam.ch\/fr\/produit\/protection-thermique-roadbaker-roadclips-set-de-2-pieces-orange\/#breadcrumb"},"inLanguage":"fr-FR","potentialAction":[{"@type":"ReadAction","target":["https:\/\/shop.bantam.ch\/fr\/produit\/protection-thermique-roadbaker-roadclips-set-de-2-pieces-orange\/"]}]},{"@type":"ImageObject","inLanguage":"fr-FR","@id":"https:\/\/shop.bantam.ch\/fr\/produit\/protection-thermique-roadbaker-roadclips-set-de-2-pieces-orange\/#primaryimage","url":"https:\/\/shop.bantam.ch\/wp-content\/uploads\/2026\/01\/Movera-L-9987070100.jpg","contentUrl":"https:\/\/shop.bantam.ch\/wp-content\/uploads\/2026\/01\/Movera-L-9987070100.jpg","width":640,"height":387},{"@type":"BreadcrumbList","@id":"https:\/\/shop.bantam.ch\/fr\/produit\/protection-thermique-roadbaker-roadclips-set-de-2-pieces-orange\/#breadcrumb","itemListElement":[{"@type":"ListItem","position":1,"name":"Accueil","item":"https:\/\/shop.bantam.ch\/fr\/"},{"@type":"ListItem","position":2,"name":"Boutique","item":"https:\/\/shop.bantam.ch\/fr\/boutique\/"},{"@type":"ListItem","position":3,"name":"Protection thermique RoadBaker RoadClips set de 2 pi\u00e8ces orange"}]},{"@type":"WebSite","@id":"https:\/\/shop.bantam.ch\/fr\/#website","url":"https:\/\/shop.bantam.ch\/fr\/","name":"Bantam Wankm\u00fcller SA","description":"","publisher":{"@id":"https:\/\/shop.bantam.ch\/fr\/#organization"},"inLanguage":"fr-FR"},{"@type":"Organization","@id":"https:\/\/shop.bantam.ch\/fr\/#organization","name":"Bantam Wankm\u00fcller SA","url":"https:\/\/shop.bantam.ch\/fr\/","logo":{"@type":"ImageObject","inLanguage":"fr-FR","@id":"https:\/\/shop.bantam.ch\/fr\/#\/schema\/logo\/image\/","url":"https:\/\/shop.bantam.ch\/wp-content\/uploads\/2022\/12\/bantam-logo.png","contentUrl":"https:\/\/shop.bantam.ch\/wp-content\/uploads\/2022\/12\/bantam-logo.png","width":320,"height":71,"caption":"Bantam Wankm\u00fcller SA"},"image":{"@id":"https:\/\/shop.bantam.ch\/fr\/#\/schema\/logo\/image\/"}}]}},"_links":{"self":[{"href":"https:\/\/shop.bantam.ch\/fr\/wp-json\/wp\/v2\/product\/230773","targetHints":{"allow":["GET"]}}],"collection":[{"href":"https:\/\/shop.bantam.ch\/fr\/wp-json\/wp\/v2\/product"}],"about":[{"href":"https:\/\/shop.bantam.ch\/fr\/wp-json\/wp\/v2\/types\/product"}],"wp:featuredmedia":[{"embeddable":true,"href":"https:\/\/shop.bantam.ch\/fr\/wp-json\/wp\/v2\/media\/230769"}],"wp:attachment":[{"href":"https:\/\/shop.bantam.ch\/fr\/wp-json\/wp\/v2\/media?parent=230773"}],"wp:term":[{"taxonomy":"product_featured_cat","embeddable":true,"href":"https:\/\/shop.bantam.ch\/fr\/wp-json\/wp\/v2\/product_featured_cat?post=230773"},{"taxonomy":"product_brand","embeddable":true,"href":"https:\/\/shop.bantam.ch\/fr\/wp-json\/wp\/v2\/product_brand?post=230773"},{"taxonomy":"product_cat","embeddable":true,"href":"https:\/\/shop.bantam.ch\/fr\/wp-json\/wp\/v2\/product_cat?post=230773"},{"taxonomy":"product_tag","embeddable":true,"href":"https:\/\/shop.bantam.ch\/fr\/wp-json\/wp\/v2\/product_tag?post=230773"}],"curies":[{"name":"wp","href":"https:\/\/api.w.org\/{rel}","templated":true}]}}