{"id":230761,"date":"2026-01-06T16:51:21","date_gmt":"2026-01-06T15:51:21","guid":{"rendered":"https:\/\/shop.bantam.ch\/produit\/grille-de-cuisson-roadbaker-superieure-pour-four-de-camping\/"},"modified":"2026-04-17T23:51:26","modified_gmt":"2026-04-17T21:51:26","slug":"grille-de-cuisson-roadbaker-superieure-pour-four-de-camping","status":"publish","type":"product","link":"https:\/\/shop.bantam.ch\/fr\/produit\/grille-de-cuisson-roadbaker-superieure-pour-four-de-camping\/","title":{"rendered":"Grille de cuisson RoadBaker sup\u00e9rieure pour four de camping"},"content":{"rendered":"<ul>\n<li>Innovation allemande : la grille de cuisson RoadBaker-Top en acier inoxydable avec protection des bords en silicone pour le niveau sup\u00e9rieur du four Roadbaker.<\/li>\n<li>Prot\u00e8ge le rev\u00eatement antiadh\u00e9sif des rayures et des dommages.<\/li>\n<li>Utilisable de mani\u00e8re polyvalente : Pour les produits \u00e0 cuire au four, comme les petits pains, les frites, les b\u00e2tonnets de poisson, les croquettes, les mini-pizzas, etc. et pour cuire \u00e0 la vapeur\/\u00e0 l&rsquo;\u00e9touff\u00e9e des l\u00e9gumes, du poisson, etc. sur le 2e niveau sup\u00e9rieur.<\/li>\n<li>Le RoadRack-Top est compatible avec le four OMNIA (Classic\/Maxi), qui a un diam\u00e8tre de 25 cm. Il convient particuli\u00e8rement aux moules \u00e0 p\u00e2tisserie \u00e0 rev\u00eatement antiadh\u00e9sif, mais aussi \u00e0 tous les autres.<\/li>\n<li>Le choix intelligent : la grille de cuisson RoadRack-Top avec protection des bords en silicone offre une protection optimale pour les rev\u00eatements antiadh\u00e9sifs et peut \u00eatre utilis\u00e9e de diff\u00e9rentes mani\u00e8res. Elle est parfaite pour la cuisson au four, \u00e0 la vapeur et \u00e0 l&rsquo;eau &#8211; compatible avec le four OMNIA et id\u00e9ale pour une utilisation quotidienne de qualit\u00e9 sup\u00e9rieure.<\/li>\n<li>Disponible s\u00e9par\u00e9ment, le RoadRack-Base pour le 1er niveau inf\u00e9rieur. La base et le top peuvent \u00eatre utilis\u00e9s ensemble dans les moules lorsque l&rsquo;on cuisine pour plusieurs personnes ou que l&rsquo;on veut cuire plusieurs aliments en m\u00eame temps.<\/li>\n<\/ul>\n","protected":false},"excerpt":{"rendered":"<p>Innovation allemande : la grille de cuisson RoadBaker-Top en acier inoxydable avec protection des bords en silicone pour le niveau sup\u00e9rieur du four Roadbaker. Prot\u00e8ge le rev\u00eatement antiadh\u00e9sif des rayures et des dommages. Utilisable de mani\u00e8re polyvalente : Pour les produits \u00e0 cuire au four, comme les petits pains, les frites, les b\u00e2tonnets de poisson, [&hellip;]<\/p>\n","protected":false},"featured_media":230755,"template":"","meta":{"_acf_changed":false},"product_featured_cat":[],"product_brand":[],"product_cat":[4339],"product_tag":[],"class_list":{"0":"post-230761","1":"product","2":"type-product","3":"status-publish","4":"has-post-thumbnail","6":"product_cat-accessoires-pour-barbecue","8":"first","9":"instock","10":"taxable","11":"shipping-taxable","12":"purchasable","13":"product-type-simple"},"acf":[],"yoast_head":"<!-- This site is optimized with the Yoast SEO plugin v27.4 - https:\/\/yoast.com\/product\/yoast-seo-wordpress\/ -->\n<title>Grille de cuisson RoadBaker sup\u00e9rieure pour four de camping - Bantam Wankm\u00fcller SA<\/title>\n<meta name=\"robots\" content=\"index, follow, max-snippet:-1, max-image-preview:large, max-video-preview:-1\" \/>\n<link rel=\"canonical\" href=\"https:\/\/shop.bantam.ch\/fr\/produit\/grille-de-cuisson-roadbaker-superieure-pour-four-de-camping\/\" \/>\n<meta property=\"og:locale\" content=\"fr_FR\" \/>\n<meta property=\"og:type\" content=\"article\" \/>\n<meta property=\"og:title\" content=\"Grille de cuisson RoadBaker sup\u00e9rieure pour four de camping - Bantam Wankm\u00fcller SA\" \/>\n<meta property=\"og:description\" content=\"Innovation allemande : la grille de cuisson RoadBaker-Top en acier inoxydable avec protection des bords en silicone pour le niveau sup\u00e9rieur du four Roadbaker. Prot\u00e8ge le rev\u00eatement antiadh\u00e9sif des rayures et des dommages. Utilisable de mani\u00e8re polyvalente : Pour les produits \u00e0 cuire au four, comme les petits pains, les frites, les b\u00e2tonnets de poisson, [&hellip;]\" \/>\n<meta property=\"og:url\" content=\"https:\/\/shop.bantam.ch\/fr\/produit\/grille-de-cuisson-roadbaker-superieure-pour-four-de-camping\/\" \/>\n<meta property=\"og:site_name\" content=\"Bantam Wankm\u00fcller SA\" \/>\n<meta property=\"article:modified_time\" content=\"2026-04-17T21:51:26+00:00\" \/>\n<meta name=\"twitter:card\" content=\"summary_large_image\" \/>\n<meta name=\"twitter:label1\" content=\"Dur\u00e9e de lecture estim\u00e9e\" \/>\n\t<meta name=\"twitter:data1\" content=\"1 minute\" \/>\n<script type=\"application\/ld+json\" class=\"yoast-schema-graph\">{\"@context\":\"https:\\\/\\\/schema.org\",\"@graph\":[{\"@type\":\"WebPage\",\"@id\":\"https:\\\/\\\/shop.bantam.ch\\\/fr\\\/produit\\\/grille-de-cuisson-roadbaker-superieure-pour-four-de-camping\\\/\",\"url\":\"https:\\\/\\\/shop.bantam.ch\\\/fr\\\/produit\\\/grille-de-cuisson-roadbaker-superieure-pour-four-de-camping\\\/\",\"name\":\"Grille de cuisson RoadBaker sup\u00e9rieure pour four de camping - Bantam Wankm\u00fcller SA\",\"isPartOf\":{\"@id\":\"https:\\\/\\\/shop.bantam.ch\\\/fr\\\/#website\"},\"primaryImageOfPage\":{\"@id\":\"https:\\\/\\\/shop.bantam.ch\\\/fr\\\/produit\\\/grille-de-cuisson-roadbaker-superieure-pour-four-de-camping\\\/#primaryimage\"},\"image\":{\"@id\":\"https:\\\/\\\/shop.bantam.ch\\\/fr\\\/produit\\\/grille-de-cuisson-roadbaker-superieure-pour-four-de-camping\\\/#primaryimage\"},\"thumbnailUrl\":\"https:\\\/\\\/shop.bantam.ch\\\/wp-content\\\/uploads\\\/2026\\\/01\\\/Movera-L-9987068100.jpg\",\"datePublished\":\"2026-01-06T15:51:21+00:00\",\"dateModified\":\"2026-04-17T21:51:26+00:00\",\"breadcrumb\":{\"@id\":\"https:\\\/\\\/shop.bantam.ch\\\/fr\\\/produit\\\/grille-de-cuisson-roadbaker-superieure-pour-four-de-camping\\\/#breadcrumb\"},\"inLanguage\":\"fr-FR\",\"potentialAction\":[{\"@type\":\"ReadAction\",\"target\":[\"https:\\\/\\\/shop.bantam.ch\\\/fr\\\/produit\\\/grille-de-cuisson-roadbaker-superieure-pour-four-de-camping\\\/\"]}]},{\"@type\":\"ImageObject\",\"inLanguage\":\"fr-FR\",\"@id\":\"https:\\\/\\\/shop.bantam.ch\\\/fr\\\/produit\\\/grille-de-cuisson-roadbaker-superieure-pour-four-de-camping\\\/#primaryimage\",\"url\":\"https:\\\/\\\/shop.bantam.ch\\\/wp-content\\\/uploads\\\/2026\\\/01\\\/Movera-L-9987068100.jpg\",\"contentUrl\":\"https:\\\/\\\/shop.bantam.ch\\\/wp-content\\\/uploads\\\/2026\\\/01\\\/Movera-L-9987068100.jpg\",\"width\":640,\"height\":409},{\"@type\":\"BreadcrumbList\",\"@id\":\"https:\\\/\\\/shop.bantam.ch\\\/fr\\\/produit\\\/grille-de-cuisson-roadbaker-superieure-pour-four-de-camping\\\/#breadcrumb\",\"itemListElement\":[{\"@type\":\"ListItem\",\"position\":1,\"name\":\"Accueil\",\"item\":\"https:\\\/\\\/shop.bantam.ch\\\/fr\\\/\"},{\"@type\":\"ListItem\",\"position\":2,\"name\":\"Boutique\",\"item\":\"https:\\\/\\\/shop.bantam.ch\\\/fr\\\/boutique\\\/\"},{\"@type\":\"ListItem\",\"position\":3,\"name\":\"Grille de cuisson RoadBaker sup\u00e9rieure pour four de camping\"}]},{\"@type\":\"WebSite\",\"@id\":\"https:\\\/\\\/shop.bantam.ch\\\/fr\\\/#website\",\"url\":\"https:\\\/\\\/shop.bantam.ch\\\/fr\\\/\",\"name\":\"Bantam Wankm\u00fcller SA\",\"description\":\"\",\"publisher\":{\"@id\":\"https:\\\/\\\/shop.bantam.ch\\\/fr\\\/#organization\"},\"inLanguage\":\"fr-FR\"},{\"@type\":\"Organization\",\"@id\":\"https:\\\/\\\/shop.bantam.ch\\\/fr\\\/#organization\",\"name\":\"Bantam Wankm\u00fcller SA\",\"url\":\"https:\\\/\\\/shop.bantam.ch\\\/fr\\\/\",\"logo\":{\"@type\":\"ImageObject\",\"inLanguage\":\"fr-FR\",\"@id\":\"https:\\\/\\\/shop.bantam.ch\\\/fr\\\/#\\\/schema\\\/logo\\\/image\\\/\",\"url\":\"https:\\\/\\\/shop.bantam.ch\\\/wp-content\\\/uploads\\\/2022\\\/12\\\/bantam-logo.png\",\"contentUrl\":\"https:\\\/\\\/shop.bantam.ch\\\/wp-content\\\/uploads\\\/2022\\\/12\\\/bantam-logo.png\",\"width\":320,\"height\":71,\"caption\":\"Bantam Wankm\u00fcller SA\"},\"image\":{\"@id\":\"https:\\\/\\\/shop.bantam.ch\\\/fr\\\/#\\\/schema\\\/logo\\\/image\\\/\"}}]}<\/script>\n<!-- \/ Yoast SEO plugin. -->","yoast_head_json":{"title":"Grille de cuisson RoadBaker sup\u00e9rieure pour four de camping - Bantam Wankm\u00fcller SA","robots":{"index":"index","follow":"follow","max-snippet":"max-snippet:-1","max-image-preview":"max-image-preview:large","max-video-preview":"max-video-preview:-1"},"canonical":"https:\/\/shop.bantam.ch\/fr\/produit\/grille-de-cuisson-roadbaker-superieure-pour-four-de-camping\/","og_locale":"fr_FR","og_type":"article","og_title":"Grille de cuisson RoadBaker sup\u00e9rieure pour four de camping - Bantam Wankm\u00fcller SA","og_description":"Innovation allemande : la grille de cuisson RoadBaker-Top en acier inoxydable avec protection des bords en silicone pour le niveau sup\u00e9rieur du four Roadbaker. Prot\u00e8ge le rev\u00eatement antiadh\u00e9sif des rayures et des dommages. Utilisable de mani\u00e8re polyvalente : Pour les produits \u00e0 cuire au four, comme les petits pains, les frites, les b\u00e2tonnets de poisson, [&hellip;]","og_url":"https:\/\/shop.bantam.ch\/fr\/produit\/grille-de-cuisson-roadbaker-superieure-pour-four-de-camping\/","og_site_name":"Bantam Wankm\u00fcller SA","article_modified_time":"2026-04-17T21:51:26+00:00","twitter_card":"summary_large_image","twitter_misc":{"Dur\u00e9e de lecture estim\u00e9e":"1 minute"},"schema":{"@context":"https:\/\/schema.org","@graph":[{"@type":"WebPage","@id":"https:\/\/shop.bantam.ch\/fr\/produit\/grille-de-cuisson-roadbaker-superieure-pour-four-de-camping\/","url":"https:\/\/shop.bantam.ch\/fr\/produit\/grille-de-cuisson-roadbaker-superieure-pour-four-de-camping\/","name":"Grille de cuisson RoadBaker sup\u00e9rieure pour four de camping - Bantam Wankm\u00fcller SA","isPartOf":{"@id":"https:\/\/shop.bantam.ch\/fr\/#website"},"primaryImageOfPage":{"@id":"https:\/\/shop.bantam.ch\/fr\/produit\/grille-de-cuisson-roadbaker-superieure-pour-four-de-camping\/#primaryimage"},"image":{"@id":"https:\/\/shop.bantam.ch\/fr\/produit\/grille-de-cuisson-roadbaker-superieure-pour-four-de-camping\/#primaryimage"},"thumbnailUrl":"https:\/\/shop.bantam.ch\/wp-content\/uploads\/2026\/01\/Movera-L-9987068100.jpg","datePublished":"2026-01-06T15:51:21+00:00","dateModified":"2026-04-17T21:51:26+00:00","breadcrumb":{"@id":"https:\/\/shop.bantam.ch\/fr\/produit\/grille-de-cuisson-roadbaker-superieure-pour-four-de-camping\/#breadcrumb"},"inLanguage":"fr-FR","potentialAction":[{"@type":"ReadAction","target":["https:\/\/shop.bantam.ch\/fr\/produit\/grille-de-cuisson-roadbaker-superieure-pour-four-de-camping\/"]}]},{"@type":"ImageObject","inLanguage":"fr-FR","@id":"https:\/\/shop.bantam.ch\/fr\/produit\/grille-de-cuisson-roadbaker-superieure-pour-four-de-camping\/#primaryimage","url":"https:\/\/shop.bantam.ch\/wp-content\/uploads\/2026\/01\/Movera-L-9987068100.jpg","contentUrl":"https:\/\/shop.bantam.ch\/wp-content\/uploads\/2026\/01\/Movera-L-9987068100.jpg","width":640,"height":409},{"@type":"BreadcrumbList","@id":"https:\/\/shop.bantam.ch\/fr\/produit\/grille-de-cuisson-roadbaker-superieure-pour-four-de-camping\/#breadcrumb","itemListElement":[{"@type":"ListItem","position":1,"name":"Accueil","item":"https:\/\/shop.bantam.ch\/fr\/"},{"@type":"ListItem","position":2,"name":"Boutique","item":"https:\/\/shop.bantam.ch\/fr\/boutique\/"},{"@type":"ListItem","position":3,"name":"Grille de cuisson RoadBaker sup\u00e9rieure pour four de camping"}]},{"@type":"WebSite","@id":"https:\/\/shop.bantam.ch\/fr\/#website","url":"https:\/\/shop.bantam.ch\/fr\/","name":"Bantam Wankm\u00fcller SA","description":"","publisher":{"@id":"https:\/\/shop.bantam.ch\/fr\/#organization"},"inLanguage":"fr-FR"},{"@type":"Organization","@id":"https:\/\/shop.bantam.ch\/fr\/#organization","name":"Bantam Wankm\u00fcller SA","url":"https:\/\/shop.bantam.ch\/fr\/","logo":{"@type":"ImageObject","inLanguage":"fr-FR","@id":"https:\/\/shop.bantam.ch\/fr\/#\/schema\/logo\/image\/","url":"https:\/\/shop.bantam.ch\/wp-content\/uploads\/2022\/12\/bantam-logo.png","contentUrl":"https:\/\/shop.bantam.ch\/wp-content\/uploads\/2022\/12\/bantam-logo.png","width":320,"height":71,"caption":"Bantam Wankm\u00fcller SA"},"image":{"@id":"https:\/\/shop.bantam.ch\/fr\/#\/schema\/logo\/image\/"}}]}},"_links":{"self":[{"href":"https:\/\/shop.bantam.ch\/fr\/wp-json\/wp\/v2\/product\/230761","targetHints":{"allow":["GET"]}}],"collection":[{"href":"https:\/\/shop.bantam.ch\/fr\/wp-json\/wp\/v2\/product"}],"about":[{"href":"https:\/\/shop.bantam.ch\/fr\/wp-json\/wp\/v2\/types\/product"}],"wp:featuredmedia":[{"embeddable":true,"href":"https:\/\/shop.bantam.ch\/fr\/wp-json\/wp\/v2\/media\/230755"}],"wp:attachment":[{"href":"https:\/\/shop.bantam.ch\/fr\/wp-json\/wp\/v2\/media?parent=230761"}],"wp:term":[{"taxonomy":"product_featured_cat","embeddable":true,"href":"https:\/\/shop.bantam.ch\/fr\/wp-json\/wp\/v2\/product_featured_cat?post=230761"},{"taxonomy":"product_brand","embeddable":true,"href":"https:\/\/shop.bantam.ch\/fr\/wp-json\/wp\/v2\/product_brand?post=230761"},{"taxonomy":"product_cat","embeddable":true,"href":"https:\/\/shop.bantam.ch\/fr\/wp-json\/wp\/v2\/product_cat?post=230761"},{"taxonomy":"product_tag","embeddable":true,"href":"https:\/\/shop.bantam.ch\/fr\/wp-json\/wp\/v2\/product_tag?post=230761"}],"curies":[{"name":"wp","href":"https:\/\/api.w.org\/{rel}","templated":true}]}}