{"id":230733,"date":"2026-01-06T16:50:54","date_gmt":"2026-01-06T15:50:54","guid":{"rendered":"https:\/\/shop.bantam.ch\/produit\/coffre-fort-de-socle-de-siege-adapte-au-ford-transit-a-partir-de-lannee-modele-2019\/"},"modified":"2026-04-18T23:54:53","modified_gmt":"2026-04-18T21:54:53","slug":"coffre-fort-de-socle-de-siege-adapte-au-ford-transit-a-partir-de-lannee-modele-2019","status":"publish","type":"product","link":"https:\/\/shop.bantam.ch\/fr\/produit\/coffre-fort-de-socle-de-siege-adapte-au-ford-transit-a-partir-de-lannee-modele-2019\/","title":{"rendered":"Coffre-fort de socle de si\u00e8ge adapt\u00e9 au Ford Transit \u00e0 partir de l&rsquo;ann\u00e9e mod\u00e8le 2019"},"content":{"rendered":"<p>Le Mobil-Safe est fabriqu\u00e9 en acier SM de 2,5\/3 mm et est rev\u00eatu d&rsquo;une poudre r\u00e9sistante aux chocs et aux rayures. La porte est fabriqu\u00e9e en acier SM de 5 mm et est \u00e9quip\u00e9e d&rsquo;une serrure de s\u00e9curit\u00e9 \u00e0 double panneton. La serrure est un produit de marque allemande avec 7 gorges. Une plaque de serrure durcie au mangan\u00e8se emp\u00eache tout per\u00e7age. Gr\u00e2ce \u00e0 la porte de 2 cm situ\u00e9e \u00e0 l&rsquo;int\u00e9rieur, le Mobil-Safe est parfaitement prot\u00e9g\u00e9 contre le relevage. De plus, la porte est s\u00e9curis\u00e9e par une poign\u00e9e arri\u00e8re.<\/p>\n<\/p>\n<p>Le coffre-fort est viss\u00e9 avec les vis de fixation d&rsquo;origine de la console du si\u00e8ge conducteur ou passager. Il n&rsquo;est pas n\u00e9cessaire de percer des trous. Pour utiliser le coffre-fort, le si\u00e8ge doit \u00eatre pouss\u00e9 en position avant. Le coffre-fort s&rsquo;ouvre vers le haut.<\/p>\n<\/p>\n<p>Dimensions ext\u00e9rieures : L 300 mm \/ H 390 mm \/ P 130 mm (la profondeur du coffre-fort est toujours en face de la porte).<br \/>\nDimensions int\u00e9rieures : L 290 mm \/ H 380 mm \/ P 95 mm<br \/>\nDimensions de passage de porte : L 273 mm \/ H 225 mm<\/p>\n","protected":false},"excerpt":{"rendered":"<p>Le Mobil-Safe est fabriqu\u00e9 en acier SM de 2,5\/3 mm et est rev\u00eatu d&rsquo;une poudre r\u00e9sistante aux chocs et aux rayures. La porte est fabriqu\u00e9e en acier SM de 5 mm et est \u00e9quip\u00e9e d&rsquo;une serrure de s\u00e9curit\u00e9 \u00e0 double panneton. La serrure est un produit de marque allemande avec 7 gorges. Une plaque de [&hellip;]<\/p>\n","protected":false},"featured_media":230731,"template":"","meta":{"_acf_changed":false},"product_featured_cat":[],"product_brand":[],"product_cat":[4669],"product_tag":[],"class_list":{"0":"post-230733","1":"product","2":"type-product","3":"status-publish","4":"has-post-thumbnail","6":"product_cat-coffres-forts-et-chambres-fortes","8":"first","9":"instock","10":"taxable","11":"shipping-taxable","12":"purchasable","13":"product-type-simple"},"acf":[],"yoast_head":"<!-- This site is optimized with the Yoast SEO plugin v27.4 - https:\/\/yoast.com\/product\/yoast-seo-wordpress\/ -->\n<title>Coffre-fort de socle de si\u00e8ge adapt\u00e9 au Ford Transit \u00e0 partir de l&#039;ann\u00e9e mod\u00e8le 2019 - Bantam Wankm\u00fcller SA<\/title>\n<meta name=\"robots\" content=\"index, follow, max-snippet:-1, max-image-preview:large, max-video-preview:-1\" \/>\n<link rel=\"canonical\" href=\"https:\/\/shop.bantam.ch\/fr\/produit\/coffre-fort-de-socle-de-siege-adapte-au-ford-transit-a-partir-de-lannee-modele-2019\/\" \/>\n<meta property=\"og:locale\" content=\"fr_FR\" \/>\n<meta property=\"og:type\" content=\"article\" \/>\n<meta property=\"og:title\" content=\"Coffre-fort de socle de si\u00e8ge adapt\u00e9 au Ford Transit \u00e0 partir de l&#039;ann\u00e9e mod\u00e8le 2019 - Bantam Wankm\u00fcller SA\" \/>\n<meta property=\"og:description\" content=\"Le Mobil-Safe est fabriqu\u00e9 en acier SM de 2,5\/3 mm et est rev\u00eatu d&rsquo;une poudre r\u00e9sistante aux chocs et aux rayures. La porte est fabriqu\u00e9e en acier SM de 5 mm et est \u00e9quip\u00e9e d&rsquo;une serrure de s\u00e9curit\u00e9 \u00e0 double panneton. La serrure est un produit de marque allemande avec 7 gorges. Une plaque de [&hellip;]\" \/>\n<meta property=\"og:url\" content=\"https:\/\/shop.bantam.ch\/fr\/produit\/coffre-fort-de-socle-de-siege-adapte-au-ford-transit-a-partir-de-lannee-modele-2019\/\" \/>\n<meta property=\"og:site_name\" content=\"Bantam Wankm\u00fcller SA\" \/>\n<meta property=\"article:modified_time\" content=\"2026-04-18T21:54:53+00:00\" \/>\n<meta name=\"twitter:card\" content=\"summary_large_image\" \/>\n<meta name=\"twitter:label1\" content=\"Dur\u00e9e de lecture estim\u00e9e\" \/>\n\t<meta name=\"twitter:data1\" content=\"1 minute\" \/>\n<script type=\"application\/ld+json\" class=\"yoast-schema-graph\">{\"@context\":\"https:\\\/\\\/schema.org\",\"@graph\":[{\"@type\":\"WebPage\",\"@id\":\"https:\\\/\\\/shop.bantam.ch\\\/fr\\\/produit\\\/coffre-fort-de-socle-de-siege-adapte-au-ford-transit-a-partir-de-lannee-modele-2019\\\/\",\"url\":\"https:\\\/\\\/shop.bantam.ch\\\/fr\\\/produit\\\/coffre-fort-de-socle-de-siege-adapte-au-ford-transit-a-partir-de-lannee-modele-2019\\\/\",\"name\":\"Coffre-fort de socle de si\u00e8ge adapt\u00e9 au Ford Transit \u00e0 partir de l'ann\u00e9e mod\u00e8le 2019 - Bantam Wankm\u00fcller SA\",\"isPartOf\":{\"@id\":\"https:\\\/\\\/shop.bantam.ch\\\/fr\\\/#website\"},\"primaryImageOfPage\":{\"@id\":\"https:\\\/\\\/shop.bantam.ch\\\/fr\\\/produit\\\/coffre-fort-de-socle-de-siege-adapte-au-ford-transit-a-partir-de-lannee-modele-2019\\\/#primaryimage\"},\"image\":{\"@id\":\"https:\\\/\\\/shop.bantam.ch\\\/fr\\\/produit\\\/coffre-fort-de-socle-de-siege-adapte-au-ford-transit-a-partir-de-lannee-modele-2019\\\/#primaryimage\"},\"thumbnailUrl\":\"https:\\\/\\\/shop.bantam.ch\\\/wp-content\\\/uploads\\\/2026\\\/01\\\/Movera-L-9985261100.jpg\",\"datePublished\":\"2026-01-06T15:50:54+00:00\",\"dateModified\":\"2026-04-18T21:54:53+00:00\",\"breadcrumb\":{\"@id\":\"https:\\\/\\\/shop.bantam.ch\\\/fr\\\/produit\\\/coffre-fort-de-socle-de-siege-adapte-au-ford-transit-a-partir-de-lannee-modele-2019\\\/#breadcrumb\"},\"inLanguage\":\"fr-FR\",\"potentialAction\":[{\"@type\":\"ReadAction\",\"target\":[\"https:\\\/\\\/shop.bantam.ch\\\/fr\\\/produit\\\/coffre-fort-de-socle-de-siege-adapte-au-ford-transit-a-partir-de-lannee-modele-2019\\\/\"]}]},{\"@type\":\"ImageObject\",\"inLanguage\":\"fr-FR\",\"@id\":\"https:\\\/\\\/shop.bantam.ch\\\/fr\\\/produit\\\/coffre-fort-de-socle-de-siege-adapte-au-ford-transit-a-partir-de-lannee-modele-2019\\\/#primaryimage\",\"url\":\"https:\\\/\\\/shop.bantam.ch\\\/wp-content\\\/uploads\\\/2026\\\/01\\\/Movera-L-9985261100.jpg\",\"contentUrl\":\"https:\\\/\\\/shop.bantam.ch\\\/wp-content\\\/uploads\\\/2026\\\/01\\\/Movera-L-9985261100.jpg\",\"width\":640,\"height\":480},{\"@type\":\"BreadcrumbList\",\"@id\":\"https:\\\/\\\/shop.bantam.ch\\\/fr\\\/produit\\\/coffre-fort-de-socle-de-siege-adapte-au-ford-transit-a-partir-de-lannee-modele-2019\\\/#breadcrumb\",\"itemListElement\":[{\"@type\":\"ListItem\",\"position\":1,\"name\":\"Accueil\",\"item\":\"https:\\\/\\\/shop.bantam.ch\\\/fr\\\/\"},{\"@type\":\"ListItem\",\"position\":2,\"name\":\"Boutique\",\"item\":\"https:\\\/\\\/shop.bantam.ch\\\/fr\\\/boutique\\\/\"},{\"@type\":\"ListItem\",\"position\":3,\"name\":\"Coffre-fort de socle de si\u00e8ge adapt\u00e9 au Ford Transit \u00e0 partir de l&rsquo;ann\u00e9e mod\u00e8le 2019\"}]},{\"@type\":\"WebSite\",\"@id\":\"https:\\\/\\\/shop.bantam.ch\\\/fr\\\/#website\",\"url\":\"https:\\\/\\\/shop.bantam.ch\\\/fr\\\/\",\"name\":\"Bantam Wankm\u00fcller SA\",\"description\":\"\",\"publisher\":{\"@id\":\"https:\\\/\\\/shop.bantam.ch\\\/fr\\\/#organization\"},\"inLanguage\":\"fr-FR\"},{\"@type\":\"Organization\",\"@id\":\"https:\\\/\\\/shop.bantam.ch\\\/fr\\\/#organization\",\"name\":\"Bantam Wankm\u00fcller SA\",\"url\":\"https:\\\/\\\/shop.bantam.ch\\\/fr\\\/\",\"logo\":{\"@type\":\"ImageObject\",\"inLanguage\":\"fr-FR\",\"@id\":\"https:\\\/\\\/shop.bantam.ch\\\/fr\\\/#\\\/schema\\\/logo\\\/image\\\/\",\"url\":\"https:\\\/\\\/shop.bantam.ch\\\/wp-content\\\/uploads\\\/2022\\\/12\\\/bantam-logo.png\",\"contentUrl\":\"https:\\\/\\\/shop.bantam.ch\\\/wp-content\\\/uploads\\\/2022\\\/12\\\/bantam-logo.png\",\"width\":320,\"height\":71,\"caption\":\"Bantam Wankm\u00fcller SA\"},\"image\":{\"@id\":\"https:\\\/\\\/shop.bantam.ch\\\/fr\\\/#\\\/schema\\\/logo\\\/image\\\/\"}}]}<\/script>\n<!-- \/ Yoast SEO plugin. -->","yoast_head_json":{"title":"Coffre-fort de socle de si\u00e8ge adapt\u00e9 au Ford Transit \u00e0 partir de l'ann\u00e9e mod\u00e8le 2019 - Bantam Wankm\u00fcller SA","robots":{"index":"index","follow":"follow","max-snippet":"max-snippet:-1","max-image-preview":"max-image-preview:large","max-video-preview":"max-video-preview:-1"},"canonical":"https:\/\/shop.bantam.ch\/fr\/produit\/coffre-fort-de-socle-de-siege-adapte-au-ford-transit-a-partir-de-lannee-modele-2019\/","og_locale":"fr_FR","og_type":"article","og_title":"Coffre-fort de socle de si\u00e8ge adapt\u00e9 au Ford Transit \u00e0 partir de l'ann\u00e9e mod\u00e8le 2019 - Bantam Wankm\u00fcller SA","og_description":"Le Mobil-Safe est fabriqu\u00e9 en acier SM de 2,5\/3 mm et est rev\u00eatu d&rsquo;une poudre r\u00e9sistante aux chocs et aux rayures. La porte est fabriqu\u00e9e en acier SM de 5 mm et est \u00e9quip\u00e9e d&rsquo;une serrure de s\u00e9curit\u00e9 \u00e0 double panneton. La serrure est un produit de marque allemande avec 7 gorges. Une plaque de [&hellip;]","og_url":"https:\/\/shop.bantam.ch\/fr\/produit\/coffre-fort-de-socle-de-siege-adapte-au-ford-transit-a-partir-de-lannee-modele-2019\/","og_site_name":"Bantam Wankm\u00fcller SA","article_modified_time":"2026-04-18T21:54:53+00:00","twitter_card":"summary_large_image","twitter_misc":{"Dur\u00e9e de lecture estim\u00e9e":"1 minute"},"schema":{"@context":"https:\/\/schema.org","@graph":[{"@type":"WebPage","@id":"https:\/\/shop.bantam.ch\/fr\/produit\/coffre-fort-de-socle-de-siege-adapte-au-ford-transit-a-partir-de-lannee-modele-2019\/","url":"https:\/\/shop.bantam.ch\/fr\/produit\/coffre-fort-de-socle-de-siege-adapte-au-ford-transit-a-partir-de-lannee-modele-2019\/","name":"Coffre-fort de socle de si\u00e8ge adapt\u00e9 au Ford Transit \u00e0 partir de l'ann\u00e9e mod\u00e8le 2019 - Bantam Wankm\u00fcller SA","isPartOf":{"@id":"https:\/\/shop.bantam.ch\/fr\/#website"},"primaryImageOfPage":{"@id":"https:\/\/shop.bantam.ch\/fr\/produit\/coffre-fort-de-socle-de-siege-adapte-au-ford-transit-a-partir-de-lannee-modele-2019\/#primaryimage"},"image":{"@id":"https:\/\/shop.bantam.ch\/fr\/produit\/coffre-fort-de-socle-de-siege-adapte-au-ford-transit-a-partir-de-lannee-modele-2019\/#primaryimage"},"thumbnailUrl":"https:\/\/shop.bantam.ch\/wp-content\/uploads\/2026\/01\/Movera-L-9985261100.jpg","datePublished":"2026-01-06T15:50:54+00:00","dateModified":"2026-04-18T21:54:53+00:00","breadcrumb":{"@id":"https:\/\/shop.bantam.ch\/fr\/produit\/coffre-fort-de-socle-de-siege-adapte-au-ford-transit-a-partir-de-lannee-modele-2019\/#breadcrumb"},"inLanguage":"fr-FR","potentialAction":[{"@type":"ReadAction","target":["https:\/\/shop.bantam.ch\/fr\/produit\/coffre-fort-de-socle-de-siege-adapte-au-ford-transit-a-partir-de-lannee-modele-2019\/"]}]},{"@type":"ImageObject","inLanguage":"fr-FR","@id":"https:\/\/shop.bantam.ch\/fr\/produit\/coffre-fort-de-socle-de-siege-adapte-au-ford-transit-a-partir-de-lannee-modele-2019\/#primaryimage","url":"https:\/\/shop.bantam.ch\/wp-content\/uploads\/2026\/01\/Movera-L-9985261100.jpg","contentUrl":"https:\/\/shop.bantam.ch\/wp-content\/uploads\/2026\/01\/Movera-L-9985261100.jpg","width":640,"height":480},{"@type":"BreadcrumbList","@id":"https:\/\/shop.bantam.ch\/fr\/produit\/coffre-fort-de-socle-de-siege-adapte-au-ford-transit-a-partir-de-lannee-modele-2019\/#breadcrumb","itemListElement":[{"@type":"ListItem","position":1,"name":"Accueil","item":"https:\/\/shop.bantam.ch\/fr\/"},{"@type":"ListItem","position":2,"name":"Boutique","item":"https:\/\/shop.bantam.ch\/fr\/boutique\/"},{"@type":"ListItem","position":3,"name":"Coffre-fort de socle de si\u00e8ge adapt\u00e9 au Ford Transit \u00e0 partir de l&rsquo;ann\u00e9e mod\u00e8le 2019"}]},{"@type":"WebSite","@id":"https:\/\/shop.bantam.ch\/fr\/#website","url":"https:\/\/shop.bantam.ch\/fr\/","name":"Bantam Wankm\u00fcller SA","description":"","publisher":{"@id":"https:\/\/shop.bantam.ch\/fr\/#organization"},"inLanguage":"fr-FR"},{"@type":"Organization","@id":"https:\/\/shop.bantam.ch\/fr\/#organization","name":"Bantam Wankm\u00fcller SA","url":"https:\/\/shop.bantam.ch\/fr\/","logo":{"@type":"ImageObject","inLanguage":"fr-FR","@id":"https:\/\/shop.bantam.ch\/fr\/#\/schema\/logo\/image\/","url":"https:\/\/shop.bantam.ch\/wp-content\/uploads\/2022\/12\/bantam-logo.png","contentUrl":"https:\/\/shop.bantam.ch\/wp-content\/uploads\/2022\/12\/bantam-logo.png","width":320,"height":71,"caption":"Bantam Wankm\u00fcller SA"},"image":{"@id":"https:\/\/shop.bantam.ch\/fr\/#\/schema\/logo\/image\/"}}]}},"_links":{"self":[{"href":"https:\/\/shop.bantam.ch\/fr\/wp-json\/wp\/v2\/product\/230733","targetHints":{"allow":["GET"]}}],"collection":[{"href":"https:\/\/shop.bantam.ch\/fr\/wp-json\/wp\/v2\/product"}],"about":[{"href":"https:\/\/shop.bantam.ch\/fr\/wp-json\/wp\/v2\/types\/product"}],"wp:featuredmedia":[{"embeddable":true,"href":"https:\/\/shop.bantam.ch\/fr\/wp-json\/wp\/v2\/media\/230731"}],"wp:attachment":[{"href":"https:\/\/shop.bantam.ch\/fr\/wp-json\/wp\/v2\/media?parent=230733"}],"wp:term":[{"taxonomy":"product_featured_cat","embeddable":true,"href":"https:\/\/shop.bantam.ch\/fr\/wp-json\/wp\/v2\/product_featured_cat?post=230733"},{"taxonomy":"product_brand","embeddable":true,"href":"https:\/\/shop.bantam.ch\/fr\/wp-json\/wp\/v2\/product_brand?post=230733"},{"taxonomy":"product_cat","embeddable":true,"href":"https:\/\/shop.bantam.ch\/fr\/wp-json\/wp\/v2\/product_cat?post=230733"},{"taxonomy":"product_tag","embeddable":true,"href":"https:\/\/shop.bantam.ch\/fr\/wp-json\/wp\/v2\/product_tag?post=230733"}],"curies":[{"name":"wp","href":"https:\/\/api.w.org\/{rel}","templated":true}]}}