{"id":230709,"date":"2026-01-06T16:50:16","date_gmt":"2026-01-06T15:50:16","guid":{"rendered":"https:\/\/shop.bantam.ch\/produit\/set-de-casseroles-elegance-compact-3-pcs\/"},"modified":"2026-04-18T23:54:52","modified_gmt":"2026-04-18T21:54:52","slug":"set-de-casseroles-elegance-compact-3-pcs","status":"publish","type":"product","link":"https:\/\/shop.bantam.ch\/fr\/produit\/set-de-casseroles-elegance-compact-3-pcs\/","title":{"rendered":"Set de casseroles Elegance Compact 3 pcs."},"content":{"rendered":"<p>Un luxueux set de casseroles en acier inoxydable de 3 pi\u00e8ces. Chaque casserole a un couvercle avec un bouton r\u00e9sistant \u00e0 la chaleur. En outre, chaque po\u00eale est dot\u00e9e de poign\u00e9es r\u00e9sistantes \u00e0 la chaleur. Apr\u00e8s utilisation, ces poign\u00e9es peuvent \u00eatre facilement rabattues, ce qui permet d&#8217;empiler et de ranger les po\u00eales en \u00e9conomisant de l&rsquo;espace. Gagne jusqu&rsquo;\u00e0 40% de place ! Les casseroles sont \u00e9troites et hautes, ce qui les rend id\u00e9ales pour l&rsquo;espace limit\u00e9 des rings \u00e0 gaz. Peut \u00eatre utilis\u00e9 avec des sources de chaleur en gaz, \u00e9lectricit\u00e9 et c\u00e9ramique. Dimensions (\u00d8 x H) : 12 x 11, 16 x 15 et 20 x 19 cm. Capacit\u00e9 : 1,25 ; 3 et 6 litres.<\/p>\n","protected":false},"excerpt":{"rendered":"<p>Un luxueux set de casseroles en acier inoxydable de 3 pi\u00e8ces. Chaque casserole a un couvercle avec un bouton r\u00e9sistant \u00e0 la chaleur. En outre, chaque po\u00eale est dot\u00e9e de poign\u00e9es r\u00e9sistantes \u00e0 la chaleur. Apr\u00e8s utilisation, ces poign\u00e9es peuvent \u00eatre facilement rabattues, ce qui permet d&#8217;empiler et de ranger les po\u00eales en \u00e9conomisant de [&hellip;]<\/p>\n","protected":false},"featured_media":230707,"template":"","meta":{"_acf_changed":false},"product_featured_cat":[],"product_brand":[],"product_cat":[4265],"product_tag":[],"class_list":{"0":"post-230709","1":"product","2":"type-product","3":"status-publish","4":"has-post-thumbnail","6":"product_cat-casseroles-poeles-et-sets","8":"first","9":"instock","10":"taxable","11":"shipping-taxable","12":"purchasable","13":"product-type-simple"},"acf":[],"yoast_head":"<!-- This site is optimized with the Yoast SEO plugin v27.4 - https:\/\/yoast.com\/product\/yoast-seo-wordpress\/ -->\n<title>Set de casseroles Elegance Compact 3 pcs. - Bantam Wankm\u00fcller SA<\/title>\n<meta name=\"robots\" content=\"index, follow, max-snippet:-1, max-image-preview:large, max-video-preview:-1\" \/>\n<link rel=\"canonical\" href=\"https:\/\/shop.bantam.ch\/fr\/produit\/set-de-casseroles-elegance-compact-3-pcs\/\" \/>\n<meta property=\"og:locale\" content=\"fr_FR\" \/>\n<meta property=\"og:type\" content=\"article\" \/>\n<meta property=\"og:title\" content=\"Set de casseroles Elegance Compact 3 pcs. - Bantam Wankm\u00fcller SA\" \/>\n<meta property=\"og:description\" content=\"Un luxueux set de casseroles en acier inoxydable de 3 pi\u00e8ces. Chaque casserole a un couvercle avec un bouton r\u00e9sistant \u00e0 la chaleur. En outre, chaque po\u00eale est dot\u00e9e de poign\u00e9es r\u00e9sistantes \u00e0 la chaleur. Apr\u00e8s utilisation, ces poign\u00e9es peuvent \u00eatre facilement rabattues, ce qui permet d&#8217;empiler et de ranger les po\u00eales en \u00e9conomisant de [&hellip;]\" \/>\n<meta property=\"og:url\" content=\"https:\/\/shop.bantam.ch\/fr\/produit\/set-de-casseroles-elegance-compact-3-pcs\/\" \/>\n<meta property=\"og:site_name\" content=\"Bantam Wankm\u00fcller SA\" \/>\n<meta property=\"article:modified_time\" content=\"2026-04-18T21:54:52+00:00\" \/>\n<meta name=\"twitter:card\" content=\"summary_large_image\" \/>\n<meta name=\"twitter:label1\" content=\"Dur\u00e9e de lecture estim\u00e9e\" \/>\n\t<meta name=\"twitter:data1\" content=\"1 minute\" \/>\n<script type=\"application\/ld+json\" class=\"yoast-schema-graph\">{\"@context\":\"https:\\\/\\\/schema.org\",\"@graph\":[{\"@type\":\"WebPage\",\"@id\":\"https:\\\/\\\/shop.bantam.ch\\\/fr\\\/produit\\\/set-de-casseroles-elegance-compact-3-pcs\\\/\",\"url\":\"https:\\\/\\\/shop.bantam.ch\\\/fr\\\/produit\\\/set-de-casseroles-elegance-compact-3-pcs\\\/\",\"name\":\"Set de casseroles Elegance Compact 3 pcs. - Bantam Wankm\u00fcller SA\",\"isPartOf\":{\"@id\":\"https:\\\/\\\/shop.bantam.ch\\\/fr\\\/#website\"},\"primaryImageOfPage\":{\"@id\":\"https:\\\/\\\/shop.bantam.ch\\\/fr\\\/produit\\\/set-de-casseroles-elegance-compact-3-pcs\\\/#primaryimage\"},\"image\":{\"@id\":\"https:\\\/\\\/shop.bantam.ch\\\/fr\\\/produit\\\/set-de-casseroles-elegance-compact-3-pcs\\\/#primaryimage\"},\"thumbnailUrl\":\"https:\\\/\\\/shop.bantam.ch\\\/wp-content\\\/uploads\\\/2026\\\/01\\\/Movera-L-9987045100.jpg\",\"datePublished\":\"2026-01-06T15:50:16+00:00\",\"dateModified\":\"2026-04-18T21:54:52+00:00\",\"breadcrumb\":{\"@id\":\"https:\\\/\\\/shop.bantam.ch\\\/fr\\\/produit\\\/set-de-casseroles-elegance-compact-3-pcs\\\/#breadcrumb\"},\"inLanguage\":\"fr-FR\",\"potentialAction\":[{\"@type\":\"ReadAction\",\"target\":[\"https:\\\/\\\/shop.bantam.ch\\\/fr\\\/produit\\\/set-de-casseroles-elegance-compact-3-pcs\\\/\"]}]},{\"@type\":\"ImageObject\",\"inLanguage\":\"fr-FR\",\"@id\":\"https:\\\/\\\/shop.bantam.ch\\\/fr\\\/produit\\\/set-de-casseroles-elegance-compact-3-pcs\\\/#primaryimage\",\"url\":\"https:\\\/\\\/shop.bantam.ch\\\/wp-content\\\/uploads\\\/2026\\\/01\\\/Movera-L-9987045100.jpg\",\"contentUrl\":\"https:\\\/\\\/shop.bantam.ch\\\/wp-content\\\/uploads\\\/2026\\\/01\\\/Movera-L-9987045100.jpg\",\"width\":640,\"height\":807},{\"@type\":\"BreadcrumbList\",\"@id\":\"https:\\\/\\\/shop.bantam.ch\\\/fr\\\/produit\\\/set-de-casseroles-elegance-compact-3-pcs\\\/#breadcrumb\",\"itemListElement\":[{\"@type\":\"ListItem\",\"position\":1,\"name\":\"Accueil\",\"item\":\"https:\\\/\\\/shop.bantam.ch\\\/fr\\\/\"},{\"@type\":\"ListItem\",\"position\":2,\"name\":\"Boutique\",\"item\":\"https:\\\/\\\/shop.bantam.ch\\\/fr\\\/boutique\\\/\"},{\"@type\":\"ListItem\",\"position\":3,\"name\":\"Set de casseroles Elegance Compact 3 pcs.\"}]},{\"@type\":\"WebSite\",\"@id\":\"https:\\\/\\\/shop.bantam.ch\\\/fr\\\/#website\",\"url\":\"https:\\\/\\\/shop.bantam.ch\\\/fr\\\/\",\"name\":\"Bantam Wankm\u00fcller SA\",\"description\":\"\",\"publisher\":{\"@id\":\"https:\\\/\\\/shop.bantam.ch\\\/fr\\\/#organization\"},\"inLanguage\":\"fr-FR\"},{\"@type\":\"Organization\",\"@id\":\"https:\\\/\\\/shop.bantam.ch\\\/fr\\\/#organization\",\"name\":\"Bantam Wankm\u00fcller SA\",\"url\":\"https:\\\/\\\/shop.bantam.ch\\\/fr\\\/\",\"logo\":{\"@type\":\"ImageObject\",\"inLanguage\":\"fr-FR\",\"@id\":\"https:\\\/\\\/shop.bantam.ch\\\/fr\\\/#\\\/schema\\\/logo\\\/image\\\/\",\"url\":\"https:\\\/\\\/shop.bantam.ch\\\/wp-content\\\/uploads\\\/2022\\\/12\\\/bantam-logo.png\",\"contentUrl\":\"https:\\\/\\\/shop.bantam.ch\\\/wp-content\\\/uploads\\\/2022\\\/12\\\/bantam-logo.png\",\"width\":320,\"height\":71,\"caption\":\"Bantam Wankm\u00fcller SA\"},\"image\":{\"@id\":\"https:\\\/\\\/shop.bantam.ch\\\/fr\\\/#\\\/schema\\\/logo\\\/image\\\/\"}}]}<\/script>\n<!-- \/ Yoast SEO plugin. -->","yoast_head_json":{"title":"Set de casseroles Elegance Compact 3 pcs. - Bantam Wankm\u00fcller SA","robots":{"index":"index","follow":"follow","max-snippet":"max-snippet:-1","max-image-preview":"max-image-preview:large","max-video-preview":"max-video-preview:-1"},"canonical":"https:\/\/shop.bantam.ch\/fr\/produit\/set-de-casseroles-elegance-compact-3-pcs\/","og_locale":"fr_FR","og_type":"article","og_title":"Set de casseroles Elegance Compact 3 pcs. - Bantam Wankm\u00fcller SA","og_description":"Un luxueux set de casseroles en acier inoxydable de 3 pi\u00e8ces. Chaque casserole a un couvercle avec un bouton r\u00e9sistant \u00e0 la chaleur. En outre, chaque po\u00eale est dot\u00e9e de poign\u00e9es r\u00e9sistantes \u00e0 la chaleur. Apr\u00e8s utilisation, ces poign\u00e9es peuvent \u00eatre facilement rabattues, ce qui permet d&#8217;empiler et de ranger les po\u00eales en \u00e9conomisant de [&hellip;]","og_url":"https:\/\/shop.bantam.ch\/fr\/produit\/set-de-casseroles-elegance-compact-3-pcs\/","og_site_name":"Bantam Wankm\u00fcller SA","article_modified_time":"2026-04-18T21:54:52+00:00","twitter_card":"summary_large_image","twitter_misc":{"Dur\u00e9e de lecture estim\u00e9e":"1 minute"},"schema":{"@context":"https:\/\/schema.org","@graph":[{"@type":"WebPage","@id":"https:\/\/shop.bantam.ch\/fr\/produit\/set-de-casseroles-elegance-compact-3-pcs\/","url":"https:\/\/shop.bantam.ch\/fr\/produit\/set-de-casseroles-elegance-compact-3-pcs\/","name":"Set de casseroles Elegance Compact 3 pcs. - Bantam Wankm\u00fcller SA","isPartOf":{"@id":"https:\/\/shop.bantam.ch\/fr\/#website"},"primaryImageOfPage":{"@id":"https:\/\/shop.bantam.ch\/fr\/produit\/set-de-casseroles-elegance-compact-3-pcs\/#primaryimage"},"image":{"@id":"https:\/\/shop.bantam.ch\/fr\/produit\/set-de-casseroles-elegance-compact-3-pcs\/#primaryimage"},"thumbnailUrl":"https:\/\/shop.bantam.ch\/wp-content\/uploads\/2026\/01\/Movera-L-9987045100.jpg","datePublished":"2026-01-06T15:50:16+00:00","dateModified":"2026-04-18T21:54:52+00:00","breadcrumb":{"@id":"https:\/\/shop.bantam.ch\/fr\/produit\/set-de-casseroles-elegance-compact-3-pcs\/#breadcrumb"},"inLanguage":"fr-FR","potentialAction":[{"@type":"ReadAction","target":["https:\/\/shop.bantam.ch\/fr\/produit\/set-de-casseroles-elegance-compact-3-pcs\/"]}]},{"@type":"ImageObject","inLanguage":"fr-FR","@id":"https:\/\/shop.bantam.ch\/fr\/produit\/set-de-casseroles-elegance-compact-3-pcs\/#primaryimage","url":"https:\/\/shop.bantam.ch\/wp-content\/uploads\/2026\/01\/Movera-L-9987045100.jpg","contentUrl":"https:\/\/shop.bantam.ch\/wp-content\/uploads\/2026\/01\/Movera-L-9987045100.jpg","width":640,"height":807},{"@type":"BreadcrumbList","@id":"https:\/\/shop.bantam.ch\/fr\/produit\/set-de-casseroles-elegance-compact-3-pcs\/#breadcrumb","itemListElement":[{"@type":"ListItem","position":1,"name":"Accueil","item":"https:\/\/shop.bantam.ch\/fr\/"},{"@type":"ListItem","position":2,"name":"Boutique","item":"https:\/\/shop.bantam.ch\/fr\/boutique\/"},{"@type":"ListItem","position":3,"name":"Set de casseroles Elegance Compact 3 pcs."}]},{"@type":"WebSite","@id":"https:\/\/shop.bantam.ch\/fr\/#website","url":"https:\/\/shop.bantam.ch\/fr\/","name":"Bantam Wankm\u00fcller SA","description":"","publisher":{"@id":"https:\/\/shop.bantam.ch\/fr\/#organization"},"inLanguage":"fr-FR"},{"@type":"Organization","@id":"https:\/\/shop.bantam.ch\/fr\/#organization","name":"Bantam Wankm\u00fcller SA","url":"https:\/\/shop.bantam.ch\/fr\/","logo":{"@type":"ImageObject","inLanguage":"fr-FR","@id":"https:\/\/shop.bantam.ch\/fr\/#\/schema\/logo\/image\/","url":"https:\/\/shop.bantam.ch\/wp-content\/uploads\/2022\/12\/bantam-logo.png","contentUrl":"https:\/\/shop.bantam.ch\/wp-content\/uploads\/2022\/12\/bantam-logo.png","width":320,"height":71,"caption":"Bantam Wankm\u00fcller SA"},"image":{"@id":"https:\/\/shop.bantam.ch\/fr\/#\/schema\/logo\/image\/"}}]}},"_links":{"self":[{"href":"https:\/\/shop.bantam.ch\/fr\/wp-json\/wp\/v2\/product\/230709","targetHints":{"allow":["GET"]}}],"collection":[{"href":"https:\/\/shop.bantam.ch\/fr\/wp-json\/wp\/v2\/product"}],"about":[{"href":"https:\/\/shop.bantam.ch\/fr\/wp-json\/wp\/v2\/types\/product"}],"wp:featuredmedia":[{"embeddable":true,"href":"https:\/\/shop.bantam.ch\/fr\/wp-json\/wp\/v2\/media\/230707"}],"wp:attachment":[{"href":"https:\/\/shop.bantam.ch\/fr\/wp-json\/wp\/v2\/media?parent=230709"}],"wp:term":[{"taxonomy":"product_featured_cat","embeddable":true,"href":"https:\/\/shop.bantam.ch\/fr\/wp-json\/wp\/v2\/product_featured_cat?post=230709"},{"taxonomy":"product_brand","embeddable":true,"href":"https:\/\/shop.bantam.ch\/fr\/wp-json\/wp\/v2\/product_brand?post=230709"},{"taxonomy":"product_cat","embeddable":true,"href":"https:\/\/shop.bantam.ch\/fr\/wp-json\/wp\/v2\/product_cat?post=230709"},{"taxonomy":"product_tag","embeddable":true,"href":"https:\/\/shop.bantam.ch\/fr\/wp-json\/wp\/v2\/product_tag?post=230709"}],"curies":[{"name":"wp","href":"https:\/\/api.w.org\/{rel}","templated":true}]}}