{"id":230567,"date":"2026-01-06T16:47:09","date_gmt":"2026-01-06T15:47:09","guid":{"rendered":"https:\/\/shop.bantam.ch\/produit\/porte-velos-velocompact-2-roues\/"},"modified":"2026-04-17T23:50:58","modified_gmt":"2026-04-17T21:50:58","slug":"porte-velos-velocompact-2-roues","status":"publish","type":"product","link":"https:\/\/shop.bantam.ch\/fr\/produit\/porte-velos-velocompact-2-roues\/","title":{"rendered":"Porte-v\u00e9los VeloCompact 2 roues"},"content":{"rendered":"<p>Compact et l\u00e9ger pour une utilisation quotidienne.<br \/>\nLe Thule VeloCompact est un porte-v\u00e9los compact et l\u00e9ger pour une utilisation quotidienne. Il est le choix id\u00e9al pour toute une s\u00e9rie de types de v\u00e9los, y compris les v\u00e9los de course, les v\u00e9los \u00e9lectriques ou les VTT. M\u00eame avec des v\u00e9los charg\u00e9s, vous avez toujours acc\u00e8s au coffre. Ce porte-v\u00e9los compact et pratique au quotidien peut \u00e9galement \u00eatre repli\u00e9 et est alors suffisamment petit pour se glisser dans le coffre de la plupart des voitures.<\/p>\n<ul>\n<li>Chargement pratique des v\u00e9los gr\u00e2ce aux bras de support de v\u00e9lo amovibles avec boutons rotatifs verrouillables.<\/li>\n<li>Transporte des v\u00e9los avec un grand empattement gr\u00e2ce \u00e0 des supports de jantes facilement extensibles<\/li>\n<li>Le m\u00e9canisme de rabattement pratique avec p\u00e9dale permet d&rsquo;acc\u00e9der facilement au coffre, m\u00eame avec les v\u00e9los sur le porte-v\u00e9los<\/li>\n<li>L&rsquo;attelage r\u00e9glable \u00e0 une main permet un montage facile du porte-v\u00e9los<\/li>\n<li>Fixation facile des roues gr\u00e2ce aux longues sangles de maintien des jantes avec fonction de cliquet<\/li>\n<li>Facile \u00e0 plier et \u00e0 ranger &#8211; s&rsquo;adapte aux compartiments \u00e0 bagages de la plupart des voitures particuli\u00e8res<\/li>\n<li>Verrouille votre porte-v\u00e9los sur l&rsquo;attelage (cadenas fourni)<\/li>\n<li>Pr\u00e9-assembl\u00e9, aucun outil n\u00e9cessaire<\/li>\n<li>Dimensions pli\u00e9es (L x l x H) : 106 x 66 x 30 cm<\/li>\n<li>Adapt\u00e9 aux cadres de 22 \u00e0 80 mm de diam\u00e8tre<\/li>\n<li>Taille max. Largeur de pneu : 3<\/li>\n<li>Max. Largeur de pneu (diam\u00e8tre) : 29<\/li>\n<li>Longueur max. Empattement : 1250 mm<\/li>\n<li>Distance entre les v\u00e9los : 19 cm<\/li>\n<li>Convient aux cadres en carbone : Adaptateur n\u00e9cessaire : Thule Carbon Frame Protector, Thule AcuTight Knob<\/li>\n<li>Montage des roues sur supports r\u00e9glables : Pump buckles<\/li>\n<li>Convient aux v\u00e9hicules avec roue de secours \u00e0 l&rsquo;arri\u00e8re : Adaptateur n\u00e9cessaire : Thule VeloCompact Spare Wheel Adapter<\/li>\n<li>Connecteur : 13-pin<\/li>\n<\/ul>\n","protected":false},"excerpt":{"rendered":"<p>Compact et l\u00e9ger pour une utilisation quotidienne. Le Thule VeloCompact est un porte-v\u00e9los compact et l\u00e9ger pour une utilisation quotidienne. Il est le choix id\u00e9al pour toute une s\u00e9rie de types de v\u00e9los, y compris les v\u00e9los de course, les v\u00e9los \u00e9lectriques ou les VTT. M\u00eame avec des v\u00e9los charg\u00e9s, vous avez toujours acc\u00e8s au [&hellip;]<\/p>\n","protected":false},"featured_media":230561,"template":"","meta":{"_acf_changed":false},"product_featured_cat":[],"product_brand":[],"product_cat":[5137],"product_tag":[],"class_list":{"0":"post-230567","1":"product","2":"type-product","3":"status-publish","4":"has-post-thumbnail","6":"product_cat-porte-velos-arriere","8":"first","9":"instock","10":"taxable","11":"shipping-taxable","12":"purchasable","13":"product-type-simple"},"acf":[],"yoast_head":"<!-- This site is optimized with the Yoast SEO plugin v27.4 - https:\/\/yoast.com\/product\/yoast-seo-wordpress\/ -->\n<title>Porte-v\u00e9los VeloCompact 2 roues - Bantam Wankm\u00fcller SA<\/title>\n<meta name=\"robots\" content=\"index, follow, max-snippet:-1, max-image-preview:large, max-video-preview:-1\" \/>\n<link rel=\"canonical\" href=\"https:\/\/shop.bantam.ch\/fr\/produit\/porte-velos-velocompact-2-roues\/\" \/>\n<meta property=\"og:locale\" content=\"fr_FR\" \/>\n<meta property=\"og:type\" content=\"article\" \/>\n<meta property=\"og:title\" content=\"Porte-v\u00e9los VeloCompact 2 roues - Bantam Wankm\u00fcller SA\" \/>\n<meta property=\"og:description\" content=\"Compact et l\u00e9ger pour une utilisation quotidienne. Le Thule VeloCompact est un porte-v\u00e9los compact et l\u00e9ger pour une utilisation quotidienne. Il est le choix id\u00e9al pour toute une s\u00e9rie de types de v\u00e9los, y compris les v\u00e9los de course, les v\u00e9los \u00e9lectriques ou les VTT. M\u00eame avec des v\u00e9los charg\u00e9s, vous avez toujours acc\u00e8s au [&hellip;]\" \/>\n<meta property=\"og:url\" content=\"https:\/\/shop.bantam.ch\/fr\/produit\/porte-velos-velocompact-2-roues\/\" \/>\n<meta property=\"og:site_name\" content=\"Bantam Wankm\u00fcller SA\" \/>\n<meta property=\"article:modified_time\" content=\"2026-04-17T21:50:58+00:00\" \/>\n<meta name=\"twitter:card\" content=\"summary_large_image\" \/>\n<meta name=\"twitter:label1\" content=\"Dur\u00e9e de lecture estim\u00e9e\" \/>\n\t<meta name=\"twitter:data1\" content=\"1 minute\" \/>\n<script type=\"application\/ld+json\" class=\"yoast-schema-graph\">{\"@context\":\"https:\\\/\\\/schema.org\",\"@graph\":[{\"@type\":\"WebPage\",\"@id\":\"https:\\\/\\\/shop.bantam.ch\\\/fr\\\/produit\\\/porte-velos-velocompact-2-roues\\\/\",\"url\":\"https:\\\/\\\/shop.bantam.ch\\\/fr\\\/produit\\\/porte-velos-velocompact-2-roues\\\/\",\"name\":\"Porte-v\u00e9los VeloCompact 2 roues - Bantam Wankm\u00fcller SA\",\"isPartOf\":{\"@id\":\"https:\\\/\\\/shop.bantam.ch\\\/fr\\\/#website\"},\"primaryImageOfPage\":{\"@id\":\"https:\\\/\\\/shop.bantam.ch\\\/fr\\\/produit\\\/porte-velos-velocompact-2-roues\\\/#primaryimage\"},\"image\":{\"@id\":\"https:\\\/\\\/shop.bantam.ch\\\/fr\\\/produit\\\/porte-velos-velocompact-2-roues\\\/#primaryimage\"},\"thumbnailUrl\":\"https:\\\/\\\/shop.bantam.ch\\\/wp-content\\\/uploads\\\/2026\\\/01\\\/Movera-L-9950952100.jpg\",\"datePublished\":\"2026-01-06T15:47:09+00:00\",\"dateModified\":\"2026-04-17T21:50:58+00:00\",\"breadcrumb\":{\"@id\":\"https:\\\/\\\/shop.bantam.ch\\\/fr\\\/produit\\\/porte-velos-velocompact-2-roues\\\/#breadcrumb\"},\"inLanguage\":\"fr-FR\",\"potentialAction\":[{\"@type\":\"ReadAction\",\"target\":[\"https:\\\/\\\/shop.bantam.ch\\\/fr\\\/produit\\\/porte-velos-velocompact-2-roues\\\/\"]}]},{\"@type\":\"ImageObject\",\"inLanguage\":\"fr-FR\",\"@id\":\"https:\\\/\\\/shop.bantam.ch\\\/fr\\\/produit\\\/porte-velos-velocompact-2-roues\\\/#primaryimage\",\"url\":\"https:\\\/\\\/shop.bantam.ch\\\/wp-content\\\/uploads\\\/2026\\\/01\\\/Movera-L-9950952100.jpg\",\"contentUrl\":\"https:\\\/\\\/shop.bantam.ch\\\/wp-content\\\/uploads\\\/2026\\\/01\\\/Movera-L-9950952100.jpg\",\"width\":640,\"height\":452},{\"@type\":\"BreadcrumbList\",\"@id\":\"https:\\\/\\\/shop.bantam.ch\\\/fr\\\/produit\\\/porte-velos-velocompact-2-roues\\\/#breadcrumb\",\"itemListElement\":[{\"@type\":\"ListItem\",\"position\":1,\"name\":\"Accueil\",\"item\":\"https:\\\/\\\/shop.bantam.ch\\\/fr\\\/\"},{\"@type\":\"ListItem\",\"position\":2,\"name\":\"Boutique\",\"item\":\"https:\\\/\\\/shop.bantam.ch\\\/fr\\\/boutique\\\/\"},{\"@type\":\"ListItem\",\"position\":3,\"name\":\"Porte-v\u00e9los VeloCompact 2 roues\"}]},{\"@type\":\"WebSite\",\"@id\":\"https:\\\/\\\/shop.bantam.ch\\\/fr\\\/#website\",\"url\":\"https:\\\/\\\/shop.bantam.ch\\\/fr\\\/\",\"name\":\"Bantam Wankm\u00fcller SA\",\"description\":\"\",\"publisher\":{\"@id\":\"https:\\\/\\\/shop.bantam.ch\\\/fr\\\/#organization\"},\"inLanguage\":\"fr-FR\"},{\"@type\":\"Organization\",\"@id\":\"https:\\\/\\\/shop.bantam.ch\\\/fr\\\/#organization\",\"name\":\"Bantam Wankm\u00fcller SA\",\"url\":\"https:\\\/\\\/shop.bantam.ch\\\/fr\\\/\",\"logo\":{\"@type\":\"ImageObject\",\"inLanguage\":\"fr-FR\",\"@id\":\"https:\\\/\\\/shop.bantam.ch\\\/fr\\\/#\\\/schema\\\/logo\\\/image\\\/\",\"url\":\"https:\\\/\\\/shop.bantam.ch\\\/wp-content\\\/uploads\\\/2022\\\/12\\\/bantam-logo.png\",\"contentUrl\":\"https:\\\/\\\/shop.bantam.ch\\\/wp-content\\\/uploads\\\/2022\\\/12\\\/bantam-logo.png\",\"width\":320,\"height\":71,\"caption\":\"Bantam Wankm\u00fcller SA\"},\"image\":{\"@id\":\"https:\\\/\\\/shop.bantam.ch\\\/fr\\\/#\\\/schema\\\/logo\\\/image\\\/\"}}]}<\/script>\n<!-- \/ Yoast SEO plugin. -->","yoast_head_json":{"title":"Porte-v\u00e9los VeloCompact 2 roues - Bantam Wankm\u00fcller SA","robots":{"index":"index","follow":"follow","max-snippet":"max-snippet:-1","max-image-preview":"max-image-preview:large","max-video-preview":"max-video-preview:-1"},"canonical":"https:\/\/shop.bantam.ch\/fr\/produit\/porte-velos-velocompact-2-roues\/","og_locale":"fr_FR","og_type":"article","og_title":"Porte-v\u00e9los VeloCompact 2 roues - Bantam Wankm\u00fcller SA","og_description":"Compact et l\u00e9ger pour une utilisation quotidienne. Le Thule VeloCompact est un porte-v\u00e9los compact et l\u00e9ger pour une utilisation quotidienne. Il est le choix id\u00e9al pour toute une s\u00e9rie de types de v\u00e9los, y compris les v\u00e9los de course, les v\u00e9los \u00e9lectriques ou les VTT. M\u00eame avec des v\u00e9los charg\u00e9s, vous avez toujours acc\u00e8s au [&hellip;]","og_url":"https:\/\/shop.bantam.ch\/fr\/produit\/porte-velos-velocompact-2-roues\/","og_site_name":"Bantam Wankm\u00fcller SA","article_modified_time":"2026-04-17T21:50:58+00:00","twitter_card":"summary_large_image","twitter_misc":{"Dur\u00e9e de lecture estim\u00e9e":"1 minute"},"schema":{"@context":"https:\/\/schema.org","@graph":[{"@type":"WebPage","@id":"https:\/\/shop.bantam.ch\/fr\/produit\/porte-velos-velocompact-2-roues\/","url":"https:\/\/shop.bantam.ch\/fr\/produit\/porte-velos-velocompact-2-roues\/","name":"Porte-v\u00e9los VeloCompact 2 roues - Bantam Wankm\u00fcller SA","isPartOf":{"@id":"https:\/\/shop.bantam.ch\/fr\/#website"},"primaryImageOfPage":{"@id":"https:\/\/shop.bantam.ch\/fr\/produit\/porte-velos-velocompact-2-roues\/#primaryimage"},"image":{"@id":"https:\/\/shop.bantam.ch\/fr\/produit\/porte-velos-velocompact-2-roues\/#primaryimage"},"thumbnailUrl":"https:\/\/shop.bantam.ch\/wp-content\/uploads\/2026\/01\/Movera-L-9950952100.jpg","datePublished":"2026-01-06T15:47:09+00:00","dateModified":"2026-04-17T21:50:58+00:00","breadcrumb":{"@id":"https:\/\/shop.bantam.ch\/fr\/produit\/porte-velos-velocompact-2-roues\/#breadcrumb"},"inLanguage":"fr-FR","potentialAction":[{"@type":"ReadAction","target":["https:\/\/shop.bantam.ch\/fr\/produit\/porte-velos-velocompact-2-roues\/"]}]},{"@type":"ImageObject","inLanguage":"fr-FR","@id":"https:\/\/shop.bantam.ch\/fr\/produit\/porte-velos-velocompact-2-roues\/#primaryimage","url":"https:\/\/shop.bantam.ch\/wp-content\/uploads\/2026\/01\/Movera-L-9950952100.jpg","contentUrl":"https:\/\/shop.bantam.ch\/wp-content\/uploads\/2026\/01\/Movera-L-9950952100.jpg","width":640,"height":452},{"@type":"BreadcrumbList","@id":"https:\/\/shop.bantam.ch\/fr\/produit\/porte-velos-velocompact-2-roues\/#breadcrumb","itemListElement":[{"@type":"ListItem","position":1,"name":"Accueil","item":"https:\/\/shop.bantam.ch\/fr\/"},{"@type":"ListItem","position":2,"name":"Boutique","item":"https:\/\/shop.bantam.ch\/fr\/boutique\/"},{"@type":"ListItem","position":3,"name":"Porte-v\u00e9los VeloCompact 2 roues"}]},{"@type":"WebSite","@id":"https:\/\/shop.bantam.ch\/fr\/#website","url":"https:\/\/shop.bantam.ch\/fr\/","name":"Bantam Wankm\u00fcller SA","description":"","publisher":{"@id":"https:\/\/shop.bantam.ch\/fr\/#organization"},"inLanguage":"fr-FR"},{"@type":"Organization","@id":"https:\/\/shop.bantam.ch\/fr\/#organization","name":"Bantam Wankm\u00fcller SA","url":"https:\/\/shop.bantam.ch\/fr\/","logo":{"@type":"ImageObject","inLanguage":"fr-FR","@id":"https:\/\/shop.bantam.ch\/fr\/#\/schema\/logo\/image\/","url":"https:\/\/shop.bantam.ch\/wp-content\/uploads\/2022\/12\/bantam-logo.png","contentUrl":"https:\/\/shop.bantam.ch\/wp-content\/uploads\/2022\/12\/bantam-logo.png","width":320,"height":71,"caption":"Bantam Wankm\u00fcller SA"},"image":{"@id":"https:\/\/shop.bantam.ch\/fr\/#\/schema\/logo\/image\/"}}]}},"_links":{"self":[{"href":"https:\/\/shop.bantam.ch\/fr\/wp-json\/wp\/v2\/product\/230567","targetHints":{"allow":["GET"]}}],"collection":[{"href":"https:\/\/shop.bantam.ch\/fr\/wp-json\/wp\/v2\/product"}],"about":[{"href":"https:\/\/shop.bantam.ch\/fr\/wp-json\/wp\/v2\/types\/product"}],"wp:featuredmedia":[{"embeddable":true,"href":"https:\/\/shop.bantam.ch\/fr\/wp-json\/wp\/v2\/media\/230561"}],"wp:attachment":[{"href":"https:\/\/shop.bantam.ch\/fr\/wp-json\/wp\/v2\/media?parent=230567"}],"wp:term":[{"taxonomy":"product_featured_cat","embeddable":true,"href":"https:\/\/shop.bantam.ch\/fr\/wp-json\/wp\/v2\/product_featured_cat?post=230567"},{"taxonomy":"product_brand","embeddable":true,"href":"https:\/\/shop.bantam.ch\/fr\/wp-json\/wp\/v2\/product_brand?post=230567"},{"taxonomy":"product_cat","embeddable":true,"href":"https:\/\/shop.bantam.ch\/fr\/wp-json\/wp\/v2\/product_cat?post=230567"},{"taxonomy":"product_tag","embeddable":true,"href":"https:\/\/shop.bantam.ch\/fr\/wp-json\/wp\/v2\/product_tag?post=230567"}],"curies":[{"name":"wp","href":"https:\/\/api.w.org\/{rel}","templated":true}]}}