{"id":230537,"date":"2026-01-06T16:46:16","date_gmt":"2026-01-06T15:46:16","guid":{"rendered":"https:\/\/shop.bantam.ch\/produit\/bol-de-cereales-club-bowl-set-de-4\/"},"modified":"2026-04-19T02:40:34","modified_gmt":"2026-04-19T00:40:34","slug":"bol-de-cereales-club-bowl-set-de-4","status":"publish","type":"product","link":"https:\/\/shop.bantam.ch\/fr\/produit\/bol-de-cereales-club-bowl-set-de-4\/","title":{"rendered":"Bol de c\u00e9r\u00e9ales Club Bowl Set de 4"},"content":{"rendered":"<p>Exactement la bonne taille pour les recettes de bols \u00e0 la mode ! Qu&rsquo;il s&rsquo;agisse d&rsquo;un smoothie, d&rsquo;un bowl v\u00e9g\u00e9tarien ou d&rsquo;un buddha, ce bol permet de pr\u00e9senter les nouvelles id\u00e9es de recettes de mani\u00e8re attrayante. Le bol est en outre extr\u00eamement universel et fait \u00e9galement bonne figure pour les fruits, les salades, les desserts ou les soupes. Le mat\u00e9riau reste beau longtemps et convient bien s\u00fbr au lave-vaisselle.<\/p>\n","protected":false},"excerpt":{"rendered":"<p>Exactement la bonne taille pour les recettes de bols \u00e0 la mode ! Qu&rsquo;il s&rsquo;agisse d&rsquo;un smoothie, d&rsquo;un bowl v\u00e9g\u00e9tarien ou d&rsquo;un buddha, ce bol permet de pr\u00e9senter les nouvelles id\u00e9es de recettes de mani\u00e8re attrayante. Le bol est en outre extr\u00eamement universel et fait \u00e9galement bonne figure pour les fruits, les salades, les desserts [&hellip;]<\/p>\n","protected":false},"featured_media":230533,"template":"","meta":{"_acf_changed":false},"product_featured_cat":[],"product_brand":[],"product_cat":[4275],"product_tag":[],"class_list":{"0":"post-230537","1":"product","2":"type-product","3":"status-publish","4":"has-post-thumbnail","6":"product_cat-saladiers-et-bols","8":"first","9":"instock","10":"taxable","11":"shipping-taxable","12":"purchasable","13":"product-type-variable"},"acf":[],"yoast_head":"<!-- This site is optimized with the Yoast SEO plugin v27.4 - https:\/\/yoast.com\/product\/yoast-seo-wordpress\/ -->\n<title>Bol de c\u00e9r\u00e9ales Club Bowl Set de 4 - Bantam Wankm\u00fcller SA<\/title>\n<meta name=\"robots\" content=\"index, follow, max-snippet:-1, max-image-preview:large, max-video-preview:-1\" \/>\n<link rel=\"canonical\" href=\"https:\/\/shop.bantam.ch\/fr\/produit\/bol-de-cereales-club-bowl-set-de-4\/\" \/>\n<meta property=\"og:locale\" content=\"fr_FR\" \/>\n<meta property=\"og:type\" content=\"article\" \/>\n<meta property=\"og:title\" content=\"Bol de c\u00e9r\u00e9ales Club Bowl Set de 4 - Bantam Wankm\u00fcller SA\" \/>\n<meta property=\"og:description\" content=\"Exactement la bonne taille pour les recettes de bols \u00e0 la mode ! Qu&rsquo;il s&rsquo;agisse d&rsquo;un smoothie, d&rsquo;un bowl v\u00e9g\u00e9tarien ou d&rsquo;un buddha, ce bol permet de pr\u00e9senter les nouvelles id\u00e9es de recettes de mani\u00e8re attrayante. Le bol est en outre extr\u00eamement universel et fait \u00e9galement bonne figure pour les fruits, les salades, les desserts [&hellip;]\" \/>\n<meta property=\"og:url\" content=\"https:\/\/shop.bantam.ch\/fr\/produit\/bol-de-cereales-club-bowl-set-de-4\/\" \/>\n<meta property=\"og:site_name\" content=\"Bantam Wankm\u00fcller SA\" \/>\n<meta property=\"article:modified_time\" content=\"2026-04-19T00:40:34+00:00\" \/>\n<meta name=\"twitter:card\" content=\"summary_large_image\" \/>\n<script type=\"application\/ld+json\" class=\"yoast-schema-graph\">{\"@context\":\"https:\\\/\\\/schema.org\",\"@graph\":[{\"@type\":\"WebPage\",\"@id\":\"https:\\\/\\\/shop.bantam.ch\\\/fr\\\/produit\\\/bol-de-cereales-club-bowl-set-de-4\\\/\",\"url\":\"https:\\\/\\\/shop.bantam.ch\\\/fr\\\/produit\\\/bol-de-cereales-club-bowl-set-de-4\\\/\",\"name\":\"Bol de c\u00e9r\u00e9ales Club Bowl Set de 4 - Bantam Wankm\u00fcller SA\",\"isPartOf\":{\"@id\":\"https:\\\/\\\/shop.bantam.ch\\\/fr\\\/#website\"},\"primaryImageOfPage\":{\"@id\":\"https:\\\/\\\/shop.bantam.ch\\\/fr\\\/produit\\\/bol-de-cereales-club-bowl-set-de-4\\\/#primaryimage\"},\"image\":{\"@id\":\"https:\\\/\\\/shop.bantam.ch\\\/fr\\\/produit\\\/bol-de-cereales-club-bowl-set-de-4\\\/#primaryimage\"},\"thumbnailUrl\":\"https:\\\/\\\/shop.bantam.ch\\\/wp-content\\\/uploads\\\/2026\\\/01\\\/Movera-L-9987022100.jpg\",\"datePublished\":\"2026-01-06T15:46:16+00:00\",\"dateModified\":\"2026-04-19T00:40:34+00:00\",\"breadcrumb\":{\"@id\":\"https:\\\/\\\/shop.bantam.ch\\\/fr\\\/produit\\\/bol-de-cereales-club-bowl-set-de-4\\\/#breadcrumb\"},\"inLanguage\":\"fr-FR\",\"potentialAction\":[{\"@type\":\"ReadAction\",\"target\":[\"https:\\\/\\\/shop.bantam.ch\\\/fr\\\/produit\\\/bol-de-cereales-club-bowl-set-de-4\\\/\"]}]},{\"@type\":\"ImageObject\",\"inLanguage\":\"fr-FR\",\"@id\":\"https:\\\/\\\/shop.bantam.ch\\\/fr\\\/produit\\\/bol-de-cereales-club-bowl-set-de-4\\\/#primaryimage\",\"url\":\"https:\\\/\\\/shop.bantam.ch\\\/wp-content\\\/uploads\\\/2026\\\/01\\\/Movera-L-9987022100.jpg\",\"contentUrl\":\"https:\\\/\\\/shop.bantam.ch\\\/wp-content\\\/uploads\\\/2026\\\/01\\\/Movera-L-9987022100.jpg\",\"width\":640,\"height\":640},{\"@type\":\"BreadcrumbList\",\"@id\":\"https:\\\/\\\/shop.bantam.ch\\\/fr\\\/produit\\\/bol-de-cereales-club-bowl-set-de-4\\\/#breadcrumb\",\"itemListElement\":[{\"@type\":\"ListItem\",\"position\":1,\"name\":\"Accueil\",\"item\":\"https:\\\/\\\/shop.bantam.ch\\\/fr\\\/\"},{\"@type\":\"ListItem\",\"position\":2,\"name\":\"Boutique\",\"item\":\"https:\\\/\\\/shop.bantam.ch\\\/fr\\\/boutique\\\/\"},{\"@type\":\"ListItem\",\"position\":3,\"name\":\"Bol de c\u00e9r\u00e9ales Club Bowl Set de 4\"}]},{\"@type\":\"WebSite\",\"@id\":\"https:\\\/\\\/shop.bantam.ch\\\/fr\\\/#website\",\"url\":\"https:\\\/\\\/shop.bantam.ch\\\/fr\\\/\",\"name\":\"Bantam Wankm\u00fcller SA\",\"description\":\"\",\"publisher\":{\"@id\":\"https:\\\/\\\/shop.bantam.ch\\\/fr\\\/#organization\"},\"inLanguage\":\"fr-FR\"},{\"@type\":\"Organization\",\"@id\":\"https:\\\/\\\/shop.bantam.ch\\\/fr\\\/#organization\",\"name\":\"Bantam Wankm\u00fcller SA\",\"url\":\"https:\\\/\\\/shop.bantam.ch\\\/fr\\\/\",\"logo\":{\"@type\":\"ImageObject\",\"inLanguage\":\"fr-FR\",\"@id\":\"https:\\\/\\\/shop.bantam.ch\\\/fr\\\/#\\\/schema\\\/logo\\\/image\\\/\",\"url\":\"https:\\\/\\\/shop.bantam.ch\\\/wp-content\\\/uploads\\\/2022\\\/12\\\/bantam-logo.png\",\"contentUrl\":\"https:\\\/\\\/shop.bantam.ch\\\/wp-content\\\/uploads\\\/2022\\\/12\\\/bantam-logo.png\",\"width\":320,\"height\":71,\"caption\":\"Bantam Wankm\u00fcller SA\"},\"image\":{\"@id\":\"https:\\\/\\\/shop.bantam.ch\\\/fr\\\/#\\\/schema\\\/logo\\\/image\\\/\"}}]}<\/script>\n<!-- \/ Yoast SEO plugin. -->","yoast_head_json":{"title":"Bol de c\u00e9r\u00e9ales Club Bowl Set de 4 - Bantam Wankm\u00fcller SA","robots":{"index":"index","follow":"follow","max-snippet":"max-snippet:-1","max-image-preview":"max-image-preview:large","max-video-preview":"max-video-preview:-1"},"canonical":"https:\/\/shop.bantam.ch\/fr\/produit\/bol-de-cereales-club-bowl-set-de-4\/","og_locale":"fr_FR","og_type":"article","og_title":"Bol de c\u00e9r\u00e9ales Club Bowl Set de 4 - Bantam Wankm\u00fcller SA","og_description":"Exactement la bonne taille pour les recettes de bols \u00e0 la mode ! Qu&rsquo;il s&rsquo;agisse d&rsquo;un smoothie, d&rsquo;un bowl v\u00e9g\u00e9tarien ou d&rsquo;un buddha, ce bol permet de pr\u00e9senter les nouvelles id\u00e9es de recettes de mani\u00e8re attrayante. Le bol est en outre extr\u00eamement universel et fait \u00e9galement bonne figure pour les fruits, les salades, les desserts [&hellip;]","og_url":"https:\/\/shop.bantam.ch\/fr\/produit\/bol-de-cereales-club-bowl-set-de-4\/","og_site_name":"Bantam Wankm\u00fcller SA","article_modified_time":"2026-04-19T00:40:34+00:00","twitter_card":"summary_large_image","schema":{"@context":"https:\/\/schema.org","@graph":[{"@type":"WebPage","@id":"https:\/\/shop.bantam.ch\/fr\/produit\/bol-de-cereales-club-bowl-set-de-4\/","url":"https:\/\/shop.bantam.ch\/fr\/produit\/bol-de-cereales-club-bowl-set-de-4\/","name":"Bol de c\u00e9r\u00e9ales Club Bowl Set de 4 - Bantam Wankm\u00fcller SA","isPartOf":{"@id":"https:\/\/shop.bantam.ch\/fr\/#website"},"primaryImageOfPage":{"@id":"https:\/\/shop.bantam.ch\/fr\/produit\/bol-de-cereales-club-bowl-set-de-4\/#primaryimage"},"image":{"@id":"https:\/\/shop.bantam.ch\/fr\/produit\/bol-de-cereales-club-bowl-set-de-4\/#primaryimage"},"thumbnailUrl":"https:\/\/shop.bantam.ch\/wp-content\/uploads\/2026\/01\/Movera-L-9987022100.jpg","datePublished":"2026-01-06T15:46:16+00:00","dateModified":"2026-04-19T00:40:34+00:00","breadcrumb":{"@id":"https:\/\/shop.bantam.ch\/fr\/produit\/bol-de-cereales-club-bowl-set-de-4\/#breadcrumb"},"inLanguage":"fr-FR","potentialAction":[{"@type":"ReadAction","target":["https:\/\/shop.bantam.ch\/fr\/produit\/bol-de-cereales-club-bowl-set-de-4\/"]}]},{"@type":"ImageObject","inLanguage":"fr-FR","@id":"https:\/\/shop.bantam.ch\/fr\/produit\/bol-de-cereales-club-bowl-set-de-4\/#primaryimage","url":"https:\/\/shop.bantam.ch\/wp-content\/uploads\/2026\/01\/Movera-L-9987022100.jpg","contentUrl":"https:\/\/shop.bantam.ch\/wp-content\/uploads\/2026\/01\/Movera-L-9987022100.jpg","width":640,"height":640},{"@type":"BreadcrumbList","@id":"https:\/\/shop.bantam.ch\/fr\/produit\/bol-de-cereales-club-bowl-set-de-4\/#breadcrumb","itemListElement":[{"@type":"ListItem","position":1,"name":"Accueil","item":"https:\/\/shop.bantam.ch\/fr\/"},{"@type":"ListItem","position":2,"name":"Boutique","item":"https:\/\/shop.bantam.ch\/fr\/boutique\/"},{"@type":"ListItem","position":3,"name":"Bol de c\u00e9r\u00e9ales Club Bowl Set de 4"}]},{"@type":"WebSite","@id":"https:\/\/shop.bantam.ch\/fr\/#website","url":"https:\/\/shop.bantam.ch\/fr\/","name":"Bantam Wankm\u00fcller SA","description":"","publisher":{"@id":"https:\/\/shop.bantam.ch\/fr\/#organization"},"inLanguage":"fr-FR"},{"@type":"Organization","@id":"https:\/\/shop.bantam.ch\/fr\/#organization","name":"Bantam Wankm\u00fcller SA","url":"https:\/\/shop.bantam.ch\/fr\/","logo":{"@type":"ImageObject","inLanguage":"fr-FR","@id":"https:\/\/shop.bantam.ch\/fr\/#\/schema\/logo\/image\/","url":"https:\/\/shop.bantam.ch\/wp-content\/uploads\/2022\/12\/bantam-logo.png","contentUrl":"https:\/\/shop.bantam.ch\/wp-content\/uploads\/2022\/12\/bantam-logo.png","width":320,"height":71,"caption":"Bantam Wankm\u00fcller SA"},"image":{"@id":"https:\/\/shop.bantam.ch\/fr\/#\/schema\/logo\/image\/"}}]}},"_links":{"self":[{"href":"https:\/\/shop.bantam.ch\/fr\/wp-json\/wp\/v2\/product\/230537","targetHints":{"allow":["GET"]}}],"collection":[{"href":"https:\/\/shop.bantam.ch\/fr\/wp-json\/wp\/v2\/product"}],"about":[{"href":"https:\/\/shop.bantam.ch\/fr\/wp-json\/wp\/v2\/types\/product"}],"wp:featuredmedia":[{"embeddable":true,"href":"https:\/\/shop.bantam.ch\/fr\/wp-json\/wp\/v2\/media\/230533"}],"wp:attachment":[{"href":"https:\/\/shop.bantam.ch\/fr\/wp-json\/wp\/v2\/media?parent=230537"}],"wp:term":[{"taxonomy":"product_featured_cat","embeddable":true,"href":"https:\/\/shop.bantam.ch\/fr\/wp-json\/wp\/v2\/product_featured_cat?post=230537"},{"taxonomy":"product_brand","embeddable":true,"href":"https:\/\/shop.bantam.ch\/fr\/wp-json\/wp\/v2\/product_brand?post=230537"},{"taxonomy":"product_cat","embeddable":true,"href":"https:\/\/shop.bantam.ch\/fr\/wp-json\/wp\/v2\/product_cat?post=230537"},{"taxonomy":"product_tag","embeddable":true,"href":"https:\/\/shop.bantam.ch\/fr\/wp-json\/wp\/v2\/product_tag?post=230537"}],"curies":[{"name":"wp","href":"https:\/\/api.w.org\/{rel}","templated":true}]}}