{"id":230523,"date":"2026-01-06T16:46:02","date_gmt":"2026-01-06T15:46:02","guid":{"rendered":"https:\/\/shop.bantam.ch\/produit\/frein-de-vis-248-contenu-9-g\/"},"modified":"2026-04-18T23:54:31","modified_gmt":"2026-04-18T21:54:31","slug":"frein-de-vis-248-contenu-9-g","status":"publish","type":"product","link":"https:\/\/shop.bantam.ch\/fr\/produit\/frein-de-vis-248-contenu-9-g\/","title":{"rendered":"Frein de vis 248 Contenu 9 g"},"content":{"rendered":"<p>Stick adh\u00e9sif semi-rigide facile \u00e0 appliquer pour le freinage et l&rsquo;\u00e9tanch\u00e9it\u00e9 des raccords filet\u00e9s &#8211; id\u00e9al pour les surfaces verticales et sup\u00e9rieures. R\u00e9sistance moyenne, d\u00e9montable avec des outils manuels.<\/p>\n<p>LOCTITE\u00ae 248 est un frein-filet bleu universel pour les assemblages de r\u00e9sistance moyenne. Le format pratique de la tige rotative est particuli\u00e8rement recommand\u00e9 pour les applications propres et sans gouttes. Il est utilis\u00e9 pour le blocage et l&rsquo;\u00e9tanch\u00e9it\u00e9 des vis, des \u00e9crous et des boulons afin d&rsquo;\u00e9viter qu&rsquo;ils ne se desserrent sous l&rsquo;effet des vibrations. Elle agit sur tous les m\u00e9taux, y compris les substrats passifs tels que l&rsquo;acier inoxydable, l&rsquo;aluminium et les surfaces rev\u00eatues par \u00e9lectrolyse, et ne n\u00e9cessite pas d&rsquo;activateur. Convient pour l&rsquo;application sur la plupart des vis huil\u00e9es, telles qu&rsquo;elles sont livr\u00e9es, sans nettoyage pr\u00e9alable.<\/p>\n<p>Contenu :<\/p>\n<p>9 g<\/p>\n","protected":false},"excerpt":{"rendered":"<p>Stick adh\u00e9sif semi-rigide facile \u00e0 appliquer pour le freinage et l&rsquo;\u00e9tanch\u00e9it\u00e9 des raccords filet\u00e9s &#8211; id\u00e9al pour les surfaces verticales et sup\u00e9rieures. R\u00e9sistance moyenne, d\u00e9montable avec des outils manuels. LOCTITE\u00ae 248 est un frein-filet bleu universel pour les assemblages de r\u00e9sistance moyenne. Le format pratique de la tige rotative est particuli\u00e8rement recommand\u00e9 pour les applications [&hellip;]<\/p>\n","protected":false},"featured_media":230521,"template":"","meta":{"_acf_changed":false},"product_featured_cat":[],"product_brand":[],"product_cat":[4749],"product_tag":[],"class_list":{"0":"post-230523","1":"product","2":"type-product","3":"status-publish","4":"has-post-thumbnail","6":"product_cat-accessoires-pour-le-collage-et-letancheite","8":"first","9":"instock","10":"taxable","11":"shipping-taxable","12":"purchasable","13":"product-type-simple"},"acf":[],"yoast_head":"<!-- This site is optimized with the Yoast SEO plugin v27.4 - https:\/\/yoast.com\/product\/yoast-seo-wordpress\/ -->\n<title>Frein de vis 248 Contenu 9 g - Bantam Wankm\u00fcller SA<\/title>\n<meta name=\"robots\" content=\"index, follow, max-snippet:-1, max-image-preview:large, max-video-preview:-1\" \/>\n<link rel=\"canonical\" href=\"https:\/\/shop.bantam.ch\/fr\/produit\/frein-de-vis-248-contenu-9-g\/\" \/>\n<meta property=\"og:locale\" content=\"fr_FR\" \/>\n<meta property=\"og:type\" content=\"article\" \/>\n<meta property=\"og:title\" content=\"Frein de vis 248 Contenu 9 g - Bantam Wankm\u00fcller SA\" \/>\n<meta property=\"og:description\" content=\"Stick adh\u00e9sif semi-rigide facile \u00e0 appliquer pour le freinage et l&rsquo;\u00e9tanch\u00e9it\u00e9 des raccords filet\u00e9s &#8211; id\u00e9al pour les surfaces verticales et sup\u00e9rieures. R\u00e9sistance moyenne, d\u00e9montable avec des outils manuels. LOCTITE\u00ae 248 est un frein-filet bleu universel pour les assemblages de r\u00e9sistance moyenne. Le format pratique de la tige rotative est particuli\u00e8rement recommand\u00e9 pour les applications [&hellip;]\" \/>\n<meta property=\"og:url\" content=\"https:\/\/shop.bantam.ch\/fr\/produit\/frein-de-vis-248-contenu-9-g\/\" \/>\n<meta property=\"og:site_name\" content=\"Bantam Wankm\u00fcller SA\" \/>\n<meta property=\"article:modified_time\" content=\"2026-04-18T21:54:31+00:00\" \/>\n<meta name=\"twitter:card\" content=\"summary_large_image\" \/>\n<meta name=\"twitter:label1\" content=\"Dur\u00e9e de lecture estim\u00e9e\" \/>\n\t<meta name=\"twitter:data1\" content=\"1 minute\" \/>\n<script type=\"application\/ld+json\" class=\"yoast-schema-graph\">{\"@context\":\"https:\\\/\\\/schema.org\",\"@graph\":[{\"@type\":\"WebPage\",\"@id\":\"https:\\\/\\\/shop.bantam.ch\\\/fr\\\/produit\\\/frein-de-vis-248-contenu-9-g\\\/\",\"url\":\"https:\\\/\\\/shop.bantam.ch\\\/fr\\\/produit\\\/frein-de-vis-248-contenu-9-g\\\/\",\"name\":\"Frein de vis 248 Contenu 9 g - Bantam Wankm\u00fcller SA\",\"isPartOf\":{\"@id\":\"https:\\\/\\\/shop.bantam.ch\\\/fr\\\/#website\"},\"primaryImageOfPage\":{\"@id\":\"https:\\\/\\\/shop.bantam.ch\\\/fr\\\/produit\\\/frein-de-vis-248-contenu-9-g\\\/#primaryimage\"},\"image\":{\"@id\":\"https:\\\/\\\/shop.bantam.ch\\\/fr\\\/produit\\\/frein-de-vis-248-contenu-9-g\\\/#primaryimage\"},\"thumbnailUrl\":\"https:\\\/\\\/shop.bantam.ch\\\/wp-content\\\/uploads\\\/2026\\\/01\\\/Movera-L-9985166100.jpg\",\"datePublished\":\"2026-01-06T15:46:02+00:00\",\"dateModified\":\"2026-04-18T21:54:31+00:00\",\"breadcrumb\":{\"@id\":\"https:\\\/\\\/shop.bantam.ch\\\/fr\\\/produit\\\/frein-de-vis-248-contenu-9-g\\\/#breadcrumb\"},\"inLanguage\":\"fr-FR\",\"potentialAction\":[{\"@type\":\"ReadAction\",\"target\":[\"https:\\\/\\\/shop.bantam.ch\\\/fr\\\/produit\\\/frein-de-vis-248-contenu-9-g\\\/\"]}]},{\"@type\":\"ImageObject\",\"inLanguage\":\"fr-FR\",\"@id\":\"https:\\\/\\\/shop.bantam.ch\\\/fr\\\/produit\\\/frein-de-vis-248-contenu-9-g\\\/#primaryimage\",\"url\":\"https:\\\/\\\/shop.bantam.ch\\\/wp-content\\\/uploads\\\/2026\\\/01\\\/Movera-L-9985166100.jpg\",\"contentUrl\":\"https:\\\/\\\/shop.bantam.ch\\\/wp-content\\\/uploads\\\/2026\\\/01\\\/Movera-L-9985166100.jpg\",\"width\":640,\"height\":640},{\"@type\":\"BreadcrumbList\",\"@id\":\"https:\\\/\\\/shop.bantam.ch\\\/fr\\\/produit\\\/frein-de-vis-248-contenu-9-g\\\/#breadcrumb\",\"itemListElement\":[{\"@type\":\"ListItem\",\"position\":1,\"name\":\"Accueil\",\"item\":\"https:\\\/\\\/shop.bantam.ch\\\/fr\\\/\"},{\"@type\":\"ListItem\",\"position\":2,\"name\":\"Boutique\",\"item\":\"https:\\\/\\\/shop.bantam.ch\\\/fr\\\/boutique\\\/\"},{\"@type\":\"ListItem\",\"position\":3,\"name\":\"Frein de vis 248 Contenu 9 g\"}]},{\"@type\":\"WebSite\",\"@id\":\"https:\\\/\\\/shop.bantam.ch\\\/fr\\\/#website\",\"url\":\"https:\\\/\\\/shop.bantam.ch\\\/fr\\\/\",\"name\":\"Bantam Wankm\u00fcller SA\",\"description\":\"\",\"publisher\":{\"@id\":\"https:\\\/\\\/shop.bantam.ch\\\/fr\\\/#organization\"},\"inLanguage\":\"fr-FR\"},{\"@type\":\"Organization\",\"@id\":\"https:\\\/\\\/shop.bantam.ch\\\/fr\\\/#organization\",\"name\":\"Bantam Wankm\u00fcller SA\",\"url\":\"https:\\\/\\\/shop.bantam.ch\\\/fr\\\/\",\"logo\":{\"@type\":\"ImageObject\",\"inLanguage\":\"fr-FR\",\"@id\":\"https:\\\/\\\/shop.bantam.ch\\\/fr\\\/#\\\/schema\\\/logo\\\/image\\\/\",\"url\":\"https:\\\/\\\/shop.bantam.ch\\\/wp-content\\\/uploads\\\/2022\\\/12\\\/bantam-logo.png\",\"contentUrl\":\"https:\\\/\\\/shop.bantam.ch\\\/wp-content\\\/uploads\\\/2022\\\/12\\\/bantam-logo.png\",\"width\":320,\"height\":71,\"caption\":\"Bantam Wankm\u00fcller SA\"},\"image\":{\"@id\":\"https:\\\/\\\/shop.bantam.ch\\\/fr\\\/#\\\/schema\\\/logo\\\/image\\\/\"}}]}<\/script>\n<!-- \/ Yoast SEO plugin. -->","yoast_head_json":{"title":"Frein de vis 248 Contenu 9 g - Bantam Wankm\u00fcller SA","robots":{"index":"index","follow":"follow","max-snippet":"max-snippet:-1","max-image-preview":"max-image-preview:large","max-video-preview":"max-video-preview:-1"},"canonical":"https:\/\/shop.bantam.ch\/fr\/produit\/frein-de-vis-248-contenu-9-g\/","og_locale":"fr_FR","og_type":"article","og_title":"Frein de vis 248 Contenu 9 g - Bantam Wankm\u00fcller SA","og_description":"Stick adh\u00e9sif semi-rigide facile \u00e0 appliquer pour le freinage et l&rsquo;\u00e9tanch\u00e9it\u00e9 des raccords filet\u00e9s &#8211; id\u00e9al pour les surfaces verticales et sup\u00e9rieures. R\u00e9sistance moyenne, d\u00e9montable avec des outils manuels. LOCTITE\u00ae 248 est un frein-filet bleu universel pour les assemblages de r\u00e9sistance moyenne. Le format pratique de la tige rotative est particuli\u00e8rement recommand\u00e9 pour les applications [&hellip;]","og_url":"https:\/\/shop.bantam.ch\/fr\/produit\/frein-de-vis-248-contenu-9-g\/","og_site_name":"Bantam Wankm\u00fcller SA","article_modified_time":"2026-04-18T21:54:31+00:00","twitter_card":"summary_large_image","twitter_misc":{"Dur\u00e9e de lecture estim\u00e9e":"1 minute"},"schema":{"@context":"https:\/\/schema.org","@graph":[{"@type":"WebPage","@id":"https:\/\/shop.bantam.ch\/fr\/produit\/frein-de-vis-248-contenu-9-g\/","url":"https:\/\/shop.bantam.ch\/fr\/produit\/frein-de-vis-248-contenu-9-g\/","name":"Frein de vis 248 Contenu 9 g - Bantam Wankm\u00fcller SA","isPartOf":{"@id":"https:\/\/shop.bantam.ch\/fr\/#website"},"primaryImageOfPage":{"@id":"https:\/\/shop.bantam.ch\/fr\/produit\/frein-de-vis-248-contenu-9-g\/#primaryimage"},"image":{"@id":"https:\/\/shop.bantam.ch\/fr\/produit\/frein-de-vis-248-contenu-9-g\/#primaryimage"},"thumbnailUrl":"https:\/\/shop.bantam.ch\/wp-content\/uploads\/2026\/01\/Movera-L-9985166100.jpg","datePublished":"2026-01-06T15:46:02+00:00","dateModified":"2026-04-18T21:54:31+00:00","breadcrumb":{"@id":"https:\/\/shop.bantam.ch\/fr\/produit\/frein-de-vis-248-contenu-9-g\/#breadcrumb"},"inLanguage":"fr-FR","potentialAction":[{"@type":"ReadAction","target":["https:\/\/shop.bantam.ch\/fr\/produit\/frein-de-vis-248-contenu-9-g\/"]}]},{"@type":"ImageObject","inLanguage":"fr-FR","@id":"https:\/\/shop.bantam.ch\/fr\/produit\/frein-de-vis-248-contenu-9-g\/#primaryimage","url":"https:\/\/shop.bantam.ch\/wp-content\/uploads\/2026\/01\/Movera-L-9985166100.jpg","contentUrl":"https:\/\/shop.bantam.ch\/wp-content\/uploads\/2026\/01\/Movera-L-9985166100.jpg","width":640,"height":640},{"@type":"BreadcrumbList","@id":"https:\/\/shop.bantam.ch\/fr\/produit\/frein-de-vis-248-contenu-9-g\/#breadcrumb","itemListElement":[{"@type":"ListItem","position":1,"name":"Accueil","item":"https:\/\/shop.bantam.ch\/fr\/"},{"@type":"ListItem","position":2,"name":"Boutique","item":"https:\/\/shop.bantam.ch\/fr\/boutique\/"},{"@type":"ListItem","position":3,"name":"Frein de vis 248 Contenu 9 g"}]},{"@type":"WebSite","@id":"https:\/\/shop.bantam.ch\/fr\/#website","url":"https:\/\/shop.bantam.ch\/fr\/","name":"Bantam Wankm\u00fcller SA","description":"","publisher":{"@id":"https:\/\/shop.bantam.ch\/fr\/#organization"},"inLanguage":"fr-FR"},{"@type":"Organization","@id":"https:\/\/shop.bantam.ch\/fr\/#organization","name":"Bantam Wankm\u00fcller SA","url":"https:\/\/shop.bantam.ch\/fr\/","logo":{"@type":"ImageObject","inLanguage":"fr-FR","@id":"https:\/\/shop.bantam.ch\/fr\/#\/schema\/logo\/image\/","url":"https:\/\/shop.bantam.ch\/wp-content\/uploads\/2022\/12\/bantam-logo.png","contentUrl":"https:\/\/shop.bantam.ch\/wp-content\/uploads\/2022\/12\/bantam-logo.png","width":320,"height":71,"caption":"Bantam Wankm\u00fcller SA"},"image":{"@id":"https:\/\/shop.bantam.ch\/fr\/#\/schema\/logo\/image\/"}}]}},"_links":{"self":[{"href":"https:\/\/shop.bantam.ch\/fr\/wp-json\/wp\/v2\/product\/230523","targetHints":{"allow":["GET"]}}],"collection":[{"href":"https:\/\/shop.bantam.ch\/fr\/wp-json\/wp\/v2\/product"}],"about":[{"href":"https:\/\/shop.bantam.ch\/fr\/wp-json\/wp\/v2\/types\/product"}],"wp:featuredmedia":[{"embeddable":true,"href":"https:\/\/shop.bantam.ch\/fr\/wp-json\/wp\/v2\/media\/230521"}],"wp:attachment":[{"href":"https:\/\/shop.bantam.ch\/fr\/wp-json\/wp\/v2\/media?parent=230523"}],"wp:term":[{"taxonomy":"product_featured_cat","embeddable":true,"href":"https:\/\/shop.bantam.ch\/fr\/wp-json\/wp\/v2\/product_featured_cat?post=230523"},{"taxonomy":"product_brand","embeddable":true,"href":"https:\/\/shop.bantam.ch\/fr\/wp-json\/wp\/v2\/product_brand?post=230523"},{"taxonomy":"product_cat","embeddable":true,"href":"https:\/\/shop.bantam.ch\/fr\/wp-json\/wp\/v2\/product_cat?post=230523"},{"taxonomy":"product_tag","embeddable":true,"href":"https:\/\/shop.bantam.ch\/fr\/wp-json\/wp\/v2\/product_tag?post=230523"}],"curies":[{"name":"wp","href":"https:\/\/api.w.org\/{rel}","templated":true}]}}