{"id":230519,"date":"2026-01-06T16:45:55","date_gmt":"2026-01-06T15:45:55","guid":{"rendered":"https:\/\/shop.bantam.ch\/produit\/colle-instantanee-406-kit-de-joints-toriques-contenu-20-g\/"},"modified":"2026-04-18T23:54:31","modified_gmt":"2026-04-18T21:54:31","slug":"colle-instantanee-406-kit-de-joints-toriques-contenu-20-g","status":"publish","type":"product","link":"https:\/\/shop.bantam.ch\/fr\/produit\/colle-instantanee-406-kit-de-joints-toriques-contenu-20-g\/","title":{"rendered":"Colle instantan\u00e9e 406 Kit de joints toriques, contenu 20 g"},"content":{"rendered":"<p>Ce kit de r\u00e9paration d&rsquo;urgence contient des caoutchoucs ronds de diff\u00e9rentes tailles, de la LOCTITE 406 et tout ce dont vous avez besoin pour fabriquer des joints toriques individuels sur place. Il est facile \u00e0 utiliser et pr\u00eat \u00e0 l&#8217;emploi en quelques secondes. LOCTITE 406 r\u00e9alise alors des assemblages coll\u00e9s aussi solides que le caoutchouc lui-m\u00eame.<\/p>\n<p>Si vous avez besoin de joints toriques de rechange et que le temps presse, il existe le kit de joints toriques LOCTITE\u00ae. Ce kit de r\u00e9paration d&rsquo;urgence contient du caoutchouc nitrile rond de cinq tailles diff\u00e9rentes, un gabarit de d\u00e9coupe, un couteau de s\u00e9curit\u00e9 et un flacon de 20 g de LOCTITE 406 &#8211; un adh\u00e9sif instantan\u00e9 sp\u00e9cialement con\u00e7u pour le collage rapide des plastiques et des caoutchoucs, m\u00eame les plus difficiles \u00e0 coller.<\/p>\n<p>Le kit comprend :<\/p>\n<p>1 x coffret<br \/>\n5 x caoutchouc nitrile rond<br \/>\n1 x gabarit de d\u00e9coupe<br \/>\n1 x couteau de s\u00e9curit\u00e9<br \/>\n1 x flacon de 20 g de Loctite 406<\/p>\n","protected":false},"excerpt":{"rendered":"<p>Ce kit de r\u00e9paration d&rsquo;urgence contient des caoutchoucs ronds de diff\u00e9rentes tailles, de la LOCTITE 406 et tout ce dont vous avez besoin pour fabriquer des joints toriques individuels sur place. Il est facile \u00e0 utiliser et pr\u00eat \u00e0 l&#8217;emploi en quelques secondes. LOCTITE 406 r\u00e9alise alors des assemblages coll\u00e9s aussi solides que le caoutchouc [&hellip;]<\/p>\n","protected":false},"featured_media":230517,"template":"","meta":{"_acf_changed":false},"product_featured_cat":[],"product_brand":[],"product_cat":[4749],"product_tag":[],"class_list":{"0":"post-230519","1":"product","2":"type-product","3":"status-publish","4":"has-post-thumbnail","6":"product_cat-accessoires-pour-le-collage-et-letancheite","8":"first","9":"instock","10":"taxable","11":"shipping-taxable","12":"purchasable","13":"product-type-simple"},"acf":[],"yoast_head":"<!-- This site is optimized with the Yoast SEO plugin v27.4 - https:\/\/yoast.com\/product\/yoast-seo-wordpress\/ -->\n<title>Colle instantan\u00e9e 406 Kit de joints toriques, contenu 20 g - Bantam Wankm\u00fcller SA<\/title>\n<meta name=\"robots\" content=\"index, follow, max-snippet:-1, max-image-preview:large, max-video-preview:-1\" \/>\n<link rel=\"canonical\" href=\"https:\/\/shop.bantam.ch\/fr\/produit\/colle-instantanee-406-kit-de-joints-toriques-contenu-20-g\/\" \/>\n<meta property=\"og:locale\" content=\"fr_FR\" \/>\n<meta property=\"og:type\" content=\"article\" \/>\n<meta property=\"og:title\" content=\"Colle instantan\u00e9e 406 Kit de joints toriques, contenu 20 g - Bantam Wankm\u00fcller SA\" \/>\n<meta property=\"og:description\" content=\"Ce kit de r\u00e9paration d&rsquo;urgence contient des caoutchoucs ronds de diff\u00e9rentes tailles, de la LOCTITE 406 et tout ce dont vous avez besoin pour fabriquer des joints toriques individuels sur place. Il est facile \u00e0 utiliser et pr\u00eat \u00e0 l&#8217;emploi en quelques secondes. LOCTITE 406 r\u00e9alise alors des assemblages coll\u00e9s aussi solides que le caoutchouc [&hellip;]\" \/>\n<meta property=\"og:url\" content=\"https:\/\/shop.bantam.ch\/fr\/produit\/colle-instantanee-406-kit-de-joints-toriques-contenu-20-g\/\" \/>\n<meta property=\"og:site_name\" content=\"Bantam Wankm\u00fcller SA\" \/>\n<meta property=\"article:modified_time\" content=\"2026-04-18T21:54:31+00:00\" \/>\n<meta name=\"twitter:card\" content=\"summary_large_image\" \/>\n<meta name=\"twitter:label1\" content=\"Dur\u00e9e de lecture estim\u00e9e\" \/>\n\t<meta name=\"twitter:data1\" content=\"1 minute\" \/>\n<script type=\"application\/ld+json\" class=\"yoast-schema-graph\">{\"@context\":\"https:\\\/\\\/schema.org\",\"@graph\":[{\"@type\":\"WebPage\",\"@id\":\"https:\\\/\\\/shop.bantam.ch\\\/fr\\\/produit\\\/colle-instantanee-406-kit-de-joints-toriques-contenu-20-g\\\/\",\"url\":\"https:\\\/\\\/shop.bantam.ch\\\/fr\\\/produit\\\/colle-instantanee-406-kit-de-joints-toriques-contenu-20-g\\\/\",\"name\":\"Colle instantan\u00e9e 406 Kit de joints toriques, contenu 20 g - Bantam Wankm\u00fcller SA\",\"isPartOf\":{\"@id\":\"https:\\\/\\\/shop.bantam.ch\\\/fr\\\/#website\"},\"primaryImageOfPage\":{\"@id\":\"https:\\\/\\\/shop.bantam.ch\\\/fr\\\/produit\\\/colle-instantanee-406-kit-de-joints-toriques-contenu-20-g\\\/#primaryimage\"},\"image\":{\"@id\":\"https:\\\/\\\/shop.bantam.ch\\\/fr\\\/produit\\\/colle-instantanee-406-kit-de-joints-toriques-contenu-20-g\\\/#primaryimage\"},\"thumbnailUrl\":\"https:\\\/\\\/shop.bantam.ch\\\/wp-content\\\/uploads\\\/2026\\\/01\\\/Movera-L-9985165100.jpg\",\"datePublished\":\"2026-01-06T15:45:55+00:00\",\"dateModified\":\"2026-04-18T21:54:31+00:00\",\"breadcrumb\":{\"@id\":\"https:\\\/\\\/shop.bantam.ch\\\/fr\\\/produit\\\/colle-instantanee-406-kit-de-joints-toriques-contenu-20-g\\\/#breadcrumb\"},\"inLanguage\":\"fr-FR\",\"potentialAction\":[{\"@type\":\"ReadAction\",\"target\":[\"https:\\\/\\\/shop.bantam.ch\\\/fr\\\/produit\\\/colle-instantanee-406-kit-de-joints-toriques-contenu-20-g\\\/\"]}]},{\"@type\":\"ImageObject\",\"inLanguage\":\"fr-FR\",\"@id\":\"https:\\\/\\\/shop.bantam.ch\\\/fr\\\/produit\\\/colle-instantanee-406-kit-de-joints-toriques-contenu-20-g\\\/#primaryimage\",\"url\":\"https:\\\/\\\/shop.bantam.ch\\\/wp-content\\\/uploads\\\/2026\\\/01\\\/Movera-L-9985165100.jpg\",\"contentUrl\":\"https:\\\/\\\/shop.bantam.ch\\\/wp-content\\\/uploads\\\/2026\\\/01\\\/Movera-L-9985165100.jpg\",\"width\":640,\"height\":708},{\"@type\":\"BreadcrumbList\",\"@id\":\"https:\\\/\\\/shop.bantam.ch\\\/fr\\\/produit\\\/colle-instantanee-406-kit-de-joints-toriques-contenu-20-g\\\/#breadcrumb\",\"itemListElement\":[{\"@type\":\"ListItem\",\"position\":1,\"name\":\"Accueil\",\"item\":\"https:\\\/\\\/shop.bantam.ch\\\/fr\\\/\"},{\"@type\":\"ListItem\",\"position\":2,\"name\":\"Boutique\",\"item\":\"https:\\\/\\\/shop.bantam.ch\\\/fr\\\/boutique\\\/\"},{\"@type\":\"ListItem\",\"position\":3,\"name\":\"Colle instantan\u00e9e 406 Kit de joints toriques, contenu 20 g\"}]},{\"@type\":\"WebSite\",\"@id\":\"https:\\\/\\\/shop.bantam.ch\\\/fr\\\/#website\",\"url\":\"https:\\\/\\\/shop.bantam.ch\\\/fr\\\/\",\"name\":\"Bantam Wankm\u00fcller SA\",\"description\":\"\",\"publisher\":{\"@id\":\"https:\\\/\\\/shop.bantam.ch\\\/fr\\\/#organization\"},\"inLanguage\":\"fr-FR\"},{\"@type\":\"Organization\",\"@id\":\"https:\\\/\\\/shop.bantam.ch\\\/fr\\\/#organization\",\"name\":\"Bantam Wankm\u00fcller SA\",\"url\":\"https:\\\/\\\/shop.bantam.ch\\\/fr\\\/\",\"logo\":{\"@type\":\"ImageObject\",\"inLanguage\":\"fr-FR\",\"@id\":\"https:\\\/\\\/shop.bantam.ch\\\/fr\\\/#\\\/schema\\\/logo\\\/image\\\/\",\"url\":\"https:\\\/\\\/shop.bantam.ch\\\/wp-content\\\/uploads\\\/2022\\\/12\\\/bantam-logo.png\",\"contentUrl\":\"https:\\\/\\\/shop.bantam.ch\\\/wp-content\\\/uploads\\\/2022\\\/12\\\/bantam-logo.png\",\"width\":320,\"height\":71,\"caption\":\"Bantam Wankm\u00fcller SA\"},\"image\":{\"@id\":\"https:\\\/\\\/shop.bantam.ch\\\/fr\\\/#\\\/schema\\\/logo\\\/image\\\/\"}}]}<\/script>\n<!-- \/ Yoast SEO plugin. -->","yoast_head_json":{"title":"Colle instantan\u00e9e 406 Kit de joints toriques, contenu 20 g - Bantam Wankm\u00fcller SA","robots":{"index":"index","follow":"follow","max-snippet":"max-snippet:-1","max-image-preview":"max-image-preview:large","max-video-preview":"max-video-preview:-1"},"canonical":"https:\/\/shop.bantam.ch\/fr\/produit\/colle-instantanee-406-kit-de-joints-toriques-contenu-20-g\/","og_locale":"fr_FR","og_type":"article","og_title":"Colle instantan\u00e9e 406 Kit de joints toriques, contenu 20 g - Bantam Wankm\u00fcller SA","og_description":"Ce kit de r\u00e9paration d&rsquo;urgence contient des caoutchoucs ronds de diff\u00e9rentes tailles, de la LOCTITE 406 et tout ce dont vous avez besoin pour fabriquer des joints toriques individuels sur place. Il est facile \u00e0 utiliser et pr\u00eat \u00e0 l&#8217;emploi en quelques secondes. LOCTITE 406 r\u00e9alise alors des assemblages coll\u00e9s aussi solides que le caoutchouc [&hellip;]","og_url":"https:\/\/shop.bantam.ch\/fr\/produit\/colle-instantanee-406-kit-de-joints-toriques-contenu-20-g\/","og_site_name":"Bantam Wankm\u00fcller SA","article_modified_time":"2026-04-18T21:54:31+00:00","twitter_card":"summary_large_image","twitter_misc":{"Dur\u00e9e de lecture estim\u00e9e":"1 minute"},"schema":{"@context":"https:\/\/schema.org","@graph":[{"@type":"WebPage","@id":"https:\/\/shop.bantam.ch\/fr\/produit\/colle-instantanee-406-kit-de-joints-toriques-contenu-20-g\/","url":"https:\/\/shop.bantam.ch\/fr\/produit\/colle-instantanee-406-kit-de-joints-toriques-contenu-20-g\/","name":"Colle instantan\u00e9e 406 Kit de joints toriques, contenu 20 g - Bantam Wankm\u00fcller SA","isPartOf":{"@id":"https:\/\/shop.bantam.ch\/fr\/#website"},"primaryImageOfPage":{"@id":"https:\/\/shop.bantam.ch\/fr\/produit\/colle-instantanee-406-kit-de-joints-toriques-contenu-20-g\/#primaryimage"},"image":{"@id":"https:\/\/shop.bantam.ch\/fr\/produit\/colle-instantanee-406-kit-de-joints-toriques-contenu-20-g\/#primaryimage"},"thumbnailUrl":"https:\/\/shop.bantam.ch\/wp-content\/uploads\/2026\/01\/Movera-L-9985165100.jpg","datePublished":"2026-01-06T15:45:55+00:00","dateModified":"2026-04-18T21:54:31+00:00","breadcrumb":{"@id":"https:\/\/shop.bantam.ch\/fr\/produit\/colle-instantanee-406-kit-de-joints-toriques-contenu-20-g\/#breadcrumb"},"inLanguage":"fr-FR","potentialAction":[{"@type":"ReadAction","target":["https:\/\/shop.bantam.ch\/fr\/produit\/colle-instantanee-406-kit-de-joints-toriques-contenu-20-g\/"]}]},{"@type":"ImageObject","inLanguage":"fr-FR","@id":"https:\/\/shop.bantam.ch\/fr\/produit\/colle-instantanee-406-kit-de-joints-toriques-contenu-20-g\/#primaryimage","url":"https:\/\/shop.bantam.ch\/wp-content\/uploads\/2026\/01\/Movera-L-9985165100.jpg","contentUrl":"https:\/\/shop.bantam.ch\/wp-content\/uploads\/2026\/01\/Movera-L-9985165100.jpg","width":640,"height":708},{"@type":"BreadcrumbList","@id":"https:\/\/shop.bantam.ch\/fr\/produit\/colle-instantanee-406-kit-de-joints-toriques-contenu-20-g\/#breadcrumb","itemListElement":[{"@type":"ListItem","position":1,"name":"Accueil","item":"https:\/\/shop.bantam.ch\/fr\/"},{"@type":"ListItem","position":2,"name":"Boutique","item":"https:\/\/shop.bantam.ch\/fr\/boutique\/"},{"@type":"ListItem","position":3,"name":"Colle instantan\u00e9e 406 Kit de joints toriques, contenu 20 g"}]},{"@type":"WebSite","@id":"https:\/\/shop.bantam.ch\/fr\/#website","url":"https:\/\/shop.bantam.ch\/fr\/","name":"Bantam Wankm\u00fcller SA","description":"","publisher":{"@id":"https:\/\/shop.bantam.ch\/fr\/#organization"},"inLanguage":"fr-FR"},{"@type":"Organization","@id":"https:\/\/shop.bantam.ch\/fr\/#organization","name":"Bantam Wankm\u00fcller SA","url":"https:\/\/shop.bantam.ch\/fr\/","logo":{"@type":"ImageObject","inLanguage":"fr-FR","@id":"https:\/\/shop.bantam.ch\/fr\/#\/schema\/logo\/image\/","url":"https:\/\/shop.bantam.ch\/wp-content\/uploads\/2022\/12\/bantam-logo.png","contentUrl":"https:\/\/shop.bantam.ch\/wp-content\/uploads\/2022\/12\/bantam-logo.png","width":320,"height":71,"caption":"Bantam Wankm\u00fcller SA"},"image":{"@id":"https:\/\/shop.bantam.ch\/fr\/#\/schema\/logo\/image\/"}}]}},"_links":{"self":[{"href":"https:\/\/shop.bantam.ch\/fr\/wp-json\/wp\/v2\/product\/230519","targetHints":{"allow":["GET"]}}],"collection":[{"href":"https:\/\/shop.bantam.ch\/fr\/wp-json\/wp\/v2\/product"}],"about":[{"href":"https:\/\/shop.bantam.ch\/fr\/wp-json\/wp\/v2\/types\/product"}],"wp:featuredmedia":[{"embeddable":true,"href":"https:\/\/shop.bantam.ch\/fr\/wp-json\/wp\/v2\/media\/230517"}],"wp:attachment":[{"href":"https:\/\/shop.bantam.ch\/fr\/wp-json\/wp\/v2\/media?parent=230519"}],"wp:term":[{"taxonomy":"product_featured_cat","embeddable":true,"href":"https:\/\/shop.bantam.ch\/fr\/wp-json\/wp\/v2\/product_featured_cat?post=230519"},{"taxonomy":"product_brand","embeddable":true,"href":"https:\/\/shop.bantam.ch\/fr\/wp-json\/wp\/v2\/product_brand?post=230519"},{"taxonomy":"product_cat","embeddable":true,"href":"https:\/\/shop.bantam.ch\/fr\/wp-json\/wp\/v2\/product_cat?post=230519"},{"taxonomy":"product_tag","embeddable":true,"href":"https:\/\/shop.bantam.ch\/fr\/wp-json\/wp\/v2\/product_tag?post=230519"}],"curies":[{"name":"wp","href":"https:\/\/api.w.org\/{rel}","templated":true}]}}