{"id":230515,"date":"2026-01-06T16:45:49","date_gmt":"2026-01-06T15:45:49","guid":{"rendered":"https:\/\/shop.bantam.ch\/produit\/nettoyant-pour-vitres-pret-a-lemploi-edeldark-5-l\/"},"modified":"2026-04-21T23:56:10","modified_gmt":"2026-04-21T21:56:10","slug":"nettoyant-pour-vitres-pret-a-lemploi-edeldark-5-l","status":"publish","type":"product","link":"https:\/\/shop.bantam.ch\/fr\/produit\/nettoyant-pour-vitres-pret-a-lemploi-edeldark-5-l\/","title":{"rendered":"Nettoyant pour vitres pr\u00eat \u00e0 l&#8217;emploi Edeldark 5 l"},"content":{"rendered":"<p>Le nettoyant pr\u00eat \u00e0 l&#8217;emploi pour les lave-glaces et les lave-phares au parfum de lounge VIP. Assure une vision claire en quelques secondes, sans traces ni stries. Compatible au maximum avec la peinture, le caoutchouc et le plastique, il \u00e9limine de mani\u00e8re fiable les films dangereux d&rsquo;\u00e9blouissement et de graissage dus aux insectes, \u00e0 l&rsquo;huile et au silicone. Il n&rsquo;y a pas de fissures de tension ni de points aveugles sur les glaces de phares sensibles, les phares laser, les phares \u00e0 LED matriciels et les phares XENON de haute qualit\u00e9. Particuli\u00e8rement doux pour les peintures mates, les peintures de r\u00e9paration sensibles et les v\u00e9hicules film\u00e9s. Id\u00e9al \u00e9galement pour l&rsquo;utilisation avec les nouvelles technologies d&rsquo;essuyage et les buses en \u00e9ventail. S\u00e9curit\u00e9 maximale gr\u00e2ce \u00e0 des cycles d&rsquo;essuyage minimaux, en particulier dans des situations critiques telles que la pluie, l&rsquo;obscurit\u00e9 et le contre-jour.<\/p>\n<ul>\n<li>Pr\u00eat \u00e0 l&#8217;emploi &#8211; ouvrir le r\u00e9cipient et le verser dans le r\u00e9servoir du lave-glace.<\/li>\n<li>Prot\u00e9ger du gel<\/li>\n<\/ul>\n","protected":false},"excerpt":{"rendered":"<p>Le nettoyant pr\u00eat \u00e0 l&#8217;emploi pour les lave-glaces et les lave-phares au parfum de lounge VIP. Assure une vision claire en quelques secondes, sans traces ni stries. Compatible au maximum avec la peinture, le caoutchouc et le plastique, il \u00e9limine de mani\u00e8re fiable les films dangereux d&rsquo;\u00e9blouissement et de graissage dus aux insectes, \u00e0 l&rsquo;huile [&hellip;]<\/p>\n","protected":false},"featured_media":230513,"template":"","meta":{"_acf_changed":false},"product_featured_cat":[],"product_brand":[],"product_cat":[4151],"product_tag":[],"class_list":{"0":"post-230515","1":"product","2":"type-product","3":"status-publish","4":"has-post-thumbnail","6":"product_cat-entretien-et-produits-de-nettoyage","8":"first","9":"instock","10":"taxable","11":"shipping-taxable","12":"purchasable","13":"product-type-simple"},"acf":[],"yoast_head":"<!-- This site is optimized with the Yoast SEO plugin v27.4 - https:\/\/yoast.com\/product\/yoast-seo-wordpress\/ -->\n<title>Nettoyant pour vitres pr\u00eat \u00e0 l&#039;emploi Edeldark 5 l - Bantam Wankm\u00fcller SA<\/title>\n<meta name=\"robots\" content=\"index, follow, max-snippet:-1, max-image-preview:large, max-video-preview:-1\" \/>\n<link rel=\"canonical\" href=\"https:\/\/shop.bantam.ch\/fr\/produit\/nettoyant-pour-vitres-pret-a-lemploi-edeldark-5-l\/\" \/>\n<meta property=\"og:locale\" content=\"fr_FR\" \/>\n<meta property=\"og:type\" content=\"article\" \/>\n<meta property=\"og:title\" content=\"Nettoyant pour vitres pr\u00eat \u00e0 l&#039;emploi Edeldark 5 l - Bantam Wankm\u00fcller SA\" \/>\n<meta property=\"og:description\" content=\"Le nettoyant pr\u00eat \u00e0 l&#8217;emploi pour les lave-glaces et les lave-phares au parfum de lounge VIP. Assure une vision claire en quelques secondes, sans traces ni stries. Compatible au maximum avec la peinture, le caoutchouc et le plastique, il \u00e9limine de mani\u00e8re fiable les films dangereux d&rsquo;\u00e9blouissement et de graissage dus aux insectes, \u00e0 l&rsquo;huile [&hellip;]\" \/>\n<meta property=\"og:url\" content=\"https:\/\/shop.bantam.ch\/fr\/produit\/nettoyant-pour-vitres-pret-a-lemploi-edeldark-5-l\/\" \/>\n<meta property=\"og:site_name\" content=\"Bantam Wankm\u00fcller SA\" \/>\n<meta property=\"article:modified_time\" content=\"2026-04-21T21:56:10+00:00\" \/>\n<meta name=\"twitter:card\" content=\"summary_large_image\" \/>\n<meta name=\"twitter:label1\" content=\"Dur\u00e9e de lecture estim\u00e9e\" \/>\n\t<meta name=\"twitter:data1\" content=\"1 minute\" \/>\n<script type=\"application\/ld+json\" class=\"yoast-schema-graph\">{\"@context\":\"https:\\\/\\\/schema.org\",\"@graph\":[{\"@type\":\"WebPage\",\"@id\":\"https:\\\/\\\/shop.bantam.ch\\\/fr\\\/produit\\\/nettoyant-pour-vitres-pret-a-lemploi-edeldark-5-l\\\/\",\"url\":\"https:\\\/\\\/shop.bantam.ch\\\/fr\\\/produit\\\/nettoyant-pour-vitres-pret-a-lemploi-edeldark-5-l\\\/\",\"name\":\"Nettoyant pour vitres pr\u00eat \u00e0 l'emploi Edeldark 5 l - Bantam Wankm\u00fcller SA\",\"isPartOf\":{\"@id\":\"https:\\\/\\\/shop.bantam.ch\\\/fr\\\/#website\"},\"primaryImageOfPage\":{\"@id\":\"https:\\\/\\\/shop.bantam.ch\\\/fr\\\/produit\\\/nettoyant-pour-vitres-pret-a-lemploi-edeldark-5-l\\\/#primaryimage\"},\"image\":{\"@id\":\"https:\\\/\\\/shop.bantam.ch\\\/fr\\\/produit\\\/nettoyant-pour-vitres-pret-a-lemploi-edeldark-5-l\\\/#primaryimage\"},\"thumbnailUrl\":\"https:\\\/\\\/shop.bantam.ch\\\/wp-content\\\/uploads\\\/2026\\\/01\\\/Movera-L-9985157100.jpg\",\"datePublished\":\"2026-01-06T15:45:49+00:00\",\"dateModified\":\"2026-04-21T21:56:10+00:00\",\"breadcrumb\":{\"@id\":\"https:\\\/\\\/shop.bantam.ch\\\/fr\\\/produit\\\/nettoyant-pour-vitres-pret-a-lemploi-edeldark-5-l\\\/#breadcrumb\"},\"inLanguage\":\"fr-FR\",\"potentialAction\":[{\"@type\":\"ReadAction\",\"target\":[\"https:\\\/\\\/shop.bantam.ch\\\/fr\\\/produit\\\/nettoyant-pour-vitres-pret-a-lemploi-edeldark-5-l\\\/\"]}]},{\"@type\":\"ImageObject\",\"inLanguage\":\"fr-FR\",\"@id\":\"https:\\\/\\\/shop.bantam.ch\\\/fr\\\/produit\\\/nettoyant-pour-vitres-pret-a-lemploi-edeldark-5-l\\\/#primaryimage\",\"url\":\"https:\\\/\\\/shop.bantam.ch\\\/wp-content\\\/uploads\\\/2026\\\/01\\\/Movera-L-9985157100.jpg\",\"contentUrl\":\"https:\\\/\\\/shop.bantam.ch\\\/wp-content\\\/uploads\\\/2026\\\/01\\\/Movera-L-9985157100.jpg\",\"width\":640,\"height\":936},{\"@type\":\"BreadcrumbList\",\"@id\":\"https:\\\/\\\/shop.bantam.ch\\\/fr\\\/produit\\\/nettoyant-pour-vitres-pret-a-lemploi-edeldark-5-l\\\/#breadcrumb\",\"itemListElement\":[{\"@type\":\"ListItem\",\"position\":1,\"name\":\"Accueil\",\"item\":\"https:\\\/\\\/shop.bantam.ch\\\/fr\\\/\"},{\"@type\":\"ListItem\",\"position\":2,\"name\":\"Boutique\",\"item\":\"https:\\\/\\\/shop.bantam.ch\\\/fr\\\/boutique\\\/\"},{\"@type\":\"ListItem\",\"position\":3,\"name\":\"Nettoyant pour vitres pr\u00eat \u00e0 l&#8217;emploi Edeldark 5 l\"}]},{\"@type\":\"WebSite\",\"@id\":\"https:\\\/\\\/shop.bantam.ch\\\/fr\\\/#website\",\"url\":\"https:\\\/\\\/shop.bantam.ch\\\/fr\\\/\",\"name\":\"Bantam Wankm\u00fcller SA\",\"description\":\"\",\"publisher\":{\"@id\":\"https:\\\/\\\/shop.bantam.ch\\\/fr\\\/#organization\"},\"inLanguage\":\"fr-FR\"},{\"@type\":\"Organization\",\"@id\":\"https:\\\/\\\/shop.bantam.ch\\\/fr\\\/#organization\",\"name\":\"Bantam Wankm\u00fcller SA\",\"url\":\"https:\\\/\\\/shop.bantam.ch\\\/fr\\\/\",\"logo\":{\"@type\":\"ImageObject\",\"inLanguage\":\"fr-FR\",\"@id\":\"https:\\\/\\\/shop.bantam.ch\\\/fr\\\/#\\\/schema\\\/logo\\\/image\\\/\",\"url\":\"https:\\\/\\\/shop.bantam.ch\\\/wp-content\\\/uploads\\\/2022\\\/12\\\/bantam-logo.png\",\"contentUrl\":\"https:\\\/\\\/shop.bantam.ch\\\/wp-content\\\/uploads\\\/2022\\\/12\\\/bantam-logo.png\",\"width\":320,\"height\":71,\"caption\":\"Bantam Wankm\u00fcller SA\"},\"image\":{\"@id\":\"https:\\\/\\\/shop.bantam.ch\\\/fr\\\/#\\\/schema\\\/logo\\\/image\\\/\"}}]}<\/script>\n<!-- \/ Yoast SEO plugin. -->","yoast_head_json":{"title":"Nettoyant pour vitres pr\u00eat \u00e0 l'emploi Edeldark 5 l - Bantam Wankm\u00fcller SA","robots":{"index":"index","follow":"follow","max-snippet":"max-snippet:-1","max-image-preview":"max-image-preview:large","max-video-preview":"max-video-preview:-1"},"canonical":"https:\/\/shop.bantam.ch\/fr\/produit\/nettoyant-pour-vitres-pret-a-lemploi-edeldark-5-l\/","og_locale":"fr_FR","og_type":"article","og_title":"Nettoyant pour vitres pr\u00eat \u00e0 l'emploi Edeldark 5 l - Bantam Wankm\u00fcller SA","og_description":"Le nettoyant pr\u00eat \u00e0 l&#8217;emploi pour les lave-glaces et les lave-phares au parfum de lounge VIP. Assure une vision claire en quelques secondes, sans traces ni stries. Compatible au maximum avec la peinture, le caoutchouc et le plastique, il \u00e9limine de mani\u00e8re fiable les films dangereux d&rsquo;\u00e9blouissement et de graissage dus aux insectes, \u00e0 l&rsquo;huile [&hellip;]","og_url":"https:\/\/shop.bantam.ch\/fr\/produit\/nettoyant-pour-vitres-pret-a-lemploi-edeldark-5-l\/","og_site_name":"Bantam Wankm\u00fcller SA","article_modified_time":"2026-04-21T21:56:10+00:00","twitter_card":"summary_large_image","twitter_misc":{"Dur\u00e9e de lecture estim\u00e9e":"1 minute"},"schema":{"@context":"https:\/\/schema.org","@graph":[{"@type":"WebPage","@id":"https:\/\/shop.bantam.ch\/fr\/produit\/nettoyant-pour-vitres-pret-a-lemploi-edeldark-5-l\/","url":"https:\/\/shop.bantam.ch\/fr\/produit\/nettoyant-pour-vitres-pret-a-lemploi-edeldark-5-l\/","name":"Nettoyant pour vitres pr\u00eat \u00e0 l'emploi Edeldark 5 l - Bantam Wankm\u00fcller SA","isPartOf":{"@id":"https:\/\/shop.bantam.ch\/fr\/#website"},"primaryImageOfPage":{"@id":"https:\/\/shop.bantam.ch\/fr\/produit\/nettoyant-pour-vitres-pret-a-lemploi-edeldark-5-l\/#primaryimage"},"image":{"@id":"https:\/\/shop.bantam.ch\/fr\/produit\/nettoyant-pour-vitres-pret-a-lemploi-edeldark-5-l\/#primaryimage"},"thumbnailUrl":"https:\/\/shop.bantam.ch\/wp-content\/uploads\/2026\/01\/Movera-L-9985157100.jpg","datePublished":"2026-01-06T15:45:49+00:00","dateModified":"2026-04-21T21:56:10+00:00","breadcrumb":{"@id":"https:\/\/shop.bantam.ch\/fr\/produit\/nettoyant-pour-vitres-pret-a-lemploi-edeldark-5-l\/#breadcrumb"},"inLanguage":"fr-FR","potentialAction":[{"@type":"ReadAction","target":["https:\/\/shop.bantam.ch\/fr\/produit\/nettoyant-pour-vitres-pret-a-lemploi-edeldark-5-l\/"]}]},{"@type":"ImageObject","inLanguage":"fr-FR","@id":"https:\/\/shop.bantam.ch\/fr\/produit\/nettoyant-pour-vitres-pret-a-lemploi-edeldark-5-l\/#primaryimage","url":"https:\/\/shop.bantam.ch\/wp-content\/uploads\/2026\/01\/Movera-L-9985157100.jpg","contentUrl":"https:\/\/shop.bantam.ch\/wp-content\/uploads\/2026\/01\/Movera-L-9985157100.jpg","width":640,"height":936},{"@type":"BreadcrumbList","@id":"https:\/\/shop.bantam.ch\/fr\/produit\/nettoyant-pour-vitres-pret-a-lemploi-edeldark-5-l\/#breadcrumb","itemListElement":[{"@type":"ListItem","position":1,"name":"Accueil","item":"https:\/\/shop.bantam.ch\/fr\/"},{"@type":"ListItem","position":2,"name":"Boutique","item":"https:\/\/shop.bantam.ch\/fr\/boutique\/"},{"@type":"ListItem","position":3,"name":"Nettoyant pour vitres pr\u00eat \u00e0 l&#8217;emploi Edeldark 5 l"}]},{"@type":"WebSite","@id":"https:\/\/shop.bantam.ch\/fr\/#website","url":"https:\/\/shop.bantam.ch\/fr\/","name":"Bantam Wankm\u00fcller SA","description":"","publisher":{"@id":"https:\/\/shop.bantam.ch\/fr\/#organization"},"inLanguage":"fr-FR"},{"@type":"Organization","@id":"https:\/\/shop.bantam.ch\/fr\/#organization","name":"Bantam Wankm\u00fcller SA","url":"https:\/\/shop.bantam.ch\/fr\/","logo":{"@type":"ImageObject","inLanguage":"fr-FR","@id":"https:\/\/shop.bantam.ch\/fr\/#\/schema\/logo\/image\/","url":"https:\/\/shop.bantam.ch\/wp-content\/uploads\/2022\/12\/bantam-logo.png","contentUrl":"https:\/\/shop.bantam.ch\/wp-content\/uploads\/2022\/12\/bantam-logo.png","width":320,"height":71,"caption":"Bantam Wankm\u00fcller SA"},"image":{"@id":"https:\/\/shop.bantam.ch\/fr\/#\/schema\/logo\/image\/"}}]}},"_links":{"self":[{"href":"https:\/\/shop.bantam.ch\/fr\/wp-json\/wp\/v2\/product\/230515","targetHints":{"allow":["GET"]}}],"collection":[{"href":"https:\/\/shop.bantam.ch\/fr\/wp-json\/wp\/v2\/product"}],"about":[{"href":"https:\/\/shop.bantam.ch\/fr\/wp-json\/wp\/v2\/types\/product"}],"wp:featuredmedia":[{"embeddable":true,"href":"https:\/\/shop.bantam.ch\/fr\/wp-json\/wp\/v2\/media\/230513"}],"wp:attachment":[{"href":"https:\/\/shop.bantam.ch\/fr\/wp-json\/wp\/v2\/media?parent=230515"}],"wp:term":[{"taxonomy":"product_featured_cat","embeddable":true,"href":"https:\/\/shop.bantam.ch\/fr\/wp-json\/wp\/v2\/product_featured_cat?post=230515"},{"taxonomy":"product_brand","embeddable":true,"href":"https:\/\/shop.bantam.ch\/fr\/wp-json\/wp\/v2\/product_brand?post=230515"},{"taxonomy":"product_cat","embeddable":true,"href":"https:\/\/shop.bantam.ch\/fr\/wp-json\/wp\/v2\/product_cat?post=230515"},{"taxonomy":"product_tag","embeddable":true,"href":"https:\/\/shop.bantam.ch\/fr\/wp-json\/wp\/v2\/product_tag?post=230515"}],"curies":[{"name":"wp","href":"https:\/\/api.w.org\/{rel}","templated":true}]}}