{"id":229871,"date":"2026-01-06T16:30:09","date_gmt":"2026-01-06T15:30:09","guid":{"rendered":"https:\/\/shop.bantam.ch\/produit\/support-a-ventouse-pour-store-pack-de-2\/"},"modified":"2026-04-18T23:53:57","modified_gmt":"2026-04-18T21:53:57","slug":"support-a-ventouse-pour-store-pack-de-2","status":"publish","type":"product","link":"https:\/\/shop.bantam.ch\/fr\/produit\/support-a-ventouse-pour-store-pack-de-2\/","title":{"rendered":"Support \u00e0 ventouse pour store, pack de 2"},"content":{"rendered":"<p><!--StartFragment -->Le support pour les pieds de store sur les campeurs, les camping-cars et les caravanes est l&rsquo;accessoire de camping parfait. Avec un diam\u00e8tre de 14 cm, le support \u00e0 ventouse a une force d&rsquo;aspiration extra \u00e9lev\u00e9e pour une fixation solide pendant l&rsquo;utilisation. Une fois mont\u00e9s sur le mur ext\u00e9rieur, les pieds du store sont fix\u00e9s de mani\u00e8re s\u00fbre et simple. Le logement sp\u00e9cial a \u00e9t\u00e9 con\u00e7u pour s&rsquo;adapter parfaitement \u00e0 l&rsquo;encliquetage des pieds de store des marques THULE, FIAMMA et DOMETIC. Les supports sont universels et peuvent \u00eatre utilis\u00e9s par exemple sur des caravanes, des camping-cars ou des campeurs. Enfin, plus de probl\u00e8mes avec les piquets sur le pied du store en terrain ferme. La fixation des stores \u00e0 l&rsquo;aide des ventouses vous permet de camper sur tous les terrains, qu&rsquo;il s&rsquo;agisse d&rsquo;herbe, d&rsquo;asphalte, de sable ou de gravier. Les supports en plastique robuste renforc\u00e9 de fibres de verre sont r\u00e9sistants aux UV et aux intemp\u00e9ries et ont une tr\u00e8s longue dur\u00e9e de vie, ce qui les rend parfaits pour une utilisation permanente. Le montage est tr\u00e8s simple gr\u00e2ce \u00e0 un simple encliquetage des supports par le haut dans la fixation du store, un encliquetage pratique qui permet de d\u00e9monter et de prot\u00e9ger rapidement et facilement votre auvent en cas de vent fort. La valise de transport en plastique EVA fournie avec l&rsquo;auvent prot\u00e8ge efficacement les supports contre les dommages, est peu encombrante et \u00e9vite les bruits de cliquetis aga\u00e7ants pendant le trajet.<\/p>\n<\/p>\n<p>Contenu : 2x supports de pied de store, mallette de transport et mode d&#8217;emploi.<\/p>\n<p>Remarque : ne convient pas au Fiamma Caravanstore.<\/p>\n<p><!--EndFragment --><\/p>\n","protected":false},"excerpt":{"rendered":"<p>Le support pour les pieds de store sur les campeurs, les camping-cars et les caravanes est l&rsquo;accessoire de camping parfait. Avec un diam\u00e8tre de 14 cm, le support \u00e0 ventouse a une force d&rsquo;aspiration extra \u00e9lev\u00e9e pour une fixation solide pendant l&rsquo;utilisation. Une fois mont\u00e9s sur le mur ext\u00e9rieur, les pieds du store sont fix\u00e9s [&hellip;]<\/p>\n","protected":false},"featured_media":229861,"template":"","meta":{"_acf_changed":false},"product_featured_cat":[],"product_brand":[],"product_cat":[4227],"product_tag":[],"class_list":{"0":"post-229871","1":"product","2":"type-product","3":"status-publish","4":"has-post-thumbnail","6":"product_cat-fixations-de-store","8":"first","9":"instock","10":"taxable","11":"shipping-taxable","12":"purchasable","13":"product-type-simple"},"acf":[],"yoast_head":"<!-- This site is optimized with the Yoast SEO plugin v27.4 - https:\/\/yoast.com\/product\/yoast-seo-wordpress\/ -->\n<title>Support \u00e0 ventouse pour store, pack de 2 - Bantam Wankm\u00fcller SA<\/title>\n<meta name=\"robots\" content=\"index, follow, max-snippet:-1, max-image-preview:large, max-video-preview:-1\" \/>\n<link rel=\"canonical\" href=\"https:\/\/shop.bantam.ch\/fr\/produit\/support-a-ventouse-pour-store-pack-de-2\/\" \/>\n<meta property=\"og:locale\" content=\"fr_FR\" \/>\n<meta property=\"og:type\" content=\"article\" \/>\n<meta property=\"og:title\" content=\"Support \u00e0 ventouse pour store, pack de 2 - Bantam Wankm\u00fcller SA\" \/>\n<meta property=\"og:description\" content=\"Le support pour les pieds de store sur les campeurs, les camping-cars et les caravanes est l&rsquo;accessoire de camping parfait. Avec un diam\u00e8tre de 14 cm, le support \u00e0 ventouse a une force d&rsquo;aspiration extra \u00e9lev\u00e9e pour une fixation solide pendant l&rsquo;utilisation. Une fois mont\u00e9s sur le mur ext\u00e9rieur, les pieds du store sont fix\u00e9s [&hellip;]\" \/>\n<meta property=\"og:url\" content=\"https:\/\/shop.bantam.ch\/fr\/produit\/support-a-ventouse-pour-store-pack-de-2\/\" \/>\n<meta property=\"og:site_name\" content=\"Bantam Wankm\u00fcller SA\" \/>\n<meta property=\"article:modified_time\" content=\"2026-04-18T21:53:57+00:00\" \/>\n<meta name=\"twitter:card\" content=\"summary_large_image\" \/>\n<meta name=\"twitter:label1\" content=\"Dur\u00e9e de lecture estim\u00e9e\" \/>\n\t<meta name=\"twitter:data1\" content=\"1 minute\" \/>\n<script type=\"application\/ld+json\" class=\"yoast-schema-graph\">{\"@context\":\"https:\\\/\\\/schema.org\",\"@graph\":[{\"@type\":\"WebPage\",\"@id\":\"https:\\\/\\\/shop.bantam.ch\\\/fr\\\/produit\\\/support-a-ventouse-pour-store-pack-de-2\\\/\",\"url\":\"https:\\\/\\\/shop.bantam.ch\\\/fr\\\/produit\\\/support-a-ventouse-pour-store-pack-de-2\\\/\",\"name\":\"Support \u00e0 ventouse pour store, pack de 2 - Bantam Wankm\u00fcller SA\",\"isPartOf\":{\"@id\":\"https:\\\/\\\/shop.bantam.ch\\\/fr\\\/#website\"},\"primaryImageOfPage\":{\"@id\":\"https:\\\/\\\/shop.bantam.ch\\\/fr\\\/produit\\\/support-a-ventouse-pour-store-pack-de-2\\\/#primaryimage\"},\"image\":{\"@id\":\"https:\\\/\\\/shop.bantam.ch\\\/fr\\\/produit\\\/support-a-ventouse-pour-store-pack-de-2\\\/#primaryimage\"},\"thumbnailUrl\":\"https:\\\/\\\/shop.bantam.ch\\\/wp-content\\\/uploads\\\/2026\\\/01\\\/Movera-L-9971662100.png\",\"datePublished\":\"2026-01-06T15:30:09+00:00\",\"dateModified\":\"2026-04-18T21:53:57+00:00\",\"breadcrumb\":{\"@id\":\"https:\\\/\\\/shop.bantam.ch\\\/fr\\\/produit\\\/support-a-ventouse-pour-store-pack-de-2\\\/#breadcrumb\"},\"inLanguage\":\"fr-FR\",\"potentialAction\":[{\"@type\":\"ReadAction\",\"target\":[\"https:\\\/\\\/shop.bantam.ch\\\/fr\\\/produit\\\/support-a-ventouse-pour-store-pack-de-2\\\/\"]}]},{\"@type\":\"ImageObject\",\"inLanguage\":\"fr-FR\",\"@id\":\"https:\\\/\\\/shop.bantam.ch\\\/fr\\\/produit\\\/support-a-ventouse-pour-store-pack-de-2\\\/#primaryimage\",\"url\":\"https:\\\/\\\/shop.bantam.ch\\\/wp-content\\\/uploads\\\/2026\\\/01\\\/Movera-L-9971662100.png\",\"contentUrl\":\"https:\\\/\\\/shop.bantam.ch\\\/wp-content\\\/uploads\\\/2026\\\/01\\\/Movera-L-9971662100.png\",\"width\":640,\"height\":427},{\"@type\":\"BreadcrumbList\",\"@id\":\"https:\\\/\\\/shop.bantam.ch\\\/fr\\\/produit\\\/support-a-ventouse-pour-store-pack-de-2\\\/#breadcrumb\",\"itemListElement\":[{\"@type\":\"ListItem\",\"position\":1,\"name\":\"Accueil\",\"item\":\"https:\\\/\\\/shop.bantam.ch\\\/fr\\\/\"},{\"@type\":\"ListItem\",\"position\":2,\"name\":\"Boutique\",\"item\":\"https:\\\/\\\/shop.bantam.ch\\\/fr\\\/boutique\\\/\"},{\"@type\":\"ListItem\",\"position\":3,\"name\":\"Support \u00e0 ventouse pour store, pack de 2\"}]},{\"@type\":\"WebSite\",\"@id\":\"https:\\\/\\\/shop.bantam.ch\\\/fr\\\/#website\",\"url\":\"https:\\\/\\\/shop.bantam.ch\\\/fr\\\/\",\"name\":\"Bantam Wankm\u00fcller SA\",\"description\":\"\",\"publisher\":{\"@id\":\"https:\\\/\\\/shop.bantam.ch\\\/fr\\\/#organization\"},\"inLanguage\":\"fr-FR\"},{\"@type\":\"Organization\",\"@id\":\"https:\\\/\\\/shop.bantam.ch\\\/fr\\\/#organization\",\"name\":\"Bantam Wankm\u00fcller SA\",\"url\":\"https:\\\/\\\/shop.bantam.ch\\\/fr\\\/\",\"logo\":{\"@type\":\"ImageObject\",\"inLanguage\":\"fr-FR\",\"@id\":\"https:\\\/\\\/shop.bantam.ch\\\/fr\\\/#\\\/schema\\\/logo\\\/image\\\/\",\"url\":\"https:\\\/\\\/shop.bantam.ch\\\/wp-content\\\/uploads\\\/2022\\\/12\\\/bantam-logo.png\",\"contentUrl\":\"https:\\\/\\\/shop.bantam.ch\\\/wp-content\\\/uploads\\\/2022\\\/12\\\/bantam-logo.png\",\"width\":320,\"height\":71,\"caption\":\"Bantam Wankm\u00fcller SA\"},\"image\":{\"@id\":\"https:\\\/\\\/shop.bantam.ch\\\/fr\\\/#\\\/schema\\\/logo\\\/image\\\/\"}}]}<\/script>\n<!-- \/ Yoast SEO plugin. -->","yoast_head_json":{"title":"Support \u00e0 ventouse pour store, pack de 2 - Bantam Wankm\u00fcller SA","robots":{"index":"index","follow":"follow","max-snippet":"max-snippet:-1","max-image-preview":"max-image-preview:large","max-video-preview":"max-video-preview:-1"},"canonical":"https:\/\/shop.bantam.ch\/fr\/produit\/support-a-ventouse-pour-store-pack-de-2\/","og_locale":"fr_FR","og_type":"article","og_title":"Support \u00e0 ventouse pour store, pack de 2 - Bantam Wankm\u00fcller SA","og_description":"Le support pour les pieds de store sur les campeurs, les camping-cars et les caravanes est l&rsquo;accessoire de camping parfait. Avec un diam\u00e8tre de 14 cm, le support \u00e0 ventouse a une force d&rsquo;aspiration extra \u00e9lev\u00e9e pour une fixation solide pendant l&rsquo;utilisation. Une fois mont\u00e9s sur le mur ext\u00e9rieur, les pieds du store sont fix\u00e9s [&hellip;]","og_url":"https:\/\/shop.bantam.ch\/fr\/produit\/support-a-ventouse-pour-store-pack-de-2\/","og_site_name":"Bantam Wankm\u00fcller SA","article_modified_time":"2026-04-18T21:53:57+00:00","twitter_card":"summary_large_image","twitter_misc":{"Dur\u00e9e de lecture estim\u00e9e":"1 minute"},"schema":{"@context":"https:\/\/schema.org","@graph":[{"@type":"WebPage","@id":"https:\/\/shop.bantam.ch\/fr\/produit\/support-a-ventouse-pour-store-pack-de-2\/","url":"https:\/\/shop.bantam.ch\/fr\/produit\/support-a-ventouse-pour-store-pack-de-2\/","name":"Support \u00e0 ventouse pour store, pack de 2 - Bantam Wankm\u00fcller SA","isPartOf":{"@id":"https:\/\/shop.bantam.ch\/fr\/#website"},"primaryImageOfPage":{"@id":"https:\/\/shop.bantam.ch\/fr\/produit\/support-a-ventouse-pour-store-pack-de-2\/#primaryimage"},"image":{"@id":"https:\/\/shop.bantam.ch\/fr\/produit\/support-a-ventouse-pour-store-pack-de-2\/#primaryimage"},"thumbnailUrl":"https:\/\/shop.bantam.ch\/wp-content\/uploads\/2026\/01\/Movera-L-9971662100.png","datePublished":"2026-01-06T15:30:09+00:00","dateModified":"2026-04-18T21:53:57+00:00","breadcrumb":{"@id":"https:\/\/shop.bantam.ch\/fr\/produit\/support-a-ventouse-pour-store-pack-de-2\/#breadcrumb"},"inLanguage":"fr-FR","potentialAction":[{"@type":"ReadAction","target":["https:\/\/shop.bantam.ch\/fr\/produit\/support-a-ventouse-pour-store-pack-de-2\/"]}]},{"@type":"ImageObject","inLanguage":"fr-FR","@id":"https:\/\/shop.bantam.ch\/fr\/produit\/support-a-ventouse-pour-store-pack-de-2\/#primaryimage","url":"https:\/\/shop.bantam.ch\/wp-content\/uploads\/2026\/01\/Movera-L-9971662100.png","contentUrl":"https:\/\/shop.bantam.ch\/wp-content\/uploads\/2026\/01\/Movera-L-9971662100.png","width":640,"height":427},{"@type":"BreadcrumbList","@id":"https:\/\/shop.bantam.ch\/fr\/produit\/support-a-ventouse-pour-store-pack-de-2\/#breadcrumb","itemListElement":[{"@type":"ListItem","position":1,"name":"Accueil","item":"https:\/\/shop.bantam.ch\/fr\/"},{"@type":"ListItem","position":2,"name":"Boutique","item":"https:\/\/shop.bantam.ch\/fr\/boutique\/"},{"@type":"ListItem","position":3,"name":"Support \u00e0 ventouse pour store, pack de 2"}]},{"@type":"WebSite","@id":"https:\/\/shop.bantam.ch\/fr\/#website","url":"https:\/\/shop.bantam.ch\/fr\/","name":"Bantam Wankm\u00fcller SA","description":"","publisher":{"@id":"https:\/\/shop.bantam.ch\/fr\/#organization"},"inLanguage":"fr-FR"},{"@type":"Organization","@id":"https:\/\/shop.bantam.ch\/fr\/#organization","name":"Bantam Wankm\u00fcller SA","url":"https:\/\/shop.bantam.ch\/fr\/","logo":{"@type":"ImageObject","inLanguage":"fr-FR","@id":"https:\/\/shop.bantam.ch\/fr\/#\/schema\/logo\/image\/","url":"https:\/\/shop.bantam.ch\/wp-content\/uploads\/2022\/12\/bantam-logo.png","contentUrl":"https:\/\/shop.bantam.ch\/wp-content\/uploads\/2022\/12\/bantam-logo.png","width":320,"height":71,"caption":"Bantam Wankm\u00fcller SA"},"image":{"@id":"https:\/\/shop.bantam.ch\/fr\/#\/schema\/logo\/image\/"}}]}},"_links":{"self":[{"href":"https:\/\/shop.bantam.ch\/fr\/wp-json\/wp\/v2\/product\/229871","targetHints":{"allow":["GET"]}}],"collection":[{"href":"https:\/\/shop.bantam.ch\/fr\/wp-json\/wp\/v2\/product"}],"about":[{"href":"https:\/\/shop.bantam.ch\/fr\/wp-json\/wp\/v2\/types\/product"}],"wp:featuredmedia":[{"embeddable":true,"href":"https:\/\/shop.bantam.ch\/fr\/wp-json\/wp\/v2\/media\/229861"}],"wp:attachment":[{"href":"https:\/\/shop.bantam.ch\/fr\/wp-json\/wp\/v2\/media?parent=229871"}],"wp:term":[{"taxonomy":"product_featured_cat","embeddable":true,"href":"https:\/\/shop.bantam.ch\/fr\/wp-json\/wp\/v2\/product_featured_cat?post=229871"},{"taxonomy":"product_brand","embeddable":true,"href":"https:\/\/shop.bantam.ch\/fr\/wp-json\/wp\/v2\/product_brand?post=229871"},{"taxonomy":"product_cat","embeddable":true,"href":"https:\/\/shop.bantam.ch\/fr\/wp-json\/wp\/v2\/product_cat?post=229871"},{"taxonomy":"product_tag","embeddable":true,"href":"https:\/\/shop.bantam.ch\/fr\/wp-json\/wp\/v2\/product_tag?post=229871"}],"curies":[{"name":"wp","href":"https:\/\/api.w.org\/{rel}","templated":true}]}}