{"id":229593,"date":"2026-01-06T16:24:17","date_gmt":"2026-01-06T15:24:17","guid":{"rendered":"https:\/\/shop.bantam.ch\/produit\/kit-de-joints-detancheite-plus-enf-5x-joint-torique-9x-joint-detancheite-g1-23-41-bleu\/"},"modified":"2026-04-18T23:53:50","modified_gmt":"2026-04-18T21:53:50","slug":"kit-de-joints-detancheite-plus-enf-5x-joint-torique-9x-joint-detancheite-g1-23-41-bleu","status":"publish","type":"product","link":"https:\/\/shop.bantam.ch\/fr\/produit\/kit-de-joints-detancheite-plus-enf-5x-joint-torique-9x-joint-detancheite-g1-23-41-bleu\/","title":{"rendered":"Kit de joints d&rsquo;\u00e9tanch\u00e9it\u00e9 plus enf. 5x joint torique 9x joint d&rsquo;\u00e9tanch\u00e9it\u00e9 G1\/2,3\/4,1, bleu"},"content":{"rendered":"<p>Le kit de bagues d&rsquo;\u00e9tanch\u00e9it\u00e9 GEKA plus pour l&rsquo;eau potable contient 14 bagues d&rsquo;\u00e9tanch\u00e9it\u00e9 en EPDM de haute qualit\u00e9 qui assurent une \u00e9tanch\u00e9it\u00e9 fiable dans le domaine de l&rsquo;eau potable. Il comprend trois bagues d&rsquo;\u00e9tanch\u00e9it\u00e9 plates pour G1\/2, G3\/4 et G1, adapt\u00e9es aux fiches de robinet et aux vannes, ainsi que cinq joints toriques pour les produits avec fiche. Des mat\u00e9riaux test\u00e9s et une fabrication parfaitement adapt\u00e9e garantissent une connexion hygi\u00e9nique et durable dans le syst\u00e8me d&rsquo;eau potable.<\/p>\n","protected":false},"excerpt":{"rendered":"<p>Le kit de bagues d&rsquo;\u00e9tanch\u00e9it\u00e9 GEKA plus pour l&rsquo;eau potable contient 14 bagues d&rsquo;\u00e9tanch\u00e9it\u00e9 en EPDM de haute qualit\u00e9 qui assurent une \u00e9tanch\u00e9it\u00e9 fiable dans le domaine de l&rsquo;eau potable. Il comprend trois bagues d&rsquo;\u00e9tanch\u00e9it\u00e9 plates pour G1\/2, G3\/4 et G1, adapt\u00e9es aux fiches de robinet et aux vannes, ainsi que cinq joints toriques pour [&hellip;]<\/p>\n","protected":false},"featured_media":229591,"template":"","meta":{"_acf_changed":false},"product_featured_cat":[],"product_brand":[],"product_cat":[4123],"product_tag":[],"class_list":{"0":"post-229593","1":"product","2":"type-product","3":"status-publish","4":"has-post-thumbnail","6":"product_cat-accessoires-pour-leau-et-les-sanitaires","8":"first","9":"instock","10":"taxable","11":"shipping-taxable","12":"purchasable","13":"product-type-simple"},"acf":[],"yoast_head":"<!-- This site is optimized with the Yoast SEO plugin v27.4 - https:\/\/yoast.com\/product\/yoast-seo-wordpress\/ -->\n<title>Kit de joints d&#039;\u00e9tanch\u00e9it\u00e9 plus enf. 5x joint torique 9x joint d&#039;\u00e9tanch\u00e9it\u00e9 G1\/2,3\/4,1, bleu - Bantam Wankm\u00fcller SA<\/title>\n<meta name=\"robots\" content=\"index, follow, max-snippet:-1, max-image-preview:large, max-video-preview:-1\" \/>\n<link rel=\"canonical\" href=\"https:\/\/shop.bantam.ch\/fr\/produit\/kit-de-joints-detancheite-plus-enf-5x-joint-torique-9x-joint-detancheite-g1-23-41-bleu\/\" \/>\n<meta property=\"og:locale\" content=\"fr_FR\" \/>\n<meta property=\"og:type\" content=\"article\" \/>\n<meta property=\"og:title\" content=\"Kit de joints d&#039;\u00e9tanch\u00e9it\u00e9 plus enf. 5x joint torique 9x joint d&#039;\u00e9tanch\u00e9it\u00e9 G1\/2,3\/4,1, bleu - Bantam Wankm\u00fcller SA\" \/>\n<meta property=\"og:description\" content=\"Le kit de bagues d&rsquo;\u00e9tanch\u00e9it\u00e9 GEKA plus pour l&rsquo;eau potable contient 14 bagues d&rsquo;\u00e9tanch\u00e9it\u00e9 en EPDM de haute qualit\u00e9 qui assurent une \u00e9tanch\u00e9it\u00e9 fiable dans le domaine de l&rsquo;eau potable. Il comprend trois bagues d&rsquo;\u00e9tanch\u00e9it\u00e9 plates pour G1\/2, G3\/4 et G1, adapt\u00e9es aux fiches de robinet et aux vannes, ainsi que cinq joints toriques pour [&hellip;]\" \/>\n<meta property=\"og:url\" content=\"https:\/\/shop.bantam.ch\/fr\/produit\/kit-de-joints-detancheite-plus-enf-5x-joint-torique-9x-joint-detancheite-g1-23-41-bleu\/\" \/>\n<meta property=\"og:site_name\" content=\"Bantam Wankm\u00fcller SA\" \/>\n<meta property=\"article:modified_time\" content=\"2026-04-18T21:53:50+00:00\" \/>\n<meta name=\"twitter:card\" content=\"summary_large_image\" \/>\n<script type=\"application\/ld+json\" class=\"yoast-schema-graph\">{\"@context\":\"https:\\\/\\\/schema.org\",\"@graph\":[{\"@type\":\"WebPage\",\"@id\":\"https:\\\/\\\/shop.bantam.ch\\\/fr\\\/produit\\\/kit-de-joints-detancheite-plus-enf-5x-joint-torique-9x-joint-detancheite-g1-23-41-bleu\\\/\",\"url\":\"https:\\\/\\\/shop.bantam.ch\\\/fr\\\/produit\\\/kit-de-joints-detancheite-plus-enf-5x-joint-torique-9x-joint-detancheite-g1-23-41-bleu\\\/\",\"name\":\"Kit de joints d'\u00e9tanch\u00e9it\u00e9 plus enf. 5x joint torique 9x joint d'\u00e9tanch\u00e9it\u00e9 G1\\\/2,3\\\/4,1, bleu - Bantam Wankm\u00fcller SA\",\"isPartOf\":{\"@id\":\"https:\\\/\\\/shop.bantam.ch\\\/fr\\\/#website\"},\"primaryImageOfPage\":{\"@id\":\"https:\\\/\\\/shop.bantam.ch\\\/fr\\\/produit\\\/kit-de-joints-detancheite-plus-enf-5x-joint-torique-9x-joint-detancheite-g1-23-41-bleu\\\/#primaryimage\"},\"image\":{\"@id\":\"https:\\\/\\\/shop.bantam.ch\\\/fr\\\/produit\\\/kit-de-joints-detancheite-plus-enf-5x-joint-torique-9x-joint-detancheite-g1-23-41-bleu\\\/#primaryimage\"},\"thumbnailUrl\":\"https:\\\/\\\/shop.bantam.ch\\\/wp-content\\\/uploads\\\/2026\\\/01\\\/Movera-L-9976066100.png\",\"datePublished\":\"2026-01-06T15:24:17+00:00\",\"dateModified\":\"2026-04-18T21:53:50+00:00\",\"breadcrumb\":{\"@id\":\"https:\\\/\\\/shop.bantam.ch\\\/fr\\\/produit\\\/kit-de-joints-detancheite-plus-enf-5x-joint-torique-9x-joint-detancheite-g1-23-41-bleu\\\/#breadcrumb\"},\"inLanguage\":\"fr-FR\",\"potentialAction\":[{\"@type\":\"ReadAction\",\"target\":[\"https:\\\/\\\/shop.bantam.ch\\\/fr\\\/produit\\\/kit-de-joints-detancheite-plus-enf-5x-joint-torique-9x-joint-detancheite-g1-23-41-bleu\\\/\"]}]},{\"@type\":\"ImageObject\",\"inLanguage\":\"fr-FR\",\"@id\":\"https:\\\/\\\/shop.bantam.ch\\\/fr\\\/produit\\\/kit-de-joints-detancheite-plus-enf-5x-joint-torique-9x-joint-detancheite-g1-23-41-bleu\\\/#primaryimage\",\"url\":\"https:\\\/\\\/shop.bantam.ch\\\/wp-content\\\/uploads\\\/2026\\\/01\\\/Movera-L-9976066100.png\",\"contentUrl\":\"https:\\\/\\\/shop.bantam.ch\\\/wp-content\\\/uploads\\\/2026\\\/01\\\/Movera-L-9976066100.png\",\"width\":640,\"height\":640},{\"@type\":\"BreadcrumbList\",\"@id\":\"https:\\\/\\\/shop.bantam.ch\\\/fr\\\/produit\\\/kit-de-joints-detancheite-plus-enf-5x-joint-torique-9x-joint-detancheite-g1-23-41-bleu\\\/#breadcrumb\",\"itemListElement\":[{\"@type\":\"ListItem\",\"position\":1,\"name\":\"Accueil\",\"item\":\"https:\\\/\\\/shop.bantam.ch\\\/fr\\\/\"},{\"@type\":\"ListItem\",\"position\":2,\"name\":\"Boutique\",\"item\":\"https:\\\/\\\/shop.bantam.ch\\\/fr\\\/boutique\\\/\"},{\"@type\":\"ListItem\",\"position\":3,\"name\":\"Kit de joints d&rsquo;\u00e9tanch\u00e9it\u00e9 plus enf. 5x joint torique 9x joint d&rsquo;\u00e9tanch\u00e9it\u00e9 G1\\\/2,3\\\/4,1, bleu\"}]},{\"@type\":\"WebSite\",\"@id\":\"https:\\\/\\\/shop.bantam.ch\\\/fr\\\/#website\",\"url\":\"https:\\\/\\\/shop.bantam.ch\\\/fr\\\/\",\"name\":\"Bantam Wankm\u00fcller SA\",\"description\":\"\",\"publisher\":{\"@id\":\"https:\\\/\\\/shop.bantam.ch\\\/fr\\\/#organization\"},\"inLanguage\":\"fr-FR\"},{\"@type\":\"Organization\",\"@id\":\"https:\\\/\\\/shop.bantam.ch\\\/fr\\\/#organization\",\"name\":\"Bantam Wankm\u00fcller SA\",\"url\":\"https:\\\/\\\/shop.bantam.ch\\\/fr\\\/\",\"logo\":{\"@type\":\"ImageObject\",\"inLanguage\":\"fr-FR\",\"@id\":\"https:\\\/\\\/shop.bantam.ch\\\/fr\\\/#\\\/schema\\\/logo\\\/image\\\/\",\"url\":\"https:\\\/\\\/shop.bantam.ch\\\/wp-content\\\/uploads\\\/2022\\\/12\\\/bantam-logo.png\",\"contentUrl\":\"https:\\\/\\\/shop.bantam.ch\\\/wp-content\\\/uploads\\\/2022\\\/12\\\/bantam-logo.png\",\"width\":320,\"height\":71,\"caption\":\"Bantam Wankm\u00fcller SA\"},\"image\":{\"@id\":\"https:\\\/\\\/shop.bantam.ch\\\/fr\\\/#\\\/schema\\\/logo\\\/image\\\/\"}}]}<\/script>\n<!-- \/ Yoast SEO plugin. -->","yoast_head_json":{"title":"Kit de joints d'\u00e9tanch\u00e9it\u00e9 plus enf. 5x joint torique 9x joint d'\u00e9tanch\u00e9it\u00e9 G1\/2,3\/4,1, bleu - Bantam Wankm\u00fcller SA","robots":{"index":"index","follow":"follow","max-snippet":"max-snippet:-1","max-image-preview":"max-image-preview:large","max-video-preview":"max-video-preview:-1"},"canonical":"https:\/\/shop.bantam.ch\/fr\/produit\/kit-de-joints-detancheite-plus-enf-5x-joint-torique-9x-joint-detancheite-g1-23-41-bleu\/","og_locale":"fr_FR","og_type":"article","og_title":"Kit de joints d'\u00e9tanch\u00e9it\u00e9 plus enf. 5x joint torique 9x joint d'\u00e9tanch\u00e9it\u00e9 G1\/2,3\/4,1, bleu - Bantam Wankm\u00fcller SA","og_description":"Le kit de bagues d&rsquo;\u00e9tanch\u00e9it\u00e9 GEKA plus pour l&rsquo;eau potable contient 14 bagues d&rsquo;\u00e9tanch\u00e9it\u00e9 en EPDM de haute qualit\u00e9 qui assurent une \u00e9tanch\u00e9it\u00e9 fiable dans le domaine de l&rsquo;eau potable. Il comprend trois bagues d&rsquo;\u00e9tanch\u00e9it\u00e9 plates pour G1\/2, G3\/4 et G1, adapt\u00e9es aux fiches de robinet et aux vannes, ainsi que cinq joints toriques pour [&hellip;]","og_url":"https:\/\/shop.bantam.ch\/fr\/produit\/kit-de-joints-detancheite-plus-enf-5x-joint-torique-9x-joint-detancheite-g1-23-41-bleu\/","og_site_name":"Bantam Wankm\u00fcller SA","article_modified_time":"2026-04-18T21:53:50+00:00","twitter_card":"summary_large_image","schema":{"@context":"https:\/\/schema.org","@graph":[{"@type":"WebPage","@id":"https:\/\/shop.bantam.ch\/fr\/produit\/kit-de-joints-detancheite-plus-enf-5x-joint-torique-9x-joint-detancheite-g1-23-41-bleu\/","url":"https:\/\/shop.bantam.ch\/fr\/produit\/kit-de-joints-detancheite-plus-enf-5x-joint-torique-9x-joint-detancheite-g1-23-41-bleu\/","name":"Kit de joints d'\u00e9tanch\u00e9it\u00e9 plus enf. 5x joint torique 9x joint d'\u00e9tanch\u00e9it\u00e9 G1\/2,3\/4,1, bleu - Bantam Wankm\u00fcller SA","isPartOf":{"@id":"https:\/\/shop.bantam.ch\/fr\/#website"},"primaryImageOfPage":{"@id":"https:\/\/shop.bantam.ch\/fr\/produit\/kit-de-joints-detancheite-plus-enf-5x-joint-torique-9x-joint-detancheite-g1-23-41-bleu\/#primaryimage"},"image":{"@id":"https:\/\/shop.bantam.ch\/fr\/produit\/kit-de-joints-detancheite-plus-enf-5x-joint-torique-9x-joint-detancheite-g1-23-41-bleu\/#primaryimage"},"thumbnailUrl":"https:\/\/shop.bantam.ch\/wp-content\/uploads\/2026\/01\/Movera-L-9976066100.png","datePublished":"2026-01-06T15:24:17+00:00","dateModified":"2026-04-18T21:53:50+00:00","breadcrumb":{"@id":"https:\/\/shop.bantam.ch\/fr\/produit\/kit-de-joints-detancheite-plus-enf-5x-joint-torique-9x-joint-detancheite-g1-23-41-bleu\/#breadcrumb"},"inLanguage":"fr-FR","potentialAction":[{"@type":"ReadAction","target":["https:\/\/shop.bantam.ch\/fr\/produit\/kit-de-joints-detancheite-plus-enf-5x-joint-torique-9x-joint-detancheite-g1-23-41-bleu\/"]}]},{"@type":"ImageObject","inLanguage":"fr-FR","@id":"https:\/\/shop.bantam.ch\/fr\/produit\/kit-de-joints-detancheite-plus-enf-5x-joint-torique-9x-joint-detancheite-g1-23-41-bleu\/#primaryimage","url":"https:\/\/shop.bantam.ch\/wp-content\/uploads\/2026\/01\/Movera-L-9976066100.png","contentUrl":"https:\/\/shop.bantam.ch\/wp-content\/uploads\/2026\/01\/Movera-L-9976066100.png","width":640,"height":640},{"@type":"BreadcrumbList","@id":"https:\/\/shop.bantam.ch\/fr\/produit\/kit-de-joints-detancheite-plus-enf-5x-joint-torique-9x-joint-detancheite-g1-23-41-bleu\/#breadcrumb","itemListElement":[{"@type":"ListItem","position":1,"name":"Accueil","item":"https:\/\/shop.bantam.ch\/fr\/"},{"@type":"ListItem","position":2,"name":"Boutique","item":"https:\/\/shop.bantam.ch\/fr\/boutique\/"},{"@type":"ListItem","position":3,"name":"Kit de joints d&rsquo;\u00e9tanch\u00e9it\u00e9 plus enf. 5x joint torique 9x joint d&rsquo;\u00e9tanch\u00e9it\u00e9 G1\/2,3\/4,1, bleu"}]},{"@type":"WebSite","@id":"https:\/\/shop.bantam.ch\/fr\/#website","url":"https:\/\/shop.bantam.ch\/fr\/","name":"Bantam Wankm\u00fcller SA","description":"","publisher":{"@id":"https:\/\/shop.bantam.ch\/fr\/#organization"},"inLanguage":"fr-FR"},{"@type":"Organization","@id":"https:\/\/shop.bantam.ch\/fr\/#organization","name":"Bantam Wankm\u00fcller SA","url":"https:\/\/shop.bantam.ch\/fr\/","logo":{"@type":"ImageObject","inLanguage":"fr-FR","@id":"https:\/\/shop.bantam.ch\/fr\/#\/schema\/logo\/image\/","url":"https:\/\/shop.bantam.ch\/wp-content\/uploads\/2022\/12\/bantam-logo.png","contentUrl":"https:\/\/shop.bantam.ch\/wp-content\/uploads\/2022\/12\/bantam-logo.png","width":320,"height":71,"caption":"Bantam Wankm\u00fcller SA"},"image":{"@id":"https:\/\/shop.bantam.ch\/fr\/#\/schema\/logo\/image\/"}}]}},"_links":{"self":[{"href":"https:\/\/shop.bantam.ch\/fr\/wp-json\/wp\/v2\/product\/229593","targetHints":{"allow":["GET"]}}],"collection":[{"href":"https:\/\/shop.bantam.ch\/fr\/wp-json\/wp\/v2\/product"}],"about":[{"href":"https:\/\/shop.bantam.ch\/fr\/wp-json\/wp\/v2\/types\/product"}],"wp:featuredmedia":[{"embeddable":true,"href":"https:\/\/shop.bantam.ch\/fr\/wp-json\/wp\/v2\/media\/229591"}],"wp:attachment":[{"href":"https:\/\/shop.bantam.ch\/fr\/wp-json\/wp\/v2\/media?parent=229593"}],"wp:term":[{"taxonomy":"product_featured_cat","embeddable":true,"href":"https:\/\/shop.bantam.ch\/fr\/wp-json\/wp\/v2\/product_featured_cat?post=229593"},{"taxonomy":"product_brand","embeddable":true,"href":"https:\/\/shop.bantam.ch\/fr\/wp-json\/wp\/v2\/product_brand?post=229593"},{"taxonomy":"product_cat","embeddable":true,"href":"https:\/\/shop.bantam.ch\/fr\/wp-json\/wp\/v2\/product_cat?post=229593"},{"taxonomy":"product_tag","embeddable":true,"href":"https:\/\/shop.bantam.ch\/fr\/wp-json\/wp\/v2\/product_tag?post=229593"}],"curies":[{"name":"wp","href":"https:\/\/api.w.org\/{rel}","templated":true}]}}