{"id":229547,"date":"2026-01-06T16:23:19","date_gmt":"2026-01-06T15:23:19","guid":{"rendered":"https:\/\/shop.bantam.ch\/produit\/systeme-satellite-automatique-traveller-man-4\/"},"modified":"2026-04-18T23:53:49","modified_gmt":"2026-04-18T21:53:49","slug":"systeme-satellite-automatique-traveller-man-4","status":"publish","type":"product","link":"https:\/\/shop.bantam.ch\/fr\/produit\/systeme-satellite-automatique-traveller-man-4\/","title":{"rendered":"Syst\u00e8me satellite automatique Traveller Man 4"},"content":{"rendered":"<p><!--StartFragment --><!--StartFragment --><!--StartFragment --><\/p>\n<p>Le Traveller-Man 4 est une antenne satellite extr\u00eamement plate qui s&rsquo;oriente de mani\u00e8re enti\u00e8rement automatique vers le satellite souhait\u00e9. Avec une hauteur de seulement 14,5 cm, elle peut \u00eatre mont\u00e9e de mani\u00e8re id\u00e9ale sur une caravane ou un camping-car, sans augmenter consid\u00e9rablement la hauteur du v\u00e9hicule. Malgr\u00e9 sa construction compacte, elle re\u00e7oit les programmes TV dans une qualit\u00e9 optimale. Gr\u00e2ce au GPS int\u00e9gr\u00e9, l&rsquo;antenne conna\u00eet sa position au d\u00e9marrage et se dirige de mani\u00e8re cibl\u00e9e vers l&rsquo;angle d&rsquo;\u00e9l\u00e9vation appropri\u00e9, ce qui r\u00e9duit consid\u00e9rablement le temps de recherche. Le syst\u00e8me Auto-Skew assure automatiquement la bonne polarisation du LNB et donc une r\u00e9ception optimale en Europe. L&rsquo;antenne convient pour deux abonn\u00e9s et est reli\u00e9e \u00e0 l&rsquo;appareil de commande par un seul c\u00e2ble coaxial. Une plaque de montage est fournie, un kit mobile pour une utilisation flexible est disponible s\u00e9par\u00e9ment. Aucune mise \u00e0 jour future du micrologiciel n&rsquo;est n\u00e9cessaire.<\/p>\n<\/p>\n<p>Contenu de la livraison : y comprisTraveller-Man 4, mini-appareil de commande, c\u00e2ble coaxial de 1 m et 10 m, travers\u00e9e de toit, mode d&#8217;emploi<\/p>\n<p><!--EndFragment --><\/p>\n<p><!--EndFragment --><!--EndFragment --><\/p>\n","protected":false},"excerpt":{"rendered":"<p>Le Traveller-Man 4 est une antenne satellite extr\u00eamement plate qui s&rsquo;oriente de mani\u00e8re enti\u00e8rement automatique vers le satellite souhait\u00e9. Avec une hauteur de seulement 14,5 cm, elle peut \u00eatre mont\u00e9e de mani\u00e8re id\u00e9ale sur une caravane ou un camping-car, sans augmenter consid\u00e9rablement la hauteur du v\u00e9hicule. Malgr\u00e9 sa construction compacte, elle re\u00e7oit les programmes TV [&hellip;]<\/p>\n","protected":false},"featured_media":229537,"template":"","meta":{"_acf_changed":false},"product_featured_cat":[],"product_brand":[],"product_cat":[4523],"product_tag":[],"class_list":{"0":"post-229547","1":"product","2":"type-product","3":"status-publish","4":"has-post-thumbnail","6":"product_cat-systemes-satellitaires","8":"first","9":"instock","10":"taxable","11":"shipping-taxable","12":"purchasable","13":"product-type-simple"},"acf":[],"yoast_head":"<!-- This site is optimized with the Yoast SEO plugin v27.4 - https:\/\/yoast.com\/product\/yoast-seo-wordpress\/ -->\n<title>Syst\u00e8me satellite automatique Traveller Man 4 - Bantam Wankm\u00fcller SA<\/title>\n<meta name=\"robots\" content=\"index, follow, max-snippet:-1, max-image-preview:large, max-video-preview:-1\" \/>\n<link rel=\"canonical\" href=\"https:\/\/shop.bantam.ch\/fr\/produit\/systeme-satellite-automatique-traveller-man-4\/\" \/>\n<meta property=\"og:locale\" content=\"fr_FR\" \/>\n<meta property=\"og:type\" content=\"article\" \/>\n<meta property=\"og:title\" content=\"Syst\u00e8me satellite automatique Traveller Man 4 - Bantam Wankm\u00fcller SA\" \/>\n<meta property=\"og:description\" content=\"Le Traveller-Man 4 est une antenne satellite extr\u00eamement plate qui s&rsquo;oriente de mani\u00e8re enti\u00e8rement automatique vers le satellite souhait\u00e9. Avec une hauteur de seulement 14,5 cm, elle peut \u00eatre mont\u00e9e de mani\u00e8re id\u00e9ale sur une caravane ou un camping-car, sans augmenter consid\u00e9rablement la hauteur du v\u00e9hicule. Malgr\u00e9 sa construction compacte, elle re\u00e7oit les programmes TV [&hellip;]\" \/>\n<meta property=\"og:url\" content=\"https:\/\/shop.bantam.ch\/fr\/produit\/systeme-satellite-automatique-traveller-man-4\/\" \/>\n<meta property=\"og:site_name\" content=\"Bantam Wankm\u00fcller SA\" \/>\n<meta property=\"article:modified_time\" content=\"2026-04-18T21:53:49+00:00\" \/>\n<meta name=\"twitter:card\" content=\"summary_large_image\" \/>\n<meta name=\"twitter:label1\" content=\"Dur\u00e9e de lecture estim\u00e9e\" \/>\n\t<meta name=\"twitter:data1\" content=\"1 minute\" \/>\n<script type=\"application\/ld+json\" class=\"yoast-schema-graph\">{\"@context\":\"https:\\\/\\\/schema.org\",\"@graph\":[{\"@type\":\"WebPage\",\"@id\":\"https:\\\/\\\/shop.bantam.ch\\\/fr\\\/produit\\\/systeme-satellite-automatique-traveller-man-4\\\/\",\"url\":\"https:\\\/\\\/shop.bantam.ch\\\/fr\\\/produit\\\/systeme-satellite-automatique-traveller-man-4\\\/\",\"name\":\"Syst\u00e8me satellite automatique Traveller Man 4 - Bantam Wankm\u00fcller SA\",\"isPartOf\":{\"@id\":\"https:\\\/\\\/shop.bantam.ch\\\/fr\\\/#website\"},\"primaryImageOfPage\":{\"@id\":\"https:\\\/\\\/shop.bantam.ch\\\/fr\\\/produit\\\/systeme-satellite-automatique-traveller-man-4\\\/#primaryimage\"},\"image\":{\"@id\":\"https:\\\/\\\/shop.bantam.ch\\\/fr\\\/produit\\\/systeme-satellite-automatique-traveller-man-4\\\/#primaryimage\"},\"thumbnailUrl\":\"https:\\\/\\\/shop.bantam.ch\\\/wp-content\\\/uploads\\\/2026\\\/01\\\/Movera-L-9976078100.png\",\"datePublished\":\"2026-01-06T15:23:19+00:00\",\"dateModified\":\"2026-04-18T21:53:49+00:00\",\"breadcrumb\":{\"@id\":\"https:\\\/\\\/shop.bantam.ch\\\/fr\\\/produit\\\/systeme-satellite-automatique-traveller-man-4\\\/#breadcrumb\"},\"inLanguage\":\"fr-FR\",\"potentialAction\":[{\"@type\":\"ReadAction\",\"target\":[\"https:\\\/\\\/shop.bantam.ch\\\/fr\\\/produit\\\/systeme-satellite-automatique-traveller-man-4\\\/\"]}]},{\"@type\":\"ImageObject\",\"inLanguage\":\"fr-FR\",\"@id\":\"https:\\\/\\\/shop.bantam.ch\\\/fr\\\/produit\\\/systeme-satellite-automatique-traveller-man-4\\\/#primaryimage\",\"url\":\"https:\\\/\\\/shop.bantam.ch\\\/wp-content\\\/uploads\\\/2026\\\/01\\\/Movera-L-9976078100.png\",\"contentUrl\":\"https:\\\/\\\/shop.bantam.ch\\\/wp-content\\\/uploads\\\/2026\\\/01\\\/Movera-L-9976078100.png\",\"width\":640,\"height\":571},{\"@type\":\"BreadcrumbList\",\"@id\":\"https:\\\/\\\/shop.bantam.ch\\\/fr\\\/produit\\\/systeme-satellite-automatique-traveller-man-4\\\/#breadcrumb\",\"itemListElement\":[{\"@type\":\"ListItem\",\"position\":1,\"name\":\"Accueil\",\"item\":\"https:\\\/\\\/shop.bantam.ch\\\/fr\\\/\"},{\"@type\":\"ListItem\",\"position\":2,\"name\":\"Boutique\",\"item\":\"https:\\\/\\\/shop.bantam.ch\\\/fr\\\/boutique\\\/\"},{\"@type\":\"ListItem\",\"position\":3,\"name\":\"Syst\u00e8me satellite automatique Traveller Man 4\"}]},{\"@type\":\"WebSite\",\"@id\":\"https:\\\/\\\/shop.bantam.ch\\\/fr\\\/#website\",\"url\":\"https:\\\/\\\/shop.bantam.ch\\\/fr\\\/\",\"name\":\"Bantam Wankm\u00fcller SA\",\"description\":\"\",\"publisher\":{\"@id\":\"https:\\\/\\\/shop.bantam.ch\\\/fr\\\/#organization\"},\"inLanguage\":\"fr-FR\"},{\"@type\":\"Organization\",\"@id\":\"https:\\\/\\\/shop.bantam.ch\\\/fr\\\/#organization\",\"name\":\"Bantam Wankm\u00fcller SA\",\"url\":\"https:\\\/\\\/shop.bantam.ch\\\/fr\\\/\",\"logo\":{\"@type\":\"ImageObject\",\"inLanguage\":\"fr-FR\",\"@id\":\"https:\\\/\\\/shop.bantam.ch\\\/fr\\\/#\\\/schema\\\/logo\\\/image\\\/\",\"url\":\"https:\\\/\\\/shop.bantam.ch\\\/wp-content\\\/uploads\\\/2022\\\/12\\\/bantam-logo.png\",\"contentUrl\":\"https:\\\/\\\/shop.bantam.ch\\\/wp-content\\\/uploads\\\/2022\\\/12\\\/bantam-logo.png\",\"width\":320,\"height\":71,\"caption\":\"Bantam Wankm\u00fcller SA\"},\"image\":{\"@id\":\"https:\\\/\\\/shop.bantam.ch\\\/fr\\\/#\\\/schema\\\/logo\\\/image\\\/\"}}]}<\/script>\n<!-- \/ Yoast SEO plugin. -->","yoast_head_json":{"title":"Syst\u00e8me satellite automatique Traveller Man 4 - Bantam Wankm\u00fcller SA","robots":{"index":"index","follow":"follow","max-snippet":"max-snippet:-1","max-image-preview":"max-image-preview:large","max-video-preview":"max-video-preview:-1"},"canonical":"https:\/\/shop.bantam.ch\/fr\/produit\/systeme-satellite-automatique-traveller-man-4\/","og_locale":"fr_FR","og_type":"article","og_title":"Syst\u00e8me satellite automatique Traveller Man 4 - Bantam Wankm\u00fcller SA","og_description":"Le Traveller-Man 4 est une antenne satellite extr\u00eamement plate qui s&rsquo;oriente de mani\u00e8re enti\u00e8rement automatique vers le satellite souhait\u00e9. Avec une hauteur de seulement 14,5 cm, elle peut \u00eatre mont\u00e9e de mani\u00e8re id\u00e9ale sur une caravane ou un camping-car, sans augmenter consid\u00e9rablement la hauteur du v\u00e9hicule. Malgr\u00e9 sa construction compacte, elle re\u00e7oit les programmes TV [&hellip;]","og_url":"https:\/\/shop.bantam.ch\/fr\/produit\/systeme-satellite-automatique-traveller-man-4\/","og_site_name":"Bantam Wankm\u00fcller SA","article_modified_time":"2026-04-18T21:53:49+00:00","twitter_card":"summary_large_image","twitter_misc":{"Dur\u00e9e de lecture estim\u00e9e":"1 minute"},"schema":{"@context":"https:\/\/schema.org","@graph":[{"@type":"WebPage","@id":"https:\/\/shop.bantam.ch\/fr\/produit\/systeme-satellite-automatique-traveller-man-4\/","url":"https:\/\/shop.bantam.ch\/fr\/produit\/systeme-satellite-automatique-traveller-man-4\/","name":"Syst\u00e8me satellite automatique Traveller Man 4 - Bantam Wankm\u00fcller SA","isPartOf":{"@id":"https:\/\/shop.bantam.ch\/fr\/#website"},"primaryImageOfPage":{"@id":"https:\/\/shop.bantam.ch\/fr\/produit\/systeme-satellite-automatique-traveller-man-4\/#primaryimage"},"image":{"@id":"https:\/\/shop.bantam.ch\/fr\/produit\/systeme-satellite-automatique-traveller-man-4\/#primaryimage"},"thumbnailUrl":"https:\/\/shop.bantam.ch\/wp-content\/uploads\/2026\/01\/Movera-L-9976078100.png","datePublished":"2026-01-06T15:23:19+00:00","dateModified":"2026-04-18T21:53:49+00:00","breadcrumb":{"@id":"https:\/\/shop.bantam.ch\/fr\/produit\/systeme-satellite-automatique-traveller-man-4\/#breadcrumb"},"inLanguage":"fr-FR","potentialAction":[{"@type":"ReadAction","target":["https:\/\/shop.bantam.ch\/fr\/produit\/systeme-satellite-automatique-traveller-man-4\/"]}]},{"@type":"ImageObject","inLanguage":"fr-FR","@id":"https:\/\/shop.bantam.ch\/fr\/produit\/systeme-satellite-automatique-traveller-man-4\/#primaryimage","url":"https:\/\/shop.bantam.ch\/wp-content\/uploads\/2026\/01\/Movera-L-9976078100.png","contentUrl":"https:\/\/shop.bantam.ch\/wp-content\/uploads\/2026\/01\/Movera-L-9976078100.png","width":640,"height":571},{"@type":"BreadcrumbList","@id":"https:\/\/shop.bantam.ch\/fr\/produit\/systeme-satellite-automatique-traveller-man-4\/#breadcrumb","itemListElement":[{"@type":"ListItem","position":1,"name":"Accueil","item":"https:\/\/shop.bantam.ch\/fr\/"},{"@type":"ListItem","position":2,"name":"Boutique","item":"https:\/\/shop.bantam.ch\/fr\/boutique\/"},{"@type":"ListItem","position":3,"name":"Syst\u00e8me satellite automatique Traveller Man 4"}]},{"@type":"WebSite","@id":"https:\/\/shop.bantam.ch\/fr\/#website","url":"https:\/\/shop.bantam.ch\/fr\/","name":"Bantam Wankm\u00fcller SA","description":"","publisher":{"@id":"https:\/\/shop.bantam.ch\/fr\/#organization"},"inLanguage":"fr-FR"},{"@type":"Organization","@id":"https:\/\/shop.bantam.ch\/fr\/#organization","name":"Bantam Wankm\u00fcller SA","url":"https:\/\/shop.bantam.ch\/fr\/","logo":{"@type":"ImageObject","inLanguage":"fr-FR","@id":"https:\/\/shop.bantam.ch\/fr\/#\/schema\/logo\/image\/","url":"https:\/\/shop.bantam.ch\/wp-content\/uploads\/2022\/12\/bantam-logo.png","contentUrl":"https:\/\/shop.bantam.ch\/wp-content\/uploads\/2022\/12\/bantam-logo.png","width":320,"height":71,"caption":"Bantam Wankm\u00fcller SA"},"image":{"@id":"https:\/\/shop.bantam.ch\/fr\/#\/schema\/logo\/image\/"}}]}},"_links":{"self":[{"href":"https:\/\/shop.bantam.ch\/fr\/wp-json\/wp\/v2\/product\/229547","targetHints":{"allow":["GET"]}}],"collection":[{"href":"https:\/\/shop.bantam.ch\/fr\/wp-json\/wp\/v2\/product"}],"about":[{"href":"https:\/\/shop.bantam.ch\/fr\/wp-json\/wp\/v2\/types\/product"}],"wp:featuredmedia":[{"embeddable":true,"href":"https:\/\/shop.bantam.ch\/fr\/wp-json\/wp\/v2\/media\/229537"}],"wp:attachment":[{"href":"https:\/\/shop.bantam.ch\/fr\/wp-json\/wp\/v2\/media?parent=229547"}],"wp:term":[{"taxonomy":"product_featured_cat","embeddable":true,"href":"https:\/\/shop.bantam.ch\/fr\/wp-json\/wp\/v2\/product_featured_cat?post=229547"},{"taxonomy":"product_brand","embeddable":true,"href":"https:\/\/shop.bantam.ch\/fr\/wp-json\/wp\/v2\/product_brand?post=229547"},{"taxonomy":"product_cat","embeddable":true,"href":"https:\/\/shop.bantam.ch\/fr\/wp-json\/wp\/v2\/product_cat?post=229547"},{"taxonomy":"product_tag","embeddable":true,"href":"https:\/\/shop.bantam.ch\/fr\/wp-json\/wp\/v2\/product_tag?post=229547"}],"curies":[{"name":"wp","href":"https:\/\/api.w.org\/{rel}","templated":true}]}}