{"id":229483,"date":"2026-01-06T16:21:20","date_gmt":"2026-01-06T15:21:20","guid":{"rendered":"https:\/\/shop.bantam.ch\/produit\/ligne-de-films-haute-barriere-x1-contenu-2-pieces\/"},"modified":"2026-04-17T23:50:08","modified_gmt":"2026-04-17T21:50:08","slug":"ligne-de-films-haute-barriere-x1-contenu-2-pieces","status":"publish","type":"product","link":"https:\/\/shop.bantam.ch\/fr\/produit\/ligne-de-films-haute-barriere-x1-contenu-2-pieces\/","title":{"rendered":"Ligne de films haute barri\u00e8re X1 Contenu : 2 pi\u00e8ces"},"content":{"rendered":"<p>Pour les toilettes mobiles \u00e0 souder Clesana X1<\/p>\n<p>FR : Liner haute barri\u00e8re Clesana. Ce film sp\u00e9cialement con\u00e7u pour le secteur m\u00e9dical offre une protection exceptionnelle contre les odeurs et l&rsquo;humidit\u00e9.* Il garantit la s\u00e9curit\u00e9 pendant des jours et des semaines et permet une \u00e9limination facile et hygi\u00e9nique. Un nouveau liner film haute barri\u00e8re permet de produire jusqu&rsquo;\u00e0 60 sachets (S).<\/p>\n<\/p>\n<p>Contenu : 2 x liner en film haute barri\u00e8re.<\/p>\n<ul>\n<li>Perm\u00e9abilit\u00e9 \u00e0 l&rsquo;oxyg\u00e8ne : 1,62 cm\u00b3\/m\u00b2 d bar<\/li>\n<li>Perm\u00e9abilit\u00e9 \u00e0 la vapeur d&rsquo;eau : 1,61 g\/(m\u00b2 d)<\/li>\n<\/ul>\n","protected":false},"excerpt":{"rendered":"<p>Pour les toilettes mobiles \u00e0 souder Clesana X1 FR : Liner haute barri\u00e8re Clesana. Ce film sp\u00e9cialement con\u00e7u pour le secteur m\u00e9dical offre une protection exceptionnelle contre les odeurs et l&rsquo;humidit\u00e9.* Il garantit la s\u00e9curit\u00e9 pendant des jours et des semaines et permet une \u00e9limination facile et hygi\u00e9nique. Un nouveau liner film haute barri\u00e8re permet [&hellip;]<\/p>\n","protected":false},"featured_media":229477,"template":"","meta":{"_acf_changed":false},"product_featured_cat":[],"product_brand":[],"product_cat":[5155],"product_tag":[],"class_list":{"0":"post-229483","1":"product","2":"type-product","3":"status-publish","4":"has-post-thumbnail","6":"product_cat-autres-accessoires-pour-les-toilettes-de-camping","8":"first","9":"instock","10":"taxable","11":"shipping-taxable","12":"purchasable","13":"product-type-simple"},"acf":[],"yoast_head":"<!-- This site is optimized with the Yoast SEO plugin v27.4 - https:\/\/yoast.com\/product\/yoast-seo-wordpress\/ -->\n<title>Ligne de films haute barri\u00e8re X1 Contenu : 2 pi\u00e8ces - Bantam Wankm\u00fcller SA<\/title>\n<meta name=\"robots\" content=\"index, follow, max-snippet:-1, max-image-preview:large, max-video-preview:-1\" \/>\n<link rel=\"canonical\" href=\"https:\/\/shop.bantam.ch\/fr\/produit\/ligne-de-films-haute-barriere-x1-contenu-2-pieces\/\" \/>\n<meta property=\"og:locale\" content=\"fr_FR\" \/>\n<meta property=\"og:type\" content=\"article\" \/>\n<meta property=\"og:title\" content=\"Ligne de films haute barri\u00e8re X1 Contenu : 2 pi\u00e8ces - Bantam Wankm\u00fcller SA\" \/>\n<meta property=\"og:description\" content=\"Pour les toilettes mobiles \u00e0 souder Clesana X1 FR : Liner haute barri\u00e8re Clesana. Ce film sp\u00e9cialement con\u00e7u pour le secteur m\u00e9dical offre une protection exceptionnelle contre les odeurs et l&rsquo;humidit\u00e9.* Il garantit la s\u00e9curit\u00e9 pendant des jours et des semaines et permet une \u00e9limination facile et hygi\u00e9nique. Un nouveau liner film haute barri\u00e8re permet [&hellip;]\" \/>\n<meta property=\"og:url\" content=\"https:\/\/shop.bantam.ch\/fr\/produit\/ligne-de-films-haute-barriere-x1-contenu-2-pieces\/\" \/>\n<meta property=\"og:site_name\" content=\"Bantam Wankm\u00fcller SA\" \/>\n<meta property=\"article:modified_time\" content=\"2026-04-17T21:50:08+00:00\" \/>\n<meta name=\"twitter:card\" content=\"summary_large_image\" \/>\n<script type=\"application\/ld+json\" class=\"yoast-schema-graph\">{\"@context\":\"https:\\\/\\\/schema.org\",\"@graph\":[{\"@type\":\"WebPage\",\"@id\":\"https:\\\/\\\/shop.bantam.ch\\\/fr\\\/produit\\\/ligne-de-films-haute-barriere-x1-contenu-2-pieces\\\/\",\"url\":\"https:\\\/\\\/shop.bantam.ch\\\/fr\\\/produit\\\/ligne-de-films-haute-barriere-x1-contenu-2-pieces\\\/\",\"name\":\"Ligne de films haute barri\u00e8re X1 Contenu : 2 pi\u00e8ces - Bantam Wankm\u00fcller SA\",\"isPartOf\":{\"@id\":\"https:\\\/\\\/shop.bantam.ch\\\/fr\\\/#website\"},\"primaryImageOfPage\":{\"@id\":\"https:\\\/\\\/shop.bantam.ch\\\/fr\\\/produit\\\/ligne-de-films-haute-barriere-x1-contenu-2-pieces\\\/#primaryimage\"},\"image\":{\"@id\":\"https:\\\/\\\/shop.bantam.ch\\\/fr\\\/produit\\\/ligne-de-films-haute-barriere-x1-contenu-2-pieces\\\/#primaryimage\"},\"thumbnailUrl\":\"https:\\\/\\\/shop.bantam.ch\\\/wp-content\\\/uploads\\\/2026\\\/01\\\/Movera-L-9976035100.png\",\"datePublished\":\"2026-01-06T15:21:20+00:00\",\"dateModified\":\"2026-04-17T21:50:08+00:00\",\"breadcrumb\":{\"@id\":\"https:\\\/\\\/shop.bantam.ch\\\/fr\\\/produit\\\/ligne-de-films-haute-barriere-x1-contenu-2-pieces\\\/#breadcrumb\"},\"inLanguage\":\"fr-FR\",\"potentialAction\":[{\"@type\":\"ReadAction\",\"target\":[\"https:\\\/\\\/shop.bantam.ch\\\/fr\\\/produit\\\/ligne-de-films-haute-barriere-x1-contenu-2-pieces\\\/\"]}]},{\"@type\":\"ImageObject\",\"inLanguage\":\"fr-FR\",\"@id\":\"https:\\\/\\\/shop.bantam.ch\\\/fr\\\/produit\\\/ligne-de-films-haute-barriere-x1-contenu-2-pieces\\\/#primaryimage\",\"url\":\"https:\\\/\\\/shop.bantam.ch\\\/wp-content\\\/uploads\\\/2026\\\/01\\\/Movera-L-9976035100.png\",\"contentUrl\":\"https:\\\/\\\/shop.bantam.ch\\\/wp-content\\\/uploads\\\/2026\\\/01\\\/Movera-L-9976035100.png\",\"width\":640,\"height\":640},{\"@type\":\"BreadcrumbList\",\"@id\":\"https:\\\/\\\/shop.bantam.ch\\\/fr\\\/produit\\\/ligne-de-films-haute-barriere-x1-contenu-2-pieces\\\/#breadcrumb\",\"itemListElement\":[{\"@type\":\"ListItem\",\"position\":1,\"name\":\"Accueil\",\"item\":\"https:\\\/\\\/shop.bantam.ch\\\/fr\\\/\"},{\"@type\":\"ListItem\",\"position\":2,\"name\":\"Boutique\",\"item\":\"https:\\\/\\\/shop.bantam.ch\\\/fr\\\/boutique\\\/\"},{\"@type\":\"ListItem\",\"position\":3,\"name\":\"Ligne de films haute barri\u00e8re X1 Contenu : 2 pi\u00e8ces\"}]},{\"@type\":\"WebSite\",\"@id\":\"https:\\\/\\\/shop.bantam.ch\\\/fr\\\/#website\",\"url\":\"https:\\\/\\\/shop.bantam.ch\\\/fr\\\/\",\"name\":\"Bantam Wankm\u00fcller SA\",\"description\":\"\",\"publisher\":{\"@id\":\"https:\\\/\\\/shop.bantam.ch\\\/fr\\\/#organization\"},\"inLanguage\":\"fr-FR\"},{\"@type\":\"Organization\",\"@id\":\"https:\\\/\\\/shop.bantam.ch\\\/fr\\\/#organization\",\"name\":\"Bantam Wankm\u00fcller SA\",\"url\":\"https:\\\/\\\/shop.bantam.ch\\\/fr\\\/\",\"logo\":{\"@type\":\"ImageObject\",\"inLanguage\":\"fr-FR\",\"@id\":\"https:\\\/\\\/shop.bantam.ch\\\/fr\\\/#\\\/schema\\\/logo\\\/image\\\/\",\"url\":\"https:\\\/\\\/shop.bantam.ch\\\/wp-content\\\/uploads\\\/2022\\\/12\\\/bantam-logo.png\",\"contentUrl\":\"https:\\\/\\\/shop.bantam.ch\\\/wp-content\\\/uploads\\\/2022\\\/12\\\/bantam-logo.png\",\"width\":320,\"height\":71,\"caption\":\"Bantam Wankm\u00fcller SA\"},\"image\":{\"@id\":\"https:\\\/\\\/shop.bantam.ch\\\/fr\\\/#\\\/schema\\\/logo\\\/image\\\/\"}}]}<\/script>\n<!-- \/ Yoast SEO plugin. -->","yoast_head_json":{"title":"Ligne de films haute barri\u00e8re X1 Contenu : 2 pi\u00e8ces - Bantam Wankm\u00fcller SA","robots":{"index":"index","follow":"follow","max-snippet":"max-snippet:-1","max-image-preview":"max-image-preview:large","max-video-preview":"max-video-preview:-1"},"canonical":"https:\/\/shop.bantam.ch\/fr\/produit\/ligne-de-films-haute-barriere-x1-contenu-2-pieces\/","og_locale":"fr_FR","og_type":"article","og_title":"Ligne de films haute barri\u00e8re X1 Contenu : 2 pi\u00e8ces - Bantam Wankm\u00fcller SA","og_description":"Pour les toilettes mobiles \u00e0 souder Clesana X1 FR : Liner haute barri\u00e8re Clesana. Ce film sp\u00e9cialement con\u00e7u pour le secteur m\u00e9dical offre une protection exceptionnelle contre les odeurs et l&rsquo;humidit\u00e9.* Il garantit la s\u00e9curit\u00e9 pendant des jours et des semaines et permet une \u00e9limination facile et hygi\u00e9nique. Un nouveau liner film haute barri\u00e8re permet [&hellip;]","og_url":"https:\/\/shop.bantam.ch\/fr\/produit\/ligne-de-films-haute-barriere-x1-contenu-2-pieces\/","og_site_name":"Bantam Wankm\u00fcller SA","article_modified_time":"2026-04-17T21:50:08+00:00","twitter_card":"summary_large_image","schema":{"@context":"https:\/\/schema.org","@graph":[{"@type":"WebPage","@id":"https:\/\/shop.bantam.ch\/fr\/produit\/ligne-de-films-haute-barriere-x1-contenu-2-pieces\/","url":"https:\/\/shop.bantam.ch\/fr\/produit\/ligne-de-films-haute-barriere-x1-contenu-2-pieces\/","name":"Ligne de films haute barri\u00e8re X1 Contenu : 2 pi\u00e8ces - Bantam Wankm\u00fcller SA","isPartOf":{"@id":"https:\/\/shop.bantam.ch\/fr\/#website"},"primaryImageOfPage":{"@id":"https:\/\/shop.bantam.ch\/fr\/produit\/ligne-de-films-haute-barriere-x1-contenu-2-pieces\/#primaryimage"},"image":{"@id":"https:\/\/shop.bantam.ch\/fr\/produit\/ligne-de-films-haute-barriere-x1-contenu-2-pieces\/#primaryimage"},"thumbnailUrl":"https:\/\/shop.bantam.ch\/wp-content\/uploads\/2026\/01\/Movera-L-9976035100.png","datePublished":"2026-01-06T15:21:20+00:00","dateModified":"2026-04-17T21:50:08+00:00","breadcrumb":{"@id":"https:\/\/shop.bantam.ch\/fr\/produit\/ligne-de-films-haute-barriere-x1-contenu-2-pieces\/#breadcrumb"},"inLanguage":"fr-FR","potentialAction":[{"@type":"ReadAction","target":["https:\/\/shop.bantam.ch\/fr\/produit\/ligne-de-films-haute-barriere-x1-contenu-2-pieces\/"]}]},{"@type":"ImageObject","inLanguage":"fr-FR","@id":"https:\/\/shop.bantam.ch\/fr\/produit\/ligne-de-films-haute-barriere-x1-contenu-2-pieces\/#primaryimage","url":"https:\/\/shop.bantam.ch\/wp-content\/uploads\/2026\/01\/Movera-L-9976035100.png","contentUrl":"https:\/\/shop.bantam.ch\/wp-content\/uploads\/2026\/01\/Movera-L-9976035100.png","width":640,"height":640},{"@type":"BreadcrumbList","@id":"https:\/\/shop.bantam.ch\/fr\/produit\/ligne-de-films-haute-barriere-x1-contenu-2-pieces\/#breadcrumb","itemListElement":[{"@type":"ListItem","position":1,"name":"Accueil","item":"https:\/\/shop.bantam.ch\/fr\/"},{"@type":"ListItem","position":2,"name":"Boutique","item":"https:\/\/shop.bantam.ch\/fr\/boutique\/"},{"@type":"ListItem","position":3,"name":"Ligne de films haute barri\u00e8re X1 Contenu : 2 pi\u00e8ces"}]},{"@type":"WebSite","@id":"https:\/\/shop.bantam.ch\/fr\/#website","url":"https:\/\/shop.bantam.ch\/fr\/","name":"Bantam Wankm\u00fcller SA","description":"","publisher":{"@id":"https:\/\/shop.bantam.ch\/fr\/#organization"},"inLanguage":"fr-FR"},{"@type":"Organization","@id":"https:\/\/shop.bantam.ch\/fr\/#organization","name":"Bantam Wankm\u00fcller SA","url":"https:\/\/shop.bantam.ch\/fr\/","logo":{"@type":"ImageObject","inLanguage":"fr-FR","@id":"https:\/\/shop.bantam.ch\/fr\/#\/schema\/logo\/image\/","url":"https:\/\/shop.bantam.ch\/wp-content\/uploads\/2022\/12\/bantam-logo.png","contentUrl":"https:\/\/shop.bantam.ch\/wp-content\/uploads\/2022\/12\/bantam-logo.png","width":320,"height":71,"caption":"Bantam Wankm\u00fcller SA"},"image":{"@id":"https:\/\/shop.bantam.ch\/fr\/#\/schema\/logo\/image\/"}}]}},"_links":{"self":[{"href":"https:\/\/shop.bantam.ch\/fr\/wp-json\/wp\/v2\/product\/229483","targetHints":{"allow":["GET"]}}],"collection":[{"href":"https:\/\/shop.bantam.ch\/fr\/wp-json\/wp\/v2\/product"}],"about":[{"href":"https:\/\/shop.bantam.ch\/fr\/wp-json\/wp\/v2\/types\/product"}],"wp:featuredmedia":[{"embeddable":true,"href":"https:\/\/shop.bantam.ch\/fr\/wp-json\/wp\/v2\/media\/229477"}],"wp:attachment":[{"href":"https:\/\/shop.bantam.ch\/fr\/wp-json\/wp\/v2\/media?parent=229483"}],"wp:term":[{"taxonomy":"product_featured_cat","embeddable":true,"href":"https:\/\/shop.bantam.ch\/fr\/wp-json\/wp\/v2\/product_featured_cat?post=229483"},{"taxonomy":"product_brand","embeddable":true,"href":"https:\/\/shop.bantam.ch\/fr\/wp-json\/wp\/v2\/product_brand?post=229483"},{"taxonomy":"product_cat","embeddable":true,"href":"https:\/\/shop.bantam.ch\/fr\/wp-json\/wp\/v2\/product_cat?post=229483"},{"taxonomy":"product_tag","embeddable":true,"href":"https:\/\/shop.bantam.ch\/fr\/wp-json\/wp\/v2\/product_tag?post=229483"}],"curies":[{"name":"wp","href":"https:\/\/api.w.org\/{rel}","templated":true}]}}