{"id":229455,"date":"2026-01-06T16:20:47","date_gmt":"2026-01-06T15:20:47","guid":{"rendered":"https:\/\/shop.bantam.ch\/produit\/fixation-pour-store-kit-pour-stores-heavy-duty\/"},"modified":"2026-05-01T23:46:32","modified_gmt":"2026-05-01T21:46:32","slug":"fixation-pour-store-kit-pour-stores-heavy-duty","status":"publish","type":"product","link":"https:\/\/shop.bantam.ch\/fr\/produit\/fixation-pour-store-kit-pour-stores-heavy-duty\/","title":{"rendered":"Fixation pour store Kit pour stores Heavy Duty"},"content":{"rendered":"<p><!--StartFragment -->La Sika Caravan Powerbox est votre solution polyvalente pour les travaux d&rsquo;\u00e9tanch\u00e9it\u00e9 et de r\u00e9paration de votre caravane. Avec des applications pour la cuisine et la salle de bain, des \u00e9tanch\u00e9it\u00e9s r\u00e9sistantes aux UV \u00e0 l&rsquo;ext\u00e9rieur, la construction de meubles, les fen\u00eatres et les volets ainsi que les moulures, elle offre tout dans une bo\u00eete pratique. Les produits d&rsquo;\u00e9tanch\u00e9it\u00e9 \u00e0 s\u00e9chage rapide permettent d&rsquo;effectuer des r\u00e9parations d&rsquo;urgence, tandis que les mat\u00e9riaux de haute qualit\u00e9 de Sika garantissent s\u00e9curit\u00e9 et durabilit\u00e9. Quelle que soit la destination de votre voyage, la Caravan Powerbox maintient votre caravane en parfait \u00e9tat et rend vos voyages sans stress et en toute s\u00e9curit\u00e9. Faites confiance \u00e0 la qualit\u00e9 et \u00e0 la polyvalence dans une seule bo\u00eete.<!--EndFragment --><\/p>\n<p><!--StartFragment --><\/p>\n<p>Contenu :<\/p>\n<p>1x Sikaflex-522 blanc<\/p>\n<p>1x Sikaflex-522 noir<\/p>\n<p>1x SikaLastomer-514 gris<\/p>\n<p>1x Sika MultiSeal BT<\/p>\n<p>1x appareil \u00e0 cartouche<\/p>\n<p>1x taloche pour joints<\/p>\n<p>1x mat\u00e9riel d&rsquo;information<\/p>\n<p><!--EndFragment --><\/p>\n","protected":false},"excerpt":{"rendered":"<p>La Sika Caravan Powerbox est votre solution polyvalente pour les travaux d&rsquo;\u00e9tanch\u00e9it\u00e9 et de r\u00e9paration de votre caravane. Avec des applications pour la cuisine et la salle de bain, des \u00e9tanch\u00e9it\u00e9s r\u00e9sistantes aux UV \u00e0 l&rsquo;ext\u00e9rieur, la construction de meubles, les fen\u00eatres et les volets ainsi que les moulures, elle offre tout dans une bo\u00eete [&hellip;]<\/p>\n","protected":false},"featured_media":229453,"template":"","meta":{"_acf_changed":false},"product_featured_cat":[],"product_brand":[],"product_cat":[3987],"product_tag":[],"class_list":{"0":"post-229455","1":"product","2":"type-product","3":"status-publish","4":"has-post-thumbnail","6":"product_cat-accessoires-pour-tentes-et-auvents","8":"first","9":"instock","10":"taxable","11":"shipping-taxable","12":"purchasable","13":"product-type-simple"},"acf":[],"yoast_head":"<!-- This site is optimized with the Yoast SEO plugin v27.5 - https:\/\/yoast.com\/product\/yoast-seo-wordpress\/ -->\n<title>Fixation pour store Kit pour stores Heavy Duty - Bantam<\/title>\n<meta name=\"robots\" content=\"index, follow, max-snippet:-1, max-image-preview:large, max-video-preview:-1\" \/>\n<link rel=\"canonical\" href=\"https:\/\/shop.bantam.ch\/fr\/produit\/fixation-pour-store-kit-pour-stores-heavy-duty\/\" \/>\n<meta property=\"og:locale\" content=\"fr_FR\" \/>\n<meta property=\"og:type\" content=\"article\" \/>\n<meta property=\"og:title\" content=\"Fixation pour store Kit pour stores Heavy Duty - Bantam\" \/>\n<meta property=\"og:description\" content=\"La Sika Caravan Powerbox est votre solution polyvalente pour les travaux d&rsquo;\u00e9tanch\u00e9it\u00e9 et de r\u00e9paration de votre caravane. Avec des applications pour la cuisine et la salle de bain, des \u00e9tanch\u00e9it\u00e9s r\u00e9sistantes aux UV \u00e0 l&rsquo;ext\u00e9rieur, la construction de meubles, les fen\u00eatres et les volets ainsi que les moulures, elle offre tout dans une bo\u00eete [&hellip;]\" \/>\n<meta property=\"og:url\" content=\"https:\/\/shop.bantam.ch\/fr\/produit\/fixation-pour-store-kit-pour-stores-heavy-duty\/\" \/>\n<meta property=\"og:site_name\" content=\"Bantam\" \/>\n<meta property=\"article:modified_time\" content=\"2026-05-01T21:46:32+00:00\" \/>\n<meta name=\"twitter:card\" content=\"summary_large_image\" \/>\n<meta name=\"twitter:label1\" content=\"Dur\u00e9e de lecture estim\u00e9e\" \/>\n\t<meta name=\"twitter:data1\" content=\"1 minute\" \/>\n<script type=\"application\/ld+json\" class=\"yoast-schema-graph\">{\"@context\":\"https:\\\/\\\/schema.org\",\"@graph\":[{\"@type\":\"WebPage\",\"@id\":\"https:\\\/\\\/shop.bantam.ch\\\/fr\\\/produit\\\/fixation-pour-store-kit-pour-stores-heavy-duty\\\/\",\"url\":\"https:\\\/\\\/shop.bantam.ch\\\/fr\\\/produit\\\/fixation-pour-store-kit-pour-stores-heavy-duty\\\/\",\"name\":\"Fixation pour store Kit pour stores Heavy Duty - Bantam\",\"isPartOf\":{\"@id\":\"https:\\\/\\\/shop.bantam.ch\\\/fr\\\/#website\"},\"primaryImageOfPage\":{\"@id\":\"https:\\\/\\\/shop.bantam.ch\\\/fr\\\/produit\\\/fixation-pour-store-kit-pour-stores-heavy-duty\\\/#primaryimage\"},\"image\":{\"@id\":\"https:\\\/\\\/shop.bantam.ch\\\/fr\\\/produit\\\/fixation-pour-store-kit-pour-stores-heavy-duty\\\/#primaryimage\"},\"thumbnailUrl\":\"https:\\\/\\\/shop.bantam.ch\\\/wp-content\\\/uploads\\\/2026\\\/01\\\/Movera-L-9971613100.jpg\",\"datePublished\":\"2026-01-06T15:20:47+00:00\",\"dateModified\":\"2026-05-01T21:46:32+00:00\",\"breadcrumb\":{\"@id\":\"https:\\\/\\\/shop.bantam.ch\\\/fr\\\/produit\\\/fixation-pour-store-kit-pour-stores-heavy-duty\\\/#breadcrumb\"},\"inLanguage\":\"fr-FR\",\"potentialAction\":[{\"@type\":\"ReadAction\",\"target\":[\"https:\\\/\\\/shop.bantam.ch\\\/fr\\\/produit\\\/fixation-pour-store-kit-pour-stores-heavy-duty\\\/\"]}]},{\"@type\":\"ImageObject\",\"inLanguage\":\"fr-FR\",\"@id\":\"https:\\\/\\\/shop.bantam.ch\\\/fr\\\/produit\\\/fixation-pour-store-kit-pour-stores-heavy-duty\\\/#primaryimage\",\"url\":\"https:\\\/\\\/shop.bantam.ch\\\/wp-content\\\/uploads\\\/2026\\\/01\\\/Movera-L-9971613100.jpg\",\"contentUrl\":\"https:\\\/\\\/shop.bantam.ch\\\/wp-content\\\/uploads\\\/2026\\\/01\\\/Movera-L-9971613100.jpg\",\"width\":640,\"height\":427},{\"@type\":\"BreadcrumbList\",\"@id\":\"https:\\\/\\\/shop.bantam.ch\\\/fr\\\/produit\\\/fixation-pour-store-kit-pour-stores-heavy-duty\\\/#breadcrumb\",\"itemListElement\":[{\"@type\":\"ListItem\",\"position\":1,\"name\":\"Accueil\",\"item\":\"https:\\\/\\\/shop.bantam.ch\\\/fr\\\/\"},{\"@type\":\"ListItem\",\"position\":2,\"name\":\"Boutique\",\"item\":\"https:\\\/\\\/shop.bantam.ch\\\/fr\\\/boutique\\\/\"},{\"@type\":\"ListItem\",\"position\":3,\"name\":\"Fixation pour store Kit pour stores Heavy Duty\"}]},{\"@type\":\"WebSite\",\"@id\":\"https:\\\/\\\/shop.bantam.ch\\\/fr\\\/#website\",\"url\":\"https:\\\/\\\/shop.bantam.ch\\\/fr\\\/\",\"name\":\"Bantam\",\"description\":\"\",\"publisher\":{\"@id\":\"https:\\\/\\\/shop.bantam.ch\\\/fr\\\/#organization\"},\"inLanguage\":\"fr-FR\"},{\"@type\":\"Organization\",\"@id\":\"https:\\\/\\\/shop.bantam.ch\\\/fr\\\/#organization\",\"name\":\"Bantam\",\"url\":\"https:\\\/\\\/shop.bantam.ch\\\/fr\\\/\",\"logo\":{\"@type\":\"ImageObject\",\"inLanguage\":\"fr-FR\",\"@id\":\"https:\\\/\\\/shop.bantam.ch\\\/fr\\\/#\\\/schema\\\/logo\\\/image\\\/\",\"url\":\"https:\\\/\\\/shop.bantam.ch\\\/wp-content\\\/uploads\\\/2022\\\/12\\\/bantam-logo.png\",\"contentUrl\":\"https:\\\/\\\/shop.bantam.ch\\\/wp-content\\\/uploads\\\/2022\\\/12\\\/bantam-logo.png\",\"width\":320,\"height\":71,\"caption\":\"Bantam\"},\"image\":{\"@id\":\"https:\\\/\\\/shop.bantam.ch\\\/fr\\\/#\\\/schema\\\/logo\\\/image\\\/\"}}]}<\/script>\n<!-- \/ Yoast SEO plugin. -->","yoast_head_json":{"title":"Fixation pour store Kit pour stores Heavy Duty - Bantam","robots":{"index":"index","follow":"follow","max-snippet":"max-snippet:-1","max-image-preview":"max-image-preview:large","max-video-preview":"max-video-preview:-1"},"canonical":"https:\/\/shop.bantam.ch\/fr\/produit\/fixation-pour-store-kit-pour-stores-heavy-duty\/","og_locale":"fr_FR","og_type":"article","og_title":"Fixation pour store Kit pour stores Heavy Duty - Bantam","og_description":"La Sika Caravan Powerbox est votre solution polyvalente pour les travaux d&rsquo;\u00e9tanch\u00e9it\u00e9 et de r\u00e9paration de votre caravane. Avec des applications pour la cuisine et la salle de bain, des \u00e9tanch\u00e9it\u00e9s r\u00e9sistantes aux UV \u00e0 l&rsquo;ext\u00e9rieur, la construction de meubles, les fen\u00eatres et les volets ainsi que les moulures, elle offre tout dans une bo\u00eete [&hellip;]","og_url":"https:\/\/shop.bantam.ch\/fr\/produit\/fixation-pour-store-kit-pour-stores-heavy-duty\/","og_site_name":"Bantam","article_modified_time":"2026-05-01T21:46:32+00:00","twitter_card":"summary_large_image","twitter_misc":{"Dur\u00e9e de lecture estim\u00e9e":"1 minute"},"schema":{"@context":"https:\/\/schema.org","@graph":[{"@type":"WebPage","@id":"https:\/\/shop.bantam.ch\/fr\/produit\/fixation-pour-store-kit-pour-stores-heavy-duty\/","url":"https:\/\/shop.bantam.ch\/fr\/produit\/fixation-pour-store-kit-pour-stores-heavy-duty\/","name":"Fixation pour store Kit pour stores Heavy Duty - Bantam","isPartOf":{"@id":"https:\/\/shop.bantam.ch\/fr\/#website"},"primaryImageOfPage":{"@id":"https:\/\/shop.bantam.ch\/fr\/produit\/fixation-pour-store-kit-pour-stores-heavy-duty\/#primaryimage"},"image":{"@id":"https:\/\/shop.bantam.ch\/fr\/produit\/fixation-pour-store-kit-pour-stores-heavy-duty\/#primaryimage"},"thumbnailUrl":"https:\/\/shop.bantam.ch\/wp-content\/uploads\/2026\/01\/Movera-L-9971613100.jpg","datePublished":"2026-01-06T15:20:47+00:00","dateModified":"2026-05-01T21:46:32+00:00","breadcrumb":{"@id":"https:\/\/shop.bantam.ch\/fr\/produit\/fixation-pour-store-kit-pour-stores-heavy-duty\/#breadcrumb"},"inLanguage":"fr-FR","potentialAction":[{"@type":"ReadAction","target":["https:\/\/shop.bantam.ch\/fr\/produit\/fixation-pour-store-kit-pour-stores-heavy-duty\/"]}]},{"@type":"ImageObject","inLanguage":"fr-FR","@id":"https:\/\/shop.bantam.ch\/fr\/produit\/fixation-pour-store-kit-pour-stores-heavy-duty\/#primaryimage","url":"https:\/\/shop.bantam.ch\/wp-content\/uploads\/2026\/01\/Movera-L-9971613100.jpg","contentUrl":"https:\/\/shop.bantam.ch\/wp-content\/uploads\/2026\/01\/Movera-L-9971613100.jpg","width":640,"height":427},{"@type":"BreadcrumbList","@id":"https:\/\/shop.bantam.ch\/fr\/produit\/fixation-pour-store-kit-pour-stores-heavy-duty\/#breadcrumb","itemListElement":[{"@type":"ListItem","position":1,"name":"Accueil","item":"https:\/\/shop.bantam.ch\/fr\/"},{"@type":"ListItem","position":2,"name":"Boutique","item":"https:\/\/shop.bantam.ch\/fr\/boutique\/"},{"@type":"ListItem","position":3,"name":"Fixation pour store Kit pour stores Heavy Duty"}]},{"@type":"WebSite","@id":"https:\/\/shop.bantam.ch\/fr\/#website","url":"https:\/\/shop.bantam.ch\/fr\/","name":"Bantam","description":"","publisher":{"@id":"https:\/\/shop.bantam.ch\/fr\/#organization"},"inLanguage":"fr-FR"},{"@type":"Organization","@id":"https:\/\/shop.bantam.ch\/fr\/#organization","name":"Bantam","url":"https:\/\/shop.bantam.ch\/fr\/","logo":{"@type":"ImageObject","inLanguage":"fr-FR","@id":"https:\/\/shop.bantam.ch\/fr\/#\/schema\/logo\/image\/","url":"https:\/\/shop.bantam.ch\/wp-content\/uploads\/2022\/12\/bantam-logo.png","contentUrl":"https:\/\/shop.bantam.ch\/wp-content\/uploads\/2022\/12\/bantam-logo.png","width":320,"height":71,"caption":"Bantam"},"image":{"@id":"https:\/\/shop.bantam.ch\/fr\/#\/schema\/logo\/image\/"}}]}},"_links":{"self":[{"href":"https:\/\/shop.bantam.ch\/fr\/wp-json\/wp\/v2\/product\/229455","targetHints":{"allow":["GET"]}}],"collection":[{"href":"https:\/\/shop.bantam.ch\/fr\/wp-json\/wp\/v2\/product"}],"about":[{"href":"https:\/\/shop.bantam.ch\/fr\/wp-json\/wp\/v2\/types\/product"}],"wp:featuredmedia":[{"embeddable":true,"href":"https:\/\/shop.bantam.ch\/fr\/wp-json\/wp\/v2\/media\/229453"}],"wp:attachment":[{"href":"https:\/\/shop.bantam.ch\/fr\/wp-json\/wp\/v2\/media?parent=229455"}],"wp:term":[{"taxonomy":"product_featured_cat","embeddable":true,"href":"https:\/\/shop.bantam.ch\/fr\/wp-json\/wp\/v2\/product_featured_cat?post=229455"},{"taxonomy":"product_brand","embeddable":true,"href":"https:\/\/shop.bantam.ch\/fr\/wp-json\/wp\/v2\/product_brand?post=229455"},{"taxonomy":"product_cat","embeddable":true,"href":"https:\/\/shop.bantam.ch\/fr\/wp-json\/wp\/v2\/product_cat?post=229455"},{"taxonomy":"product_tag","embeddable":true,"href":"https:\/\/shop.bantam.ch\/fr\/wp-json\/wp\/v2\/product_tag?post=229455"}],"curies":[{"name":"wp","href":"https:\/\/api.w.org\/{rel}","templated":true}]}}