{"id":229439,"date":"2026-01-06T16:20:13","date_gmt":"2026-01-06T15:20:13","guid":{"rendered":"https:\/\/shop.bantam.ch\/produit\/nettoyeur-de-reservoir-durine-pour-toilettes-a-separation\/"},"modified":"2026-04-19T23:57:15","modified_gmt":"2026-04-19T21:57:15","slug":"nettoyeur-de-reservoir-durine-pour-toilettes-a-separation","status":"publish","type":"product","link":"https:\/\/shop.bantam.ch\/fr\/produit\/nettoyeur-de-reservoir-durine-pour-toilettes-a-separation\/","title":{"rendered":"Nettoyeur de r\u00e9servoir d&rsquo;urine pour toilettes \u00e0 s\u00e9paration"},"content":{"rendered":"<p>Separation Toilet &#8211; Urine Tank Fresh offre une solution simple et hygi\u00e9nique pour la manipulation de l&rsquo;urine dans les toilettes \u00e0 s\u00e9paration. L&rsquo;urine s&rsquo;\u00e9coule \u00e0 travers le tuyau, o\u00f9 la formule fait d\u00e9j\u00e0 son effet, et continue dans le r\u00e9servoir, garantissant fra\u00eecheur et efficacit\u00e9 d\u00e8s le premier contact. Une dose dure jusqu&rsquo;\u00e0 cinq jours et garantit que le r\u00e9servoir reste frais et sans odeur pendant l&rsquo;utilisation et la vidange. Lorsqu&rsquo;il est utilis\u00e9 conform\u00e9ment aux instructions, le contenu du r\u00e9servoir d&rsquo;urine plein peut \u00eatre vid\u00e9 en toute s\u00e9curit\u00e9 dans n&rsquo;importe quelle toilette raccord\u00e9e \u00e0 un syst\u00e8me d&rsquo;\u00e9vacuation des eaux us\u00e9es, y compris celles \u00e9quip\u00e9es d&rsquo;une fosse septique.<br \/>\nSeparation Toilet- Urine Tank Fresh s&rsquo;harmonise parfaitement avec le Separation Toilet &#8211; Bowl Cleaner de Thetford et est livr\u00e9 dans une bouteille compos\u00e9e \u00e0 95 % de plastique recycl\u00e9. Avec une dur\u00e9e d&rsquo;utilisation allant jusqu&rsquo;\u00e0 65 jours par bouteille, c&rsquo;est un choix intelligent et responsable pour chaque aventure.<br \/>\nAvantages :<br \/>\n&#8211; Assure une fra\u00eecheur quotidienne et garantit un contr\u00f4le efficace des odeurs.<br \/>\n&#8211; Pr\u00e9vient la formation et \u00e9limine le tartre urinaire dans le r\u00e9servoir et les tuyaux<br \/>\n&#8211; Convient au r\u00e9servoir d&rsquo;urine de toutes les toilettes s\u00e9paratrices<br \/>\n&#8211; Peut \u00eatre vidang\u00e9 sans risque dans une fosse septique (voir conditions d&rsquo;utilisation)<br \/>\n&#8211; Parfum frais d&rsquo;orange<br \/>\n&#8211; Bouteille en plastique recycl\u00e9 jusqu&rsquo;\u00e0 95 %.<br \/>\n&#8211; Fonctionne parfaitement avec Thetford Separation Toilet &#8211; Bowl Cleaner<br \/>\n&#8211; Contient de l&rsquo;acide lactique naturel<br \/>\nUtilisation :<br \/>\n&#8211; Verser 60 ml sur la cuvette \u00e0 urine dans le r\u00e9cipient \u00e0 urine vide et sec.<br \/>\n&#8211; Une dose suffit pour 5 jours de fra\u00eecheur.<br \/>\n&#8211; Jusqu&rsquo;\u00e0 65 jours d&rsquo;utilisation par flacon (sur la base d&rsquo;une dose de 60 ml).<br \/>\n&#8211; S&rsquo;ajoute via le bol \u00e0 urine<\/p>\n","protected":false},"excerpt":{"rendered":"<p>Separation Toilet &#8211; Urine Tank Fresh offre une solution simple et hygi\u00e9nique pour la manipulation de l&rsquo;urine dans les toilettes \u00e0 s\u00e9paration. L&rsquo;urine s&rsquo;\u00e9coule \u00e0 travers le tuyau, o\u00f9 la formule fait d\u00e9j\u00e0 son effet, et continue dans le r\u00e9servoir, garantissant fra\u00eecheur et efficacit\u00e9 d\u00e8s le premier contact. Une dose dure jusqu&rsquo;\u00e0 cinq jours et [&hellip;]<\/p>\n","protected":false},"featured_media":229437,"template":"","meta":{"_acf_changed":false},"product_featured_cat":[],"product_brand":[],"product_cat":[4599],"product_tag":[],"class_list":{"0":"post-229439","1":"product","2":"type-product","3":"status-publish","4":"has-post-thumbnail","6":"product_cat-produits-dentretien","8":"first","9":"instock","10":"taxable","11":"shipping-taxable","12":"purchasable","13":"product-type-simple"},"acf":[],"yoast_head":"<!-- This site is optimized with the Yoast SEO plugin v27.4 - https:\/\/yoast.com\/product\/yoast-seo-wordpress\/ -->\n<title>Nettoyeur de r\u00e9servoir d&#039;urine pour toilettes \u00e0 s\u00e9paration - Bantam Wankm\u00fcller SA<\/title>\n<meta name=\"robots\" content=\"index, follow, max-snippet:-1, max-image-preview:large, max-video-preview:-1\" \/>\n<link rel=\"canonical\" href=\"https:\/\/shop.bantam.ch\/fr\/produit\/nettoyeur-de-reservoir-durine-pour-toilettes-a-separation\/\" \/>\n<meta property=\"og:locale\" content=\"fr_FR\" \/>\n<meta property=\"og:type\" content=\"article\" \/>\n<meta property=\"og:title\" content=\"Nettoyeur de r\u00e9servoir d&#039;urine pour toilettes \u00e0 s\u00e9paration - Bantam Wankm\u00fcller SA\" \/>\n<meta property=\"og:description\" content=\"Separation Toilet &#8211; Urine Tank Fresh offre une solution simple et hygi\u00e9nique pour la manipulation de l&rsquo;urine dans les toilettes \u00e0 s\u00e9paration. L&rsquo;urine s&rsquo;\u00e9coule \u00e0 travers le tuyau, o\u00f9 la formule fait d\u00e9j\u00e0 son effet, et continue dans le r\u00e9servoir, garantissant fra\u00eecheur et efficacit\u00e9 d\u00e8s le premier contact. Une dose dure jusqu&rsquo;\u00e0 cinq jours et [&hellip;]\" \/>\n<meta property=\"og:url\" content=\"https:\/\/shop.bantam.ch\/fr\/produit\/nettoyeur-de-reservoir-durine-pour-toilettes-a-separation\/\" \/>\n<meta property=\"og:site_name\" content=\"Bantam Wankm\u00fcller SA\" \/>\n<meta property=\"article:modified_time\" content=\"2026-04-19T21:57:15+00:00\" \/>\n<meta name=\"twitter:card\" content=\"summary_large_image\" \/>\n<meta name=\"twitter:label1\" content=\"Dur\u00e9e de lecture estim\u00e9e\" \/>\n\t<meta name=\"twitter:data1\" content=\"1 minute\" \/>\n<script type=\"application\/ld+json\" class=\"yoast-schema-graph\">{\"@context\":\"https:\\\/\\\/schema.org\",\"@graph\":[{\"@type\":\"WebPage\",\"@id\":\"https:\\\/\\\/shop.bantam.ch\\\/fr\\\/produit\\\/nettoyeur-de-reservoir-durine-pour-toilettes-a-separation\\\/\",\"url\":\"https:\\\/\\\/shop.bantam.ch\\\/fr\\\/produit\\\/nettoyeur-de-reservoir-durine-pour-toilettes-a-separation\\\/\",\"name\":\"Nettoyeur de r\u00e9servoir d'urine pour toilettes \u00e0 s\u00e9paration - Bantam Wankm\u00fcller SA\",\"isPartOf\":{\"@id\":\"https:\\\/\\\/shop.bantam.ch\\\/fr\\\/#website\"},\"primaryImageOfPage\":{\"@id\":\"https:\\\/\\\/shop.bantam.ch\\\/fr\\\/produit\\\/nettoyeur-de-reservoir-durine-pour-toilettes-a-separation\\\/#primaryimage\"},\"image\":{\"@id\":\"https:\\\/\\\/shop.bantam.ch\\\/fr\\\/produit\\\/nettoyeur-de-reservoir-durine-pour-toilettes-a-separation\\\/#primaryimage\"},\"thumbnailUrl\":\"https:\\\/\\\/shop.bantam.ch\\\/wp-content\\\/uploads\\\/2026\\\/01\\\/Movera-L-9975937100.png\",\"datePublished\":\"2026-01-06T15:20:13+00:00\",\"dateModified\":\"2026-04-19T21:57:15+00:00\",\"breadcrumb\":{\"@id\":\"https:\\\/\\\/shop.bantam.ch\\\/fr\\\/produit\\\/nettoyeur-de-reservoir-durine-pour-toilettes-a-separation\\\/#breadcrumb\"},\"inLanguage\":\"fr-FR\",\"potentialAction\":[{\"@type\":\"ReadAction\",\"target\":[\"https:\\\/\\\/shop.bantam.ch\\\/fr\\\/produit\\\/nettoyeur-de-reservoir-durine-pour-toilettes-a-separation\\\/\"]}]},{\"@type\":\"ImageObject\",\"inLanguage\":\"fr-FR\",\"@id\":\"https:\\\/\\\/shop.bantam.ch\\\/fr\\\/produit\\\/nettoyeur-de-reservoir-durine-pour-toilettes-a-separation\\\/#primaryimage\",\"url\":\"https:\\\/\\\/shop.bantam.ch\\\/wp-content\\\/uploads\\\/2026\\\/01\\\/Movera-L-9975937100.png\",\"contentUrl\":\"https:\\\/\\\/shop.bantam.ch\\\/wp-content\\\/uploads\\\/2026\\\/01\\\/Movera-L-9975937100.png\",\"width\":640,\"height\":1231},{\"@type\":\"BreadcrumbList\",\"@id\":\"https:\\\/\\\/shop.bantam.ch\\\/fr\\\/produit\\\/nettoyeur-de-reservoir-durine-pour-toilettes-a-separation\\\/#breadcrumb\",\"itemListElement\":[{\"@type\":\"ListItem\",\"position\":1,\"name\":\"Accueil\",\"item\":\"https:\\\/\\\/shop.bantam.ch\\\/fr\\\/\"},{\"@type\":\"ListItem\",\"position\":2,\"name\":\"Boutique\",\"item\":\"https:\\\/\\\/shop.bantam.ch\\\/fr\\\/boutique\\\/\"},{\"@type\":\"ListItem\",\"position\":3,\"name\":\"Nettoyeur de r\u00e9servoir d&rsquo;urine pour toilettes \u00e0 s\u00e9paration\"}]},{\"@type\":\"WebSite\",\"@id\":\"https:\\\/\\\/shop.bantam.ch\\\/fr\\\/#website\",\"url\":\"https:\\\/\\\/shop.bantam.ch\\\/fr\\\/\",\"name\":\"Bantam Wankm\u00fcller SA\",\"description\":\"\",\"publisher\":{\"@id\":\"https:\\\/\\\/shop.bantam.ch\\\/fr\\\/#organization\"},\"inLanguage\":\"fr-FR\"},{\"@type\":\"Organization\",\"@id\":\"https:\\\/\\\/shop.bantam.ch\\\/fr\\\/#organization\",\"name\":\"Bantam Wankm\u00fcller SA\",\"url\":\"https:\\\/\\\/shop.bantam.ch\\\/fr\\\/\",\"logo\":{\"@type\":\"ImageObject\",\"inLanguage\":\"fr-FR\",\"@id\":\"https:\\\/\\\/shop.bantam.ch\\\/fr\\\/#\\\/schema\\\/logo\\\/image\\\/\",\"url\":\"https:\\\/\\\/shop.bantam.ch\\\/wp-content\\\/uploads\\\/2022\\\/12\\\/bantam-logo.png\",\"contentUrl\":\"https:\\\/\\\/shop.bantam.ch\\\/wp-content\\\/uploads\\\/2022\\\/12\\\/bantam-logo.png\",\"width\":320,\"height\":71,\"caption\":\"Bantam Wankm\u00fcller SA\"},\"image\":{\"@id\":\"https:\\\/\\\/shop.bantam.ch\\\/fr\\\/#\\\/schema\\\/logo\\\/image\\\/\"}}]}<\/script>\n<!-- \/ Yoast SEO plugin. -->","yoast_head_json":{"title":"Nettoyeur de r\u00e9servoir d'urine pour toilettes \u00e0 s\u00e9paration - Bantam Wankm\u00fcller SA","robots":{"index":"index","follow":"follow","max-snippet":"max-snippet:-1","max-image-preview":"max-image-preview:large","max-video-preview":"max-video-preview:-1"},"canonical":"https:\/\/shop.bantam.ch\/fr\/produit\/nettoyeur-de-reservoir-durine-pour-toilettes-a-separation\/","og_locale":"fr_FR","og_type":"article","og_title":"Nettoyeur de r\u00e9servoir d'urine pour toilettes \u00e0 s\u00e9paration - Bantam Wankm\u00fcller SA","og_description":"Separation Toilet &#8211; Urine Tank Fresh offre une solution simple et hygi\u00e9nique pour la manipulation de l&rsquo;urine dans les toilettes \u00e0 s\u00e9paration. L&rsquo;urine s&rsquo;\u00e9coule \u00e0 travers le tuyau, o\u00f9 la formule fait d\u00e9j\u00e0 son effet, et continue dans le r\u00e9servoir, garantissant fra\u00eecheur et efficacit\u00e9 d\u00e8s le premier contact. Une dose dure jusqu&rsquo;\u00e0 cinq jours et [&hellip;]","og_url":"https:\/\/shop.bantam.ch\/fr\/produit\/nettoyeur-de-reservoir-durine-pour-toilettes-a-separation\/","og_site_name":"Bantam Wankm\u00fcller SA","article_modified_time":"2026-04-19T21:57:15+00:00","twitter_card":"summary_large_image","twitter_misc":{"Dur\u00e9e de lecture estim\u00e9e":"1 minute"},"schema":{"@context":"https:\/\/schema.org","@graph":[{"@type":"WebPage","@id":"https:\/\/shop.bantam.ch\/fr\/produit\/nettoyeur-de-reservoir-durine-pour-toilettes-a-separation\/","url":"https:\/\/shop.bantam.ch\/fr\/produit\/nettoyeur-de-reservoir-durine-pour-toilettes-a-separation\/","name":"Nettoyeur de r\u00e9servoir d'urine pour toilettes \u00e0 s\u00e9paration - Bantam Wankm\u00fcller SA","isPartOf":{"@id":"https:\/\/shop.bantam.ch\/fr\/#website"},"primaryImageOfPage":{"@id":"https:\/\/shop.bantam.ch\/fr\/produit\/nettoyeur-de-reservoir-durine-pour-toilettes-a-separation\/#primaryimage"},"image":{"@id":"https:\/\/shop.bantam.ch\/fr\/produit\/nettoyeur-de-reservoir-durine-pour-toilettes-a-separation\/#primaryimage"},"thumbnailUrl":"https:\/\/shop.bantam.ch\/wp-content\/uploads\/2026\/01\/Movera-L-9975937100.png","datePublished":"2026-01-06T15:20:13+00:00","dateModified":"2026-04-19T21:57:15+00:00","breadcrumb":{"@id":"https:\/\/shop.bantam.ch\/fr\/produit\/nettoyeur-de-reservoir-durine-pour-toilettes-a-separation\/#breadcrumb"},"inLanguage":"fr-FR","potentialAction":[{"@type":"ReadAction","target":["https:\/\/shop.bantam.ch\/fr\/produit\/nettoyeur-de-reservoir-durine-pour-toilettes-a-separation\/"]}]},{"@type":"ImageObject","inLanguage":"fr-FR","@id":"https:\/\/shop.bantam.ch\/fr\/produit\/nettoyeur-de-reservoir-durine-pour-toilettes-a-separation\/#primaryimage","url":"https:\/\/shop.bantam.ch\/wp-content\/uploads\/2026\/01\/Movera-L-9975937100.png","contentUrl":"https:\/\/shop.bantam.ch\/wp-content\/uploads\/2026\/01\/Movera-L-9975937100.png","width":640,"height":1231},{"@type":"BreadcrumbList","@id":"https:\/\/shop.bantam.ch\/fr\/produit\/nettoyeur-de-reservoir-durine-pour-toilettes-a-separation\/#breadcrumb","itemListElement":[{"@type":"ListItem","position":1,"name":"Accueil","item":"https:\/\/shop.bantam.ch\/fr\/"},{"@type":"ListItem","position":2,"name":"Boutique","item":"https:\/\/shop.bantam.ch\/fr\/boutique\/"},{"@type":"ListItem","position":3,"name":"Nettoyeur de r\u00e9servoir d&rsquo;urine pour toilettes \u00e0 s\u00e9paration"}]},{"@type":"WebSite","@id":"https:\/\/shop.bantam.ch\/fr\/#website","url":"https:\/\/shop.bantam.ch\/fr\/","name":"Bantam Wankm\u00fcller SA","description":"","publisher":{"@id":"https:\/\/shop.bantam.ch\/fr\/#organization"},"inLanguage":"fr-FR"},{"@type":"Organization","@id":"https:\/\/shop.bantam.ch\/fr\/#organization","name":"Bantam Wankm\u00fcller SA","url":"https:\/\/shop.bantam.ch\/fr\/","logo":{"@type":"ImageObject","inLanguage":"fr-FR","@id":"https:\/\/shop.bantam.ch\/fr\/#\/schema\/logo\/image\/","url":"https:\/\/shop.bantam.ch\/wp-content\/uploads\/2022\/12\/bantam-logo.png","contentUrl":"https:\/\/shop.bantam.ch\/wp-content\/uploads\/2022\/12\/bantam-logo.png","width":320,"height":71,"caption":"Bantam Wankm\u00fcller SA"},"image":{"@id":"https:\/\/shop.bantam.ch\/fr\/#\/schema\/logo\/image\/"}}]}},"_links":{"self":[{"href":"https:\/\/shop.bantam.ch\/fr\/wp-json\/wp\/v2\/product\/229439","targetHints":{"allow":["GET"]}}],"collection":[{"href":"https:\/\/shop.bantam.ch\/fr\/wp-json\/wp\/v2\/product"}],"about":[{"href":"https:\/\/shop.bantam.ch\/fr\/wp-json\/wp\/v2\/types\/product"}],"wp:featuredmedia":[{"embeddable":true,"href":"https:\/\/shop.bantam.ch\/fr\/wp-json\/wp\/v2\/media\/229437"}],"wp:attachment":[{"href":"https:\/\/shop.bantam.ch\/fr\/wp-json\/wp\/v2\/media?parent=229439"}],"wp:term":[{"taxonomy":"product_featured_cat","embeddable":true,"href":"https:\/\/shop.bantam.ch\/fr\/wp-json\/wp\/v2\/product_featured_cat?post=229439"},{"taxonomy":"product_brand","embeddable":true,"href":"https:\/\/shop.bantam.ch\/fr\/wp-json\/wp\/v2\/product_brand?post=229439"},{"taxonomy":"product_cat","embeddable":true,"href":"https:\/\/shop.bantam.ch\/fr\/wp-json\/wp\/v2\/product_cat?post=229439"},{"taxonomy":"product_tag","embeddable":true,"href":"https:\/\/shop.bantam.ch\/fr\/wp-json\/wp\/v2\/product_tag?post=229439"}],"curies":[{"name":"wp","href":"https:\/\/api.w.org\/{rel}","templated":true}]}}