{"id":229405,"date":"2026-01-06T16:19:25","date_gmt":"2026-01-06T15:19:25","guid":{"rendered":"https:\/\/shop.bantam.ch\/produit\/filtre-a-gaz-caramatic-connectclean-2-0\/"},"modified":"2026-04-22T23:49:39","modified_gmt":"2026-04-22T21:49:39","slug":"filtre-a-gaz-caramatic-connectclean-2-0","status":"publish","type":"product","link":"https:\/\/shop.bantam.ch\/fr\/produit\/filtre-a-gaz-caramatic-connectclean-2-0\/","title":{"rendered":"Filtre \u00e0 gaz Caramatic ConnectClean 2.0"},"content":{"rendered":"<p>Filtre \u00e0 gaz pour emp\u00eacher l&rsquo;encrassement de l&rsquo;installation de gaz, sp\u00e9cialement pour les r\u00e9servoirs de gaz fixes.<br \/>\nr\u00e9servoirs de gaz mont\u00e9s sur le v\u00e9hicule. Prot\u00e8ge le r\u00e9gulateur de pression et les appareils \u00e0 gaz raccord\u00e9s contre l&rsquo;encrassement par des<br \/>\npar des a\u00e9rosols huileux, des r\u00e9sidus de vapeur et des particules. Pour plus d&rsquo;informations, consultez la landing page de la s\u00e9rie Caramatic.<br \/>\nAvantages et \u00e9quipement :<\/p>\n<ul>\n<li>haut degr\u00e9 de s\u00e9paration de 99<\/li>\n<li>longueur de montage courte, sp\u00e9cialement pour l&rsquo;utilisation sur le r\u00e9servoir de gaz<\/li>\n<li>petite tasse filtrante int\u00e9rieure (en laiton) pour recueillir les r\u00e9sidus<\/li>\n<\/ul>\n<p>Caract\u00e9ristiques techniques :<\/p>\n<ul>\n<li>Pression maximale admissible : PS 25 bar<\/li>\n<li>Emballage boutique<\/li>\n<li>Filtre de r\u00e9servoir de gaz Caramatic ConnectClean<\/li>\n<li>Contenu : 1 pi\u00e8ce<\/li>\n<li>Comb.A x AG KLF<\/li>\n<\/ul>\n<p>Contenu de la livraison : cartouche filtrante 2.0 incluse, en cas de remplacement, seule la cartouche filtrante doit \u00eatre remplac\u00e9e, le noyau de support (en laiton) continue d&rsquo;\u00eatre utilis\u00e9<\/p>\n","protected":false},"excerpt":{"rendered":"<p>Filtre \u00e0 gaz pour emp\u00eacher l&rsquo;encrassement de l&rsquo;installation de gaz, sp\u00e9cialement pour les r\u00e9servoirs de gaz fixes. r\u00e9servoirs de gaz mont\u00e9s sur le v\u00e9hicule. Prot\u00e8ge le r\u00e9gulateur de pression et les appareils \u00e0 gaz raccord\u00e9s contre l&rsquo;encrassement par des par des a\u00e9rosols huileux, des r\u00e9sidus de vapeur et des particules. Pour plus d&rsquo;informations, consultez la [&hellip;]<\/p>\n","protected":false},"featured_media":229403,"template":"","meta":{"_acf_changed":false},"product_featured_cat":[],"product_brand":[],"product_cat":[4491],"product_tag":[],"class_list":{"0":"post-229405","1":"product","2":"type-product","3":"status-publish","4":"has-post-thumbnail","6":"product_cat-detendeurs-gaz","8":"first","9":"instock","10":"taxable","11":"shipping-taxable","12":"purchasable","13":"product-type-simple"},"acf":[],"yoast_head":"<!-- This site is optimized with the Yoast SEO plugin v27.4 - https:\/\/yoast.com\/product\/yoast-seo-wordpress\/ -->\n<title>Filtre \u00e0 gaz Caramatic ConnectClean 2.0 - Bantam Wankm\u00fcller SA<\/title>\n<meta name=\"robots\" content=\"index, follow, max-snippet:-1, max-image-preview:large, max-video-preview:-1\" \/>\n<link rel=\"canonical\" href=\"https:\/\/shop.bantam.ch\/fr\/produit\/filtre-a-gaz-caramatic-connectclean-2-0\/\" \/>\n<meta property=\"og:locale\" content=\"fr_FR\" \/>\n<meta property=\"og:type\" content=\"article\" \/>\n<meta property=\"og:title\" content=\"Filtre \u00e0 gaz Caramatic ConnectClean 2.0 - Bantam Wankm\u00fcller SA\" \/>\n<meta property=\"og:description\" content=\"Filtre \u00e0 gaz pour emp\u00eacher l&rsquo;encrassement de l&rsquo;installation de gaz, sp\u00e9cialement pour les r\u00e9servoirs de gaz fixes. r\u00e9servoirs de gaz mont\u00e9s sur le v\u00e9hicule. Prot\u00e8ge le r\u00e9gulateur de pression et les appareils \u00e0 gaz raccord\u00e9s contre l&rsquo;encrassement par des par des a\u00e9rosols huileux, des r\u00e9sidus de vapeur et des particules. Pour plus d&rsquo;informations, consultez la [&hellip;]\" \/>\n<meta property=\"og:url\" content=\"https:\/\/shop.bantam.ch\/fr\/produit\/filtre-a-gaz-caramatic-connectclean-2-0\/\" \/>\n<meta property=\"og:site_name\" content=\"Bantam Wankm\u00fcller SA\" \/>\n<meta property=\"article:modified_time\" content=\"2026-04-22T21:49:39+00:00\" \/>\n<meta name=\"twitter:card\" content=\"summary_large_image\" \/>\n<meta name=\"twitter:label1\" content=\"Dur\u00e9e de lecture estim\u00e9e\" \/>\n\t<meta name=\"twitter:data1\" content=\"1 minute\" \/>\n<script type=\"application\/ld+json\" class=\"yoast-schema-graph\">{\"@context\":\"https:\\\/\\\/schema.org\",\"@graph\":[{\"@type\":\"WebPage\",\"@id\":\"https:\\\/\\\/shop.bantam.ch\\\/fr\\\/produit\\\/filtre-a-gaz-caramatic-connectclean-2-0\\\/\",\"url\":\"https:\\\/\\\/shop.bantam.ch\\\/fr\\\/produit\\\/filtre-a-gaz-caramatic-connectclean-2-0\\\/\",\"name\":\"Filtre \u00e0 gaz Caramatic ConnectClean 2.0 - Bantam Wankm\u00fcller SA\",\"isPartOf\":{\"@id\":\"https:\\\/\\\/shop.bantam.ch\\\/fr\\\/#website\"},\"primaryImageOfPage\":{\"@id\":\"https:\\\/\\\/shop.bantam.ch\\\/fr\\\/produit\\\/filtre-a-gaz-caramatic-connectclean-2-0\\\/#primaryimage\"},\"image\":{\"@id\":\"https:\\\/\\\/shop.bantam.ch\\\/fr\\\/produit\\\/filtre-a-gaz-caramatic-connectclean-2-0\\\/#primaryimage\"},\"thumbnailUrl\":\"https:\\\/\\\/shop.bantam.ch\\\/wp-content\\\/uploads\\\/2026\\\/01\\\/Movera-L-9975976100.jpg\",\"datePublished\":\"2026-01-06T15:19:25+00:00\",\"dateModified\":\"2026-04-22T21:49:39+00:00\",\"breadcrumb\":{\"@id\":\"https:\\\/\\\/shop.bantam.ch\\\/fr\\\/produit\\\/filtre-a-gaz-caramatic-connectclean-2-0\\\/#breadcrumb\"},\"inLanguage\":\"fr-FR\",\"potentialAction\":[{\"@type\":\"ReadAction\",\"target\":[\"https:\\\/\\\/shop.bantam.ch\\\/fr\\\/produit\\\/filtre-a-gaz-caramatic-connectclean-2-0\\\/\"]}]},{\"@type\":\"ImageObject\",\"inLanguage\":\"fr-FR\",\"@id\":\"https:\\\/\\\/shop.bantam.ch\\\/fr\\\/produit\\\/filtre-a-gaz-caramatic-connectclean-2-0\\\/#primaryimage\",\"url\":\"https:\\\/\\\/shop.bantam.ch\\\/wp-content\\\/uploads\\\/2026\\\/01\\\/Movera-L-9975976100.jpg\",\"contentUrl\":\"https:\\\/\\\/shop.bantam.ch\\\/wp-content\\\/uploads\\\/2026\\\/01\\\/Movera-L-9975976100.jpg\",\"width\":240,\"height\":250},{\"@type\":\"BreadcrumbList\",\"@id\":\"https:\\\/\\\/shop.bantam.ch\\\/fr\\\/produit\\\/filtre-a-gaz-caramatic-connectclean-2-0\\\/#breadcrumb\",\"itemListElement\":[{\"@type\":\"ListItem\",\"position\":1,\"name\":\"Accueil\",\"item\":\"https:\\\/\\\/shop.bantam.ch\\\/fr\\\/\"},{\"@type\":\"ListItem\",\"position\":2,\"name\":\"Boutique\",\"item\":\"https:\\\/\\\/shop.bantam.ch\\\/fr\\\/boutique\\\/\"},{\"@type\":\"ListItem\",\"position\":3,\"name\":\"Filtre \u00e0 gaz Caramatic ConnectClean 2.0\"}]},{\"@type\":\"WebSite\",\"@id\":\"https:\\\/\\\/shop.bantam.ch\\\/fr\\\/#website\",\"url\":\"https:\\\/\\\/shop.bantam.ch\\\/fr\\\/\",\"name\":\"Bantam Wankm\u00fcller SA\",\"description\":\"\",\"publisher\":{\"@id\":\"https:\\\/\\\/shop.bantam.ch\\\/fr\\\/#organization\"},\"inLanguage\":\"fr-FR\"},{\"@type\":\"Organization\",\"@id\":\"https:\\\/\\\/shop.bantam.ch\\\/fr\\\/#organization\",\"name\":\"Bantam Wankm\u00fcller SA\",\"url\":\"https:\\\/\\\/shop.bantam.ch\\\/fr\\\/\",\"logo\":{\"@type\":\"ImageObject\",\"inLanguage\":\"fr-FR\",\"@id\":\"https:\\\/\\\/shop.bantam.ch\\\/fr\\\/#\\\/schema\\\/logo\\\/image\\\/\",\"url\":\"https:\\\/\\\/shop.bantam.ch\\\/wp-content\\\/uploads\\\/2022\\\/12\\\/bantam-logo.png\",\"contentUrl\":\"https:\\\/\\\/shop.bantam.ch\\\/wp-content\\\/uploads\\\/2022\\\/12\\\/bantam-logo.png\",\"width\":320,\"height\":71,\"caption\":\"Bantam Wankm\u00fcller SA\"},\"image\":{\"@id\":\"https:\\\/\\\/shop.bantam.ch\\\/fr\\\/#\\\/schema\\\/logo\\\/image\\\/\"}}]}<\/script>\n<!-- \/ Yoast SEO plugin. -->","yoast_head_json":{"title":"Filtre \u00e0 gaz Caramatic ConnectClean 2.0 - Bantam Wankm\u00fcller SA","robots":{"index":"index","follow":"follow","max-snippet":"max-snippet:-1","max-image-preview":"max-image-preview:large","max-video-preview":"max-video-preview:-1"},"canonical":"https:\/\/shop.bantam.ch\/fr\/produit\/filtre-a-gaz-caramatic-connectclean-2-0\/","og_locale":"fr_FR","og_type":"article","og_title":"Filtre \u00e0 gaz Caramatic ConnectClean 2.0 - Bantam Wankm\u00fcller SA","og_description":"Filtre \u00e0 gaz pour emp\u00eacher l&rsquo;encrassement de l&rsquo;installation de gaz, sp\u00e9cialement pour les r\u00e9servoirs de gaz fixes. r\u00e9servoirs de gaz mont\u00e9s sur le v\u00e9hicule. Prot\u00e8ge le r\u00e9gulateur de pression et les appareils \u00e0 gaz raccord\u00e9s contre l&rsquo;encrassement par des par des a\u00e9rosols huileux, des r\u00e9sidus de vapeur et des particules. Pour plus d&rsquo;informations, consultez la [&hellip;]","og_url":"https:\/\/shop.bantam.ch\/fr\/produit\/filtre-a-gaz-caramatic-connectclean-2-0\/","og_site_name":"Bantam Wankm\u00fcller SA","article_modified_time":"2026-04-22T21:49:39+00:00","twitter_card":"summary_large_image","twitter_misc":{"Dur\u00e9e de lecture estim\u00e9e":"1 minute"},"schema":{"@context":"https:\/\/schema.org","@graph":[{"@type":"WebPage","@id":"https:\/\/shop.bantam.ch\/fr\/produit\/filtre-a-gaz-caramatic-connectclean-2-0\/","url":"https:\/\/shop.bantam.ch\/fr\/produit\/filtre-a-gaz-caramatic-connectclean-2-0\/","name":"Filtre \u00e0 gaz Caramatic ConnectClean 2.0 - Bantam Wankm\u00fcller SA","isPartOf":{"@id":"https:\/\/shop.bantam.ch\/fr\/#website"},"primaryImageOfPage":{"@id":"https:\/\/shop.bantam.ch\/fr\/produit\/filtre-a-gaz-caramatic-connectclean-2-0\/#primaryimage"},"image":{"@id":"https:\/\/shop.bantam.ch\/fr\/produit\/filtre-a-gaz-caramatic-connectclean-2-0\/#primaryimage"},"thumbnailUrl":"https:\/\/shop.bantam.ch\/wp-content\/uploads\/2026\/01\/Movera-L-9975976100.jpg","datePublished":"2026-01-06T15:19:25+00:00","dateModified":"2026-04-22T21:49:39+00:00","breadcrumb":{"@id":"https:\/\/shop.bantam.ch\/fr\/produit\/filtre-a-gaz-caramatic-connectclean-2-0\/#breadcrumb"},"inLanguage":"fr-FR","potentialAction":[{"@type":"ReadAction","target":["https:\/\/shop.bantam.ch\/fr\/produit\/filtre-a-gaz-caramatic-connectclean-2-0\/"]}]},{"@type":"ImageObject","inLanguage":"fr-FR","@id":"https:\/\/shop.bantam.ch\/fr\/produit\/filtre-a-gaz-caramatic-connectclean-2-0\/#primaryimage","url":"https:\/\/shop.bantam.ch\/wp-content\/uploads\/2026\/01\/Movera-L-9975976100.jpg","contentUrl":"https:\/\/shop.bantam.ch\/wp-content\/uploads\/2026\/01\/Movera-L-9975976100.jpg","width":240,"height":250},{"@type":"BreadcrumbList","@id":"https:\/\/shop.bantam.ch\/fr\/produit\/filtre-a-gaz-caramatic-connectclean-2-0\/#breadcrumb","itemListElement":[{"@type":"ListItem","position":1,"name":"Accueil","item":"https:\/\/shop.bantam.ch\/fr\/"},{"@type":"ListItem","position":2,"name":"Boutique","item":"https:\/\/shop.bantam.ch\/fr\/boutique\/"},{"@type":"ListItem","position":3,"name":"Filtre \u00e0 gaz Caramatic ConnectClean 2.0"}]},{"@type":"WebSite","@id":"https:\/\/shop.bantam.ch\/fr\/#website","url":"https:\/\/shop.bantam.ch\/fr\/","name":"Bantam Wankm\u00fcller SA","description":"","publisher":{"@id":"https:\/\/shop.bantam.ch\/fr\/#organization"},"inLanguage":"fr-FR"},{"@type":"Organization","@id":"https:\/\/shop.bantam.ch\/fr\/#organization","name":"Bantam Wankm\u00fcller SA","url":"https:\/\/shop.bantam.ch\/fr\/","logo":{"@type":"ImageObject","inLanguage":"fr-FR","@id":"https:\/\/shop.bantam.ch\/fr\/#\/schema\/logo\/image\/","url":"https:\/\/shop.bantam.ch\/wp-content\/uploads\/2022\/12\/bantam-logo.png","contentUrl":"https:\/\/shop.bantam.ch\/wp-content\/uploads\/2022\/12\/bantam-logo.png","width":320,"height":71,"caption":"Bantam Wankm\u00fcller SA"},"image":{"@id":"https:\/\/shop.bantam.ch\/fr\/#\/schema\/logo\/image\/"}}]}},"_links":{"self":[{"href":"https:\/\/shop.bantam.ch\/fr\/wp-json\/wp\/v2\/product\/229405","targetHints":{"allow":["GET"]}}],"collection":[{"href":"https:\/\/shop.bantam.ch\/fr\/wp-json\/wp\/v2\/product"}],"about":[{"href":"https:\/\/shop.bantam.ch\/fr\/wp-json\/wp\/v2\/types\/product"}],"wp:featuredmedia":[{"embeddable":true,"href":"https:\/\/shop.bantam.ch\/fr\/wp-json\/wp\/v2\/media\/229403"}],"wp:attachment":[{"href":"https:\/\/shop.bantam.ch\/fr\/wp-json\/wp\/v2\/media?parent=229405"}],"wp:term":[{"taxonomy":"product_featured_cat","embeddable":true,"href":"https:\/\/shop.bantam.ch\/fr\/wp-json\/wp\/v2\/product_featured_cat?post=229405"},{"taxonomy":"product_brand","embeddable":true,"href":"https:\/\/shop.bantam.ch\/fr\/wp-json\/wp\/v2\/product_brand?post=229405"},{"taxonomy":"product_cat","embeddable":true,"href":"https:\/\/shop.bantam.ch\/fr\/wp-json\/wp\/v2\/product_cat?post=229405"},{"taxonomy":"product_tag","embeddable":true,"href":"https:\/\/shop.bantam.ch\/fr\/wp-json\/wp\/v2\/product_tag?post=229405"}],"curies":[{"name":"wp","href":"https:\/\/api.w.org\/{rel}","templated":true}]}}