{"id":229369,"date":"2026-01-06T16:18:23","date_gmt":"2026-01-06T15:18:23","guid":{"rendered":"https:\/\/shop.bantam.ch\/produit\/fenetre-quipon-alternative-s7\/"},"modified":"2026-05-09T02:32:16","modified_gmt":"2026-05-09T00:32:16","slug":"fenetre-quipon-alternative-s7","status":"publish","type":"product","link":"https:\/\/shop.bantam.ch\/fr\/produit\/fenetre-quipon-alternative-s7\/","title":{"rendered":"Fen\u00eatre Quipon (alternative S7)"},"content":{"rendered":"<p>Quipon VISION \u2013 Une fen\u00eatre \u00e0 battant \u00e9l\u00e9gante pour les fourgons modernes<br \/>\nLa fen\u00eatre Quipon VISION est le choix id\u00e9al pour \u00e9quiper votre fourgon am\u00e9nag\u00e9 d\u2019une fen\u00eatre lat\u00e9rale de haute qualit\u00e9 et \u00e9l\u00e9gante, qui se distingue \u00e0 la fois par son aspect visuel et sa fonctionnalit\u00e9. Avec son design courb\u00e9 et un rayon de 5 m\u00e8tres, elle s\u2019int\u00e8gre parfaitement aux formes arrondies des v\u00e9hicules modernes, offrant la combinaison id\u00e9ale entre esth\u00e9tique, confort et s\u00e9curit\u00e9.<br \/>\nLe vitrage acrylique teint\u00e9 fonc\u00e9 \u00e0 double couche, avec fermeture affleurante, laisse entrer une grande quantit\u00e9 de lumi\u00e8re naturelle \u00e0 l\u2019int\u00e9rieur de votre v\u00e9hicule, cr\u00e9ant une atmosph\u00e8re lumineuse et agr\u00e9able. En m\u00eame temps, ce vitrage offre une protection efficace contre la chaleur et le froid, contribuant ainsi \u00e0 une excellente isolation thermique.<br \/>\nLe cadre en aluminium thermolaqu\u00e9 assure non seulement une isolation exceptionnelle, mais \u00e9galement une qualit\u00e9 de surface premium tout en r\u00e9duisant le poids de la structure. Le syst\u00e8me de verrouillage multipoints prot\u00e8ge contre tout acc\u00e8s non autoris\u00e9 et garantit une s\u00e9curit\u00e9 maximale, tandis que la fen\u00eatre r\u00e9glable en continu permet une ventilation flexible.<br \/>\nPour plus de confort, la fen\u00eatre Quipon VISION est \u00e9quip\u00e9e d\u2019un syst\u00e8me de store assorti qui offre de l\u2019ombre et pr\u00e9serve votre intimit\u00e9 lorsque cela est n\u00e9cessaire. La combinaison de technologie innovante et de design esth\u00e9tique fait de cette fen\u00eatre le choix id\u00e9al pour les fourgons am\u00e9nag\u00e9s et une v\u00e9ritable alternative aux fen\u00eatres traditionnelles avec cadre en polyur\u00e9thane.<br \/>\nPrincipaux avantages:<\/p>\n<ul>\n<li>Vitrage acrylique teint\u00e9 fonc\u00e9 \u00e0 double couche pour une isolation thermique efficace et un design \u00e9l\u00e9gant<\/li>\n<li>Cadre en aluminium thermolaqu\u00e9 pour une construction l\u00e9g\u00e8re et une surface haut de gamme<\/li>\n<li>Syst\u00e8me de verrouillage multipoints pour une protection optimale contre les intrusions<\/li>\n<li>Fonction \u00e0 battant r\u00e9glable en continu pour une ventilation personnalis\u00e9e<\/li>\n<li>Convient aux murs d\u2019une \u00e9paisseur de 22 \u00e0 43 mm<\/li>\n<li>Syst\u00e8me de store pour l\u2019intimit\u00e9 et la protection solaire<\/li>\n<li>Id\u00e9al pour les fourgons am\u00e9nag\u00e9s aux formes arrondies<\/li>\n<\/ul>\n","protected":false},"excerpt":{"rendered":"<p>Quipon VISION \u2013 Une fen\u00eatre \u00e0 battant \u00e9l\u00e9gante pour les fourgons modernes La fen\u00eatre Quipon VISION est le choix id\u00e9al pour \u00e9quiper votre fourgon am\u00e9nag\u00e9 d\u2019une fen\u00eatre lat\u00e9rale de haute qualit\u00e9 et \u00e9l\u00e9gante, qui se distingue \u00e0 la fois par son aspect visuel et sa fonctionnalit\u00e9. Avec son design courb\u00e9 et un rayon de 5 [&hellip;]<\/p>\n","protected":false},"featured_media":229365,"template":"","meta":{"_acf_changed":false},"product_featured_cat":[],"product_brand":[],"product_cat":[4143],"product_tag":[],"class_list":{"0":"post-229369","1":"product","2":"type-product","3":"status-publish","4":"has-post-thumbnail","6":"product_cat-fenetres-et-stores-occultants","8":"first","9":"instock","10":"taxable","11":"shipping-taxable","12":"purchasable","13":"product-type-variable"},"acf":[],"yoast_head":"<!-- This site is optimized with the Yoast SEO plugin v27.5 - https:\/\/yoast.com\/product\/yoast-seo-wordpress\/ -->\n<title>Fen\u00eatre Quipon (alternative S7) - Bantam<\/title>\n<meta name=\"robots\" content=\"index, follow, max-snippet:-1, max-image-preview:large, max-video-preview:-1\" \/>\n<link rel=\"canonical\" href=\"https:\/\/shop.bantam.ch\/fr\/produit\/fenetre-quipon-alternative-s7\/\" \/>\n<meta property=\"og:locale\" content=\"fr_FR\" \/>\n<meta property=\"og:type\" content=\"article\" \/>\n<meta property=\"og:title\" content=\"Fen\u00eatre Quipon (alternative S7) - Bantam\" \/>\n<meta property=\"og:description\" content=\"Quipon VISION \u2013 Une fen\u00eatre \u00e0 battant \u00e9l\u00e9gante pour les fourgons modernes La fen\u00eatre Quipon VISION est le choix id\u00e9al pour \u00e9quiper votre fourgon am\u00e9nag\u00e9 d\u2019une fen\u00eatre lat\u00e9rale de haute qualit\u00e9 et \u00e9l\u00e9gante, qui se distingue \u00e0 la fois par son aspect visuel et sa fonctionnalit\u00e9. Avec son design courb\u00e9 et un rayon de 5 [&hellip;]\" \/>\n<meta property=\"og:url\" content=\"https:\/\/shop.bantam.ch\/fr\/produit\/fenetre-quipon-alternative-s7\/\" \/>\n<meta property=\"og:site_name\" content=\"Bantam\" \/>\n<meta property=\"article:modified_time\" content=\"2026-05-09T00:32:16+00:00\" \/>\n<meta name=\"twitter:card\" content=\"summary_large_image\" \/>\n<meta name=\"twitter:label1\" content=\"Dur\u00e9e de lecture estim\u00e9e\" \/>\n\t<meta name=\"twitter:data1\" content=\"2 minutes\" \/>\n<script type=\"application\/ld+json\" class=\"yoast-schema-graph\">{\"@context\":\"https:\\\/\\\/schema.org\",\"@graph\":[{\"@type\":\"WebPage\",\"@id\":\"https:\\\/\\\/shop.bantam.ch\\\/fr\\\/produit\\\/fenetre-quipon-alternative-s7\\\/\",\"url\":\"https:\\\/\\\/shop.bantam.ch\\\/fr\\\/produit\\\/fenetre-quipon-alternative-s7\\\/\",\"name\":\"Fen\u00eatre Quipon (alternative S7) - Bantam\",\"isPartOf\":{\"@id\":\"https:\\\/\\\/shop.bantam.ch\\\/fr\\\/#website\"},\"primaryImageOfPage\":{\"@id\":\"https:\\\/\\\/shop.bantam.ch\\\/fr\\\/produit\\\/fenetre-quipon-alternative-s7\\\/#primaryimage\"},\"image\":{\"@id\":\"https:\\\/\\\/shop.bantam.ch\\\/fr\\\/produit\\\/fenetre-quipon-alternative-s7\\\/#primaryimage\"},\"thumbnailUrl\":\"https:\\\/\\\/shop.bantam.ch\\\/wp-content\\\/uploads\\\/2026\\\/01\\\/Movera-L-9971572100.jpg\",\"datePublished\":\"2026-01-06T15:18:23+00:00\",\"dateModified\":\"2026-05-09T00:32:16+00:00\",\"breadcrumb\":{\"@id\":\"https:\\\/\\\/shop.bantam.ch\\\/fr\\\/produit\\\/fenetre-quipon-alternative-s7\\\/#breadcrumb\"},\"inLanguage\":\"fr-FR\",\"potentialAction\":[{\"@type\":\"ReadAction\",\"target\":[\"https:\\\/\\\/shop.bantam.ch\\\/fr\\\/produit\\\/fenetre-quipon-alternative-s7\\\/\"]}]},{\"@type\":\"ImageObject\",\"inLanguage\":\"fr-FR\",\"@id\":\"https:\\\/\\\/shop.bantam.ch\\\/fr\\\/produit\\\/fenetre-quipon-alternative-s7\\\/#primaryimage\",\"url\":\"https:\\\/\\\/shop.bantam.ch\\\/wp-content\\\/uploads\\\/2026\\\/01\\\/Movera-L-9971572100.jpg\",\"contentUrl\":\"https:\\\/\\\/shop.bantam.ch\\\/wp-content\\\/uploads\\\/2026\\\/01\\\/Movera-L-9971572100.jpg\",\"width\":640,\"height\":528},{\"@type\":\"BreadcrumbList\",\"@id\":\"https:\\\/\\\/shop.bantam.ch\\\/fr\\\/produit\\\/fenetre-quipon-alternative-s7\\\/#breadcrumb\",\"itemListElement\":[{\"@type\":\"ListItem\",\"position\":1,\"name\":\"Accueil\",\"item\":\"https:\\\/\\\/shop.bantam.ch\\\/fr\\\/\"},{\"@type\":\"ListItem\",\"position\":2,\"name\":\"Boutique\",\"item\":\"https:\\\/\\\/shop.bantam.ch\\\/fr\\\/boutique\\\/\"},{\"@type\":\"ListItem\",\"position\":3,\"name\":\"Fen\u00eatre Quipon (alternative S7)\"}]},{\"@type\":\"WebSite\",\"@id\":\"https:\\\/\\\/shop.bantam.ch\\\/fr\\\/#website\",\"url\":\"https:\\\/\\\/shop.bantam.ch\\\/fr\\\/\",\"name\":\"Bantam\",\"description\":\"\",\"publisher\":{\"@id\":\"https:\\\/\\\/shop.bantam.ch\\\/fr\\\/#organization\"},\"inLanguage\":\"fr-FR\"},{\"@type\":\"Organization\",\"@id\":\"https:\\\/\\\/shop.bantam.ch\\\/fr\\\/#organization\",\"name\":\"Bantam\",\"url\":\"https:\\\/\\\/shop.bantam.ch\\\/fr\\\/\",\"logo\":{\"@type\":\"ImageObject\",\"inLanguage\":\"fr-FR\",\"@id\":\"https:\\\/\\\/shop.bantam.ch\\\/fr\\\/#\\\/schema\\\/logo\\\/image\\\/\",\"url\":\"https:\\\/\\\/shop.bantam.ch\\\/wp-content\\\/uploads\\\/2022\\\/12\\\/bantam-logo.png\",\"contentUrl\":\"https:\\\/\\\/shop.bantam.ch\\\/wp-content\\\/uploads\\\/2022\\\/12\\\/bantam-logo.png\",\"width\":320,\"height\":71,\"caption\":\"Bantam\"},\"image\":{\"@id\":\"https:\\\/\\\/shop.bantam.ch\\\/fr\\\/#\\\/schema\\\/logo\\\/image\\\/\"}}]}<\/script>\n<!-- \/ Yoast SEO plugin. -->","yoast_head_json":{"title":"Fen\u00eatre Quipon (alternative S7) - Bantam","robots":{"index":"index","follow":"follow","max-snippet":"max-snippet:-1","max-image-preview":"max-image-preview:large","max-video-preview":"max-video-preview:-1"},"canonical":"https:\/\/shop.bantam.ch\/fr\/produit\/fenetre-quipon-alternative-s7\/","og_locale":"fr_FR","og_type":"article","og_title":"Fen\u00eatre Quipon (alternative S7) - Bantam","og_description":"Quipon VISION \u2013 Une fen\u00eatre \u00e0 battant \u00e9l\u00e9gante pour les fourgons modernes La fen\u00eatre Quipon VISION est le choix id\u00e9al pour \u00e9quiper votre fourgon am\u00e9nag\u00e9 d\u2019une fen\u00eatre lat\u00e9rale de haute qualit\u00e9 et \u00e9l\u00e9gante, qui se distingue \u00e0 la fois par son aspect visuel et sa fonctionnalit\u00e9. Avec son design courb\u00e9 et un rayon de 5 [&hellip;]","og_url":"https:\/\/shop.bantam.ch\/fr\/produit\/fenetre-quipon-alternative-s7\/","og_site_name":"Bantam","article_modified_time":"2026-05-09T00:32:16+00:00","twitter_card":"summary_large_image","twitter_misc":{"Dur\u00e9e de lecture estim\u00e9e":"2 minutes"},"schema":{"@context":"https:\/\/schema.org","@graph":[{"@type":"WebPage","@id":"https:\/\/shop.bantam.ch\/fr\/produit\/fenetre-quipon-alternative-s7\/","url":"https:\/\/shop.bantam.ch\/fr\/produit\/fenetre-quipon-alternative-s7\/","name":"Fen\u00eatre Quipon (alternative S7) - Bantam","isPartOf":{"@id":"https:\/\/shop.bantam.ch\/fr\/#website"},"primaryImageOfPage":{"@id":"https:\/\/shop.bantam.ch\/fr\/produit\/fenetre-quipon-alternative-s7\/#primaryimage"},"image":{"@id":"https:\/\/shop.bantam.ch\/fr\/produit\/fenetre-quipon-alternative-s7\/#primaryimage"},"thumbnailUrl":"https:\/\/shop.bantam.ch\/wp-content\/uploads\/2026\/01\/Movera-L-9971572100.jpg","datePublished":"2026-01-06T15:18:23+00:00","dateModified":"2026-05-09T00:32:16+00:00","breadcrumb":{"@id":"https:\/\/shop.bantam.ch\/fr\/produit\/fenetre-quipon-alternative-s7\/#breadcrumb"},"inLanguage":"fr-FR","potentialAction":[{"@type":"ReadAction","target":["https:\/\/shop.bantam.ch\/fr\/produit\/fenetre-quipon-alternative-s7\/"]}]},{"@type":"ImageObject","inLanguage":"fr-FR","@id":"https:\/\/shop.bantam.ch\/fr\/produit\/fenetre-quipon-alternative-s7\/#primaryimage","url":"https:\/\/shop.bantam.ch\/wp-content\/uploads\/2026\/01\/Movera-L-9971572100.jpg","contentUrl":"https:\/\/shop.bantam.ch\/wp-content\/uploads\/2026\/01\/Movera-L-9971572100.jpg","width":640,"height":528},{"@type":"BreadcrumbList","@id":"https:\/\/shop.bantam.ch\/fr\/produit\/fenetre-quipon-alternative-s7\/#breadcrumb","itemListElement":[{"@type":"ListItem","position":1,"name":"Accueil","item":"https:\/\/shop.bantam.ch\/fr\/"},{"@type":"ListItem","position":2,"name":"Boutique","item":"https:\/\/shop.bantam.ch\/fr\/boutique\/"},{"@type":"ListItem","position":3,"name":"Fen\u00eatre Quipon (alternative S7)"}]},{"@type":"WebSite","@id":"https:\/\/shop.bantam.ch\/fr\/#website","url":"https:\/\/shop.bantam.ch\/fr\/","name":"Bantam","description":"","publisher":{"@id":"https:\/\/shop.bantam.ch\/fr\/#organization"},"inLanguage":"fr-FR"},{"@type":"Organization","@id":"https:\/\/shop.bantam.ch\/fr\/#organization","name":"Bantam","url":"https:\/\/shop.bantam.ch\/fr\/","logo":{"@type":"ImageObject","inLanguage":"fr-FR","@id":"https:\/\/shop.bantam.ch\/fr\/#\/schema\/logo\/image\/","url":"https:\/\/shop.bantam.ch\/wp-content\/uploads\/2022\/12\/bantam-logo.png","contentUrl":"https:\/\/shop.bantam.ch\/wp-content\/uploads\/2022\/12\/bantam-logo.png","width":320,"height":71,"caption":"Bantam"},"image":{"@id":"https:\/\/shop.bantam.ch\/fr\/#\/schema\/logo\/image\/"}}]}},"_links":{"self":[{"href":"https:\/\/shop.bantam.ch\/fr\/wp-json\/wp\/v2\/product\/229369","targetHints":{"allow":["GET"]}}],"collection":[{"href":"https:\/\/shop.bantam.ch\/fr\/wp-json\/wp\/v2\/product"}],"about":[{"href":"https:\/\/shop.bantam.ch\/fr\/wp-json\/wp\/v2\/types\/product"}],"wp:featuredmedia":[{"embeddable":true,"href":"https:\/\/shop.bantam.ch\/fr\/wp-json\/wp\/v2\/media\/229365"}],"wp:attachment":[{"href":"https:\/\/shop.bantam.ch\/fr\/wp-json\/wp\/v2\/media?parent=229369"}],"wp:term":[{"taxonomy":"product_featured_cat","embeddable":true,"href":"https:\/\/shop.bantam.ch\/fr\/wp-json\/wp\/v2\/product_featured_cat?post=229369"},{"taxonomy":"product_brand","embeddable":true,"href":"https:\/\/shop.bantam.ch\/fr\/wp-json\/wp\/v2\/product_brand?post=229369"},{"taxonomy":"product_cat","embeddable":true,"href":"https:\/\/shop.bantam.ch\/fr\/wp-json\/wp\/v2\/product_cat?post=229369"},{"taxonomy":"product_tag","embeddable":true,"href":"https:\/\/shop.bantam.ch\/fr\/wp-json\/wp\/v2\/product_tag?post=229369"}],"curies":[{"name":"wp","href":"https:\/\/api.w.org\/{rel}","templated":true}]}}