{"id":229306,"date":"2026-01-06T16:16:44","date_gmt":"2026-01-06T15:16:44","guid":{"rendered":"https:\/\/shop.bantam.ch\/produit\/rechaud-cvh1525g-2-feux\/"},"modified":"2026-04-28T23:52:03","modified_gmt":"2026-04-28T21:52:03","slug":"rechaud-cvh1525g-2-feux","status":"publish","type":"product","link":"https:\/\/shop.bantam.ch\/fr\/produit\/rechaud-cvh1525g-2-feux\/","title":{"rendered":"R\u00e9chaud CVH1525G 2 feux"},"content":{"rendered":"<p>En route et \u00e0 l&rsquo;ext\u00e9rieur &#8211; et pourtant cuisiner comme \u00e0 la maison Ce r\u00e9chaud \u00e0 gaz pratique offre tout ce dont vous avez besoin &#8211; dans un espace r\u00e9duit. Deux br\u00fbleurs. Utilisation ergonomique. Allumage automatique (sans allumettes ni briquet). Lorsqu&rsquo;il n&rsquo;y a pas de casseroles sur la plaque de cuisson, le couvercle en verre Soft Close \u00e9largit le plan de travail. Le nettoyage est une affaire de minutes. Gr\u00e2ce aux surfaces en acier inoxydable et au support de po\u00eale amovible, l&rsquo;appareil est \u00e0 nouveau propre en un clin d&rsquo;\u0153il.<\/p>\n","protected":false},"excerpt":{"rendered":"<p>En route et \u00e0 l&rsquo;ext\u00e9rieur &#8211; et pourtant cuisiner comme \u00e0 la maison Ce r\u00e9chaud \u00e0 gaz pratique offre tout ce dont vous avez besoin &#8211; dans un espace r\u00e9duit. Deux br\u00fbleurs. Utilisation ergonomique. Allumage automatique (sans allumettes ni briquet). Lorsqu&rsquo;il n&rsquo;y a pas de casseroles sur la plaque de cuisson, le couvercle en verre [&hellip;]<\/p>\n","protected":false},"featured_media":229304,"template":"","meta":{"_acf_changed":false},"product_featured_cat":[],"product_brand":[],"product_cat":[4305],"product_tag":[],"class_list":{"0":"post-229306","1":"product","2":"type-product","3":"status-publish","4":"has-post-thumbnail","6":"product_cat-rechauds","8":"first","9":"instock","10":"taxable","11":"shipping-taxable","12":"purchasable","13":"product-type-simple"},"acf":[],"yoast_head":"<!-- This site is optimized with the Yoast SEO plugin v27.5 - https:\/\/yoast.com\/product\/yoast-seo-wordpress\/ -->\n<title>R\u00e9chaud CVH1525G 2 feux - Bantam<\/title>\n<meta name=\"robots\" content=\"index, follow, max-snippet:-1, max-image-preview:large, max-video-preview:-1\" \/>\n<link rel=\"canonical\" href=\"https:\/\/shop.bantam.ch\/fr\/produit\/rechaud-cvh1525g-2-feux\/\" \/>\n<meta property=\"og:locale\" content=\"fr_FR\" \/>\n<meta property=\"og:type\" content=\"article\" \/>\n<meta property=\"og:title\" content=\"R\u00e9chaud CVH1525G 2 feux - Bantam\" \/>\n<meta property=\"og:description\" content=\"En route et \u00e0 l&rsquo;ext\u00e9rieur &#8211; et pourtant cuisiner comme \u00e0 la maison Ce r\u00e9chaud \u00e0 gaz pratique offre tout ce dont vous avez besoin &#8211; dans un espace r\u00e9duit. Deux br\u00fbleurs. Utilisation ergonomique. Allumage automatique (sans allumettes ni briquet). Lorsqu&rsquo;il n&rsquo;y a pas de casseroles sur la plaque de cuisson, le couvercle en verre [&hellip;]\" \/>\n<meta property=\"og:url\" content=\"https:\/\/shop.bantam.ch\/fr\/produit\/rechaud-cvh1525g-2-feux\/\" \/>\n<meta property=\"og:site_name\" content=\"Bantam\" \/>\n<meta property=\"article:modified_time\" content=\"2026-04-28T21:52:03+00:00\" \/>\n<meta name=\"twitter:card\" content=\"summary_large_image\" \/>\n<script type=\"application\/ld+json\" class=\"yoast-schema-graph\">{\"@context\":\"https:\\\/\\\/schema.org\",\"@graph\":[{\"@type\":\"WebPage\",\"@id\":\"https:\\\/\\\/shop.bantam.ch\\\/fr\\\/produit\\\/rechaud-cvh1525g-2-feux\\\/\",\"url\":\"https:\\\/\\\/shop.bantam.ch\\\/fr\\\/produit\\\/rechaud-cvh1525g-2-feux\\\/\",\"name\":\"R\u00e9chaud CVH1525G 2 feux - Bantam\",\"isPartOf\":{\"@id\":\"https:\\\/\\\/shop.bantam.ch\\\/fr\\\/#website\"},\"primaryImageOfPage\":{\"@id\":\"https:\\\/\\\/shop.bantam.ch\\\/fr\\\/produit\\\/rechaud-cvh1525g-2-feux\\\/#primaryimage\"},\"image\":{\"@id\":\"https:\\\/\\\/shop.bantam.ch\\\/fr\\\/produit\\\/rechaud-cvh1525g-2-feux\\\/#primaryimage\"},\"thumbnailUrl\":\"https:\\\/\\\/shop.bantam.ch\\\/wp-content\\\/uploads\\\/2026\\\/01\\\/Movera-L-9975963100.jpg\",\"datePublished\":\"2026-01-06T15:16:44+00:00\",\"dateModified\":\"2026-04-28T21:52:03+00:00\",\"breadcrumb\":{\"@id\":\"https:\\\/\\\/shop.bantam.ch\\\/fr\\\/produit\\\/rechaud-cvh1525g-2-feux\\\/#breadcrumb\"},\"inLanguage\":\"fr-FR\",\"potentialAction\":[{\"@type\":\"ReadAction\",\"target\":[\"https:\\\/\\\/shop.bantam.ch\\\/fr\\\/produit\\\/rechaud-cvh1525g-2-feux\\\/\"]}]},{\"@type\":\"ImageObject\",\"inLanguage\":\"fr-FR\",\"@id\":\"https:\\\/\\\/shop.bantam.ch\\\/fr\\\/produit\\\/rechaud-cvh1525g-2-feux\\\/#primaryimage\",\"url\":\"https:\\\/\\\/shop.bantam.ch\\\/wp-content\\\/uploads\\\/2026\\\/01\\\/Movera-L-9975963100.jpg\",\"contentUrl\":\"https:\\\/\\\/shop.bantam.ch\\\/wp-content\\\/uploads\\\/2026\\\/01\\\/Movera-L-9975963100.jpg\",\"width\":640,\"height\":640},{\"@type\":\"BreadcrumbList\",\"@id\":\"https:\\\/\\\/shop.bantam.ch\\\/fr\\\/produit\\\/rechaud-cvh1525g-2-feux\\\/#breadcrumb\",\"itemListElement\":[{\"@type\":\"ListItem\",\"position\":1,\"name\":\"Accueil\",\"item\":\"https:\\\/\\\/shop.bantam.ch\\\/fr\\\/\"},{\"@type\":\"ListItem\",\"position\":2,\"name\":\"Boutique\",\"item\":\"https:\\\/\\\/shop.bantam.ch\\\/fr\\\/boutique\\\/\"},{\"@type\":\"ListItem\",\"position\":3,\"name\":\"R\u00e9chaud CVH1525G 2 feux\"}]},{\"@type\":\"WebSite\",\"@id\":\"https:\\\/\\\/shop.bantam.ch\\\/fr\\\/#website\",\"url\":\"https:\\\/\\\/shop.bantam.ch\\\/fr\\\/\",\"name\":\"Bantam\",\"description\":\"\",\"publisher\":{\"@id\":\"https:\\\/\\\/shop.bantam.ch\\\/fr\\\/#organization\"},\"inLanguage\":\"fr-FR\"},{\"@type\":\"Organization\",\"@id\":\"https:\\\/\\\/shop.bantam.ch\\\/fr\\\/#organization\",\"name\":\"Bantam\",\"url\":\"https:\\\/\\\/shop.bantam.ch\\\/fr\\\/\",\"logo\":{\"@type\":\"ImageObject\",\"inLanguage\":\"fr-FR\",\"@id\":\"https:\\\/\\\/shop.bantam.ch\\\/fr\\\/#\\\/schema\\\/logo\\\/image\\\/\",\"url\":\"https:\\\/\\\/shop.bantam.ch\\\/wp-content\\\/uploads\\\/2022\\\/12\\\/bantam-logo.png\",\"contentUrl\":\"https:\\\/\\\/shop.bantam.ch\\\/wp-content\\\/uploads\\\/2022\\\/12\\\/bantam-logo.png\",\"width\":320,\"height\":71,\"caption\":\"Bantam\"},\"image\":{\"@id\":\"https:\\\/\\\/shop.bantam.ch\\\/fr\\\/#\\\/schema\\\/logo\\\/image\\\/\"}}]}<\/script>\n<!-- \/ Yoast SEO plugin. -->","yoast_head_json":{"title":"R\u00e9chaud CVH1525G 2 feux - Bantam","robots":{"index":"index","follow":"follow","max-snippet":"max-snippet:-1","max-image-preview":"max-image-preview:large","max-video-preview":"max-video-preview:-1"},"canonical":"https:\/\/shop.bantam.ch\/fr\/produit\/rechaud-cvh1525g-2-feux\/","og_locale":"fr_FR","og_type":"article","og_title":"R\u00e9chaud CVH1525G 2 feux - Bantam","og_description":"En route et \u00e0 l&rsquo;ext\u00e9rieur &#8211; et pourtant cuisiner comme \u00e0 la maison Ce r\u00e9chaud \u00e0 gaz pratique offre tout ce dont vous avez besoin &#8211; dans un espace r\u00e9duit. Deux br\u00fbleurs. Utilisation ergonomique. Allumage automatique (sans allumettes ni briquet). Lorsqu&rsquo;il n&rsquo;y a pas de casseroles sur la plaque de cuisson, le couvercle en verre [&hellip;]","og_url":"https:\/\/shop.bantam.ch\/fr\/produit\/rechaud-cvh1525g-2-feux\/","og_site_name":"Bantam","article_modified_time":"2026-04-28T21:52:03+00:00","twitter_card":"summary_large_image","schema":{"@context":"https:\/\/schema.org","@graph":[{"@type":"WebPage","@id":"https:\/\/shop.bantam.ch\/fr\/produit\/rechaud-cvh1525g-2-feux\/","url":"https:\/\/shop.bantam.ch\/fr\/produit\/rechaud-cvh1525g-2-feux\/","name":"R\u00e9chaud CVH1525G 2 feux - Bantam","isPartOf":{"@id":"https:\/\/shop.bantam.ch\/fr\/#website"},"primaryImageOfPage":{"@id":"https:\/\/shop.bantam.ch\/fr\/produit\/rechaud-cvh1525g-2-feux\/#primaryimage"},"image":{"@id":"https:\/\/shop.bantam.ch\/fr\/produit\/rechaud-cvh1525g-2-feux\/#primaryimage"},"thumbnailUrl":"https:\/\/shop.bantam.ch\/wp-content\/uploads\/2026\/01\/Movera-L-9975963100.jpg","datePublished":"2026-01-06T15:16:44+00:00","dateModified":"2026-04-28T21:52:03+00:00","breadcrumb":{"@id":"https:\/\/shop.bantam.ch\/fr\/produit\/rechaud-cvh1525g-2-feux\/#breadcrumb"},"inLanguage":"fr-FR","potentialAction":[{"@type":"ReadAction","target":["https:\/\/shop.bantam.ch\/fr\/produit\/rechaud-cvh1525g-2-feux\/"]}]},{"@type":"ImageObject","inLanguage":"fr-FR","@id":"https:\/\/shop.bantam.ch\/fr\/produit\/rechaud-cvh1525g-2-feux\/#primaryimage","url":"https:\/\/shop.bantam.ch\/wp-content\/uploads\/2026\/01\/Movera-L-9975963100.jpg","contentUrl":"https:\/\/shop.bantam.ch\/wp-content\/uploads\/2026\/01\/Movera-L-9975963100.jpg","width":640,"height":640},{"@type":"BreadcrumbList","@id":"https:\/\/shop.bantam.ch\/fr\/produit\/rechaud-cvh1525g-2-feux\/#breadcrumb","itemListElement":[{"@type":"ListItem","position":1,"name":"Accueil","item":"https:\/\/shop.bantam.ch\/fr\/"},{"@type":"ListItem","position":2,"name":"Boutique","item":"https:\/\/shop.bantam.ch\/fr\/boutique\/"},{"@type":"ListItem","position":3,"name":"R\u00e9chaud CVH1525G 2 feux"}]},{"@type":"WebSite","@id":"https:\/\/shop.bantam.ch\/fr\/#website","url":"https:\/\/shop.bantam.ch\/fr\/","name":"Bantam","description":"","publisher":{"@id":"https:\/\/shop.bantam.ch\/fr\/#organization"},"inLanguage":"fr-FR"},{"@type":"Organization","@id":"https:\/\/shop.bantam.ch\/fr\/#organization","name":"Bantam","url":"https:\/\/shop.bantam.ch\/fr\/","logo":{"@type":"ImageObject","inLanguage":"fr-FR","@id":"https:\/\/shop.bantam.ch\/fr\/#\/schema\/logo\/image\/","url":"https:\/\/shop.bantam.ch\/wp-content\/uploads\/2022\/12\/bantam-logo.png","contentUrl":"https:\/\/shop.bantam.ch\/wp-content\/uploads\/2022\/12\/bantam-logo.png","width":320,"height":71,"caption":"Bantam"},"image":{"@id":"https:\/\/shop.bantam.ch\/fr\/#\/schema\/logo\/image\/"}}]}},"_links":{"self":[{"href":"https:\/\/shop.bantam.ch\/fr\/wp-json\/wp\/v2\/product\/229306","targetHints":{"allow":["GET"]}}],"collection":[{"href":"https:\/\/shop.bantam.ch\/fr\/wp-json\/wp\/v2\/product"}],"about":[{"href":"https:\/\/shop.bantam.ch\/fr\/wp-json\/wp\/v2\/types\/product"}],"wp:featuredmedia":[{"embeddable":true,"href":"https:\/\/shop.bantam.ch\/fr\/wp-json\/wp\/v2\/media\/229304"}],"wp:attachment":[{"href":"https:\/\/shop.bantam.ch\/fr\/wp-json\/wp\/v2\/media?parent=229306"}],"wp:term":[{"taxonomy":"product_featured_cat","embeddable":true,"href":"https:\/\/shop.bantam.ch\/fr\/wp-json\/wp\/v2\/product_featured_cat?post=229306"},{"taxonomy":"product_brand","embeddable":true,"href":"https:\/\/shop.bantam.ch\/fr\/wp-json\/wp\/v2\/product_brand?post=229306"},{"taxonomy":"product_cat","embeddable":true,"href":"https:\/\/shop.bantam.ch\/fr\/wp-json\/wp\/v2\/product_cat?post=229306"},{"taxonomy":"product_tag","embeddable":true,"href":"https:\/\/shop.bantam.ch\/fr\/wp-json\/wp\/v2\/product_tag?post=229306"}],"curies":[{"name":"wp","href":"https:\/\/api.w.org\/{rel}","templated":true}]}}