{"id":229182,"date":"2026-01-06T16:13:54","date_gmt":"2026-01-06T15:13:54","guid":{"rendered":"https:\/\/shop.bantam.ch\/produit\/litiere-pour-toilettes-a-separation\/"},"modified":"2026-04-18T23:53:14","modified_gmt":"2026-04-18T21:53:14","slug":"litiere-pour-toilettes-a-separation","status":"publish","type":"product","link":"https:\/\/shop.bantam.ch\/fr\/produit\/litiere-pour-toilettes-a-separation\/","title":{"rendered":"Liti\u00e8re pour toilettes \u00e0 s\u00e9paration"},"content":{"rendered":"<p>Liti\u00e8re pour toilettes s\u00e8ches s\u00e9paratrices : naturelle et sans odeur<br \/>\nLa liti\u00e8re pour toilettes s\u00e9paratrices Trelino\u00ae en fibres de bois tendre* est la solution id\u00e9ale pour couvrir les mati\u00e8res solides dans tes toilettes s\u00e9paratrices. Ce produit de haute qualit\u00e9 est principalement fabriqu\u00e9 \u00e0 partir de bois d&rsquo;\u00e9pic\u00e9a et de sapin et se distingue par sa capacit\u00e9 d&rsquo;absorption particuli\u00e8rement \u00e9lev\u00e9e. Il convainc par une absorption optimale de l&rsquo;humidit\u00e9 et lie de mani\u00e8re naturelle et fiable les odeurs. La liti\u00e8re est facile \u00e0 doser, durable et enti\u00e8rement compostable. Un avantage particulier : la liti\u00e8re est un v\u00e9ritable softie. Gr\u00e2ce \u00e0 sa granulom\u00e9trie arrondie, il n&rsquo;y a pas de fibres pointues qui pourraient endommager le sac dans tes toilettes \u00e0 s\u00e9paration. Afin de minimiser la formation de poussi\u00e8re, le produit a \u00e9t\u00e9 soigneusement d\u00e9poussi\u00e9r\u00e9 avant d&rsquo;\u00eatre conditionn\u00e9. Pour une conservation optimale, nous recommandons un stockage au sec et au frais.<\/p>\n<p>*La mati\u00e8re premi\u00e8re utilis\u00e9e est un sous-produit de l&rsquo;industrie du sciage, aucun arbre n&rsquo;est abattu pour ce produit.<\/p>\n<p>Application :<br \/>\nPour saupoudrer les mati\u00e8res solides, verser environ 50 g de Trelino\u00ae- Liti\u00e8re sur les excr\u00e9ments jusqu&rsquo;\u00e0 ce qu&rsquo;ils soient bien recouverts.<\/p>\n","protected":false},"excerpt":{"rendered":"<p>Liti\u00e8re pour toilettes s\u00e8ches s\u00e9paratrices : naturelle et sans odeur La liti\u00e8re pour toilettes s\u00e9paratrices Trelino\u00ae en fibres de bois tendre* est la solution id\u00e9ale pour couvrir les mati\u00e8res solides dans tes toilettes s\u00e9paratrices. Ce produit de haute qualit\u00e9 est principalement fabriqu\u00e9 \u00e0 partir de bois d&rsquo;\u00e9pic\u00e9a et de sapin et se distingue par sa [&hellip;]<\/p>\n","protected":false},"featured_media":229178,"template":"","meta":{"_acf_changed":false},"product_featured_cat":[],"product_brand":[],"product_cat":[4107],"product_tag":[],"class_list":{"0":"post-229182","1":"product","2":"type-product","3":"status-publish","4":"has-post-thumbnail","6":"product_cat-accessoires-pour-toilettes-de-camping","8":"first","9":"instock","10":"taxable","11":"shipping-taxable","12":"purchasable","13":"product-type-simple"},"acf":[],"yoast_head":"<!-- This site is optimized with the Yoast SEO plugin v27.4 - https:\/\/yoast.com\/product\/yoast-seo-wordpress\/ -->\n<title>Liti\u00e8re pour toilettes \u00e0 s\u00e9paration - Bantam Wankm\u00fcller SA<\/title>\n<meta name=\"robots\" content=\"index, follow, max-snippet:-1, max-image-preview:large, max-video-preview:-1\" \/>\n<link rel=\"canonical\" href=\"https:\/\/shop.bantam.ch\/fr\/produit\/litiere-pour-toilettes-a-separation\/\" \/>\n<meta property=\"og:locale\" content=\"fr_FR\" \/>\n<meta property=\"og:type\" content=\"article\" \/>\n<meta property=\"og:title\" content=\"Liti\u00e8re pour toilettes \u00e0 s\u00e9paration - Bantam Wankm\u00fcller SA\" \/>\n<meta property=\"og:description\" content=\"Liti\u00e8re pour toilettes s\u00e8ches s\u00e9paratrices : naturelle et sans odeur La liti\u00e8re pour toilettes s\u00e9paratrices Trelino\u00ae en fibres de bois tendre* est la solution id\u00e9ale pour couvrir les mati\u00e8res solides dans tes toilettes s\u00e9paratrices. Ce produit de haute qualit\u00e9 est principalement fabriqu\u00e9 \u00e0 partir de bois d&rsquo;\u00e9pic\u00e9a et de sapin et se distingue par sa [&hellip;]\" \/>\n<meta property=\"og:url\" content=\"https:\/\/shop.bantam.ch\/fr\/produit\/litiere-pour-toilettes-a-separation\/\" \/>\n<meta property=\"og:site_name\" content=\"Bantam Wankm\u00fcller SA\" \/>\n<meta property=\"article:modified_time\" content=\"2026-04-18T21:53:14+00:00\" \/>\n<meta name=\"twitter:card\" content=\"summary_large_image\" \/>\n<meta name=\"twitter:label1\" content=\"Dur\u00e9e de lecture estim\u00e9e\" \/>\n\t<meta name=\"twitter:data1\" content=\"1 minute\" \/>\n<script type=\"application\/ld+json\" class=\"yoast-schema-graph\">{\"@context\":\"https:\\\/\\\/schema.org\",\"@graph\":[{\"@type\":\"WebPage\",\"@id\":\"https:\\\/\\\/shop.bantam.ch\\\/fr\\\/produit\\\/litiere-pour-toilettes-a-separation\\\/\",\"url\":\"https:\\\/\\\/shop.bantam.ch\\\/fr\\\/produit\\\/litiere-pour-toilettes-a-separation\\\/\",\"name\":\"Liti\u00e8re pour toilettes \u00e0 s\u00e9paration - Bantam Wankm\u00fcller SA\",\"isPartOf\":{\"@id\":\"https:\\\/\\\/shop.bantam.ch\\\/fr\\\/#website\"},\"primaryImageOfPage\":{\"@id\":\"https:\\\/\\\/shop.bantam.ch\\\/fr\\\/produit\\\/litiere-pour-toilettes-a-separation\\\/#primaryimage\"},\"image\":{\"@id\":\"https:\\\/\\\/shop.bantam.ch\\\/fr\\\/produit\\\/litiere-pour-toilettes-a-separation\\\/#primaryimage\"},\"thumbnailUrl\":\"https:\\\/\\\/shop.bantam.ch\\\/wp-content\\\/uploads\\\/2026\\\/01\\\/Movera-L-9975913100.jpg\",\"datePublished\":\"2026-01-06T15:13:54+00:00\",\"dateModified\":\"2026-04-18T21:53:14+00:00\",\"breadcrumb\":{\"@id\":\"https:\\\/\\\/shop.bantam.ch\\\/fr\\\/produit\\\/litiere-pour-toilettes-a-separation\\\/#breadcrumb\"},\"inLanguage\":\"fr-FR\",\"potentialAction\":[{\"@type\":\"ReadAction\",\"target\":[\"https:\\\/\\\/shop.bantam.ch\\\/fr\\\/produit\\\/litiere-pour-toilettes-a-separation\\\/\"]}]},{\"@type\":\"ImageObject\",\"inLanguage\":\"fr-FR\",\"@id\":\"https:\\\/\\\/shop.bantam.ch\\\/fr\\\/produit\\\/litiere-pour-toilettes-a-separation\\\/#primaryimage\",\"url\":\"https:\\\/\\\/shop.bantam.ch\\\/wp-content\\\/uploads\\\/2026\\\/01\\\/Movera-L-9975913100.jpg\",\"contentUrl\":\"https:\\\/\\\/shop.bantam.ch\\\/wp-content\\\/uploads\\\/2026\\\/01\\\/Movera-L-9975913100.jpg\",\"width\":640,\"height\":640},{\"@type\":\"BreadcrumbList\",\"@id\":\"https:\\\/\\\/shop.bantam.ch\\\/fr\\\/produit\\\/litiere-pour-toilettes-a-separation\\\/#breadcrumb\",\"itemListElement\":[{\"@type\":\"ListItem\",\"position\":1,\"name\":\"Accueil\",\"item\":\"https:\\\/\\\/shop.bantam.ch\\\/fr\\\/\"},{\"@type\":\"ListItem\",\"position\":2,\"name\":\"Boutique\",\"item\":\"https:\\\/\\\/shop.bantam.ch\\\/fr\\\/boutique\\\/\"},{\"@type\":\"ListItem\",\"position\":3,\"name\":\"Liti\u00e8re pour toilettes \u00e0 s\u00e9paration\"}]},{\"@type\":\"WebSite\",\"@id\":\"https:\\\/\\\/shop.bantam.ch\\\/fr\\\/#website\",\"url\":\"https:\\\/\\\/shop.bantam.ch\\\/fr\\\/\",\"name\":\"Bantam Wankm\u00fcller SA\",\"description\":\"\",\"publisher\":{\"@id\":\"https:\\\/\\\/shop.bantam.ch\\\/fr\\\/#organization\"},\"inLanguage\":\"fr-FR\"},{\"@type\":\"Organization\",\"@id\":\"https:\\\/\\\/shop.bantam.ch\\\/fr\\\/#organization\",\"name\":\"Bantam Wankm\u00fcller SA\",\"url\":\"https:\\\/\\\/shop.bantam.ch\\\/fr\\\/\",\"logo\":{\"@type\":\"ImageObject\",\"inLanguage\":\"fr-FR\",\"@id\":\"https:\\\/\\\/shop.bantam.ch\\\/fr\\\/#\\\/schema\\\/logo\\\/image\\\/\",\"url\":\"https:\\\/\\\/shop.bantam.ch\\\/wp-content\\\/uploads\\\/2022\\\/12\\\/bantam-logo.png\",\"contentUrl\":\"https:\\\/\\\/shop.bantam.ch\\\/wp-content\\\/uploads\\\/2022\\\/12\\\/bantam-logo.png\",\"width\":320,\"height\":71,\"caption\":\"Bantam Wankm\u00fcller SA\"},\"image\":{\"@id\":\"https:\\\/\\\/shop.bantam.ch\\\/fr\\\/#\\\/schema\\\/logo\\\/image\\\/\"}}]}<\/script>\n<!-- \/ Yoast SEO plugin. -->","yoast_head_json":{"title":"Liti\u00e8re pour toilettes \u00e0 s\u00e9paration - Bantam Wankm\u00fcller SA","robots":{"index":"index","follow":"follow","max-snippet":"max-snippet:-1","max-image-preview":"max-image-preview:large","max-video-preview":"max-video-preview:-1"},"canonical":"https:\/\/shop.bantam.ch\/fr\/produit\/litiere-pour-toilettes-a-separation\/","og_locale":"fr_FR","og_type":"article","og_title":"Liti\u00e8re pour toilettes \u00e0 s\u00e9paration - Bantam Wankm\u00fcller SA","og_description":"Liti\u00e8re pour toilettes s\u00e8ches s\u00e9paratrices : naturelle et sans odeur La liti\u00e8re pour toilettes s\u00e9paratrices Trelino\u00ae en fibres de bois tendre* est la solution id\u00e9ale pour couvrir les mati\u00e8res solides dans tes toilettes s\u00e9paratrices. Ce produit de haute qualit\u00e9 est principalement fabriqu\u00e9 \u00e0 partir de bois d&rsquo;\u00e9pic\u00e9a et de sapin et se distingue par sa [&hellip;]","og_url":"https:\/\/shop.bantam.ch\/fr\/produit\/litiere-pour-toilettes-a-separation\/","og_site_name":"Bantam Wankm\u00fcller SA","article_modified_time":"2026-04-18T21:53:14+00:00","twitter_card":"summary_large_image","twitter_misc":{"Dur\u00e9e de lecture estim\u00e9e":"1 minute"},"schema":{"@context":"https:\/\/schema.org","@graph":[{"@type":"WebPage","@id":"https:\/\/shop.bantam.ch\/fr\/produit\/litiere-pour-toilettes-a-separation\/","url":"https:\/\/shop.bantam.ch\/fr\/produit\/litiere-pour-toilettes-a-separation\/","name":"Liti\u00e8re pour toilettes \u00e0 s\u00e9paration - Bantam Wankm\u00fcller SA","isPartOf":{"@id":"https:\/\/shop.bantam.ch\/fr\/#website"},"primaryImageOfPage":{"@id":"https:\/\/shop.bantam.ch\/fr\/produit\/litiere-pour-toilettes-a-separation\/#primaryimage"},"image":{"@id":"https:\/\/shop.bantam.ch\/fr\/produit\/litiere-pour-toilettes-a-separation\/#primaryimage"},"thumbnailUrl":"https:\/\/shop.bantam.ch\/wp-content\/uploads\/2026\/01\/Movera-L-9975913100.jpg","datePublished":"2026-01-06T15:13:54+00:00","dateModified":"2026-04-18T21:53:14+00:00","breadcrumb":{"@id":"https:\/\/shop.bantam.ch\/fr\/produit\/litiere-pour-toilettes-a-separation\/#breadcrumb"},"inLanguage":"fr-FR","potentialAction":[{"@type":"ReadAction","target":["https:\/\/shop.bantam.ch\/fr\/produit\/litiere-pour-toilettes-a-separation\/"]}]},{"@type":"ImageObject","inLanguage":"fr-FR","@id":"https:\/\/shop.bantam.ch\/fr\/produit\/litiere-pour-toilettes-a-separation\/#primaryimage","url":"https:\/\/shop.bantam.ch\/wp-content\/uploads\/2026\/01\/Movera-L-9975913100.jpg","contentUrl":"https:\/\/shop.bantam.ch\/wp-content\/uploads\/2026\/01\/Movera-L-9975913100.jpg","width":640,"height":640},{"@type":"BreadcrumbList","@id":"https:\/\/shop.bantam.ch\/fr\/produit\/litiere-pour-toilettes-a-separation\/#breadcrumb","itemListElement":[{"@type":"ListItem","position":1,"name":"Accueil","item":"https:\/\/shop.bantam.ch\/fr\/"},{"@type":"ListItem","position":2,"name":"Boutique","item":"https:\/\/shop.bantam.ch\/fr\/boutique\/"},{"@type":"ListItem","position":3,"name":"Liti\u00e8re pour toilettes \u00e0 s\u00e9paration"}]},{"@type":"WebSite","@id":"https:\/\/shop.bantam.ch\/fr\/#website","url":"https:\/\/shop.bantam.ch\/fr\/","name":"Bantam Wankm\u00fcller SA","description":"","publisher":{"@id":"https:\/\/shop.bantam.ch\/fr\/#organization"},"inLanguage":"fr-FR"},{"@type":"Organization","@id":"https:\/\/shop.bantam.ch\/fr\/#organization","name":"Bantam Wankm\u00fcller SA","url":"https:\/\/shop.bantam.ch\/fr\/","logo":{"@type":"ImageObject","inLanguage":"fr-FR","@id":"https:\/\/shop.bantam.ch\/fr\/#\/schema\/logo\/image\/","url":"https:\/\/shop.bantam.ch\/wp-content\/uploads\/2022\/12\/bantam-logo.png","contentUrl":"https:\/\/shop.bantam.ch\/wp-content\/uploads\/2022\/12\/bantam-logo.png","width":320,"height":71,"caption":"Bantam Wankm\u00fcller SA"},"image":{"@id":"https:\/\/shop.bantam.ch\/fr\/#\/schema\/logo\/image\/"}}]}},"_links":{"self":[{"href":"https:\/\/shop.bantam.ch\/fr\/wp-json\/wp\/v2\/product\/229182","targetHints":{"allow":["GET"]}}],"collection":[{"href":"https:\/\/shop.bantam.ch\/fr\/wp-json\/wp\/v2\/product"}],"about":[{"href":"https:\/\/shop.bantam.ch\/fr\/wp-json\/wp\/v2\/types\/product"}],"wp:featuredmedia":[{"embeddable":true,"href":"https:\/\/shop.bantam.ch\/fr\/wp-json\/wp\/v2\/media\/229178"}],"wp:attachment":[{"href":"https:\/\/shop.bantam.ch\/fr\/wp-json\/wp\/v2\/media?parent=229182"}],"wp:term":[{"taxonomy":"product_featured_cat","embeddable":true,"href":"https:\/\/shop.bantam.ch\/fr\/wp-json\/wp\/v2\/product_featured_cat?post=229182"},{"taxonomy":"product_brand","embeddable":true,"href":"https:\/\/shop.bantam.ch\/fr\/wp-json\/wp\/v2\/product_brand?post=229182"},{"taxonomy":"product_cat","embeddable":true,"href":"https:\/\/shop.bantam.ch\/fr\/wp-json\/wp\/v2\/product_cat?post=229182"},{"taxonomy":"product_tag","embeddable":true,"href":"https:\/\/shop.bantam.ch\/fr\/wp-json\/wp\/v2\/product_tag?post=229182"}],"curies":[{"name":"wp","href":"https:\/\/api.w.org\/{rel}","templated":true}]}}