{"id":229156,"date":"2026-01-06T16:13:24","date_gmt":"2026-01-06T15:13:24","guid":{"rendered":"https:\/\/shop.bantam.ch\/produit\/toilettes-a-separation-origin-xs-anthracite\/"},"modified":"2026-04-19T23:56:46","modified_gmt":"2026-04-19T21:56:46","slug":"toilettes-a-separation-origin-xs-anthracite","status":"publish","type":"product","link":"https:\/\/shop.bantam.ch\/fr\/produit\/toilettes-a-separation-origin-xs-anthracite\/","title":{"rendered":"Toilettes \u00e0 s\u00e9paration Origin XS anthracite"},"content":{"rendered":"<p>Dimensions minimales, mobilit\u00e9 et robustesse maximales : l&rsquo;Origin XS est la plus petite toilette \u00e0 s\u00e9paration de la famille Trelino\u00ae. Elle se glisse dans de minuscules recoins comme le \u00ab\u00a0compartiment cuisine\u00a0\u00bb du VW California Ocean, peut \u00eatre emport\u00e9e partout et est polyvalente gr\u00e2ce \u00e0 sa robustesse. La Trelino\u00ae Origin XS ne p\u00e8se que 5,0 kg. Le corps en PE imperm\u00e9able de haute qualit\u00e9 n&rsquo;est que partiellement adapt\u00e9 \u00e0 une utilisation dans des environnements humides en raison du couvercle en bois. Sa conception sans couture et sans espace emp\u00eache les fuites et assure une protection fiable contre les m\u00e9saventures, m\u00eame en d\u00e9placement. La Trelino\u00ae Origin XS &#8211; Toilette \u00e0 s\u00e9paration est une toilette \u00e0 s\u00e9paration s\u00e8che stable, robuste et insensible qui t&rsquo;accompagne partout. Capacit\u00e9 de charge : 150 kg. La fabrication se fait exclusivement en Allemagne, dans le respect de normes sociales \u00e9lev\u00e9es.<\/p>\n","protected":false},"excerpt":{"rendered":"<p>Dimensions minimales, mobilit\u00e9 et robustesse maximales : l&rsquo;Origin XS est la plus petite toilette \u00e0 s\u00e9paration de la famille Trelino\u00ae. Elle se glisse dans de minuscules recoins comme le \u00ab\u00a0compartiment cuisine\u00a0\u00bb du VW California Ocean, peut \u00eatre emport\u00e9e partout et est polyvalente gr\u00e2ce \u00e0 sa robustesse. La Trelino\u00ae Origin XS ne p\u00e8se que 5,0 kg. [&hellip;]<\/p>\n","protected":false},"featured_media":229146,"template":"","meta":{"_acf_changed":false},"product_featured_cat":[],"product_brand":[],"product_cat":[4597],"product_tag":[],"class_list":{"0":"post-229156","1":"product","2":"type-product","3":"status-publish","4":"has-post-thumbnail","6":"product_cat-toilettes-separees","8":"first","9":"instock","10":"taxable","11":"shipping-taxable","12":"purchasable","13":"product-type-simple"},"acf":[],"yoast_head":"<!-- This site is optimized with the Yoast SEO plugin v27.4 - https:\/\/yoast.com\/product\/yoast-seo-wordpress\/ -->\n<title>Toilettes \u00e0 s\u00e9paration Origin XS anthracite - Bantam Wankm\u00fcller SA<\/title>\n<meta name=\"robots\" content=\"index, follow, max-snippet:-1, max-image-preview:large, max-video-preview:-1\" \/>\n<link rel=\"canonical\" href=\"https:\/\/shop.bantam.ch\/fr\/produit\/toilettes-a-separation-origin-xs-anthracite\/\" \/>\n<meta property=\"og:locale\" content=\"fr_FR\" \/>\n<meta property=\"og:type\" content=\"article\" \/>\n<meta property=\"og:title\" content=\"Toilettes \u00e0 s\u00e9paration Origin XS anthracite - Bantam Wankm\u00fcller SA\" \/>\n<meta property=\"og:description\" content=\"Dimensions minimales, mobilit\u00e9 et robustesse maximales : l&rsquo;Origin XS est la plus petite toilette \u00e0 s\u00e9paration de la famille Trelino\u00ae. Elle se glisse dans de minuscules recoins comme le \u00ab\u00a0compartiment cuisine\u00a0\u00bb du VW California Ocean, peut \u00eatre emport\u00e9e partout et est polyvalente gr\u00e2ce \u00e0 sa robustesse. La Trelino\u00ae Origin XS ne p\u00e8se que 5,0 kg. [&hellip;]\" \/>\n<meta property=\"og:url\" content=\"https:\/\/shop.bantam.ch\/fr\/produit\/toilettes-a-separation-origin-xs-anthracite\/\" \/>\n<meta property=\"og:site_name\" content=\"Bantam Wankm\u00fcller SA\" \/>\n<meta property=\"article:modified_time\" content=\"2026-04-19T21:56:46+00:00\" \/>\n<meta name=\"twitter:card\" content=\"summary_large_image\" \/>\n<meta name=\"twitter:label1\" content=\"Dur\u00e9e de lecture estim\u00e9e\" \/>\n\t<meta name=\"twitter:data1\" content=\"1 minute\" \/>\n<script type=\"application\/ld+json\" class=\"yoast-schema-graph\">{\"@context\":\"https:\\\/\\\/schema.org\",\"@graph\":[{\"@type\":\"WebPage\",\"@id\":\"https:\\\/\\\/shop.bantam.ch\\\/fr\\\/produit\\\/toilettes-a-separation-origin-xs-anthracite\\\/\",\"url\":\"https:\\\/\\\/shop.bantam.ch\\\/fr\\\/produit\\\/toilettes-a-separation-origin-xs-anthracite\\\/\",\"name\":\"Toilettes \u00e0 s\u00e9paration Origin XS anthracite - Bantam Wankm\u00fcller SA\",\"isPartOf\":{\"@id\":\"https:\\\/\\\/shop.bantam.ch\\\/fr\\\/#website\"},\"primaryImageOfPage\":{\"@id\":\"https:\\\/\\\/shop.bantam.ch\\\/fr\\\/produit\\\/toilettes-a-separation-origin-xs-anthracite\\\/#primaryimage\"},\"image\":{\"@id\":\"https:\\\/\\\/shop.bantam.ch\\\/fr\\\/produit\\\/toilettes-a-separation-origin-xs-anthracite\\\/#primaryimage\"},\"thumbnailUrl\":\"https:\\\/\\\/shop.bantam.ch\\\/wp-content\\\/uploads\\\/2026\\\/01\\\/Movera-L-9975912100.jpg\",\"datePublished\":\"2026-01-06T15:13:24+00:00\",\"dateModified\":\"2026-04-19T21:56:46+00:00\",\"breadcrumb\":{\"@id\":\"https:\\\/\\\/shop.bantam.ch\\\/fr\\\/produit\\\/toilettes-a-separation-origin-xs-anthracite\\\/#breadcrumb\"},\"inLanguage\":\"fr-FR\",\"potentialAction\":[{\"@type\":\"ReadAction\",\"target\":[\"https:\\\/\\\/shop.bantam.ch\\\/fr\\\/produit\\\/toilettes-a-separation-origin-xs-anthracite\\\/\"]}]},{\"@type\":\"ImageObject\",\"inLanguage\":\"fr-FR\",\"@id\":\"https:\\\/\\\/shop.bantam.ch\\\/fr\\\/produit\\\/toilettes-a-separation-origin-xs-anthracite\\\/#primaryimage\",\"url\":\"https:\\\/\\\/shop.bantam.ch\\\/wp-content\\\/uploads\\\/2026\\\/01\\\/Movera-L-9975912100.jpg\",\"contentUrl\":\"https:\\\/\\\/shop.bantam.ch\\\/wp-content\\\/uploads\\\/2026\\\/01\\\/Movera-L-9975912100.jpg\",\"width\":640,\"height\":640},{\"@type\":\"BreadcrumbList\",\"@id\":\"https:\\\/\\\/shop.bantam.ch\\\/fr\\\/produit\\\/toilettes-a-separation-origin-xs-anthracite\\\/#breadcrumb\",\"itemListElement\":[{\"@type\":\"ListItem\",\"position\":1,\"name\":\"Accueil\",\"item\":\"https:\\\/\\\/shop.bantam.ch\\\/fr\\\/\"},{\"@type\":\"ListItem\",\"position\":2,\"name\":\"Boutique\",\"item\":\"https:\\\/\\\/shop.bantam.ch\\\/fr\\\/boutique\\\/\"},{\"@type\":\"ListItem\",\"position\":3,\"name\":\"Toilettes \u00e0 s\u00e9paration Origin XS anthracite\"}]},{\"@type\":\"WebSite\",\"@id\":\"https:\\\/\\\/shop.bantam.ch\\\/fr\\\/#website\",\"url\":\"https:\\\/\\\/shop.bantam.ch\\\/fr\\\/\",\"name\":\"Bantam Wankm\u00fcller SA\",\"description\":\"\",\"publisher\":{\"@id\":\"https:\\\/\\\/shop.bantam.ch\\\/fr\\\/#organization\"},\"inLanguage\":\"fr-FR\"},{\"@type\":\"Organization\",\"@id\":\"https:\\\/\\\/shop.bantam.ch\\\/fr\\\/#organization\",\"name\":\"Bantam Wankm\u00fcller SA\",\"url\":\"https:\\\/\\\/shop.bantam.ch\\\/fr\\\/\",\"logo\":{\"@type\":\"ImageObject\",\"inLanguage\":\"fr-FR\",\"@id\":\"https:\\\/\\\/shop.bantam.ch\\\/fr\\\/#\\\/schema\\\/logo\\\/image\\\/\",\"url\":\"https:\\\/\\\/shop.bantam.ch\\\/wp-content\\\/uploads\\\/2022\\\/12\\\/bantam-logo.png\",\"contentUrl\":\"https:\\\/\\\/shop.bantam.ch\\\/wp-content\\\/uploads\\\/2022\\\/12\\\/bantam-logo.png\",\"width\":320,\"height\":71,\"caption\":\"Bantam Wankm\u00fcller SA\"},\"image\":{\"@id\":\"https:\\\/\\\/shop.bantam.ch\\\/fr\\\/#\\\/schema\\\/logo\\\/image\\\/\"}}]}<\/script>\n<!-- \/ Yoast SEO plugin. -->","yoast_head_json":{"title":"Toilettes \u00e0 s\u00e9paration Origin XS anthracite - Bantam Wankm\u00fcller SA","robots":{"index":"index","follow":"follow","max-snippet":"max-snippet:-1","max-image-preview":"max-image-preview:large","max-video-preview":"max-video-preview:-1"},"canonical":"https:\/\/shop.bantam.ch\/fr\/produit\/toilettes-a-separation-origin-xs-anthracite\/","og_locale":"fr_FR","og_type":"article","og_title":"Toilettes \u00e0 s\u00e9paration Origin XS anthracite - Bantam Wankm\u00fcller SA","og_description":"Dimensions minimales, mobilit\u00e9 et robustesse maximales : l&rsquo;Origin XS est la plus petite toilette \u00e0 s\u00e9paration de la famille Trelino\u00ae. Elle se glisse dans de minuscules recoins comme le \u00ab\u00a0compartiment cuisine\u00a0\u00bb du VW California Ocean, peut \u00eatre emport\u00e9e partout et est polyvalente gr\u00e2ce \u00e0 sa robustesse. La Trelino\u00ae Origin XS ne p\u00e8se que 5,0 kg. [&hellip;]","og_url":"https:\/\/shop.bantam.ch\/fr\/produit\/toilettes-a-separation-origin-xs-anthracite\/","og_site_name":"Bantam Wankm\u00fcller SA","article_modified_time":"2026-04-19T21:56:46+00:00","twitter_card":"summary_large_image","twitter_misc":{"Dur\u00e9e de lecture estim\u00e9e":"1 minute"},"schema":{"@context":"https:\/\/schema.org","@graph":[{"@type":"WebPage","@id":"https:\/\/shop.bantam.ch\/fr\/produit\/toilettes-a-separation-origin-xs-anthracite\/","url":"https:\/\/shop.bantam.ch\/fr\/produit\/toilettes-a-separation-origin-xs-anthracite\/","name":"Toilettes \u00e0 s\u00e9paration Origin XS anthracite - Bantam Wankm\u00fcller SA","isPartOf":{"@id":"https:\/\/shop.bantam.ch\/fr\/#website"},"primaryImageOfPage":{"@id":"https:\/\/shop.bantam.ch\/fr\/produit\/toilettes-a-separation-origin-xs-anthracite\/#primaryimage"},"image":{"@id":"https:\/\/shop.bantam.ch\/fr\/produit\/toilettes-a-separation-origin-xs-anthracite\/#primaryimage"},"thumbnailUrl":"https:\/\/shop.bantam.ch\/wp-content\/uploads\/2026\/01\/Movera-L-9975912100.jpg","datePublished":"2026-01-06T15:13:24+00:00","dateModified":"2026-04-19T21:56:46+00:00","breadcrumb":{"@id":"https:\/\/shop.bantam.ch\/fr\/produit\/toilettes-a-separation-origin-xs-anthracite\/#breadcrumb"},"inLanguage":"fr-FR","potentialAction":[{"@type":"ReadAction","target":["https:\/\/shop.bantam.ch\/fr\/produit\/toilettes-a-separation-origin-xs-anthracite\/"]}]},{"@type":"ImageObject","inLanguage":"fr-FR","@id":"https:\/\/shop.bantam.ch\/fr\/produit\/toilettes-a-separation-origin-xs-anthracite\/#primaryimage","url":"https:\/\/shop.bantam.ch\/wp-content\/uploads\/2026\/01\/Movera-L-9975912100.jpg","contentUrl":"https:\/\/shop.bantam.ch\/wp-content\/uploads\/2026\/01\/Movera-L-9975912100.jpg","width":640,"height":640},{"@type":"BreadcrumbList","@id":"https:\/\/shop.bantam.ch\/fr\/produit\/toilettes-a-separation-origin-xs-anthracite\/#breadcrumb","itemListElement":[{"@type":"ListItem","position":1,"name":"Accueil","item":"https:\/\/shop.bantam.ch\/fr\/"},{"@type":"ListItem","position":2,"name":"Boutique","item":"https:\/\/shop.bantam.ch\/fr\/boutique\/"},{"@type":"ListItem","position":3,"name":"Toilettes \u00e0 s\u00e9paration Origin XS anthracite"}]},{"@type":"WebSite","@id":"https:\/\/shop.bantam.ch\/fr\/#website","url":"https:\/\/shop.bantam.ch\/fr\/","name":"Bantam Wankm\u00fcller SA","description":"","publisher":{"@id":"https:\/\/shop.bantam.ch\/fr\/#organization"},"inLanguage":"fr-FR"},{"@type":"Organization","@id":"https:\/\/shop.bantam.ch\/fr\/#organization","name":"Bantam Wankm\u00fcller SA","url":"https:\/\/shop.bantam.ch\/fr\/","logo":{"@type":"ImageObject","inLanguage":"fr-FR","@id":"https:\/\/shop.bantam.ch\/fr\/#\/schema\/logo\/image\/","url":"https:\/\/shop.bantam.ch\/wp-content\/uploads\/2022\/12\/bantam-logo.png","contentUrl":"https:\/\/shop.bantam.ch\/wp-content\/uploads\/2022\/12\/bantam-logo.png","width":320,"height":71,"caption":"Bantam Wankm\u00fcller SA"},"image":{"@id":"https:\/\/shop.bantam.ch\/fr\/#\/schema\/logo\/image\/"}}]}},"_links":{"self":[{"href":"https:\/\/shop.bantam.ch\/fr\/wp-json\/wp\/v2\/product\/229156","targetHints":{"allow":["GET"]}}],"collection":[{"href":"https:\/\/shop.bantam.ch\/fr\/wp-json\/wp\/v2\/product"}],"about":[{"href":"https:\/\/shop.bantam.ch\/fr\/wp-json\/wp\/v2\/types\/product"}],"wp:featuredmedia":[{"embeddable":true,"href":"https:\/\/shop.bantam.ch\/fr\/wp-json\/wp\/v2\/media\/229146"}],"wp:attachment":[{"href":"https:\/\/shop.bantam.ch\/fr\/wp-json\/wp\/v2\/media?parent=229156"}],"wp:term":[{"taxonomy":"product_featured_cat","embeddable":true,"href":"https:\/\/shop.bantam.ch\/fr\/wp-json\/wp\/v2\/product_featured_cat?post=229156"},{"taxonomy":"product_brand","embeddable":true,"href":"https:\/\/shop.bantam.ch\/fr\/wp-json\/wp\/v2\/product_brand?post=229156"},{"taxonomy":"product_cat","embeddable":true,"href":"https:\/\/shop.bantam.ch\/fr\/wp-json\/wp\/v2\/product_cat?post=229156"},{"taxonomy":"product_tag","embeddable":true,"href":"https:\/\/shop.bantam.ch\/fr\/wp-json\/wp\/v2\/product_tag?post=229156"}],"curies":[{"name":"wp","href":"https:\/\/api.w.org\/{rel}","templated":true}]}}