{"id":229112,"date":"2026-01-06T16:12:29","date_gmt":"2026-01-06T15:12:29","guid":{"rendered":"https:\/\/shop.bantam.ch\/produit\/quipon-fenetre-s4\/"},"modified":"2026-04-22T02:35:03","modified_gmt":"2026-04-22T00:35:03","slug":"quipon-fenetre-s4","status":"publish","type":"product","link":"https:\/\/shop.bantam.ch\/fr\/produit\/quipon-fenetre-s4\/","title":{"rendered":"Quipon fen\u00eatre (S4)"},"content":{"rendered":"<p>Fen\u00eatre Quipon VIEW \u2013 La combinaison parfaite entre design et fonctionnalit\u00e9<br \/>\nLa fen\u00eatre Quipon VIEW est la solution id\u00e9ale pour les camping-cars et caravanes, offrant des fen\u00eatres lat\u00e9rales de haute qualit\u00e9, fonctionnelles et esth\u00e9tiques. Ces fen\u00eatres se distinguent par leur finition exceptionnelle et leur conception intuitive et conviviale.<br \/>\nLe store occultant int\u00e9gr\u00e9, recouvert d\u2019aluminium, vous permet de pr\u00e9server votre intimit\u00e9 de mani\u00e8re optimale. En m\u00eame temps, la moustiquaire pratique vous garantit une a\u00e9ration agr\u00e9able sans \u00eatre d\u00e9rang\u00e9 par les insectes. Les deux \u00e9l\u00e9ments se r\u00e8glent facilement et confortablement d\u2019une seule main.<br \/>\nGr\u00e2ce au double vitrage acrylique et \u00e0 son cadre robuste en polyur\u00e9thane, la fen\u00eatre Quipon VIEW offre une isolation exceptionnelle. Cette conception respecte les normes d\u2019isolation thermique \u00e9lev\u00e9es des b\u00e2timents r\u00e9sidentiels. De plus, la construction robuste renforc\u00e9e par de l\u2019acier emp\u00eache toute d\u00e9formation et \u00e9limine les ponts thermiques.<br \/>\nUn autre point fort est constitu\u00e9 par les charni\u00e8res \u00e0 friction de haute qualit\u00e9, qui permettent d\u2019ouvrir et de fixer la fen\u00eatre dans presque toutes les positions \u2013 id\u00e9al pour ajuster la ventilation selon vos besoins. Un syst\u00e8me de verrouillage s\u00e9curis\u00e9 emp\u00eache toute ouverture non autoris\u00e9e depuis l\u2019ext\u00e9rieur.<br \/>\nLa fen\u00eatre Quipon VIEW est livr\u00e9e pr\u00e9assembl\u00e9e, ce qui facilite et acc\u00e9l\u00e8re consid\u00e9rablement son installation. Avec son cadre int\u00e9rieur blanc cr\u00e8me, elle s\u2019int\u00e8gre harmonieusement dans le design de votre v\u00e9hicule et se distingue par son style, sa fonctionnalit\u00e9 et sa fiabilit\u00e9.<br \/>\nPrincipaux avantages en un coup d&rsquo;\u0153il:<\/p>\n<ul>\n<li>Double vitrage acrylique et cadre en polyur\u00e9thane pour une excellente isolation<\/li>\n<li>Store occultant int\u00e9gr\u00e9 recouvert d\u2019aluminium<\/li>\n<li>Moustiquaire int\u00e9gr\u00e9e pour une a\u00e9ration sans insectes<\/li>\n<li>Charni\u00e8res \u00e0 friction pour une ouverture et une fixation flexibles<\/li>\n<li>Syst\u00e8me de verrouillage s\u00e9curis\u00e9 contre les ouvertures non autoris\u00e9es<\/li>\n<li>Fen\u00eatre pr\u00e9assembl\u00e9e pour une installation rapide et facile<\/li>\n<li>Cadre int\u00e9rieur blanc cr\u00e8me pour une apparence harmonieuse<\/li>\n<li>Isolation thermique optimis\u00e9e conforme aux normes des b\u00e2timents r\u00e9sidentiels<\/li>\n<\/ul>\n","protected":false},"excerpt":{"rendered":"<p>Fen\u00eatre Quipon VIEW \u2013 La combinaison parfaite entre design et fonctionnalit\u00e9 La fen\u00eatre Quipon VIEW est la solution id\u00e9ale pour les camping-cars et caravanes, offrant des fen\u00eatres lat\u00e9rales de haute qualit\u00e9, fonctionnelles et esth\u00e9tiques. Ces fen\u00eatres se distinguent par leur finition exceptionnelle et leur conception intuitive et conviviale. Le store occultant int\u00e9gr\u00e9, recouvert d\u2019aluminium, vous [&hellip;]<\/p>\n","protected":false},"featured_media":229102,"template":"","meta":{"_acf_changed":false},"product_featured_cat":[],"product_brand":[],"product_cat":[4143],"product_tag":[],"class_list":{"0":"post-229112","1":"product","2":"type-product","3":"status-publish","4":"has-post-thumbnail","6":"product_cat-fenetres-et-stores-occultants","8":"first","9":"instock","10":"taxable","11":"shipping-taxable","12":"purchasable","13":"product-type-variable"},"acf":[],"yoast_head":"<!-- This site is optimized with the Yoast SEO plugin v27.4 - https:\/\/yoast.com\/product\/yoast-seo-wordpress\/ -->\n<title>Quipon fen\u00eatre (S4) - Bantam Wankm\u00fcller SA<\/title>\n<meta name=\"robots\" content=\"index, follow, max-snippet:-1, max-image-preview:large, max-video-preview:-1\" \/>\n<link rel=\"canonical\" href=\"https:\/\/shop.bantam.ch\/fr\/produit\/quipon-fenetre-s4\/\" \/>\n<meta property=\"og:locale\" content=\"fr_FR\" \/>\n<meta property=\"og:type\" content=\"article\" \/>\n<meta property=\"og:title\" content=\"Quipon fen\u00eatre (S4) - Bantam Wankm\u00fcller SA\" \/>\n<meta property=\"og:description\" content=\"Fen\u00eatre Quipon VIEW \u2013 La combinaison parfaite entre design et fonctionnalit\u00e9 La fen\u00eatre Quipon VIEW est la solution id\u00e9ale pour les camping-cars et caravanes, offrant des fen\u00eatres lat\u00e9rales de haute qualit\u00e9, fonctionnelles et esth\u00e9tiques. Ces fen\u00eatres se distinguent par leur finition exceptionnelle et leur conception intuitive et conviviale. Le store occultant int\u00e9gr\u00e9, recouvert d\u2019aluminium, vous [&hellip;]\" \/>\n<meta property=\"og:url\" content=\"https:\/\/shop.bantam.ch\/fr\/produit\/quipon-fenetre-s4\/\" \/>\n<meta property=\"og:site_name\" content=\"Bantam Wankm\u00fcller SA\" \/>\n<meta property=\"article:modified_time\" content=\"2026-04-22T00:35:03+00:00\" \/>\n<meta name=\"twitter:card\" content=\"summary_large_image\" \/>\n<meta name=\"twitter:label1\" content=\"Dur\u00e9e de lecture estim\u00e9e\" \/>\n\t<meta name=\"twitter:data1\" content=\"2 minutes\" \/>\n<script type=\"application\/ld+json\" class=\"yoast-schema-graph\">{\"@context\":\"https:\\\/\\\/schema.org\",\"@graph\":[{\"@type\":\"WebPage\",\"@id\":\"https:\\\/\\\/shop.bantam.ch\\\/fr\\\/produit\\\/quipon-fenetre-s4\\\/\",\"url\":\"https:\\\/\\\/shop.bantam.ch\\\/fr\\\/produit\\\/quipon-fenetre-s4\\\/\",\"name\":\"Quipon fen\u00eatre (S4) - Bantam Wankm\u00fcller SA\",\"isPartOf\":{\"@id\":\"https:\\\/\\\/shop.bantam.ch\\\/fr\\\/#website\"},\"primaryImageOfPage\":{\"@id\":\"https:\\\/\\\/shop.bantam.ch\\\/fr\\\/produit\\\/quipon-fenetre-s4\\\/#primaryimage\"},\"image\":{\"@id\":\"https:\\\/\\\/shop.bantam.ch\\\/fr\\\/produit\\\/quipon-fenetre-s4\\\/#primaryimage\"},\"thumbnailUrl\":\"https:\\\/\\\/shop.bantam.ch\\\/wp-content\\\/uploads\\\/2026\\\/01\\\/Movera-L-9971532100.jpg\",\"datePublished\":\"2026-01-06T15:12:29+00:00\",\"dateModified\":\"2026-04-22T00:35:03+00:00\",\"breadcrumb\":{\"@id\":\"https:\\\/\\\/shop.bantam.ch\\\/fr\\\/produit\\\/quipon-fenetre-s4\\\/#breadcrumb\"},\"inLanguage\":\"fr-FR\",\"potentialAction\":[{\"@type\":\"ReadAction\",\"target\":[\"https:\\\/\\\/shop.bantam.ch\\\/fr\\\/produit\\\/quipon-fenetre-s4\\\/\"]}]},{\"@type\":\"ImageObject\",\"inLanguage\":\"fr-FR\",\"@id\":\"https:\\\/\\\/shop.bantam.ch\\\/fr\\\/produit\\\/quipon-fenetre-s4\\\/#primaryimage\",\"url\":\"https:\\\/\\\/shop.bantam.ch\\\/wp-content\\\/uploads\\\/2026\\\/01\\\/Movera-L-9971532100.jpg\",\"contentUrl\":\"https:\\\/\\\/shop.bantam.ch\\\/wp-content\\\/uploads\\\/2026\\\/01\\\/Movera-L-9971532100.jpg\",\"width\":640,\"height\":427},{\"@type\":\"BreadcrumbList\",\"@id\":\"https:\\\/\\\/shop.bantam.ch\\\/fr\\\/produit\\\/quipon-fenetre-s4\\\/#breadcrumb\",\"itemListElement\":[{\"@type\":\"ListItem\",\"position\":1,\"name\":\"Accueil\",\"item\":\"https:\\\/\\\/shop.bantam.ch\\\/fr\\\/\"},{\"@type\":\"ListItem\",\"position\":2,\"name\":\"Boutique\",\"item\":\"https:\\\/\\\/shop.bantam.ch\\\/fr\\\/boutique\\\/\"},{\"@type\":\"ListItem\",\"position\":3,\"name\":\"Quipon fen\u00eatre (S4)\"}]},{\"@type\":\"WebSite\",\"@id\":\"https:\\\/\\\/shop.bantam.ch\\\/fr\\\/#website\",\"url\":\"https:\\\/\\\/shop.bantam.ch\\\/fr\\\/\",\"name\":\"Bantam Wankm\u00fcller SA\",\"description\":\"\",\"publisher\":{\"@id\":\"https:\\\/\\\/shop.bantam.ch\\\/fr\\\/#organization\"},\"inLanguage\":\"fr-FR\"},{\"@type\":\"Organization\",\"@id\":\"https:\\\/\\\/shop.bantam.ch\\\/fr\\\/#organization\",\"name\":\"Bantam Wankm\u00fcller SA\",\"url\":\"https:\\\/\\\/shop.bantam.ch\\\/fr\\\/\",\"logo\":{\"@type\":\"ImageObject\",\"inLanguage\":\"fr-FR\",\"@id\":\"https:\\\/\\\/shop.bantam.ch\\\/fr\\\/#\\\/schema\\\/logo\\\/image\\\/\",\"url\":\"https:\\\/\\\/shop.bantam.ch\\\/wp-content\\\/uploads\\\/2022\\\/12\\\/bantam-logo.png\",\"contentUrl\":\"https:\\\/\\\/shop.bantam.ch\\\/wp-content\\\/uploads\\\/2022\\\/12\\\/bantam-logo.png\",\"width\":320,\"height\":71,\"caption\":\"Bantam Wankm\u00fcller SA\"},\"image\":{\"@id\":\"https:\\\/\\\/shop.bantam.ch\\\/fr\\\/#\\\/schema\\\/logo\\\/image\\\/\"}}]}<\/script>\n<!-- \/ Yoast SEO plugin. -->","yoast_head_json":{"title":"Quipon fen\u00eatre (S4) - Bantam Wankm\u00fcller SA","robots":{"index":"index","follow":"follow","max-snippet":"max-snippet:-1","max-image-preview":"max-image-preview:large","max-video-preview":"max-video-preview:-1"},"canonical":"https:\/\/shop.bantam.ch\/fr\/produit\/quipon-fenetre-s4\/","og_locale":"fr_FR","og_type":"article","og_title":"Quipon fen\u00eatre (S4) - Bantam Wankm\u00fcller SA","og_description":"Fen\u00eatre Quipon VIEW \u2013 La combinaison parfaite entre design et fonctionnalit\u00e9 La fen\u00eatre Quipon VIEW est la solution id\u00e9ale pour les camping-cars et caravanes, offrant des fen\u00eatres lat\u00e9rales de haute qualit\u00e9, fonctionnelles et esth\u00e9tiques. Ces fen\u00eatres se distinguent par leur finition exceptionnelle et leur conception intuitive et conviviale. Le store occultant int\u00e9gr\u00e9, recouvert d\u2019aluminium, vous [&hellip;]","og_url":"https:\/\/shop.bantam.ch\/fr\/produit\/quipon-fenetre-s4\/","og_site_name":"Bantam Wankm\u00fcller SA","article_modified_time":"2026-04-22T00:35:03+00:00","twitter_card":"summary_large_image","twitter_misc":{"Dur\u00e9e de lecture estim\u00e9e":"2 minutes"},"schema":{"@context":"https:\/\/schema.org","@graph":[{"@type":"WebPage","@id":"https:\/\/shop.bantam.ch\/fr\/produit\/quipon-fenetre-s4\/","url":"https:\/\/shop.bantam.ch\/fr\/produit\/quipon-fenetre-s4\/","name":"Quipon fen\u00eatre (S4) - Bantam Wankm\u00fcller SA","isPartOf":{"@id":"https:\/\/shop.bantam.ch\/fr\/#website"},"primaryImageOfPage":{"@id":"https:\/\/shop.bantam.ch\/fr\/produit\/quipon-fenetre-s4\/#primaryimage"},"image":{"@id":"https:\/\/shop.bantam.ch\/fr\/produit\/quipon-fenetre-s4\/#primaryimage"},"thumbnailUrl":"https:\/\/shop.bantam.ch\/wp-content\/uploads\/2026\/01\/Movera-L-9971532100.jpg","datePublished":"2026-01-06T15:12:29+00:00","dateModified":"2026-04-22T00:35:03+00:00","breadcrumb":{"@id":"https:\/\/shop.bantam.ch\/fr\/produit\/quipon-fenetre-s4\/#breadcrumb"},"inLanguage":"fr-FR","potentialAction":[{"@type":"ReadAction","target":["https:\/\/shop.bantam.ch\/fr\/produit\/quipon-fenetre-s4\/"]}]},{"@type":"ImageObject","inLanguage":"fr-FR","@id":"https:\/\/shop.bantam.ch\/fr\/produit\/quipon-fenetre-s4\/#primaryimage","url":"https:\/\/shop.bantam.ch\/wp-content\/uploads\/2026\/01\/Movera-L-9971532100.jpg","contentUrl":"https:\/\/shop.bantam.ch\/wp-content\/uploads\/2026\/01\/Movera-L-9971532100.jpg","width":640,"height":427},{"@type":"BreadcrumbList","@id":"https:\/\/shop.bantam.ch\/fr\/produit\/quipon-fenetre-s4\/#breadcrumb","itemListElement":[{"@type":"ListItem","position":1,"name":"Accueil","item":"https:\/\/shop.bantam.ch\/fr\/"},{"@type":"ListItem","position":2,"name":"Boutique","item":"https:\/\/shop.bantam.ch\/fr\/boutique\/"},{"@type":"ListItem","position":3,"name":"Quipon fen\u00eatre (S4)"}]},{"@type":"WebSite","@id":"https:\/\/shop.bantam.ch\/fr\/#website","url":"https:\/\/shop.bantam.ch\/fr\/","name":"Bantam Wankm\u00fcller SA","description":"","publisher":{"@id":"https:\/\/shop.bantam.ch\/fr\/#organization"},"inLanguage":"fr-FR"},{"@type":"Organization","@id":"https:\/\/shop.bantam.ch\/fr\/#organization","name":"Bantam Wankm\u00fcller SA","url":"https:\/\/shop.bantam.ch\/fr\/","logo":{"@type":"ImageObject","inLanguage":"fr-FR","@id":"https:\/\/shop.bantam.ch\/fr\/#\/schema\/logo\/image\/","url":"https:\/\/shop.bantam.ch\/wp-content\/uploads\/2022\/12\/bantam-logo.png","contentUrl":"https:\/\/shop.bantam.ch\/wp-content\/uploads\/2022\/12\/bantam-logo.png","width":320,"height":71,"caption":"Bantam Wankm\u00fcller SA"},"image":{"@id":"https:\/\/shop.bantam.ch\/fr\/#\/schema\/logo\/image\/"}}]}},"_links":{"self":[{"href":"https:\/\/shop.bantam.ch\/fr\/wp-json\/wp\/v2\/product\/229112","targetHints":{"allow":["GET"]}}],"collection":[{"href":"https:\/\/shop.bantam.ch\/fr\/wp-json\/wp\/v2\/product"}],"about":[{"href":"https:\/\/shop.bantam.ch\/fr\/wp-json\/wp\/v2\/types\/product"}],"wp:featuredmedia":[{"embeddable":true,"href":"https:\/\/shop.bantam.ch\/fr\/wp-json\/wp\/v2\/media\/229102"}],"wp:attachment":[{"href":"https:\/\/shop.bantam.ch\/fr\/wp-json\/wp\/v2\/media?parent=229112"}],"wp:term":[{"taxonomy":"product_featured_cat","embeddable":true,"href":"https:\/\/shop.bantam.ch\/fr\/wp-json\/wp\/v2\/product_featured_cat?post=229112"},{"taxonomy":"product_brand","embeddable":true,"href":"https:\/\/shop.bantam.ch\/fr\/wp-json\/wp\/v2\/product_brand?post=229112"},{"taxonomy":"product_cat","embeddable":true,"href":"https:\/\/shop.bantam.ch\/fr\/wp-json\/wp\/v2\/product_cat?post=229112"},{"taxonomy":"product_tag","embeddable":true,"href":"https:\/\/shop.bantam.ch\/fr\/wp-json\/wp\/v2\/product_tag?post=229112"}],"curies":[{"name":"wp","href":"https:\/\/api.w.org\/{rel}","templated":true}]}}