{"id":229036,"date":"2026-01-06T16:11:16","date_gmt":"2026-01-06T15:11:16","guid":{"rendered":"https:\/\/shop.bantam.ch\/produit\/table-de-camping-industrial-melrose-120x80-cm-noir-avec-finition-bois\/"},"modified":"2026-04-17T23:49:32","modified_gmt":"2026-04-17T21:49:32","slug":"table-de-camping-industrial-melrose-120x80-cm-noir-avec-finition-bois","status":"publish","type":"product","link":"https:\/\/shop.bantam.ch\/fr\/produit\/table-de-camping-industrial-melrose-120x80-cm-noir-avec-finition-bois\/","title":{"rendered":"Table de camping Industrial Melrose 120&#215;80 cm Noir avec finition bois"},"content":{"rendered":"<p><!--StartFragment -->Une table \u00e9l\u00e9gante en aluminium au look industriel avec un plateau de table en imitation bois. Des vis de r\u00e9glage permettent d&rsquo;adapter les pieds de la table aux surfaces irr\u00e9guli\u00e8res. Les pieds sont r\u00e9glables \u00e0 deux hauteurs diff\u00e9rentes (37\/70 cm). De plus, gr\u00e2ce aux pieds amovibles et au plateau divisible, la table peut \u00eatre rang\u00e9e de mani\u00e8re tr\u00e8s compacte comme un mod\u00e8le de valise. En outre, la table est \u00e9quip\u00e9e d&rsquo;un filet sous le plateau en MDF pour ranger des objets et d&rsquo;une poign\u00e9e pour faciliter le transport.<!--EndFragment --><\/p>\n<ul>\n<li><!--StartFragment -->Pli\u00e9e (L x l x H) : 80 x 7 x 60,5 cm<!--EndFragment --><\/li>\n<\/ul>\n","protected":false},"excerpt":{"rendered":"<p>Une table \u00e9l\u00e9gante en aluminium au look industriel avec un plateau de table en imitation bois. Des vis de r\u00e9glage permettent d&rsquo;adapter les pieds de la table aux surfaces irr\u00e9guli\u00e8res. Les pieds sont r\u00e9glables \u00e0 deux hauteurs diff\u00e9rentes (37\/70 cm). De plus, gr\u00e2ce aux pieds amovibles et au plateau divisible, la table peut \u00eatre rang\u00e9e [&hellip;]<\/p>\n","protected":false},"featured_media":229026,"template":"","meta":{"_acf_changed":false},"product_featured_cat":[],"product_brand":[],"product_cat":[4053],"product_tag":[],"class_list":{"0":"post-229036","1":"product","2":"type-product","3":"status-publish","4":"has-post-thumbnail","6":"product_cat-tables-de-camping","8":"first","9":"instock","10":"taxable","11":"shipping-taxable","12":"purchasable","13":"product-type-simple"},"acf":[],"yoast_head":"<!-- This site is optimized with the Yoast SEO plugin v27.4 - https:\/\/yoast.com\/product\/yoast-seo-wordpress\/ -->\n<title>Table de camping Industrial Melrose 120x80 cm Noir avec finition bois - Bantam Wankm\u00fcller SA<\/title>\n<meta name=\"robots\" content=\"index, follow, max-snippet:-1, max-image-preview:large, max-video-preview:-1\" \/>\n<link rel=\"canonical\" href=\"https:\/\/shop.bantam.ch\/fr\/produit\/table-de-camping-industrial-melrose-120x80-cm-noir-avec-finition-bois\/\" \/>\n<meta property=\"og:locale\" content=\"fr_FR\" \/>\n<meta property=\"og:type\" content=\"article\" \/>\n<meta property=\"og:title\" content=\"Table de camping Industrial Melrose 120x80 cm Noir avec finition bois - Bantam Wankm\u00fcller SA\" \/>\n<meta property=\"og:description\" content=\"Une table \u00e9l\u00e9gante en aluminium au look industriel avec un plateau de table en imitation bois. Des vis de r\u00e9glage permettent d&rsquo;adapter les pieds de la table aux surfaces irr\u00e9guli\u00e8res. Les pieds sont r\u00e9glables \u00e0 deux hauteurs diff\u00e9rentes (37\/70 cm). De plus, gr\u00e2ce aux pieds amovibles et au plateau divisible, la table peut \u00eatre rang\u00e9e [&hellip;]\" \/>\n<meta property=\"og:url\" content=\"https:\/\/shop.bantam.ch\/fr\/produit\/table-de-camping-industrial-melrose-120x80-cm-noir-avec-finition-bois\/\" \/>\n<meta property=\"og:site_name\" content=\"Bantam Wankm\u00fcller SA\" \/>\n<meta property=\"article:modified_time\" content=\"2026-04-17T21:49:32+00:00\" \/>\n<meta name=\"twitter:card\" content=\"summary_large_image\" \/>\n<meta name=\"twitter:label1\" content=\"Dur\u00e9e de lecture estim\u00e9e\" \/>\n\t<meta name=\"twitter:data1\" content=\"1 minute\" \/>\n<script type=\"application\/ld+json\" class=\"yoast-schema-graph\">{\"@context\":\"https:\\\/\\\/schema.org\",\"@graph\":[{\"@type\":\"WebPage\",\"@id\":\"https:\\\/\\\/shop.bantam.ch\\\/fr\\\/produit\\\/table-de-camping-industrial-melrose-120x80-cm-noir-avec-finition-bois\\\/\",\"url\":\"https:\\\/\\\/shop.bantam.ch\\\/fr\\\/produit\\\/table-de-camping-industrial-melrose-120x80-cm-noir-avec-finition-bois\\\/\",\"name\":\"Table de camping Industrial Melrose 120x80 cm Noir avec finition bois - Bantam Wankm\u00fcller SA\",\"isPartOf\":{\"@id\":\"https:\\\/\\\/shop.bantam.ch\\\/fr\\\/#website\"},\"primaryImageOfPage\":{\"@id\":\"https:\\\/\\\/shop.bantam.ch\\\/fr\\\/produit\\\/table-de-camping-industrial-melrose-120x80-cm-noir-avec-finition-bois\\\/#primaryimage\"},\"image\":{\"@id\":\"https:\\\/\\\/shop.bantam.ch\\\/fr\\\/produit\\\/table-de-camping-industrial-melrose-120x80-cm-noir-avec-finition-bois\\\/#primaryimage\"},\"thumbnailUrl\":\"https:\\\/\\\/shop.bantam.ch\\\/wp-content\\\/uploads\\\/2026\\\/01\\\/Movera-L-9971523100.jpg\",\"datePublished\":\"2026-01-06T15:11:16+00:00\",\"dateModified\":\"2026-04-17T21:49:32+00:00\",\"breadcrumb\":{\"@id\":\"https:\\\/\\\/shop.bantam.ch\\\/fr\\\/produit\\\/table-de-camping-industrial-melrose-120x80-cm-noir-avec-finition-bois\\\/#breadcrumb\"},\"inLanguage\":\"fr-FR\",\"potentialAction\":[{\"@type\":\"ReadAction\",\"target\":[\"https:\\\/\\\/shop.bantam.ch\\\/fr\\\/produit\\\/table-de-camping-industrial-melrose-120x80-cm-noir-avec-finition-bois\\\/\"]}]},{\"@type\":\"ImageObject\",\"inLanguage\":\"fr-FR\",\"@id\":\"https:\\\/\\\/shop.bantam.ch\\\/fr\\\/produit\\\/table-de-camping-industrial-melrose-120x80-cm-noir-avec-finition-bois\\\/#primaryimage\",\"url\":\"https:\\\/\\\/shop.bantam.ch\\\/wp-content\\\/uploads\\\/2026\\\/01\\\/Movera-L-9971523100.jpg\",\"contentUrl\":\"https:\\\/\\\/shop.bantam.ch\\\/wp-content\\\/uploads\\\/2026\\\/01\\\/Movera-L-9971523100.jpg\",\"width\":640,\"height\":526},{\"@type\":\"BreadcrumbList\",\"@id\":\"https:\\\/\\\/shop.bantam.ch\\\/fr\\\/produit\\\/table-de-camping-industrial-melrose-120x80-cm-noir-avec-finition-bois\\\/#breadcrumb\",\"itemListElement\":[{\"@type\":\"ListItem\",\"position\":1,\"name\":\"Accueil\",\"item\":\"https:\\\/\\\/shop.bantam.ch\\\/fr\\\/\"},{\"@type\":\"ListItem\",\"position\":2,\"name\":\"Boutique\",\"item\":\"https:\\\/\\\/shop.bantam.ch\\\/fr\\\/boutique\\\/\"},{\"@type\":\"ListItem\",\"position\":3,\"name\":\"Table de camping Industrial Melrose 120&#215;80 cm Noir avec finition bois\"}]},{\"@type\":\"WebSite\",\"@id\":\"https:\\\/\\\/shop.bantam.ch\\\/fr\\\/#website\",\"url\":\"https:\\\/\\\/shop.bantam.ch\\\/fr\\\/\",\"name\":\"Bantam Wankm\u00fcller SA\",\"description\":\"\",\"publisher\":{\"@id\":\"https:\\\/\\\/shop.bantam.ch\\\/fr\\\/#organization\"},\"inLanguage\":\"fr-FR\"},{\"@type\":\"Organization\",\"@id\":\"https:\\\/\\\/shop.bantam.ch\\\/fr\\\/#organization\",\"name\":\"Bantam Wankm\u00fcller SA\",\"url\":\"https:\\\/\\\/shop.bantam.ch\\\/fr\\\/\",\"logo\":{\"@type\":\"ImageObject\",\"inLanguage\":\"fr-FR\",\"@id\":\"https:\\\/\\\/shop.bantam.ch\\\/fr\\\/#\\\/schema\\\/logo\\\/image\\\/\",\"url\":\"https:\\\/\\\/shop.bantam.ch\\\/wp-content\\\/uploads\\\/2022\\\/12\\\/bantam-logo.png\",\"contentUrl\":\"https:\\\/\\\/shop.bantam.ch\\\/wp-content\\\/uploads\\\/2022\\\/12\\\/bantam-logo.png\",\"width\":320,\"height\":71,\"caption\":\"Bantam Wankm\u00fcller SA\"},\"image\":{\"@id\":\"https:\\\/\\\/shop.bantam.ch\\\/fr\\\/#\\\/schema\\\/logo\\\/image\\\/\"}}]}<\/script>\n<!-- \/ Yoast SEO plugin. -->","yoast_head_json":{"title":"Table de camping Industrial Melrose 120x80 cm Noir avec finition bois - Bantam Wankm\u00fcller SA","robots":{"index":"index","follow":"follow","max-snippet":"max-snippet:-1","max-image-preview":"max-image-preview:large","max-video-preview":"max-video-preview:-1"},"canonical":"https:\/\/shop.bantam.ch\/fr\/produit\/table-de-camping-industrial-melrose-120x80-cm-noir-avec-finition-bois\/","og_locale":"fr_FR","og_type":"article","og_title":"Table de camping Industrial Melrose 120x80 cm Noir avec finition bois - Bantam Wankm\u00fcller SA","og_description":"Une table \u00e9l\u00e9gante en aluminium au look industriel avec un plateau de table en imitation bois. Des vis de r\u00e9glage permettent d&rsquo;adapter les pieds de la table aux surfaces irr\u00e9guli\u00e8res. Les pieds sont r\u00e9glables \u00e0 deux hauteurs diff\u00e9rentes (37\/70 cm). De plus, gr\u00e2ce aux pieds amovibles et au plateau divisible, la table peut \u00eatre rang\u00e9e [&hellip;]","og_url":"https:\/\/shop.bantam.ch\/fr\/produit\/table-de-camping-industrial-melrose-120x80-cm-noir-avec-finition-bois\/","og_site_name":"Bantam Wankm\u00fcller SA","article_modified_time":"2026-04-17T21:49:32+00:00","twitter_card":"summary_large_image","twitter_misc":{"Dur\u00e9e de lecture estim\u00e9e":"1 minute"},"schema":{"@context":"https:\/\/schema.org","@graph":[{"@type":"WebPage","@id":"https:\/\/shop.bantam.ch\/fr\/produit\/table-de-camping-industrial-melrose-120x80-cm-noir-avec-finition-bois\/","url":"https:\/\/shop.bantam.ch\/fr\/produit\/table-de-camping-industrial-melrose-120x80-cm-noir-avec-finition-bois\/","name":"Table de camping Industrial Melrose 120x80 cm Noir avec finition bois - Bantam Wankm\u00fcller SA","isPartOf":{"@id":"https:\/\/shop.bantam.ch\/fr\/#website"},"primaryImageOfPage":{"@id":"https:\/\/shop.bantam.ch\/fr\/produit\/table-de-camping-industrial-melrose-120x80-cm-noir-avec-finition-bois\/#primaryimage"},"image":{"@id":"https:\/\/shop.bantam.ch\/fr\/produit\/table-de-camping-industrial-melrose-120x80-cm-noir-avec-finition-bois\/#primaryimage"},"thumbnailUrl":"https:\/\/shop.bantam.ch\/wp-content\/uploads\/2026\/01\/Movera-L-9971523100.jpg","datePublished":"2026-01-06T15:11:16+00:00","dateModified":"2026-04-17T21:49:32+00:00","breadcrumb":{"@id":"https:\/\/shop.bantam.ch\/fr\/produit\/table-de-camping-industrial-melrose-120x80-cm-noir-avec-finition-bois\/#breadcrumb"},"inLanguage":"fr-FR","potentialAction":[{"@type":"ReadAction","target":["https:\/\/shop.bantam.ch\/fr\/produit\/table-de-camping-industrial-melrose-120x80-cm-noir-avec-finition-bois\/"]}]},{"@type":"ImageObject","inLanguage":"fr-FR","@id":"https:\/\/shop.bantam.ch\/fr\/produit\/table-de-camping-industrial-melrose-120x80-cm-noir-avec-finition-bois\/#primaryimage","url":"https:\/\/shop.bantam.ch\/wp-content\/uploads\/2026\/01\/Movera-L-9971523100.jpg","contentUrl":"https:\/\/shop.bantam.ch\/wp-content\/uploads\/2026\/01\/Movera-L-9971523100.jpg","width":640,"height":526},{"@type":"BreadcrumbList","@id":"https:\/\/shop.bantam.ch\/fr\/produit\/table-de-camping-industrial-melrose-120x80-cm-noir-avec-finition-bois\/#breadcrumb","itemListElement":[{"@type":"ListItem","position":1,"name":"Accueil","item":"https:\/\/shop.bantam.ch\/fr\/"},{"@type":"ListItem","position":2,"name":"Boutique","item":"https:\/\/shop.bantam.ch\/fr\/boutique\/"},{"@type":"ListItem","position":3,"name":"Table de camping Industrial Melrose 120&#215;80 cm Noir avec finition bois"}]},{"@type":"WebSite","@id":"https:\/\/shop.bantam.ch\/fr\/#website","url":"https:\/\/shop.bantam.ch\/fr\/","name":"Bantam Wankm\u00fcller SA","description":"","publisher":{"@id":"https:\/\/shop.bantam.ch\/fr\/#organization"},"inLanguage":"fr-FR"},{"@type":"Organization","@id":"https:\/\/shop.bantam.ch\/fr\/#organization","name":"Bantam Wankm\u00fcller SA","url":"https:\/\/shop.bantam.ch\/fr\/","logo":{"@type":"ImageObject","inLanguage":"fr-FR","@id":"https:\/\/shop.bantam.ch\/fr\/#\/schema\/logo\/image\/","url":"https:\/\/shop.bantam.ch\/wp-content\/uploads\/2022\/12\/bantam-logo.png","contentUrl":"https:\/\/shop.bantam.ch\/wp-content\/uploads\/2022\/12\/bantam-logo.png","width":320,"height":71,"caption":"Bantam Wankm\u00fcller SA"},"image":{"@id":"https:\/\/shop.bantam.ch\/fr\/#\/schema\/logo\/image\/"}}]}},"_links":{"self":[{"href":"https:\/\/shop.bantam.ch\/fr\/wp-json\/wp\/v2\/product\/229036","targetHints":{"allow":["GET"]}}],"collection":[{"href":"https:\/\/shop.bantam.ch\/fr\/wp-json\/wp\/v2\/product"}],"about":[{"href":"https:\/\/shop.bantam.ch\/fr\/wp-json\/wp\/v2\/types\/product"}],"wp:featuredmedia":[{"embeddable":true,"href":"https:\/\/shop.bantam.ch\/fr\/wp-json\/wp\/v2\/media\/229026"}],"wp:attachment":[{"href":"https:\/\/shop.bantam.ch\/fr\/wp-json\/wp\/v2\/media?parent=229036"}],"wp:term":[{"taxonomy":"product_featured_cat","embeddable":true,"href":"https:\/\/shop.bantam.ch\/fr\/wp-json\/wp\/v2\/product_featured_cat?post=229036"},{"taxonomy":"product_brand","embeddable":true,"href":"https:\/\/shop.bantam.ch\/fr\/wp-json\/wp\/v2\/product_brand?post=229036"},{"taxonomy":"product_cat","embeddable":true,"href":"https:\/\/shop.bantam.ch\/fr\/wp-json\/wp\/v2\/product_cat?post=229036"},{"taxonomy":"product_tag","embeddable":true,"href":"https:\/\/shop.bantam.ch\/fr\/wp-json\/wp\/v2\/product_tag?post=229036"}],"curies":[{"name":"wp","href":"https:\/\/api.w.org\/{rel}","templated":true}]}}