{"id":228856,"date":"2026-01-06T16:05:54","date_gmt":"2026-01-06T15:05:54","guid":{"rendered":"https:\/\/shop.bantam.ch\/produit\/dachdurchfuhrung-caratec-fur-solarmodule\/"},"modified":"2026-04-18T23:52:57","modified_gmt":"2026-04-18T21:52:57","slug":"dachdurchfuhrung-caratec-fur-solarmodule","status":"publish","type":"product","link":"https:\/\/shop.bantam.ch\/fr\/produit\/dachdurchfuhrung-caratec-fur-solarmodule\/","title":{"rendered":"Dachdurchf\u00fchrung Caratec f\u00fcr Solarmodule"},"content":{"rendered":"<p>Une travers\u00e9e de toit de haute qualit\u00e9 pour les c\u00e2bles solaires dans les camping-cars, les caravanes ou les bateaux. Fabriqu\u00e9 en plastique ASA (acrylonitrile-styr\u00e8ne-ester acrylique) r\u00e9sistant, il convainc par son excellente r\u00e9sistance aux intemp\u00e9ries et aux UV, m\u00eame sous un fort rayonnement solaire et des temp\u00e9ratures variables. Le kit d&rsquo;\u00e9tanch\u00e9it\u00e9 fourni permet un passage s\u00fbr et \u00e9tanche des c\u00e2bles pour un ou deux panneaux solaires. La travers\u00e9e est con\u00e7ue pour des c\u00e2bles solaires de 4 mm\u00b2 de section et offre une protection fiable contre l&rsquo;humidit\u00e9 et les contraintes m\u00e9caniques. Gr\u00e2ce \u00e0 son mat\u00e9riau durable et \u00e0 sa construction parfaitement adapt\u00e9e, le CESZ212DDF assure une pose de c\u00e2bles durablement \u00e9tanche, s\u00fbre et professionnelle sur le toit du v\u00e9hicule.<\/p>\n","protected":false},"excerpt":{"rendered":"<p>Une travers\u00e9e de toit de haute qualit\u00e9 pour les c\u00e2bles solaires dans les camping-cars, les caravanes ou les bateaux. Fabriqu\u00e9 en plastique ASA (acrylonitrile-styr\u00e8ne-ester acrylique) r\u00e9sistant, il convainc par son excellente r\u00e9sistance aux intemp\u00e9ries et aux UV, m\u00eame sous un fort rayonnement solaire et des temp\u00e9ratures variables. Le kit d&rsquo;\u00e9tanch\u00e9it\u00e9 fourni permet un passage s\u00fbr [&hellip;]<\/p>\n","protected":false},"featured_media":228850,"template":"","meta":{"_acf_changed":false},"product_featured_cat":[],"product_brand":[],"product_cat":[5123],"product_tag":[],"class_list":{"0":"post-228856","1":"product","2":"type-product","3":"status-publish","4":"has-post-thumbnail","6":"product_cat-autres-accessoires-pour-la-technique-solaire","8":"first","9":"instock","10":"taxable","11":"shipping-taxable","12":"purchasable","13":"product-type-simple"},"acf":[],"yoast_head":"<!-- This site is optimized with the Yoast SEO plugin v27.4 - https:\/\/yoast.com\/product\/yoast-seo-wordpress\/ -->\n<title>Dachdurchf\u00fchrung Caratec f\u00fcr Solarmodule - Bantam Wankm\u00fcller SA<\/title>\n<meta name=\"robots\" content=\"index, follow, max-snippet:-1, max-image-preview:large, max-video-preview:-1\" \/>\n<link rel=\"canonical\" href=\"https:\/\/shop.bantam.ch\/fr\/produit\/dachdurchfuhrung-caratec-fur-solarmodule\/\" \/>\n<meta property=\"og:locale\" content=\"fr_FR\" \/>\n<meta property=\"og:type\" content=\"article\" \/>\n<meta property=\"og:title\" content=\"Dachdurchf\u00fchrung Caratec f\u00fcr Solarmodule - Bantam Wankm\u00fcller SA\" \/>\n<meta property=\"og:description\" content=\"Une travers\u00e9e de toit de haute qualit\u00e9 pour les c\u00e2bles solaires dans les camping-cars, les caravanes ou les bateaux. Fabriqu\u00e9 en plastique ASA (acrylonitrile-styr\u00e8ne-ester acrylique) r\u00e9sistant, il convainc par son excellente r\u00e9sistance aux intemp\u00e9ries et aux UV, m\u00eame sous un fort rayonnement solaire et des temp\u00e9ratures variables. Le kit d&rsquo;\u00e9tanch\u00e9it\u00e9 fourni permet un passage s\u00fbr [&hellip;]\" \/>\n<meta property=\"og:url\" content=\"https:\/\/shop.bantam.ch\/fr\/produit\/dachdurchfuhrung-caratec-fur-solarmodule\/\" \/>\n<meta property=\"og:site_name\" content=\"Bantam Wankm\u00fcller SA\" \/>\n<meta property=\"article:modified_time\" content=\"2026-04-18T21:52:57+00:00\" \/>\n<meta name=\"twitter:card\" content=\"summary_large_image\" \/>\n<meta name=\"twitter:label1\" content=\"Dur\u00e9e de lecture estim\u00e9e\" \/>\n\t<meta name=\"twitter:data1\" content=\"1 minute\" \/>\n<script type=\"application\/ld+json\" class=\"yoast-schema-graph\">{\"@context\":\"https:\\\/\\\/schema.org\",\"@graph\":[{\"@type\":\"WebPage\",\"@id\":\"https:\\\/\\\/shop.bantam.ch\\\/fr\\\/produit\\\/dachdurchfuhrung-caratec-fur-solarmodule\\\/\",\"url\":\"https:\\\/\\\/shop.bantam.ch\\\/fr\\\/produit\\\/dachdurchfuhrung-caratec-fur-solarmodule\\\/\",\"name\":\"Dachdurchf\u00fchrung Caratec f\u00fcr Solarmodule - Bantam Wankm\u00fcller SA\",\"isPartOf\":{\"@id\":\"https:\\\/\\\/shop.bantam.ch\\\/fr\\\/#website\"},\"primaryImageOfPage\":{\"@id\":\"https:\\\/\\\/shop.bantam.ch\\\/fr\\\/produit\\\/dachdurchfuhrung-caratec-fur-solarmodule\\\/#primaryimage\"},\"image\":{\"@id\":\"https:\\\/\\\/shop.bantam.ch\\\/fr\\\/produit\\\/dachdurchfuhrung-caratec-fur-solarmodule\\\/#primaryimage\"},\"thumbnailUrl\":\"https:\\\/\\\/shop.bantam.ch\\\/wp-content\\\/uploads\\\/2026\\\/01\\\/Movera-L-9964298100.jpg\",\"datePublished\":\"2026-01-06T15:05:54+00:00\",\"dateModified\":\"2026-04-18T21:52:57+00:00\",\"breadcrumb\":{\"@id\":\"https:\\\/\\\/shop.bantam.ch\\\/fr\\\/produit\\\/dachdurchfuhrung-caratec-fur-solarmodule\\\/#breadcrumb\"},\"inLanguage\":\"fr-FR\",\"potentialAction\":[{\"@type\":\"ReadAction\",\"target\":[\"https:\\\/\\\/shop.bantam.ch\\\/fr\\\/produit\\\/dachdurchfuhrung-caratec-fur-solarmodule\\\/\"]}]},{\"@type\":\"ImageObject\",\"inLanguage\":\"fr-FR\",\"@id\":\"https:\\\/\\\/shop.bantam.ch\\\/fr\\\/produit\\\/dachdurchfuhrung-caratec-fur-solarmodule\\\/#primaryimage\",\"url\":\"https:\\\/\\\/shop.bantam.ch\\\/wp-content\\\/uploads\\\/2026\\\/01\\\/Movera-L-9964298100.jpg\",\"contentUrl\":\"https:\\\/\\\/shop.bantam.ch\\\/wp-content\\\/uploads\\\/2026\\\/01\\\/Movera-L-9964298100.jpg\",\"width\":640,\"height\":427},{\"@type\":\"BreadcrumbList\",\"@id\":\"https:\\\/\\\/shop.bantam.ch\\\/fr\\\/produit\\\/dachdurchfuhrung-caratec-fur-solarmodule\\\/#breadcrumb\",\"itemListElement\":[{\"@type\":\"ListItem\",\"position\":1,\"name\":\"Accueil\",\"item\":\"https:\\\/\\\/shop.bantam.ch\\\/fr\\\/\"},{\"@type\":\"ListItem\",\"position\":2,\"name\":\"Boutique\",\"item\":\"https:\\\/\\\/shop.bantam.ch\\\/fr\\\/boutique\\\/\"},{\"@type\":\"ListItem\",\"position\":3,\"name\":\"Dachdurchf\u00fchrung Caratec f\u00fcr Solarmodule\"}]},{\"@type\":\"WebSite\",\"@id\":\"https:\\\/\\\/shop.bantam.ch\\\/fr\\\/#website\",\"url\":\"https:\\\/\\\/shop.bantam.ch\\\/fr\\\/\",\"name\":\"Bantam Wankm\u00fcller SA\",\"description\":\"\",\"publisher\":{\"@id\":\"https:\\\/\\\/shop.bantam.ch\\\/fr\\\/#organization\"},\"inLanguage\":\"fr-FR\"},{\"@type\":\"Organization\",\"@id\":\"https:\\\/\\\/shop.bantam.ch\\\/fr\\\/#organization\",\"name\":\"Bantam Wankm\u00fcller SA\",\"url\":\"https:\\\/\\\/shop.bantam.ch\\\/fr\\\/\",\"logo\":{\"@type\":\"ImageObject\",\"inLanguage\":\"fr-FR\",\"@id\":\"https:\\\/\\\/shop.bantam.ch\\\/fr\\\/#\\\/schema\\\/logo\\\/image\\\/\",\"url\":\"https:\\\/\\\/shop.bantam.ch\\\/wp-content\\\/uploads\\\/2022\\\/12\\\/bantam-logo.png\",\"contentUrl\":\"https:\\\/\\\/shop.bantam.ch\\\/wp-content\\\/uploads\\\/2022\\\/12\\\/bantam-logo.png\",\"width\":320,\"height\":71,\"caption\":\"Bantam Wankm\u00fcller SA\"},\"image\":{\"@id\":\"https:\\\/\\\/shop.bantam.ch\\\/fr\\\/#\\\/schema\\\/logo\\\/image\\\/\"}}]}<\/script>\n<!-- \/ Yoast SEO plugin. -->","yoast_head_json":{"title":"Dachdurchf\u00fchrung Caratec f\u00fcr Solarmodule - Bantam Wankm\u00fcller SA","robots":{"index":"index","follow":"follow","max-snippet":"max-snippet:-1","max-image-preview":"max-image-preview:large","max-video-preview":"max-video-preview:-1"},"canonical":"https:\/\/shop.bantam.ch\/fr\/produit\/dachdurchfuhrung-caratec-fur-solarmodule\/","og_locale":"fr_FR","og_type":"article","og_title":"Dachdurchf\u00fchrung Caratec f\u00fcr Solarmodule - Bantam Wankm\u00fcller SA","og_description":"Une travers\u00e9e de toit de haute qualit\u00e9 pour les c\u00e2bles solaires dans les camping-cars, les caravanes ou les bateaux. Fabriqu\u00e9 en plastique ASA (acrylonitrile-styr\u00e8ne-ester acrylique) r\u00e9sistant, il convainc par son excellente r\u00e9sistance aux intemp\u00e9ries et aux UV, m\u00eame sous un fort rayonnement solaire et des temp\u00e9ratures variables. Le kit d&rsquo;\u00e9tanch\u00e9it\u00e9 fourni permet un passage s\u00fbr [&hellip;]","og_url":"https:\/\/shop.bantam.ch\/fr\/produit\/dachdurchfuhrung-caratec-fur-solarmodule\/","og_site_name":"Bantam Wankm\u00fcller SA","article_modified_time":"2026-04-18T21:52:57+00:00","twitter_card":"summary_large_image","twitter_misc":{"Dur\u00e9e de lecture estim\u00e9e":"1 minute"},"schema":{"@context":"https:\/\/schema.org","@graph":[{"@type":"WebPage","@id":"https:\/\/shop.bantam.ch\/fr\/produit\/dachdurchfuhrung-caratec-fur-solarmodule\/","url":"https:\/\/shop.bantam.ch\/fr\/produit\/dachdurchfuhrung-caratec-fur-solarmodule\/","name":"Dachdurchf\u00fchrung Caratec f\u00fcr Solarmodule - Bantam Wankm\u00fcller SA","isPartOf":{"@id":"https:\/\/shop.bantam.ch\/fr\/#website"},"primaryImageOfPage":{"@id":"https:\/\/shop.bantam.ch\/fr\/produit\/dachdurchfuhrung-caratec-fur-solarmodule\/#primaryimage"},"image":{"@id":"https:\/\/shop.bantam.ch\/fr\/produit\/dachdurchfuhrung-caratec-fur-solarmodule\/#primaryimage"},"thumbnailUrl":"https:\/\/shop.bantam.ch\/wp-content\/uploads\/2026\/01\/Movera-L-9964298100.jpg","datePublished":"2026-01-06T15:05:54+00:00","dateModified":"2026-04-18T21:52:57+00:00","breadcrumb":{"@id":"https:\/\/shop.bantam.ch\/fr\/produit\/dachdurchfuhrung-caratec-fur-solarmodule\/#breadcrumb"},"inLanguage":"fr-FR","potentialAction":[{"@type":"ReadAction","target":["https:\/\/shop.bantam.ch\/fr\/produit\/dachdurchfuhrung-caratec-fur-solarmodule\/"]}]},{"@type":"ImageObject","inLanguage":"fr-FR","@id":"https:\/\/shop.bantam.ch\/fr\/produit\/dachdurchfuhrung-caratec-fur-solarmodule\/#primaryimage","url":"https:\/\/shop.bantam.ch\/wp-content\/uploads\/2026\/01\/Movera-L-9964298100.jpg","contentUrl":"https:\/\/shop.bantam.ch\/wp-content\/uploads\/2026\/01\/Movera-L-9964298100.jpg","width":640,"height":427},{"@type":"BreadcrumbList","@id":"https:\/\/shop.bantam.ch\/fr\/produit\/dachdurchfuhrung-caratec-fur-solarmodule\/#breadcrumb","itemListElement":[{"@type":"ListItem","position":1,"name":"Accueil","item":"https:\/\/shop.bantam.ch\/fr\/"},{"@type":"ListItem","position":2,"name":"Boutique","item":"https:\/\/shop.bantam.ch\/fr\/boutique\/"},{"@type":"ListItem","position":3,"name":"Dachdurchf\u00fchrung Caratec f\u00fcr Solarmodule"}]},{"@type":"WebSite","@id":"https:\/\/shop.bantam.ch\/fr\/#website","url":"https:\/\/shop.bantam.ch\/fr\/","name":"Bantam Wankm\u00fcller SA","description":"","publisher":{"@id":"https:\/\/shop.bantam.ch\/fr\/#organization"},"inLanguage":"fr-FR"},{"@type":"Organization","@id":"https:\/\/shop.bantam.ch\/fr\/#organization","name":"Bantam Wankm\u00fcller SA","url":"https:\/\/shop.bantam.ch\/fr\/","logo":{"@type":"ImageObject","inLanguage":"fr-FR","@id":"https:\/\/shop.bantam.ch\/fr\/#\/schema\/logo\/image\/","url":"https:\/\/shop.bantam.ch\/wp-content\/uploads\/2022\/12\/bantam-logo.png","contentUrl":"https:\/\/shop.bantam.ch\/wp-content\/uploads\/2022\/12\/bantam-logo.png","width":320,"height":71,"caption":"Bantam Wankm\u00fcller SA"},"image":{"@id":"https:\/\/shop.bantam.ch\/fr\/#\/schema\/logo\/image\/"}}]}},"_links":{"self":[{"href":"https:\/\/shop.bantam.ch\/fr\/wp-json\/wp\/v2\/product\/228856","targetHints":{"allow":["GET"]}}],"collection":[{"href":"https:\/\/shop.bantam.ch\/fr\/wp-json\/wp\/v2\/product"}],"about":[{"href":"https:\/\/shop.bantam.ch\/fr\/wp-json\/wp\/v2\/types\/product"}],"wp:featuredmedia":[{"embeddable":true,"href":"https:\/\/shop.bantam.ch\/fr\/wp-json\/wp\/v2\/media\/228850"}],"wp:attachment":[{"href":"https:\/\/shop.bantam.ch\/fr\/wp-json\/wp\/v2\/media?parent=228856"}],"wp:term":[{"taxonomy":"product_featured_cat","embeddable":true,"href":"https:\/\/shop.bantam.ch\/fr\/wp-json\/wp\/v2\/product_featured_cat?post=228856"},{"taxonomy":"product_brand","embeddable":true,"href":"https:\/\/shop.bantam.ch\/fr\/wp-json\/wp\/v2\/product_brand?post=228856"},{"taxonomy":"product_cat","embeddable":true,"href":"https:\/\/shop.bantam.ch\/fr\/wp-json\/wp\/v2\/product_cat?post=228856"},{"taxonomy":"product_tag","embeddable":true,"href":"https:\/\/shop.bantam.ch\/fr\/wp-json\/wp\/v2\/product_tag?post=228856"}],"curies":[{"name":"wp","href":"https:\/\/api.w.org\/{rel}","templated":true}]}}