{"id":228748,"date":"2026-01-06T16:02:22","date_gmt":"2026-01-06T15:02:22","guid":{"rendered":"https:\/\/shop.bantam.ch\/produit\/frischwassertankanzeige-s-votronic\/"},"modified":"2026-04-17T23:49:17","modified_gmt":"2026-04-17T21:49:17","slug":"frischwassertankanzeige-s-votronic","status":"publish","type":"product","link":"https:\/\/shop.bantam.ch\/fr\/produit\/frischwassertankanzeige-s-votronic\/","title":{"rendered":"Frischwassertankanzeige S Votronic"},"content":{"rendered":"<p>Contrairement \u00e0 de nombreux indicateurs courants, qui ne comportent g\u00e9n\u00e9ralement que 5 niveaux, les indicateurs de niveau VOTRONIC affichent le niveau de remplissage de mani\u00e8re beaucoup plus pr\u00e9cise et garantissent ainsi un contr\u00f4le beaucoup plus confortable.<br \/>\ncontr\u00f4le des niveaux de remplissage. Une barre lumineuse avec 10 diodes indique le niveau de remplissage en trois couleurs, les niveaux interm\u00e9diaires sont \u00e9galement repr\u00e9sent\u00e9s. De cette mani\u00e8re, les tendances sont imm\u00e9diatement reconnaissables et l&rsquo;approvisionnement et l&rsquo;\u00e9limination sont plus s\u00fbrs. En fonctionnement continu, l&rsquo;affichage croissant ou d\u00e9croissant donne une image directe du contenu du r\u00e9servoir. Cela permet par exemple de remplir le r\u00e9servoir d&rsquo;eau fra\u00eeche de mani\u00e8re dos\u00e9e.<\/p>\n","protected":false},"excerpt":{"rendered":"<p>Contrairement \u00e0 de nombreux indicateurs courants, qui ne comportent g\u00e9n\u00e9ralement que 5 niveaux, les indicateurs de niveau VOTRONIC affichent le niveau de remplissage de mani\u00e8re beaucoup plus pr\u00e9cise et garantissent ainsi un contr\u00f4le beaucoup plus confortable. contr\u00f4le des niveaux de remplissage. Une barre lumineuse avec 10 diodes indique le niveau de remplissage en trois couleurs, [&hellip;]<\/p>\n","protected":false},"featured_media":228746,"template":"","meta":{"_acf_changed":false},"product_featured_cat":[],"product_brand":[],"product_cat":[4191],"product_tag":[],"class_list":{"0":"post-228748","1":"product","2":"type-product","3":"status-publish","4":"has-post-thumbnail","6":"product_cat-panneaux-daffichage","8":"first","9":"instock","10":"taxable","11":"shipping-taxable","12":"purchasable","13":"product-type-simple"},"acf":[],"yoast_head":"<!-- This site is optimized with the Yoast SEO plugin v27.4 - https:\/\/yoast.com\/product\/yoast-seo-wordpress\/ -->\n<title>Frischwassertankanzeige S Votronic - Bantam Wankm\u00fcller SA<\/title>\n<meta name=\"robots\" content=\"index, follow, max-snippet:-1, max-image-preview:large, max-video-preview:-1\" \/>\n<link rel=\"canonical\" href=\"https:\/\/shop.bantam.ch\/fr\/produit\/frischwassertankanzeige-s-votronic\/\" \/>\n<meta property=\"og:locale\" content=\"fr_FR\" \/>\n<meta property=\"og:type\" content=\"article\" \/>\n<meta property=\"og:title\" content=\"Frischwassertankanzeige S Votronic - Bantam Wankm\u00fcller SA\" \/>\n<meta property=\"og:description\" content=\"Contrairement \u00e0 de nombreux indicateurs courants, qui ne comportent g\u00e9n\u00e9ralement que 5 niveaux, les indicateurs de niveau VOTRONIC affichent le niveau de remplissage de mani\u00e8re beaucoup plus pr\u00e9cise et garantissent ainsi un contr\u00f4le beaucoup plus confortable. contr\u00f4le des niveaux de remplissage. Une barre lumineuse avec 10 diodes indique le niveau de remplissage en trois couleurs, [&hellip;]\" \/>\n<meta property=\"og:url\" content=\"https:\/\/shop.bantam.ch\/fr\/produit\/frischwassertankanzeige-s-votronic\/\" \/>\n<meta property=\"og:site_name\" content=\"Bantam Wankm\u00fcller SA\" \/>\n<meta property=\"article:modified_time\" content=\"2026-04-17T21:49:17+00:00\" \/>\n<meta name=\"twitter:card\" content=\"summary_large_image\" \/>\n<meta name=\"twitter:label1\" content=\"Dur\u00e9e de lecture estim\u00e9e\" \/>\n\t<meta name=\"twitter:data1\" content=\"1 minute\" \/>\n<script type=\"application\/ld+json\" class=\"yoast-schema-graph\">{\"@context\":\"https:\\\/\\\/schema.org\",\"@graph\":[{\"@type\":\"WebPage\",\"@id\":\"https:\\\/\\\/shop.bantam.ch\\\/fr\\\/produit\\\/frischwassertankanzeige-s-votronic\\\/\",\"url\":\"https:\\\/\\\/shop.bantam.ch\\\/fr\\\/produit\\\/frischwassertankanzeige-s-votronic\\\/\",\"name\":\"Frischwassertankanzeige S Votronic - Bantam Wankm\u00fcller SA\",\"isPartOf\":{\"@id\":\"https:\\\/\\\/shop.bantam.ch\\\/fr\\\/#website\"},\"primaryImageOfPage\":{\"@id\":\"https:\\\/\\\/shop.bantam.ch\\\/fr\\\/produit\\\/frischwassertankanzeige-s-votronic\\\/#primaryimage\"},\"image\":{\"@id\":\"https:\\\/\\\/shop.bantam.ch\\\/fr\\\/produit\\\/frischwassertankanzeige-s-votronic\\\/#primaryimage\"},\"thumbnailUrl\":\"https:\\\/\\\/shop.bantam.ch\\\/wp-content\\\/uploads\\\/2026\\\/01\\\/Movera-L-9964260100.jpg\",\"datePublished\":\"2026-01-06T15:02:22+00:00\",\"dateModified\":\"2026-04-17T21:49:17+00:00\",\"breadcrumb\":{\"@id\":\"https:\\\/\\\/shop.bantam.ch\\\/fr\\\/produit\\\/frischwassertankanzeige-s-votronic\\\/#breadcrumb\"},\"inLanguage\":\"fr-FR\",\"potentialAction\":[{\"@type\":\"ReadAction\",\"target\":[\"https:\\\/\\\/shop.bantam.ch\\\/fr\\\/produit\\\/frischwassertankanzeige-s-votronic\\\/\"]}]},{\"@type\":\"ImageObject\",\"inLanguage\":\"fr-FR\",\"@id\":\"https:\\\/\\\/shop.bantam.ch\\\/fr\\\/produit\\\/frischwassertankanzeige-s-votronic\\\/#primaryimage\",\"url\":\"https:\\\/\\\/shop.bantam.ch\\\/wp-content\\\/uploads\\\/2026\\\/01\\\/Movera-L-9964260100.jpg\",\"contentUrl\":\"https:\\\/\\\/shop.bantam.ch\\\/wp-content\\\/uploads\\\/2026\\\/01\\\/Movera-L-9964260100.jpg\",\"width\":609,\"height\":1000},{\"@type\":\"BreadcrumbList\",\"@id\":\"https:\\\/\\\/shop.bantam.ch\\\/fr\\\/produit\\\/frischwassertankanzeige-s-votronic\\\/#breadcrumb\",\"itemListElement\":[{\"@type\":\"ListItem\",\"position\":1,\"name\":\"Accueil\",\"item\":\"https:\\\/\\\/shop.bantam.ch\\\/fr\\\/\"},{\"@type\":\"ListItem\",\"position\":2,\"name\":\"Boutique\",\"item\":\"https:\\\/\\\/shop.bantam.ch\\\/fr\\\/boutique\\\/\"},{\"@type\":\"ListItem\",\"position\":3,\"name\":\"Frischwassertankanzeige S Votronic\"}]},{\"@type\":\"WebSite\",\"@id\":\"https:\\\/\\\/shop.bantam.ch\\\/fr\\\/#website\",\"url\":\"https:\\\/\\\/shop.bantam.ch\\\/fr\\\/\",\"name\":\"Bantam Wankm\u00fcller SA\",\"description\":\"\",\"publisher\":{\"@id\":\"https:\\\/\\\/shop.bantam.ch\\\/fr\\\/#organization\"},\"inLanguage\":\"fr-FR\"},{\"@type\":\"Organization\",\"@id\":\"https:\\\/\\\/shop.bantam.ch\\\/fr\\\/#organization\",\"name\":\"Bantam Wankm\u00fcller SA\",\"url\":\"https:\\\/\\\/shop.bantam.ch\\\/fr\\\/\",\"logo\":{\"@type\":\"ImageObject\",\"inLanguage\":\"fr-FR\",\"@id\":\"https:\\\/\\\/shop.bantam.ch\\\/fr\\\/#\\\/schema\\\/logo\\\/image\\\/\",\"url\":\"https:\\\/\\\/shop.bantam.ch\\\/wp-content\\\/uploads\\\/2022\\\/12\\\/bantam-logo.png\",\"contentUrl\":\"https:\\\/\\\/shop.bantam.ch\\\/wp-content\\\/uploads\\\/2022\\\/12\\\/bantam-logo.png\",\"width\":320,\"height\":71,\"caption\":\"Bantam Wankm\u00fcller SA\"},\"image\":{\"@id\":\"https:\\\/\\\/shop.bantam.ch\\\/fr\\\/#\\\/schema\\\/logo\\\/image\\\/\"}}]}<\/script>\n<!-- \/ Yoast SEO plugin. -->","yoast_head_json":{"title":"Frischwassertankanzeige S Votronic - Bantam Wankm\u00fcller SA","robots":{"index":"index","follow":"follow","max-snippet":"max-snippet:-1","max-image-preview":"max-image-preview:large","max-video-preview":"max-video-preview:-1"},"canonical":"https:\/\/shop.bantam.ch\/fr\/produit\/frischwassertankanzeige-s-votronic\/","og_locale":"fr_FR","og_type":"article","og_title":"Frischwassertankanzeige S Votronic - Bantam Wankm\u00fcller SA","og_description":"Contrairement \u00e0 de nombreux indicateurs courants, qui ne comportent g\u00e9n\u00e9ralement que 5 niveaux, les indicateurs de niveau VOTRONIC affichent le niveau de remplissage de mani\u00e8re beaucoup plus pr\u00e9cise et garantissent ainsi un contr\u00f4le beaucoup plus confortable. contr\u00f4le des niveaux de remplissage. Une barre lumineuse avec 10 diodes indique le niveau de remplissage en trois couleurs, [&hellip;]","og_url":"https:\/\/shop.bantam.ch\/fr\/produit\/frischwassertankanzeige-s-votronic\/","og_site_name":"Bantam Wankm\u00fcller SA","article_modified_time":"2026-04-17T21:49:17+00:00","twitter_card":"summary_large_image","twitter_misc":{"Dur\u00e9e de lecture estim\u00e9e":"1 minute"},"schema":{"@context":"https:\/\/schema.org","@graph":[{"@type":"WebPage","@id":"https:\/\/shop.bantam.ch\/fr\/produit\/frischwassertankanzeige-s-votronic\/","url":"https:\/\/shop.bantam.ch\/fr\/produit\/frischwassertankanzeige-s-votronic\/","name":"Frischwassertankanzeige S Votronic - Bantam Wankm\u00fcller SA","isPartOf":{"@id":"https:\/\/shop.bantam.ch\/fr\/#website"},"primaryImageOfPage":{"@id":"https:\/\/shop.bantam.ch\/fr\/produit\/frischwassertankanzeige-s-votronic\/#primaryimage"},"image":{"@id":"https:\/\/shop.bantam.ch\/fr\/produit\/frischwassertankanzeige-s-votronic\/#primaryimage"},"thumbnailUrl":"https:\/\/shop.bantam.ch\/wp-content\/uploads\/2026\/01\/Movera-L-9964260100.jpg","datePublished":"2026-01-06T15:02:22+00:00","dateModified":"2026-04-17T21:49:17+00:00","breadcrumb":{"@id":"https:\/\/shop.bantam.ch\/fr\/produit\/frischwassertankanzeige-s-votronic\/#breadcrumb"},"inLanguage":"fr-FR","potentialAction":[{"@type":"ReadAction","target":["https:\/\/shop.bantam.ch\/fr\/produit\/frischwassertankanzeige-s-votronic\/"]}]},{"@type":"ImageObject","inLanguage":"fr-FR","@id":"https:\/\/shop.bantam.ch\/fr\/produit\/frischwassertankanzeige-s-votronic\/#primaryimage","url":"https:\/\/shop.bantam.ch\/wp-content\/uploads\/2026\/01\/Movera-L-9964260100.jpg","contentUrl":"https:\/\/shop.bantam.ch\/wp-content\/uploads\/2026\/01\/Movera-L-9964260100.jpg","width":609,"height":1000},{"@type":"BreadcrumbList","@id":"https:\/\/shop.bantam.ch\/fr\/produit\/frischwassertankanzeige-s-votronic\/#breadcrumb","itemListElement":[{"@type":"ListItem","position":1,"name":"Accueil","item":"https:\/\/shop.bantam.ch\/fr\/"},{"@type":"ListItem","position":2,"name":"Boutique","item":"https:\/\/shop.bantam.ch\/fr\/boutique\/"},{"@type":"ListItem","position":3,"name":"Frischwassertankanzeige S Votronic"}]},{"@type":"WebSite","@id":"https:\/\/shop.bantam.ch\/fr\/#website","url":"https:\/\/shop.bantam.ch\/fr\/","name":"Bantam Wankm\u00fcller SA","description":"","publisher":{"@id":"https:\/\/shop.bantam.ch\/fr\/#organization"},"inLanguage":"fr-FR"},{"@type":"Organization","@id":"https:\/\/shop.bantam.ch\/fr\/#organization","name":"Bantam Wankm\u00fcller SA","url":"https:\/\/shop.bantam.ch\/fr\/","logo":{"@type":"ImageObject","inLanguage":"fr-FR","@id":"https:\/\/shop.bantam.ch\/fr\/#\/schema\/logo\/image\/","url":"https:\/\/shop.bantam.ch\/wp-content\/uploads\/2022\/12\/bantam-logo.png","contentUrl":"https:\/\/shop.bantam.ch\/wp-content\/uploads\/2022\/12\/bantam-logo.png","width":320,"height":71,"caption":"Bantam Wankm\u00fcller SA"},"image":{"@id":"https:\/\/shop.bantam.ch\/fr\/#\/schema\/logo\/image\/"}}]}},"_links":{"self":[{"href":"https:\/\/shop.bantam.ch\/fr\/wp-json\/wp\/v2\/product\/228748","targetHints":{"allow":["GET"]}}],"collection":[{"href":"https:\/\/shop.bantam.ch\/fr\/wp-json\/wp\/v2\/product"}],"about":[{"href":"https:\/\/shop.bantam.ch\/fr\/wp-json\/wp\/v2\/types\/product"}],"wp:featuredmedia":[{"embeddable":true,"href":"https:\/\/shop.bantam.ch\/fr\/wp-json\/wp\/v2\/media\/228746"}],"wp:attachment":[{"href":"https:\/\/shop.bantam.ch\/fr\/wp-json\/wp\/v2\/media?parent=228748"}],"wp:term":[{"taxonomy":"product_featured_cat","embeddable":true,"href":"https:\/\/shop.bantam.ch\/fr\/wp-json\/wp\/v2\/product_featured_cat?post=228748"},{"taxonomy":"product_brand","embeddable":true,"href":"https:\/\/shop.bantam.ch\/fr\/wp-json\/wp\/v2\/product_brand?post=228748"},{"taxonomy":"product_cat","embeddable":true,"href":"https:\/\/shop.bantam.ch\/fr\/wp-json\/wp\/v2\/product_cat?post=228748"},{"taxonomy":"product_tag","embeddable":true,"href":"https:\/\/shop.bantam.ch\/fr\/wp-json\/wp\/v2\/product_tag?post=228748"}],"curies":[{"name":"wp","href":"https:\/\/api.w.org\/{rel}","templated":true}]}}