{"id":228641,"date":"2026-01-06T15:58:47","date_gmt":"2026-01-06T14:58:47","guid":{"rendered":"https:\/\/shop.bantam.ch\/produit\/flat-air-solar-einzelmodul-next-level-systems-nl-fa-130-m\/"},"modified":"2026-04-21T23:54:21","modified_gmt":"2026-04-21T21:54:21","slug":"flat-air-solar-einzelmodul-next-level-systems-nl-fa-130-m","status":"publish","type":"product","link":"https:\/\/shop.bantam.ch\/fr\/produit\/flat-air-solar-einzelmodul-next-level-systems-nl-fa-130-m\/","title":{"rendered":"Flat Air Solar-Einzelmodul Next Level Systems NL FA 130 M"},"content":{"rendered":"<p><!--StartFragment -->Le module monocristallin haute performance de 130 Wp est int\u00e9gr\u00e9 dans un cadre de montage extr\u00eamement plat et l\u00e9ger. Cette sous-construction en PU r\u00e9sistant aux intemp\u00e9ries est coll\u00e9e sans per\u00e7age sur le toit du v\u00e9hicule et garantit, gr\u00e2ce \u00e0 sa construction, une ventilation optimale par le dessous pour une hauteur de seulement 17 mm. Il est donc d\u00e9sormais possible de coller directement sur la surface g\u00e9n\u00e9ralement sensible du toit, car le module solaire int\u00e9gr\u00e9 et la couverture du toit sont d\u00e9coupl\u00e9s thermiquement. La puissance solaire reste ainsi stable<\/p>\n<p>m\u00eame en cas de temp\u00e9ratures ext\u00e9rieures \u00e9lev\u00e9es. Le module solaire reste accessible, il est viss\u00e9 sur le cadre de montage et peut \u00eatre retir\u00e9 sans probl\u00e8me si n\u00e9cessaire. La bo\u00eete de raccordement ainsi que le passage des c\u00e2bles se trouvent sur la face inf\u00e9rieure du module solaire.<\/p>\n<p><!--EndFragment --><\/p>\n","protected":false},"excerpt":{"rendered":"<p>Le module monocristallin haute performance de 130 Wp est int\u00e9gr\u00e9 dans un cadre de montage extr\u00eamement plat et l\u00e9ger. Cette sous-construction en PU r\u00e9sistant aux intemp\u00e9ries est coll\u00e9e sans per\u00e7age sur le toit du v\u00e9hicule et garantit, gr\u00e2ce \u00e0 sa construction, une ventilation optimale par le dessous pour une hauteur de seulement 17 mm. Il [&hellip;]<\/p>\n","protected":false},"featured_media":228637,"template":"","meta":{"_acf_changed":false},"product_featured_cat":[],"product_brand":[],"product_cat":[4879],"product_tag":[],"class_list":{"0":"post-228641","1":"product","2":"type-product","3":"status-publish","4":"has-post-thumbnail","6":"product_cat-kits-solaires","8":"first","9":"instock","10":"taxable","11":"shipping-taxable","12":"purchasable","13":"product-type-simple"},"acf":[],"yoast_head":"<!-- This site is optimized with the Yoast SEO plugin v27.4 - https:\/\/yoast.com\/product\/yoast-seo-wordpress\/ -->\n<title>Flat Air Solar-Einzelmodul Next Level Systems NL FA 130 M - Bantam Wankm\u00fcller SA<\/title>\n<meta name=\"robots\" content=\"index, follow, max-snippet:-1, max-image-preview:large, max-video-preview:-1\" \/>\n<link rel=\"canonical\" href=\"https:\/\/shop.bantam.ch\/fr\/produit\/flat-air-solar-einzelmodul-next-level-systems-nl-fa-130-m\/\" \/>\n<meta property=\"og:locale\" content=\"fr_FR\" \/>\n<meta property=\"og:type\" content=\"article\" \/>\n<meta property=\"og:title\" content=\"Flat Air Solar-Einzelmodul Next Level Systems NL FA 130 M - Bantam Wankm\u00fcller SA\" \/>\n<meta property=\"og:description\" content=\"Le module monocristallin haute performance de 130 Wp est int\u00e9gr\u00e9 dans un cadre de montage extr\u00eamement plat et l\u00e9ger. Cette sous-construction en PU r\u00e9sistant aux intemp\u00e9ries est coll\u00e9e sans per\u00e7age sur le toit du v\u00e9hicule et garantit, gr\u00e2ce \u00e0 sa construction, une ventilation optimale par le dessous pour une hauteur de seulement 17 mm. Il [&hellip;]\" \/>\n<meta property=\"og:url\" content=\"https:\/\/shop.bantam.ch\/fr\/produit\/flat-air-solar-einzelmodul-next-level-systems-nl-fa-130-m\/\" \/>\n<meta property=\"og:site_name\" content=\"Bantam Wankm\u00fcller SA\" \/>\n<meta property=\"article:modified_time\" content=\"2026-04-21T21:54:21+00:00\" \/>\n<meta name=\"twitter:card\" content=\"summary_large_image\" \/>\n<meta name=\"twitter:label1\" content=\"Dur\u00e9e de lecture estim\u00e9e\" \/>\n\t<meta name=\"twitter:data1\" content=\"1 minute\" \/>\n<script type=\"application\/ld+json\" class=\"yoast-schema-graph\">{\"@context\":\"https:\\\/\\\/schema.org\",\"@graph\":[{\"@type\":\"WebPage\",\"@id\":\"https:\\\/\\\/shop.bantam.ch\\\/fr\\\/produit\\\/flat-air-solar-einzelmodul-next-level-systems-nl-fa-130-m\\\/\",\"url\":\"https:\\\/\\\/shop.bantam.ch\\\/fr\\\/produit\\\/flat-air-solar-einzelmodul-next-level-systems-nl-fa-130-m\\\/\",\"name\":\"Flat Air Solar-Einzelmodul Next Level Systems NL FA 130 M - Bantam Wankm\u00fcller SA\",\"isPartOf\":{\"@id\":\"https:\\\/\\\/shop.bantam.ch\\\/fr\\\/#website\"},\"primaryImageOfPage\":{\"@id\":\"https:\\\/\\\/shop.bantam.ch\\\/fr\\\/produit\\\/flat-air-solar-einzelmodul-next-level-systems-nl-fa-130-m\\\/#primaryimage\"},\"image\":{\"@id\":\"https:\\\/\\\/shop.bantam.ch\\\/fr\\\/produit\\\/flat-air-solar-einzelmodul-next-level-systems-nl-fa-130-m\\\/#primaryimage\"},\"thumbnailUrl\":\"https:\\\/\\\/shop.bantam.ch\\\/wp-content\\\/uploads\\\/2026\\\/01\\\/Movera-L-9964187100.jpg\",\"datePublished\":\"2026-01-06T14:58:47+00:00\",\"dateModified\":\"2026-04-21T21:54:21+00:00\",\"breadcrumb\":{\"@id\":\"https:\\\/\\\/shop.bantam.ch\\\/fr\\\/produit\\\/flat-air-solar-einzelmodul-next-level-systems-nl-fa-130-m\\\/#breadcrumb\"},\"inLanguage\":\"fr-FR\",\"potentialAction\":[{\"@type\":\"ReadAction\",\"target\":[\"https:\\\/\\\/shop.bantam.ch\\\/fr\\\/produit\\\/flat-air-solar-einzelmodul-next-level-systems-nl-fa-130-m\\\/\"]}]},{\"@type\":\"ImageObject\",\"inLanguage\":\"fr-FR\",\"@id\":\"https:\\\/\\\/shop.bantam.ch\\\/fr\\\/produit\\\/flat-air-solar-einzelmodul-next-level-systems-nl-fa-130-m\\\/#primaryimage\",\"url\":\"https:\\\/\\\/shop.bantam.ch\\\/wp-content\\\/uploads\\\/2026\\\/01\\\/Movera-L-9964187100.jpg\",\"contentUrl\":\"https:\\\/\\\/shop.bantam.ch\\\/wp-content\\\/uploads\\\/2026\\\/01\\\/Movera-L-9964187100.jpg\",\"width\":640,\"height\":350},{\"@type\":\"BreadcrumbList\",\"@id\":\"https:\\\/\\\/shop.bantam.ch\\\/fr\\\/produit\\\/flat-air-solar-einzelmodul-next-level-systems-nl-fa-130-m\\\/#breadcrumb\",\"itemListElement\":[{\"@type\":\"ListItem\",\"position\":1,\"name\":\"Accueil\",\"item\":\"https:\\\/\\\/shop.bantam.ch\\\/fr\\\/\"},{\"@type\":\"ListItem\",\"position\":2,\"name\":\"Boutique\",\"item\":\"https:\\\/\\\/shop.bantam.ch\\\/fr\\\/boutique\\\/\"},{\"@type\":\"ListItem\",\"position\":3,\"name\":\"Flat Air Solar-Einzelmodul Next Level Systems NL FA 130 M\"}]},{\"@type\":\"WebSite\",\"@id\":\"https:\\\/\\\/shop.bantam.ch\\\/fr\\\/#website\",\"url\":\"https:\\\/\\\/shop.bantam.ch\\\/fr\\\/\",\"name\":\"Bantam Wankm\u00fcller SA\",\"description\":\"\",\"publisher\":{\"@id\":\"https:\\\/\\\/shop.bantam.ch\\\/fr\\\/#organization\"},\"inLanguage\":\"fr-FR\"},{\"@type\":\"Organization\",\"@id\":\"https:\\\/\\\/shop.bantam.ch\\\/fr\\\/#organization\",\"name\":\"Bantam Wankm\u00fcller SA\",\"url\":\"https:\\\/\\\/shop.bantam.ch\\\/fr\\\/\",\"logo\":{\"@type\":\"ImageObject\",\"inLanguage\":\"fr-FR\",\"@id\":\"https:\\\/\\\/shop.bantam.ch\\\/fr\\\/#\\\/schema\\\/logo\\\/image\\\/\",\"url\":\"https:\\\/\\\/shop.bantam.ch\\\/wp-content\\\/uploads\\\/2022\\\/12\\\/bantam-logo.png\",\"contentUrl\":\"https:\\\/\\\/shop.bantam.ch\\\/wp-content\\\/uploads\\\/2022\\\/12\\\/bantam-logo.png\",\"width\":320,\"height\":71,\"caption\":\"Bantam Wankm\u00fcller SA\"},\"image\":{\"@id\":\"https:\\\/\\\/shop.bantam.ch\\\/fr\\\/#\\\/schema\\\/logo\\\/image\\\/\"}}]}<\/script>\n<!-- \/ Yoast SEO plugin. -->","yoast_head_json":{"title":"Flat Air Solar-Einzelmodul Next Level Systems NL FA 130 M - Bantam Wankm\u00fcller SA","robots":{"index":"index","follow":"follow","max-snippet":"max-snippet:-1","max-image-preview":"max-image-preview:large","max-video-preview":"max-video-preview:-1"},"canonical":"https:\/\/shop.bantam.ch\/fr\/produit\/flat-air-solar-einzelmodul-next-level-systems-nl-fa-130-m\/","og_locale":"fr_FR","og_type":"article","og_title":"Flat Air Solar-Einzelmodul Next Level Systems NL FA 130 M - Bantam Wankm\u00fcller SA","og_description":"Le module monocristallin haute performance de 130 Wp est int\u00e9gr\u00e9 dans un cadre de montage extr\u00eamement plat et l\u00e9ger. Cette sous-construction en PU r\u00e9sistant aux intemp\u00e9ries est coll\u00e9e sans per\u00e7age sur le toit du v\u00e9hicule et garantit, gr\u00e2ce \u00e0 sa construction, une ventilation optimale par le dessous pour une hauteur de seulement 17 mm. Il [&hellip;]","og_url":"https:\/\/shop.bantam.ch\/fr\/produit\/flat-air-solar-einzelmodul-next-level-systems-nl-fa-130-m\/","og_site_name":"Bantam Wankm\u00fcller SA","article_modified_time":"2026-04-21T21:54:21+00:00","twitter_card":"summary_large_image","twitter_misc":{"Dur\u00e9e de lecture estim\u00e9e":"1 minute"},"schema":{"@context":"https:\/\/schema.org","@graph":[{"@type":"WebPage","@id":"https:\/\/shop.bantam.ch\/fr\/produit\/flat-air-solar-einzelmodul-next-level-systems-nl-fa-130-m\/","url":"https:\/\/shop.bantam.ch\/fr\/produit\/flat-air-solar-einzelmodul-next-level-systems-nl-fa-130-m\/","name":"Flat Air Solar-Einzelmodul Next Level Systems NL FA 130 M - Bantam Wankm\u00fcller SA","isPartOf":{"@id":"https:\/\/shop.bantam.ch\/fr\/#website"},"primaryImageOfPage":{"@id":"https:\/\/shop.bantam.ch\/fr\/produit\/flat-air-solar-einzelmodul-next-level-systems-nl-fa-130-m\/#primaryimage"},"image":{"@id":"https:\/\/shop.bantam.ch\/fr\/produit\/flat-air-solar-einzelmodul-next-level-systems-nl-fa-130-m\/#primaryimage"},"thumbnailUrl":"https:\/\/shop.bantam.ch\/wp-content\/uploads\/2026\/01\/Movera-L-9964187100.jpg","datePublished":"2026-01-06T14:58:47+00:00","dateModified":"2026-04-21T21:54:21+00:00","breadcrumb":{"@id":"https:\/\/shop.bantam.ch\/fr\/produit\/flat-air-solar-einzelmodul-next-level-systems-nl-fa-130-m\/#breadcrumb"},"inLanguage":"fr-FR","potentialAction":[{"@type":"ReadAction","target":["https:\/\/shop.bantam.ch\/fr\/produit\/flat-air-solar-einzelmodul-next-level-systems-nl-fa-130-m\/"]}]},{"@type":"ImageObject","inLanguage":"fr-FR","@id":"https:\/\/shop.bantam.ch\/fr\/produit\/flat-air-solar-einzelmodul-next-level-systems-nl-fa-130-m\/#primaryimage","url":"https:\/\/shop.bantam.ch\/wp-content\/uploads\/2026\/01\/Movera-L-9964187100.jpg","contentUrl":"https:\/\/shop.bantam.ch\/wp-content\/uploads\/2026\/01\/Movera-L-9964187100.jpg","width":640,"height":350},{"@type":"BreadcrumbList","@id":"https:\/\/shop.bantam.ch\/fr\/produit\/flat-air-solar-einzelmodul-next-level-systems-nl-fa-130-m\/#breadcrumb","itemListElement":[{"@type":"ListItem","position":1,"name":"Accueil","item":"https:\/\/shop.bantam.ch\/fr\/"},{"@type":"ListItem","position":2,"name":"Boutique","item":"https:\/\/shop.bantam.ch\/fr\/boutique\/"},{"@type":"ListItem","position":3,"name":"Flat Air Solar-Einzelmodul Next Level Systems NL FA 130 M"}]},{"@type":"WebSite","@id":"https:\/\/shop.bantam.ch\/fr\/#website","url":"https:\/\/shop.bantam.ch\/fr\/","name":"Bantam Wankm\u00fcller SA","description":"","publisher":{"@id":"https:\/\/shop.bantam.ch\/fr\/#organization"},"inLanguage":"fr-FR"},{"@type":"Organization","@id":"https:\/\/shop.bantam.ch\/fr\/#organization","name":"Bantam Wankm\u00fcller SA","url":"https:\/\/shop.bantam.ch\/fr\/","logo":{"@type":"ImageObject","inLanguage":"fr-FR","@id":"https:\/\/shop.bantam.ch\/fr\/#\/schema\/logo\/image\/","url":"https:\/\/shop.bantam.ch\/wp-content\/uploads\/2022\/12\/bantam-logo.png","contentUrl":"https:\/\/shop.bantam.ch\/wp-content\/uploads\/2022\/12\/bantam-logo.png","width":320,"height":71,"caption":"Bantam Wankm\u00fcller SA"},"image":{"@id":"https:\/\/shop.bantam.ch\/fr\/#\/schema\/logo\/image\/"}}]}},"_links":{"self":[{"href":"https:\/\/shop.bantam.ch\/fr\/wp-json\/wp\/v2\/product\/228641","targetHints":{"allow":["GET"]}}],"collection":[{"href":"https:\/\/shop.bantam.ch\/fr\/wp-json\/wp\/v2\/product"}],"about":[{"href":"https:\/\/shop.bantam.ch\/fr\/wp-json\/wp\/v2\/types\/product"}],"wp:featuredmedia":[{"embeddable":true,"href":"https:\/\/shop.bantam.ch\/fr\/wp-json\/wp\/v2\/media\/228637"}],"wp:attachment":[{"href":"https:\/\/shop.bantam.ch\/fr\/wp-json\/wp\/v2\/media?parent=228641"}],"wp:term":[{"taxonomy":"product_featured_cat","embeddable":true,"href":"https:\/\/shop.bantam.ch\/fr\/wp-json\/wp\/v2\/product_featured_cat?post=228641"},{"taxonomy":"product_brand","embeddable":true,"href":"https:\/\/shop.bantam.ch\/fr\/wp-json\/wp\/v2\/product_brand?post=228641"},{"taxonomy":"product_cat","embeddable":true,"href":"https:\/\/shop.bantam.ch\/fr\/wp-json\/wp\/v2\/product_cat?post=228641"},{"taxonomy":"product_tag","embeddable":true,"href":"https:\/\/shop.bantam.ch\/fr\/wp-json\/wp\/v2\/product_tag?post=228641"}],"curies":[{"name":"wp","href":"https:\/\/api.w.org\/{rel}","templated":true}]}}